{"id":166015,"date":"2024-10-29T00:25:30","date_gmt":"2024-10-28T23:25:30","guid":{"rendered":"https:\/\/endormoonstore.com\/jimmy-lee-double-dragon-deluxe-action-figure\/"},"modified":"2024-11-01T21:49:30","modified_gmt":"2024-11-01T20:49:30","slug":"jimmy-lee-double-dragon-deluxe-action-figure","status":"publish","type":"product","link":"https:\/\/endormoonstore.com\/en\/jimmy-lee-double-dragon-deluxe-action-figure\/","title":{"rendered":"Jimmy Lee Double Dragon Deluxe Action Figure"},"content":{"rendered":"<p class=\"p1\"><strong>Jimmy Lee Double Dragon Deluxe Action Figure<\/strong><\/p>\n<ul class=\"ul1\">\n<li class=\"li1\">Prep\u00e1rate para llevar la lucha. Entra en el mundo de los juegos retro con esta exclusiva figura de acci\u00f3n de Jimmy Lee Deluxe, parte de la primera l\u00ednea de figuras de acci\u00f3n <i>Double Dragon<\/i>.<\/li>\n<li class=\"li1\">Celebra la ic\u00f3nica serie de lucha que ayud\u00f3 a definir una era de los juegos arcade con esta figura totalmente articulada y sumamente detallada. Lista para enfrentarse a cualquier rival, la imponente figura de Jimmy mide unos 18 cm de alto.<\/li>\n<li class=\"li1\">Desde su debut en 1987, Double Dragon\u00a0se ha convertido en una franquicia legendaria en el mundo de los videojuegos, estableciendo el est\u00e1ndar para el juego cooperativo de desplazamiento lateral.<\/li>\n<li class=\"li1\">La misi\u00f3n de los hermanos Lee para salvar a Marian de las garras de una brutal pandilla callejera ha emocionado a los fan\u00e1ticos durante d\u00e9cadas. Ahora, por primera vez, puedes llevar toda la acci\u00f3n a tu colecci\u00f3n.<\/li>\n<li class=\"li1\">La figura viene en una caja con ventana ideal para coleccionistas. Esta figura de acci\u00f3n es imprescindible para cualquiera que quiera enfrentarse a los Black Shadow Warriors.<\/li>\n<\/ul>\n<h4>Contenido de la caja:<\/h4>\n<ul class=\"ul1\">\n<li>Incluye un par de manos que sujetan accesorios, un par de pu\u00f1o, un par de manos que agarran, un par de manos abiertas, dos cuchillos, un cartucho de dinamita, un bate de b\u00e9isbol y un barril de metal.<\/li>\n<\/ul>\n","protected":false},"excerpt":{"rendered":"<p class=\"p1\"><strong>Jimmy Lee Double Dragon Deluxe Action Figure<\/strong><\/p>\n<p class=\"p1\">Prep\u00e1rate para llevar la lucha. Entra en el mundo de los juegos retro con esta exclusiva figura de acci\u00f3n de Jimmy Lee Deluxe, parte de la primera l\u00ednea de figuras de acci\u00f3n <i>Double Dragon<\/i>.<\/p>\n","protected":false},"featured_media":165990,"template":"","meta":{"_acf_changed":false,"_kad_blocks_custom_css":"","_kad_blocks_head_custom_js":"","_kad_blocks_body_custom_js":"","_kad_blocks_footer_custom_js":""},"product_cat":[1384],"product_tag":[],"class_list":{"0":"post-166015","1":"product","2":"type-product","3":"status-publish","4":"has-post-thumbnail","6":"product_cat-pre-orders","7":"pa_brand-syndicate-collectibles-en","8":"pa_character-jimmy-lee-en","9":"pa_license-double-dragon-en","10":"pa_product-type-figure","11":"pa_theme-deluxe-action-figure-en","13":"first","14":"instock","15":"taxable","16":"shipping-taxable","17":"purchasable","18":"product-type-simple"},"acf":[],"yoast_head":"<!-- This site is optimized with the Yoast SEO plugin v26.1.1 - https:\/\/yoast.com\/wordpress\/plugins\/seo\/ -->\n<title>Jimmy Lee Double Dragon Deluxe Action Figure - EndormoonStore<\/title>\n<meta name=\"robots\" content=\"index, follow, max-snippet:-1, max-image-preview:large, max-video-preview:-1\" \/>\n<link rel=\"canonical\" href=\"https:\/\/endormoonstore.com\/en\/jimmy-lee-double-dragon-deluxe-action-figure\/\" \/>\n<meta property=\"og:locale\" content=\"en_US\" \/>\n<meta property=\"og:type\" content=\"article\" \/>\n<meta property=\"og:title\" content=\"Jimmy Lee Double Dragon Deluxe Action Figure - EndormoonStore\" \/>\n<meta property=\"og:description\" content=\"Jimmy Lee Double Dragon Deluxe Action Figure Prep\u00e1rate para llevar la lucha. Entra en el mundo de los juegos retro con esta exclusiva figura de acci\u00f3n de Jimmy Lee Deluxe, parte de la primera l\u00ednea de figuras de acci\u00f3n Double Dragon.\" \/>\n<meta property=\"og:url\" content=\"https:\/\/endormoonstore.com\/en\/jimmy-lee-double-dragon-deluxe-action-figure\/\" \/>\n<meta property=\"og:site_name\" content=\"EndormoonStore\" \/>\n<meta property=\"article:modified_time\" content=\"2024-11-01T20:49:30+00:00\" \/>\n<meta property=\"og:image\" content=\"https:\/\/endormoonstore.com\/wp-content\/uploads\/2024\/11\/Jimmy-Lee-Double-Dragon-Deluxe-Action-Figure-1.jpg\" \/>\n\t<meta property=\"og:image:width\" content=\"1000\" \/>\n\t<meta property=\"og:image:height\" content=\"1000\" \/>\n\t<meta property=\"og:image:type\" content=\"image\/jpeg\" \/>\n<meta name=\"twitter:card\" content=\"summary_large_image\" \/>\n<meta name=\"twitter:label1\" content=\"Est. reading time\" \/>\n\t<meta name=\"twitter:data1\" content=\"2 minutes\" \/>\n<script type=\"application\/ld+json\" class=\"yoast-schema-graph\">{\"@context\":\"https:\/\/schema.org\",\"@graph\":[{\"@type\":\"WebPage\",\"@id\":\"https:\/\/endormoonstore.com\/en\/jimmy-lee-double-dragon-deluxe-action-figure\/\",\"url\":\"https:\/\/endormoonstore.com\/en\/jimmy-lee-double-dragon-deluxe-action-figure\/\",\"name\":\"Jimmy Lee Double Dragon Deluxe Action Figure - EndormoonStore\",\"isPartOf\":{\"@id\":\"https:\/\/endormoonstore.com\/#website\"},\"primaryImageOfPage\":{\"@id\":\"https:\/\/endormoonstore.com\/en\/jimmy-lee-double-dragon-deluxe-action-figure\/#primaryimage\"},\"image\":{\"@id\":\"https:\/\/endormoonstore.com\/en\/jimmy-lee-double-dragon-deluxe-action-figure\/#primaryimage\"},\"thumbnailUrl\":\"https:\/\/endormoonstore.com\/wp-content\/uploads\/2024\/11\/Jimmy-Lee-Double-Dragon-Deluxe-Action-Figure-1.jpg\",\"datePublished\":\"2024-10-28T23:25:30+00:00\",\"dateModified\":\"2024-11-01T20:49:30+00:00\",\"breadcrumb\":{\"@id\":\"https:\/\/endormoonstore.com\/en\/jimmy-lee-double-dragon-deluxe-action-figure\/#breadcrumb\"},\"inLanguage\":\"en-US\",\"potentialAction\":[{\"@type\":\"ReadAction\",\"target\":[\"https:\/\/endormoonstore.com\/en\/jimmy-lee-double-dragon-deluxe-action-figure\/\"]}]},{\"@type\":\"ImageObject\",\"inLanguage\":\"en-US\",\"@id\":\"https:\/\/endormoonstore.com\/en\/jimmy-lee-double-dragon-deluxe-action-figure\/#primaryimage\",\"url\":\"https:\/\/endormoonstore.com\/wp-content\/uploads\/2024\/11\/Jimmy-Lee-Double-Dragon-Deluxe-Action-Figure-1.jpg\",\"contentUrl\":\"https:\/\/endormoonstore.com\/wp-content\/uploads\/2024\/11\/Jimmy-Lee-Double-Dragon-Deluxe-Action-Figure-1.jpg\",\"width\":1000,\"height\":1000},{\"@type\":\"BreadcrumbList\",\"@id\":\"https:\/\/endormoonstore.com\/en\/jimmy-lee-double-dragon-deluxe-action-figure\/#breadcrumb\",\"itemListElement\":[{\"@type\":\"ListItem\",\"position\":1,\"name\":\"Shop\",\"item\":\"https:\/\/endormoonstore.com\/en\/shop\/\"},{\"@type\":\"ListItem\",\"position\":2,\"name\":\"Jimmy Lee Double Dragon Deluxe Action Figure\"}]},{\"@type\":\"WebSite\",\"@id\":\"https:\/\/endormoonstore.com\/#website\",\"url\":\"https:\/\/endormoonstore.com\/\",\"name\":\"EndormoonStore\",\"description\":\"\",\"potentialAction\":[{\"@type\":\"SearchAction\",\"target\":{\"@type\":\"EntryPoint\",\"urlTemplate\":\"https:\/\/endormoonstore.com\/?s={search_term_string}\"},\"query-input\":{\"@type\":\"PropertyValueSpecification\",\"valueRequired\":true,\"valueName\":\"search_term_string\"}}],\"inLanguage\":\"en-US\"}]}<\/script>\n<!-- \/ Yoast SEO plugin. -->","yoast_head_json":{"title":"Jimmy Lee Double Dragon Deluxe Action Figure - EndormoonStore","robots":{"index":"index","follow":"follow","max-snippet":"max-snippet:-1","max-image-preview":"max-image-preview:large","max-video-preview":"max-video-preview:-1"},"canonical":"https:\/\/endormoonstore.com\/en\/jimmy-lee-double-dragon-deluxe-action-figure\/","og_locale":"en_US","og_type":"article","og_title":"Jimmy Lee Double Dragon Deluxe Action Figure - EndormoonStore","og_description":"Jimmy Lee Double Dragon Deluxe Action Figure Prep\u00e1rate para llevar la lucha. Entra en el mundo de los juegos retro con esta exclusiva figura de acci\u00f3n de Jimmy Lee Deluxe, parte de la primera l\u00ednea de figuras de acci\u00f3n Double Dragon.","og_url":"https:\/\/endormoonstore.com\/en\/jimmy-lee-double-dragon-deluxe-action-figure\/","og_site_name":"EndormoonStore","article_modified_time":"2024-11-01T20:49:30+00:00","og_image":[{"width":1000,"height":1000,"url":"https:\/\/endormoonstore.com\/wp-content\/uploads\/2024\/11\/Jimmy-Lee-Double-Dragon-Deluxe-Action-Figure-1.jpg","type":"image\/jpeg"}],"twitter_card":"summary_large_image","twitter_misc":{"Est. reading time":"2 minutes"},"schema":{"@context":"https:\/\/schema.org","@graph":[{"@type":"WebPage","@id":"https:\/\/endormoonstore.com\/en\/jimmy-lee-double-dragon-deluxe-action-figure\/","url":"https:\/\/endormoonstore.com\/en\/jimmy-lee-double-dragon-deluxe-action-figure\/","name":"Jimmy Lee Double Dragon Deluxe Action Figure - EndormoonStore","isPartOf":{"@id":"https:\/\/endormoonstore.com\/#website"},"primaryImageOfPage":{"@id":"https:\/\/endormoonstore.com\/en\/jimmy-lee-double-dragon-deluxe-action-figure\/#primaryimage"},"image":{"@id":"https:\/\/endormoonstore.com\/en\/jimmy-lee-double-dragon-deluxe-action-figure\/#primaryimage"},"thumbnailUrl":"https:\/\/endormoonstore.com\/wp-content\/uploads\/2024\/11\/Jimmy-Lee-Double-Dragon-Deluxe-Action-Figure-1.jpg","datePublished":"2024-10-28T23:25:30+00:00","dateModified":"2024-11-01T20:49:30+00:00","breadcrumb":{"@id":"https:\/\/endormoonstore.com\/en\/jimmy-lee-double-dragon-deluxe-action-figure\/#breadcrumb"},"inLanguage":"en-US","potentialAction":[{"@type":"ReadAction","target":["https:\/\/endormoonstore.com\/en\/jimmy-lee-double-dragon-deluxe-action-figure\/"]}]},{"@type":"ImageObject","inLanguage":"en-US","@id":"https:\/\/endormoonstore.com\/en\/jimmy-lee-double-dragon-deluxe-action-figure\/#primaryimage","url":"https:\/\/endormoonstore.com\/wp-content\/uploads\/2024\/11\/Jimmy-Lee-Double-Dragon-Deluxe-Action-Figure-1.jpg","contentUrl":"https:\/\/endormoonstore.com\/wp-content\/uploads\/2024\/11\/Jimmy-Lee-Double-Dragon-Deluxe-Action-Figure-1.jpg","width":1000,"height":1000},{"@type":"BreadcrumbList","@id":"https:\/\/endormoonstore.com\/en\/jimmy-lee-double-dragon-deluxe-action-figure\/#breadcrumb","itemListElement":[{"@type":"ListItem","position":1,"name":"Shop","item":"https:\/\/endormoonstore.com\/en\/shop\/"},{"@type":"ListItem","position":2,"name":"Jimmy Lee Double Dragon Deluxe Action Figure"}]},{"@type":"WebSite","@id":"https:\/\/endormoonstore.com\/#website","url":"https:\/\/endormoonstore.com\/","name":"EndormoonStore","description":"","potentialAction":[{"@type":"SearchAction","target":{"@type":"EntryPoint","urlTemplate":"https:\/\/endormoonstore.com\/?s={search_term_string}"},"query-input":{"@type":"PropertyValueSpecification","valueRequired":true,"valueName":"search_term_string"}}],"inLanguage":"en-US"}]}},"taxonomy_info":{"product_cat":[{"value":1384,"label":"Pre-orders"}],"pa_brand":[{"value":14947,"label":"Syndicate Collectibles"}],"pa_character":[{"value":14943,"label":"Jimmy Lee"}],"pa_license":[{"value":14939,"label":"Double Dragon"}],"pa_product-type":[{"value":2387,"label":"Figure"}],"pa_theme":[{"value":3761,"label":"Deluxe Action Figure"}]},"featured_image_src_large":["https:\/\/endormoonstore.com\/wp-content\/uploads\/2024\/11\/Jimmy-Lee-Double-Dragon-Deluxe-Action-Figure-1.jpg",1000,1000,false],"author_info":[],"comment_info":"","_links":{"self":[{"href":"https:\/\/endormoonstore.com\/en\/wp-json\/wp\/v2\/product\/166015","targetHints":{"allow":["GET"]}}],"collection":[{"href":"https:\/\/endormoonstore.com\/en\/wp-json\/wp\/v2\/product"}],"about":[{"href":"https:\/\/endormoonstore.com\/en\/wp-json\/wp\/v2\/types\/product"}],"wp:featuredmedia":[{"embeddable":true,"href":"https:\/\/endormoonstore.com\/en\/wp-json\/wp\/v2\/media\/165990"}],"wp:attachment":[{"href":"https:\/\/endormoonstore.com\/en\/wp-json\/wp\/v2\/media?parent=166015"}],"wp:term":[{"taxonomy":"product_cat","embeddable":true,"href":"https:\/\/endormoonstore.com\/en\/wp-json\/wp\/v2\/product_cat?post=166015"},{"taxonomy":"product_tag","embeddable":true,"href":"https:\/\/endormoonstore.com\/en\/wp-json\/wp\/v2\/product_tag?post=166015"}],"curies":[{"name":"wp","href":"https:\/\/api.w.org\/{rel}","templated":true}]}}