{"id":165918,"date":"2025-05-29T00:10:23","date_gmt":"2025-05-28T22:10:23","guid":{"rendered":"https:\/\/endormoonstore.com\/star-wars-the-black-series-star-wars-attack-of-the-clones-luminara-unduli\/"},"modified":"2025-06-12T12:36:44","modified_gmt":"2025-06-12T10:36:44","slug":"star-wars-the-black-series-star-wars-attack-of-the-clones-luminara-unduli","status":"publish","type":"product","link":"https:\/\/endormoonstore.com\/en\/star-wars-the-black-series-star-wars-attack-of-the-clones-luminara-unduli\/","title":{"rendered":"Star Wars The Black Series Star Wars: Attack of the Clones Luminara Unduli"},"content":{"rendered":"<h4 data-sourcepos=\"9:1-9:82\"><strong>Luminara Unduli Attack Clones: La Sabia Maestra Jedi de la Guerra de los Clones<\/strong><\/h4>\n<ul>\n<li data-sourcepos=\"11:1-11:746\">\u00a1Prep\u00e1rate para la acci\u00f3n! A\u00f1ade a tu colecci\u00f3n la formidable figura de Luminara Unduli Attack Clones de la Black Series. Esta figura, en primer lugar, encarna la valent\u00eda y la sabidur\u00eda de una de las Maestras Jedi m\u00e1s respetadas de <em>Star Wars<\/em>. Directamente desde <em>Star Wars: El Ataque de los Clones<\/em>, esta figura de 15 cm captura a la Maestra Jedi Mirialan de piel verde. Por lo tanto, Luminara Unduli Attack Clones se presenta con su atuendo de la pel\u00edcula, lista para liderar en las batallas de la Guerra de los Clones. Luch\u00f3, por ejemplo, en Geonosis o Kashyyyk. Por consiguiente, esta pieza es un excelente regalo para coleccionistas y fans a partir de 4 a\u00f1os. Adem\u00e1s, rinde homenaje al cl\u00e1sico <em>Star Wars: El Ataque de los Clones<\/em>.<\/li>\n<\/ul>\n<h4 data-sourcepos=\"13:1-13:43\"><strong>Dise\u00f1o Premium y Articulaci\u00f3n Detallada<\/strong><\/h4>\n<ul>\n<li data-sourcepos=\"15:1-15:482\">Esta figura de Luminara Unduli de la Black Series, por otro lado, presenta un dise\u00f1o y detalles premium. Est\u00e1n, de hecho, inspirados directamente en la pel\u00edcula. Incluye, asimismo, su caracter\u00edstico sable de luz verde. Del mismo modo, cuenta con m\u00faltiples puntos de articulaci\u00f3n en cabeza, brazos y piernas. Esta figura, as\u00ed pues, te permite recrear poses din\u00e1micas. Puedes, por ejemplo, exhibir a Luminara Unduli en toda su gloria Jedi. Refleja, adem\u00e1s, su agilidad en combate.<\/li>\n<\/ul>\n<h4 data-sourcepos=\"17:1-17:49\">Calidad de Colecci\u00f3n y Embalaje de Exhibici\u00f3n<\/h4>\n<ul>\n<li data-sourcepos=\"19:1-19:361\">Fabricada con pl\u00e1stico de alta calidad, esta figura garantiza durabilidad. Tambi\u00e9n ofrece un acabado excepcional. El embalaje tipo caja con ventana, por ende, es ideal para coleccionistas. De hecho, te permite exhibir tu afici\u00f3n y nostalgia por <em>Star Wars<\/em> en tu colecci\u00f3n. Sus elegantes embalajes, por \u00faltimo, cuentan con un dise\u00f1o inspirado en los personajes.<\/li>\n<li data-sourcepos=\"21:1-21:202\">\u00a1No dejes escapar esta oportunidad! Completa tu colecci\u00f3n de <em>Star Wars<\/em>. Revive, adem\u00e1s, las emocionantes batallas de la Rep\u00fablica con esta incre\u00edble figura de Luminara Unduli. \u00a1Consigue la tuya ahora!<\/li>\n<\/ul>\n<h4 class=\"p1\"><b>Sobre Hasbro y su l\u00ednea de productos Star Wars<\/b><\/h4>\n<p class=\"p1\">Hasbro es una empresa l\u00edder en la fabricaci\u00f3n de productos de entretenimiento y coleccionables. Su l\u00ednea de productos <a href=\"https:\/\/endormoonstore.com\/licencia\/star-wars\/\"><strong>Star Wars<\/strong><\/a> incluye:<\/p>\n<ul class=\"ul1\">\n<li class=\"li1\"><a href=\"https:\/\/endormoonstore.com\/tematica\/the-black-series\/\"><b>The Black Series<\/b><\/a>: Esta colecci\u00f3n incluye figuras de acci\u00f3n de 6 pulgadas (aproximadamente 15 cm), cascos a escala 1:1 y sables de luz Force FX. Los productos de esta l\u00ednea est\u00e1n dise\u00f1ados con detalles premium y m\u00faltiples puntos de articulaci\u00f3n. Son ideales para coleccionistas y fans de todas las edades. Adem\u00e1s, The Black Series destaca por su alta calidad y precisi\u00f3n en la representaci\u00f3n de personajes y objetos del universo Star Wars.<\/li>\n<li class=\"li1\"><a href=\"https:\/\/endormoonstore.com\/tematica\/the-vintage-collection\/\"><b>The Vintage Collection<\/b>:<\/a> Esta l\u00ednea presenta figuras de 3.75 pulgadas (aproximadamente 9,5 cm) con detalles y dise\u00f1o inspirados en la l\u00ednea original de juguetes de Kenner. Igualmente, incluye veh\u00edculos y dioramas altamente detallados que evocan la nostalgia de los fans de Star Wars. The Vintage Collection destaca por su fidelidad a los dise\u00f1os cl\u00e1sicos y su capacidad para capturar la esencia de la saga original.<\/li>\n<li class=\"li1\"><a href=\"https:\/\/endormoonstore.com\/tematica\/retro-collection\/\"><b>The Retro Collection<\/b>:<\/a> Esta l\u00ednea recrea las figuras originales de Star Wars de los a\u00f1os 70 y 80, con un dise\u00f1o y detalles inspirados en los juguetes de Kenner de esa \u00e9poca. Las figuras de 3.75 pulgadas (aproximadamente 9,5 cm) tienen 5 puntos de articulaci\u00f3n y son muy populares entre los que buscan un toque de nostalgia.<\/li>\n<\/ul>\n","protected":false},"excerpt":{"rendered":"<h4 data-sourcepos=\"9:1-9:82\"><strong>Luminara Unduli Attack Clones: La Sabia Maestra Jedi de la Guerra de los Clones<\/strong><\/h4>\n<p>\u00a1Prep\u00e1rate para la acci\u00f3n! A\u00f1ade a tu colecci\u00f3n la formidable figura de Luminara Unduli Attack Clones de la Black Series. Esta figura, en primer lugar, encarna la valent\u00eda y la sabidur\u00eda de una de las Maestras Jedi m\u00e1s respetadas de <em>Star Wars<\/em>. Directamente desde <em>Star Wars: El Ataque de los Clones<\/em>, esta figura de 15 cm captura a la Maestra Jedi Mirialan de piel verde.<\/p>\n","protected":false},"featured_media":165902,"template":"","meta":{"_acf_changed":false,"_kad_blocks_custom_css":"","_kad_blocks_head_custom_js":"","_kad_blocks_body_custom_js":"","_kad_blocks_footer_custom_js":""},"product_cat":[1390,13511],"product_tag":[],"class_list":{"0":"post-165918","1":"product","2":"type-product","3":"status-publish","4":"has-post-thumbnail","6":"product_cat-figures","7":"product_cat-new-arrivals","8":"pa_brand-hasbro-en","9":"pa_character-luminara-unduli-en","10":"pa_episode-star-wars-attack-of-the-clones","11":"pa_license-star-wars-en","12":"pa_product-type-figure","13":"pa_theme-the-black-series-en","15":"first","16":"instock","17":"taxable","18":"shipping-taxable","19":"purchasable","20":"product-type-simple"},"acf":[],"yoast_head":"<!-- This site is optimized with the Yoast SEO plugin v26.1.1 - https:\/\/yoast.com\/wordpress\/plugins\/seo\/ -->\n<title>Star Wars The Black Series Star Wars: Attack of the Clones Luminara Unduli - EndormoonStore<\/title>\n<meta name=\"description\" content=\"Luminara Unduli Attack Clones S.H.Figuarts: Maestra Jedi. Detalles premium, articulaci\u00f3n y calidad de colecci\u00f3n. \u00a1Cons\u00edguela ya!\" \/>\n<meta name=\"robots\" content=\"index, follow, max-snippet:-1, max-image-preview:large, max-video-preview:-1\" \/>\n<link rel=\"canonical\" href=\"https:\/\/endormoonstore.com\/en\/star-wars-the-black-series-star-wars-attack-of-the-clones-luminara-unduli\/\" \/>\n<meta property=\"og:locale\" content=\"en_US\" \/>\n<meta property=\"og:type\" content=\"article\" \/>\n<meta property=\"og:title\" content=\"Star Wars The Black Series Star Wars: Attack of the Clones Luminara Unduli - EndormoonStore\" \/>\n<meta property=\"og:description\" content=\"Luminara Unduli Attack Clones S.H.Figuarts: Maestra Jedi. Detalles premium, articulaci\u00f3n y calidad de colecci\u00f3n. \u00a1Cons\u00edguela ya!\" \/>\n<meta property=\"og:url\" content=\"https:\/\/endormoonstore.com\/en\/star-wars-the-black-series-star-wars-attack-of-the-clones-luminara-unduli\/\" \/>\n<meta property=\"og:site_name\" content=\"EndormoonStore\" \/>\n<meta property=\"article:modified_time\" content=\"2025-06-12T10:36:44+00:00\" \/>\n<meta property=\"og:image\" content=\"https:\/\/endormoonstore.com\/wp-content\/uploads\/2024\/10\/Star-Wars-The-Black-Series-Star-Wars-Attack-of-the-Clones-Luminara-Unduli-1.jpg\" \/>\n\t<meta property=\"og:image:width\" content=\"1000\" \/>\n\t<meta property=\"og:image:height\" content=\"1000\" \/>\n\t<meta property=\"og:image:type\" content=\"image\/jpeg\" \/>\n<meta name=\"twitter:card\" content=\"summary_large_image\" \/>\n<meta name=\"twitter:label1\" content=\"Est. reading time\" \/>\n\t<meta name=\"twitter:data1\" content=\"3 minutes\" \/>\n<script type=\"application\/ld+json\" class=\"yoast-schema-graph\">{\"@context\":\"https:\/\/schema.org\",\"@graph\":[{\"@type\":\"WebPage\",\"@id\":\"https:\/\/endormoonstore.com\/en\/star-wars-the-black-series-star-wars-attack-of-the-clones-luminara-unduli\/\",\"url\":\"https:\/\/endormoonstore.com\/en\/star-wars-the-black-series-star-wars-attack-of-the-clones-luminara-unduli\/\",\"name\":\"Star Wars The Black Series Star Wars: Attack of the Clones Luminara Unduli - EndormoonStore\",\"isPartOf\":{\"@id\":\"https:\/\/endormoonstore.com\/#website\"},\"primaryImageOfPage\":{\"@id\":\"https:\/\/endormoonstore.com\/en\/star-wars-the-black-series-star-wars-attack-of-the-clones-luminara-unduli\/#primaryimage\"},\"image\":{\"@id\":\"https:\/\/endormoonstore.com\/en\/star-wars-the-black-series-star-wars-attack-of-the-clones-luminara-unduli\/#primaryimage\"},\"thumbnailUrl\":\"https:\/\/endormoonstore.com\/wp-content\/uploads\/2024\/10\/Star-Wars-The-Black-Series-Star-Wars-Attack-of-the-Clones-Luminara-Unduli-1.jpg\",\"datePublished\":\"2025-05-28T22:10:23+00:00\",\"dateModified\":\"2025-06-12T10:36:44+00:00\",\"description\":\"Luminara Unduli Attack Clones S.H.Figuarts: Maestra Jedi. Detalles premium, articulaci\u00f3n y calidad de colecci\u00f3n. \u00a1Cons\u00edguela ya!\",\"breadcrumb\":{\"@id\":\"https:\/\/endormoonstore.com\/en\/star-wars-the-black-series-star-wars-attack-of-the-clones-luminara-unduli\/#breadcrumb\"},\"inLanguage\":\"en-US\",\"potentialAction\":[{\"@type\":\"ReadAction\",\"target\":[\"https:\/\/endormoonstore.com\/en\/star-wars-the-black-series-star-wars-attack-of-the-clones-luminara-unduli\/\"]}]},{\"@type\":\"ImageObject\",\"inLanguage\":\"en-US\",\"@id\":\"https:\/\/endormoonstore.com\/en\/star-wars-the-black-series-star-wars-attack-of-the-clones-luminara-unduli\/#primaryimage\",\"url\":\"https:\/\/endormoonstore.com\/wp-content\/uploads\/2024\/10\/Star-Wars-The-Black-Series-Star-Wars-Attack-of-the-Clones-Luminara-Unduli-1.jpg\",\"contentUrl\":\"https:\/\/endormoonstore.com\/wp-content\/uploads\/2024\/10\/Star-Wars-The-Black-Series-Star-Wars-Attack-of-the-Clones-Luminara-Unduli-1.jpg\",\"width\":1000,\"height\":1000,\"caption\":\"La Maestra Jedi Luminara Unduli en su figura de Star Wars The Black Series.\"},{\"@type\":\"BreadcrumbList\",\"@id\":\"https:\/\/endormoonstore.com\/en\/star-wars-the-black-series-star-wars-attack-of-the-clones-luminara-unduli\/#breadcrumb\",\"itemListElement\":[{\"@type\":\"ListItem\",\"position\":1,\"name\":\"Shop\",\"item\":\"https:\/\/endormoonstore.com\/en\/shop\/\"},{\"@type\":\"ListItem\",\"position\":2,\"name\":\"Star Wars The Black Series Star Wars: Attack of the Clones Luminara Unduli\"}]},{\"@type\":\"WebSite\",\"@id\":\"https:\/\/endormoonstore.com\/#website\",\"url\":\"https:\/\/endormoonstore.com\/\",\"name\":\"EndormoonStore\",\"description\":\"\",\"potentialAction\":[{\"@type\":\"SearchAction\",\"target\":{\"@type\":\"EntryPoint\",\"urlTemplate\":\"https:\/\/endormoonstore.com\/?s={search_term_string}\"},\"query-input\":{\"@type\":\"PropertyValueSpecification\",\"valueRequired\":true,\"valueName\":\"search_term_string\"}}],\"inLanguage\":\"en-US\"}]}<\/script>\n<!-- \/ Yoast SEO plugin. -->","yoast_head_json":{"title":"Star Wars The Black Series Star Wars: Attack of the Clones Luminara Unduli - EndormoonStore","description":"Luminara Unduli Attack Clones S.H.Figuarts: Maestra Jedi. Detalles premium, articulaci\u00f3n y calidad de colecci\u00f3n. \u00a1Cons\u00edguela ya!","robots":{"index":"index","follow":"follow","max-snippet":"max-snippet:-1","max-image-preview":"max-image-preview:large","max-video-preview":"max-video-preview:-1"},"canonical":"https:\/\/endormoonstore.com\/en\/star-wars-the-black-series-star-wars-attack-of-the-clones-luminara-unduli\/","og_locale":"en_US","og_type":"article","og_title":"Star Wars The Black Series Star Wars: Attack of the Clones Luminara Unduli - EndormoonStore","og_description":"Luminara Unduli Attack Clones S.H.Figuarts: Maestra Jedi. Detalles premium, articulaci\u00f3n y calidad de colecci\u00f3n. \u00a1Cons\u00edguela ya!","og_url":"https:\/\/endormoonstore.com\/en\/star-wars-the-black-series-star-wars-attack-of-the-clones-luminara-unduli\/","og_site_name":"EndormoonStore","article_modified_time":"2025-06-12T10:36:44+00:00","og_image":[{"width":1000,"height":1000,"url":"https:\/\/endormoonstore.com\/wp-content\/uploads\/2024\/10\/Star-Wars-The-Black-Series-Star-Wars-Attack-of-the-Clones-Luminara-Unduli-1.jpg","type":"image\/jpeg"}],"twitter_card":"summary_large_image","twitter_misc":{"Est. reading time":"3 minutes"},"schema":{"@context":"https:\/\/schema.org","@graph":[{"@type":"WebPage","@id":"https:\/\/endormoonstore.com\/en\/star-wars-the-black-series-star-wars-attack-of-the-clones-luminara-unduli\/","url":"https:\/\/endormoonstore.com\/en\/star-wars-the-black-series-star-wars-attack-of-the-clones-luminara-unduli\/","name":"Star Wars The Black Series Star Wars: Attack of the Clones Luminara Unduli - EndormoonStore","isPartOf":{"@id":"https:\/\/endormoonstore.com\/#website"},"primaryImageOfPage":{"@id":"https:\/\/endormoonstore.com\/en\/star-wars-the-black-series-star-wars-attack-of-the-clones-luminara-unduli\/#primaryimage"},"image":{"@id":"https:\/\/endormoonstore.com\/en\/star-wars-the-black-series-star-wars-attack-of-the-clones-luminara-unduli\/#primaryimage"},"thumbnailUrl":"https:\/\/endormoonstore.com\/wp-content\/uploads\/2024\/10\/Star-Wars-The-Black-Series-Star-Wars-Attack-of-the-Clones-Luminara-Unduli-1.jpg","datePublished":"2025-05-28T22:10:23+00:00","dateModified":"2025-06-12T10:36:44+00:00","description":"Luminara Unduli Attack Clones S.H.Figuarts: Maestra Jedi. Detalles premium, articulaci\u00f3n y calidad de colecci\u00f3n. \u00a1Cons\u00edguela ya!","breadcrumb":{"@id":"https:\/\/endormoonstore.com\/en\/star-wars-the-black-series-star-wars-attack-of-the-clones-luminara-unduli\/#breadcrumb"},"inLanguage":"en-US","potentialAction":[{"@type":"ReadAction","target":["https:\/\/endormoonstore.com\/en\/star-wars-the-black-series-star-wars-attack-of-the-clones-luminara-unduli\/"]}]},{"@type":"ImageObject","inLanguage":"en-US","@id":"https:\/\/endormoonstore.com\/en\/star-wars-the-black-series-star-wars-attack-of-the-clones-luminara-unduli\/#primaryimage","url":"https:\/\/endormoonstore.com\/wp-content\/uploads\/2024\/10\/Star-Wars-The-Black-Series-Star-Wars-Attack-of-the-Clones-Luminara-Unduli-1.jpg","contentUrl":"https:\/\/endormoonstore.com\/wp-content\/uploads\/2024\/10\/Star-Wars-The-Black-Series-Star-Wars-Attack-of-the-Clones-Luminara-Unduli-1.jpg","width":1000,"height":1000,"caption":"La Maestra Jedi Luminara Unduli en su figura de Star Wars The Black Series."},{"@type":"BreadcrumbList","@id":"https:\/\/endormoonstore.com\/en\/star-wars-the-black-series-star-wars-attack-of-the-clones-luminara-unduli\/#breadcrumb","itemListElement":[{"@type":"ListItem","position":1,"name":"Shop","item":"https:\/\/endormoonstore.com\/en\/shop\/"},{"@type":"ListItem","position":2,"name":"Star Wars The Black Series Star Wars: Attack of the Clones Luminara Unduli"}]},{"@type":"WebSite","@id":"https:\/\/endormoonstore.com\/#website","url":"https:\/\/endormoonstore.com\/","name":"EndormoonStore","description":"","potentialAction":[{"@type":"SearchAction","target":{"@type":"EntryPoint","urlTemplate":"https:\/\/endormoonstore.com\/?s={search_term_string}"},"query-input":{"@type":"PropertyValueSpecification","valueRequired":true,"valueName":"search_term_string"}}],"inLanguage":"en-US"}]}},"taxonomy_info":{"product_cat":[{"value":1390,"label":"Figures"},{"value":13511,"label":"New Arrivals"}],"pa_brand":[{"value":2084,"label":"Hasbro"}],"pa_character":[{"value":8973,"label":"Luminara Unduli"}],"pa_episode":[{"value":2498,"label":"Star Wars: Attack of the Clones"}],"pa_license":[{"value":1644,"label":"Star Wars"}],"pa_product-type":[{"value":2387,"label":"Figure"}],"pa_theme":[{"value":2552,"label":"The Black Series"}]},"featured_image_src_large":["https:\/\/endormoonstore.com\/wp-content\/uploads\/2024\/10\/Star-Wars-The-Black-Series-Star-Wars-Attack-of-the-Clones-Luminara-Unduli-1.jpg",1000,1000,false],"author_info":[],"comment_info":"","_links":{"self":[{"href":"https:\/\/endormoonstore.com\/en\/wp-json\/wp\/v2\/product\/165918","targetHints":{"allow":["GET"]}}],"collection":[{"href":"https:\/\/endormoonstore.com\/en\/wp-json\/wp\/v2\/product"}],"about":[{"href":"https:\/\/endormoonstore.com\/en\/wp-json\/wp\/v2\/types\/product"}],"wp:featuredmedia":[{"embeddable":true,"href":"https:\/\/endormoonstore.com\/en\/wp-json\/wp\/v2\/media\/165902"}],"wp:attachment":[{"href":"https:\/\/endormoonstore.com\/en\/wp-json\/wp\/v2\/media?parent=165918"}],"wp:term":[{"taxonomy":"product_cat","embeddable":true,"href":"https:\/\/endormoonstore.com\/en\/wp-json\/wp\/v2\/product_cat?post=165918"},{"taxonomy":"product_tag","embeddable":true,"href":"https:\/\/endormoonstore.com\/en\/wp-json\/wp\/v2\/product_tag?post=165918"}],"curies":[{"name":"wp","href":"https:\/\/api.w.org\/{rel}","templated":true}]}}