{"id":165733,"date":"2025-11-01T07:15:33","date_gmt":"2025-11-01T06:15:33","guid":{"rendered":"https:\/\/endormoonstore.com\/art-the-clown-terrifier-one12-collective\/"},"modified":"2024-10-28T23:50:24","modified_gmt":"2024-10-28T22:50:24","slug":"art-the-clown-terrifier-one12-collective","status":"publish","type":"product","link":"https:\/\/endormoonstore.com\/en\/art-the-clown-terrifier-one12-collective\/","title":{"rendered":"Art the Clown Terrifier One:12 Collective"},"content":{"rendered":"<p><strong>Art the Clown Terrifier One:12 Collective<\/strong><\/p>\n<ul>\n<li>\u00bfQui\u00e9n se r\u00ede ahora? De la espantosa serie de terror\u00a0\u00a0<em>Terrifier<\/em>\u00a0, \u00a1Art the Clown se suma a la alineaci\u00f3n de One:12 Collective!<\/li>\n<li>La figura One:12 Collective Terrifier : Art the Clown presenta tres retratos de cabeza intercambiables que capturan sus diversas expresiones faciales man\u00edacas. Art sonr\u00ede y luce su caracter\u00edstico disfraz de payaso en blanco y negro manchado de sangre.<\/li>\n<li>\u00a1La noche de Halloween nunca ser\u00e1 la misma! Art lleva sus caracter\u00edsticas bolsas de basura que pueden contener sus siniestras herramientas, incluido su lanzallamas, gato de nueve colas, garrote con p\u00faas hecho con la pata de una mesa cubierta de clavos y hojas de afeitar, sierra para metales, martillos y cuchillos, perfectos para m\u00e1s acci\u00f3n salpicando sangre.<\/li>\n<li>El payaso amenazante tambi\u00e9n viene con algunos de sus accesorios m\u00e1s ic\u00f3nicos de la serie, como sus gafas de girasol, una cabeza decapitada con funci\u00f3n de iluminaci\u00f3n y el cerebro de una v\u00edctima.<\/li>\n<\/ul>\n<h4>CARACTER\u00cdSTICAS:<\/h4>\n<ul>\n<li>One:12 Collective Cuerpo con m\u00e1s de 28 puntos de articulaci\u00f3n.<\/li>\n<li>Detalles aut\u00e9nticos pintados a mano.<\/li>\n<li>Aproximadamente 17 cm de alto<\/li>\n<li>Tres retratos de cabeza intercambiables<\/li>\n<li>Once manos intercambiables:\n<ul>\n<li>Dos pares de armas tomadas de la mano (de izquierda a derecha)<\/li>\n<li>Un par de manos relajadas (I&amp;D)<\/li>\n<li>Un par de manos posando (de izquierda a derecha)<\/li>\n<li>Una mano que sostiene el cuerno (L)<\/li>\n<li>Una jeringa sujetando la mano (R)<\/li>\n<li>Un bistur\u00ed que sostiene la mano (R)<\/li>\n<\/ul>\n<\/li>\n<\/ul>\n<h4>ROPA:<\/h4>\n<ul>\n<li>Sombrero de copa<\/li>\n<li>Traje de payaso manchado de sangre<\/li>\n<li>Zapatos de payaso desgastados<\/li>\n<\/ul>\n<h4>ACCESORIOS:<\/h4>\n<ul>\n<li>Una cabeza decapitada con funci\u00f3n de iluminaci\u00f3n.<\/li>\n<li>Un cerebro<\/li>\n<li>Un par de gafas con forma de girasol.<\/li>\n<li>Dos bolsas de basura<\/li>\n<li>Un lanzallamas<\/li>\n<li>Un gato de nueve colas<\/li>\n<li>Una sierra para metales<\/li>\n<li>Una pata de mesa<\/li>\n<li>Un martillo con filo de cuchillo<\/li>\n<li>Un martillo<\/li>\n<li>Un cuerno<\/li>\n<li>Un cuchillo de carnicero<\/li>\n<li>Un cuchillo de carnicero<\/li>\n<li>Tres efectos de sangre (se adhieren a los cuchillos)<\/li>\n<li>Una base de exhibici\u00f3n colectiva One:12 con logotipo<\/li>\n<li>Un poste de exhibici\u00f3n ajustable colectivo One:12<\/li>\n<\/ul>\n<p>&nbsp;<\/p>\n","protected":false},"excerpt":{"rendered":"<p><strong>Art the Clown Terrifier One:12 Collective<\/strong><\/p>\n<p>\u00bfQui\u00e9n se r\u00ede ahora? De la espantosa serie de terror\u00a0\u00a0<em>Terrifier<\/em>\u00a0, \u00a1Art the Clown se suma a la alineaci\u00f3n de One:12 Collective!<\/p>\n","protected":false},"featured_media":165714,"template":"","meta":{"_acf_changed":false,"_kad_blocks_custom_css":"","_kad_blocks_head_custom_js":"","_kad_blocks_body_custom_js":"","_kad_blocks_footer_custom_js":""},"product_cat":[13453,1390,13511],"product_tag":[],"class_list":{"0":"post-165733","1":"product","2":"type-product","3":"status-publish","4":"has-post-thumbnail","6":"product_cat-featured","7":"product_cat-figures","8":"product_cat-new-arrivals","9":"pa_brand-mezco-toyz-en","10":"pa_character-art-the-clown-en","11":"pa_license-terrifier-en","12":"pa_product-type-figure","13":"pa_theme-one12-collective-en","15":"first","16":"instock","17":"taxable","18":"shipping-taxable","19":"purchasable","20":"product-type-simple"},"acf":[],"yoast_head":"<!-- This site is optimized with the Yoast SEO plugin v26.1.1 - https:\/\/yoast.com\/wordpress\/plugins\/seo\/ -->\n<title>Art the Clown Terrifier One:12 Collective - EndormoonStore<\/title>\n<meta name=\"robots\" content=\"index, follow, max-snippet:-1, max-image-preview:large, max-video-preview:-1\" \/>\n<link rel=\"canonical\" href=\"https:\/\/endormoonstore.com\/en\/art-the-clown-terrifier-one12-collective\/\" \/>\n<meta property=\"og:locale\" content=\"en_US\" \/>\n<meta property=\"og:type\" content=\"article\" \/>\n<meta property=\"og:title\" content=\"Art the Clown Terrifier One:12 Collective - EndormoonStore\" \/>\n<meta property=\"og:description\" content=\"Art the Clown Terrifier One:12 Collective  \u00bfQui\u00e9n se r\u00ede ahora? De la espantosa serie de terror\u00a0\u00a0Terrifier\u00a0, \u00a1Art the Clown se suma a la alineaci\u00f3n de One:12 Collective!\" \/>\n<meta property=\"og:url\" content=\"https:\/\/endormoonstore.com\/en\/art-the-clown-terrifier-one12-collective\/\" \/>\n<meta property=\"og:site_name\" content=\"EndormoonStore\" \/>\n<meta property=\"og:image\" content=\"https:\/\/endormoonstore.com\/wp-content\/uploads\/2024\/10\/Art-the-Clown-Terrifier-One-12-Collective-1.jpeg\" \/>\n\t<meta property=\"og:image:width\" content=\"800\" \/>\n\t<meta property=\"og:image:height\" content=\"800\" \/>\n\t<meta property=\"og:image:type\" content=\"image\/jpeg\" \/>\n<meta name=\"twitter:card\" content=\"summary_large_image\" \/>\n<meta name=\"twitter:label1\" content=\"Est. reading time\" \/>\n\t<meta name=\"twitter:data1\" content=\"2 minutes\" \/>\n<script type=\"application\/ld+json\" class=\"yoast-schema-graph\">{\"@context\":\"https:\/\/schema.org\",\"@graph\":[{\"@type\":\"WebPage\",\"@id\":\"https:\/\/endormoonstore.com\/en\/art-the-clown-terrifier-one12-collective\/\",\"url\":\"https:\/\/endormoonstore.com\/en\/art-the-clown-terrifier-one12-collective\/\",\"name\":\"Art the Clown Terrifier One:12 Collective - EndormoonStore\",\"isPartOf\":{\"@id\":\"https:\/\/endormoonstore.com\/#website\"},\"primaryImageOfPage\":{\"@id\":\"https:\/\/endormoonstore.com\/en\/art-the-clown-terrifier-one12-collective\/#primaryimage\"},\"image\":{\"@id\":\"https:\/\/endormoonstore.com\/en\/art-the-clown-terrifier-one12-collective\/#primaryimage\"},\"thumbnailUrl\":\"https:\/\/endormoonstore.com\/wp-content\/uploads\/2024\/10\/Art-the-Clown-Terrifier-One-12-Collective-1.jpeg\",\"datePublished\":\"2025-11-01T06:15:33+00:00\",\"breadcrumb\":{\"@id\":\"https:\/\/endormoonstore.com\/en\/art-the-clown-terrifier-one12-collective\/#breadcrumb\"},\"inLanguage\":\"en-US\",\"potentialAction\":[{\"@type\":\"ReadAction\",\"target\":[\"https:\/\/endormoonstore.com\/en\/art-the-clown-terrifier-one12-collective\/\"]}]},{\"@type\":\"ImageObject\",\"inLanguage\":\"en-US\",\"@id\":\"https:\/\/endormoonstore.com\/en\/art-the-clown-terrifier-one12-collective\/#primaryimage\",\"url\":\"https:\/\/endormoonstore.com\/wp-content\/uploads\/2024\/10\/Art-the-Clown-Terrifier-One-12-Collective-1.jpeg\",\"contentUrl\":\"https:\/\/endormoonstore.com\/wp-content\/uploads\/2024\/10\/Art-the-Clown-Terrifier-One-12-Collective-1.jpeg\",\"width\":800,\"height\":800},{\"@type\":\"BreadcrumbList\",\"@id\":\"https:\/\/endormoonstore.com\/en\/art-the-clown-terrifier-one12-collective\/#breadcrumb\",\"itemListElement\":[{\"@type\":\"ListItem\",\"position\":1,\"name\":\"Shop\",\"item\":\"https:\/\/endormoonstore.com\/en\/shop\/\"},{\"@type\":\"ListItem\",\"position\":2,\"name\":\"Art the Clown Terrifier One:12 Collective\"}]},{\"@type\":\"WebSite\",\"@id\":\"https:\/\/endormoonstore.com\/#website\",\"url\":\"https:\/\/endormoonstore.com\/\",\"name\":\"EndormoonStore\",\"description\":\"\",\"potentialAction\":[{\"@type\":\"SearchAction\",\"target\":{\"@type\":\"EntryPoint\",\"urlTemplate\":\"https:\/\/endormoonstore.com\/?s={search_term_string}\"},\"query-input\":{\"@type\":\"PropertyValueSpecification\",\"valueRequired\":true,\"valueName\":\"search_term_string\"}}],\"inLanguage\":\"en-US\"}]}<\/script>\n<!-- \/ Yoast SEO plugin. -->","yoast_head_json":{"title":"Art the Clown Terrifier One:12 Collective - EndormoonStore","robots":{"index":"index","follow":"follow","max-snippet":"max-snippet:-1","max-image-preview":"max-image-preview:large","max-video-preview":"max-video-preview:-1"},"canonical":"https:\/\/endormoonstore.com\/en\/art-the-clown-terrifier-one12-collective\/","og_locale":"en_US","og_type":"article","og_title":"Art the Clown Terrifier One:12 Collective - EndormoonStore","og_description":"Art the Clown Terrifier One:12 Collective  \u00bfQui\u00e9n se r\u00ede ahora? De la espantosa serie de terror\u00a0\u00a0Terrifier\u00a0, \u00a1Art the Clown se suma a la alineaci\u00f3n de One:12 Collective!","og_url":"https:\/\/endormoonstore.com\/en\/art-the-clown-terrifier-one12-collective\/","og_site_name":"EndormoonStore","og_image":[{"width":800,"height":800,"url":"https:\/\/endormoonstore.com\/wp-content\/uploads\/2024\/10\/Art-the-Clown-Terrifier-One-12-Collective-1.jpeg","type":"image\/jpeg"}],"twitter_card":"summary_large_image","twitter_misc":{"Est. reading time":"2 minutes"},"schema":{"@context":"https:\/\/schema.org","@graph":[{"@type":"WebPage","@id":"https:\/\/endormoonstore.com\/en\/art-the-clown-terrifier-one12-collective\/","url":"https:\/\/endormoonstore.com\/en\/art-the-clown-terrifier-one12-collective\/","name":"Art the Clown Terrifier One:12 Collective - EndormoonStore","isPartOf":{"@id":"https:\/\/endormoonstore.com\/#website"},"primaryImageOfPage":{"@id":"https:\/\/endormoonstore.com\/en\/art-the-clown-terrifier-one12-collective\/#primaryimage"},"image":{"@id":"https:\/\/endormoonstore.com\/en\/art-the-clown-terrifier-one12-collective\/#primaryimage"},"thumbnailUrl":"https:\/\/endormoonstore.com\/wp-content\/uploads\/2024\/10\/Art-the-Clown-Terrifier-One-12-Collective-1.jpeg","datePublished":"2025-11-01T06:15:33+00:00","breadcrumb":{"@id":"https:\/\/endormoonstore.com\/en\/art-the-clown-terrifier-one12-collective\/#breadcrumb"},"inLanguage":"en-US","potentialAction":[{"@type":"ReadAction","target":["https:\/\/endormoonstore.com\/en\/art-the-clown-terrifier-one12-collective\/"]}]},{"@type":"ImageObject","inLanguage":"en-US","@id":"https:\/\/endormoonstore.com\/en\/art-the-clown-terrifier-one12-collective\/#primaryimage","url":"https:\/\/endormoonstore.com\/wp-content\/uploads\/2024\/10\/Art-the-Clown-Terrifier-One-12-Collective-1.jpeg","contentUrl":"https:\/\/endormoonstore.com\/wp-content\/uploads\/2024\/10\/Art-the-Clown-Terrifier-One-12-Collective-1.jpeg","width":800,"height":800},{"@type":"BreadcrumbList","@id":"https:\/\/endormoonstore.com\/en\/art-the-clown-terrifier-one12-collective\/#breadcrumb","itemListElement":[{"@type":"ListItem","position":1,"name":"Shop","item":"https:\/\/endormoonstore.com\/en\/shop\/"},{"@type":"ListItem","position":2,"name":"Art the Clown Terrifier One:12 Collective"}]},{"@type":"WebSite","@id":"https:\/\/endormoonstore.com\/#website","url":"https:\/\/endormoonstore.com\/","name":"EndormoonStore","description":"","potentialAction":[{"@type":"SearchAction","target":{"@type":"EntryPoint","urlTemplate":"https:\/\/endormoonstore.com\/?s={search_term_string}"},"query-input":{"@type":"PropertyValueSpecification","valueRequired":true,"valueName":"search_term_string"}}],"inLanguage":"en-US"}]}},"taxonomy_info":{"product_cat":[{"value":13453,"label":"Featured"},{"value":1390,"label":"Figures"},{"value":13511,"label":"New Arrivals"}],"pa_brand":[{"value":1638,"label":"Mezco Toyz"}],"pa_character":[{"value":13847,"label":"Art the Clown"}],"pa_license":[{"value":13849,"label":"Terrifier"}],"pa_product-type":[{"value":2387,"label":"Figure"}],"pa_theme":[{"value":1885,"label":"One:12 Collective"}]},"featured_image_src_large":["https:\/\/endormoonstore.com\/wp-content\/uploads\/2024\/10\/Art-the-Clown-Terrifier-One-12-Collective-1.jpeg",800,800,false],"author_info":[],"comment_info":"","_links":{"self":[{"href":"https:\/\/endormoonstore.com\/en\/wp-json\/wp\/v2\/product\/165733","targetHints":{"allow":["GET"]}}],"collection":[{"href":"https:\/\/endormoonstore.com\/en\/wp-json\/wp\/v2\/product"}],"about":[{"href":"https:\/\/endormoonstore.com\/en\/wp-json\/wp\/v2\/types\/product"}],"wp:featuredmedia":[{"embeddable":true,"href":"https:\/\/endormoonstore.com\/en\/wp-json\/wp\/v2\/media\/165714"}],"wp:attachment":[{"href":"https:\/\/endormoonstore.com\/en\/wp-json\/wp\/v2\/media?parent=165733"}],"wp:term":[{"taxonomy":"product_cat","embeddable":true,"href":"https:\/\/endormoonstore.com\/en\/wp-json\/wp\/v2\/product_cat?post=165733"},{"taxonomy":"product_tag","embeddable":true,"href":"https:\/\/endormoonstore.com\/en\/wp-json\/wp\/v2\/product_tag?post=165733"}],"curies":[{"name":"wp","href":"https:\/\/api.w.org\/{rel}","templated":true}]}}