{"id":165554,"date":"2024-10-21T02:25:14","date_gmt":"2024-10-21T00:25:14","guid":{"rendered":"https:\/\/endormoonstore.com\/super-x3-godzilla-vs-destoroyah-model-kit-moderoid\/"},"modified":"2024-10-26T23:38:51","modified_gmt":"2024-10-26T21:38:51","slug":"super-x3-godzilla-vs-destoroyah-model-kit-moderoid","status":"publish","type":"product","link":"https:\/\/endormoonstore.com\/en\/super-x3-godzilla-vs-destoroyah-model-kit-moderoid\/","title":{"rendered":"Super X3 Godzilla vs Destoroyah Model Kit Moderoid"},"content":{"rendered":"<p><strong>Super X3 Godzilla vs Destoroyah Model Kit Moderoid<\/strong><\/p>\n<ul>\n<li>Good Smile Company presenta, dentro de la colecci\u00f3n Moderoid, el model kit de Super X3. Mide 18,5 cm. de largo y 29 cm. de ancho. Est\u00e1 basada en su aspecto en la pel\u00edcula &#8220;Godzilla vs. Destoroyah&#8221;.<\/li>\n<li>Los engranajes incorporados permiten que el ca\u00f1\u00f3n se despliegue a la vez que se abre la escotilla. Las vainas de misiles superiores retr\u00e1ctiles pueden deslizarse hacia arriba y hacia abajo para su despliegue y el tren de aterrizaje est\u00e1 incluido y se puede utilizar para recrear el estado de aterrizaje.<\/li>\n<li>Precisa montaje f\u00e1cil. Piezas pre pintadas y pegatinas. (Las distintas partes del modelo se han separado en corredores de diferentes colores, piezas pre pintadas, lo que facilita la recreaci\u00f3n de las naves con un simple ensamblaje).<\/li>\n<\/ul>\n","protected":false},"excerpt":{"rendered":"<p><strong>Super X3 Godzilla vs Destoroyah Model Kit Moderoid<\/strong><\/p>\n<p>Good Smile Company presenta, dentro de la colecci\u00f3n Moderoid, el model kit de Super X3. Mide 18,5 cm. de largo y 29 cm. de ancho. Est\u00e1 basada en su aspecto en la pel\u00edcula &#8220;Godzilla vs. Destoroyah&#8221;.<\/p>\n","protected":false},"featured_media":165538,"template":"","meta":{"_acf_changed":false,"_kad_blocks_custom_css":"","_kad_blocks_head_custom_js":"","_kad_blocks_body_custom_js":"","_kad_blocks_footer_custom_js":""},"product_cat":[1384],"product_tag":[],"class_list":{"0":"post-165554","1":"product","2":"type-product","3":"status-publish","4":"has-post-thumbnail","6":"product_cat-pre-orders","7":"pa_brand-good-smile-company-en","8":"pa_character-super-x3-en","9":"pa_license-godzilla-x-mechagodzill-en","10":"pa_product-type-figure","11":"pa_product-type-model-kit-en","12":"pa_theme-moderoid-en","14":"first","15":"instock","16":"taxable","17":"shipping-taxable","18":"purchasable","19":"product-type-simple"},"acf":[],"yoast_head":"<!-- This site is optimized with the Yoast SEO plugin v26.1.1 - https:\/\/yoast.com\/wordpress\/plugins\/seo\/ -->\n<title>Super X3 Godzilla vs Destoroyah Model Kit Moderoid - EndormoonStore<\/title>\n<meta name=\"robots\" content=\"index, follow, max-snippet:-1, max-image-preview:large, max-video-preview:-1\" \/>\n<link rel=\"canonical\" href=\"https:\/\/endormoonstore.com\/super-x3-godzilla-vs-destoroyah-model-kit-moderoid\/\" \/>\n<meta property=\"og:locale\" content=\"en_US\" \/>\n<meta property=\"og:type\" content=\"article\" \/>\n<meta property=\"og:title\" content=\"Super X3 Godzilla vs Destoroyah Model Kit Moderoid - EndormoonStore\" \/>\n<meta property=\"og:description\" content=\"Super X3 Godzilla vs Destoroyah Model Kit Moderoid  Good Smile Company presenta, dentro de la colecci\u00f3n Moderoid, el model kit de Super X3. Mide 18,5 cm. de largo y 29 cm. de ancho. Est\u00e1 basada en su aspecto en la pel\u00edcula &quot;Godzilla vs. Destoroyah&quot;.\" \/>\n<meta property=\"og:url\" content=\"https:\/\/endormoonstore.com\/super-x3-godzilla-vs-destoroyah-model-kit-moderoid\/\" \/>\n<meta property=\"og:site_name\" content=\"EndormoonStore\" \/>\n<meta property=\"article:modified_time\" content=\"2024-10-26T21:38:51+00:00\" \/>\n<meta property=\"og:image\" content=\"https:\/\/endormoonstore.com\/wp-content\/uploads\/2024\/10\/Super-X3-Godzilla-vs-Destoroyah-Model-Kit-Moderoid-1.jpg\" \/>\n\t<meta property=\"og:image:width\" content=\"1000\" \/>\n\t<meta property=\"og:image:height\" content=\"750\" \/>\n\t<meta property=\"og:image:type\" content=\"image\/jpeg\" \/>\n<meta name=\"twitter:card\" content=\"summary_large_image\" \/>\n<meta name=\"twitter:label1\" content=\"Est. reading time\" \/>\n\t<meta name=\"twitter:data1\" content=\"1 minute\" \/>\n<script type=\"application\/ld+json\" class=\"yoast-schema-graph\">{\"@context\":\"https:\/\/schema.org\",\"@graph\":[{\"@type\":\"WebPage\",\"@id\":\"https:\/\/endormoonstore.com\/super-x3-godzilla-vs-destoroyah-model-kit-moderoid\/\",\"url\":\"https:\/\/endormoonstore.com\/super-x3-godzilla-vs-destoroyah-model-kit-moderoid\/\",\"name\":\"Super X3 Godzilla vs Destoroyah Model Kit Moderoid - EndormoonStore\",\"isPartOf\":{\"@id\":\"https:\/\/endormoonstore.com\/#website\"},\"primaryImageOfPage\":{\"@id\":\"https:\/\/endormoonstore.com\/super-x3-godzilla-vs-destoroyah-model-kit-moderoid\/#primaryimage\"},\"image\":{\"@id\":\"https:\/\/endormoonstore.com\/super-x3-godzilla-vs-destoroyah-model-kit-moderoid\/#primaryimage\"},\"thumbnailUrl\":\"https:\/\/endormoonstore.com\/wp-content\/uploads\/2024\/10\/Super-X3-Godzilla-vs-Destoroyah-Model-Kit-Moderoid-1.jpg\",\"datePublished\":\"2024-10-21T00:25:14+00:00\",\"dateModified\":\"2024-10-26T21:38:51+00:00\",\"breadcrumb\":{\"@id\":\"https:\/\/endormoonstore.com\/super-x3-godzilla-vs-destoroyah-model-kit-moderoid\/#breadcrumb\"},\"inLanguage\":\"en-US\",\"potentialAction\":[{\"@type\":\"ReadAction\",\"target\":[\"https:\/\/endormoonstore.com\/super-x3-godzilla-vs-destoroyah-model-kit-moderoid\/\"]}]},{\"@type\":\"ImageObject\",\"inLanguage\":\"en-US\",\"@id\":\"https:\/\/endormoonstore.com\/super-x3-godzilla-vs-destoroyah-model-kit-moderoid\/#primaryimage\",\"url\":\"https:\/\/endormoonstore.com\/wp-content\/uploads\/2024\/10\/Super-X3-Godzilla-vs-Destoroyah-Model-Kit-Moderoid-1.jpg\",\"contentUrl\":\"https:\/\/endormoonstore.com\/wp-content\/uploads\/2024\/10\/Super-X3-Godzilla-vs-Destoroyah-Model-Kit-Moderoid-1.jpg\",\"width\":1000,\"height\":750},{\"@type\":\"BreadcrumbList\",\"@id\":\"https:\/\/endormoonstore.com\/super-x3-godzilla-vs-destoroyah-model-kit-moderoid\/#breadcrumb\",\"itemListElement\":[{\"@type\":\"ListItem\",\"position\":1,\"name\":\"Shop\",\"item\":\"https:\/\/endormoonstore.com\/en\/shop\/\"},{\"@type\":\"ListItem\",\"position\":2,\"name\":\"Super X3 Godzilla vs Destoroyah Model Kit Moderoid\"}]},{\"@type\":\"WebSite\",\"@id\":\"https:\/\/endormoonstore.com\/#website\",\"url\":\"https:\/\/endormoonstore.com\/\",\"name\":\"EndormoonStore\",\"description\":\"\",\"potentialAction\":[{\"@type\":\"SearchAction\",\"target\":{\"@type\":\"EntryPoint\",\"urlTemplate\":\"https:\/\/endormoonstore.com\/?s={search_term_string}\"},\"query-input\":{\"@type\":\"PropertyValueSpecification\",\"valueRequired\":true,\"valueName\":\"search_term_string\"}}],\"inLanguage\":\"en-US\"}]}<\/script>\n<!-- \/ Yoast SEO plugin. -->","yoast_head_json":{"title":"Super X3 Godzilla vs Destoroyah Model Kit Moderoid - EndormoonStore","robots":{"index":"index","follow":"follow","max-snippet":"max-snippet:-1","max-image-preview":"max-image-preview:large","max-video-preview":"max-video-preview:-1"},"canonical":"https:\/\/endormoonstore.com\/super-x3-godzilla-vs-destoroyah-model-kit-moderoid\/","og_locale":"en_US","og_type":"article","og_title":"Super X3 Godzilla vs Destoroyah Model Kit Moderoid - EndormoonStore","og_description":"Super X3 Godzilla vs Destoroyah Model Kit Moderoid  Good Smile Company presenta, dentro de la colecci\u00f3n Moderoid, el model kit de Super X3. Mide 18,5 cm. de largo y 29 cm. de ancho. Est\u00e1 basada en su aspecto en la pel\u00edcula \"Godzilla vs. Destoroyah\".","og_url":"https:\/\/endormoonstore.com\/super-x3-godzilla-vs-destoroyah-model-kit-moderoid\/","og_site_name":"EndormoonStore","article_modified_time":"2024-10-26T21:38:51+00:00","og_image":[{"width":1000,"height":750,"url":"https:\/\/endormoonstore.com\/wp-content\/uploads\/2024\/10\/Super-X3-Godzilla-vs-Destoroyah-Model-Kit-Moderoid-1.jpg","type":"image\/jpeg"}],"twitter_card":"summary_large_image","twitter_misc":{"Est. reading time":"1 minute"},"schema":{"@context":"https:\/\/schema.org","@graph":[{"@type":"WebPage","@id":"https:\/\/endormoonstore.com\/super-x3-godzilla-vs-destoroyah-model-kit-moderoid\/","url":"https:\/\/endormoonstore.com\/super-x3-godzilla-vs-destoroyah-model-kit-moderoid\/","name":"Super X3 Godzilla vs Destoroyah Model Kit Moderoid - EndormoonStore","isPartOf":{"@id":"https:\/\/endormoonstore.com\/#website"},"primaryImageOfPage":{"@id":"https:\/\/endormoonstore.com\/super-x3-godzilla-vs-destoroyah-model-kit-moderoid\/#primaryimage"},"image":{"@id":"https:\/\/endormoonstore.com\/super-x3-godzilla-vs-destoroyah-model-kit-moderoid\/#primaryimage"},"thumbnailUrl":"https:\/\/endormoonstore.com\/wp-content\/uploads\/2024\/10\/Super-X3-Godzilla-vs-Destoroyah-Model-Kit-Moderoid-1.jpg","datePublished":"2024-10-21T00:25:14+00:00","dateModified":"2024-10-26T21:38:51+00:00","breadcrumb":{"@id":"https:\/\/endormoonstore.com\/super-x3-godzilla-vs-destoroyah-model-kit-moderoid\/#breadcrumb"},"inLanguage":"en-US","potentialAction":[{"@type":"ReadAction","target":["https:\/\/endormoonstore.com\/super-x3-godzilla-vs-destoroyah-model-kit-moderoid\/"]}]},{"@type":"ImageObject","inLanguage":"en-US","@id":"https:\/\/endormoonstore.com\/super-x3-godzilla-vs-destoroyah-model-kit-moderoid\/#primaryimage","url":"https:\/\/endormoonstore.com\/wp-content\/uploads\/2024\/10\/Super-X3-Godzilla-vs-Destoroyah-Model-Kit-Moderoid-1.jpg","contentUrl":"https:\/\/endormoonstore.com\/wp-content\/uploads\/2024\/10\/Super-X3-Godzilla-vs-Destoroyah-Model-Kit-Moderoid-1.jpg","width":1000,"height":750},{"@type":"BreadcrumbList","@id":"https:\/\/endormoonstore.com\/super-x3-godzilla-vs-destoroyah-model-kit-moderoid\/#breadcrumb","itemListElement":[{"@type":"ListItem","position":1,"name":"Shop","item":"https:\/\/endormoonstore.com\/en\/shop\/"},{"@type":"ListItem","position":2,"name":"Super X3 Godzilla vs Destoroyah Model Kit Moderoid"}]},{"@type":"WebSite","@id":"https:\/\/endormoonstore.com\/#website","url":"https:\/\/endormoonstore.com\/","name":"EndormoonStore","description":"","potentialAction":[{"@type":"SearchAction","target":{"@type":"EntryPoint","urlTemplate":"https:\/\/endormoonstore.com\/?s={search_term_string}"},"query-input":{"@type":"PropertyValueSpecification","valueRequired":true,"valueName":"search_term_string"}}],"inLanguage":"en-US"}]}},"taxonomy_info":{"product_cat":[{"value":1384,"label":"Pre-orders"}],"pa_brand":[{"value":2081,"label":"Good Smile Company"}],"pa_character":[{"value":14903,"label":"Super X3"}],"pa_license":[{"value":13545,"label":"Godzilla x Mechagodzill"}],"pa_product-type":[{"value":2387,"label":"Figure"},{"value":7302,"label":"Model Kit"}],"pa_theme":[{"value":3926,"label":"Moderoid"}]},"featured_image_src_large":["https:\/\/endormoonstore.com\/wp-content\/uploads\/2024\/10\/Super-X3-Godzilla-vs-Destoroyah-Model-Kit-Moderoid-1.jpg",1000,750,false],"author_info":[],"comment_info":"","_links":{"self":[{"href":"https:\/\/endormoonstore.com\/en\/wp-json\/wp\/v2\/product\/165554","targetHints":{"allow":["GET"]}}],"collection":[{"href":"https:\/\/endormoonstore.com\/en\/wp-json\/wp\/v2\/product"}],"about":[{"href":"https:\/\/endormoonstore.com\/en\/wp-json\/wp\/v2\/types\/product"}],"wp:featuredmedia":[{"embeddable":true,"href":"https:\/\/endormoonstore.com\/en\/wp-json\/wp\/v2\/media\/165538"}],"wp:attachment":[{"href":"https:\/\/endormoonstore.com\/en\/wp-json\/wp\/v2\/media?parent=165554"}],"wp:term":[{"taxonomy":"product_cat","embeddable":true,"href":"https:\/\/endormoonstore.com\/en\/wp-json\/wp\/v2\/product_cat?post=165554"},{"taxonomy":"product_tag","embeddable":true,"href":"https:\/\/endormoonstore.com\/en\/wp-json\/wp\/v2\/product_tag?post=165554"}],"curies":[{"name":"wp","href":"https:\/\/api.w.org\/{rel}","templated":true}]}}