{"id":165010,"date":"2024-10-21T01:15:41","date_gmt":"2024-10-20T22:05:41","guid":{"rendered":"https:\/\/endormoonstore.com\/mechagodzilla-final-battle-edition-godzilla-vs-kong-s-h-monsterarts\/"},"modified":"2024-10-21T16:26:15","modified_gmt":"2024-10-21T14:26:15","slug":"mechagodzilla-final-battle-edition-godzilla-vs-kong-s-h-monsterarts","status":"publish","type":"product","link":"https:\/\/endormoonstore.com\/en\/mechagodzilla-final-battle-edition-godzilla-vs-kong-s-h-monsterarts\/","title":{"rendered":"Mechagodzilla Final Battle Edition Godzilla vs Kong S.H MonsterArts"},"content":{"rendered":"<p class=\"p1\"><strong>Mechagodzilla Final Battle Edition Godzilla vs Kong S.H MonsterArts<\/strong><\/p>\n<ul class=\"ul1\">\n<li class=\"li1\">Tamashii Nations presenta, dentro de la colecci\u00f3n SH Monster Arts, la figura Collectors Shop de Mechagodzilla. Mide 19 cm y est\u00e1 basada en su apariencia en la pel\u00edcula &#8220;Godzilla Vs Kong&#8221;.<\/li>\n<li class=\"li1\">Incluye dos efectos golpe (pu\u00f1etazo de plasma), un efecto rayo rojo, seis propulsores, seis efecto propulsor, una pieza final de cola y dos &#8220;manos&#8221; alternativas.<\/li>\n<\/ul>\n","protected":false},"excerpt":{"rendered":"<p class=\"p1\"><strong>Mechagodzilla Final Battle Edition Godzilla vs Kong S.H MonsterArts<\/strong><\/p>\n<p class=\"p1\">Tamashii Nations presenta, dentro de la colecci\u00f3n SH Monster Arts, la figura Collectors Shop de Mechagodzilla. Mide 19 cm y est\u00e1 basada en su apariencia en la pel\u00edcula &#8220;Godzilla Vs Kong&#8221;.<\/p>\n","protected":false},"featured_media":164997,"template":"","meta":{"_acf_changed":false,"_kad_blocks_custom_css":"","_kad_blocks_head_custom_js":"","_kad_blocks_body_custom_js":"","_kad_blocks_footer_custom_js":""},"product_cat":[1384],"product_tag":[],"class_list":{"0":"post-165010","1":"product","2":"type-product","3":"status-publish","4":"has-post-thumbnail","6":"product_cat-pre-orders","7":"pa_brand-tamashii-nations-en","8":"pa_character-mechagodzilla-en","9":"pa_license-godzilla-vs-kong-en","10":"pa_product-type-figure","11":"pa_theme-s-h-monsterarts-en","13":"first","14":"instock","15":"taxable","16":"shipping-taxable","17":"purchasable","18":"product-type-simple"},"acf":[],"yoast_head":"<!-- This site is optimized with the Yoast SEO plugin v26.1.1 - https:\/\/yoast.com\/wordpress\/plugins\/seo\/ -->\n<title>Mechagodzilla Final Battle Edition Godzilla vs Kong S.H MonsterArts - EndormoonStore<\/title>\n<meta name=\"robots\" content=\"index, follow, max-snippet:-1, max-image-preview:large, max-video-preview:-1\" \/>\n<link rel=\"canonical\" href=\"https:\/\/endormoonstore.com\/en\/mechagodzilla-final-battle-edition-godzilla-vs-kong-s-h-monsterarts\/\" \/>\n<meta property=\"og:locale\" content=\"en_US\" \/>\n<meta property=\"og:type\" content=\"article\" \/>\n<meta property=\"og:title\" content=\"Mechagodzilla Final Battle Edition Godzilla vs Kong S.H MonsterArts - EndormoonStore\" \/>\n<meta property=\"og:description\" content=\"Mechagodzilla Final Battle Edition Godzilla vs Kong S.H MonsterArts Tamashii Nations presenta, dentro de la colecci\u00f3n SH Monster Arts, la figura Collectors Shop de Mechagodzilla. Mide 19 cm y est\u00e1 basada en su apariencia en la pel\u00edcula &quot;Godzilla Vs Kong&quot;.\" \/>\n<meta property=\"og:url\" content=\"https:\/\/endormoonstore.com\/en\/mechagodzilla-final-battle-edition-godzilla-vs-kong-s-h-monsterarts\/\" \/>\n<meta property=\"og:site_name\" content=\"EndormoonStore\" \/>\n<meta property=\"article:modified_time\" content=\"2024-10-21T14:26:15+00:00\" \/>\n<meta property=\"og:image\" content=\"https:\/\/endormoonstore.com\/wp-content\/uploads\/2024\/10\/Mechagodzilla-Final-Battle-Edition-Godzilla-vs-Kong-S.H-MonsterArts-1.jpg\" \/>\n\t<meta property=\"og:image:width\" content=\"1200\" \/>\n\t<meta property=\"og:image:height\" content=\"960\" \/>\n\t<meta property=\"og:image:type\" content=\"image\/jpeg\" \/>\n<meta name=\"twitter:card\" content=\"summary_large_image\" \/>\n<meta name=\"twitter:label1\" content=\"Est. reading time\" \/>\n\t<meta name=\"twitter:data1\" content=\"1 minute\" \/>\n<script type=\"application\/ld+json\" class=\"yoast-schema-graph\">{\"@context\":\"https:\/\/schema.org\",\"@graph\":[{\"@type\":\"WebPage\",\"@id\":\"https:\/\/endormoonstore.com\/en\/mechagodzilla-final-battle-edition-godzilla-vs-kong-s-h-monsterarts\/\",\"url\":\"https:\/\/endormoonstore.com\/en\/mechagodzilla-final-battle-edition-godzilla-vs-kong-s-h-monsterarts\/\",\"name\":\"Mechagodzilla Final Battle Edition Godzilla vs Kong S.H MonsterArts - EndormoonStore\",\"isPartOf\":{\"@id\":\"https:\/\/endormoonstore.com\/#website\"},\"primaryImageOfPage\":{\"@id\":\"https:\/\/endormoonstore.com\/en\/mechagodzilla-final-battle-edition-godzilla-vs-kong-s-h-monsterarts\/#primaryimage\"},\"image\":{\"@id\":\"https:\/\/endormoonstore.com\/en\/mechagodzilla-final-battle-edition-godzilla-vs-kong-s-h-monsterarts\/#primaryimage\"},\"thumbnailUrl\":\"https:\/\/endormoonstore.com\/wp-content\/uploads\/2024\/10\/Mechagodzilla-Final-Battle-Edition-Godzilla-vs-Kong-S.H-MonsterArts-1.jpg\",\"datePublished\":\"2024-10-20T22:05:41+00:00\",\"dateModified\":\"2024-10-21T14:26:15+00:00\",\"breadcrumb\":{\"@id\":\"https:\/\/endormoonstore.com\/en\/mechagodzilla-final-battle-edition-godzilla-vs-kong-s-h-monsterarts\/#breadcrumb\"},\"inLanguage\":\"en-US\",\"potentialAction\":[{\"@type\":\"ReadAction\",\"target\":[\"https:\/\/endormoonstore.com\/en\/mechagodzilla-final-battle-edition-godzilla-vs-kong-s-h-monsterarts\/\"]}]},{\"@type\":\"ImageObject\",\"inLanguage\":\"en-US\",\"@id\":\"https:\/\/endormoonstore.com\/en\/mechagodzilla-final-battle-edition-godzilla-vs-kong-s-h-monsterarts\/#primaryimage\",\"url\":\"https:\/\/endormoonstore.com\/wp-content\/uploads\/2024\/10\/Mechagodzilla-Final-Battle-Edition-Godzilla-vs-Kong-S.H-MonsterArts-1.jpg\",\"contentUrl\":\"https:\/\/endormoonstore.com\/wp-content\/uploads\/2024\/10\/Mechagodzilla-Final-Battle-Edition-Godzilla-vs-Kong-S.H-MonsterArts-1.jpg\",\"width\":1200,\"height\":960},{\"@type\":\"BreadcrumbList\",\"@id\":\"https:\/\/endormoonstore.com\/en\/mechagodzilla-final-battle-edition-godzilla-vs-kong-s-h-monsterarts\/#breadcrumb\",\"itemListElement\":[{\"@type\":\"ListItem\",\"position\":1,\"name\":\"Shop\",\"item\":\"https:\/\/endormoonstore.com\/en\/shop\/\"},{\"@type\":\"ListItem\",\"position\":2,\"name\":\"Mechagodzilla Final Battle Edition Godzilla vs Kong S.H MonsterArts\"}]},{\"@type\":\"WebSite\",\"@id\":\"https:\/\/endormoonstore.com\/#website\",\"url\":\"https:\/\/endormoonstore.com\/\",\"name\":\"EndormoonStore\",\"description\":\"\",\"potentialAction\":[{\"@type\":\"SearchAction\",\"target\":{\"@type\":\"EntryPoint\",\"urlTemplate\":\"https:\/\/endormoonstore.com\/?s={search_term_string}\"},\"query-input\":{\"@type\":\"PropertyValueSpecification\",\"valueRequired\":true,\"valueName\":\"search_term_string\"}}],\"inLanguage\":\"en-US\"}]}<\/script>\n<!-- \/ Yoast SEO plugin. -->","yoast_head_json":{"title":"Mechagodzilla Final Battle Edition Godzilla vs Kong S.H MonsterArts - EndormoonStore","robots":{"index":"index","follow":"follow","max-snippet":"max-snippet:-1","max-image-preview":"max-image-preview:large","max-video-preview":"max-video-preview:-1"},"canonical":"https:\/\/endormoonstore.com\/en\/mechagodzilla-final-battle-edition-godzilla-vs-kong-s-h-monsterarts\/","og_locale":"en_US","og_type":"article","og_title":"Mechagodzilla Final Battle Edition Godzilla vs Kong S.H MonsterArts - EndormoonStore","og_description":"Mechagodzilla Final Battle Edition Godzilla vs Kong S.H MonsterArts Tamashii Nations presenta, dentro de la colecci\u00f3n SH Monster Arts, la figura Collectors Shop de Mechagodzilla. Mide 19 cm y est\u00e1 basada en su apariencia en la pel\u00edcula \"Godzilla Vs Kong\".","og_url":"https:\/\/endormoonstore.com\/en\/mechagodzilla-final-battle-edition-godzilla-vs-kong-s-h-monsterarts\/","og_site_name":"EndormoonStore","article_modified_time":"2024-10-21T14:26:15+00:00","og_image":[{"width":1200,"height":960,"url":"https:\/\/endormoonstore.com\/wp-content\/uploads\/2024\/10\/Mechagodzilla-Final-Battle-Edition-Godzilla-vs-Kong-S.H-MonsterArts-1.jpg","type":"image\/jpeg"}],"twitter_card":"summary_large_image","twitter_misc":{"Est. reading time":"1 minute"},"schema":{"@context":"https:\/\/schema.org","@graph":[{"@type":"WebPage","@id":"https:\/\/endormoonstore.com\/en\/mechagodzilla-final-battle-edition-godzilla-vs-kong-s-h-monsterarts\/","url":"https:\/\/endormoonstore.com\/en\/mechagodzilla-final-battle-edition-godzilla-vs-kong-s-h-monsterarts\/","name":"Mechagodzilla Final Battle Edition Godzilla vs Kong S.H MonsterArts - EndormoonStore","isPartOf":{"@id":"https:\/\/endormoonstore.com\/#website"},"primaryImageOfPage":{"@id":"https:\/\/endormoonstore.com\/en\/mechagodzilla-final-battle-edition-godzilla-vs-kong-s-h-monsterarts\/#primaryimage"},"image":{"@id":"https:\/\/endormoonstore.com\/en\/mechagodzilla-final-battle-edition-godzilla-vs-kong-s-h-monsterarts\/#primaryimage"},"thumbnailUrl":"https:\/\/endormoonstore.com\/wp-content\/uploads\/2024\/10\/Mechagodzilla-Final-Battle-Edition-Godzilla-vs-Kong-S.H-MonsterArts-1.jpg","datePublished":"2024-10-20T22:05:41+00:00","dateModified":"2024-10-21T14:26:15+00:00","breadcrumb":{"@id":"https:\/\/endormoonstore.com\/en\/mechagodzilla-final-battle-edition-godzilla-vs-kong-s-h-monsterarts\/#breadcrumb"},"inLanguage":"en-US","potentialAction":[{"@type":"ReadAction","target":["https:\/\/endormoonstore.com\/en\/mechagodzilla-final-battle-edition-godzilla-vs-kong-s-h-monsterarts\/"]}]},{"@type":"ImageObject","inLanguage":"en-US","@id":"https:\/\/endormoonstore.com\/en\/mechagodzilla-final-battle-edition-godzilla-vs-kong-s-h-monsterarts\/#primaryimage","url":"https:\/\/endormoonstore.com\/wp-content\/uploads\/2024\/10\/Mechagodzilla-Final-Battle-Edition-Godzilla-vs-Kong-S.H-MonsterArts-1.jpg","contentUrl":"https:\/\/endormoonstore.com\/wp-content\/uploads\/2024\/10\/Mechagodzilla-Final-Battle-Edition-Godzilla-vs-Kong-S.H-MonsterArts-1.jpg","width":1200,"height":960},{"@type":"BreadcrumbList","@id":"https:\/\/endormoonstore.com\/en\/mechagodzilla-final-battle-edition-godzilla-vs-kong-s-h-monsterarts\/#breadcrumb","itemListElement":[{"@type":"ListItem","position":1,"name":"Shop","item":"https:\/\/endormoonstore.com\/en\/shop\/"},{"@type":"ListItem","position":2,"name":"Mechagodzilla Final Battle Edition Godzilla vs Kong S.H MonsterArts"}]},{"@type":"WebSite","@id":"https:\/\/endormoonstore.com\/#website","url":"https:\/\/endormoonstore.com\/","name":"EndormoonStore","description":"","potentialAction":[{"@type":"SearchAction","target":{"@type":"EntryPoint","urlTemplate":"https:\/\/endormoonstore.com\/?s={search_term_string}"},"query-input":{"@type":"PropertyValueSpecification","valueRequired":true,"valueName":"search_term_string"}}],"inLanguage":"en-US"}]}},"taxonomy_info":{"product_cat":[{"value":1384,"label":"Pre-orders"}],"pa_brand":[{"value":2096,"label":"Tamashii Nations"}],"pa_character":[{"value":14407,"label":"Mechagodzilla"}],"pa_license":[{"value":14439,"label":"Godzilla VS Kong"}],"pa_product-type":[{"value":2387,"label":"Figure"}],"pa_theme":[{"value":10761,"label":"S.H.MonsterArts"}]},"featured_image_src_large":["https:\/\/endormoonstore.com\/wp-content\/uploads\/2024\/10\/Mechagodzilla-Final-Battle-Edition-Godzilla-vs-Kong-S.H-MonsterArts-1.jpg",1200,960,false],"author_info":[],"comment_info":"","_links":{"self":[{"href":"https:\/\/endormoonstore.com\/en\/wp-json\/wp\/v2\/product\/165010","targetHints":{"allow":["GET"]}}],"collection":[{"href":"https:\/\/endormoonstore.com\/en\/wp-json\/wp\/v2\/product"}],"about":[{"href":"https:\/\/endormoonstore.com\/en\/wp-json\/wp\/v2\/types\/product"}],"wp:featuredmedia":[{"embeddable":true,"href":"https:\/\/endormoonstore.com\/en\/wp-json\/wp\/v2\/media\/164997"}],"wp:attachment":[{"href":"https:\/\/endormoonstore.com\/en\/wp-json\/wp\/v2\/media?parent=165010"}],"wp:term":[{"taxonomy":"product_cat","embeddable":true,"href":"https:\/\/endormoonstore.com\/en\/wp-json\/wp\/v2\/product_cat?post=165010"},{"taxonomy":"product_tag","embeddable":true,"href":"https:\/\/endormoonstore.com\/en\/wp-json\/wp\/v2\/product_tag?post=165010"}],"curies":[{"name":"wp","href":"https:\/\/api.w.org\/{rel}","templated":true}]}}