{"id":164958,"date":"2024-10-16T00:45:34","date_gmt":"2024-10-15T22:45:34","guid":{"rendered":"https:\/\/endormoonstore.com\/venom-marvel-comics-masterpiece-1-6th-scale-collectible-figure\/"},"modified":"2024-10-18T23:52:29","modified_gmt":"2024-10-18T21:52:29","slug":"venom-marvel-comics-masterpiece-1-6th-scale-collectible-figure","status":"publish","type":"product","link":"https:\/\/endormoonstore.com\/en\/venom-marvel-comics-masterpiece-1-6th-scale-collectible-figure\/","title":{"rendered":"Venom Marvel Comics Masterpiece 1\/6th Scale Collectible Figure"},"content":{"rendered":"<p><strong>Venom Marvel Comics Masterpiece 1\/6th Scale Collectible Figure<\/strong><\/p>\n<div id=\"prod-summary\">\n<div class=\"product_details__in_box\">\n<ul>\n<li>Venom\u00a0es un sorprendente antih\u00e9roe de\u00a0Marvel Comics\u00a0, conocido por su aterrador simbionte negro que mejora a su anfitri\u00f3n, Eddie Brock. Nacido de un organismo alien\u00edgena, Venom otorga fuerza y \u200b\u200bagilidad sobrehumanas, junto con la capacidad de cambiar de forma. Inicialmente un enemigo de\u00a0Spider-Man\u00a0, encarna una compleja mezcla de venganza y protecci\u00f3n, a menudo difuminando las l\u00edneas entre h\u00e9roe y villano.<\/li>\n<li>Su apariencia amenazante, con una sonrisa dentuda y el emblema de la ara\u00f1a blanca, lo convierte en una de las figuras m\u00e1s reconocibles de Marvel.<\/li>\n<li>Hot Toys est\u00e1 encantada de presentar la impresionante <strong>figura coleccionable de Venom en escala 1\/6<\/strong>\u00a0, inspirada en el ic\u00f3nico antih\u00e9roe de Marvel Comics. Esta\u00a0figura de acci\u00f3n<a href=\"https:\/\/www.sideshow.com\/types\/action-figure\" target=\"_blank\" rel=\"noopener\">,<\/a> elaborada meticulosamente , captura la esencia de Venom, mostrando su presencia amenazante y sus intrincados detalles.<\/li>\n<li>La figura, muy detallada, est\u00e1 elaborada por expertos para representar a Venom de Marvel Comics. Cuenta con una escultura de cabeza sorprendentemente sonriente, as\u00ed como una cabeza con una boca con colmillos amenazantes y tres lenguas salientes intercambiables. Con una altura de aproximadamente 39 cm y con ic\u00f3nicos emblemas de ara\u00f1a blanca, el cuerpo especializado muestra un alto nivel de escultura detallada, especialmente en la textura de la piel.<\/li>\n<li>Incluye varios accesorios de simbiontes con tent\u00e1culos que se pueden unir a la espalda de la figura, lo que mejora la presencia din\u00e1mica de este personaje ic\u00f3nico. El coleccionable tambi\u00e9n viene con una base de diorama con tem\u00e1tica de simbionte que da vida a la escena del c\u00f3mic.<\/li>\n<li>\u00a1No pierdas la oportunidad de reservar esta impresionante figura de Venom y dejar que desate su poder en tu colecci\u00f3n!<\/li>\n<\/ul>\n<h4>Qu\u00e9 hay en la caja:<\/h4>\n<ul>\n<li>Imagen aut\u00e9ntica y detallada de Venom en Marvel Comics<\/li>\n<li>Esculturas de cabeza reci\u00e9n pintadas con ojos blancos y dientes amarillentos afilados, expresiones faciales precisas con textura de piel detallada.<\/li>\n<li>Cuerpo reci\u00e9n pintado con textura de piel detallada y emblemas de ara\u00f1a blanca en el pecho y la espalda.<\/li>\n<li>Una cabeza esculpida con boca con colmillos y tres lenguas largas e intercambiables que sobresalen.<\/li>\n<li>Una escultura de cabeza sonriente intercambiable<\/li>\n<li>Aproximadamente 39 cm de alto<\/li>\n<li>Cuerpo especializado con m\u00e1s de 20 puntos de articulaci\u00f3n.<\/li>\n<li>Cuatro piezas de manos intercambiables que incluyen:\n<ul>\n<li>Un par de pu\u00f1os<\/li>\n<li>Un par de manos atacantes<\/li>\n<li>Dos pares de pies intercambiables en diferentes estilos.<\/li>\n<\/ul>\n<\/li>\n<li>Cada escultura de cabeza est\u00e1 especialmente pintada a mano.<\/li>\n<\/ul>\n<h4><strong>Accesorios:<\/strong><\/h4>\n<ul>\n<li>Tres Venom con accesorios de simbiontes, incluidos dos\u00a0 modelos con fauces y uno modelo con cabeza sonriente (con cable; acoplable a la espalda de la figura)<\/li>\n<li>Base de figura de diorama con tem\u00e1tica de simbionte especialmente dise\u00f1ada<\/li>\n<\/ul>\n<\/div>\n<div class=\"product_details__in_box\"><\/div>\n<\/div>\n","protected":false},"excerpt":{"rendered":"<p><strong>Venom Marvel Comics Masterpiece 1\/6th Scale Collectible Figure<\/strong><\/p>\n<p>Venom\u00a0es un sorprendente antih\u00e9roe de\u00a0Marvel Comics\u00a0, conocido por su aterrador simbionte negro que mejora a su anfitri\u00f3n, Eddie Brock. Nacido de un organismo alien\u00edgena, Venom otorga fuerza y \u200b\u200bagilidad sobrehumanas, junto con la capacidad de cambiar de forma. Inicialmente un enemigo de\u00a0Spider-Man\u00a0, encarna una compleja mezcla de venganza y protecci\u00f3n, a menudo difuminando las l\u00edneas entre h\u00e9roe y villano.<\/p>\n<p class=\"p1\">\n","protected":false},"featured_media":164916,"template":"","meta":{"_acf_changed":false,"_kad_blocks_custom_css":"","_kad_blocks_head_custom_js":"","_kad_blocks_body_custom_js":"","_kad_blocks_footer_custom_js":""},"product_cat":[13453,1384],"product_tag":[],"class_list":{"0":"post-164958","1":"product","2":"type-product","3":"status-publish","4":"has-post-thumbnail","6":"product_cat-featured","7":"product_cat-pre-orders","8":"pa_brand-hot-toys-en","9":"pa_character-venom-en","10":"pa_license-marvel-en","11":"pa_product-type-figure","12":"pa_theme-sixth-scale-collectible-en","14":"first","15":"instock","16":"taxable","17":"shipping-taxable","18":"purchasable","19":"product-type-simple"},"acf":[],"yoast_head":"<!-- This site is optimized with the Yoast SEO plugin v26.1.1 - https:\/\/yoast.com\/wordpress\/plugins\/seo\/ -->\n<title>Venom Marvel Comics Masterpiece 1\/6th Scale Collectible Figure - EndormoonStore<\/title>\n<meta name=\"robots\" content=\"index, follow, max-snippet:-1, max-image-preview:large, max-video-preview:-1\" \/>\n<link rel=\"canonical\" href=\"https:\/\/endormoonstore.com\/en\/venom-marvel-comics-masterpiece-1-6th-scale-collectible-figure\/\" \/>\n<meta property=\"og:locale\" content=\"en_US\" \/>\n<meta property=\"og:type\" content=\"article\" \/>\n<meta property=\"og:title\" content=\"Venom Marvel Comics Masterpiece 1\/6th Scale Collectible Figure - EndormoonStore\" \/>\n<meta property=\"og:description\" content=\"Venom Marvel Comics Masterpiece 1\/6th Scale Collectible Figure  Venom\u00a0es un sorprendente antih\u00e9roe de\u00a0Marvel Comics\u00a0, conocido por su aterrador simbionte negro que mejora a su anfitri\u00f3n, Eddie Brock. Nacido de un organismo alien\u00edgena, Venom otorga fuerza y \u200b\u200bagilidad sobrehumanas, junto con la capacidad de cambiar de forma. Inicialmente un enemigo de\u00a0Spider-Man\u00a0, encarna una compleja mezcla de venganza y protecci\u00f3n, a menudo difuminando las l\u00edneas entre h\u00e9roe y villano.\" \/>\n<meta property=\"og:url\" content=\"https:\/\/endormoonstore.com\/en\/venom-marvel-comics-masterpiece-1-6th-scale-collectible-figure\/\" \/>\n<meta property=\"og:site_name\" content=\"EndormoonStore\" \/>\n<meta property=\"article:modified_time\" content=\"2024-10-18T21:52:29+00:00\" \/>\n<meta property=\"og:image\" content=\"https:\/\/endormoonstore.com\/wp-content\/uploads\/2024\/10\/Venom-Marvel-Comics-Masterpiece-1-6th-Scale-Collectible-Figure-1.jpg\" \/>\n\t<meta property=\"og:image:width\" content=\"692\" \/>\n\t<meta property=\"og:image:height\" content=\"1000\" \/>\n\t<meta property=\"og:image:type\" content=\"image\/jpeg\" \/>\n<meta name=\"twitter:card\" content=\"summary_large_image\" \/>\n<meta name=\"twitter:label1\" content=\"Est. reading time\" \/>\n\t<meta name=\"twitter:data1\" content=\"3 minutes\" \/>\n<script type=\"application\/ld+json\" class=\"yoast-schema-graph\">{\"@context\":\"https:\/\/schema.org\",\"@graph\":[{\"@type\":\"WebPage\",\"@id\":\"https:\/\/endormoonstore.com\/en\/venom-marvel-comics-masterpiece-1-6th-scale-collectible-figure\/\",\"url\":\"https:\/\/endormoonstore.com\/en\/venom-marvel-comics-masterpiece-1-6th-scale-collectible-figure\/\",\"name\":\"Venom Marvel Comics Masterpiece 1\/6th Scale Collectible Figure - EndormoonStore\",\"isPartOf\":{\"@id\":\"https:\/\/endormoonstore.com\/#website\"},\"primaryImageOfPage\":{\"@id\":\"https:\/\/endormoonstore.com\/en\/venom-marvel-comics-masterpiece-1-6th-scale-collectible-figure\/#primaryimage\"},\"image\":{\"@id\":\"https:\/\/endormoonstore.com\/en\/venom-marvel-comics-masterpiece-1-6th-scale-collectible-figure\/#primaryimage\"},\"thumbnailUrl\":\"https:\/\/endormoonstore.com\/wp-content\/uploads\/2024\/10\/Venom-Marvel-Comics-Masterpiece-1-6th-Scale-Collectible-Figure-1.jpg\",\"datePublished\":\"2024-10-15T22:45:34+00:00\",\"dateModified\":\"2024-10-18T21:52:29+00:00\",\"breadcrumb\":{\"@id\":\"https:\/\/endormoonstore.com\/en\/venom-marvel-comics-masterpiece-1-6th-scale-collectible-figure\/#breadcrumb\"},\"inLanguage\":\"en-US\",\"potentialAction\":[{\"@type\":\"ReadAction\",\"target\":[\"https:\/\/endormoonstore.com\/en\/venom-marvel-comics-masterpiece-1-6th-scale-collectible-figure\/\"]}]},{\"@type\":\"ImageObject\",\"inLanguage\":\"en-US\",\"@id\":\"https:\/\/endormoonstore.com\/en\/venom-marvel-comics-masterpiece-1-6th-scale-collectible-figure\/#primaryimage\",\"url\":\"https:\/\/endormoonstore.com\/wp-content\/uploads\/2024\/10\/Venom-Marvel-Comics-Masterpiece-1-6th-Scale-Collectible-Figure-1.jpg\",\"contentUrl\":\"https:\/\/endormoonstore.com\/wp-content\/uploads\/2024\/10\/Venom-Marvel-Comics-Masterpiece-1-6th-Scale-Collectible-Figure-1.jpg\",\"width\":692,\"height\":1000},{\"@type\":\"BreadcrumbList\",\"@id\":\"https:\/\/endormoonstore.com\/en\/venom-marvel-comics-masterpiece-1-6th-scale-collectible-figure\/#breadcrumb\",\"itemListElement\":[{\"@type\":\"ListItem\",\"position\":1,\"name\":\"Shop\",\"item\":\"https:\/\/endormoonstore.com\/en\/shop\/\"},{\"@type\":\"ListItem\",\"position\":2,\"name\":\"Venom Marvel Comics Masterpiece 1\/6th Scale Collectible Figure\"}]},{\"@type\":\"WebSite\",\"@id\":\"https:\/\/endormoonstore.com\/#website\",\"url\":\"https:\/\/endormoonstore.com\/\",\"name\":\"EndormoonStore\",\"description\":\"\",\"potentialAction\":[{\"@type\":\"SearchAction\",\"target\":{\"@type\":\"EntryPoint\",\"urlTemplate\":\"https:\/\/endormoonstore.com\/?s={search_term_string}\"},\"query-input\":{\"@type\":\"PropertyValueSpecification\",\"valueRequired\":true,\"valueName\":\"search_term_string\"}}],\"inLanguage\":\"en-US\"}]}<\/script>\n<!-- \/ Yoast SEO plugin. -->","yoast_head_json":{"title":"Venom Marvel Comics Masterpiece 1\/6th Scale Collectible Figure - EndormoonStore","robots":{"index":"index","follow":"follow","max-snippet":"max-snippet:-1","max-image-preview":"max-image-preview:large","max-video-preview":"max-video-preview:-1"},"canonical":"https:\/\/endormoonstore.com\/en\/venom-marvel-comics-masterpiece-1-6th-scale-collectible-figure\/","og_locale":"en_US","og_type":"article","og_title":"Venom Marvel Comics Masterpiece 1\/6th Scale Collectible Figure - EndormoonStore","og_description":"Venom Marvel Comics Masterpiece 1\/6th Scale Collectible Figure  Venom\u00a0es un sorprendente antih\u00e9roe de\u00a0Marvel Comics\u00a0, conocido por su aterrador simbionte negro que mejora a su anfitri\u00f3n, Eddie Brock. Nacido de un organismo alien\u00edgena, Venom otorga fuerza y \u200b\u200bagilidad sobrehumanas, junto con la capacidad de cambiar de forma. Inicialmente un enemigo de\u00a0Spider-Man\u00a0, encarna una compleja mezcla de venganza y protecci\u00f3n, a menudo difuminando las l\u00edneas entre h\u00e9roe y villano.","og_url":"https:\/\/endormoonstore.com\/en\/venom-marvel-comics-masterpiece-1-6th-scale-collectible-figure\/","og_site_name":"EndormoonStore","article_modified_time":"2024-10-18T21:52:29+00:00","og_image":[{"width":692,"height":1000,"url":"https:\/\/endormoonstore.com\/wp-content\/uploads\/2024\/10\/Venom-Marvel-Comics-Masterpiece-1-6th-Scale-Collectible-Figure-1.jpg","type":"image\/jpeg"}],"twitter_card":"summary_large_image","twitter_misc":{"Est. reading time":"3 minutes"},"schema":{"@context":"https:\/\/schema.org","@graph":[{"@type":"WebPage","@id":"https:\/\/endormoonstore.com\/en\/venom-marvel-comics-masterpiece-1-6th-scale-collectible-figure\/","url":"https:\/\/endormoonstore.com\/en\/venom-marvel-comics-masterpiece-1-6th-scale-collectible-figure\/","name":"Venom Marvel Comics Masterpiece 1\/6th Scale Collectible Figure - EndormoonStore","isPartOf":{"@id":"https:\/\/endormoonstore.com\/#website"},"primaryImageOfPage":{"@id":"https:\/\/endormoonstore.com\/en\/venom-marvel-comics-masterpiece-1-6th-scale-collectible-figure\/#primaryimage"},"image":{"@id":"https:\/\/endormoonstore.com\/en\/venom-marvel-comics-masterpiece-1-6th-scale-collectible-figure\/#primaryimage"},"thumbnailUrl":"https:\/\/endormoonstore.com\/wp-content\/uploads\/2024\/10\/Venom-Marvel-Comics-Masterpiece-1-6th-Scale-Collectible-Figure-1.jpg","datePublished":"2024-10-15T22:45:34+00:00","dateModified":"2024-10-18T21:52:29+00:00","breadcrumb":{"@id":"https:\/\/endormoonstore.com\/en\/venom-marvel-comics-masterpiece-1-6th-scale-collectible-figure\/#breadcrumb"},"inLanguage":"en-US","potentialAction":[{"@type":"ReadAction","target":["https:\/\/endormoonstore.com\/en\/venom-marvel-comics-masterpiece-1-6th-scale-collectible-figure\/"]}]},{"@type":"ImageObject","inLanguage":"en-US","@id":"https:\/\/endormoonstore.com\/en\/venom-marvel-comics-masterpiece-1-6th-scale-collectible-figure\/#primaryimage","url":"https:\/\/endormoonstore.com\/wp-content\/uploads\/2024\/10\/Venom-Marvel-Comics-Masterpiece-1-6th-Scale-Collectible-Figure-1.jpg","contentUrl":"https:\/\/endormoonstore.com\/wp-content\/uploads\/2024\/10\/Venom-Marvel-Comics-Masterpiece-1-6th-Scale-Collectible-Figure-1.jpg","width":692,"height":1000},{"@type":"BreadcrumbList","@id":"https:\/\/endormoonstore.com\/en\/venom-marvel-comics-masterpiece-1-6th-scale-collectible-figure\/#breadcrumb","itemListElement":[{"@type":"ListItem","position":1,"name":"Shop","item":"https:\/\/endormoonstore.com\/en\/shop\/"},{"@type":"ListItem","position":2,"name":"Venom Marvel Comics Masterpiece 1\/6th Scale Collectible Figure"}]},{"@type":"WebSite","@id":"https:\/\/endormoonstore.com\/#website","url":"https:\/\/endormoonstore.com\/","name":"EndormoonStore","description":"","potentialAction":[{"@type":"SearchAction","target":{"@type":"EntryPoint","urlTemplate":"https:\/\/endormoonstore.com\/?s={search_term_string}"},"query-input":{"@type":"PropertyValueSpecification","valueRequired":true,"valueName":"search_term_string"}}],"inLanguage":"en-US"}]}},"taxonomy_info":{"product_cat":[{"value":13453,"label":"Featured"},{"value":1384,"label":"Pre-orders"}],"pa_brand":[{"value":1635,"label":"Hot Toys"}],"pa_character":[{"value":10479,"label":"Venom"}],"pa_license":[{"value":1642,"label":"Marvel"}],"pa_product-type":[{"value":2387,"label":"Figure"}],"pa_theme":[{"value":4595,"label":"Sixth Scale Collectible"}]},"featured_image_src_large":["https:\/\/endormoonstore.com\/wp-content\/uploads\/2024\/10\/Venom-Marvel-Comics-Masterpiece-1-6th-Scale-Collectible-Figure-1.jpg",692,1000,false],"author_info":[],"comment_info":"","_links":{"self":[{"href":"https:\/\/endormoonstore.com\/en\/wp-json\/wp\/v2\/product\/164958","targetHints":{"allow":["GET"]}}],"collection":[{"href":"https:\/\/endormoonstore.com\/en\/wp-json\/wp\/v2\/product"}],"about":[{"href":"https:\/\/endormoonstore.com\/en\/wp-json\/wp\/v2\/types\/product"}],"wp:featuredmedia":[{"embeddable":true,"href":"https:\/\/endormoonstore.com\/en\/wp-json\/wp\/v2\/media\/164916"}],"wp:attachment":[{"href":"https:\/\/endormoonstore.com\/en\/wp-json\/wp\/v2\/media?parent=164958"}],"wp:term":[{"taxonomy":"product_cat","embeddable":true,"href":"https:\/\/endormoonstore.com\/en\/wp-json\/wp\/v2\/product_cat?post=164958"},{"taxonomy":"product_tag","embeddable":true,"href":"https:\/\/endormoonstore.com\/en\/wp-json\/wp\/v2\/product_tag?post=164958"}],"curies":[{"name":"wp","href":"https:\/\/api.w.org\/{rel}","templated":true}]}}