{"id":164877,"date":"2024-10-16T00:35:21","date_gmt":"2024-10-15T22:35:21","guid":{"rendered":"https:\/\/endormoonstore.com\/coco-witch-hat-atelier-1-8th-scale\/"},"modified":"2024-10-18T16:32:43","modified_gmt":"2024-10-18T14:32:43","slug":"coco-witch-hat-atelier-1-8th-scale","status":"publish","type":"product","link":"https:\/\/endormoonstore.com\/en\/coco-witch-hat-atelier-1-8th-scale\/","title":{"rendered":"Coco Witch Hat Atelier 1\/8th Scale"},"content":{"rendered":"<p class=\"p1\"><b>Coco Witch Hat Atelier 1\/8th Scale<\/b><\/p>\n<ul class=\"ul1\">\n<li class=\"li1\">Del manga Witch Hat Atelier llega una figura de Kotobukiya fabricada en PVC y ABS de alta calidad a escala 1\/8 de la protagonista, Coco. Esta figura altamente detallada captura perfectamente el dise\u00f1o y la esencia de la ilustraci\u00f3n de Kamome Shirahama y ha sido completamente revisada y aprobada para replicar el mundo de Witch Hat Atelier desde cualquier \u00e1ngulo y tiene una altura aproximada de 21,5 cm.<\/li>\n<li class=\"li1\">Desde la escultura hasta la pintura, esta figura se ha dise\u00f1ado para que parezca que la ilustraci\u00f3n de Kamome Shirahama ha cobrado vida. Se han utilizado m\u00faltiples variaciones de pintura dorada para crear un equilibrio realista de colores y profundidad.<\/li>\n<li class=\"li1\">Observe el contraste entre la suavidad de Brushbuddy, el peso y las arrugas de la ropa y la textura de la esfera armilar.<\/li>\n<li class=\"li1\">Disfrute de la armon\u00eda entre la suave sonrisa de Coco y la naturaleza antigua de la esfera armilar en esta figura.<\/li>\n<\/ul>\n","protected":false},"excerpt":{"rendered":"<p><strong>Coco Witch Hat Atelier 1\/8th Scale<\/strong><\/p>\n<p>Del manga Witch Hat Atelier llega una figura de Kotobukiya fabricada en PVC y ABS de alta calidad a escala 1\/8 de la protagonista, Coco. Esta figura altamente detallada captura perfectamente el dise\u00f1o y la esencia de la ilustraci\u00f3n de Kamome Shirahama y ha sido completamente revisada y aprobada para replicar el mundo de Witch Hat Atelier desde cualquier \u00e1ngulo y tiene una altura aproximada de 21,5 cm.<\/p>\n","protected":false},"featured_media":164845,"template":"","meta":{"_acf_changed":false,"_kad_blocks_custom_css":"","_kad_blocks_head_custom_js":"","_kad_blocks_body_custom_js":"","_kad_blocks_footer_custom_js":""},"product_cat":[1390],"product_tag":[],"class_list":{"0":"post-164877","1":"product","2":"type-product","3":"status-publish","4":"has-post-thumbnail","6":"product_cat-figures","7":"pa_brand-kotobukiya-en","8":"pa_character-coco-en","9":"pa_license-witch-hat-atelier-en","10":"pa_product-type-statue","11":"pa_theme-1-8-scale-figure-en","13":"first","14":"outofstock","15":"taxable","16":"shipping-taxable","17":"purchasable","18":"product-type-simple"},"acf":[],"yoast_head":"<!-- This site is optimized with the Yoast SEO plugin v26.1.1 - https:\/\/yoast.com\/wordpress\/plugins\/seo\/ -->\n<title>Coco Witch Hat Atelier 1\/8th Scale - EndormoonStore<\/title>\n<meta name=\"robots\" content=\"index, follow, max-snippet:-1, max-image-preview:large, max-video-preview:-1\" \/>\n<link rel=\"canonical\" href=\"https:\/\/endormoonstore.com\/en\/coco-witch-hat-atelier-1-8th-scale\/\" \/>\n<meta property=\"og:locale\" content=\"en_US\" \/>\n<meta property=\"og:type\" content=\"article\" \/>\n<meta property=\"og:title\" content=\"Coco Witch Hat Atelier 1\/8th Scale - EndormoonStore\" \/>\n<meta property=\"og:description\" content=\"Coco Witch Hat Atelier 1\/8th Scale  Del manga Witch Hat Atelier llega una figura de Kotobukiya fabricada en PVC y ABS de alta calidad a escala 1\/8 de la protagonista, Coco. Esta figura altamente detallada captura perfectamente el dise\u00f1o y la esencia de la ilustraci\u00f3n de Kamome Shirahama y ha sido completamente revisada y aprobada para replicar el mundo de Witch Hat Atelier desde cualquier \u00e1ngulo y tiene una altura aproximada de 21,5 cm.\" \/>\n<meta property=\"og:url\" content=\"https:\/\/endormoonstore.com\/en\/coco-witch-hat-atelier-1-8th-scale\/\" \/>\n<meta property=\"og:site_name\" content=\"EndormoonStore\" \/>\n<meta property=\"article:modified_time\" content=\"2024-10-18T14:32:43+00:00\" \/>\n<meta property=\"og:image\" content=\"https:\/\/endormoonstore.com\/wp-content\/uploads\/2024\/10\/Coco-Witch-Hat-Atelier-1-8th-Scale-1.jpg\" \/>\n\t<meta property=\"og:image:width\" content=\"741\" \/>\n\t<meta property=\"og:image:height\" content=\"1000\" \/>\n\t<meta property=\"og:image:type\" content=\"image\/jpeg\" \/>\n<meta name=\"twitter:card\" content=\"summary_large_image\" \/>\n<meta name=\"twitter:label1\" content=\"Est. reading time\" \/>\n\t<meta name=\"twitter:data1\" content=\"1 minute\" \/>\n<script type=\"application\/ld+json\" class=\"yoast-schema-graph\">{\"@context\":\"https:\/\/schema.org\",\"@graph\":[{\"@type\":\"WebPage\",\"@id\":\"https:\/\/endormoonstore.com\/en\/coco-witch-hat-atelier-1-8th-scale\/\",\"url\":\"https:\/\/endormoonstore.com\/en\/coco-witch-hat-atelier-1-8th-scale\/\",\"name\":\"Coco Witch Hat Atelier 1\/8th Scale - EndormoonStore\",\"isPartOf\":{\"@id\":\"https:\/\/endormoonstore.com\/#website\"},\"primaryImageOfPage\":{\"@id\":\"https:\/\/endormoonstore.com\/en\/coco-witch-hat-atelier-1-8th-scale\/#primaryimage\"},\"image\":{\"@id\":\"https:\/\/endormoonstore.com\/en\/coco-witch-hat-atelier-1-8th-scale\/#primaryimage\"},\"thumbnailUrl\":\"https:\/\/endormoonstore.com\/wp-content\/uploads\/2024\/10\/Coco-Witch-Hat-Atelier-1-8th-Scale-1.jpg\",\"datePublished\":\"2024-10-15T22:35:21+00:00\",\"dateModified\":\"2024-10-18T14:32:43+00:00\",\"breadcrumb\":{\"@id\":\"https:\/\/endormoonstore.com\/en\/coco-witch-hat-atelier-1-8th-scale\/#breadcrumb\"},\"inLanguage\":\"en-US\",\"potentialAction\":[{\"@type\":\"ReadAction\",\"target\":[\"https:\/\/endormoonstore.com\/en\/coco-witch-hat-atelier-1-8th-scale\/\"]}]},{\"@type\":\"ImageObject\",\"inLanguage\":\"en-US\",\"@id\":\"https:\/\/endormoonstore.com\/en\/coco-witch-hat-atelier-1-8th-scale\/#primaryimage\",\"url\":\"https:\/\/endormoonstore.com\/wp-content\/uploads\/2024\/10\/Coco-Witch-Hat-Atelier-1-8th-Scale-1.jpg\",\"contentUrl\":\"https:\/\/endormoonstore.com\/wp-content\/uploads\/2024\/10\/Coco-Witch-Hat-Atelier-1-8th-Scale-1.jpg\",\"width\":741,\"height\":1000},{\"@type\":\"BreadcrumbList\",\"@id\":\"https:\/\/endormoonstore.com\/en\/coco-witch-hat-atelier-1-8th-scale\/#breadcrumb\",\"itemListElement\":[{\"@type\":\"ListItem\",\"position\":1,\"name\":\"Shop\",\"item\":\"https:\/\/endormoonstore.com\/en\/shop\/\"},{\"@type\":\"ListItem\",\"position\":2,\"name\":\"Coco Witch Hat Atelier 1\/8th Scale\"}]},{\"@type\":\"WebSite\",\"@id\":\"https:\/\/endormoonstore.com\/#website\",\"url\":\"https:\/\/endormoonstore.com\/\",\"name\":\"EndormoonStore\",\"description\":\"\",\"potentialAction\":[{\"@type\":\"SearchAction\",\"target\":{\"@type\":\"EntryPoint\",\"urlTemplate\":\"https:\/\/endormoonstore.com\/?s={search_term_string}\"},\"query-input\":{\"@type\":\"PropertyValueSpecification\",\"valueRequired\":true,\"valueName\":\"search_term_string\"}}],\"inLanguage\":\"en-US\"}]}<\/script>\n<!-- \/ Yoast SEO plugin. -->","yoast_head_json":{"title":"Coco Witch Hat Atelier 1\/8th Scale - EndormoonStore","robots":{"index":"index","follow":"follow","max-snippet":"max-snippet:-1","max-image-preview":"max-image-preview:large","max-video-preview":"max-video-preview:-1"},"canonical":"https:\/\/endormoonstore.com\/en\/coco-witch-hat-atelier-1-8th-scale\/","og_locale":"en_US","og_type":"article","og_title":"Coco Witch Hat Atelier 1\/8th Scale - EndormoonStore","og_description":"Coco Witch Hat Atelier 1\/8th Scale  Del manga Witch Hat Atelier llega una figura de Kotobukiya fabricada en PVC y ABS de alta calidad a escala 1\/8 de la protagonista, Coco. Esta figura altamente detallada captura perfectamente el dise\u00f1o y la esencia de la ilustraci\u00f3n de Kamome Shirahama y ha sido completamente revisada y aprobada para replicar el mundo de Witch Hat Atelier desde cualquier \u00e1ngulo y tiene una altura aproximada de 21,5 cm.","og_url":"https:\/\/endormoonstore.com\/en\/coco-witch-hat-atelier-1-8th-scale\/","og_site_name":"EndormoonStore","article_modified_time":"2024-10-18T14:32:43+00:00","og_image":[{"width":741,"height":1000,"url":"https:\/\/endormoonstore.com\/wp-content\/uploads\/2024\/10\/Coco-Witch-Hat-Atelier-1-8th-Scale-1.jpg","type":"image\/jpeg"}],"twitter_card":"summary_large_image","twitter_misc":{"Est. reading time":"1 minute"},"schema":{"@context":"https:\/\/schema.org","@graph":[{"@type":"WebPage","@id":"https:\/\/endormoonstore.com\/en\/coco-witch-hat-atelier-1-8th-scale\/","url":"https:\/\/endormoonstore.com\/en\/coco-witch-hat-atelier-1-8th-scale\/","name":"Coco Witch Hat Atelier 1\/8th Scale - EndormoonStore","isPartOf":{"@id":"https:\/\/endormoonstore.com\/#website"},"primaryImageOfPage":{"@id":"https:\/\/endormoonstore.com\/en\/coco-witch-hat-atelier-1-8th-scale\/#primaryimage"},"image":{"@id":"https:\/\/endormoonstore.com\/en\/coco-witch-hat-atelier-1-8th-scale\/#primaryimage"},"thumbnailUrl":"https:\/\/endormoonstore.com\/wp-content\/uploads\/2024\/10\/Coco-Witch-Hat-Atelier-1-8th-Scale-1.jpg","datePublished":"2024-10-15T22:35:21+00:00","dateModified":"2024-10-18T14:32:43+00:00","breadcrumb":{"@id":"https:\/\/endormoonstore.com\/en\/coco-witch-hat-atelier-1-8th-scale\/#breadcrumb"},"inLanguage":"en-US","potentialAction":[{"@type":"ReadAction","target":["https:\/\/endormoonstore.com\/en\/coco-witch-hat-atelier-1-8th-scale\/"]}]},{"@type":"ImageObject","inLanguage":"en-US","@id":"https:\/\/endormoonstore.com\/en\/coco-witch-hat-atelier-1-8th-scale\/#primaryimage","url":"https:\/\/endormoonstore.com\/wp-content\/uploads\/2024\/10\/Coco-Witch-Hat-Atelier-1-8th-Scale-1.jpg","contentUrl":"https:\/\/endormoonstore.com\/wp-content\/uploads\/2024\/10\/Coco-Witch-Hat-Atelier-1-8th-Scale-1.jpg","width":741,"height":1000},{"@type":"BreadcrumbList","@id":"https:\/\/endormoonstore.com\/en\/coco-witch-hat-atelier-1-8th-scale\/#breadcrumb","itemListElement":[{"@type":"ListItem","position":1,"name":"Shop","item":"https:\/\/endormoonstore.com\/en\/shop\/"},{"@type":"ListItem","position":2,"name":"Coco Witch Hat Atelier 1\/8th Scale"}]},{"@type":"WebSite","@id":"https:\/\/endormoonstore.com\/#website","url":"https:\/\/endormoonstore.com\/","name":"EndormoonStore","description":"","potentialAction":[{"@type":"SearchAction","target":{"@type":"EntryPoint","urlTemplate":"https:\/\/endormoonstore.com\/?s={search_term_string}"},"query-input":{"@type":"PropertyValueSpecification","valueRequired":true,"valueName":"search_term_string"}}],"inLanguage":"en-US"}]}},"taxonomy_info":{"product_cat":[{"value":1390,"label":"Figures"}],"pa_brand":[{"value":1636,"label":"Kotobukiya"}],"pa_character":[{"value":14841,"label":"Coco"}],"pa_license":[{"value":14839,"label":"Witch Hat Atelier"}],"pa_product-type":[{"value":2357,"label":"Statue"}],"pa_theme":[{"value":9778,"label":"1\/8 Scale Figure"}]},"featured_image_src_large":["https:\/\/endormoonstore.com\/wp-content\/uploads\/2024\/10\/Coco-Witch-Hat-Atelier-1-8th-Scale-1.jpg",741,1000,false],"author_info":[],"comment_info":"","_links":{"self":[{"href":"https:\/\/endormoonstore.com\/en\/wp-json\/wp\/v2\/product\/164877","targetHints":{"allow":["GET"]}}],"collection":[{"href":"https:\/\/endormoonstore.com\/en\/wp-json\/wp\/v2\/product"}],"about":[{"href":"https:\/\/endormoonstore.com\/en\/wp-json\/wp\/v2\/types\/product"}],"wp:featuredmedia":[{"embeddable":true,"href":"https:\/\/endormoonstore.com\/en\/wp-json\/wp\/v2\/media\/164845"}],"wp:attachment":[{"href":"https:\/\/endormoonstore.com\/en\/wp-json\/wp\/v2\/media?parent=164877"}],"wp:term":[{"taxonomy":"product_cat","embeddable":true,"href":"https:\/\/endormoonstore.com\/en\/wp-json\/wp\/v2\/product_cat?post=164877"},{"taxonomy":"product_tag","embeddable":true,"href":"https:\/\/endormoonstore.com\/en\/wp-json\/wp\/v2\/product_tag?post=164877"}],"curies":[{"name":"wp","href":"https:\/\/api.w.org\/{rel}","templated":true}]}}