{"id":164780,"date":"2024-10-16T00:20:22","date_gmt":"2024-10-15T22:20:22","guid":{"rendered":"https:\/\/endormoonstore.com\/star-wars-the-mandalorian-n-1-starfighter-x-transformers-collaborative\/"},"modified":"2024-10-17T22:44:03","modified_gmt":"2024-10-17T20:44:03","slug":"star-wars-the-mandalorian-n-1-starfighter-x-transformers-collaborative","status":"publish","type":"product","link":"https:\/\/endormoonstore.com\/en\/star-wars-the-mandalorian-n-1-starfighter-x-transformers-collaborative\/","title":{"rendered":"Star Wars: The Mandalorian N-1 Starfighter X Transformers Collaborative"},"content":{"rendered":"<p class=\"p1\"><b>Star Wars: The Mandalorian N-1 Starfighter X Transformers Collaborative<\/b><\/p>\n<ul class=\"ul1\">\n<li class=\"li1\">Hasbro presenta, dentro de la colecci\u00f3n Transformers Collaborative, la figura de The Mandalorian N-1 Starfighter Transformer. Est\u00e1 inspirada en la serie de TV &#8220;Star Wars: The Mandalorian&#8221; y puede pasar de modo nave al modo personaje en 37 pasos.<\/li>\n<li class=\"li1\">Mide 19 cm e incluye seis efectos de combate y dos bl\u00e1sters. Tambi\u00e9n se incluyen una capa y un escudo que se convierten en base de exhibici\u00f3n en el modo nave estelar.<\/li>\n<\/ul>\n","protected":false},"excerpt":{"rendered":"<p class=\"p1\"><strong>Star Wars: The Mandalorian N-1 Starfighter X Transformers Collaborative<\/strong><\/p>\n<p class=\"p1\">Hasbro presenta, dentro de la colecci\u00f3n Transformers Collaborative, la figura de The Mandalorian N-1 Starfighter Transformer. Est\u00e1 inspirada en la serie de TV &#8220;Star Wars: The Mandalorian&#8221; y puede pasar de modo nave al modo personaje en 37 pasos.<\/p>\n","protected":false},"featured_media":164749,"template":"","meta":{"_acf_changed":false,"_kad_blocks_custom_css":"","_kad_blocks_head_custom_js":"","_kad_blocks_body_custom_js":"","_kad_blocks_footer_custom_js":""},"product_cat":[1384],"product_tag":[],"class_list":{"0":"post-164780","1":"product","2":"type-product","3":"status-publish","4":"has-post-thumbnail","6":"product_cat-pre-orders","7":"pa_brand-hasbro-en","8":"pa_character-n-1-starfighter-en","9":"pa_episode-the-mandalorian-en","10":"pa_license-star-wars-en","11":"pa_license-transformers-en","12":"pa_product-type-figure","13":"pa_theme-transformers-collaborative-en","15":"first","16":"instock","17":"taxable","18":"shipping-taxable","19":"purchasable","20":"product-type-simple"},"acf":[],"yoast_head":"<!-- This site is optimized with the Yoast SEO plugin v26.1.1 - https:\/\/yoast.com\/wordpress\/plugins\/seo\/ -->\n<title>Star Wars: The Mandalorian N-1 Starfighter X Transformers Collaborative - EndormoonStore<\/title>\n<meta name=\"robots\" content=\"index, follow, max-snippet:-1, max-image-preview:large, max-video-preview:-1\" \/>\n<link rel=\"canonical\" href=\"https:\/\/endormoonstore.com\/en\/star-wars-the-mandalorian-n-1-starfighter-x-transformers-collaborative\/\" \/>\n<meta property=\"og:locale\" content=\"en_US\" \/>\n<meta property=\"og:type\" content=\"article\" \/>\n<meta property=\"og:title\" content=\"Star Wars: The Mandalorian N-1 Starfighter X Transformers Collaborative - EndormoonStore\" \/>\n<meta property=\"og:description\" content=\"Star Wars: The Mandalorian N-1 Starfighter X Transformers Collaborative Hasbro presenta, dentro de la colecci\u00f3n Transformers Collaborative, la figura de The Mandalorian N-1 Starfighter Transformer. Est\u00e1 inspirada en la serie de TV &quot;Star Wars: The Mandalorian&quot; y puede pasar de modo nave al modo personaje en 37 pasos.\" \/>\n<meta property=\"og:url\" content=\"https:\/\/endormoonstore.com\/en\/star-wars-the-mandalorian-n-1-starfighter-x-transformers-collaborative\/\" \/>\n<meta property=\"og:site_name\" content=\"EndormoonStore\" \/>\n<meta property=\"article:modified_time\" content=\"2024-10-17T20:44:03+00:00\" \/>\n<meta property=\"og:image\" content=\"https:\/\/endormoonstore.com\/wp-content\/uploads\/2024\/10\/Star-Wars-The-Mandalorian-N-1-Starfighter-X-Transformers-Collaborative-1.jpg\" \/>\n\t<meta property=\"og:image:width\" content=\"1000\" \/>\n\t<meta property=\"og:image:height\" content=\"1000\" \/>\n\t<meta property=\"og:image:type\" content=\"image\/jpeg\" \/>\n<meta name=\"twitter:card\" content=\"summary_large_image\" \/>\n<meta name=\"twitter:label1\" content=\"Est. reading time\" \/>\n\t<meta name=\"twitter:data1\" content=\"1 minute\" \/>\n<script type=\"application\/ld+json\" class=\"yoast-schema-graph\">{\"@context\":\"https:\/\/schema.org\",\"@graph\":[{\"@type\":\"WebPage\",\"@id\":\"https:\/\/endormoonstore.com\/en\/star-wars-the-mandalorian-n-1-starfighter-x-transformers-collaborative\/\",\"url\":\"https:\/\/endormoonstore.com\/en\/star-wars-the-mandalorian-n-1-starfighter-x-transformers-collaborative\/\",\"name\":\"Star Wars: The Mandalorian N-1 Starfighter X Transformers Collaborative - EndormoonStore\",\"isPartOf\":{\"@id\":\"https:\/\/endormoonstore.com\/#website\"},\"primaryImageOfPage\":{\"@id\":\"https:\/\/endormoonstore.com\/en\/star-wars-the-mandalorian-n-1-starfighter-x-transformers-collaborative\/#primaryimage\"},\"image\":{\"@id\":\"https:\/\/endormoonstore.com\/en\/star-wars-the-mandalorian-n-1-starfighter-x-transformers-collaborative\/#primaryimage\"},\"thumbnailUrl\":\"https:\/\/endormoonstore.com\/wp-content\/uploads\/2024\/10\/Star-Wars-The-Mandalorian-N-1-Starfighter-X-Transformers-Collaborative-1.jpg\",\"datePublished\":\"2024-10-15T22:20:22+00:00\",\"dateModified\":\"2024-10-17T20:44:03+00:00\",\"breadcrumb\":{\"@id\":\"https:\/\/endormoonstore.com\/en\/star-wars-the-mandalorian-n-1-starfighter-x-transformers-collaborative\/#breadcrumb\"},\"inLanguage\":\"en-US\",\"potentialAction\":[{\"@type\":\"ReadAction\",\"target\":[\"https:\/\/endormoonstore.com\/en\/star-wars-the-mandalorian-n-1-starfighter-x-transformers-collaborative\/\"]}]},{\"@type\":\"ImageObject\",\"inLanguage\":\"en-US\",\"@id\":\"https:\/\/endormoonstore.com\/en\/star-wars-the-mandalorian-n-1-starfighter-x-transformers-collaborative\/#primaryimage\",\"url\":\"https:\/\/endormoonstore.com\/wp-content\/uploads\/2024\/10\/Star-Wars-The-Mandalorian-N-1-Starfighter-X-Transformers-Collaborative-1.jpg\",\"contentUrl\":\"https:\/\/endormoonstore.com\/wp-content\/uploads\/2024\/10\/Star-Wars-The-Mandalorian-N-1-Starfighter-X-Transformers-Collaborative-1.jpg\",\"width\":1000,\"height\":1000},{\"@type\":\"BreadcrumbList\",\"@id\":\"https:\/\/endormoonstore.com\/en\/star-wars-the-mandalorian-n-1-starfighter-x-transformers-collaborative\/#breadcrumb\",\"itemListElement\":[{\"@type\":\"ListItem\",\"position\":1,\"name\":\"Shop\",\"item\":\"https:\/\/endormoonstore.com\/en\/shop\/\"},{\"@type\":\"ListItem\",\"position\":2,\"name\":\"Star Wars: The Mandalorian N-1 Starfighter X Transformers Collaborative\"}]},{\"@type\":\"WebSite\",\"@id\":\"https:\/\/endormoonstore.com\/#website\",\"url\":\"https:\/\/endormoonstore.com\/\",\"name\":\"EndormoonStore\",\"description\":\"\",\"potentialAction\":[{\"@type\":\"SearchAction\",\"target\":{\"@type\":\"EntryPoint\",\"urlTemplate\":\"https:\/\/endormoonstore.com\/?s={search_term_string}\"},\"query-input\":{\"@type\":\"PropertyValueSpecification\",\"valueRequired\":true,\"valueName\":\"search_term_string\"}}],\"inLanguage\":\"en-US\"}]}<\/script>\n<!-- \/ Yoast SEO plugin. -->","yoast_head_json":{"title":"Star Wars: The Mandalorian N-1 Starfighter X Transformers Collaborative - EndormoonStore","robots":{"index":"index","follow":"follow","max-snippet":"max-snippet:-1","max-image-preview":"max-image-preview:large","max-video-preview":"max-video-preview:-1"},"canonical":"https:\/\/endormoonstore.com\/en\/star-wars-the-mandalorian-n-1-starfighter-x-transformers-collaborative\/","og_locale":"en_US","og_type":"article","og_title":"Star Wars: The Mandalorian N-1 Starfighter X Transformers Collaborative - EndormoonStore","og_description":"Star Wars: The Mandalorian N-1 Starfighter X Transformers Collaborative Hasbro presenta, dentro de la colecci\u00f3n Transformers Collaborative, la figura de The Mandalorian N-1 Starfighter Transformer. Est\u00e1 inspirada en la serie de TV \"Star Wars: The Mandalorian\" y puede pasar de modo nave al modo personaje en 37 pasos.","og_url":"https:\/\/endormoonstore.com\/en\/star-wars-the-mandalorian-n-1-starfighter-x-transformers-collaborative\/","og_site_name":"EndormoonStore","article_modified_time":"2024-10-17T20:44:03+00:00","og_image":[{"width":1000,"height":1000,"url":"https:\/\/endormoonstore.com\/wp-content\/uploads\/2024\/10\/Star-Wars-The-Mandalorian-N-1-Starfighter-X-Transformers-Collaborative-1.jpg","type":"image\/jpeg"}],"twitter_card":"summary_large_image","twitter_misc":{"Est. reading time":"1 minute"},"schema":{"@context":"https:\/\/schema.org","@graph":[{"@type":"WebPage","@id":"https:\/\/endormoonstore.com\/en\/star-wars-the-mandalorian-n-1-starfighter-x-transformers-collaborative\/","url":"https:\/\/endormoonstore.com\/en\/star-wars-the-mandalorian-n-1-starfighter-x-transformers-collaborative\/","name":"Star Wars: The Mandalorian N-1 Starfighter X Transformers Collaborative - EndormoonStore","isPartOf":{"@id":"https:\/\/endormoonstore.com\/#website"},"primaryImageOfPage":{"@id":"https:\/\/endormoonstore.com\/en\/star-wars-the-mandalorian-n-1-starfighter-x-transformers-collaborative\/#primaryimage"},"image":{"@id":"https:\/\/endormoonstore.com\/en\/star-wars-the-mandalorian-n-1-starfighter-x-transformers-collaborative\/#primaryimage"},"thumbnailUrl":"https:\/\/endormoonstore.com\/wp-content\/uploads\/2024\/10\/Star-Wars-The-Mandalorian-N-1-Starfighter-X-Transformers-Collaborative-1.jpg","datePublished":"2024-10-15T22:20:22+00:00","dateModified":"2024-10-17T20:44:03+00:00","breadcrumb":{"@id":"https:\/\/endormoonstore.com\/en\/star-wars-the-mandalorian-n-1-starfighter-x-transformers-collaborative\/#breadcrumb"},"inLanguage":"en-US","potentialAction":[{"@type":"ReadAction","target":["https:\/\/endormoonstore.com\/en\/star-wars-the-mandalorian-n-1-starfighter-x-transformers-collaborative\/"]}]},{"@type":"ImageObject","inLanguage":"en-US","@id":"https:\/\/endormoonstore.com\/en\/star-wars-the-mandalorian-n-1-starfighter-x-transformers-collaborative\/#primaryimage","url":"https:\/\/endormoonstore.com\/wp-content\/uploads\/2024\/10\/Star-Wars-The-Mandalorian-N-1-Starfighter-X-Transformers-Collaborative-1.jpg","contentUrl":"https:\/\/endormoonstore.com\/wp-content\/uploads\/2024\/10\/Star-Wars-The-Mandalorian-N-1-Starfighter-X-Transformers-Collaborative-1.jpg","width":1000,"height":1000},{"@type":"BreadcrumbList","@id":"https:\/\/endormoonstore.com\/en\/star-wars-the-mandalorian-n-1-starfighter-x-transformers-collaborative\/#breadcrumb","itemListElement":[{"@type":"ListItem","position":1,"name":"Shop","item":"https:\/\/endormoonstore.com\/en\/shop\/"},{"@type":"ListItem","position":2,"name":"Star Wars: The Mandalorian N-1 Starfighter X Transformers Collaborative"}]},{"@type":"WebSite","@id":"https:\/\/endormoonstore.com\/#website","url":"https:\/\/endormoonstore.com\/","name":"EndormoonStore","description":"","potentialAction":[{"@type":"SearchAction","target":{"@type":"EntryPoint","urlTemplate":"https:\/\/endormoonstore.com\/?s={search_term_string}"},"query-input":{"@type":"PropertyValueSpecification","valueRequired":true,"valueName":"search_term_string"}}],"inLanguage":"en-US"}]}},"taxonomy_info":{"product_cat":[{"value":1384,"label":"Pre-orders"}],"pa_brand":[{"value":2084,"label":"Hasbro"}],"pa_character":[{"value":13801,"label":"N-1 Starfighter"}],"pa_episode":[{"value":1993,"label":"The Mandalorian"}],"pa_license":[{"value":1644,"label":"Star Wars"},{"value":1873,"label":"Transformers"}],"pa_product-type":[{"value":2387,"label":"Figure"}],"pa_theme":[{"value":4370,"label":"Transformers Collaborative"}]},"featured_image_src_large":["https:\/\/endormoonstore.com\/wp-content\/uploads\/2024\/10\/Star-Wars-The-Mandalorian-N-1-Starfighter-X-Transformers-Collaborative-1.jpg",1000,1000,false],"author_info":[],"comment_info":"","_links":{"self":[{"href":"https:\/\/endormoonstore.com\/en\/wp-json\/wp\/v2\/product\/164780","targetHints":{"allow":["GET"]}}],"collection":[{"href":"https:\/\/endormoonstore.com\/en\/wp-json\/wp\/v2\/product"}],"about":[{"href":"https:\/\/endormoonstore.com\/en\/wp-json\/wp\/v2\/types\/product"}],"wp:featuredmedia":[{"embeddable":true,"href":"https:\/\/endormoonstore.com\/en\/wp-json\/wp\/v2\/media\/164749"}],"wp:attachment":[{"href":"https:\/\/endormoonstore.com\/en\/wp-json\/wp\/v2\/media?parent=164780"}],"wp:term":[{"taxonomy":"product_cat","embeddable":true,"href":"https:\/\/endormoonstore.com\/en\/wp-json\/wp\/v2\/product_cat?post=164780"},{"taxonomy":"product_tag","embeddable":true,"href":"https:\/\/endormoonstore.com\/en\/wp-json\/wp\/v2\/product_tag?post=164780"}],"curies":[{"name":"wp","href":"https:\/\/api.w.org\/{rel}","templated":true}]}}