{"id":164380,"date":"2024-09-20T04:15:39","date_gmt":"2024-09-20T02:15:39","guid":{"rendered":"https:\/\/endormoonstore.com\/spider-man-the-amazing-spider-man-movie-masterpiece-1-6th-scale-collectible-figure\/"},"modified":"2024-10-13T16:47:16","modified_gmt":"2024-10-13T14:47:16","slug":"spider-man-the-amazing-spider-man-movie-masterpiece-1-6th-scale-collectible-figure","status":"publish","type":"product","link":"https:\/\/endormoonstore.com\/en\/spider-man-the-amazing-spider-man-movie-masterpiece-1-6th-scale-collectible-figure\/","title":{"rendered":"Spider-Man The Amazing Spider-Man Movie Masterpiece 1\/6th Scale Collectible Figure"},"content":{"rendered":"<p><strong>Spider-Man The Amazing Spider-Man Movie Masterpiece 1\/6th Scale Collectible Figure<\/strong><\/p>\n<div id=\"prod-summary\">\n<div class=\"product_details__in_box\">\n<ul>\n<li>Al final, alguien tiene que intervenir y salvar el d\u00eda, y ese es nuestro amigable vecino\u00a0\u00a0Spider-Man . En <em>The Amazing Spider-Man<\/em>\u00a0, Andrew Garfield demuestra a la perfecci\u00f3n a los fan\u00e1ticos un Spider-Man realista junto al Peter Parker de Gwen.<\/li>\n<li>\u00a1Tu amigable vecino Spider-Man regresa a tu camino mientras Hot Toys est\u00e1 encantado de presentar la <strong>sorprendente figura coleccionable de escala 1\/6 de Spider-Man<\/strong>\u00a0a tu colecci\u00f3n de Spidey!<\/li>\n<li>Basada en la apariencia de Peter Parker \/ Spider-Man de Andrew Garfield en la pel\u00edcula, la\u00a0figura coleccionable de sexta escala\u00a0meticulosamente elaborada presenta una escultura de cabeza\u00a0de Peter Parke<a href=\"https:\/\/www.sideshow.com\/characters\/spider-man\" target=\"_blank\" rel=\"noopener\">r<\/a>\u00a0recientemente desarrollada con globos oculares giratorios separados, una escultura de cabeza enmascarada; un traje rojo y azul excepcionalmente confeccionado con patr\u00f3n de red, encarnado por un cuerpo especializado recientemente desarrollado con articulaci\u00f3n mejorada; una variedad de accesorios que incluyen una patineta, una mochila, un tel\u00e9fono celular, una c\u00e1mara con tira y una m\u00e1scara de Spider-Man, as\u00ed como varios accesorios de red y un soporte de figura din\u00e1mico.<\/li>\n<li>\u00a1Reserva un lugar para tu pr\u00f3xima\u00a0<strong>figura coleccionable de escala 1\/6 de The Amazing Spider-Man<\/strong>\u00a0favorita !<\/li>\n<\/ul>\n<h4>Qu\u00e9 hay en la caja:<\/h4>\n<ul>\n<li>Imagen aut\u00e9ntica y detallada de Andrew Garfield como Peter Parker\/Spider-Man en The Amazing Spider-Man<\/li>\n<li>Una escultura de cabeza recientemente desarrollada con globos oculares giratorios separados<\/li>\n<li>Una cabeza enmascarada reci\u00e9n elaborada<\/li>\n<li>Expresi\u00f3n facial fiel a la pel\u00edcula con textura de piel.<\/li>\n<li>Cuerpo de nuevo desarrollo con 30 puntos de articulaci\u00f3n.<\/li>\n<li>Aproximadamente 30 cm de alto<\/li>\n<li>Diez piezas de manos intercambiables con patr\u00f3n de red negra que incluyen:\n<ul>\n<li>Un par de pu\u00f1os<\/li>\n<li>Un par de manos abiertas<\/li>\n<li>Un par de manos para lanzar telara\u00f1as<\/li>\n<li>Un par de manos que se balancean en la telara\u00f1a<\/li>\n<li>Un tel\u00e9fono celular sosteniendo la mano derecha<\/li>\n<li>Una c\u00e1mara sujetada con la mano izquierda<\/li>\n<\/ul>\n<\/li>\n<li>Cada escultura de cabeza est\u00e1 especialmente pintada a mano.<\/li>\n<\/ul>\n<h4>Traje:<\/h4>\n<ul>\n<li>Un traje de Spider-Man de color rojo y azul reci\u00e9n confeccionado, con detalles negros en relieve, patrones de telara\u00f1a y lanzadores de telara\u00f1as.<\/li>\n<\/ul>\n<h4><strong>Accesorios:<\/strong><\/h4>\n<ul>\n<li>Una m\u00e1scara de Spider-Man (no se puede usar en la figura)<\/li>\n<li>Seis tiras de telara\u00f1a de diferentes formas y longitudes (que se pueden unir a los lanzadores de telara\u00f1as)<\/li>\n<li>Un monopat\u00edn<\/li>\n<li>Una mochila<\/li>\n<li>Un tel\u00e9fono celular<\/li>\n<li>Una c\u00e1mara con correa<\/li>\n<li>Base de figura especialmente dise\u00f1ada con el logotipo de la pel\u00edcula y placa de identificaci\u00f3n del personaje.<\/li>\n<\/ul>\n<\/div>\n<div class=\"product_details__in_box\"><\/div>\n<\/div>\n","protected":false},"excerpt":{"rendered":"<p><strong>Spider-Man The Amazing Spider-Man Movie Masterpiece 1\/6th Scale Collectible Figure<\/strong><\/p>\n<p>Al final, alguien tiene que intervenir y salvar el d\u00eda, y ESE es nuestro amigable vecino\u00a0\u00a0Spider-Man\u00a0. En\u00a0<em>The Amazing Spider-Man<\/em>\u00a0, Andrew Garfield demuestra a la perfecci\u00f3n a los fan\u00e1ticos un Spider-Man realista junto al Peter Parker de Gwen.<\/p>\n<p class=\"p1\">\n","protected":false},"featured_media":164352,"template":"","meta":{"_acf_changed":false,"_kad_blocks_custom_css":"","_kad_blocks_head_custom_js":"","_kad_blocks_body_custom_js":"","_kad_blocks_footer_custom_js":""},"product_cat":[1384],"product_tag":[],"class_list":{"0":"post-164380","1":"product","2":"type-product","3":"status-publish","4":"has-post-thumbnail","6":"product_cat-pre-orders","7":"pa_brand-hot-toys-en","8":"pa_character-spider-man-en","9":"pa_episode-the-amazing-spider-man-en","10":"pa_license-marvel-en","11":"pa_product-type-figure","12":"pa_theme-sixth-scale-collectible-en","14":"first","15":"instock","16":"taxable","17":"shipping-taxable","18":"purchasable","19":"product-type-simple"},"acf":[],"yoast_head":"<!-- This site is optimized with the Yoast SEO plugin v26.1.1 - https:\/\/yoast.com\/wordpress\/plugins\/seo\/ -->\n<title>Spider-Man The Amazing Spider-Man Movie Masterpiece 1\/6th Scale Collectible Figure - EndormoonStore<\/title>\n<meta name=\"robots\" content=\"index, follow, max-snippet:-1, max-image-preview:large, max-video-preview:-1\" \/>\n<link rel=\"canonical\" href=\"https:\/\/endormoonstore.com\/en\/spider-man-the-amazing-spider-man-movie-masterpiece-1-6th-scale-collectible-figure\/\" \/>\n<meta property=\"og:locale\" content=\"en_US\" \/>\n<meta property=\"og:type\" content=\"article\" \/>\n<meta property=\"og:title\" content=\"Spider-Man The Amazing Spider-Man Movie Masterpiece 1\/6th Scale Collectible Figure - EndormoonStore\" \/>\n<meta property=\"og:description\" content=\"Spider-Man The Amazing Spider-Man Movie Masterpiece 1\/6th Scale Collectible Figure  Al final, alguien tiene que intervenir y salvar el d\u00eda, y ESE es nuestro amigable vecino\u00a0\u00a0Spider-Man\u00a0. En\u00a0The Amazing Spider-Man\u00a0, Andrew Garfield demuestra a la perfecci\u00f3n a los fan\u00e1ticos un Spider-Man realista junto al Peter Parker de Gwen.\" \/>\n<meta property=\"og:url\" content=\"https:\/\/endormoonstore.com\/en\/spider-man-the-amazing-spider-man-movie-masterpiece-1-6th-scale-collectible-figure\/\" \/>\n<meta property=\"og:site_name\" content=\"EndormoonStore\" \/>\n<meta property=\"article:modified_time\" content=\"2024-10-13T14:47:16+00:00\" \/>\n<meta property=\"og:image\" content=\"https:\/\/endormoonstore.com\/wp-content\/uploads\/2024\/09\/Spider-Man-The-Amazing-Spider-Man-Movie-Masterpiece-1-6th-Scale-Collectible-Figure-1.jpg\" \/>\n\t<meta property=\"og:image:width\" content=\"667\" \/>\n\t<meta property=\"og:image:height\" content=\"1000\" \/>\n\t<meta property=\"og:image:type\" content=\"image\/jpeg\" \/>\n<meta name=\"twitter:card\" content=\"summary_large_image\" \/>\n<meta name=\"twitter:label1\" content=\"Est. reading time\" \/>\n\t<meta name=\"twitter:data1\" content=\"3 minutes\" \/>\n<script type=\"application\/ld+json\" class=\"yoast-schema-graph\">{\"@context\":\"https:\/\/schema.org\",\"@graph\":[{\"@type\":\"WebPage\",\"@id\":\"https:\/\/endormoonstore.com\/en\/spider-man-the-amazing-spider-man-movie-masterpiece-1-6th-scale-collectible-figure\/\",\"url\":\"https:\/\/endormoonstore.com\/en\/spider-man-the-amazing-spider-man-movie-masterpiece-1-6th-scale-collectible-figure\/\",\"name\":\"Spider-Man The Amazing Spider-Man Movie Masterpiece 1\/6th Scale Collectible Figure - EndormoonStore\",\"isPartOf\":{\"@id\":\"https:\/\/endormoonstore.com\/#website\"},\"primaryImageOfPage\":{\"@id\":\"https:\/\/endormoonstore.com\/en\/spider-man-the-amazing-spider-man-movie-masterpiece-1-6th-scale-collectible-figure\/#primaryimage\"},\"image\":{\"@id\":\"https:\/\/endormoonstore.com\/en\/spider-man-the-amazing-spider-man-movie-masterpiece-1-6th-scale-collectible-figure\/#primaryimage\"},\"thumbnailUrl\":\"https:\/\/endormoonstore.com\/wp-content\/uploads\/2024\/09\/Spider-Man-The-Amazing-Spider-Man-Movie-Masterpiece-1-6th-Scale-Collectible-Figure-1.jpg\",\"datePublished\":\"2024-09-20T02:15:39+00:00\",\"dateModified\":\"2024-10-13T14:47:16+00:00\",\"breadcrumb\":{\"@id\":\"https:\/\/endormoonstore.com\/en\/spider-man-the-amazing-spider-man-movie-masterpiece-1-6th-scale-collectible-figure\/#breadcrumb\"},\"inLanguage\":\"en-US\",\"potentialAction\":[{\"@type\":\"ReadAction\",\"target\":[\"https:\/\/endormoonstore.com\/en\/spider-man-the-amazing-spider-man-movie-masterpiece-1-6th-scale-collectible-figure\/\"]}]},{\"@type\":\"ImageObject\",\"inLanguage\":\"en-US\",\"@id\":\"https:\/\/endormoonstore.com\/en\/spider-man-the-amazing-spider-man-movie-masterpiece-1-6th-scale-collectible-figure\/#primaryimage\",\"url\":\"https:\/\/endormoonstore.com\/wp-content\/uploads\/2024\/09\/Spider-Man-The-Amazing-Spider-Man-Movie-Masterpiece-1-6th-Scale-Collectible-Figure-1.jpg\",\"contentUrl\":\"https:\/\/endormoonstore.com\/wp-content\/uploads\/2024\/09\/Spider-Man-The-Amazing-Spider-Man-Movie-Masterpiece-1-6th-Scale-Collectible-Figure-1.jpg\",\"width\":667,\"height\":1000},{\"@type\":\"BreadcrumbList\",\"@id\":\"https:\/\/endormoonstore.com\/en\/spider-man-the-amazing-spider-man-movie-masterpiece-1-6th-scale-collectible-figure\/#breadcrumb\",\"itemListElement\":[{\"@type\":\"ListItem\",\"position\":1,\"name\":\"Shop\",\"item\":\"https:\/\/endormoonstore.com\/en\/shop\/\"},{\"@type\":\"ListItem\",\"position\":2,\"name\":\"Spider-Man The Amazing Spider-Man Movie Masterpiece 1\/6th Scale Collectible Figure\"}]},{\"@type\":\"WebSite\",\"@id\":\"https:\/\/endormoonstore.com\/#website\",\"url\":\"https:\/\/endormoonstore.com\/\",\"name\":\"EndormoonStore\",\"description\":\"\",\"potentialAction\":[{\"@type\":\"SearchAction\",\"target\":{\"@type\":\"EntryPoint\",\"urlTemplate\":\"https:\/\/endormoonstore.com\/?s={search_term_string}\"},\"query-input\":{\"@type\":\"PropertyValueSpecification\",\"valueRequired\":true,\"valueName\":\"search_term_string\"}}],\"inLanguage\":\"en-US\"}]}<\/script>\n<!-- \/ Yoast SEO plugin. -->","yoast_head_json":{"title":"Spider-Man The Amazing Spider-Man Movie Masterpiece 1\/6th Scale Collectible Figure - EndormoonStore","robots":{"index":"index","follow":"follow","max-snippet":"max-snippet:-1","max-image-preview":"max-image-preview:large","max-video-preview":"max-video-preview:-1"},"canonical":"https:\/\/endormoonstore.com\/en\/spider-man-the-amazing-spider-man-movie-masterpiece-1-6th-scale-collectible-figure\/","og_locale":"en_US","og_type":"article","og_title":"Spider-Man The Amazing Spider-Man Movie Masterpiece 1\/6th Scale Collectible Figure - EndormoonStore","og_description":"Spider-Man The Amazing Spider-Man Movie Masterpiece 1\/6th Scale Collectible Figure  Al final, alguien tiene que intervenir y salvar el d\u00eda, y ESE es nuestro amigable vecino\u00a0\u00a0Spider-Man\u00a0. En\u00a0The Amazing Spider-Man\u00a0, Andrew Garfield demuestra a la perfecci\u00f3n a los fan\u00e1ticos un Spider-Man realista junto al Peter Parker de Gwen.","og_url":"https:\/\/endormoonstore.com\/en\/spider-man-the-amazing-spider-man-movie-masterpiece-1-6th-scale-collectible-figure\/","og_site_name":"EndormoonStore","article_modified_time":"2024-10-13T14:47:16+00:00","og_image":[{"width":667,"height":1000,"url":"https:\/\/endormoonstore.com\/wp-content\/uploads\/2024\/09\/Spider-Man-The-Amazing-Spider-Man-Movie-Masterpiece-1-6th-Scale-Collectible-Figure-1.jpg","type":"image\/jpeg"}],"twitter_card":"summary_large_image","twitter_misc":{"Est. reading time":"3 minutes"},"schema":{"@context":"https:\/\/schema.org","@graph":[{"@type":"WebPage","@id":"https:\/\/endormoonstore.com\/en\/spider-man-the-amazing-spider-man-movie-masterpiece-1-6th-scale-collectible-figure\/","url":"https:\/\/endormoonstore.com\/en\/spider-man-the-amazing-spider-man-movie-masterpiece-1-6th-scale-collectible-figure\/","name":"Spider-Man The Amazing Spider-Man Movie Masterpiece 1\/6th Scale Collectible Figure - EndormoonStore","isPartOf":{"@id":"https:\/\/endormoonstore.com\/#website"},"primaryImageOfPage":{"@id":"https:\/\/endormoonstore.com\/en\/spider-man-the-amazing-spider-man-movie-masterpiece-1-6th-scale-collectible-figure\/#primaryimage"},"image":{"@id":"https:\/\/endormoonstore.com\/en\/spider-man-the-amazing-spider-man-movie-masterpiece-1-6th-scale-collectible-figure\/#primaryimage"},"thumbnailUrl":"https:\/\/endormoonstore.com\/wp-content\/uploads\/2024\/09\/Spider-Man-The-Amazing-Spider-Man-Movie-Masterpiece-1-6th-Scale-Collectible-Figure-1.jpg","datePublished":"2024-09-20T02:15:39+00:00","dateModified":"2024-10-13T14:47:16+00:00","breadcrumb":{"@id":"https:\/\/endormoonstore.com\/en\/spider-man-the-amazing-spider-man-movie-masterpiece-1-6th-scale-collectible-figure\/#breadcrumb"},"inLanguage":"en-US","potentialAction":[{"@type":"ReadAction","target":["https:\/\/endormoonstore.com\/en\/spider-man-the-amazing-spider-man-movie-masterpiece-1-6th-scale-collectible-figure\/"]}]},{"@type":"ImageObject","inLanguage":"en-US","@id":"https:\/\/endormoonstore.com\/en\/spider-man-the-amazing-spider-man-movie-masterpiece-1-6th-scale-collectible-figure\/#primaryimage","url":"https:\/\/endormoonstore.com\/wp-content\/uploads\/2024\/09\/Spider-Man-The-Amazing-Spider-Man-Movie-Masterpiece-1-6th-Scale-Collectible-Figure-1.jpg","contentUrl":"https:\/\/endormoonstore.com\/wp-content\/uploads\/2024\/09\/Spider-Man-The-Amazing-Spider-Man-Movie-Masterpiece-1-6th-Scale-Collectible-Figure-1.jpg","width":667,"height":1000},{"@type":"BreadcrumbList","@id":"https:\/\/endormoonstore.com\/en\/spider-man-the-amazing-spider-man-movie-masterpiece-1-6th-scale-collectible-figure\/#breadcrumb","itemListElement":[{"@type":"ListItem","position":1,"name":"Shop","item":"https:\/\/endormoonstore.com\/en\/shop\/"},{"@type":"ListItem","position":2,"name":"Spider-Man The Amazing Spider-Man Movie Masterpiece 1\/6th Scale Collectible Figure"}]},{"@type":"WebSite","@id":"https:\/\/endormoonstore.com\/#website","url":"https:\/\/endormoonstore.com\/","name":"EndormoonStore","description":"","potentialAction":[{"@type":"SearchAction","target":{"@type":"EntryPoint","urlTemplate":"https:\/\/endormoonstore.com\/?s={search_term_string}"},"query-input":{"@type":"PropertyValueSpecification","valueRequired":true,"valueName":"search_term_string"}}],"inLanguage":"en-US"}]}},"taxonomy_info":{"product_cat":[{"value":1384,"label":"Pre-orders"}],"pa_brand":[{"value":1635,"label":"Hot Toys"}],"pa_character":[{"value":2435,"label":"Spider-Man"}],"pa_episode":[{"value":14796,"label":"The Amazing Spider-Man"}],"pa_license":[{"value":1642,"label":"Marvel"}],"pa_product-type":[{"value":2387,"label":"Figure"}],"pa_theme":[{"value":4595,"label":"Sixth Scale Collectible"}]},"featured_image_src_large":["https:\/\/endormoonstore.com\/wp-content\/uploads\/2024\/09\/Spider-Man-The-Amazing-Spider-Man-Movie-Masterpiece-1-6th-Scale-Collectible-Figure-1.jpg",667,1000,false],"author_info":[],"comment_info":"","_links":{"self":[{"href":"https:\/\/endormoonstore.com\/en\/wp-json\/wp\/v2\/product\/164380","targetHints":{"allow":["GET"]}}],"collection":[{"href":"https:\/\/endormoonstore.com\/en\/wp-json\/wp\/v2\/product"}],"about":[{"href":"https:\/\/endormoonstore.com\/en\/wp-json\/wp\/v2\/types\/product"}],"wp:featuredmedia":[{"embeddable":true,"href":"https:\/\/endormoonstore.com\/en\/wp-json\/wp\/v2\/media\/164352"}],"wp:attachment":[{"href":"https:\/\/endormoonstore.com\/en\/wp-json\/wp\/v2\/media?parent=164380"}],"wp:term":[{"taxonomy":"product_cat","embeddable":true,"href":"https:\/\/endormoonstore.com\/en\/wp-json\/wp\/v2\/product_cat?post=164380"},{"taxonomy":"product_tag","embeddable":true,"href":"https:\/\/endormoonstore.com\/en\/wp-json\/wp\/v2\/product_tag?post=164380"}],"curies":[{"name":"wp","href":"https:\/\/api.w.org\/{rel}","templated":true}]}}