{"id":164298,"date":"2024-09-20T04:05:06","date_gmt":"2024-09-20T02:05:06","guid":{"rendered":"https:\/\/endormoonstore.com\/doctor-doom-marvel-comics-masterpiece-1-6th-scale-collectible-figure\/"},"modified":"2025-09-04T19:34:40","modified_gmt":"2025-09-04T17:34:40","slug":"doctor-doom-marvel-comics-masterpiece-1-6th-scale-collectible-figure","status":"publish","type":"product","link":"https:\/\/endormoonstore.com\/en\/doctor-doom-marvel-comics-masterpiece-1-6th-scale-collectible-figure\/","title":{"rendered":"Doctor Doom Marvel Comics Masterpiece 1\/6th Scale Collectible Figure"},"content":{"rendered":"<p><strong>Doctor Doom Marvel Comics Masterpiece 1\/6th Scale Collectible Figure<\/strong><\/p>\n<div id=\"prod-summary\">\n<div class=\"product_details__in_box\">\n<ul>\n<li>El Doctor Doom\u00a0debut\u00f3 en el quinto n\u00famero de Los Cuatro Fant\u00e1sticos en el verano de 1962 y r\u00e1pidamente se estableci\u00f3 como un enemigo formidable para los superh\u00e9roes\u00a0de Marvel\u00a0. Como un cient\u00edfico brillante, un guerrero h\u00e1bil y el monarca absoluto de la naci\u00f3n ficticia de Europa del Este de Latveria, este villano ego\u00edsta y man\u00edaco emplea su genio cient\u00edfico para buscar poder y control.<\/li>\n<li>Hot Toys \u00a0se complace en presentar la\u00a0<strong>figura a escala 1\/6 del Doctor Doom<\/strong>\u00a0basada en su apariencia en el c\u00f3mic de Marvel. Es una declaraci\u00f3n de dominio que elevar\u00e1 tu colecci\u00f3n.<\/li>\n<li>La figura del Doctor Doom<a href=\"https:\/\/www.sideshow.com\/characters\/doctor-doom\" target=\"_blank\" rel=\"noopener\">,<\/a> meticulosamente detallada,\u00a0presenta una cabeza con globos oculares giratorios separados y dos estilos de m\u00e1scara facial caracter\u00edstica que resaltan su imponente presencia. Su armadura cuenta con detalles plateados met\u00e1licos con una t\u00fanica de tela finamente confeccionada con cableado incrustado para un estilo personalizable. La figura tambi\u00e9n incluye manos intercambiables para gestos ic\u00f3nicos, as\u00ed como manos con efectos de poder m\u00edstico, tambi\u00e9n una base de diorama de exhibici\u00f3n bidireccional con pancartas y un poste dise\u00f1ado para evocar la esencia de los c\u00f3mics.<\/li>\n<li>Acepta el poder y el prestigio de uno de los villanos m\u00e1s formidables de Marvel. \u00a1Reserva hoy la figura del Doctor Doom y deja que domine tu exhibici\u00f3n!<\/li>\n<\/ul>\n<h4>Qu\u00e9 hay en la caja:<\/h4>\n<ul>\n<li>Imagen aut\u00e9ntica y detallada del Doctor Doom en Marvel Comics<\/li>\n<li>Una cabeza de Doctor Doom con globos oculares giratorios separados y dos estilos de m\u00e1scara facial<\/li>\n<li>Cuerpo con 30 puntos de articulaci\u00f3n.<\/li>\n<li>Aproximadamente 33,5 cm de alto<\/li>\n<li>Siete piezas de manos blindadas intercambiables que incluyen:\n<ul>\n<li>Un par de manos gestuales<\/li>\n<li>Un par de manos que usan poder m\u00edstico<\/li>\n<li>Un par de manos con efecto de arte m\u00edstico.<\/li>\n<li>Una mano que sostiene la pistola<\/li>\n<\/ul>\n<\/li>\n<\/ul>\n<h4>Traje:<\/h4>\n<ul>\n<li>Un traje blindado de Doctor Doom con aplicaci\u00f3n de plata met\u00e1lica.<\/li>\n<li>Un traje interior de cota de malla<\/li>\n<li>Una capa verde con chaleco (con cable incorporado)<\/li>\n<li>Un cintur\u00f3n marr\u00f3n con funda para pistola.<\/li>\n<li>Un par de Sabatons<\/li>\n<\/ul>\n<h4><strong>Armas:<\/strong><\/h4>\n<ul>\n<li>Una pistola<\/li>\n<\/ul>\n<h4><strong>Accesorios:<\/strong><\/h4>\n<ul>\n<li>Un par de efectos de llamas verdes transl\u00facidas (que se pueden colocar en las manos que usan poderes m\u00edsticos)<\/li>\n<li>Un par de efectos de rel\u00e1mpago (que se pueden colocar en manos que usan poder m\u00edstico)<\/li>\n<li>Base de diorama de exhibici\u00f3n bidireccional con pancarta y poste (aproximadamente 45 cm de alto)<\/li>\n<\/ul>\n<\/div>\n<div class=\"product_details__in_box\"><\/div>\n<\/div>\n","protected":false},"excerpt":{"rendered":"<p><strong>Doctor Doom Marvel Comics Masterpiece 1\/6th Scale Collectible Figure<\/strong><\/p>\n<p>El Doctor Doom\u00a0debut\u00f3 en el quinto n\u00famero de Los Cuatro Fant\u00e1sticos en el verano de 1962 y r\u00e1pidamente se estableci\u00f3 como un enemigo formidable para los superh\u00e9roes\u00a0de Marvel\u00a0. Como un cient\u00edfico brillante, un guerrero h\u00e1bil y el monarca absoluto de la naci\u00f3n ficticia de Europa del Este de Latveria, este villano ego\u00edsta y man\u00edaco emplea su genio cient\u00edfico para buscar poder y control<\/p>\n<p class=\"p1\">\n","protected":false},"featured_media":164253,"template":"","meta":{"_acf_changed":false,"_kad_blocks_custom_css":"","_kad_blocks_head_custom_js":"","_kad_blocks_body_custom_js":"","_kad_blocks_footer_custom_js":""},"product_cat":[13453,1384],"product_tag":[],"class_list":{"0":"post-164298","1":"product","2":"type-product","3":"status-publish","4":"has-post-thumbnail","6":"product_cat-featured","7":"product_cat-pre-orders","8":"pa_brand-hot-toys-en","9":"pa_character-doctor-doom-en","10":"pa_episode-fantastic-four","11":"pa_license-marvel-en","12":"pa_product-type-figure","13":"pa_theme-sixth-scale-collectible-en","15":"first","16":"instock","17":"taxable","18":"shipping-taxable","19":"purchasable","20":"product-type-simple"},"acf":[],"yoast_head":"<!-- This site is optimized with the Yoast SEO plugin v26.1.1 - https:\/\/yoast.com\/wordpress\/plugins\/seo\/ -->\n<title>Doctor Doom Marvel Comics Masterpiece 1\/6th Scale Collectible Figure - EndormoonStore<\/title>\n<meta name=\"robots\" content=\"index, follow, max-snippet:-1, max-image-preview:large, max-video-preview:-1\" \/>\n<link rel=\"canonical\" href=\"https:\/\/endormoonstore.com\/en\/doctor-doom-marvel-comics-masterpiece-1-6th-scale-collectible-figure\/\" \/>\n<meta property=\"og:locale\" content=\"en_US\" \/>\n<meta property=\"og:type\" content=\"article\" \/>\n<meta property=\"og:title\" content=\"Doctor Doom Marvel Comics Masterpiece 1\/6th Scale Collectible Figure - EndormoonStore\" \/>\n<meta property=\"og:description\" content=\"Doctor Doom Marvel Comics Masterpiece 1\/6th Scale Collectible Figure  El Doctor Doom\u00a0debut\u00f3 en el quinto n\u00famero de Los Cuatro Fant\u00e1sticos en el verano de 1962 y r\u00e1pidamente se estableci\u00f3 como un enemigo formidable para los superh\u00e9roes\u00a0de Marvel\u00a0. Como un cient\u00edfico brillante, un guerrero h\u00e1bil y el monarca absoluto de la naci\u00f3n ficticia de Europa del Este de Latveria, este villano ego\u00edsta y man\u00edaco emplea su genio cient\u00edfico para buscar poder y control\" \/>\n<meta property=\"og:url\" content=\"https:\/\/endormoonstore.com\/en\/doctor-doom-marvel-comics-masterpiece-1-6th-scale-collectible-figure\/\" \/>\n<meta property=\"og:site_name\" content=\"EndormoonStore\" \/>\n<meta property=\"article:modified_time\" content=\"2025-09-04T17:34:40+00:00\" \/>\n<meta property=\"og:image\" content=\"https:\/\/endormoonstore.com\/wp-content\/uploads\/2024\/09\/Doctor-Doom-Marvel-Comics-Masterpiece-1-6th-Scale-Collectible-Figure-1.jpg\" \/>\n\t<meta property=\"og:image:width\" content=\"667\" \/>\n\t<meta property=\"og:image:height\" content=\"1000\" \/>\n\t<meta property=\"og:image:type\" content=\"image\/jpeg\" \/>\n<meta name=\"twitter:card\" content=\"summary_large_image\" \/>\n<meta name=\"twitter:label1\" content=\"Est. reading time\" \/>\n\t<meta name=\"twitter:data1\" content=\"2 minutes\" \/>\n<script type=\"application\/ld+json\" class=\"yoast-schema-graph\">{\"@context\":\"https:\/\/schema.org\",\"@graph\":[{\"@type\":\"WebPage\",\"@id\":\"https:\/\/endormoonstore.com\/en\/doctor-doom-marvel-comics-masterpiece-1-6th-scale-collectible-figure\/\",\"url\":\"https:\/\/endormoonstore.com\/en\/doctor-doom-marvel-comics-masterpiece-1-6th-scale-collectible-figure\/\",\"name\":\"Doctor Doom Marvel Comics Masterpiece 1\/6th Scale Collectible Figure - EndormoonStore\",\"isPartOf\":{\"@id\":\"https:\/\/endormoonstore.com\/#website\"},\"primaryImageOfPage\":{\"@id\":\"https:\/\/endormoonstore.com\/en\/doctor-doom-marvel-comics-masterpiece-1-6th-scale-collectible-figure\/#primaryimage\"},\"image\":{\"@id\":\"https:\/\/endormoonstore.com\/en\/doctor-doom-marvel-comics-masterpiece-1-6th-scale-collectible-figure\/#primaryimage\"},\"thumbnailUrl\":\"https:\/\/endormoonstore.com\/wp-content\/uploads\/2024\/09\/Doctor-Doom-Marvel-Comics-Masterpiece-1-6th-Scale-Collectible-Figure-1.jpg\",\"datePublished\":\"2024-09-20T02:05:06+00:00\",\"dateModified\":\"2025-09-04T17:34:40+00:00\",\"breadcrumb\":{\"@id\":\"https:\/\/endormoonstore.com\/en\/doctor-doom-marvel-comics-masterpiece-1-6th-scale-collectible-figure\/#breadcrumb\"},\"inLanguage\":\"en-US\",\"potentialAction\":[{\"@type\":\"ReadAction\",\"target\":[\"https:\/\/endormoonstore.com\/en\/doctor-doom-marvel-comics-masterpiece-1-6th-scale-collectible-figure\/\"]}]},{\"@type\":\"ImageObject\",\"inLanguage\":\"en-US\",\"@id\":\"https:\/\/endormoonstore.com\/en\/doctor-doom-marvel-comics-masterpiece-1-6th-scale-collectible-figure\/#primaryimage\",\"url\":\"https:\/\/endormoonstore.com\/wp-content\/uploads\/2024\/09\/Doctor-Doom-Marvel-Comics-Masterpiece-1-6th-Scale-Collectible-Figure-1.jpg\",\"contentUrl\":\"https:\/\/endormoonstore.com\/wp-content\/uploads\/2024\/09\/Doctor-Doom-Marvel-Comics-Masterpiece-1-6th-Scale-Collectible-Figure-1.jpg\",\"width\":667,\"height\":1000},{\"@type\":\"BreadcrumbList\",\"@id\":\"https:\/\/endormoonstore.com\/en\/doctor-doom-marvel-comics-masterpiece-1-6th-scale-collectible-figure\/#breadcrumb\",\"itemListElement\":[{\"@type\":\"ListItem\",\"position\":1,\"name\":\"Shop\",\"item\":\"https:\/\/endormoonstore.com\/en\/shop\/\"},{\"@type\":\"ListItem\",\"position\":2,\"name\":\"Doctor Doom Marvel Comics Masterpiece 1\/6th Scale Collectible Figure\"}]},{\"@type\":\"WebSite\",\"@id\":\"https:\/\/endormoonstore.com\/#website\",\"url\":\"https:\/\/endormoonstore.com\/\",\"name\":\"EndormoonStore\",\"description\":\"\",\"potentialAction\":[{\"@type\":\"SearchAction\",\"target\":{\"@type\":\"EntryPoint\",\"urlTemplate\":\"https:\/\/endormoonstore.com\/?s={search_term_string}\"},\"query-input\":{\"@type\":\"PropertyValueSpecification\",\"valueRequired\":true,\"valueName\":\"search_term_string\"}}],\"inLanguage\":\"en-US\"}]}<\/script>\n<!-- \/ Yoast SEO plugin. -->","yoast_head_json":{"title":"Doctor Doom Marvel Comics Masterpiece 1\/6th Scale Collectible Figure - EndormoonStore","robots":{"index":"index","follow":"follow","max-snippet":"max-snippet:-1","max-image-preview":"max-image-preview:large","max-video-preview":"max-video-preview:-1"},"canonical":"https:\/\/endormoonstore.com\/en\/doctor-doom-marvel-comics-masterpiece-1-6th-scale-collectible-figure\/","og_locale":"en_US","og_type":"article","og_title":"Doctor Doom Marvel Comics Masterpiece 1\/6th Scale Collectible Figure - EndormoonStore","og_description":"Doctor Doom Marvel Comics Masterpiece 1\/6th Scale Collectible Figure  El Doctor Doom\u00a0debut\u00f3 en el quinto n\u00famero de Los Cuatro Fant\u00e1sticos en el verano de 1962 y r\u00e1pidamente se estableci\u00f3 como un enemigo formidable para los superh\u00e9roes\u00a0de Marvel\u00a0. Como un cient\u00edfico brillante, un guerrero h\u00e1bil y el monarca absoluto de la naci\u00f3n ficticia de Europa del Este de Latveria, este villano ego\u00edsta y man\u00edaco emplea su genio cient\u00edfico para buscar poder y control","og_url":"https:\/\/endormoonstore.com\/en\/doctor-doom-marvel-comics-masterpiece-1-6th-scale-collectible-figure\/","og_site_name":"EndormoonStore","article_modified_time":"2025-09-04T17:34:40+00:00","og_image":[{"width":667,"height":1000,"url":"https:\/\/endormoonstore.com\/wp-content\/uploads\/2024\/09\/Doctor-Doom-Marvel-Comics-Masterpiece-1-6th-Scale-Collectible-Figure-1.jpg","type":"image\/jpeg"}],"twitter_card":"summary_large_image","twitter_misc":{"Est. reading time":"2 minutes"},"schema":{"@context":"https:\/\/schema.org","@graph":[{"@type":"WebPage","@id":"https:\/\/endormoonstore.com\/en\/doctor-doom-marvel-comics-masterpiece-1-6th-scale-collectible-figure\/","url":"https:\/\/endormoonstore.com\/en\/doctor-doom-marvel-comics-masterpiece-1-6th-scale-collectible-figure\/","name":"Doctor Doom Marvel Comics Masterpiece 1\/6th Scale Collectible Figure - EndormoonStore","isPartOf":{"@id":"https:\/\/endormoonstore.com\/#website"},"primaryImageOfPage":{"@id":"https:\/\/endormoonstore.com\/en\/doctor-doom-marvel-comics-masterpiece-1-6th-scale-collectible-figure\/#primaryimage"},"image":{"@id":"https:\/\/endormoonstore.com\/en\/doctor-doom-marvel-comics-masterpiece-1-6th-scale-collectible-figure\/#primaryimage"},"thumbnailUrl":"https:\/\/endormoonstore.com\/wp-content\/uploads\/2024\/09\/Doctor-Doom-Marvel-Comics-Masterpiece-1-6th-Scale-Collectible-Figure-1.jpg","datePublished":"2024-09-20T02:05:06+00:00","dateModified":"2025-09-04T17:34:40+00:00","breadcrumb":{"@id":"https:\/\/endormoonstore.com\/en\/doctor-doom-marvel-comics-masterpiece-1-6th-scale-collectible-figure\/#breadcrumb"},"inLanguage":"en-US","potentialAction":[{"@type":"ReadAction","target":["https:\/\/endormoonstore.com\/en\/doctor-doom-marvel-comics-masterpiece-1-6th-scale-collectible-figure\/"]}]},{"@type":"ImageObject","inLanguage":"en-US","@id":"https:\/\/endormoonstore.com\/en\/doctor-doom-marvel-comics-masterpiece-1-6th-scale-collectible-figure\/#primaryimage","url":"https:\/\/endormoonstore.com\/wp-content\/uploads\/2024\/09\/Doctor-Doom-Marvel-Comics-Masterpiece-1-6th-Scale-Collectible-Figure-1.jpg","contentUrl":"https:\/\/endormoonstore.com\/wp-content\/uploads\/2024\/09\/Doctor-Doom-Marvel-Comics-Masterpiece-1-6th-Scale-Collectible-Figure-1.jpg","width":667,"height":1000},{"@type":"BreadcrumbList","@id":"https:\/\/endormoonstore.com\/en\/doctor-doom-marvel-comics-masterpiece-1-6th-scale-collectible-figure\/#breadcrumb","itemListElement":[{"@type":"ListItem","position":1,"name":"Shop","item":"https:\/\/endormoonstore.com\/en\/shop\/"},{"@type":"ListItem","position":2,"name":"Doctor Doom Marvel Comics Masterpiece 1\/6th Scale Collectible Figure"}]},{"@type":"WebSite","@id":"https:\/\/endormoonstore.com\/#website","url":"https:\/\/endormoonstore.com\/","name":"EndormoonStore","description":"","potentialAction":[{"@type":"SearchAction","target":{"@type":"EntryPoint","urlTemplate":"https:\/\/endormoonstore.com\/?s={search_term_string}"},"query-input":{"@type":"PropertyValueSpecification","valueRequired":true,"valueName":"search_term_string"}}],"inLanguage":"en-US"}]}},"taxonomy_info":{"product_cat":[{"value":13453,"label":"Featured"},{"value":1384,"label":"Pre-orders"}],"pa_brand":[{"value":1635,"label":"Hot Toys"}],"pa_character":[{"value":15872,"label":"Doctor Doom"}],"pa_episode":[{"value":15874,"label":"Fantastic Four"}],"pa_license":[{"value":1642,"label":"Marvel"}],"pa_product-type":[{"value":2387,"label":"Figure"}],"pa_theme":[{"value":4595,"label":"Sixth Scale Collectible"}]},"featured_image_src_large":["https:\/\/endormoonstore.com\/wp-content\/uploads\/2024\/09\/Doctor-Doom-Marvel-Comics-Masterpiece-1-6th-Scale-Collectible-Figure-1.jpg",667,1000,false],"author_info":[],"comment_info":"","_links":{"self":[{"href":"https:\/\/endormoonstore.com\/en\/wp-json\/wp\/v2\/product\/164298","targetHints":{"allow":["GET"]}}],"collection":[{"href":"https:\/\/endormoonstore.com\/en\/wp-json\/wp\/v2\/product"}],"about":[{"href":"https:\/\/endormoonstore.com\/en\/wp-json\/wp\/v2\/types\/product"}],"wp:featuredmedia":[{"embeddable":true,"href":"https:\/\/endormoonstore.com\/en\/wp-json\/wp\/v2\/media\/164253"}],"wp:attachment":[{"href":"https:\/\/endormoonstore.com\/en\/wp-json\/wp\/v2\/media?parent=164298"}],"wp:term":[{"taxonomy":"product_cat","embeddable":true,"href":"https:\/\/endormoonstore.com\/en\/wp-json\/wp\/v2\/product_cat?post=164298"},{"taxonomy":"product_tag","embeddable":true,"href":"https:\/\/endormoonstore.com\/en\/wp-json\/wp\/v2\/product_tag?post=164298"}],"curies":[{"name":"wp","href":"https:\/\/api.w.org\/{rel}","templated":true}]}}