{"id":164203,"date":"2024-09-20T04:00:25","date_gmt":"2024-09-20T02:00:25","guid":{"rendered":"https:\/\/endormoonstore.com\/akaoni-samurai-predator-alien-vs-predator-artist-collection-1-6th-scale-collectible-figure\/"},"modified":"2024-10-13T13:51:04","modified_gmt":"2024-10-13T11:51:04","slug":"akaoni-samurai-predator-alien-vs-predator-artist-collection-1-6th-scale-collectible-figure","status":"publish","type":"product","link":"https:\/\/endormoonstore.com\/en\/akaoni-samurai-predator-alien-vs-predator-artist-collection-1-6th-scale-collectible-figure\/","title":{"rendered":"Akaoni Samurai Predator Alien vs. Predator Artist Collection 1\/6th Scale Collectible Figure"},"content":{"rendered":"<p><strong>Akaoni Samurai Predator Alien vs. Predator Artist Collection 1\/6th Scale Collectible Figure<\/strong><\/p>\n<div id=\"prod-summary\">\n<div class=\"product_details__in_box\">\n<ul>\n<li>Prep\u00e1rate para el regreso sorpresa de un cl\u00e1sico a tu colecci\u00f3n de figuras.\u00a0\u00a0Hot Toys\u00a0\u00a0se enorgullece de colaborar con los estimados artistas, el Sr. Takayuki Takeya (\u7af9\u8c37\u9686\u4e4b) y el Sr. Yuji Oniki (\u9b3c\u6728\u7950\u4e8c), una vez m\u00e1s en la\u00a0<strong>figura coleccionable de escala 1\/6 de Samurai Predator<\/strong>\u00a0inspirada en\u00a0Alien vs. Predator\u00a0.<\/li>\n<li>El Sr. Takayuki Takeya y el Sr. Yuji Oniki han plasmado sus visiones en Samurai Predator, lo que ha marcado los primeros proyectos de colaboraci\u00f3n entre artistas de Hot Toys.<\/li>\n<li>Como icono de los proyectos interculturales, Samurai Predator apareci\u00f3 por primera vez en 2011. M\u00e1s de una d\u00e9cada despu\u00e9s, en 2024, el Sr. Takeya incorpora el concepto de &#8220;Akazonae&#8221; a la nueva\u00a0<strong>figura Akaoni Samurai Predator<\/strong>\u00a0a escala 1\/6 , apoder\u00e1ndose de su colecci\u00f3n a escala 1\/6 con una violenta tormenta de color rojo.<\/li>\n<li>Esta vez, con un cambio de color audaz que se aparta del lanzamiento inicial, la\u00a0<strong>figura Akaoni Samurai Predator Sixth Scale<\/strong>\u00a0est\u00e1 dise\u00f1ada para presentar a los fan\u00e1ticos una impresi\u00f3n de &#8220;Akazonae&#8221; con el rojo dominando las piezas principales de la armadura, incluido el casco, las armaduras de hombros y pecho, los guantes de brazos y piernas y las armaduras de cintura.<\/li>\n<li>Reimaginando al Depredador en Alien vs.\u00a0Predator con una apariencia de samur\u00e1i, los elementos guerreros est\u00e1n bien desarrollados en detalles a trav\u00e9s de la cabeza con mand\u00edbula articulada y mand\u00edbulas intercambiables; falda laminar esculpida; armas que incluyen ca\u00f1\u00f3n de hombro articulado, espada samur\u00e1i de metal, espada rota para recrear el aspecto corro\u00eddo, juego de cuatro espadas de accesorios, trofeo de lenguas\u00a0de Alien\u00a0y trofeo de cabeza de Alien.<\/li>\n<li>La base de diorama muy detallada con el cad\u00e1ver de Alien completa finamente el coleccionable al contar la historia de la victoria de Samurai Predator sobre Alien.<\/li>\n<li>Conoce tu nueva obra de arte a escala 1\/6 del Sr. Takayuki Takeya (\u7af9\u8c37\u9686\u4e4b) y el Sr. Yuji Oniki (\u9b3c\u6728\u7950\u4e8c) con <strong>la figura Samurai Predator<\/strong> de Hot Toys<\/li>\n<\/ul>\n<h4>Qu\u00e9 hay en la caja:<\/h4>\n<ul>\n<li>Captura la apariencia reimaginada de Samurai Predator de Alien vs. Predator, dise\u00f1ado y pintado por el Sr. Takayuki Takeya (\u7af9\u8c37\u9686\u4e4b) y esculpido por el Sr. Yuji Oniki (\u9b3c\u6728\u7950\u4e8c).<\/li>\n<li>Una cabeza elaborada por expertos con mand\u00edbula articulada<\/li>\n<li>Dos juegos de mand\u00edbulas intercambiables (abiertas y normales)<\/li>\n<li>Expresi\u00f3n facial de alta precisi\u00f3n con cicatrices detalladas y textura de la piel.<\/li>\n<li>Aproximadamente 35 cm de alto<\/li>\n<li>M\u00e1s de 22 puntos de articulaci\u00f3n.<\/li>\n<li>Caracter\u00edsticas especiales de la armadura:<\/li>\n<li>Dise\u00f1o de armadura de color rojo inspirado en \u201cAkazonae\u201d<\/li>\n<li>Siete piezas de manos intercambiables que incluyen:\n<ul>\n<li>Un par de manos abiertas<\/li>\n<li>Un par de pu\u00f1os<\/li>\n<li>Dos armas en la mano derecha<\/li>\n<li>Un gesto con la mano izquierda<\/li>\n<\/ul>\n<\/li>\n<li>Cada escultura de cabeza est\u00e1 impresa especialmente a mano.<\/li>\n<\/ul>\n<h4>Traje:<\/h4>\n<ul>\n<li>Un casco reci\u00e9n pintado con dos m\u00e1scaras intercambiables<\/li>\n<li>Un juego de armaduras reci\u00e9n pintadas que cubran el cuello, el hombro, el pecho, el antebrazo y la pantorrilla.<\/li>\n<li>Una red de tela en el hombro izquierdo<\/li>\n<li>Un juego de falda laminar<\/li>\n<li>Una pieza de tela para falda<\/li>\n<\/ul>\n<h4><strong>Armas:<\/strong><\/h4>\n<ul>\n<li>Un juego de cuchillas articuladas (acoplables al guante del antebrazo derecho)<\/li>\n<li>Un ca\u00f1\u00f3n articulado de hombro izquierdo<\/li>\n<li>Una espada rota con c\u00e9lulas alien\u00edgenas<\/li>\n<li>Una espada samur\u00e1i de metal con vaina.<\/li>\n<\/ul>\n<h4><strong>Accesorios y Artistas:<\/strong><\/h4>\n<ul>\n<li>Un juego de cuatro espadas de accesorios<\/li>\n<li>Un trofeo de lenguas alien\u00edgenas<\/li>\n<li>Un trofeo de cabeza de alien\u00edgena con lengua desmontable<\/li>\n<li>Base de diorama tem\u00e1tica especialmente dise\u00f1ada que presenta el cad\u00e1ver de Alien y la punta de espada rota.<\/li>\n<li>Figura dise\u00f1ada por Takayuki Takeya (\u7af9\u8c37\u9686\u4e4b)<\/li>\n<li>Figura esculpida por Yuji Oniki (\u9b3c\u6728\u7950\u4e8c)<\/li>\n<\/ul>\n<\/div>\n<div class=\"product_details__in_box\"><\/div>\n<\/div>\n","protected":false},"excerpt":{"rendered":"<p><strong>Akaoni Samurai Predator Alien vs. Predator Artist Collection 1\/6th Scale Collectible Figure<\/strong><\/p>\n<p>Prep\u00e1rate para el regreso sorpresa de un cl\u00e1sico a tu colecci\u00f3n de figuras.\u00a0\u00a0Hot Toys\u00a0\u00a0se enorgullece de colaborar con los estimados artistas, el Sr. Takayuki Takeya (\u7af9\u8c37\u9686\u4e4b) y el Sr. Yuji Oniki (\u9b3c\u6728\u7950\u4e8c), una vez m\u00e1s en la\u00a0<strong>figura coleccionable de escala 1\/6 de Samurai Predator<\/strong>\u00a0inspirada en\u00a0Alien vs. Predator<\/p>\n<p class=\"p1\">\n","protected":false},"featured_media":164169,"template":"","meta":{"_acf_changed":false,"_kad_blocks_custom_css":"","_kad_blocks_head_custom_js":"","_kad_blocks_body_custom_js":"","_kad_blocks_footer_custom_js":""},"product_cat":[13453,1384],"product_tag":[],"class_list":{"0":"post-164203","1":"product","2":"type-product","3":"status-publish","4":"has-post-thumbnail","6":"product_cat-featured","7":"product_cat-pre-orders","8":"pa_brand-hot-toys-en","9":"pa_character-akaoni-samurai-predator-en","10":"pa_license-alien-vs-predator-en","11":"pa_product-type-figure","12":"pa_theme-sixth-scale-collectible-en","14":"first","15":"instock","16":"taxable","17":"shipping-taxable","18":"purchasable","19":"product-type-simple"},"acf":[],"yoast_head":"<!-- This site is optimized with the Yoast SEO plugin v26.1.1 - https:\/\/yoast.com\/wordpress\/plugins\/seo\/ -->\n<title>Akaoni Samurai Predator Alien vs. Predator Artist Collection 1\/6th Scale Collectible Figure - EndormoonStore<\/title>\n<meta name=\"robots\" content=\"index, follow, max-snippet:-1, max-image-preview:large, max-video-preview:-1\" \/>\n<link rel=\"canonical\" href=\"https:\/\/endormoonstore.com\/en\/akaoni-samurai-predator-alien-vs-predator-artist-collection-1-6th-scale-collectible-figure\/\" \/>\n<meta property=\"og:locale\" content=\"en_US\" \/>\n<meta property=\"og:type\" content=\"article\" \/>\n<meta property=\"og:title\" content=\"Akaoni Samurai Predator Alien vs. Predator Artist Collection 1\/6th Scale Collectible Figure - EndormoonStore\" \/>\n<meta property=\"og:description\" content=\"Akaoni Samurai Predator Alien vs. Predator Artist Collection 1\/6th Scale Collectible Figure  Prep\u00e1rate para el regreso sorpresa de un cl\u00e1sico a tu colecci\u00f3n de figuras.\u00a0\u00a0Hot Toys\u00a0\u00a0se enorgullece de colaborar con los estimados artistas, el Sr. Takayuki Takeya (\u7af9\u8c37\u9686\u4e4b) y el Sr. Yuji Oniki (\u9b3c\u6728\u7950\u4e8c), una vez m\u00e1s en la\u00a0figura coleccionable de escala 1\/6 de Samurai Predator\u00a0inspirada en\u00a0Alien vs. Predator\" \/>\n<meta property=\"og:url\" content=\"https:\/\/endormoonstore.com\/en\/akaoni-samurai-predator-alien-vs-predator-artist-collection-1-6th-scale-collectible-figure\/\" \/>\n<meta property=\"og:site_name\" content=\"EndormoonStore\" \/>\n<meta property=\"article:modified_time\" content=\"2024-10-13T11:51:04+00:00\" \/>\n<meta property=\"og:image\" content=\"https:\/\/endormoonstore.com\/wp-content\/uploads\/2024\/09\/Akaoni-Samurai-Predator-Alien-vs.-Predator-Artist-Collection-1-6th-Scale-Collectible-Figure-1.jpg\" \/>\n\t<meta property=\"og:image:width\" content=\"667\" \/>\n\t<meta property=\"og:image:height\" content=\"1000\" \/>\n\t<meta property=\"og:image:type\" content=\"image\/jpeg\" \/>\n<meta name=\"twitter:card\" content=\"summary_large_image\" \/>\n<meta name=\"twitter:label1\" content=\"Est. reading time\" \/>\n\t<meta name=\"twitter:data1\" content=\"3 minutes\" \/>\n<script type=\"application\/ld+json\" class=\"yoast-schema-graph\">{\"@context\":\"https:\/\/schema.org\",\"@graph\":[{\"@type\":\"WebPage\",\"@id\":\"https:\/\/endormoonstore.com\/en\/akaoni-samurai-predator-alien-vs-predator-artist-collection-1-6th-scale-collectible-figure\/\",\"url\":\"https:\/\/endormoonstore.com\/en\/akaoni-samurai-predator-alien-vs-predator-artist-collection-1-6th-scale-collectible-figure\/\",\"name\":\"Akaoni Samurai Predator Alien vs. Predator Artist Collection 1\/6th Scale Collectible Figure - EndormoonStore\",\"isPartOf\":{\"@id\":\"https:\/\/endormoonstore.com\/#website\"},\"primaryImageOfPage\":{\"@id\":\"https:\/\/endormoonstore.com\/en\/akaoni-samurai-predator-alien-vs-predator-artist-collection-1-6th-scale-collectible-figure\/#primaryimage\"},\"image\":{\"@id\":\"https:\/\/endormoonstore.com\/en\/akaoni-samurai-predator-alien-vs-predator-artist-collection-1-6th-scale-collectible-figure\/#primaryimage\"},\"thumbnailUrl\":\"https:\/\/endormoonstore.com\/wp-content\/uploads\/2024\/09\/Akaoni-Samurai-Predator-Alien-vs.-Predator-Artist-Collection-1-6th-Scale-Collectible-Figure-1.jpg\",\"datePublished\":\"2024-09-20T02:00:25+00:00\",\"dateModified\":\"2024-10-13T11:51:04+00:00\",\"breadcrumb\":{\"@id\":\"https:\/\/endormoonstore.com\/en\/akaoni-samurai-predator-alien-vs-predator-artist-collection-1-6th-scale-collectible-figure\/#breadcrumb\"},\"inLanguage\":\"en-US\",\"potentialAction\":[{\"@type\":\"ReadAction\",\"target\":[\"https:\/\/endormoonstore.com\/en\/akaoni-samurai-predator-alien-vs-predator-artist-collection-1-6th-scale-collectible-figure\/\"]}]},{\"@type\":\"ImageObject\",\"inLanguage\":\"en-US\",\"@id\":\"https:\/\/endormoonstore.com\/en\/akaoni-samurai-predator-alien-vs-predator-artist-collection-1-6th-scale-collectible-figure\/#primaryimage\",\"url\":\"https:\/\/endormoonstore.com\/wp-content\/uploads\/2024\/09\/Akaoni-Samurai-Predator-Alien-vs.-Predator-Artist-Collection-1-6th-Scale-Collectible-Figure-1.jpg\",\"contentUrl\":\"https:\/\/endormoonstore.com\/wp-content\/uploads\/2024\/09\/Akaoni-Samurai-Predator-Alien-vs.-Predator-Artist-Collection-1-6th-Scale-Collectible-Figure-1.jpg\",\"width\":667,\"height\":1000},{\"@type\":\"BreadcrumbList\",\"@id\":\"https:\/\/endormoonstore.com\/en\/akaoni-samurai-predator-alien-vs-predator-artist-collection-1-6th-scale-collectible-figure\/#breadcrumb\",\"itemListElement\":[{\"@type\":\"ListItem\",\"position\":1,\"name\":\"Shop\",\"item\":\"https:\/\/endormoonstore.com\/en\/shop\/\"},{\"@type\":\"ListItem\",\"position\":2,\"name\":\"Akaoni Samurai Predator Alien vs. Predator Artist Collection 1\/6th Scale Collectible Figure\"}]},{\"@type\":\"WebSite\",\"@id\":\"https:\/\/endormoonstore.com\/#website\",\"url\":\"https:\/\/endormoonstore.com\/\",\"name\":\"EndormoonStore\",\"description\":\"\",\"potentialAction\":[{\"@type\":\"SearchAction\",\"target\":{\"@type\":\"EntryPoint\",\"urlTemplate\":\"https:\/\/endormoonstore.com\/?s={search_term_string}\"},\"query-input\":{\"@type\":\"PropertyValueSpecification\",\"valueRequired\":true,\"valueName\":\"search_term_string\"}}],\"inLanguage\":\"en-US\"}]}<\/script>\n<!-- \/ Yoast SEO plugin. -->","yoast_head_json":{"title":"Akaoni Samurai Predator Alien vs. Predator Artist Collection 1\/6th Scale Collectible Figure - EndormoonStore","robots":{"index":"index","follow":"follow","max-snippet":"max-snippet:-1","max-image-preview":"max-image-preview:large","max-video-preview":"max-video-preview:-1"},"canonical":"https:\/\/endormoonstore.com\/en\/akaoni-samurai-predator-alien-vs-predator-artist-collection-1-6th-scale-collectible-figure\/","og_locale":"en_US","og_type":"article","og_title":"Akaoni Samurai Predator Alien vs. Predator Artist Collection 1\/6th Scale Collectible Figure - EndormoonStore","og_description":"Akaoni Samurai Predator Alien vs. Predator Artist Collection 1\/6th Scale Collectible Figure  Prep\u00e1rate para el regreso sorpresa de un cl\u00e1sico a tu colecci\u00f3n de figuras.\u00a0\u00a0Hot Toys\u00a0\u00a0se enorgullece de colaborar con los estimados artistas, el Sr. Takayuki Takeya (\u7af9\u8c37\u9686\u4e4b) y el Sr. Yuji Oniki (\u9b3c\u6728\u7950\u4e8c), una vez m\u00e1s en la\u00a0figura coleccionable de escala 1\/6 de Samurai Predator\u00a0inspirada en\u00a0Alien vs. Predator","og_url":"https:\/\/endormoonstore.com\/en\/akaoni-samurai-predator-alien-vs-predator-artist-collection-1-6th-scale-collectible-figure\/","og_site_name":"EndormoonStore","article_modified_time":"2024-10-13T11:51:04+00:00","og_image":[{"width":667,"height":1000,"url":"https:\/\/endormoonstore.com\/wp-content\/uploads\/2024\/09\/Akaoni-Samurai-Predator-Alien-vs.-Predator-Artist-Collection-1-6th-Scale-Collectible-Figure-1.jpg","type":"image\/jpeg"}],"twitter_card":"summary_large_image","twitter_misc":{"Est. reading time":"3 minutes"},"schema":{"@context":"https:\/\/schema.org","@graph":[{"@type":"WebPage","@id":"https:\/\/endormoonstore.com\/en\/akaoni-samurai-predator-alien-vs-predator-artist-collection-1-6th-scale-collectible-figure\/","url":"https:\/\/endormoonstore.com\/en\/akaoni-samurai-predator-alien-vs-predator-artist-collection-1-6th-scale-collectible-figure\/","name":"Akaoni Samurai Predator Alien vs. Predator Artist Collection 1\/6th Scale Collectible Figure - EndormoonStore","isPartOf":{"@id":"https:\/\/endormoonstore.com\/#website"},"primaryImageOfPage":{"@id":"https:\/\/endormoonstore.com\/en\/akaoni-samurai-predator-alien-vs-predator-artist-collection-1-6th-scale-collectible-figure\/#primaryimage"},"image":{"@id":"https:\/\/endormoonstore.com\/en\/akaoni-samurai-predator-alien-vs-predator-artist-collection-1-6th-scale-collectible-figure\/#primaryimage"},"thumbnailUrl":"https:\/\/endormoonstore.com\/wp-content\/uploads\/2024\/09\/Akaoni-Samurai-Predator-Alien-vs.-Predator-Artist-Collection-1-6th-Scale-Collectible-Figure-1.jpg","datePublished":"2024-09-20T02:00:25+00:00","dateModified":"2024-10-13T11:51:04+00:00","breadcrumb":{"@id":"https:\/\/endormoonstore.com\/en\/akaoni-samurai-predator-alien-vs-predator-artist-collection-1-6th-scale-collectible-figure\/#breadcrumb"},"inLanguage":"en-US","potentialAction":[{"@type":"ReadAction","target":["https:\/\/endormoonstore.com\/en\/akaoni-samurai-predator-alien-vs-predator-artist-collection-1-6th-scale-collectible-figure\/"]}]},{"@type":"ImageObject","inLanguage":"en-US","@id":"https:\/\/endormoonstore.com\/en\/akaoni-samurai-predator-alien-vs-predator-artist-collection-1-6th-scale-collectible-figure\/#primaryimage","url":"https:\/\/endormoonstore.com\/wp-content\/uploads\/2024\/09\/Akaoni-Samurai-Predator-Alien-vs.-Predator-Artist-Collection-1-6th-Scale-Collectible-Figure-1.jpg","contentUrl":"https:\/\/endormoonstore.com\/wp-content\/uploads\/2024\/09\/Akaoni-Samurai-Predator-Alien-vs.-Predator-Artist-Collection-1-6th-Scale-Collectible-Figure-1.jpg","width":667,"height":1000},{"@type":"BreadcrumbList","@id":"https:\/\/endormoonstore.com\/en\/akaoni-samurai-predator-alien-vs-predator-artist-collection-1-6th-scale-collectible-figure\/#breadcrumb","itemListElement":[{"@type":"ListItem","position":1,"name":"Shop","item":"https:\/\/endormoonstore.com\/en\/shop\/"},{"@type":"ListItem","position":2,"name":"Akaoni Samurai Predator Alien vs. Predator Artist Collection 1\/6th Scale Collectible Figure"}]},{"@type":"WebSite","@id":"https:\/\/endormoonstore.com\/#website","url":"https:\/\/endormoonstore.com\/","name":"EndormoonStore","description":"","potentialAction":[{"@type":"SearchAction","target":{"@type":"EntryPoint","urlTemplate":"https:\/\/endormoonstore.com\/?s={search_term_string}"},"query-input":{"@type":"PropertyValueSpecification","valueRequired":true,"valueName":"search_term_string"}}],"inLanguage":"en-US"}]}},"taxonomy_info":{"product_cat":[{"value":13453,"label":"Featured"},{"value":1384,"label":"Pre-orders"}],"pa_brand":[{"value":1635,"label":"Hot Toys"}],"pa_character":[{"value":14792,"label":"Akaoni Samurai Predator"}],"pa_license":[{"value":2174,"label":"Alien VS Predator"}],"pa_product-type":[{"value":2387,"label":"Figure"}],"pa_theme":[{"value":4595,"label":"Sixth Scale Collectible"}]},"featured_image_src_large":["https:\/\/endormoonstore.com\/wp-content\/uploads\/2024\/09\/Akaoni-Samurai-Predator-Alien-vs.-Predator-Artist-Collection-1-6th-Scale-Collectible-Figure-1.jpg",667,1000,false],"author_info":[],"comment_info":"","_links":{"self":[{"href":"https:\/\/endormoonstore.com\/en\/wp-json\/wp\/v2\/product\/164203","targetHints":{"allow":["GET"]}}],"collection":[{"href":"https:\/\/endormoonstore.com\/en\/wp-json\/wp\/v2\/product"}],"about":[{"href":"https:\/\/endormoonstore.com\/en\/wp-json\/wp\/v2\/types\/product"}],"wp:featuredmedia":[{"embeddable":true,"href":"https:\/\/endormoonstore.com\/en\/wp-json\/wp\/v2\/media\/164169"}],"wp:attachment":[{"href":"https:\/\/endormoonstore.com\/en\/wp-json\/wp\/v2\/media?parent=164203"}],"wp:term":[{"taxonomy":"product_cat","embeddable":true,"href":"https:\/\/endormoonstore.com\/en\/wp-json\/wp\/v2\/product_cat?post=164203"},{"taxonomy":"product_tag","embeddable":true,"href":"https:\/\/endormoonstore.com\/en\/wp-json\/wp\/v2\/product_tag?post=164203"}],"curies":[{"name":"wp","href":"https:\/\/api.w.org\/{rel}","templated":true}]}}