{"id":164166,"date":"2024-09-20T03:55:05","date_gmt":"2024-09-20T01:55:05","guid":{"rendered":"https:\/\/endormoonstore.com\/heroquest-first-ligh-game-system-version-espanol\/"},"modified":"2024-10-12T23:08:32","modified_gmt":"2024-10-12T21:08:32","slug":"heroquest-first-ligh-game-system-version-espanol","status":"publish","type":"product","link":"https:\/\/endormoonstore.com\/en\/heroquest-first-ligh-game-system-version-espanol\/","title":{"rendered":"HeroQuest First Ligh Game System Versi\u00f3n Espa\u00f1ol"},"content":{"rendered":"<p class=\"p1\"><b>HeroQuest First Ligh Game System Versi\u00f3n Espa\u00f1ol<\/b><\/p>\n<ul class=\"ul1\">\n<li class=\"li1\">Hasbro Gaming presenta Heroquest First Light, una versi\u00f3n introductoria del sistema de juego Heroquest que incluye nuevas misiones compatibles con todas las expansiones publicadas.<\/li>\n<li class=\"li1\">Incluye 10 nuevas misiones, escritas por el dise\u00f1ador original del juego, Stephen Baker. Tambi\u00e9n puedes crear tus propias historias y construir tus misiones para una rejugabilidad ilimitada.<\/li>\n<li class=\"li1\">Explora un tablero de juego de doble cara que cambia a medida que te adentras en el mundo, adem\u00e1s de 67 personajes a todo color, 102 cartas incre\u00edblemente ilustradas y mucho m\u00e1s.<\/li>\n<li class=\"li1\">Se tambi\u00e9n un c\u00f3digo escaneable de una aplicaci\u00f3n gratuita que puede asumir el papel de Zargon, para que todos los jugadores puedan ser h\u00e9roes o jugar en solitario.<\/li>\n<li class=\"li1\">Contenido: Incluye libro de aventuras con 10 aventuras \u00fanicas, libro de reglas del sistema de juego, tablero de juego de doble cara, pantalla del Game Master, 4 miniaturas de h\u00e9roe (b\u00e1rbaro, enano, elfo y mago), 1 miniatura de drag\u00f3n, bloc de hojas de personaje, 31 piezas de monstruo, 15 piezas de mobiliario, 41 losetas de cart\u00f3n, 21 puertas de mazmorra, 102 cartas de juego, 6 dados de combate, 2 dados de movimiento y 52 fichas de pl\u00e1stico.<\/li>\n<\/ul>\n","protected":false},"excerpt":{"rendered":"<p class=\"p1\"><strong>HeroQuest First Ligh Game System Versi\u00f3n Espa\u00f1ol<\/strong><\/p>\n<p class=\"p1\">Hasbro Gaming presenta Heroquest First Light, una versi\u00f3n introductoria del sistema de juego Heroquest que incluye nuevas misiones compatibles con todas las expansiones publicadas.<\/p>\n","protected":false},"featured_media":164144,"template":"","meta":{"_acf_changed":false,"_kad_blocks_custom_css":"","_kad_blocks_head_custom_js":"","_kad_blocks_body_custom_js":"","_kad_blocks_footer_custom_js":""},"product_cat":[13453,1384],"product_tag":[],"class_list":{"0":"post-164166","1":"product","2":"type-product","3":"status-publish","4":"has-post-thumbnail","6":"product_cat-featured","7":"product_cat-pre-orders","8":"pa_brand-hasbro-en","9":"pa_license-heroquest-en","10":"pa_product-type-expansion-en","11":"pa_theme-heroquest-en","13":"first","14":"instock","15":"taxable","16":"shipping-taxable","17":"purchasable","18":"product-type-simple"},"acf":[],"yoast_head":"<!-- This site is optimized with the Yoast SEO plugin v26.1.1 - https:\/\/yoast.com\/wordpress\/plugins\/seo\/ -->\n<title>HeroQuest First Ligh Game System Versi\u00f3n Espa\u00f1ol - EndormoonStore<\/title>\n<meta name=\"robots\" content=\"index, follow, max-snippet:-1, max-image-preview:large, max-video-preview:-1\" \/>\n<link rel=\"canonical\" href=\"https:\/\/endormoonstore.com\/en\/heroquest-first-ligh-game-system-version-espanol\/\" \/>\n<meta property=\"og:locale\" content=\"en_US\" \/>\n<meta property=\"og:type\" content=\"article\" \/>\n<meta property=\"og:title\" content=\"HeroQuest First Ligh Game System Versi\u00f3n Espa\u00f1ol - EndormoonStore\" \/>\n<meta property=\"og:description\" content=\"HeroQuest First Ligh Game System Versi\u00f3n Espa\u00f1ol Hasbro Gaming presenta Heroquest First Light, una versi\u00f3n introductoria del sistema de juego Heroquest que incluye nuevas misiones compatibles con todas las expansiones publicadas.\" \/>\n<meta property=\"og:url\" content=\"https:\/\/endormoonstore.com\/en\/heroquest-first-ligh-game-system-version-espanol\/\" \/>\n<meta property=\"og:site_name\" content=\"EndormoonStore\" \/>\n<meta property=\"article:modified_time\" content=\"2024-10-12T21:08:32+00:00\" \/>\n<meta property=\"og:image\" content=\"https:\/\/endormoonstore.com\/wp-content\/uploads\/2024\/10\/HeroQuest-First-Ligh-Game-System-Version-Espanol-1.jpg\" \/>\n\t<meta property=\"og:image:width\" content=\"1000\" \/>\n\t<meta property=\"og:image:height\" content=\"1000\" \/>\n\t<meta property=\"og:image:type\" content=\"image\/jpeg\" \/>\n<meta name=\"twitter:card\" content=\"summary_large_image\" \/>\n<meta name=\"twitter:label1\" content=\"Est. reading time\" \/>\n\t<meta name=\"twitter:data1\" content=\"2 minutes\" \/>\n<script type=\"application\/ld+json\" class=\"yoast-schema-graph\">{\"@context\":\"https:\/\/schema.org\",\"@graph\":[{\"@type\":\"WebPage\",\"@id\":\"https:\/\/endormoonstore.com\/en\/heroquest-first-ligh-game-system-version-espanol\/\",\"url\":\"https:\/\/endormoonstore.com\/en\/heroquest-first-ligh-game-system-version-espanol\/\",\"name\":\"HeroQuest First Ligh Game System Versi\u00f3n Espa\u00f1ol - EndormoonStore\",\"isPartOf\":{\"@id\":\"https:\/\/endormoonstore.com\/#website\"},\"primaryImageOfPage\":{\"@id\":\"https:\/\/endormoonstore.com\/en\/heroquest-first-ligh-game-system-version-espanol\/#primaryimage\"},\"image\":{\"@id\":\"https:\/\/endormoonstore.com\/en\/heroquest-first-ligh-game-system-version-espanol\/#primaryimage\"},\"thumbnailUrl\":\"https:\/\/endormoonstore.com\/wp-content\/uploads\/2024\/10\/HeroQuest-First-Ligh-Game-System-Version-Espanol-1.jpg\",\"datePublished\":\"2024-09-20T01:55:05+00:00\",\"dateModified\":\"2024-10-12T21:08:32+00:00\",\"breadcrumb\":{\"@id\":\"https:\/\/endormoonstore.com\/en\/heroquest-first-ligh-game-system-version-espanol\/#breadcrumb\"},\"inLanguage\":\"en-US\",\"potentialAction\":[{\"@type\":\"ReadAction\",\"target\":[\"https:\/\/endormoonstore.com\/en\/heroquest-first-ligh-game-system-version-espanol\/\"]}]},{\"@type\":\"ImageObject\",\"inLanguage\":\"en-US\",\"@id\":\"https:\/\/endormoonstore.com\/en\/heroquest-first-ligh-game-system-version-espanol\/#primaryimage\",\"url\":\"https:\/\/endormoonstore.com\/wp-content\/uploads\/2024\/10\/HeroQuest-First-Ligh-Game-System-Version-Espanol-1.jpg\",\"contentUrl\":\"https:\/\/endormoonstore.com\/wp-content\/uploads\/2024\/10\/HeroQuest-First-Ligh-Game-System-Version-Espanol-1.jpg\",\"width\":1000,\"height\":1000},{\"@type\":\"BreadcrumbList\",\"@id\":\"https:\/\/endormoonstore.com\/en\/heroquest-first-ligh-game-system-version-espanol\/#breadcrumb\",\"itemListElement\":[{\"@type\":\"ListItem\",\"position\":1,\"name\":\"Shop\",\"item\":\"https:\/\/endormoonstore.com\/en\/shop\/\"},{\"@type\":\"ListItem\",\"position\":2,\"name\":\"HeroQuest First Ligh Game System Versi\u00f3n Espa\u00f1ol\"}]},{\"@type\":\"WebSite\",\"@id\":\"https:\/\/endormoonstore.com\/#website\",\"url\":\"https:\/\/endormoonstore.com\/\",\"name\":\"EndormoonStore\",\"description\":\"\",\"potentialAction\":[{\"@type\":\"SearchAction\",\"target\":{\"@type\":\"EntryPoint\",\"urlTemplate\":\"https:\/\/endormoonstore.com\/?s={search_term_string}\"},\"query-input\":{\"@type\":\"PropertyValueSpecification\",\"valueRequired\":true,\"valueName\":\"search_term_string\"}}],\"inLanguage\":\"en-US\"}]}<\/script>\n<!-- \/ Yoast SEO plugin. -->","yoast_head_json":{"title":"HeroQuest First Ligh Game System Versi\u00f3n Espa\u00f1ol - EndormoonStore","robots":{"index":"index","follow":"follow","max-snippet":"max-snippet:-1","max-image-preview":"max-image-preview:large","max-video-preview":"max-video-preview:-1"},"canonical":"https:\/\/endormoonstore.com\/en\/heroquest-first-ligh-game-system-version-espanol\/","og_locale":"en_US","og_type":"article","og_title":"HeroQuest First Ligh Game System Versi\u00f3n Espa\u00f1ol - EndormoonStore","og_description":"HeroQuest First Ligh Game System Versi\u00f3n Espa\u00f1ol Hasbro Gaming presenta Heroquest First Light, una versi\u00f3n introductoria del sistema de juego Heroquest que incluye nuevas misiones compatibles con todas las expansiones publicadas.","og_url":"https:\/\/endormoonstore.com\/en\/heroquest-first-ligh-game-system-version-espanol\/","og_site_name":"EndormoonStore","article_modified_time":"2024-10-12T21:08:32+00:00","og_image":[{"width":1000,"height":1000,"url":"https:\/\/endormoonstore.com\/wp-content\/uploads\/2024\/10\/HeroQuest-First-Ligh-Game-System-Version-Espanol-1.jpg","type":"image\/jpeg"}],"twitter_card":"summary_large_image","twitter_misc":{"Est. reading time":"2 minutes"},"schema":{"@context":"https:\/\/schema.org","@graph":[{"@type":"WebPage","@id":"https:\/\/endormoonstore.com\/en\/heroquest-first-ligh-game-system-version-espanol\/","url":"https:\/\/endormoonstore.com\/en\/heroquest-first-ligh-game-system-version-espanol\/","name":"HeroQuest First Ligh Game System Versi\u00f3n Espa\u00f1ol - EndormoonStore","isPartOf":{"@id":"https:\/\/endormoonstore.com\/#website"},"primaryImageOfPage":{"@id":"https:\/\/endormoonstore.com\/en\/heroquest-first-ligh-game-system-version-espanol\/#primaryimage"},"image":{"@id":"https:\/\/endormoonstore.com\/en\/heroquest-first-ligh-game-system-version-espanol\/#primaryimage"},"thumbnailUrl":"https:\/\/endormoonstore.com\/wp-content\/uploads\/2024\/10\/HeroQuest-First-Ligh-Game-System-Version-Espanol-1.jpg","datePublished":"2024-09-20T01:55:05+00:00","dateModified":"2024-10-12T21:08:32+00:00","breadcrumb":{"@id":"https:\/\/endormoonstore.com\/en\/heroquest-first-ligh-game-system-version-espanol\/#breadcrumb"},"inLanguage":"en-US","potentialAction":[{"@type":"ReadAction","target":["https:\/\/endormoonstore.com\/en\/heroquest-first-ligh-game-system-version-espanol\/"]}]},{"@type":"ImageObject","inLanguage":"en-US","@id":"https:\/\/endormoonstore.com\/en\/heroquest-first-ligh-game-system-version-espanol\/#primaryimage","url":"https:\/\/endormoonstore.com\/wp-content\/uploads\/2024\/10\/HeroQuest-First-Ligh-Game-System-Version-Espanol-1.jpg","contentUrl":"https:\/\/endormoonstore.com\/wp-content\/uploads\/2024\/10\/HeroQuest-First-Ligh-Game-System-Version-Espanol-1.jpg","width":1000,"height":1000},{"@type":"BreadcrumbList","@id":"https:\/\/endormoonstore.com\/en\/heroquest-first-ligh-game-system-version-espanol\/#breadcrumb","itemListElement":[{"@type":"ListItem","position":1,"name":"Shop","item":"https:\/\/endormoonstore.com\/en\/shop\/"},{"@type":"ListItem","position":2,"name":"HeroQuest First Ligh Game System Versi\u00f3n Espa\u00f1ol"}]},{"@type":"WebSite","@id":"https:\/\/endormoonstore.com\/#website","url":"https:\/\/endormoonstore.com\/","name":"EndormoonStore","description":"","potentialAction":[{"@type":"SearchAction","target":{"@type":"EntryPoint","urlTemplate":"https:\/\/endormoonstore.com\/?s={search_term_string}"},"query-input":{"@type":"PropertyValueSpecification","valueRequired":true,"valueName":"search_term_string"}}],"inLanguage":"en-US"}]}},"taxonomy_info":{"product_cat":[{"value":13453,"label":"Featured"},{"value":1384,"label":"Pre-orders"}],"pa_brand":[{"value":2084,"label":"Hasbro"}],"pa_license":[{"value":10521,"label":"HeroQuest"}],"pa_product-type":[{"value":10929,"label":"Expansi\u00f3n"}],"pa_theme":[{"value":10515,"label":"HeroQuest"}]},"featured_image_src_large":["https:\/\/endormoonstore.com\/wp-content\/uploads\/2024\/10\/HeroQuest-First-Ligh-Game-System-Version-Espanol-1.jpg",1000,1000,false],"author_info":[],"comment_info":"","_links":{"self":[{"href":"https:\/\/endormoonstore.com\/en\/wp-json\/wp\/v2\/product\/164166","targetHints":{"allow":["GET"]}}],"collection":[{"href":"https:\/\/endormoonstore.com\/en\/wp-json\/wp\/v2\/product"}],"about":[{"href":"https:\/\/endormoonstore.com\/en\/wp-json\/wp\/v2\/types\/product"}],"wp:featuredmedia":[{"embeddable":true,"href":"https:\/\/endormoonstore.com\/en\/wp-json\/wp\/v2\/media\/164144"}],"wp:attachment":[{"href":"https:\/\/endormoonstore.com\/en\/wp-json\/wp\/v2\/media?parent=164166"}],"wp:term":[{"taxonomy":"product_cat","embeddable":true,"href":"https:\/\/endormoonstore.com\/en\/wp-json\/wp\/v2\/product_cat?post=164166"},{"taxonomy":"product_tag","embeddable":true,"href":"https:\/\/endormoonstore.com\/en\/wp-json\/wp\/v2\/product_tag?post=164166"}],"curies":[{"name":"wp","href":"https:\/\/api.w.org\/{rel}","templated":true}]}}