{"id":164008,"date":"2024-09-20T03:15:33","date_gmt":"2024-09-20T01:15:33","guid":{"rendered":"https:\/\/endormoonstore.com\/waddle-dee-cafe-ver-kirby-nendoroid\/"},"modified":"2024-10-10T16:02:25","modified_gmt":"2024-10-10T14:02:25","slug":"waddle-dee-cafe-ver-kirby-nendoroid","status":"publish","type":"product","link":"https:\/\/endormoonstore.com\/en\/waddle-dee-cafe-ver-kirby-nendoroid\/","title":{"rendered":"Waddle Dee Cafe Ver. Kirby Nendoroid"},"content":{"rendered":"<p class=\"p1\"><b>Waddle Dee Cafe Ver. Kirby Nendoroid<\/b><\/p>\n<ul class=\"ul1\">\n<li class=\"li1\">Good Smile Company presenta, dentro de la colecci\u00f3n Nendoroid, la figura de Waddle Dee Kirby Caf\u00e9 Version. Mide 6 cm y est\u00e1 inspirada en su aspecto en &#8220;Kirby Caf\u00e9&#8221;, una cadena de restaurantes tem\u00e1ticos de Jap\u00f3n basados en el universo de Kirby, el famoso personaje de los videojuegos de Nintendo.<\/li>\n<li class=\"li1\">Incluye placas faciales (cara est\u00e1ndar y de sorpresa) y accesorios (sombrero, delantal, sart\u00e9n, plato de omurice, taza y salpicadura de crema). Cuenta con imanes en varias zonas del cuerpo para una multitud de opciones de pose.<\/li>\n<li class=\"li1\">Puedes exponerla junto a la figura de Kirby Caf\u00e9 Version (se vende por separado).<\/li>\n<\/ul>\n","protected":false},"excerpt":{"rendered":"<p><strong>Waddle Dee Cafe Ver. Kirby Nendoroid<\/strong><\/p>\n<p>Good Smile Company presenta, dentro de la colecci\u00f3n Nendoroid, la figura de Waddle Dee Kirby Caf\u00e9 Version. Mide 6 cm y est\u00e1 inspirada en su aspecto en &#8220;Kirby Caf\u00e9&#8221;, una cadena de restaurantes tem\u00e1ticos de Jap\u00f3n basados en el universo de Kirby, el famoso personaje de los videojuegos de Nintendo.<\/p>\n","protected":false},"featured_media":163992,"template":"","meta":{"_acf_changed":false,"_kad_blocks_custom_css":"","_kad_blocks_head_custom_js":"","_kad_blocks_body_custom_js":"","_kad_blocks_footer_custom_js":""},"product_cat":[1384],"product_tag":[],"class_list":{"0":"post-164008","1":"product","2":"type-product","3":"status-publish","4":"has-post-thumbnail","6":"product_cat-pre-orders","7":"pa_brand-good-smile-company-en","8":"pa_character-waddle-en","9":"pa_license-kirby-en","10":"pa_product-type-figure","11":"pa_theme-nendoroid-en","13":"first","14":"instock","15":"taxable","16":"shipping-taxable","17":"purchasable","18":"product-type-simple"},"acf":[],"yoast_head":"<!-- This site is optimized with the Yoast SEO plugin v26.1.1 - https:\/\/yoast.com\/wordpress\/plugins\/seo\/ -->\n<title>Waddle Dee Cafe Ver. Kirby Nendoroid - EndormoonStore<\/title>\n<meta name=\"robots\" content=\"index, follow, max-snippet:-1, max-image-preview:large, max-video-preview:-1\" \/>\n<link rel=\"canonical\" href=\"https:\/\/endormoonstore.com\/en\/waddle-dee-cafe-ver-kirby-nendoroid\/\" \/>\n<meta property=\"og:locale\" content=\"en_US\" \/>\n<meta property=\"og:type\" content=\"article\" \/>\n<meta property=\"og:title\" content=\"Waddle Dee Cafe Ver. Kirby Nendoroid - EndormoonStore\" \/>\n<meta property=\"og:description\" content=\"Waddle Dee Cafe Ver. Kirby Nendoroid  Good Smile Company presenta, dentro de la colecci\u00f3n Nendoroid, la figura de Waddle Dee Kirby Caf\u00e9 Version. Mide 6 cm y est\u00e1 inspirada en su aspecto en &quot;Kirby Caf\u00e9&quot;, una cadena de restaurantes tem\u00e1ticos de Jap\u00f3n basados en el universo de Kirby, el famoso personaje de los videojuegos de Nintendo.\" \/>\n<meta property=\"og:url\" content=\"https:\/\/endormoonstore.com\/en\/waddle-dee-cafe-ver-kirby-nendoroid\/\" \/>\n<meta property=\"og:site_name\" content=\"EndormoonStore\" \/>\n<meta property=\"article:modified_time\" content=\"2024-10-10T14:02:25+00:00\" \/>\n<meta property=\"og:image\" content=\"https:\/\/endormoonstore.com\/wp-content\/uploads\/2024\/10\/Waddle-Dee-Cafe-Ver.-Kirby-Nendoroid-1.jpg\" \/>\n\t<meta property=\"og:image:width\" content=\"750\" \/>\n\t<meta property=\"og:image:height\" content=\"850\" \/>\n\t<meta property=\"og:image:type\" content=\"image\/jpeg\" \/>\n<meta name=\"twitter:card\" content=\"summary_large_image\" \/>\n<meta name=\"twitter:label1\" content=\"Est. reading time\" \/>\n\t<meta name=\"twitter:data1\" content=\"1 minute\" \/>\n<script type=\"application\/ld+json\" class=\"yoast-schema-graph\">{\"@context\":\"https:\/\/schema.org\",\"@graph\":[{\"@type\":\"WebPage\",\"@id\":\"https:\/\/endormoonstore.com\/en\/waddle-dee-cafe-ver-kirby-nendoroid\/\",\"url\":\"https:\/\/endormoonstore.com\/en\/waddle-dee-cafe-ver-kirby-nendoroid\/\",\"name\":\"Waddle Dee Cafe Ver. Kirby Nendoroid - EndormoonStore\",\"isPartOf\":{\"@id\":\"https:\/\/endormoonstore.com\/#website\"},\"primaryImageOfPage\":{\"@id\":\"https:\/\/endormoonstore.com\/en\/waddle-dee-cafe-ver-kirby-nendoroid\/#primaryimage\"},\"image\":{\"@id\":\"https:\/\/endormoonstore.com\/en\/waddle-dee-cafe-ver-kirby-nendoroid\/#primaryimage\"},\"thumbnailUrl\":\"https:\/\/endormoonstore.com\/wp-content\/uploads\/2024\/10\/Waddle-Dee-Cafe-Ver.-Kirby-Nendoroid-1.jpg\",\"datePublished\":\"2024-09-20T01:15:33+00:00\",\"dateModified\":\"2024-10-10T14:02:25+00:00\",\"breadcrumb\":{\"@id\":\"https:\/\/endormoonstore.com\/en\/waddle-dee-cafe-ver-kirby-nendoroid\/#breadcrumb\"},\"inLanguage\":\"en-US\",\"potentialAction\":[{\"@type\":\"ReadAction\",\"target\":[\"https:\/\/endormoonstore.com\/en\/waddle-dee-cafe-ver-kirby-nendoroid\/\"]}]},{\"@type\":\"ImageObject\",\"inLanguage\":\"en-US\",\"@id\":\"https:\/\/endormoonstore.com\/en\/waddle-dee-cafe-ver-kirby-nendoroid\/#primaryimage\",\"url\":\"https:\/\/endormoonstore.com\/wp-content\/uploads\/2024\/10\/Waddle-Dee-Cafe-Ver.-Kirby-Nendoroid-1.jpg\",\"contentUrl\":\"https:\/\/endormoonstore.com\/wp-content\/uploads\/2024\/10\/Waddle-Dee-Cafe-Ver.-Kirby-Nendoroid-1.jpg\",\"width\":750,\"height\":850},{\"@type\":\"BreadcrumbList\",\"@id\":\"https:\/\/endormoonstore.com\/en\/waddle-dee-cafe-ver-kirby-nendoroid\/#breadcrumb\",\"itemListElement\":[{\"@type\":\"ListItem\",\"position\":1,\"name\":\"Shop\",\"item\":\"https:\/\/endormoonstore.com\/en\/shop\/\"},{\"@type\":\"ListItem\",\"position\":2,\"name\":\"Waddle Dee Cafe Ver. Kirby Nendoroid\"}]},{\"@type\":\"WebSite\",\"@id\":\"https:\/\/endormoonstore.com\/#website\",\"url\":\"https:\/\/endormoonstore.com\/\",\"name\":\"EndormoonStore\",\"description\":\"\",\"potentialAction\":[{\"@type\":\"SearchAction\",\"target\":{\"@type\":\"EntryPoint\",\"urlTemplate\":\"https:\/\/endormoonstore.com\/?s={search_term_string}\"},\"query-input\":{\"@type\":\"PropertyValueSpecification\",\"valueRequired\":true,\"valueName\":\"search_term_string\"}}],\"inLanguage\":\"en-US\"}]}<\/script>\n<!-- \/ Yoast SEO plugin. -->","yoast_head_json":{"title":"Waddle Dee Cafe Ver. Kirby Nendoroid - EndormoonStore","robots":{"index":"index","follow":"follow","max-snippet":"max-snippet:-1","max-image-preview":"max-image-preview:large","max-video-preview":"max-video-preview:-1"},"canonical":"https:\/\/endormoonstore.com\/en\/waddle-dee-cafe-ver-kirby-nendoroid\/","og_locale":"en_US","og_type":"article","og_title":"Waddle Dee Cafe Ver. Kirby Nendoroid - EndormoonStore","og_description":"Waddle Dee Cafe Ver. Kirby Nendoroid  Good Smile Company presenta, dentro de la colecci\u00f3n Nendoroid, la figura de Waddle Dee Kirby Caf\u00e9 Version. Mide 6 cm y est\u00e1 inspirada en su aspecto en \"Kirby Caf\u00e9\", una cadena de restaurantes tem\u00e1ticos de Jap\u00f3n basados en el universo de Kirby, el famoso personaje de los videojuegos de Nintendo.","og_url":"https:\/\/endormoonstore.com\/en\/waddle-dee-cafe-ver-kirby-nendoroid\/","og_site_name":"EndormoonStore","article_modified_time":"2024-10-10T14:02:25+00:00","og_image":[{"width":750,"height":850,"url":"https:\/\/endormoonstore.com\/wp-content\/uploads\/2024\/10\/Waddle-Dee-Cafe-Ver.-Kirby-Nendoroid-1.jpg","type":"image\/jpeg"}],"twitter_card":"summary_large_image","twitter_misc":{"Est. reading time":"1 minute"},"schema":{"@context":"https:\/\/schema.org","@graph":[{"@type":"WebPage","@id":"https:\/\/endormoonstore.com\/en\/waddle-dee-cafe-ver-kirby-nendoroid\/","url":"https:\/\/endormoonstore.com\/en\/waddle-dee-cafe-ver-kirby-nendoroid\/","name":"Waddle Dee Cafe Ver. Kirby Nendoroid - EndormoonStore","isPartOf":{"@id":"https:\/\/endormoonstore.com\/#website"},"primaryImageOfPage":{"@id":"https:\/\/endormoonstore.com\/en\/waddle-dee-cafe-ver-kirby-nendoroid\/#primaryimage"},"image":{"@id":"https:\/\/endormoonstore.com\/en\/waddle-dee-cafe-ver-kirby-nendoroid\/#primaryimage"},"thumbnailUrl":"https:\/\/endormoonstore.com\/wp-content\/uploads\/2024\/10\/Waddle-Dee-Cafe-Ver.-Kirby-Nendoroid-1.jpg","datePublished":"2024-09-20T01:15:33+00:00","dateModified":"2024-10-10T14:02:25+00:00","breadcrumb":{"@id":"https:\/\/endormoonstore.com\/en\/waddle-dee-cafe-ver-kirby-nendoroid\/#breadcrumb"},"inLanguage":"en-US","potentialAction":[{"@type":"ReadAction","target":["https:\/\/endormoonstore.com\/en\/waddle-dee-cafe-ver-kirby-nendoroid\/"]}]},{"@type":"ImageObject","inLanguage":"en-US","@id":"https:\/\/endormoonstore.com\/en\/waddle-dee-cafe-ver-kirby-nendoroid\/#primaryimage","url":"https:\/\/endormoonstore.com\/wp-content\/uploads\/2024\/10\/Waddle-Dee-Cafe-Ver.-Kirby-Nendoroid-1.jpg","contentUrl":"https:\/\/endormoonstore.com\/wp-content\/uploads\/2024\/10\/Waddle-Dee-Cafe-Ver.-Kirby-Nendoroid-1.jpg","width":750,"height":850},{"@type":"BreadcrumbList","@id":"https:\/\/endormoonstore.com\/en\/waddle-dee-cafe-ver-kirby-nendoroid\/#breadcrumb","itemListElement":[{"@type":"ListItem","position":1,"name":"Shop","item":"https:\/\/endormoonstore.com\/en\/shop\/"},{"@type":"ListItem","position":2,"name":"Waddle Dee Cafe Ver. Kirby Nendoroid"}]},{"@type":"WebSite","@id":"https:\/\/endormoonstore.com\/#website","url":"https:\/\/endormoonstore.com\/","name":"EndormoonStore","description":"","potentialAction":[{"@type":"SearchAction","target":{"@type":"EntryPoint","urlTemplate":"https:\/\/endormoonstore.com\/?s={search_term_string}"},"query-input":{"@type":"PropertyValueSpecification","valueRequired":true,"valueName":"search_term_string"}}],"inLanguage":"en-US"}]}},"taxonomy_info":{"product_cat":[{"value":1384,"label":"Pre-orders"}],"pa_brand":[{"value":2081,"label":"Good Smile Company"}],"pa_character":[{"value":13384,"label":"Waddle"}],"pa_license":[{"value":13072,"label":"Kirby"}],"pa_product-type":[{"value":2387,"label":"Figure"}],"pa_theme":[{"value":1861,"label":"Nendoroid"}]},"featured_image_src_large":["https:\/\/endormoonstore.com\/wp-content\/uploads\/2024\/10\/Waddle-Dee-Cafe-Ver.-Kirby-Nendoroid-1.jpg",750,850,false],"author_info":[],"comment_info":"","_links":{"self":[{"href":"https:\/\/endormoonstore.com\/en\/wp-json\/wp\/v2\/product\/164008","targetHints":{"allow":["GET"]}}],"collection":[{"href":"https:\/\/endormoonstore.com\/en\/wp-json\/wp\/v2\/product"}],"about":[{"href":"https:\/\/endormoonstore.com\/en\/wp-json\/wp\/v2\/types\/product"}],"wp:featuredmedia":[{"embeddable":true,"href":"https:\/\/endormoonstore.com\/en\/wp-json\/wp\/v2\/media\/163992"}],"wp:attachment":[{"href":"https:\/\/endormoonstore.com\/en\/wp-json\/wp\/v2\/media?parent=164008"}],"wp:term":[{"taxonomy":"product_cat","embeddable":true,"href":"https:\/\/endormoonstore.com\/en\/wp-json\/wp\/v2\/product_cat?post=164008"},{"taxonomy":"product_tag","embeddable":true,"href":"https:\/\/endormoonstore.com\/en\/wp-json\/wp\/v2\/product_tag?post=164008"}],"curies":[{"name":"wp","href":"https:\/\/api.w.org\/{rel}","templated":true}]}}