{"id":163944,"date":"2024-09-20T03:00:18","date_gmt":"2024-09-20T01:00:18","guid":{"rendered":"https:\/\/endormoonstore.com\/zhongli-genshin-impact-nendoroid\/"},"modified":"2024-10-09T21:46:32","modified_gmt":"2024-10-09T19:46:32","slug":"zhongli-genshin-impact-nendoroid","status":"publish","type":"product","link":"https:\/\/endormoonstore.com\/en\/zhongli-genshin-impact-nendoroid\/","title":{"rendered":"Zhongli Genshin Impact Nendoroid"},"content":{"rendered":"<p><strong>Zhongli Genshin Impact Nendoroid<\/strong><\/p>\n<ul>\n<li>\n<div class=\"product-title\">\n<div class=\"pull-left margenDatosSecundarios\">\n<div id=\"ctl00_MainContent_dvSinopsis\" class=\"pull-left w100\">\n<div class=\"pull-left w100 text-justify well well-lg text-primary\"><span id=\"ctl00_MainContent_txtSinpsis\"><em>&#8220;El vino de Osmanthus tiene el mismo sabor que recuerdo&#8230; \u00bfPero d\u00f3nde est\u00e1n los que comparten el recuerdo?&#8221;. <\/em>Good Smile Company presenta, dentro de la colecci\u00f3n Nendoroid, la figura Zhongli. Mide 10 cm y est\u00e1 basada en el personaje del juego &#8220;Genshin Impact&#8221;.<\/span><\/div>\n<\/div>\n<\/div>\n<\/div>\n<\/li>\n<li>\n<div class=\"product-title\"><span id=\"ctl00_MainContent_txtSinpsis\"> Contiene placas faciales (cara est\u00e1ndar, contemplativa y sonriente) y accesorios (Vortex Vanquiser, Exuvia, planeta Befall y caja de regalo).<\/span><\/div>\n<\/li>\n<\/ul>\n<p>&nbsp;<\/p>\n","protected":false},"excerpt":{"rendered":"<p><strong>Zhongli Genshin Impact Nendoroid<\/strong><\/p>\n<p><em>&#8220;El vino de Osmanthus tiene el mismo sabor que recuerdo&#8230; \u00bfPero d\u00f3nde est\u00e1n los que comparten el recuerdo?&#8221;. <\/em>Good Smile Company presenta, dentro de la colecci\u00f3n Nendoroid, la figura Zhongli. Mide 10 cm y est\u00e1 basada en el personaje del juego &#8220;Genshin Impact&#8221;.<\/p>\n","protected":false},"featured_media":163926,"template":"","meta":{"_acf_changed":false,"_kad_blocks_custom_css":"","_kad_blocks_head_custom_js":"","_kad_blocks_body_custom_js":"","_kad_blocks_footer_custom_js":""},"product_cat":[1384],"product_tag":[],"class_list":{"0":"post-163944","1":"product","2":"type-product","3":"status-publish","4":"has-post-thumbnail","6":"product_cat-pre-orders","7":"pa_brand-good-smile-company-en","8":"pa_character-zhongli-en","9":"pa_license-genshin-impact-en","10":"pa_product-type-figure","11":"pa_theme-nendoroid-en","13":"first","14":"instock","15":"taxable","16":"shipping-taxable","17":"purchasable","18":"product-type-simple"},"acf":[],"yoast_head":"<!-- This site is optimized with the Yoast SEO plugin v26.1.1 - https:\/\/yoast.com\/wordpress\/plugins\/seo\/ -->\n<title>Zhongli Genshin Impact Nendoroid - EndormoonStore<\/title>\n<meta name=\"robots\" content=\"index, follow, max-snippet:-1, max-image-preview:large, max-video-preview:-1\" \/>\n<link rel=\"canonical\" href=\"https:\/\/endormoonstore.com\/en\/zhongli-genshin-impact-nendoroid\/\" \/>\n<meta property=\"og:locale\" content=\"en_US\" \/>\n<meta property=\"og:type\" content=\"article\" \/>\n<meta property=\"og:title\" content=\"Zhongli Genshin Impact Nendoroid - EndormoonStore\" \/>\n<meta property=\"og:description\" content=\"Zhongli Genshin Impact Nendoroid  &quot;El vino de Osmanthus tiene el mismo sabor que recuerdo... \u00bfPero d\u00f3nde est\u00e1n los que comparten el recuerdo?&quot;. Good Smile Company presenta, dentro de la colecci\u00f3n Nendoroid, la figura Zhongli. Mide 10 cm y est\u00e1 basada en el personaje del juego &quot;Genshin Impact&quot;.\" \/>\n<meta property=\"og:url\" content=\"https:\/\/endormoonstore.com\/en\/zhongli-genshin-impact-nendoroid\/\" \/>\n<meta property=\"og:site_name\" content=\"EndormoonStore\" \/>\n<meta property=\"article:modified_time\" content=\"2024-10-09T19:46:32+00:00\" \/>\n<meta property=\"og:image\" content=\"https:\/\/endormoonstore.com\/wp-content\/uploads\/2024\/10\/Zhongli-Genshin-Impact-Nendoroid-1.jpg\" \/>\n\t<meta property=\"og:image:width\" content=\"750\" \/>\n\t<meta property=\"og:image:height\" content=\"750\" \/>\n\t<meta property=\"og:image:type\" content=\"image\/jpeg\" \/>\n<meta name=\"twitter:card\" content=\"summary_large_image\" \/>\n<meta name=\"twitter:label1\" content=\"Est. reading time\" \/>\n\t<meta name=\"twitter:data1\" content=\"1 minute\" \/>\n<script type=\"application\/ld+json\" class=\"yoast-schema-graph\">{\"@context\":\"https:\/\/schema.org\",\"@graph\":[{\"@type\":\"WebPage\",\"@id\":\"https:\/\/endormoonstore.com\/en\/zhongli-genshin-impact-nendoroid\/\",\"url\":\"https:\/\/endormoonstore.com\/en\/zhongli-genshin-impact-nendoroid\/\",\"name\":\"Zhongli Genshin Impact Nendoroid - EndormoonStore\",\"isPartOf\":{\"@id\":\"https:\/\/endormoonstore.com\/#website\"},\"primaryImageOfPage\":{\"@id\":\"https:\/\/endormoonstore.com\/en\/zhongli-genshin-impact-nendoroid\/#primaryimage\"},\"image\":{\"@id\":\"https:\/\/endormoonstore.com\/en\/zhongli-genshin-impact-nendoroid\/#primaryimage\"},\"thumbnailUrl\":\"https:\/\/endormoonstore.com\/wp-content\/uploads\/2024\/10\/Zhongli-Genshin-Impact-Nendoroid-1.jpg\",\"datePublished\":\"2024-09-20T01:00:18+00:00\",\"dateModified\":\"2024-10-09T19:46:32+00:00\",\"breadcrumb\":{\"@id\":\"https:\/\/endormoonstore.com\/en\/zhongli-genshin-impact-nendoroid\/#breadcrumb\"},\"inLanguage\":\"en-US\",\"potentialAction\":[{\"@type\":\"ReadAction\",\"target\":[\"https:\/\/endormoonstore.com\/en\/zhongli-genshin-impact-nendoroid\/\"]}]},{\"@type\":\"ImageObject\",\"inLanguage\":\"en-US\",\"@id\":\"https:\/\/endormoonstore.com\/en\/zhongli-genshin-impact-nendoroid\/#primaryimage\",\"url\":\"https:\/\/endormoonstore.com\/wp-content\/uploads\/2024\/10\/Zhongli-Genshin-Impact-Nendoroid-1.jpg\",\"contentUrl\":\"https:\/\/endormoonstore.com\/wp-content\/uploads\/2024\/10\/Zhongli-Genshin-Impact-Nendoroid-1.jpg\",\"width\":750,\"height\":750},{\"@type\":\"BreadcrumbList\",\"@id\":\"https:\/\/endormoonstore.com\/en\/zhongli-genshin-impact-nendoroid\/#breadcrumb\",\"itemListElement\":[{\"@type\":\"ListItem\",\"position\":1,\"name\":\"Shop\",\"item\":\"https:\/\/endormoonstore.com\/en\/shop\/\"},{\"@type\":\"ListItem\",\"position\":2,\"name\":\"Zhongli Genshin Impact Nendoroid\"}]},{\"@type\":\"WebSite\",\"@id\":\"https:\/\/endormoonstore.com\/#website\",\"url\":\"https:\/\/endormoonstore.com\/\",\"name\":\"EndormoonStore\",\"description\":\"\",\"potentialAction\":[{\"@type\":\"SearchAction\",\"target\":{\"@type\":\"EntryPoint\",\"urlTemplate\":\"https:\/\/endormoonstore.com\/?s={search_term_string}\"},\"query-input\":{\"@type\":\"PropertyValueSpecification\",\"valueRequired\":true,\"valueName\":\"search_term_string\"}}],\"inLanguage\":\"en-US\"}]}<\/script>\n<!-- \/ Yoast SEO plugin. -->","yoast_head_json":{"title":"Zhongli Genshin Impact Nendoroid - EndormoonStore","robots":{"index":"index","follow":"follow","max-snippet":"max-snippet:-1","max-image-preview":"max-image-preview:large","max-video-preview":"max-video-preview:-1"},"canonical":"https:\/\/endormoonstore.com\/en\/zhongli-genshin-impact-nendoroid\/","og_locale":"en_US","og_type":"article","og_title":"Zhongli Genshin Impact Nendoroid - EndormoonStore","og_description":"Zhongli Genshin Impact Nendoroid  \"El vino de Osmanthus tiene el mismo sabor que recuerdo... \u00bfPero d\u00f3nde est\u00e1n los que comparten el recuerdo?\". Good Smile Company presenta, dentro de la colecci\u00f3n Nendoroid, la figura Zhongli. Mide 10 cm y est\u00e1 basada en el personaje del juego \"Genshin Impact\".","og_url":"https:\/\/endormoonstore.com\/en\/zhongli-genshin-impact-nendoroid\/","og_site_name":"EndormoonStore","article_modified_time":"2024-10-09T19:46:32+00:00","og_image":[{"width":750,"height":750,"url":"https:\/\/endormoonstore.com\/wp-content\/uploads\/2024\/10\/Zhongli-Genshin-Impact-Nendoroid-1.jpg","type":"image\/jpeg"}],"twitter_card":"summary_large_image","twitter_misc":{"Est. reading time":"1 minute"},"schema":{"@context":"https:\/\/schema.org","@graph":[{"@type":"WebPage","@id":"https:\/\/endormoonstore.com\/en\/zhongli-genshin-impact-nendoroid\/","url":"https:\/\/endormoonstore.com\/en\/zhongli-genshin-impact-nendoroid\/","name":"Zhongli Genshin Impact Nendoroid - EndormoonStore","isPartOf":{"@id":"https:\/\/endormoonstore.com\/#website"},"primaryImageOfPage":{"@id":"https:\/\/endormoonstore.com\/en\/zhongli-genshin-impact-nendoroid\/#primaryimage"},"image":{"@id":"https:\/\/endormoonstore.com\/en\/zhongli-genshin-impact-nendoroid\/#primaryimage"},"thumbnailUrl":"https:\/\/endormoonstore.com\/wp-content\/uploads\/2024\/10\/Zhongli-Genshin-Impact-Nendoroid-1.jpg","datePublished":"2024-09-20T01:00:18+00:00","dateModified":"2024-10-09T19:46:32+00:00","breadcrumb":{"@id":"https:\/\/endormoonstore.com\/en\/zhongli-genshin-impact-nendoroid\/#breadcrumb"},"inLanguage":"en-US","potentialAction":[{"@type":"ReadAction","target":["https:\/\/endormoonstore.com\/en\/zhongli-genshin-impact-nendoroid\/"]}]},{"@type":"ImageObject","inLanguage":"en-US","@id":"https:\/\/endormoonstore.com\/en\/zhongli-genshin-impact-nendoroid\/#primaryimage","url":"https:\/\/endormoonstore.com\/wp-content\/uploads\/2024\/10\/Zhongli-Genshin-Impact-Nendoroid-1.jpg","contentUrl":"https:\/\/endormoonstore.com\/wp-content\/uploads\/2024\/10\/Zhongli-Genshin-Impact-Nendoroid-1.jpg","width":750,"height":750},{"@type":"BreadcrumbList","@id":"https:\/\/endormoonstore.com\/en\/zhongli-genshin-impact-nendoroid\/#breadcrumb","itemListElement":[{"@type":"ListItem","position":1,"name":"Shop","item":"https:\/\/endormoonstore.com\/en\/shop\/"},{"@type":"ListItem","position":2,"name":"Zhongli Genshin Impact Nendoroid"}]},{"@type":"WebSite","@id":"https:\/\/endormoonstore.com\/#website","url":"https:\/\/endormoonstore.com\/","name":"EndormoonStore","description":"","potentialAction":[{"@type":"SearchAction","target":{"@type":"EntryPoint","urlTemplate":"https:\/\/endormoonstore.com\/?s={search_term_string}"},"query-input":{"@type":"PropertyValueSpecification","valueRequired":true,"valueName":"search_term_string"}}],"inLanguage":"en-US"}]}},"taxonomy_info":{"product_cat":[{"value":1384,"label":"Pre-orders"}],"pa_brand":[{"value":2081,"label":"Good Smile Company"}],"pa_character":[{"value":14776,"label":"Zhongli"}],"pa_license":[{"value":14778,"label":"Genshin Impact"}],"pa_product-type":[{"value":2387,"label":"Figure"}],"pa_theme":[{"value":1861,"label":"Nendoroid"}]},"featured_image_src_large":["https:\/\/endormoonstore.com\/wp-content\/uploads\/2024\/10\/Zhongli-Genshin-Impact-Nendoroid-1.jpg",750,750,false],"author_info":[],"comment_info":"","_links":{"self":[{"href":"https:\/\/endormoonstore.com\/en\/wp-json\/wp\/v2\/product\/163944","targetHints":{"allow":["GET"]}}],"collection":[{"href":"https:\/\/endormoonstore.com\/en\/wp-json\/wp\/v2\/product"}],"about":[{"href":"https:\/\/endormoonstore.com\/en\/wp-json\/wp\/v2\/types\/product"}],"wp:featuredmedia":[{"embeddable":true,"href":"https:\/\/endormoonstore.com\/en\/wp-json\/wp\/v2\/media\/163926"}],"wp:attachment":[{"href":"https:\/\/endormoonstore.com\/en\/wp-json\/wp\/v2\/media?parent=163944"}],"wp:term":[{"taxonomy":"product_cat","embeddable":true,"href":"https:\/\/endormoonstore.com\/en\/wp-json\/wp\/v2\/product_cat?post=163944"},{"taxonomy":"product_tag","embeddable":true,"href":"https:\/\/endormoonstore.com\/en\/wp-json\/wp\/v2\/product_tag?post=163944"}],"curies":[{"name":"wp","href":"https:\/\/api.w.org\/{rel}","templated":true}]}}