{"id":163722,"date":"2024-10-01T00:40:07","date_gmt":"2024-09-30T22:40:07","guid":{"rendered":"https:\/\/endormoonstore.com\/toushiro-hitsugaya-bleach-thousand-year-blood-war-s-h-figuarts\/"},"modified":"2024-10-07T18:33:42","modified_gmt":"2024-10-07T16:33:42","slug":"toushiro-hitsugaya-bleach-thousand-year-blood-war-s-h-figuarts","status":"publish","type":"product","link":"https:\/\/endormoonstore.com\/en\/toushiro-hitsugaya-bleach-thousand-year-blood-war-s-h-figuarts\/","title":{"rendered":"Toushiro Hitsugaya Bleach Thousand-Year Blood War S.H Figuarts"},"content":{"rendered":"<p class=\"p1\"><strong>Toushiro Hitsugaya Bleach Thousand-Year Blood War S.H Figuarts<\/strong><\/p>\n<ul class=\"ul1\">\n<li class=\"li1\">Tamashii Nations presenta, dentro de la colecci\u00f3n S.H. Figuarts, la figura de Toushiro Hitsugaya. El capit\u00e1n del decimotercer escuadr\u00f3n de la decimotercera guardia mide 13,5 cm y est\u00e1 basada en su aspecto en el anime &#8220;Bleach: Thousand Year Blood War&#8221;.<\/li>\n<li class=\"li1\">Incluye cuatro partes faciales (cara gritando, sorprendida, mirando fijamente y apretando los dientes), dos manos izquierdas, tres manos derechas y una espada Zanpakuto. Adem\u00e1s, puedes mostrarlo en diferentes poses ya que puedes envainar y desenvainar la espada.<\/li>\n<\/ul>\n","protected":false},"excerpt":{"rendered":"<p class=\"p1\"><strong>Toushiro Hitsugaya Bleach Thousand-Year Blood War S.H Figuarts<\/strong><\/p>\n<p class=\"p1\">Tamashii Nations presenta, dentro de la colecci\u00f3n S.H. Figuarts, la figura de Toushiro Hitsugaya. El capit\u00e1n del decimotercer escuadr\u00f3n de la decimotercera guardia mide 13,5 cm y est\u00e1 basada en su aspecto en el anime &#8220;Bleach: Thousand Year Blood War&#8221;.<\/p>\n","protected":false},"featured_media":163710,"template":"","meta":{"_acf_changed":false,"_kad_blocks_custom_css":"","_kad_blocks_head_custom_js":"","_kad_blocks_body_custom_js":"","_kad_blocks_footer_custom_js":""},"product_cat":[1390,13511],"product_tag":[],"class_list":{"0":"post-163722","1":"product","2":"type-product","3":"status-publish","4":"has-post-thumbnail","6":"product_cat-figures","7":"product_cat-new-arrivals","8":"pa_brand-tamashii-nations-en","9":"pa_character-toushiro-hitsugaya-en","10":"pa_episode-bleach-thousand-year-blood-war-en","11":"pa_license-bleach-en","12":"pa_product-type-figure","13":"pa_theme-s-h-figuarts-en","15":"first","16":"instock","17":"taxable","18":"shipping-taxable","19":"purchasable","20":"product-type-simple"},"acf":[],"yoast_head":"<!-- This site is optimized with the Yoast SEO plugin v26.1.1 - https:\/\/yoast.com\/wordpress\/plugins\/seo\/ -->\n<title>Toushiro Hitsugaya Bleach Thousand-Year Blood War S.H Figuarts - EndormoonStore<\/title>\n<meta name=\"robots\" content=\"index, follow, max-snippet:-1, max-image-preview:large, max-video-preview:-1\" \/>\n<link rel=\"canonical\" href=\"https:\/\/endormoonstore.com\/en\/toushiro-hitsugaya-bleach-thousand-year-blood-war-s-h-figuarts\/\" \/>\n<meta property=\"og:locale\" content=\"en_US\" \/>\n<meta property=\"og:type\" content=\"article\" \/>\n<meta property=\"og:title\" content=\"Toushiro Hitsugaya Bleach Thousand-Year Blood War S.H Figuarts - EndormoonStore\" \/>\n<meta property=\"og:description\" content=\"Toushiro Hitsugaya Bleach Thousand-Year Blood War S.H Figuarts Tamashii Nations presenta, dentro de la colecci\u00f3n S.H. Figuarts, la figura de Toushiro Hitsugaya. El capit\u00e1n del decimotercer escuadr\u00f3n de la decimotercera guardia mide 13,5 cm y est\u00e1 basada en su aspecto en el anime &quot;Bleach: Thousand Year Blood War&quot;.\" \/>\n<meta property=\"og:url\" content=\"https:\/\/endormoonstore.com\/en\/toushiro-hitsugaya-bleach-thousand-year-blood-war-s-h-figuarts\/\" \/>\n<meta property=\"og:site_name\" content=\"EndormoonStore\" \/>\n<meta property=\"article:modified_time\" content=\"2024-10-07T16:33:42+00:00\" \/>\n<meta property=\"og:image\" content=\"https:\/\/endormoonstore.com\/wp-content\/uploads\/2024\/10\/Toushiro-Hitsugaya-Bleach-Thousand-Year-Blood-War-S.H-Figuarts-1.jpg\" \/>\n\t<meta property=\"og:image:width\" content=\"690\" \/>\n\t<meta property=\"og:image:height\" content=\"1000\" \/>\n\t<meta property=\"og:image:type\" content=\"image\/jpeg\" \/>\n<meta name=\"twitter:card\" content=\"summary_large_image\" \/>\n<meta name=\"twitter:label1\" content=\"Est. reading time\" \/>\n\t<meta name=\"twitter:data1\" content=\"1 minute\" \/>\n<script type=\"application\/ld+json\" class=\"yoast-schema-graph\">{\"@context\":\"https:\/\/schema.org\",\"@graph\":[{\"@type\":\"WebPage\",\"@id\":\"https:\/\/endormoonstore.com\/en\/toushiro-hitsugaya-bleach-thousand-year-blood-war-s-h-figuarts\/\",\"url\":\"https:\/\/endormoonstore.com\/en\/toushiro-hitsugaya-bleach-thousand-year-blood-war-s-h-figuarts\/\",\"name\":\"Toushiro Hitsugaya Bleach Thousand-Year Blood War S.H Figuarts - EndormoonStore\",\"isPartOf\":{\"@id\":\"https:\/\/endormoonstore.com\/#website\"},\"primaryImageOfPage\":{\"@id\":\"https:\/\/endormoonstore.com\/en\/toushiro-hitsugaya-bleach-thousand-year-blood-war-s-h-figuarts\/#primaryimage\"},\"image\":{\"@id\":\"https:\/\/endormoonstore.com\/en\/toushiro-hitsugaya-bleach-thousand-year-blood-war-s-h-figuarts\/#primaryimage\"},\"thumbnailUrl\":\"https:\/\/endormoonstore.com\/wp-content\/uploads\/2024\/10\/Toushiro-Hitsugaya-Bleach-Thousand-Year-Blood-War-S.H-Figuarts-1.jpg\",\"datePublished\":\"2024-09-30T22:40:07+00:00\",\"dateModified\":\"2024-10-07T16:33:42+00:00\",\"breadcrumb\":{\"@id\":\"https:\/\/endormoonstore.com\/en\/toushiro-hitsugaya-bleach-thousand-year-blood-war-s-h-figuarts\/#breadcrumb\"},\"inLanguage\":\"en-US\",\"potentialAction\":[{\"@type\":\"ReadAction\",\"target\":[\"https:\/\/endormoonstore.com\/en\/toushiro-hitsugaya-bleach-thousand-year-blood-war-s-h-figuarts\/\"]}]},{\"@type\":\"ImageObject\",\"inLanguage\":\"en-US\",\"@id\":\"https:\/\/endormoonstore.com\/en\/toushiro-hitsugaya-bleach-thousand-year-blood-war-s-h-figuarts\/#primaryimage\",\"url\":\"https:\/\/endormoonstore.com\/wp-content\/uploads\/2024\/10\/Toushiro-Hitsugaya-Bleach-Thousand-Year-Blood-War-S.H-Figuarts-1.jpg\",\"contentUrl\":\"https:\/\/endormoonstore.com\/wp-content\/uploads\/2024\/10\/Toushiro-Hitsugaya-Bleach-Thousand-Year-Blood-War-S.H-Figuarts-1.jpg\",\"width\":690,\"height\":1000},{\"@type\":\"BreadcrumbList\",\"@id\":\"https:\/\/endormoonstore.com\/en\/toushiro-hitsugaya-bleach-thousand-year-blood-war-s-h-figuarts\/#breadcrumb\",\"itemListElement\":[{\"@type\":\"ListItem\",\"position\":1,\"name\":\"Shop\",\"item\":\"https:\/\/endormoonstore.com\/en\/shop\/\"},{\"@type\":\"ListItem\",\"position\":2,\"name\":\"Toushiro Hitsugaya Bleach Thousand-Year Blood War S.H Figuarts\"}]},{\"@type\":\"WebSite\",\"@id\":\"https:\/\/endormoonstore.com\/#website\",\"url\":\"https:\/\/endormoonstore.com\/\",\"name\":\"EndormoonStore\",\"description\":\"\",\"potentialAction\":[{\"@type\":\"SearchAction\",\"target\":{\"@type\":\"EntryPoint\",\"urlTemplate\":\"https:\/\/endormoonstore.com\/?s={search_term_string}\"},\"query-input\":{\"@type\":\"PropertyValueSpecification\",\"valueRequired\":true,\"valueName\":\"search_term_string\"}}],\"inLanguage\":\"en-US\"}]}<\/script>\n<!-- \/ Yoast SEO plugin. -->","yoast_head_json":{"title":"Toushiro Hitsugaya Bleach Thousand-Year Blood War S.H Figuarts - EndormoonStore","robots":{"index":"index","follow":"follow","max-snippet":"max-snippet:-1","max-image-preview":"max-image-preview:large","max-video-preview":"max-video-preview:-1"},"canonical":"https:\/\/endormoonstore.com\/en\/toushiro-hitsugaya-bleach-thousand-year-blood-war-s-h-figuarts\/","og_locale":"en_US","og_type":"article","og_title":"Toushiro Hitsugaya Bleach Thousand-Year Blood War S.H Figuarts - EndormoonStore","og_description":"Toushiro Hitsugaya Bleach Thousand-Year Blood War S.H Figuarts Tamashii Nations presenta, dentro de la colecci\u00f3n S.H. Figuarts, la figura de Toushiro Hitsugaya. El capit\u00e1n del decimotercer escuadr\u00f3n de la decimotercera guardia mide 13,5 cm y est\u00e1 basada en su aspecto en el anime \"Bleach: Thousand Year Blood War\".","og_url":"https:\/\/endormoonstore.com\/en\/toushiro-hitsugaya-bleach-thousand-year-blood-war-s-h-figuarts\/","og_site_name":"EndormoonStore","article_modified_time":"2024-10-07T16:33:42+00:00","og_image":[{"width":690,"height":1000,"url":"https:\/\/endormoonstore.com\/wp-content\/uploads\/2024\/10\/Toushiro-Hitsugaya-Bleach-Thousand-Year-Blood-War-S.H-Figuarts-1.jpg","type":"image\/jpeg"}],"twitter_card":"summary_large_image","twitter_misc":{"Est. reading time":"1 minute"},"schema":{"@context":"https:\/\/schema.org","@graph":[{"@type":"WebPage","@id":"https:\/\/endormoonstore.com\/en\/toushiro-hitsugaya-bleach-thousand-year-blood-war-s-h-figuarts\/","url":"https:\/\/endormoonstore.com\/en\/toushiro-hitsugaya-bleach-thousand-year-blood-war-s-h-figuarts\/","name":"Toushiro Hitsugaya Bleach Thousand-Year Blood War S.H Figuarts - EndormoonStore","isPartOf":{"@id":"https:\/\/endormoonstore.com\/#website"},"primaryImageOfPage":{"@id":"https:\/\/endormoonstore.com\/en\/toushiro-hitsugaya-bleach-thousand-year-blood-war-s-h-figuarts\/#primaryimage"},"image":{"@id":"https:\/\/endormoonstore.com\/en\/toushiro-hitsugaya-bleach-thousand-year-blood-war-s-h-figuarts\/#primaryimage"},"thumbnailUrl":"https:\/\/endormoonstore.com\/wp-content\/uploads\/2024\/10\/Toushiro-Hitsugaya-Bleach-Thousand-Year-Blood-War-S.H-Figuarts-1.jpg","datePublished":"2024-09-30T22:40:07+00:00","dateModified":"2024-10-07T16:33:42+00:00","breadcrumb":{"@id":"https:\/\/endormoonstore.com\/en\/toushiro-hitsugaya-bleach-thousand-year-blood-war-s-h-figuarts\/#breadcrumb"},"inLanguage":"en-US","potentialAction":[{"@type":"ReadAction","target":["https:\/\/endormoonstore.com\/en\/toushiro-hitsugaya-bleach-thousand-year-blood-war-s-h-figuarts\/"]}]},{"@type":"ImageObject","inLanguage":"en-US","@id":"https:\/\/endormoonstore.com\/en\/toushiro-hitsugaya-bleach-thousand-year-blood-war-s-h-figuarts\/#primaryimage","url":"https:\/\/endormoonstore.com\/wp-content\/uploads\/2024\/10\/Toushiro-Hitsugaya-Bleach-Thousand-Year-Blood-War-S.H-Figuarts-1.jpg","contentUrl":"https:\/\/endormoonstore.com\/wp-content\/uploads\/2024\/10\/Toushiro-Hitsugaya-Bleach-Thousand-Year-Blood-War-S.H-Figuarts-1.jpg","width":690,"height":1000},{"@type":"BreadcrumbList","@id":"https:\/\/endormoonstore.com\/en\/toushiro-hitsugaya-bleach-thousand-year-blood-war-s-h-figuarts\/#breadcrumb","itemListElement":[{"@type":"ListItem","position":1,"name":"Shop","item":"https:\/\/endormoonstore.com\/en\/shop\/"},{"@type":"ListItem","position":2,"name":"Toushiro Hitsugaya Bleach Thousand-Year Blood War S.H Figuarts"}]},{"@type":"WebSite","@id":"https:\/\/endormoonstore.com\/#website","url":"https:\/\/endormoonstore.com\/","name":"EndormoonStore","description":"","potentialAction":[{"@type":"SearchAction","target":{"@type":"EntryPoint","urlTemplate":"https:\/\/endormoonstore.com\/?s={search_term_string}"},"query-input":{"@type":"PropertyValueSpecification","valueRequired":true,"valueName":"search_term_string"}}],"inLanguage":"en-US"}]}},"taxonomy_info":{"product_cat":[{"value":1390,"label":"Figures"},{"value":13511,"label":"New Arrivals"}],"pa_brand":[{"value":2096,"label":"Tamashii Nations"}],"pa_character":[{"value":13884,"label":"Toushiro Hitsugaya"}],"pa_episode":[{"value":13739,"label":"Bleach: Thousand-Year Blood War"}],"pa_license":[{"value":7200,"label":"Bleach"}],"pa_product-type":[{"value":2387,"label":"Figure"}],"pa_theme":[{"value":1813,"label":"S.H. Figuarts"}]},"featured_image_src_large":["https:\/\/endormoonstore.com\/wp-content\/uploads\/2024\/10\/Toushiro-Hitsugaya-Bleach-Thousand-Year-Blood-War-S.H-Figuarts-1.jpg",690,1000,false],"author_info":[],"comment_info":"","_links":{"self":[{"href":"https:\/\/endormoonstore.com\/en\/wp-json\/wp\/v2\/product\/163722","targetHints":{"allow":["GET"]}}],"collection":[{"href":"https:\/\/endormoonstore.com\/en\/wp-json\/wp\/v2\/product"}],"about":[{"href":"https:\/\/endormoonstore.com\/en\/wp-json\/wp\/v2\/types\/product"}],"wp:featuredmedia":[{"embeddable":true,"href":"https:\/\/endormoonstore.com\/en\/wp-json\/wp\/v2\/media\/163710"}],"wp:attachment":[{"href":"https:\/\/endormoonstore.com\/en\/wp-json\/wp\/v2\/media?parent=163722"}],"wp:term":[{"taxonomy":"product_cat","embeddable":true,"href":"https:\/\/endormoonstore.com\/en\/wp-json\/wp\/v2\/product_cat?post=163722"},{"taxonomy":"product_tag","embeddable":true,"href":"https:\/\/endormoonstore.com\/en\/wp-json\/wp\/v2\/product_tag?post=163722"}],"curies":[{"name":"wp","href":"https:\/\/api.w.org\/{rel}","templated":true}]}}