{"id":163464,"date":"2024-09-20T01:45:30","date_gmt":"2024-09-19T23:45:30","guid":{"rendered":"https:\/\/endormoonstore.com\/beetlejuice-beetlejuice-movie-masterpiece-1-6th-scale-collectible-figure\/"},"modified":"2024-10-04T16:01:28","modified_gmt":"2024-10-04T14:01:28","slug":"beetlejuice-beetlejuice-movie-masterpiece-1-6th-scale-collectible-figure","status":"publish","type":"product","link":"https:\/\/endormoonstore.com\/en\/beetlejuice-beetlejuice-movie-masterpiece-1-6th-scale-collectible-figure\/","title":{"rendered":"Beetlejuice Beetlejuice Movie Masterpiece 1\/6th Scale Collectible Figure"},"content":{"rendered":"<p><strong>Beetlejuice Beetlejuice Movie Masterpiece 1\/6th Scale Collectible Figure<\/strong><\/p>\n<div id=\"prod-summary\">\n<div class=\"product_details__in_box\">\n<ul>\n<li><em>\u201cEl juice est\u00e1 suelto.\u201d <\/em>El portal al m\u00e1s all\u00e1 ahora est\u00e1 abierto y\u00a0Beetlejuice\u00a0finalmente est\u00e1 de regreso con una emocionante secuela,\u00a0<em>Beetlejuice Beetlejuice<\/em>\u00a0. Di su nombre tres veces y ser\u00e1 invocado. Tres generaciones de los Deetz regresan a Winter River despu\u00e9s de una tragedia familiar, y mientras Lydia todav\u00eda est\u00e1 lidiando con Beetlejuice, las cosas se vuelven a\u00fan m\u00e1s ca\u00f3ticas cuando su hija, Astrid, abre accidentalmente el portal al m\u00e1s all\u00e1. Los problemas se agitan en ambos mundos, no pasar\u00e1 mucho tiempo antes de que alguien diga su nombre tres veces, trayendo de regreso al infamemente travieso Beetlejuice.<\/li>\n<li>Para celebrar el regreso de Beetlejuice al cine,\u00a0 Hot Toys\u00a0\u00a0se unen a Afterlife y dan la bienvenida a la <strong>figura coleccionable de escala 1\/6 de Beetlejuice<\/strong>\u00a0.<\/li>\n<li>Elaborada magistralmente en base a la aparici\u00f3n en pantalla de Michael Keaton como Beetlejuice, la figura presenta una nueva escultura de cabeza de Beetlejuice que viene con un sistema de globos oculares giratorios separado. Tambi\u00e9n se incluye una escultura de cabeza adicional para una expresi\u00f3n llamativa con su lengua afuera. Ambas esculturas de cabeza est\u00e1n fielmente dise\u00f1adas con material de pelo de lana, y su ic\u00f3nico traje tambi\u00e9n est\u00e1 finamente confeccionado para recrear su traje de rayas blancas y negras con efecto de desgaste, acompa\u00f1ado de un par de calcetines rojos para terminar su aspecto ic\u00f3nico. La atenci\u00f3n al detalle no termina aqu\u00ed, ya que se incluyen el peri\u00f3dico The Afterlife y el Handbook for the Recently Deceased, as\u00ed como un coraz\u00f3n, un reloj, una pulsera, un micr\u00f3fono, una lima de u\u00f1as, sin mencionar diferentes manos intercambiables con u\u00f1as descoloridas. La figura de escala 1\/6 tambi\u00e9n viene con una base de figura de diorama que representa su l\u00e1pida.<\/li>\n<li>Estamos entusiasmados por darle vida a Beetlejuice como una\u00a0figura de acci\u00f3n\u00a0coleccionable de sexta escala altamente detallada , y estamos bastante seguros de que deber\u00edas revertir esto antes de que desaparezca.<\/li>\n<\/ul>\n<h4>Qu\u00e9 hay en la caja:<\/h4>\n<ul>\n<li>Imagen aut\u00e9ntica y detallada de Michael Keaton como Beetlejuice en Beetlejuice Beetlejuice<\/li>\n<li>Una nueva escultura de cabeza de Beetlejuice con sistema de globos oculares giratorios independientes<\/li>\n<li>Una\u00a0 escultura de cabeza adicional recientemente desarrollada con ojos saltones y lengua gesticulada.<\/li>\n<li>Peinado de cabello verde claro muy detallado y encrespado (material de lana)<\/li>\n<li>Expresi\u00f3n facial, textura de la piel y tono de piel p\u00e1lido fieles a la pel\u00edcula.<\/li>\n<li>Aproximadamente 30 cm de alto<\/li>\n<li>Cuerpo de nuevo desarrollo con 30 puntos de articulaci\u00f3n.<\/li>\n<li>Ocho piezas de manos intercambiables que incluyen:\n<ul>\n<li>Un par de manos gestuales<\/li>\n<li>Un par de accesorios usando las manos<\/li>\n<li>Un par de manos unidas en forma de coraz\u00f3n<\/li>\n<li>Un dedo apuntando con la mano derecha<\/li>\n<li>Una mano derecha con el pulgar hacia arriba que usa energ\u00eda<\/li>\n<\/ul>\n<\/li>\n<li>Cada escultura de cabeza est\u00e1 especialmente pintada a mano<\/li>\n<\/ul>\n<h4>Traje:<\/h4>\n<ul>\n<li>Una chaqueta de traje a rayas blancas y negras<\/li>\n<li>Una camisa blanca<\/li>\n<li>Una corbata<\/li>\n<li>Un par de pantalones a rayas blancas y negras<\/li>\n<li>Un par de calcetines rojos<\/li>\n<li>Un par de zapatos negros<\/li>\n<\/ul>\n<h4><strong>Accesorios:<\/strong><\/h4>\n<ul>\n<li>Un peri\u00f3dico The Afterlife<\/li>\n<li>Un Manual para personas recientemente fallecidas<\/li>\n<li>Un coraz\u00f3n<\/li>\n<li>Un reloj<\/li>\n<li>Una pulsera<\/li>\n<li>Un micr\u00f3fono<\/li>\n<li>Una lima de u\u00f1as<\/li>\n<li>Base de figura de diorama con tem\u00e1tica de l\u00e1pida especialmente dise\u00f1ada<\/li>\n<\/ul>\n<\/div>\n<\/div>\n","protected":false},"excerpt":{"rendered":"<p><strong>Beetlejuice Beetlejuice Movie Masterpiece 1\/6th Scale Collectible Figure<\/strong><\/p>\n<p><em>\u201cEl juice est\u00e1 suelto.\u201d <\/em>El portal al m\u00e1s all\u00e1 ahora est\u00e1 abierto y\u00a0Beetlejuice\u00a0finalmente est\u00e1 de regreso con una emocionante secuela,\u00a0<em>Beetlejuice Beetlejuice<\/em>\u00a0. Di su nombre tres veces y ser\u00e1 invocado. Tres generaciones de los Deetz regresan a Winter River despu\u00e9s de una tragedia familiar, y mientras Lydia todav\u00eda est\u00e1 lidiando con Beetlejuice, las cosas se vuelven a\u00fan m\u00e1s ca\u00f3ticas cuando su hija, Astrid, abre accidentalmente el portal al m\u00e1s all\u00e1. Los problemas se agitan en ambos mundos, no pasar\u00e1 mucho tiempo antes de que alguien diga su nombre tres veces, trayendo de regreso al infamemente travieso Beetlejuice.<\/p>\n<p class=\"p1\">\n","protected":false},"featured_media":163424,"template":"","meta":{"_acf_changed":false,"_kad_blocks_custom_css":"","_kad_blocks_head_custom_js":"","_kad_blocks_body_custom_js":"","_kad_blocks_footer_custom_js":""},"product_cat":[13453,1384],"product_tag":[],"class_list":{"0":"post-163464","1":"product","2":"type-product","3":"status-publish","4":"has-post-thumbnail","6":"product_cat-featured","7":"product_cat-pre-orders","8":"pa_brand-hot-toys-en","9":"pa_character-beetlejuice-en","10":"pa_episode-beetlejuice-beetlejuice-en","11":"pa_license-beetlejuice-en","12":"pa_product-type-figure","13":"pa_theme-sixth-scale-collectible-en","15":"first","16":"instock","17":"taxable","18":"shipping-taxable","19":"purchasable","20":"product-type-simple"},"acf":[],"yoast_head":"<!-- This site is optimized with the Yoast SEO plugin v26.1.1 - https:\/\/yoast.com\/wordpress\/plugins\/seo\/ -->\n<title>Beetlejuice Beetlejuice Movie Masterpiece 1\/6th Scale Collectible Figure - EndormoonStore<\/title>\n<meta name=\"robots\" content=\"index, follow, max-snippet:-1, max-image-preview:large, max-video-preview:-1\" \/>\n<link rel=\"canonical\" href=\"https:\/\/endormoonstore.com\/en\/beetlejuice-beetlejuice-movie-masterpiece-1-6th-scale-collectible-figure\/\" \/>\n<meta property=\"og:locale\" content=\"en_US\" \/>\n<meta property=\"og:type\" content=\"article\" \/>\n<meta property=\"og:title\" content=\"Beetlejuice Beetlejuice Movie Masterpiece 1\/6th Scale Collectible Figure - EndormoonStore\" \/>\n<meta property=\"og:description\" content=\"Beetlejuice Beetlejuice Movie Masterpiece 1\/6th Scale Collectible Figure  \u201cEl juice est\u00e1 suelto.\u201d El portal al m\u00e1s all\u00e1 ahora est\u00e1 abierto y\u00a0Beetlejuice\u00a0finalmente est\u00e1 de regreso con una emocionante secuela,\u00a0Beetlejuice Beetlejuice\u00a0. Di su nombre tres veces y ser\u00e1 invocado. Tres generaciones de los Deetz regresan a Winter River despu\u00e9s de una tragedia familiar, y mientras Lydia todav\u00eda est\u00e1 lidiando con Beetlejuice, las cosas se vuelven a\u00fan m\u00e1s ca\u00f3ticas cuando su hija, Astrid, abre accidentalmente el portal al m\u00e1s all\u00e1. Los problemas se agitan en ambos mundos, no pasar\u00e1 mucho tiempo antes de que alguien diga su nombre tres veces, trayendo de regreso al infamemente travieso Beetlejuice.\" \/>\n<meta property=\"og:url\" content=\"https:\/\/endormoonstore.com\/en\/beetlejuice-beetlejuice-movie-masterpiece-1-6th-scale-collectible-figure\/\" \/>\n<meta property=\"og:site_name\" content=\"EndormoonStore\" \/>\n<meta property=\"article:modified_time\" content=\"2024-10-04T14:01:28+00:00\" \/>\n<meta property=\"og:image\" content=\"https:\/\/endormoonstore.com\/wp-content\/uploads\/2024\/09\/Beetlejuice-Beetlejuice-Movie-Masterpiece-1-6th-Scale-Collectible-Figure-1.jpg\" \/>\n\t<meta property=\"og:image:width\" content=\"692\" \/>\n\t<meta property=\"og:image:height\" content=\"1000\" \/>\n\t<meta property=\"og:image:type\" content=\"image\/jpeg\" \/>\n<meta name=\"twitter:card\" content=\"summary_large_image\" \/>\n<meta name=\"twitter:label1\" content=\"Est. reading time\" \/>\n\t<meta name=\"twitter:data1\" content=\"3 minutes\" \/>\n<script type=\"application\/ld+json\" class=\"yoast-schema-graph\">{\"@context\":\"https:\/\/schema.org\",\"@graph\":[{\"@type\":\"WebPage\",\"@id\":\"https:\/\/endormoonstore.com\/en\/beetlejuice-beetlejuice-movie-masterpiece-1-6th-scale-collectible-figure\/\",\"url\":\"https:\/\/endormoonstore.com\/en\/beetlejuice-beetlejuice-movie-masterpiece-1-6th-scale-collectible-figure\/\",\"name\":\"Beetlejuice Beetlejuice Movie Masterpiece 1\/6th Scale Collectible Figure - EndormoonStore\",\"isPartOf\":{\"@id\":\"https:\/\/endormoonstore.com\/#website\"},\"primaryImageOfPage\":{\"@id\":\"https:\/\/endormoonstore.com\/en\/beetlejuice-beetlejuice-movie-masterpiece-1-6th-scale-collectible-figure\/#primaryimage\"},\"image\":{\"@id\":\"https:\/\/endormoonstore.com\/en\/beetlejuice-beetlejuice-movie-masterpiece-1-6th-scale-collectible-figure\/#primaryimage\"},\"thumbnailUrl\":\"https:\/\/endormoonstore.com\/wp-content\/uploads\/2024\/09\/Beetlejuice-Beetlejuice-Movie-Masterpiece-1-6th-Scale-Collectible-Figure-1.jpg\",\"datePublished\":\"2024-09-19T23:45:30+00:00\",\"dateModified\":\"2024-10-04T14:01:28+00:00\",\"breadcrumb\":{\"@id\":\"https:\/\/endormoonstore.com\/en\/beetlejuice-beetlejuice-movie-masterpiece-1-6th-scale-collectible-figure\/#breadcrumb\"},\"inLanguage\":\"en-US\",\"potentialAction\":[{\"@type\":\"ReadAction\",\"target\":[\"https:\/\/endormoonstore.com\/en\/beetlejuice-beetlejuice-movie-masterpiece-1-6th-scale-collectible-figure\/\"]}]},{\"@type\":\"ImageObject\",\"inLanguage\":\"en-US\",\"@id\":\"https:\/\/endormoonstore.com\/en\/beetlejuice-beetlejuice-movie-masterpiece-1-6th-scale-collectible-figure\/#primaryimage\",\"url\":\"https:\/\/endormoonstore.com\/wp-content\/uploads\/2024\/09\/Beetlejuice-Beetlejuice-Movie-Masterpiece-1-6th-Scale-Collectible-Figure-1.jpg\",\"contentUrl\":\"https:\/\/endormoonstore.com\/wp-content\/uploads\/2024\/09\/Beetlejuice-Beetlejuice-Movie-Masterpiece-1-6th-Scale-Collectible-Figure-1.jpg\",\"width\":692,\"height\":1000},{\"@type\":\"BreadcrumbList\",\"@id\":\"https:\/\/endormoonstore.com\/en\/beetlejuice-beetlejuice-movie-masterpiece-1-6th-scale-collectible-figure\/#breadcrumb\",\"itemListElement\":[{\"@type\":\"ListItem\",\"position\":1,\"name\":\"Shop\",\"item\":\"https:\/\/endormoonstore.com\/en\/shop\/\"},{\"@type\":\"ListItem\",\"position\":2,\"name\":\"Beetlejuice Beetlejuice Movie Masterpiece 1\/6th Scale Collectible Figure\"}]},{\"@type\":\"WebSite\",\"@id\":\"https:\/\/endormoonstore.com\/#website\",\"url\":\"https:\/\/endormoonstore.com\/\",\"name\":\"EndormoonStore\",\"description\":\"\",\"potentialAction\":[{\"@type\":\"SearchAction\",\"target\":{\"@type\":\"EntryPoint\",\"urlTemplate\":\"https:\/\/endormoonstore.com\/?s={search_term_string}\"},\"query-input\":{\"@type\":\"PropertyValueSpecification\",\"valueRequired\":true,\"valueName\":\"search_term_string\"}}],\"inLanguage\":\"en-US\"}]}<\/script>\n<!-- \/ Yoast SEO plugin. -->","yoast_head_json":{"title":"Beetlejuice Beetlejuice Movie Masterpiece 1\/6th Scale Collectible Figure - EndormoonStore","robots":{"index":"index","follow":"follow","max-snippet":"max-snippet:-1","max-image-preview":"max-image-preview:large","max-video-preview":"max-video-preview:-1"},"canonical":"https:\/\/endormoonstore.com\/en\/beetlejuice-beetlejuice-movie-masterpiece-1-6th-scale-collectible-figure\/","og_locale":"en_US","og_type":"article","og_title":"Beetlejuice Beetlejuice Movie Masterpiece 1\/6th Scale Collectible Figure - EndormoonStore","og_description":"Beetlejuice Beetlejuice Movie Masterpiece 1\/6th Scale Collectible Figure  \u201cEl juice est\u00e1 suelto.\u201d El portal al m\u00e1s all\u00e1 ahora est\u00e1 abierto y\u00a0Beetlejuice\u00a0finalmente est\u00e1 de regreso con una emocionante secuela,\u00a0Beetlejuice Beetlejuice\u00a0. Di su nombre tres veces y ser\u00e1 invocado. Tres generaciones de los Deetz regresan a Winter River despu\u00e9s de una tragedia familiar, y mientras Lydia todav\u00eda est\u00e1 lidiando con Beetlejuice, las cosas se vuelven a\u00fan m\u00e1s ca\u00f3ticas cuando su hija, Astrid, abre accidentalmente el portal al m\u00e1s all\u00e1. Los problemas se agitan en ambos mundos, no pasar\u00e1 mucho tiempo antes de que alguien diga su nombre tres veces, trayendo de regreso al infamemente travieso Beetlejuice.","og_url":"https:\/\/endormoonstore.com\/en\/beetlejuice-beetlejuice-movie-masterpiece-1-6th-scale-collectible-figure\/","og_site_name":"EndormoonStore","article_modified_time":"2024-10-04T14:01:28+00:00","og_image":[{"width":692,"height":1000,"url":"https:\/\/endormoonstore.com\/wp-content\/uploads\/2024\/09\/Beetlejuice-Beetlejuice-Movie-Masterpiece-1-6th-Scale-Collectible-Figure-1.jpg","type":"image\/jpeg"}],"twitter_card":"summary_large_image","twitter_misc":{"Est. reading time":"3 minutes"},"schema":{"@context":"https:\/\/schema.org","@graph":[{"@type":"WebPage","@id":"https:\/\/endormoonstore.com\/en\/beetlejuice-beetlejuice-movie-masterpiece-1-6th-scale-collectible-figure\/","url":"https:\/\/endormoonstore.com\/en\/beetlejuice-beetlejuice-movie-masterpiece-1-6th-scale-collectible-figure\/","name":"Beetlejuice Beetlejuice Movie Masterpiece 1\/6th Scale Collectible Figure - EndormoonStore","isPartOf":{"@id":"https:\/\/endormoonstore.com\/#website"},"primaryImageOfPage":{"@id":"https:\/\/endormoonstore.com\/en\/beetlejuice-beetlejuice-movie-masterpiece-1-6th-scale-collectible-figure\/#primaryimage"},"image":{"@id":"https:\/\/endormoonstore.com\/en\/beetlejuice-beetlejuice-movie-masterpiece-1-6th-scale-collectible-figure\/#primaryimage"},"thumbnailUrl":"https:\/\/endormoonstore.com\/wp-content\/uploads\/2024\/09\/Beetlejuice-Beetlejuice-Movie-Masterpiece-1-6th-Scale-Collectible-Figure-1.jpg","datePublished":"2024-09-19T23:45:30+00:00","dateModified":"2024-10-04T14:01:28+00:00","breadcrumb":{"@id":"https:\/\/endormoonstore.com\/en\/beetlejuice-beetlejuice-movie-masterpiece-1-6th-scale-collectible-figure\/#breadcrumb"},"inLanguage":"en-US","potentialAction":[{"@type":"ReadAction","target":["https:\/\/endormoonstore.com\/en\/beetlejuice-beetlejuice-movie-masterpiece-1-6th-scale-collectible-figure\/"]}]},{"@type":"ImageObject","inLanguage":"en-US","@id":"https:\/\/endormoonstore.com\/en\/beetlejuice-beetlejuice-movie-masterpiece-1-6th-scale-collectible-figure\/#primaryimage","url":"https:\/\/endormoonstore.com\/wp-content\/uploads\/2024\/09\/Beetlejuice-Beetlejuice-Movie-Masterpiece-1-6th-Scale-Collectible-Figure-1.jpg","contentUrl":"https:\/\/endormoonstore.com\/wp-content\/uploads\/2024\/09\/Beetlejuice-Beetlejuice-Movie-Masterpiece-1-6th-Scale-Collectible-Figure-1.jpg","width":692,"height":1000},{"@type":"BreadcrumbList","@id":"https:\/\/endormoonstore.com\/en\/beetlejuice-beetlejuice-movie-masterpiece-1-6th-scale-collectible-figure\/#breadcrumb","itemListElement":[{"@type":"ListItem","position":1,"name":"Shop","item":"https:\/\/endormoonstore.com\/en\/shop\/"},{"@type":"ListItem","position":2,"name":"Beetlejuice Beetlejuice Movie Masterpiece 1\/6th Scale Collectible Figure"}]},{"@type":"WebSite","@id":"https:\/\/endormoonstore.com\/#website","url":"https:\/\/endormoonstore.com\/","name":"EndormoonStore","description":"","potentialAction":[{"@type":"SearchAction","target":{"@type":"EntryPoint","urlTemplate":"https:\/\/endormoonstore.com\/?s={search_term_string}"},"query-input":{"@type":"PropertyValueSpecification","valueRequired":true,"valueName":"search_term_string"}}],"inLanguage":"en-US"}]}},"taxonomy_info":{"product_cat":[{"value":13453,"label":"Featured"},{"value":1384,"label":"Pre-orders"}],"pa_brand":[{"value":1635,"label":"Hot Toys"}],"pa_character":[{"value":4865,"label":"Beetlejuice"}],"pa_episode":[{"value":14639,"label":"Beetlejuice Beetlejuice"}],"pa_license":[{"value":4871,"label":"Beetlejuice"}],"pa_product-type":[{"value":2387,"label":"Figure"}],"pa_theme":[{"value":4595,"label":"Sixth Scale Collectible"}]},"featured_image_src_large":["https:\/\/endormoonstore.com\/wp-content\/uploads\/2024\/09\/Beetlejuice-Beetlejuice-Movie-Masterpiece-1-6th-Scale-Collectible-Figure-1.jpg",692,1000,false],"author_info":[],"comment_info":"","_links":{"self":[{"href":"https:\/\/endormoonstore.com\/en\/wp-json\/wp\/v2\/product\/163464","targetHints":{"allow":["GET"]}}],"collection":[{"href":"https:\/\/endormoonstore.com\/en\/wp-json\/wp\/v2\/product"}],"about":[{"href":"https:\/\/endormoonstore.com\/en\/wp-json\/wp\/v2\/types\/product"}],"wp:featuredmedia":[{"embeddable":true,"href":"https:\/\/endormoonstore.com\/en\/wp-json\/wp\/v2\/media\/163424"}],"wp:attachment":[{"href":"https:\/\/endormoonstore.com\/en\/wp-json\/wp\/v2\/media?parent=163464"}],"wp:term":[{"taxonomy":"product_cat","embeddable":true,"href":"https:\/\/endormoonstore.com\/en\/wp-json\/wp\/v2\/product_cat?post=163464"},{"taxonomy":"product_tag","embeddable":true,"href":"https:\/\/endormoonstore.com\/en\/wp-json\/wp\/v2\/product_tag?post=163464"}],"curies":[{"name":"wp","href":"https:\/\/api.w.org\/{rel}","templated":true}]}}