{"id":163378,"date":"2024-09-20T01:35:53","date_gmt":"2024-09-19T23:35:53","guid":{"rendered":"https:\/\/endormoonstore.com\/batman-returns-movie-masterpiece-1-6th-scale-collectible-figure\/"},"modified":"2024-10-03T22:37:12","modified_gmt":"2024-10-03T20:37:12","slug":"batman-returns-movie-masterpiece-1-6th-scale-collectible-figure","status":"publish","type":"product","link":"https:\/\/endormoonstore.com\/en\/batman-returns-movie-masterpiece-1-6th-scale-collectible-figure\/","title":{"rendered":"Batman Returns Movie Masterpiece 1\/6th Scale Collectible Figure"},"content":{"rendered":"<p><strong>Batman Returns Movie Masterpiece 1\/6th Scale Collectible Figure<\/strong><\/p>\n<div id=\"prod-summary\">\n<div class=\"product_details__in_box\">\n<ul>\n<li>Como secuela de la pel\u00edcula original de\u00a0<em>Batman (1989)<\/em>\u00a0, Batman Returns recibe un inmenso cari\u00f1o de los fans. En la pel\u00edcula,\u00a0el Cruzado Enmascarado de Ciudad G\u00f3tica tiene que regresar para salvar la ciudad del Ping\u00fcino mientras debe enfrentarse a Catwoman y a su conflictiva relaci\u00f3n.<\/li>\n<li>Inspirado en este famoso Batman Returns, Hot Toys presentan a los fan\u00e1ticos la <strong>figura coleccionable de Batman\u00a0 1\/6th Scale Collectible Figure<\/strong>\u00a0.<\/li>\n<li>La figura de escala 1\/6 \u00a0altamente detallada\u00a0captura perfectamente la apariencia de Batman de Michael Keaton en Batman Returns, presentando una cabeza encapuchada de Batman con globos oculares giratorios separados y caras inferiores intercambiables; un cuerpo especializado recientemente desarrollado que muestra perfectamente el f\u00edsico tonificado de Batman y se eleva con el Batsuit detallado recientemente dise\u00f1ado; un traje de alas adicional altamente detallado para recrear la pose abierta de Batman adem\u00e1s de una capa de tela negra; los dispositivos de Batman que incluyen un lanzador de l\u00ednea de nuevo dise\u00f1o con un par de tirolinas, pistola de agarre, batarang, c\u00e1psulas de napalm, controlador de lanzamiento de cohetes, control remoto de Batim\u00f3vil y un soporte de figura con tem\u00e1tica de pel\u00edcula especialmente dise\u00f1ado.<\/li>\n<li><strong>Nota<\/strong>: Bat-movil y la base efecto piedra g\u00f3tica mostradas en las fotos no incluidas.<\/li>\n<\/ul>\n<h4>Qu\u00e9 hay en la caja:<\/h4>\n<ul>\n<li>Imagen aut\u00e9ntica y detallada de Michael Keaton como Batman en la pel\u00edcula Batman Returns<\/li>\n<li>Una cabeza con capucha recientemente desarrollada con funci\u00f3n de globo ocular giratorio independiente y tres caras inferiores intercambiables que capturan las expresiones faciales de Batman<\/li>\n<li>Expresi\u00f3n facial y textura de la piel fieles a las de la pel\u00edcula.<\/li>\n<li>Aproximadamente 30 cm de alto<\/li>\n<li>Cuerpo especializado con 30 puntos de articulaci\u00f3n.<\/li>\n<li>Ocho piezas de manos enguantadas intercambiables que incluyen:\n<ul>\n<li>Un par de pu\u00f1os<\/li>\n<li>Un par de manos relajadas<\/li>\n<li>Un par de armas cogidas de la mano<\/li>\n<li>Una pistola de agarre que se sostiene con la mano derecha<\/li>\n<li>Un lanzador de l\u00ednea que sostiene la mano izquierda<\/li>\n<li>Una mano izquierda abierta<\/li>\n<\/ul>\n<\/li>\n<li>Cada escultura de cabeza est\u00e1 especialmente pintada a mano.<\/li>\n<\/ul>\n<h4>Traje:<\/h4>\n<ul>\n<li>Un\u00a0 Bat-traje con capa y el logo de Batman en el pecho<\/li>\n<li>Un traje de alas con estructura \u00f3sea detallada<\/li>\n<li>Un cintur\u00f3n utilitario<\/li>\n<li>Un par de guanteletes de color negro<\/li>\n<li>Un par de botas de color negro<\/li>\n<\/ul>\n<h4><strong>Armas:<\/strong><\/h4>\n<ul>\n<li>Un lanzador de l\u00ednea<\/li>\n<li>Un par de tirolinas<\/li>\n<li>Una pistola de agarre<\/li>\n<li>Un batarang<\/li>\n<li>Dos c\u00e1psulas de napalm<\/li>\n<\/ul>\n<h4><strong>Accesorios:<\/strong><\/h4>\n<ul>\n<li>Un control remoto del Batim\u00f3vil<\/li>\n<li>Un controlador de lanzamiento de cohetes<\/li>\n<li>Soporte para figuras con tem\u00e1tica de pel\u00edculas especialmente dise\u00f1ado.<\/li>\n<\/ul>\n<\/div>\n<\/div>\n","protected":false},"excerpt":{"rendered":"<p><strong>Batman Returns Movie Masterpiece 1\/6th Scale Collectible Figure<\/strong><\/p>\n<p>Como secuela de la pel\u00edcula original de\u00a0<em>Batman (1989)<\/em>\u00a0, Batman Returns recibe un inmenso cari\u00f1o de los fans. En la pel\u00edcula,\u00a0el Cruzado Enmascarado de Ciudad G\u00f3tica tiene que regresar para salvar la ciudad del Ping\u00fcino mientras debe enfrentarse a Catwoman y a su conflictiva relaci\u00f3n.<\/p>\n<p class=\"p1\">\n","protected":false},"featured_media":163353,"template":"","meta":{"_acf_changed":false,"_kad_blocks_custom_css":"","_kad_blocks_head_custom_js":"","_kad_blocks_body_custom_js":"","_kad_blocks_footer_custom_js":""},"product_cat":[1384],"product_tag":[],"class_list":{"0":"post-163378","1":"product","2":"type-product","3":"status-publish","4":"has-post-thumbnail","6":"product_cat-pre-orders","7":"pa_brand-hot-toys-en","8":"pa_character-batman-en","9":"pa_episode-batman-returns-en","10":"pa_license-dc-universe-en","11":"pa_product-type-figure","12":"pa_theme-sixth-scale-collectible-en","14":"first","15":"instock","16":"taxable","17":"shipping-taxable","18":"purchasable","19":"product-type-simple"},"acf":[],"yoast_head":"<!-- This site is optimized with the Yoast SEO plugin v26.1.1 - https:\/\/yoast.com\/wordpress\/plugins\/seo\/ -->\n<title>Batman Returns Movie Masterpiece 1\/6th Scale Collectible Figure - EndormoonStore<\/title>\n<meta name=\"robots\" content=\"index, follow, max-snippet:-1, max-image-preview:large, max-video-preview:-1\" \/>\n<link rel=\"canonical\" href=\"https:\/\/endormoonstore.com\/en\/batman-returns-movie-masterpiece-1-6th-scale-collectible-figure\/\" \/>\n<meta property=\"og:locale\" content=\"en_US\" \/>\n<meta property=\"og:type\" content=\"article\" \/>\n<meta property=\"og:title\" content=\"Batman Returns Movie Masterpiece 1\/6th Scale Collectible Figure - EndormoonStore\" \/>\n<meta property=\"og:description\" content=\"Batman Returns Movie Masterpiece 1\/6th Scale Collectible Figure  Como secuela de la pel\u00edcula original de\u00a0Batman (1989)\u00a0, Batman Returns recibe un inmenso cari\u00f1o de los fans. En la pel\u00edcula,\u00a0el Cruzado Enmascarado de Ciudad G\u00f3tica tiene que regresar para salvar la ciudad del Ping\u00fcino mientras debe enfrentarse a Catwoman y a su conflictiva relaci\u00f3n.\" \/>\n<meta property=\"og:url\" content=\"https:\/\/endormoonstore.com\/en\/batman-returns-movie-masterpiece-1-6th-scale-collectible-figure\/\" \/>\n<meta property=\"og:site_name\" content=\"EndormoonStore\" \/>\n<meta property=\"article:modified_time\" content=\"2024-10-03T20:37:12+00:00\" \/>\n<meta property=\"og:image\" content=\"https:\/\/endormoonstore.com\/wp-content\/uploads\/2024\/10\/Batman-Returns-Movie-Masterpiece-16th-Scale-Collectible-Figure-1.jpg\" \/>\n\t<meta property=\"og:image:width\" content=\"692\" \/>\n\t<meta property=\"og:image:height\" content=\"1000\" \/>\n\t<meta property=\"og:image:type\" content=\"image\/jpeg\" \/>\n<meta name=\"twitter:card\" content=\"summary_large_image\" \/>\n<meta name=\"twitter:label1\" content=\"Est. reading time\" \/>\n\t<meta name=\"twitter:data1\" content=\"3 minutes\" \/>\n<script type=\"application\/ld+json\" class=\"yoast-schema-graph\">{\"@context\":\"https:\/\/schema.org\",\"@graph\":[{\"@type\":\"WebPage\",\"@id\":\"https:\/\/endormoonstore.com\/en\/batman-returns-movie-masterpiece-1-6th-scale-collectible-figure\/\",\"url\":\"https:\/\/endormoonstore.com\/en\/batman-returns-movie-masterpiece-1-6th-scale-collectible-figure\/\",\"name\":\"Batman Returns Movie Masterpiece 1\/6th Scale Collectible Figure - EndormoonStore\",\"isPartOf\":{\"@id\":\"https:\/\/endormoonstore.com\/#website\"},\"primaryImageOfPage\":{\"@id\":\"https:\/\/endormoonstore.com\/en\/batman-returns-movie-masterpiece-1-6th-scale-collectible-figure\/#primaryimage\"},\"image\":{\"@id\":\"https:\/\/endormoonstore.com\/en\/batman-returns-movie-masterpiece-1-6th-scale-collectible-figure\/#primaryimage\"},\"thumbnailUrl\":\"https:\/\/endormoonstore.com\/wp-content\/uploads\/2024\/10\/Batman-Returns-Movie-Masterpiece-16th-Scale-Collectible-Figure-1.jpg\",\"datePublished\":\"2024-09-19T23:35:53+00:00\",\"dateModified\":\"2024-10-03T20:37:12+00:00\",\"breadcrumb\":{\"@id\":\"https:\/\/endormoonstore.com\/en\/batman-returns-movie-masterpiece-1-6th-scale-collectible-figure\/#breadcrumb\"},\"inLanguage\":\"en-US\",\"potentialAction\":[{\"@type\":\"ReadAction\",\"target\":[\"https:\/\/endormoonstore.com\/en\/batman-returns-movie-masterpiece-1-6th-scale-collectible-figure\/\"]}]},{\"@type\":\"ImageObject\",\"inLanguage\":\"en-US\",\"@id\":\"https:\/\/endormoonstore.com\/en\/batman-returns-movie-masterpiece-1-6th-scale-collectible-figure\/#primaryimage\",\"url\":\"https:\/\/endormoonstore.com\/wp-content\/uploads\/2024\/10\/Batman-Returns-Movie-Masterpiece-16th-Scale-Collectible-Figure-1.jpg\",\"contentUrl\":\"https:\/\/endormoonstore.com\/wp-content\/uploads\/2024\/10\/Batman-Returns-Movie-Masterpiece-16th-Scale-Collectible-Figure-1.jpg\",\"width\":692,\"height\":1000},{\"@type\":\"BreadcrumbList\",\"@id\":\"https:\/\/endormoonstore.com\/en\/batman-returns-movie-masterpiece-1-6th-scale-collectible-figure\/#breadcrumb\",\"itemListElement\":[{\"@type\":\"ListItem\",\"position\":1,\"name\":\"Shop\",\"item\":\"https:\/\/endormoonstore.com\/en\/shop\/\"},{\"@type\":\"ListItem\",\"position\":2,\"name\":\"Batman Returns Movie Masterpiece 1\/6th Scale Collectible Figure\"}]},{\"@type\":\"WebSite\",\"@id\":\"https:\/\/endormoonstore.com\/#website\",\"url\":\"https:\/\/endormoonstore.com\/\",\"name\":\"EndormoonStore\",\"description\":\"\",\"potentialAction\":[{\"@type\":\"SearchAction\",\"target\":{\"@type\":\"EntryPoint\",\"urlTemplate\":\"https:\/\/endormoonstore.com\/?s={search_term_string}\"},\"query-input\":{\"@type\":\"PropertyValueSpecification\",\"valueRequired\":true,\"valueName\":\"search_term_string\"}}],\"inLanguage\":\"en-US\"}]}<\/script>\n<!-- \/ Yoast SEO plugin. -->","yoast_head_json":{"title":"Batman Returns Movie Masterpiece 1\/6th Scale Collectible Figure - EndormoonStore","robots":{"index":"index","follow":"follow","max-snippet":"max-snippet:-1","max-image-preview":"max-image-preview:large","max-video-preview":"max-video-preview:-1"},"canonical":"https:\/\/endormoonstore.com\/en\/batman-returns-movie-masterpiece-1-6th-scale-collectible-figure\/","og_locale":"en_US","og_type":"article","og_title":"Batman Returns Movie Masterpiece 1\/6th Scale Collectible Figure - EndormoonStore","og_description":"Batman Returns Movie Masterpiece 1\/6th Scale Collectible Figure  Como secuela de la pel\u00edcula original de\u00a0Batman (1989)\u00a0, Batman Returns recibe un inmenso cari\u00f1o de los fans. En la pel\u00edcula,\u00a0el Cruzado Enmascarado de Ciudad G\u00f3tica tiene que regresar para salvar la ciudad del Ping\u00fcino mientras debe enfrentarse a Catwoman y a su conflictiva relaci\u00f3n.","og_url":"https:\/\/endormoonstore.com\/en\/batman-returns-movie-masterpiece-1-6th-scale-collectible-figure\/","og_site_name":"EndormoonStore","article_modified_time":"2024-10-03T20:37:12+00:00","og_image":[{"width":692,"height":1000,"url":"https:\/\/endormoonstore.com\/wp-content\/uploads\/2024\/10\/Batman-Returns-Movie-Masterpiece-16th-Scale-Collectible-Figure-1.jpg","type":"image\/jpeg"}],"twitter_card":"summary_large_image","twitter_misc":{"Est. reading time":"3 minutes"},"schema":{"@context":"https:\/\/schema.org","@graph":[{"@type":"WebPage","@id":"https:\/\/endormoonstore.com\/en\/batman-returns-movie-masterpiece-1-6th-scale-collectible-figure\/","url":"https:\/\/endormoonstore.com\/en\/batman-returns-movie-masterpiece-1-6th-scale-collectible-figure\/","name":"Batman Returns Movie Masterpiece 1\/6th Scale Collectible Figure - EndormoonStore","isPartOf":{"@id":"https:\/\/endormoonstore.com\/#website"},"primaryImageOfPage":{"@id":"https:\/\/endormoonstore.com\/en\/batman-returns-movie-masterpiece-1-6th-scale-collectible-figure\/#primaryimage"},"image":{"@id":"https:\/\/endormoonstore.com\/en\/batman-returns-movie-masterpiece-1-6th-scale-collectible-figure\/#primaryimage"},"thumbnailUrl":"https:\/\/endormoonstore.com\/wp-content\/uploads\/2024\/10\/Batman-Returns-Movie-Masterpiece-16th-Scale-Collectible-Figure-1.jpg","datePublished":"2024-09-19T23:35:53+00:00","dateModified":"2024-10-03T20:37:12+00:00","breadcrumb":{"@id":"https:\/\/endormoonstore.com\/en\/batman-returns-movie-masterpiece-1-6th-scale-collectible-figure\/#breadcrumb"},"inLanguage":"en-US","potentialAction":[{"@type":"ReadAction","target":["https:\/\/endormoonstore.com\/en\/batman-returns-movie-masterpiece-1-6th-scale-collectible-figure\/"]}]},{"@type":"ImageObject","inLanguage":"en-US","@id":"https:\/\/endormoonstore.com\/en\/batman-returns-movie-masterpiece-1-6th-scale-collectible-figure\/#primaryimage","url":"https:\/\/endormoonstore.com\/wp-content\/uploads\/2024\/10\/Batman-Returns-Movie-Masterpiece-16th-Scale-Collectible-Figure-1.jpg","contentUrl":"https:\/\/endormoonstore.com\/wp-content\/uploads\/2024\/10\/Batman-Returns-Movie-Masterpiece-16th-Scale-Collectible-Figure-1.jpg","width":692,"height":1000},{"@type":"BreadcrumbList","@id":"https:\/\/endormoonstore.com\/en\/batman-returns-movie-masterpiece-1-6th-scale-collectible-figure\/#breadcrumb","itemListElement":[{"@type":"ListItem","position":1,"name":"Shop","item":"https:\/\/endormoonstore.com\/en\/shop\/"},{"@type":"ListItem","position":2,"name":"Batman Returns Movie Masterpiece 1\/6th Scale Collectible Figure"}]},{"@type":"WebSite","@id":"https:\/\/endormoonstore.com\/#website","url":"https:\/\/endormoonstore.com\/","name":"EndormoonStore","description":"","potentialAction":[{"@type":"SearchAction","target":{"@type":"EntryPoint","urlTemplate":"https:\/\/endormoonstore.com\/?s={search_term_string}"},"query-input":{"@type":"PropertyValueSpecification","valueRequired":true,"valueName":"search_term_string"}}],"inLanguage":"en-US"}]}},"taxonomy_info":{"product_cat":[{"value":1384,"label":"Pre-orders"}],"pa_brand":[{"value":1635,"label":"Hot Toys"}],"pa_character":[{"value":3566,"label":"Batman"}],"pa_episode":[{"value":14742,"label":"Batman: Returns"}],"pa_license":[{"value":3086,"label":"Dc Universe"}],"pa_product-type":[{"value":2387,"label":"Figure"}],"pa_theme":[{"value":4595,"label":"Sixth Scale Collectible"}]},"featured_image_src_large":["https:\/\/endormoonstore.com\/wp-content\/uploads\/2024\/10\/Batman-Returns-Movie-Masterpiece-16th-Scale-Collectible-Figure-1.jpg",692,1000,false],"author_info":[],"comment_info":"","_links":{"self":[{"href":"https:\/\/endormoonstore.com\/en\/wp-json\/wp\/v2\/product\/163378","targetHints":{"allow":["GET"]}}],"collection":[{"href":"https:\/\/endormoonstore.com\/en\/wp-json\/wp\/v2\/product"}],"about":[{"href":"https:\/\/endormoonstore.com\/en\/wp-json\/wp\/v2\/types\/product"}],"wp:featuredmedia":[{"embeddable":true,"href":"https:\/\/endormoonstore.com\/en\/wp-json\/wp\/v2\/media\/163353"}],"wp:attachment":[{"href":"https:\/\/endormoonstore.com\/en\/wp-json\/wp\/v2\/media?parent=163378"}],"wp:term":[{"taxonomy":"product_cat","embeddable":true,"href":"https:\/\/endormoonstore.com\/en\/wp-json\/wp\/v2\/product_cat?post=163378"},{"taxonomy":"product_tag","embeddable":true,"href":"https:\/\/endormoonstore.com\/en\/wp-json\/wp\/v2\/product_tag?post=163378"}],"curies":[{"name":"wp","href":"https:\/\/api.w.org\/{rel}","templated":true}]}}