{"id":163329,"date":"2024-09-20T01:30:28","date_gmt":"2024-09-19T23:30:28","guid":{"rendered":"https:\/\/endormoonstore.com\/beetlejuice-s-h-figuarts\/"},"modified":"2024-10-02T22:45:52","modified_gmt":"2024-10-02T20:45:52","slug":"beetlejuice-s-h-figuarts","status":"publish","type":"product","link":"https:\/\/endormoonstore.com\/en\/beetlejuice-s-h-figuarts\/","title":{"rendered":"Beetlejuice S.H Figuarts"},"content":{"rendered":"<p class=\"p1\"><strong>Beetlejuice. Beetlejuice (1988) S.H Figuarts<\/strong><\/p>\n<div class=\"row\">\n<div class=\"col-md-12\">\n<ul>\n<li>\u00a1S.H.Figuarts debe haberlo llamado tres veces porque Beetlejuice ha vuelto de los a\u00f1os 80 como figura de acci\u00f3n&#8230;! Como el verdadero &#8220;Bio-Exorcista&#8221;,<span id=\"ctl00_MainContent_txtSinpsis\"> basado en su aspecto en la pel\u00edcula de Tim Burton,<\/span> las partes de expresi\u00f3n facial se crean mediante impresi\u00f3n digital, lo que lo hace a\u00fan m\u00e1s maravillosamente horroroso.<\/li>\n<li>Beetlejuice tambi\u00e9n viene con partes adicionales; <span id=\"ctl00_MainContent_txtSinpsis\">manos opcionales y diferentes expresiones faciales<\/span>, as\u00ed como su l\u00e1pida <span id=\"ctl00_MainContent_txtSinpsis\">y un letrero de ne\u00f3n<\/span>, para que puedas recrear muchas escenas ic\u00f3nicas de la pel\u00edcula.<\/li>\n<\/ul>\n<\/div>\n<\/div>\n<div class=\"row\"><\/div>\n","protected":false},"excerpt":{"rendered":"<p class=\"p1\"><strong>Beetlejuice. Beetlejuice (1988) S.H Figuarts<\/strong><\/p>\n<p class=\"p1\">\u00a1S.H.Figuarts debe haberlo llamado tres veces porque Beetlejuice ha vuelto de los a\u00f1os 80 como figura de acci\u00f3n&#8230;! Como el verdadero &#8220;Bio-Exorcista&#8221;,<span id=\"ctl00_MainContent_txtSinpsis\"> basado en su aspecto en la pel\u00edcula de Tim Burton,<\/span> las partes de expresi\u00f3n facial se crean mediante impresi\u00f3n digital, lo que lo hace a\u00fan m\u00e1s maravillosamente horroroso.<\/p>\n","protected":false},"featured_media":163314,"template":"","meta":{"_acf_changed":false,"_kad_blocks_custom_css":"","_kad_blocks_head_custom_js":"","_kad_blocks_body_custom_js":"","_kad_blocks_footer_custom_js":""},"product_cat":[13453,1390,13511],"product_tag":[],"class_list":{"0":"post-163329","1":"product","2":"type-product","3":"status-publish","4":"has-post-thumbnail","6":"product_cat-featured","7":"product_cat-figures","8":"product_cat-new-arrivals","9":"pa_brand-tamashii-nations-en","10":"pa_character-beetlejuice-en","11":"pa_license-beetlejuice-en","12":"pa_product-type-figure","13":"pa_theme-s-h-figuarts-en","15":"first","16":"instock","17":"taxable","18":"shipping-taxable","19":"purchasable","20":"product-type-simple"},"acf":[],"yoast_head":"<!-- This site is optimized with the Yoast SEO plugin v26.1.1 - https:\/\/yoast.com\/wordpress\/plugins\/seo\/ -->\n<title>Beetlejuice S.H Figuarts - EndormoonStore<\/title>\n<meta name=\"robots\" content=\"index, follow, max-snippet:-1, max-image-preview:large, max-video-preview:-1\" \/>\n<link rel=\"canonical\" href=\"https:\/\/endormoonstore.com\/en\/beetlejuice-s-h-figuarts\/\" \/>\n<meta property=\"og:locale\" content=\"en_US\" \/>\n<meta property=\"og:type\" content=\"article\" \/>\n<meta property=\"og:title\" content=\"Beetlejuice S.H Figuarts - EndormoonStore\" \/>\n<meta property=\"og:description\" content=\"Beetlejuice. Beetlejuice (1988) S.H Figuarts \u00a1S.H.Figuarts debe haberlo llamado tres veces porque Beetlejuice ha vuelto de los a\u00f1os 80 como figura de acci\u00f3n...! Como el verdadero &quot;Bio-Exorcista&quot;, basado en su aspecto en la pel\u00edcula de Tim Burton, las partes de expresi\u00f3n facial se crean mediante impresi\u00f3n digital, lo que lo hace a\u00fan m\u00e1s maravillosamente horroroso.\" \/>\n<meta property=\"og:url\" content=\"https:\/\/endormoonstore.com\/en\/beetlejuice-s-h-figuarts\/\" \/>\n<meta property=\"og:site_name\" content=\"EndormoonStore\" \/>\n<meta property=\"article:modified_time\" content=\"2024-10-02T20:45:52+00:00\" \/>\n<meta property=\"og:image\" content=\"https:\/\/endormoonstore.com\/wp-content\/uploads\/2024\/10\/Beetlejuice-S.H-Figuarts-1.jpg\" \/>\n\t<meta property=\"og:image:width\" content=\"714\" \/>\n\t<meta property=\"og:image:height\" content=\"1000\" \/>\n\t<meta property=\"og:image:type\" content=\"image\/jpeg\" \/>\n<meta name=\"twitter:card\" content=\"summary_large_image\" \/>\n<meta name=\"twitter:label1\" content=\"Est. reading time\" \/>\n\t<meta name=\"twitter:data1\" content=\"1 minute\" \/>\n<script type=\"application\/ld+json\" class=\"yoast-schema-graph\">{\"@context\":\"https:\/\/schema.org\",\"@graph\":[{\"@type\":\"WebPage\",\"@id\":\"https:\/\/endormoonstore.com\/en\/beetlejuice-s-h-figuarts\/\",\"url\":\"https:\/\/endormoonstore.com\/en\/beetlejuice-s-h-figuarts\/\",\"name\":\"Beetlejuice S.H Figuarts - EndormoonStore\",\"isPartOf\":{\"@id\":\"https:\/\/endormoonstore.com\/#website\"},\"primaryImageOfPage\":{\"@id\":\"https:\/\/endormoonstore.com\/en\/beetlejuice-s-h-figuarts\/#primaryimage\"},\"image\":{\"@id\":\"https:\/\/endormoonstore.com\/en\/beetlejuice-s-h-figuarts\/#primaryimage\"},\"thumbnailUrl\":\"https:\/\/endormoonstore.com\/wp-content\/uploads\/2024\/10\/Beetlejuice-S.H-Figuarts-1.jpg\",\"datePublished\":\"2024-09-19T23:30:28+00:00\",\"dateModified\":\"2024-10-02T20:45:52+00:00\",\"breadcrumb\":{\"@id\":\"https:\/\/endormoonstore.com\/en\/beetlejuice-s-h-figuarts\/#breadcrumb\"},\"inLanguage\":\"en-US\",\"potentialAction\":[{\"@type\":\"ReadAction\",\"target\":[\"https:\/\/endormoonstore.com\/en\/beetlejuice-s-h-figuarts\/\"]}]},{\"@type\":\"ImageObject\",\"inLanguage\":\"en-US\",\"@id\":\"https:\/\/endormoonstore.com\/en\/beetlejuice-s-h-figuarts\/#primaryimage\",\"url\":\"https:\/\/endormoonstore.com\/wp-content\/uploads\/2024\/10\/Beetlejuice-S.H-Figuarts-1.jpg\",\"contentUrl\":\"https:\/\/endormoonstore.com\/wp-content\/uploads\/2024\/10\/Beetlejuice-S.H-Figuarts-1.jpg\",\"width\":714,\"height\":1000},{\"@type\":\"BreadcrumbList\",\"@id\":\"https:\/\/endormoonstore.com\/en\/beetlejuice-s-h-figuarts\/#breadcrumb\",\"itemListElement\":[{\"@type\":\"ListItem\",\"position\":1,\"name\":\"Shop\",\"item\":\"https:\/\/endormoonstore.com\/en\/shop\/\"},{\"@type\":\"ListItem\",\"position\":2,\"name\":\"Beetlejuice S.H Figuarts\"}]},{\"@type\":\"WebSite\",\"@id\":\"https:\/\/endormoonstore.com\/#website\",\"url\":\"https:\/\/endormoonstore.com\/\",\"name\":\"EndormoonStore\",\"description\":\"\",\"potentialAction\":[{\"@type\":\"SearchAction\",\"target\":{\"@type\":\"EntryPoint\",\"urlTemplate\":\"https:\/\/endormoonstore.com\/?s={search_term_string}\"},\"query-input\":{\"@type\":\"PropertyValueSpecification\",\"valueRequired\":true,\"valueName\":\"search_term_string\"}}],\"inLanguage\":\"en-US\"}]}<\/script>\n<!-- \/ Yoast SEO plugin. -->","yoast_head_json":{"title":"Beetlejuice S.H Figuarts - EndormoonStore","robots":{"index":"index","follow":"follow","max-snippet":"max-snippet:-1","max-image-preview":"max-image-preview:large","max-video-preview":"max-video-preview:-1"},"canonical":"https:\/\/endormoonstore.com\/en\/beetlejuice-s-h-figuarts\/","og_locale":"en_US","og_type":"article","og_title":"Beetlejuice S.H Figuarts - EndormoonStore","og_description":"Beetlejuice. Beetlejuice (1988) S.H Figuarts \u00a1S.H.Figuarts debe haberlo llamado tres veces porque Beetlejuice ha vuelto de los a\u00f1os 80 como figura de acci\u00f3n...! Como el verdadero \"Bio-Exorcista\", basado en su aspecto en la pel\u00edcula de Tim Burton, las partes de expresi\u00f3n facial se crean mediante impresi\u00f3n digital, lo que lo hace a\u00fan m\u00e1s maravillosamente horroroso.","og_url":"https:\/\/endormoonstore.com\/en\/beetlejuice-s-h-figuarts\/","og_site_name":"EndormoonStore","article_modified_time":"2024-10-02T20:45:52+00:00","og_image":[{"width":714,"height":1000,"url":"https:\/\/endormoonstore.com\/wp-content\/uploads\/2024\/10\/Beetlejuice-S.H-Figuarts-1.jpg","type":"image\/jpeg"}],"twitter_card":"summary_large_image","twitter_misc":{"Est. reading time":"1 minute"},"schema":{"@context":"https:\/\/schema.org","@graph":[{"@type":"WebPage","@id":"https:\/\/endormoonstore.com\/en\/beetlejuice-s-h-figuarts\/","url":"https:\/\/endormoonstore.com\/en\/beetlejuice-s-h-figuarts\/","name":"Beetlejuice S.H Figuarts - EndormoonStore","isPartOf":{"@id":"https:\/\/endormoonstore.com\/#website"},"primaryImageOfPage":{"@id":"https:\/\/endormoonstore.com\/en\/beetlejuice-s-h-figuarts\/#primaryimage"},"image":{"@id":"https:\/\/endormoonstore.com\/en\/beetlejuice-s-h-figuarts\/#primaryimage"},"thumbnailUrl":"https:\/\/endormoonstore.com\/wp-content\/uploads\/2024\/10\/Beetlejuice-S.H-Figuarts-1.jpg","datePublished":"2024-09-19T23:30:28+00:00","dateModified":"2024-10-02T20:45:52+00:00","breadcrumb":{"@id":"https:\/\/endormoonstore.com\/en\/beetlejuice-s-h-figuarts\/#breadcrumb"},"inLanguage":"en-US","potentialAction":[{"@type":"ReadAction","target":["https:\/\/endormoonstore.com\/en\/beetlejuice-s-h-figuarts\/"]}]},{"@type":"ImageObject","inLanguage":"en-US","@id":"https:\/\/endormoonstore.com\/en\/beetlejuice-s-h-figuarts\/#primaryimage","url":"https:\/\/endormoonstore.com\/wp-content\/uploads\/2024\/10\/Beetlejuice-S.H-Figuarts-1.jpg","contentUrl":"https:\/\/endormoonstore.com\/wp-content\/uploads\/2024\/10\/Beetlejuice-S.H-Figuarts-1.jpg","width":714,"height":1000},{"@type":"BreadcrumbList","@id":"https:\/\/endormoonstore.com\/en\/beetlejuice-s-h-figuarts\/#breadcrumb","itemListElement":[{"@type":"ListItem","position":1,"name":"Shop","item":"https:\/\/endormoonstore.com\/en\/shop\/"},{"@type":"ListItem","position":2,"name":"Beetlejuice S.H Figuarts"}]},{"@type":"WebSite","@id":"https:\/\/endormoonstore.com\/#website","url":"https:\/\/endormoonstore.com\/","name":"EndormoonStore","description":"","potentialAction":[{"@type":"SearchAction","target":{"@type":"EntryPoint","urlTemplate":"https:\/\/endormoonstore.com\/?s={search_term_string}"},"query-input":{"@type":"PropertyValueSpecification","valueRequired":true,"valueName":"search_term_string"}}],"inLanguage":"en-US"}]}},"taxonomy_info":{"product_cat":[{"value":13453,"label":"Featured"},{"value":1390,"label":"Figures"},{"value":13511,"label":"New Arrivals"}],"pa_brand":[{"value":2096,"label":"Tamashii Nations"}],"pa_character":[{"value":4865,"label":"Beetlejuice"}],"pa_license":[{"value":4871,"label":"Beetlejuice"}],"pa_product-type":[{"value":2387,"label":"Figure"}],"pa_theme":[{"value":1813,"label":"S.H. Figuarts"}]},"featured_image_src_large":["https:\/\/endormoonstore.com\/wp-content\/uploads\/2024\/10\/Beetlejuice-S.H-Figuarts-1.jpg",714,1000,false],"author_info":[],"comment_info":"","_links":{"self":[{"href":"https:\/\/endormoonstore.com\/en\/wp-json\/wp\/v2\/product\/163329","targetHints":{"allow":["GET"]}}],"collection":[{"href":"https:\/\/endormoonstore.com\/en\/wp-json\/wp\/v2\/product"}],"about":[{"href":"https:\/\/endormoonstore.com\/en\/wp-json\/wp\/v2\/types\/product"}],"wp:featuredmedia":[{"embeddable":true,"href":"https:\/\/endormoonstore.com\/en\/wp-json\/wp\/v2\/media\/163314"}],"wp:attachment":[{"href":"https:\/\/endormoonstore.com\/en\/wp-json\/wp\/v2\/media?parent=163329"}],"wp:term":[{"taxonomy":"product_cat","embeddable":true,"href":"https:\/\/endormoonstore.com\/en\/wp-json\/wp\/v2\/product_cat?post=163329"},{"taxonomy":"product_tag","embeddable":true,"href":"https:\/\/endormoonstore.com\/en\/wp-json\/wp\/v2\/product_tag?post=163329"}],"curies":[{"name":"wp","href":"https:\/\/api.w.org\/{rel}","templated":true}]}}