{"id":163310,"date":"2024-09-20T01:25:47","date_gmt":"2024-09-19T23:25:47","guid":{"rendered":"https:\/\/endormoonstore.com\/mecha-gigantron-ultraman-rising-s-h-figuarts\/"},"modified":"2024-10-02T16:50:28","modified_gmt":"2024-10-02T14:50:28","slug":"mecha-gigantron-ultraman-rising-s-h-figuarts","status":"publish","type":"product","link":"https:\/\/endormoonstore.com\/en\/mecha-gigantron-ultraman-rising-s-h-figuarts\/","title":{"rendered":"Mecha Gigantron Ultraman: Rising S.H Figuarts"},"content":{"rendered":"<p><strong>Mecha Gigantron Ultraman: Rising S.H Figuarts<\/strong><\/p>\n<div class=\"row\">\n<div class=\"col-md-12\">\n<ul>\n<li>De la pel\u00edcula de animaci\u00f3n Ultraman: Rising, transmitida a nivel mundial en Netflix, llega el Gigantron mecanizado pilotado por el Dr. Onda, Mecha Gigantron, como un S.H. Figuarts.<\/li>\n<li>La figura mide 17 cm de alto, lo que representa de manera efectiva el gran tama\u00f1o de Mecha Gigantron de la pel\u00edcula de animaci\u00f3n. En el est\u00e1ndar de S.H Figuarts, esta figura viene con una amplia gama de articulaciones y un alto nivel de detalle en su dise\u00f1o mec\u00e1nico y alas grandes \u00fanicas que representan con precisi\u00f3n la apariencia en la pel\u00edcula de animaci\u00f3n.<\/li>\n<li>Incluye un efecto de rayo, un soporte para el rayo.<\/li>\n<\/ul>\n<\/div>\n<\/div>\n","protected":false},"excerpt":{"rendered":"<p><strong>Mecha Gigantron Ultraman: Rising S.H Figuarts<\/strong><\/p>\n<p>De la pel\u00edcula de animaci\u00f3n Ultraman: Rising, transmitida a nivel mundial en Netflix, llega el Gigantron mecanizado pilotado por el Dr. Onda, Mecha Gigantron, como un S.H. Figuarts.<\/p>\n","protected":false},"featured_media":163290,"template":"","meta":{"_acf_changed":false,"_kad_blocks_custom_css":"","_kad_blocks_head_custom_js":"","_kad_blocks_body_custom_js":"","_kad_blocks_footer_custom_js":""},"product_cat":[1384],"product_tag":[],"class_list":{"0":"post-163310","1":"product","2":"type-product","3":"status-publish","4":"has-post-thumbnail","6":"product_cat-pre-orders","7":"pa_brand-tamashii-nations-en","8":"pa_character-mecha-gigantron-en","9":"pa_episode-ultraman-rising-en","10":"pa_license-ultraman-en","11":"pa_product-type-figure","12":"pa_theme-s-h-figuarts-en","14":"first","15":"instock","16":"taxable","17":"shipping-taxable","18":"purchasable","19":"product-type-simple"},"acf":[],"yoast_head":"<!-- This site is optimized with the Yoast SEO plugin v26.1.1 - https:\/\/yoast.com\/wordpress\/plugins\/seo\/ -->\n<title>Mecha Gigantron Ultraman: Rising S.H Figuarts - EndormoonStore<\/title>\n<meta name=\"robots\" content=\"index, follow, max-snippet:-1, max-image-preview:large, max-video-preview:-1\" \/>\n<link rel=\"canonical\" href=\"https:\/\/endormoonstore.com\/en\/mecha-gigantron-ultraman-rising-s-h-figuarts\/\" \/>\n<meta property=\"og:locale\" content=\"en_US\" \/>\n<meta property=\"og:type\" content=\"article\" \/>\n<meta property=\"og:title\" content=\"Mecha Gigantron Ultraman: Rising S.H Figuarts - EndormoonStore\" \/>\n<meta property=\"og:description\" content=\"Mecha Gigantron Ultraman: Rising S.H Figuarts  De la pel\u00edcula de animaci\u00f3n Ultraman: Rising, transmitida a nivel mundial en Netflix, llega el Gigantron mecanizado pilotado por el Dr. Onda, Mecha Gigantron, como un S.H. Figuarts.\" \/>\n<meta property=\"og:url\" content=\"https:\/\/endormoonstore.com\/en\/mecha-gigantron-ultraman-rising-s-h-figuarts\/\" \/>\n<meta property=\"og:site_name\" content=\"EndormoonStore\" \/>\n<meta property=\"article:modified_time\" content=\"2024-10-02T14:50:28+00:00\" \/>\n<meta property=\"og:image\" content=\"https:\/\/endormoonstore.com\/wp-content\/uploads\/2024\/10\/Mecha-Gigantron-Ultraman-Rising-S.H-Figuarts-1.jpg\" \/>\n\t<meta property=\"og:image:width\" content=\"1200\" \/>\n\t<meta property=\"og:image:height\" content=\"839\" \/>\n\t<meta property=\"og:image:type\" content=\"image\/jpeg\" \/>\n<meta name=\"twitter:card\" content=\"summary_large_image\" \/>\n<meta name=\"twitter:label1\" content=\"Est. reading time\" \/>\n\t<meta name=\"twitter:data1\" content=\"1 minute\" \/>\n<script type=\"application\/ld+json\" class=\"yoast-schema-graph\">{\"@context\":\"https:\/\/schema.org\",\"@graph\":[{\"@type\":\"WebPage\",\"@id\":\"https:\/\/endormoonstore.com\/en\/mecha-gigantron-ultraman-rising-s-h-figuarts\/\",\"url\":\"https:\/\/endormoonstore.com\/en\/mecha-gigantron-ultraman-rising-s-h-figuarts\/\",\"name\":\"Mecha Gigantron Ultraman: Rising S.H Figuarts - EndormoonStore\",\"isPartOf\":{\"@id\":\"https:\/\/endormoonstore.com\/#website\"},\"primaryImageOfPage\":{\"@id\":\"https:\/\/endormoonstore.com\/en\/mecha-gigantron-ultraman-rising-s-h-figuarts\/#primaryimage\"},\"image\":{\"@id\":\"https:\/\/endormoonstore.com\/en\/mecha-gigantron-ultraman-rising-s-h-figuarts\/#primaryimage\"},\"thumbnailUrl\":\"https:\/\/endormoonstore.com\/wp-content\/uploads\/2024\/10\/Mecha-Gigantron-Ultraman-Rising-S.H-Figuarts-1.jpg\",\"datePublished\":\"2024-09-19T23:25:47+00:00\",\"dateModified\":\"2024-10-02T14:50:28+00:00\",\"breadcrumb\":{\"@id\":\"https:\/\/endormoonstore.com\/en\/mecha-gigantron-ultraman-rising-s-h-figuarts\/#breadcrumb\"},\"inLanguage\":\"en-US\",\"potentialAction\":[{\"@type\":\"ReadAction\",\"target\":[\"https:\/\/endormoonstore.com\/en\/mecha-gigantron-ultraman-rising-s-h-figuarts\/\"]}]},{\"@type\":\"ImageObject\",\"inLanguage\":\"en-US\",\"@id\":\"https:\/\/endormoonstore.com\/en\/mecha-gigantron-ultraman-rising-s-h-figuarts\/#primaryimage\",\"url\":\"https:\/\/endormoonstore.com\/wp-content\/uploads\/2024\/10\/Mecha-Gigantron-Ultraman-Rising-S.H-Figuarts-1.jpg\",\"contentUrl\":\"https:\/\/endormoonstore.com\/wp-content\/uploads\/2024\/10\/Mecha-Gigantron-Ultraman-Rising-S.H-Figuarts-1.jpg\",\"width\":1200,\"height\":839},{\"@type\":\"BreadcrumbList\",\"@id\":\"https:\/\/endormoonstore.com\/en\/mecha-gigantron-ultraman-rising-s-h-figuarts\/#breadcrumb\",\"itemListElement\":[{\"@type\":\"ListItem\",\"position\":1,\"name\":\"Shop\",\"item\":\"https:\/\/endormoonstore.com\/en\/shop\/\"},{\"@type\":\"ListItem\",\"position\":2,\"name\":\"Mecha Gigantron Ultraman: Rising S.H Figuarts\"}]},{\"@type\":\"WebSite\",\"@id\":\"https:\/\/endormoonstore.com\/#website\",\"url\":\"https:\/\/endormoonstore.com\/\",\"name\":\"EndormoonStore\",\"description\":\"\",\"potentialAction\":[{\"@type\":\"SearchAction\",\"target\":{\"@type\":\"EntryPoint\",\"urlTemplate\":\"https:\/\/endormoonstore.com\/?s={search_term_string}\"},\"query-input\":{\"@type\":\"PropertyValueSpecification\",\"valueRequired\":true,\"valueName\":\"search_term_string\"}}],\"inLanguage\":\"en-US\"}]}<\/script>\n<!-- \/ Yoast SEO plugin. -->","yoast_head_json":{"title":"Mecha Gigantron Ultraman: Rising S.H Figuarts - EndormoonStore","robots":{"index":"index","follow":"follow","max-snippet":"max-snippet:-1","max-image-preview":"max-image-preview:large","max-video-preview":"max-video-preview:-1"},"canonical":"https:\/\/endormoonstore.com\/en\/mecha-gigantron-ultraman-rising-s-h-figuarts\/","og_locale":"en_US","og_type":"article","og_title":"Mecha Gigantron Ultraman: Rising S.H Figuarts - EndormoonStore","og_description":"Mecha Gigantron Ultraman: Rising S.H Figuarts  De la pel\u00edcula de animaci\u00f3n Ultraman: Rising, transmitida a nivel mundial en Netflix, llega el Gigantron mecanizado pilotado por el Dr. Onda, Mecha Gigantron, como un S.H. Figuarts.","og_url":"https:\/\/endormoonstore.com\/en\/mecha-gigantron-ultraman-rising-s-h-figuarts\/","og_site_name":"EndormoonStore","article_modified_time":"2024-10-02T14:50:28+00:00","og_image":[{"width":1200,"height":839,"url":"https:\/\/endormoonstore.com\/wp-content\/uploads\/2024\/10\/Mecha-Gigantron-Ultraman-Rising-S.H-Figuarts-1.jpg","type":"image\/jpeg"}],"twitter_card":"summary_large_image","twitter_misc":{"Est. reading time":"1 minute"},"schema":{"@context":"https:\/\/schema.org","@graph":[{"@type":"WebPage","@id":"https:\/\/endormoonstore.com\/en\/mecha-gigantron-ultraman-rising-s-h-figuarts\/","url":"https:\/\/endormoonstore.com\/en\/mecha-gigantron-ultraman-rising-s-h-figuarts\/","name":"Mecha Gigantron Ultraman: Rising S.H Figuarts - EndormoonStore","isPartOf":{"@id":"https:\/\/endormoonstore.com\/#website"},"primaryImageOfPage":{"@id":"https:\/\/endormoonstore.com\/en\/mecha-gigantron-ultraman-rising-s-h-figuarts\/#primaryimage"},"image":{"@id":"https:\/\/endormoonstore.com\/en\/mecha-gigantron-ultraman-rising-s-h-figuarts\/#primaryimage"},"thumbnailUrl":"https:\/\/endormoonstore.com\/wp-content\/uploads\/2024\/10\/Mecha-Gigantron-Ultraman-Rising-S.H-Figuarts-1.jpg","datePublished":"2024-09-19T23:25:47+00:00","dateModified":"2024-10-02T14:50:28+00:00","breadcrumb":{"@id":"https:\/\/endormoonstore.com\/en\/mecha-gigantron-ultraman-rising-s-h-figuarts\/#breadcrumb"},"inLanguage":"en-US","potentialAction":[{"@type":"ReadAction","target":["https:\/\/endormoonstore.com\/en\/mecha-gigantron-ultraman-rising-s-h-figuarts\/"]}]},{"@type":"ImageObject","inLanguage":"en-US","@id":"https:\/\/endormoonstore.com\/en\/mecha-gigantron-ultraman-rising-s-h-figuarts\/#primaryimage","url":"https:\/\/endormoonstore.com\/wp-content\/uploads\/2024\/10\/Mecha-Gigantron-Ultraman-Rising-S.H-Figuarts-1.jpg","contentUrl":"https:\/\/endormoonstore.com\/wp-content\/uploads\/2024\/10\/Mecha-Gigantron-Ultraman-Rising-S.H-Figuarts-1.jpg","width":1200,"height":839},{"@type":"BreadcrumbList","@id":"https:\/\/endormoonstore.com\/en\/mecha-gigantron-ultraman-rising-s-h-figuarts\/#breadcrumb","itemListElement":[{"@type":"ListItem","position":1,"name":"Shop","item":"https:\/\/endormoonstore.com\/en\/shop\/"},{"@type":"ListItem","position":2,"name":"Mecha Gigantron Ultraman: Rising S.H Figuarts"}]},{"@type":"WebSite","@id":"https:\/\/endormoonstore.com\/#website","url":"https:\/\/endormoonstore.com\/","name":"EndormoonStore","description":"","potentialAction":[{"@type":"SearchAction","target":{"@type":"EntryPoint","urlTemplate":"https:\/\/endormoonstore.com\/?s={search_term_string}"},"query-input":{"@type":"PropertyValueSpecification","valueRequired":true,"valueName":"search_term_string"}}],"inLanguage":"en-US"}]}},"taxonomy_info":{"product_cat":[{"value":1384,"label":"Pre-orders"}],"pa_brand":[{"value":2096,"label":"Tamashii Nations"}],"pa_character":[{"value":14740,"label":"Mecha Gigantron"}],"pa_episode":[{"value":14738,"label":"Ultraman: Rising"}],"pa_license":[{"value":5225,"label":"Ultraman"}],"pa_product-type":[{"value":2387,"label":"Figure"}],"pa_theme":[{"value":1813,"label":"S.H. Figuarts"}]},"featured_image_src_large":["https:\/\/endormoonstore.com\/wp-content\/uploads\/2024\/10\/Mecha-Gigantron-Ultraman-Rising-S.H-Figuarts-1.jpg",1200,839,false],"author_info":[],"comment_info":"","_links":{"self":[{"href":"https:\/\/endormoonstore.com\/en\/wp-json\/wp\/v2\/product\/163310","targetHints":{"allow":["GET"]}}],"collection":[{"href":"https:\/\/endormoonstore.com\/en\/wp-json\/wp\/v2\/product"}],"about":[{"href":"https:\/\/endormoonstore.com\/en\/wp-json\/wp\/v2\/types\/product"}],"wp:featuredmedia":[{"embeddable":true,"href":"https:\/\/endormoonstore.com\/en\/wp-json\/wp\/v2\/media\/163290"}],"wp:attachment":[{"href":"https:\/\/endormoonstore.com\/en\/wp-json\/wp\/v2\/media?parent=163310"}],"wp:term":[{"taxonomy":"product_cat","embeddable":true,"href":"https:\/\/endormoonstore.com\/en\/wp-json\/wp\/v2\/product_cat?post=163310"},{"taxonomy":"product_tag","embeddable":true,"href":"https:\/\/endormoonstore.com\/en\/wp-json\/wp\/v2\/product_tag?post=163310"}],"curies":[{"name":"wp","href":"https:\/\/api.w.org\/{rel}","templated":true}]}}