{"id":163285,"date":"2024-09-20T01:20:12","date_gmt":"2024-09-19T23:20:12","guid":{"rendered":"https:\/\/endormoonstore.com\/olrox-castlevania-nocturne\/"},"modified":"2024-10-01T16:37:22","modified_gmt":"2024-10-01T14:37:22","slug":"olrox-castlevania-nocturne","status":"publish","type":"product","link":"https:\/\/endormoonstore.com\/en\/olrox-castlevania-nocturne\/","title":{"rendered":"Olrox Castlevania Nocturne"},"content":{"rendered":"<p><strong>Olrox Castlevania Nocturne PVC Statue\u00a0<\/strong><\/p>\n<ul>\n<li>Dark Horse Comics se enorgullece en anunciar la figura de PVC de alta gama de la exitosa serie de anime de Netflix, Castlevania Nocturne. Esta figura de pl\u00e1stico de lujo pintada a mano presenta detalle y accesorio intercambiable inspirados en escenas ic\u00f3nicas del programa. En esta ocasi\u00f3n la figura de PVC de Olrox de Castlevania: Nocturne &#8220;Peque\u00f1o ni\u00f1o Belmont. Conozco ese sentimiento. Ese dolor, ese odio, esa necesidad ardiente e insoportable de venganza. Porque, ver\u00e1s, tu madre me arrebat\u00f3 a alguien a quien amaba tanto como t\u00fa a ella. As\u00ed que ella ten\u00eda que morir. Oh, yo tambi\u00e9n podr\u00eda matarte. Y lo har\u00e9 alg\u00fan d\u00eda. Pero no esta noche&#8221;. \u2014Olrox al joven Richter.<\/li>\n<li>Olrox es un vampiro azteca que se veng\u00f3 de Julia Belmont despu\u00e9s de que ella matara a su amante, y as\u00ed Richter Belmont emprende su viaje para convertirse en un cazador de vampiros. Olrox es representado surgiendo de la niebla humeante como lo hizo en esa fat\u00eddica noche.<\/li>\n<li>La figura de Olrox, que luce una gracia noble, viene con brazos derechos intercambiables para personalizar la forma en que se muestra, ya sea con su ic\u00f3nica daga de obsidiana detr\u00e1s de la espalda o chasqueando los dedos para invocar su magia de otro mundo. La figura tiene unos 28,5 cm de alto, \u00a0\u00a1No querr\u00e1s perderte el adversario perfecto para nuestra figura de PVC de Richter Belmont!<\/li>\n<li>Incluye mano derecha alternativa<\/li>\n<li>Nota figura de Richter Belmont mostrada en una foto se vende por separado<\/li>\n<\/ul>\n","protected":false},"excerpt":{"rendered":"<p><strong>Olrox Castlevania Nocturne PVC Statue\u00a0<\/strong><\/p>\n<p>Dark Horse Comics se enorgullece en anunciar la figura de PVC de alta gama de la exitosa serie de anime de Netflix, Castlevania Nocturne. Esta figura de pl\u00e1stico de lujo pintada a mano presenta detalle y accesorio intercambiable inspirados en escenas ic\u00f3nicas del programa. En esta ocasi\u00f3n la figura de PVC de Olrox de Castlevania: Nocturne &#8220;Peque\u00f1o ni\u00f1o Belmont. Conozco ese sentimiento. Ese dolor, ese odio, esa necesidad ardiente e insoportable de venganza. Porque, ver\u00e1s, tu madre me arrebat\u00f3 a alguien a quien amaba tanto como t\u00fa a ella. As\u00ed que ella ten\u00eda que morir. Oh, yo tambi\u00e9n podr\u00eda matarte. Y lo har\u00e9 alg\u00fan d\u00eda. Pero no esta noche&#8221;. \u2014Olrox al joven Richter.<\/p>\n","protected":false},"featured_media":163253,"template":"","meta":{"_acf_changed":false,"_kad_blocks_custom_css":"","_kad_blocks_head_custom_js":"","_kad_blocks_body_custom_js":"","_kad_blocks_footer_custom_js":""},"product_cat":[1384],"product_tag":[],"class_list":{"0":"post-163285","1":"product","2":"type-product","3":"status-publish","4":"has-post-thumbnail","6":"product_cat-pre-orders","7":"pa_brand-dark-horse-en","8":"pa_character-olrox-en","9":"pa_license-castlevania-nocturne-en","10":"pa_product-type-figure","11":"pa_theme-pvc-statue-en","13":"first","14":"instock","15":"taxable","16":"shipping-taxable","17":"purchasable","18":"product-type-simple"},"acf":[],"yoast_head":"<!-- This site is optimized with the Yoast SEO plugin v26.1.1 - https:\/\/yoast.com\/wordpress\/plugins\/seo\/ -->\n<title>Olrox Castlevania Nocturne - EndormoonStore<\/title>\n<meta name=\"robots\" content=\"index, follow, max-snippet:-1, max-image-preview:large, max-video-preview:-1\" \/>\n<link rel=\"canonical\" href=\"https:\/\/endormoonstore.com\/en\/olrox-castlevania-nocturne\/\" \/>\n<meta property=\"og:locale\" content=\"en_US\" \/>\n<meta property=\"og:type\" content=\"article\" \/>\n<meta property=\"og:title\" content=\"Olrox Castlevania Nocturne - EndormoonStore\" \/>\n<meta property=\"og:description\" content=\"Olrox Castlevania Nocturne PVC Statue\u00a0  Dark Horse Comics se enorgullece en anunciar la figura de PVC de alta gama de la exitosa serie de anime de Netflix, Castlevania Nocturne. Esta figura de pl\u00e1stico de lujo pintada a mano presenta detalle y accesorio intercambiable inspirados en escenas ic\u00f3nicas del programa. En esta ocasi\u00f3n la figura de PVC de Olrox de Castlevania: Nocturne &quot;Peque\u00f1o ni\u00f1o Belmont. Conozco ese sentimiento. Ese dolor, ese odio, esa necesidad ardiente e insoportable de venganza. Porque, ver\u00e1s, tu madre me arrebat\u00f3 a alguien a quien amaba tanto como t\u00fa a ella. As\u00ed que ella ten\u00eda que morir. Oh, yo tambi\u00e9n podr\u00eda matarte. Y lo har\u00e9 alg\u00fan d\u00eda. Pero no esta noche&quot;. \u2014Olrox al joven Richter.\" \/>\n<meta property=\"og:url\" content=\"https:\/\/endormoonstore.com\/en\/olrox-castlevania-nocturne\/\" \/>\n<meta property=\"og:site_name\" content=\"EndormoonStore\" \/>\n<meta property=\"article:modified_time\" content=\"2024-10-01T14:37:22+00:00\" \/>\n<meta property=\"og:image\" content=\"https:\/\/endormoonstore.com\/wp-content\/uploads\/2024\/10\/Olrox-Castlevania-Nocturne-1.jpg\" \/>\n\t<meta property=\"og:image:width\" content=\"1000\" \/>\n\t<meta property=\"og:image:height\" content=\"1000\" \/>\n\t<meta property=\"og:image:type\" content=\"image\/jpeg\" \/>\n<meta name=\"twitter:card\" content=\"summary_large_image\" \/>\n<meta name=\"twitter:label1\" content=\"Est. reading time\" \/>\n\t<meta name=\"twitter:data1\" content=\"2 minutes\" \/>\n<script type=\"application\/ld+json\" class=\"yoast-schema-graph\">{\"@context\":\"https:\/\/schema.org\",\"@graph\":[{\"@type\":\"WebPage\",\"@id\":\"https:\/\/endormoonstore.com\/en\/olrox-castlevania-nocturne\/\",\"url\":\"https:\/\/endormoonstore.com\/en\/olrox-castlevania-nocturne\/\",\"name\":\"Olrox Castlevania Nocturne - EndormoonStore\",\"isPartOf\":{\"@id\":\"https:\/\/endormoonstore.com\/#website\"},\"primaryImageOfPage\":{\"@id\":\"https:\/\/endormoonstore.com\/en\/olrox-castlevania-nocturne\/#primaryimage\"},\"image\":{\"@id\":\"https:\/\/endormoonstore.com\/en\/olrox-castlevania-nocturne\/#primaryimage\"},\"thumbnailUrl\":\"https:\/\/endormoonstore.com\/wp-content\/uploads\/2024\/10\/Olrox-Castlevania-Nocturne-1.jpg\",\"datePublished\":\"2024-09-19T23:20:12+00:00\",\"dateModified\":\"2024-10-01T14:37:22+00:00\",\"breadcrumb\":{\"@id\":\"https:\/\/endormoonstore.com\/en\/olrox-castlevania-nocturne\/#breadcrumb\"},\"inLanguage\":\"en-US\",\"potentialAction\":[{\"@type\":\"ReadAction\",\"target\":[\"https:\/\/endormoonstore.com\/en\/olrox-castlevania-nocturne\/\"]}]},{\"@type\":\"ImageObject\",\"inLanguage\":\"en-US\",\"@id\":\"https:\/\/endormoonstore.com\/en\/olrox-castlevania-nocturne\/#primaryimage\",\"url\":\"https:\/\/endormoonstore.com\/wp-content\/uploads\/2024\/10\/Olrox-Castlevania-Nocturne-1.jpg\",\"contentUrl\":\"https:\/\/endormoonstore.com\/wp-content\/uploads\/2024\/10\/Olrox-Castlevania-Nocturne-1.jpg\",\"width\":1000,\"height\":1000},{\"@type\":\"BreadcrumbList\",\"@id\":\"https:\/\/endormoonstore.com\/en\/olrox-castlevania-nocturne\/#breadcrumb\",\"itemListElement\":[{\"@type\":\"ListItem\",\"position\":1,\"name\":\"Shop\",\"item\":\"https:\/\/endormoonstore.com\/en\/shop\/\"},{\"@type\":\"ListItem\",\"position\":2,\"name\":\"Olrox Castlevania Nocturne\"}]},{\"@type\":\"WebSite\",\"@id\":\"https:\/\/endormoonstore.com\/#website\",\"url\":\"https:\/\/endormoonstore.com\/\",\"name\":\"EndormoonStore\",\"description\":\"\",\"potentialAction\":[{\"@type\":\"SearchAction\",\"target\":{\"@type\":\"EntryPoint\",\"urlTemplate\":\"https:\/\/endormoonstore.com\/?s={search_term_string}\"},\"query-input\":{\"@type\":\"PropertyValueSpecification\",\"valueRequired\":true,\"valueName\":\"search_term_string\"}}],\"inLanguage\":\"en-US\"}]}<\/script>\n<!-- \/ Yoast SEO plugin. -->","yoast_head_json":{"title":"Olrox Castlevania Nocturne - EndormoonStore","robots":{"index":"index","follow":"follow","max-snippet":"max-snippet:-1","max-image-preview":"max-image-preview:large","max-video-preview":"max-video-preview:-1"},"canonical":"https:\/\/endormoonstore.com\/en\/olrox-castlevania-nocturne\/","og_locale":"en_US","og_type":"article","og_title":"Olrox Castlevania Nocturne - EndormoonStore","og_description":"Olrox Castlevania Nocturne PVC Statue\u00a0  Dark Horse Comics se enorgullece en anunciar la figura de PVC de alta gama de la exitosa serie de anime de Netflix, Castlevania Nocturne. Esta figura de pl\u00e1stico de lujo pintada a mano presenta detalle y accesorio intercambiable inspirados en escenas ic\u00f3nicas del programa. En esta ocasi\u00f3n la figura de PVC de Olrox de Castlevania: Nocturne \"Peque\u00f1o ni\u00f1o Belmont. Conozco ese sentimiento. Ese dolor, ese odio, esa necesidad ardiente e insoportable de venganza. Porque, ver\u00e1s, tu madre me arrebat\u00f3 a alguien a quien amaba tanto como t\u00fa a ella. As\u00ed que ella ten\u00eda que morir. Oh, yo tambi\u00e9n podr\u00eda matarte. Y lo har\u00e9 alg\u00fan d\u00eda. Pero no esta noche\". \u2014Olrox al joven Richter.","og_url":"https:\/\/endormoonstore.com\/en\/olrox-castlevania-nocturne\/","og_site_name":"EndormoonStore","article_modified_time":"2024-10-01T14:37:22+00:00","og_image":[{"width":1000,"height":1000,"url":"https:\/\/endormoonstore.com\/wp-content\/uploads\/2024\/10\/Olrox-Castlevania-Nocturne-1.jpg","type":"image\/jpeg"}],"twitter_card":"summary_large_image","twitter_misc":{"Est. reading time":"2 minutes"},"schema":{"@context":"https:\/\/schema.org","@graph":[{"@type":"WebPage","@id":"https:\/\/endormoonstore.com\/en\/olrox-castlevania-nocturne\/","url":"https:\/\/endormoonstore.com\/en\/olrox-castlevania-nocturne\/","name":"Olrox Castlevania Nocturne - EndormoonStore","isPartOf":{"@id":"https:\/\/endormoonstore.com\/#website"},"primaryImageOfPage":{"@id":"https:\/\/endormoonstore.com\/en\/olrox-castlevania-nocturne\/#primaryimage"},"image":{"@id":"https:\/\/endormoonstore.com\/en\/olrox-castlevania-nocturne\/#primaryimage"},"thumbnailUrl":"https:\/\/endormoonstore.com\/wp-content\/uploads\/2024\/10\/Olrox-Castlevania-Nocturne-1.jpg","datePublished":"2024-09-19T23:20:12+00:00","dateModified":"2024-10-01T14:37:22+00:00","breadcrumb":{"@id":"https:\/\/endormoonstore.com\/en\/olrox-castlevania-nocturne\/#breadcrumb"},"inLanguage":"en-US","potentialAction":[{"@type":"ReadAction","target":["https:\/\/endormoonstore.com\/en\/olrox-castlevania-nocturne\/"]}]},{"@type":"ImageObject","inLanguage":"en-US","@id":"https:\/\/endormoonstore.com\/en\/olrox-castlevania-nocturne\/#primaryimage","url":"https:\/\/endormoonstore.com\/wp-content\/uploads\/2024\/10\/Olrox-Castlevania-Nocturne-1.jpg","contentUrl":"https:\/\/endormoonstore.com\/wp-content\/uploads\/2024\/10\/Olrox-Castlevania-Nocturne-1.jpg","width":1000,"height":1000},{"@type":"BreadcrumbList","@id":"https:\/\/endormoonstore.com\/en\/olrox-castlevania-nocturne\/#breadcrumb","itemListElement":[{"@type":"ListItem","position":1,"name":"Shop","item":"https:\/\/endormoonstore.com\/en\/shop\/"},{"@type":"ListItem","position":2,"name":"Olrox Castlevania Nocturne"}]},{"@type":"WebSite","@id":"https:\/\/endormoonstore.com\/#website","url":"https:\/\/endormoonstore.com\/","name":"EndormoonStore","description":"","potentialAction":[{"@type":"SearchAction","target":{"@type":"EntryPoint","urlTemplate":"https:\/\/endormoonstore.com\/?s={search_term_string}"},"query-input":{"@type":"PropertyValueSpecification","valueRequired":true,"valueName":"search_term_string"}}],"inLanguage":"en-US"}]}},"taxonomy_info":{"product_cat":[{"value":1384,"label":"Pre-orders"}],"pa_brand":[{"value":5836,"label":"Dark Horse"}],"pa_character":[{"value":14732,"label":"Olrox"}],"pa_license":[{"value":14734,"label":"Castlevania: Nocturne"}],"pa_product-type":[{"value":2387,"label":"Figure"}],"pa_theme":[{"value":14736,"label":"PVC Statue\u00a0"}]},"featured_image_src_large":["https:\/\/endormoonstore.com\/wp-content\/uploads\/2024\/10\/Olrox-Castlevania-Nocturne-1.jpg",1000,1000,false],"author_info":[],"comment_info":"","_links":{"self":[{"href":"https:\/\/endormoonstore.com\/en\/wp-json\/wp\/v2\/product\/163285","targetHints":{"allow":["GET"]}}],"collection":[{"href":"https:\/\/endormoonstore.com\/en\/wp-json\/wp\/v2\/product"}],"about":[{"href":"https:\/\/endormoonstore.com\/en\/wp-json\/wp\/v2\/types\/product"}],"wp:featuredmedia":[{"embeddable":true,"href":"https:\/\/endormoonstore.com\/en\/wp-json\/wp\/v2\/media\/163253"}],"wp:attachment":[{"href":"https:\/\/endormoonstore.com\/en\/wp-json\/wp\/v2\/media?parent=163285"}],"wp:term":[{"taxonomy":"product_cat","embeddable":true,"href":"https:\/\/endormoonstore.com\/en\/wp-json\/wp\/v2\/product_cat?post=163285"},{"taxonomy":"product_tag","embeddable":true,"href":"https:\/\/endormoonstore.com\/en\/wp-json\/wp\/v2\/product_tag?post=163285"}],"curies":[{"name":"wp","href":"https:\/\/api.w.org\/{rel}","templated":true}]}}