{"id":163250,"date":"2024-09-20T01:15:54","date_gmt":"2024-09-19T23:15:54","guid":{"rendered":"https:\/\/endormoonstore.com\/richter-belmont-castlevania-nocturne\/"},"modified":"2024-10-01T16:20:36","modified_gmt":"2024-10-01T14:20:36","slug":"richter-belmont-castlevania-nocturne","status":"publish","type":"product","link":"https:\/\/endormoonstore.com\/en\/richter-belmont-castlevania-nocturne\/","title":{"rendered":"Richter Belmont Castlevania Nocturne"},"content":{"rendered":"<p><strong>Richter Belmont Castlevania Nocturne PVC Statue\u00a0<\/strong><\/p>\n<ul>\n<li>Dark Horse Comics se enorgullece en anunciar la figura de PVC de alta gama de la exitosa serie de anime de Netflix, Castlevania Nocturne. Esta figura de pl\u00e1stico de lujo pintada a mano presenta detalle y accesorio intercambiable inspirados en escenas ic\u00f3nicas del programa. En esta ocasi\u00f3n la figura de PVC de Richter Belmont de Castlevania: Nocturne &#8220;Soy Richter Belmont, \u00faltimo descendiente del Clan Belmont y mato vampiros!&#8221;<\/li>\n<li>Richter Belmont es el \u00faltimo descendiente del clan Belmont y un h\u00e1bil cazador de vampiros. De ni\u00f1o, Richter se vio obligado a huir y vivir con su t\u00eda Tera tras presenciar la muerte de su madre a manos del antiguo vampiro Olrox. Desde esa experiencia traum\u00e1tica, ha perfeccionado sus habilidades naturales y trabaja para detener el creciente n\u00famero de hordas de vampiros que causan estragos en Francia.<\/li>\n<li>Esta versi\u00f3n de la figura de Richter incluye brazos izquierdos intercambiables, ya sea blandiendo su espada o manipulando sus llamas azules caracter\u00edsticas, mientras sostiene su l\u00e1tigo caracter\u00edstico en su mano derecha. La figura tiene unos 23 cm de alto, \u00a1no querr\u00e1s perderte el adversario perfecto para nuestra figura de PVC de Olrox!<\/li>\n<li>Incluye brazos izquierdos alternativos (bola de fuego, espada) y vainas (con y sin empu\u00f1adura).<\/li>\n<li>Nota figura de Olrox mostrada en una foto se vende por separado<\/li>\n<\/ul>\n","protected":false},"excerpt":{"rendered":"<p><strong>Richter Belmont Castlevania Nocturne PVC Statue\u00a0<\/strong><\/p>\n<p>Dark Horse Comics se enorgullece en anunciar la figura de PVC de alta gama de la exitosa serie de anime de Netflix, Castlevania Nocturne. Esta figura de pl\u00e1stico de lujo pintada a mano presenta detalle y accesorio intercambiable inspirados en escenas ic\u00f3nicas del programa. En esta ocasi\u00f3n la figura de PVC de Richter Belmont de Castlevania: Nocturne &#8220;Soy Richter Belmont, \u00faltimo descendiente del Clan Belmont y mato vampiros!&#8221;<\/p>\n","protected":false},"featured_media":163221,"template":"","meta":{"_acf_changed":false,"_kad_blocks_custom_css":"","_kad_blocks_head_custom_js":"","_kad_blocks_body_custom_js":"","_kad_blocks_footer_custom_js":""},"product_cat":[1384],"product_tag":[],"class_list":{"0":"post-163250","1":"product","2":"type-product","3":"status-publish","4":"has-post-thumbnail","6":"product_cat-pre-orders","7":"pa_brand-dark-horse-en","8":"pa_character-richter-belmont-en","9":"pa_license-castlevania-nocturne-en","10":"pa_product-type-figure","11":"pa_theme-pvc-statue-en","13":"first","14":"instock","15":"taxable","16":"shipping-taxable","17":"purchasable","18":"product-type-simple"},"acf":[],"yoast_head":"<!-- This site is optimized with the Yoast SEO plugin v26.1.1 - https:\/\/yoast.com\/wordpress\/plugins\/seo\/ -->\n<title>Richter Belmont Castlevania Nocturne - EndormoonStore<\/title>\n<meta name=\"robots\" content=\"index, follow, max-snippet:-1, max-image-preview:large, max-video-preview:-1\" \/>\n<link rel=\"canonical\" href=\"https:\/\/endormoonstore.com\/richter-belmont-castlevania-nocturne\/\" \/>\n<meta property=\"og:locale\" content=\"en_US\" \/>\n<meta property=\"og:type\" content=\"article\" \/>\n<meta property=\"og:title\" content=\"Richter Belmont Castlevania Nocturne - EndormoonStore\" \/>\n<meta property=\"og:description\" content=\"Richter Belmont Castlevania Nocturne PVC Statue\u00a0  Dark Horse Comics se enorgullece en anunciar la figura de PVC de alta gama de la exitosa serie de anime de Netflix, Castlevania Nocturne. Esta figura de pl\u00e1stico de lujo pintada a mano presenta detalle y accesorio intercambiable inspirados en escenas ic\u00f3nicas del programa. En esta ocasi\u00f3n la figura de PVC de Richter Belmont de Castlevania: Nocturne &quot;Soy Richter Belmont, \u00faltimo descendiente del Clan Belmont y mato vampiros!&quot;\" \/>\n<meta property=\"og:url\" content=\"https:\/\/endormoonstore.com\/richter-belmont-castlevania-nocturne\/\" \/>\n<meta property=\"og:site_name\" content=\"EndormoonStore\" \/>\n<meta property=\"article:modified_time\" content=\"2024-10-01T14:20:36+00:00\" \/>\n<meta property=\"og:image\" content=\"https:\/\/endormoonstore.com\/wp-content\/uploads\/2024\/10\/Richter-Belmont-Castlevania-Nocturne-1.jpg\" \/>\n\t<meta property=\"og:image:width\" content=\"1000\" \/>\n\t<meta property=\"og:image:height\" content=\"1000\" \/>\n\t<meta property=\"og:image:type\" content=\"image\/jpeg\" \/>\n<meta name=\"twitter:card\" content=\"summary_large_image\" \/>\n<meta name=\"twitter:label1\" content=\"Est. reading time\" \/>\n\t<meta name=\"twitter:data1\" content=\"2 minutes\" \/>\n<script type=\"application\/ld+json\" class=\"yoast-schema-graph\">{\"@context\":\"https:\/\/schema.org\",\"@graph\":[{\"@type\":\"WebPage\",\"@id\":\"https:\/\/endormoonstore.com\/richter-belmont-castlevania-nocturne\/\",\"url\":\"https:\/\/endormoonstore.com\/richter-belmont-castlevania-nocturne\/\",\"name\":\"Richter Belmont Castlevania Nocturne - EndormoonStore\",\"isPartOf\":{\"@id\":\"https:\/\/endormoonstore.com\/#website\"},\"primaryImageOfPage\":{\"@id\":\"https:\/\/endormoonstore.com\/richter-belmont-castlevania-nocturne\/#primaryimage\"},\"image\":{\"@id\":\"https:\/\/endormoonstore.com\/richter-belmont-castlevania-nocturne\/#primaryimage\"},\"thumbnailUrl\":\"https:\/\/endormoonstore.com\/wp-content\/uploads\/2024\/10\/Richter-Belmont-Castlevania-Nocturne-1.jpg\",\"datePublished\":\"2024-09-19T23:15:54+00:00\",\"dateModified\":\"2024-10-01T14:20:36+00:00\",\"breadcrumb\":{\"@id\":\"https:\/\/endormoonstore.com\/richter-belmont-castlevania-nocturne\/#breadcrumb\"},\"inLanguage\":\"en-US\",\"potentialAction\":[{\"@type\":\"ReadAction\",\"target\":[\"https:\/\/endormoonstore.com\/richter-belmont-castlevania-nocturne\/\"]}]},{\"@type\":\"ImageObject\",\"inLanguage\":\"en-US\",\"@id\":\"https:\/\/endormoonstore.com\/richter-belmont-castlevania-nocturne\/#primaryimage\",\"url\":\"https:\/\/endormoonstore.com\/wp-content\/uploads\/2024\/10\/Richter-Belmont-Castlevania-Nocturne-1.jpg\",\"contentUrl\":\"https:\/\/endormoonstore.com\/wp-content\/uploads\/2024\/10\/Richter-Belmont-Castlevania-Nocturne-1.jpg\",\"width\":1000,\"height\":1000},{\"@type\":\"BreadcrumbList\",\"@id\":\"https:\/\/endormoonstore.com\/richter-belmont-castlevania-nocturne\/#breadcrumb\",\"itemListElement\":[{\"@type\":\"ListItem\",\"position\":1,\"name\":\"Shop\",\"item\":\"https:\/\/endormoonstore.com\/en\/shop\/\"},{\"@type\":\"ListItem\",\"position\":2,\"name\":\"Richter Belmont Castlevania Nocturne\"}]},{\"@type\":\"WebSite\",\"@id\":\"https:\/\/endormoonstore.com\/#website\",\"url\":\"https:\/\/endormoonstore.com\/\",\"name\":\"EndormoonStore\",\"description\":\"\",\"potentialAction\":[{\"@type\":\"SearchAction\",\"target\":{\"@type\":\"EntryPoint\",\"urlTemplate\":\"https:\/\/endormoonstore.com\/?s={search_term_string}\"},\"query-input\":{\"@type\":\"PropertyValueSpecification\",\"valueRequired\":true,\"valueName\":\"search_term_string\"}}],\"inLanguage\":\"en-US\"}]}<\/script>\n<!-- \/ Yoast SEO plugin. -->","yoast_head_json":{"title":"Richter Belmont Castlevania Nocturne - EndormoonStore","robots":{"index":"index","follow":"follow","max-snippet":"max-snippet:-1","max-image-preview":"max-image-preview:large","max-video-preview":"max-video-preview:-1"},"canonical":"https:\/\/endormoonstore.com\/richter-belmont-castlevania-nocturne\/","og_locale":"en_US","og_type":"article","og_title":"Richter Belmont Castlevania Nocturne - EndormoonStore","og_description":"Richter Belmont Castlevania Nocturne PVC Statue\u00a0  Dark Horse Comics se enorgullece en anunciar la figura de PVC de alta gama de la exitosa serie de anime de Netflix, Castlevania Nocturne. Esta figura de pl\u00e1stico de lujo pintada a mano presenta detalle y accesorio intercambiable inspirados en escenas ic\u00f3nicas del programa. En esta ocasi\u00f3n la figura de PVC de Richter Belmont de Castlevania: Nocturne \"Soy Richter Belmont, \u00faltimo descendiente del Clan Belmont y mato vampiros!\"","og_url":"https:\/\/endormoonstore.com\/richter-belmont-castlevania-nocturne\/","og_site_name":"EndormoonStore","article_modified_time":"2024-10-01T14:20:36+00:00","og_image":[{"width":1000,"height":1000,"url":"https:\/\/endormoonstore.com\/wp-content\/uploads\/2024\/10\/Richter-Belmont-Castlevania-Nocturne-1.jpg","type":"image\/jpeg"}],"twitter_card":"summary_large_image","twitter_misc":{"Est. reading time":"2 minutes"},"schema":{"@context":"https:\/\/schema.org","@graph":[{"@type":"WebPage","@id":"https:\/\/endormoonstore.com\/richter-belmont-castlevania-nocturne\/","url":"https:\/\/endormoonstore.com\/richter-belmont-castlevania-nocturne\/","name":"Richter Belmont Castlevania Nocturne - EndormoonStore","isPartOf":{"@id":"https:\/\/endormoonstore.com\/#website"},"primaryImageOfPage":{"@id":"https:\/\/endormoonstore.com\/richter-belmont-castlevania-nocturne\/#primaryimage"},"image":{"@id":"https:\/\/endormoonstore.com\/richter-belmont-castlevania-nocturne\/#primaryimage"},"thumbnailUrl":"https:\/\/endormoonstore.com\/wp-content\/uploads\/2024\/10\/Richter-Belmont-Castlevania-Nocturne-1.jpg","datePublished":"2024-09-19T23:15:54+00:00","dateModified":"2024-10-01T14:20:36+00:00","breadcrumb":{"@id":"https:\/\/endormoonstore.com\/richter-belmont-castlevania-nocturne\/#breadcrumb"},"inLanguage":"en-US","potentialAction":[{"@type":"ReadAction","target":["https:\/\/endormoonstore.com\/richter-belmont-castlevania-nocturne\/"]}]},{"@type":"ImageObject","inLanguage":"en-US","@id":"https:\/\/endormoonstore.com\/richter-belmont-castlevania-nocturne\/#primaryimage","url":"https:\/\/endormoonstore.com\/wp-content\/uploads\/2024\/10\/Richter-Belmont-Castlevania-Nocturne-1.jpg","contentUrl":"https:\/\/endormoonstore.com\/wp-content\/uploads\/2024\/10\/Richter-Belmont-Castlevania-Nocturne-1.jpg","width":1000,"height":1000},{"@type":"BreadcrumbList","@id":"https:\/\/endormoonstore.com\/richter-belmont-castlevania-nocturne\/#breadcrumb","itemListElement":[{"@type":"ListItem","position":1,"name":"Shop","item":"https:\/\/endormoonstore.com\/en\/shop\/"},{"@type":"ListItem","position":2,"name":"Richter Belmont Castlevania Nocturne"}]},{"@type":"WebSite","@id":"https:\/\/endormoonstore.com\/#website","url":"https:\/\/endormoonstore.com\/","name":"EndormoonStore","description":"","potentialAction":[{"@type":"SearchAction","target":{"@type":"EntryPoint","urlTemplate":"https:\/\/endormoonstore.com\/?s={search_term_string}"},"query-input":{"@type":"PropertyValueSpecification","valueRequired":true,"valueName":"search_term_string"}}],"inLanguage":"en-US"}]}},"taxonomy_info":{"product_cat":[{"value":1384,"label":"Pre-orders"}],"pa_brand":[{"value":5836,"label":"Dark Horse"}],"pa_character":[{"value":14730,"label":"Richter Belmont"}],"pa_license":[{"value":14734,"label":"Castlevania: Nocturne"}],"pa_product-type":[{"value":2387,"label":"Figure"}],"pa_theme":[{"value":14736,"label":"PVC Statue\u00a0"}]},"featured_image_src_large":["https:\/\/endormoonstore.com\/wp-content\/uploads\/2024\/10\/Richter-Belmont-Castlevania-Nocturne-1.jpg",1000,1000,false],"author_info":[],"comment_info":"","_links":{"self":[{"href":"https:\/\/endormoonstore.com\/en\/wp-json\/wp\/v2\/product\/163250","targetHints":{"allow":["GET"]}}],"collection":[{"href":"https:\/\/endormoonstore.com\/en\/wp-json\/wp\/v2\/product"}],"about":[{"href":"https:\/\/endormoonstore.com\/en\/wp-json\/wp\/v2\/types\/product"}],"wp:featuredmedia":[{"embeddable":true,"href":"https:\/\/endormoonstore.com\/en\/wp-json\/wp\/v2\/media\/163221"}],"wp:attachment":[{"href":"https:\/\/endormoonstore.com\/en\/wp-json\/wp\/v2\/media?parent=163250"}],"wp:term":[{"taxonomy":"product_cat","embeddable":true,"href":"https:\/\/endormoonstore.com\/en\/wp-json\/wp\/v2\/product_cat?post=163250"},{"taxonomy":"product_tag","embeddable":true,"href":"https:\/\/endormoonstore.com\/en\/wp-json\/wp\/v2\/product_tag?post=163250"}],"curies":[{"name":"wp","href":"https:\/\/api.w.org\/{rel}","templated":true}]}}