{"id":163216,"date":"2024-09-20T01:10:12","date_gmt":"2024-09-19T23:10:12","guid":{"rendered":"https:\/\/endormoonstore.com\/transformers-retro-g1-40th-anniversary-decepticon-communicator-soundwave-laserbeak-ravage\/"},"modified":"2024-09-30T22:17:13","modified_gmt":"2024-09-30T20:17:13","slug":"transformers-retro-g1-40th-anniversary-decepticon-communicator-soundwave-laserbeak-ravage","status":"publish","type":"product","link":"https:\/\/endormoonstore.com\/en\/transformers-retro-g1-40th-anniversary-decepticon-communicator-soundwave-laserbeak-ravage\/","title":{"rendered":"Transformers Retro G1 40th Anniversary Decepticon Communicator Soundwave, Laserbeak, &#038; Ravage"},"content":{"rendered":"<p><strong>Transformers Retro G1 40th Anniversary Decepticon Communicator Soundwave, Laserbeak, &amp; Ravage<\/strong><\/p>\n<ul>\n<li>Hasbro presenta, dentro de la colecci\u00f3n Transformers Retro, las figuras de Soundwave, Laserbeak y Ravage. Soundwave mide 17,5 cm. mientras que Laserbeak y Ravage miden 3,5 cm. cada una. Est\u00e1n inspiradas en su apariencia en la serie de animaci\u00f3n original &#8220;Transformers G1&#8221;.<\/li>\n<li>Soudwave necesita 6 pasos para convertirse en radiocasete, Ravage necesita 2 pasos para pasar de casete a jaguar, y Laserbeak 3 pasos para convertirse en C\u00f3ndor.<\/li>\n<li>Cuenta con una puerta de casete en el cofre que se abre al presionar un bot\u00f3n. En el modo casete, las figuras de Laserbeak y Ravage pueden caber dentro del cofre de la figura de Soundwave.<\/li>\n<li>Inspirado en el empaque original de la figura de acci\u00f3n coleccionable G1, el logotipo original de Transformers, el arte del personaje y la ilustraci\u00f3n cl\u00e1sica de la escena de batalla Autobot vs. Decepticon.<\/li>\n<li>Se incluyen siete rifles l\u00e1sers.<\/li>\n<\/ul>\n<p class=\"p1\">\n","protected":false},"excerpt":{"rendered":"<p><strong>Transformers Retro G1 40th Anniversary Decepticon Communicator Soundwave, Laserbeak, &amp; Ravage<\/strong><\/p>\n<p>Hasbro presenta, dentro de la colecci\u00f3n Transformers Retro, las figuras de Soundwave, Laserbeak y Ravage. Soundwave mide 17,5 cm. mientras que Laserbeak y Ravage miden 3,5 cm. cada una. Est\u00e1n inspiradas en su apariencia en la serie de animaci\u00f3n original &#8220;Transformers G1&#8221;.<\/p>\n","protected":false},"featured_media":163206,"template":"","meta":{"_acf_changed":false,"_kad_blocks_custom_css":"","_kad_blocks_head_custom_js":"","_kad_blocks_body_custom_js":"","_kad_blocks_footer_custom_js":""},"product_cat":[1390,13511],"product_tag":[],"class_list":{"0":"post-163216","1":"product","2":"type-product","3":"status-publish","4":"has-post-thumbnail","6":"product_cat-figures","7":"product_cat-new-arrivals","8":"pa_brand-hasbro-en","9":"pa_character-soundwave-laserbeak-ravage-en","10":"pa_license-transformers-en","11":"pa_product-type-figure","12":"pa_theme-transformers-retro-g1-en","14":"first","15":"outofstock","16":"taxable","17":"shipping-taxable","18":"purchasable","19":"product-type-simple"},"acf":[],"yoast_head":"<!-- This site is optimized with the Yoast SEO plugin v26.1.1 - https:\/\/yoast.com\/wordpress\/plugins\/seo\/ -->\n<title>Transformers Retro G1 40th Anniversary Decepticon Communicator Soundwave, Laserbeak, &amp; Ravage - EndormoonStore<\/title>\n<meta name=\"robots\" content=\"index, follow, max-snippet:-1, max-image-preview:large, max-video-preview:-1\" \/>\n<link rel=\"canonical\" href=\"https:\/\/endormoonstore.com\/en\/transformers-retro-g1-40th-anniversary-decepticon-communicator-soundwave-laserbeak-ravage\/\" \/>\n<meta property=\"og:locale\" content=\"en_US\" \/>\n<meta property=\"og:type\" content=\"article\" \/>\n<meta property=\"og:title\" content=\"Transformers Retro G1 40th Anniversary Decepticon Communicator Soundwave, Laserbeak, &amp; Ravage - EndormoonStore\" \/>\n<meta property=\"og:description\" content=\"Transformers Retro G1 40th Anniversary Decepticon Communicator Soundwave, Laserbeak, &amp; Ravage  Hasbro presenta, dentro de la colecci\u00f3n Transformers Retro, las figuras de Soundwave, Laserbeak y Ravage. Soundwave mide 17,5 cm. mientras que Laserbeak y Ravage miden 3,5 cm. cada una. Est\u00e1n inspiradas en su apariencia en la serie de animaci\u00f3n original &quot;Transformers G1&quot;.\" \/>\n<meta property=\"og:url\" content=\"https:\/\/endormoonstore.com\/en\/transformers-retro-g1-40th-anniversary-decepticon-communicator-soundwave-laserbeak-ravage\/\" \/>\n<meta property=\"og:site_name\" content=\"EndormoonStore\" \/>\n<meta property=\"article:modified_time\" content=\"2024-09-30T20:17:13+00:00\" \/>\n<meta property=\"og:image\" content=\"https:\/\/endormoonstore.com\/wp-content\/uploads\/2024\/09\/Transformers-Retro-G1-40th-Anniversary-Decepticon-Communicator-Soundwave-Laserbeak-Ravage-1.jpg\" \/>\n\t<meta property=\"og:image:width\" content=\"1000\" \/>\n\t<meta property=\"og:image:height\" content=\"1000\" \/>\n\t<meta property=\"og:image:type\" content=\"image\/jpeg\" \/>\n<meta name=\"twitter:card\" content=\"summary_large_image\" \/>\n<meta name=\"twitter:label1\" content=\"Est. reading time\" \/>\n\t<meta name=\"twitter:data1\" content=\"1 minute\" \/>\n<script type=\"application\/ld+json\" class=\"yoast-schema-graph\">{\"@context\":\"https:\/\/schema.org\",\"@graph\":[{\"@type\":\"WebPage\",\"@id\":\"https:\/\/endormoonstore.com\/en\/transformers-retro-g1-40th-anniversary-decepticon-communicator-soundwave-laserbeak-ravage\/\",\"url\":\"https:\/\/endormoonstore.com\/en\/transformers-retro-g1-40th-anniversary-decepticon-communicator-soundwave-laserbeak-ravage\/\",\"name\":\"Transformers Retro G1 40th Anniversary Decepticon Communicator Soundwave, Laserbeak, & Ravage - EndormoonStore\",\"isPartOf\":{\"@id\":\"https:\/\/endormoonstore.com\/#website\"},\"primaryImageOfPage\":{\"@id\":\"https:\/\/endormoonstore.com\/en\/transformers-retro-g1-40th-anniversary-decepticon-communicator-soundwave-laserbeak-ravage\/#primaryimage\"},\"image\":{\"@id\":\"https:\/\/endormoonstore.com\/en\/transformers-retro-g1-40th-anniversary-decepticon-communicator-soundwave-laserbeak-ravage\/#primaryimage\"},\"thumbnailUrl\":\"https:\/\/endormoonstore.com\/wp-content\/uploads\/2024\/09\/Transformers-Retro-G1-40th-Anniversary-Decepticon-Communicator-Soundwave-Laserbeak-Ravage-1.jpg\",\"datePublished\":\"2024-09-19T23:10:12+00:00\",\"dateModified\":\"2024-09-30T20:17:13+00:00\",\"breadcrumb\":{\"@id\":\"https:\/\/endormoonstore.com\/en\/transformers-retro-g1-40th-anniversary-decepticon-communicator-soundwave-laserbeak-ravage\/#breadcrumb\"},\"inLanguage\":\"en-US\",\"potentialAction\":[{\"@type\":\"ReadAction\",\"target\":[\"https:\/\/endormoonstore.com\/en\/transformers-retro-g1-40th-anniversary-decepticon-communicator-soundwave-laserbeak-ravage\/\"]}]},{\"@type\":\"ImageObject\",\"inLanguage\":\"en-US\",\"@id\":\"https:\/\/endormoonstore.com\/en\/transformers-retro-g1-40th-anniversary-decepticon-communicator-soundwave-laserbeak-ravage\/#primaryimage\",\"url\":\"https:\/\/endormoonstore.com\/wp-content\/uploads\/2024\/09\/Transformers-Retro-G1-40th-Anniversary-Decepticon-Communicator-Soundwave-Laserbeak-Ravage-1.jpg\",\"contentUrl\":\"https:\/\/endormoonstore.com\/wp-content\/uploads\/2024\/09\/Transformers-Retro-G1-40th-Anniversary-Decepticon-Communicator-Soundwave-Laserbeak-Ravage-1.jpg\",\"width\":1000,\"height\":1000},{\"@type\":\"BreadcrumbList\",\"@id\":\"https:\/\/endormoonstore.com\/en\/transformers-retro-g1-40th-anniversary-decepticon-communicator-soundwave-laserbeak-ravage\/#breadcrumb\",\"itemListElement\":[{\"@type\":\"ListItem\",\"position\":1,\"name\":\"Shop\",\"item\":\"https:\/\/endormoonstore.com\/en\/shop\/\"},{\"@type\":\"ListItem\",\"position\":2,\"name\":\"Transformers Retro G1 40th Anniversary Decepticon Communicator Soundwave, Laserbeak, &#038; Ravage\"}]},{\"@type\":\"WebSite\",\"@id\":\"https:\/\/endormoonstore.com\/#website\",\"url\":\"https:\/\/endormoonstore.com\/\",\"name\":\"EndormoonStore\",\"description\":\"\",\"potentialAction\":[{\"@type\":\"SearchAction\",\"target\":{\"@type\":\"EntryPoint\",\"urlTemplate\":\"https:\/\/endormoonstore.com\/?s={search_term_string}\"},\"query-input\":{\"@type\":\"PropertyValueSpecification\",\"valueRequired\":true,\"valueName\":\"search_term_string\"}}],\"inLanguage\":\"en-US\"}]}<\/script>\n<!-- \/ Yoast SEO plugin. -->","yoast_head_json":{"title":"Transformers Retro G1 40th Anniversary Decepticon Communicator Soundwave, Laserbeak, & Ravage - EndormoonStore","robots":{"index":"index","follow":"follow","max-snippet":"max-snippet:-1","max-image-preview":"max-image-preview:large","max-video-preview":"max-video-preview:-1"},"canonical":"https:\/\/endormoonstore.com\/en\/transformers-retro-g1-40th-anniversary-decepticon-communicator-soundwave-laserbeak-ravage\/","og_locale":"en_US","og_type":"article","og_title":"Transformers Retro G1 40th Anniversary Decepticon Communicator Soundwave, Laserbeak, & Ravage - EndormoonStore","og_description":"Transformers Retro G1 40th Anniversary Decepticon Communicator Soundwave, Laserbeak, &amp; Ravage  Hasbro presenta, dentro de la colecci\u00f3n Transformers Retro, las figuras de Soundwave, Laserbeak y Ravage. Soundwave mide 17,5 cm. mientras que Laserbeak y Ravage miden 3,5 cm. cada una. Est\u00e1n inspiradas en su apariencia en la serie de animaci\u00f3n original \"Transformers G1\".","og_url":"https:\/\/endormoonstore.com\/en\/transformers-retro-g1-40th-anniversary-decepticon-communicator-soundwave-laserbeak-ravage\/","og_site_name":"EndormoonStore","article_modified_time":"2024-09-30T20:17:13+00:00","og_image":[{"width":1000,"height":1000,"url":"https:\/\/endormoonstore.com\/wp-content\/uploads\/2024\/09\/Transformers-Retro-G1-40th-Anniversary-Decepticon-Communicator-Soundwave-Laserbeak-Ravage-1.jpg","type":"image\/jpeg"}],"twitter_card":"summary_large_image","twitter_misc":{"Est. reading time":"1 minute"},"schema":{"@context":"https:\/\/schema.org","@graph":[{"@type":"WebPage","@id":"https:\/\/endormoonstore.com\/en\/transformers-retro-g1-40th-anniversary-decepticon-communicator-soundwave-laserbeak-ravage\/","url":"https:\/\/endormoonstore.com\/en\/transformers-retro-g1-40th-anniversary-decepticon-communicator-soundwave-laserbeak-ravage\/","name":"Transformers Retro G1 40th Anniversary Decepticon Communicator Soundwave, Laserbeak, & Ravage - EndormoonStore","isPartOf":{"@id":"https:\/\/endormoonstore.com\/#website"},"primaryImageOfPage":{"@id":"https:\/\/endormoonstore.com\/en\/transformers-retro-g1-40th-anniversary-decepticon-communicator-soundwave-laserbeak-ravage\/#primaryimage"},"image":{"@id":"https:\/\/endormoonstore.com\/en\/transformers-retro-g1-40th-anniversary-decepticon-communicator-soundwave-laserbeak-ravage\/#primaryimage"},"thumbnailUrl":"https:\/\/endormoonstore.com\/wp-content\/uploads\/2024\/09\/Transformers-Retro-G1-40th-Anniversary-Decepticon-Communicator-Soundwave-Laserbeak-Ravage-1.jpg","datePublished":"2024-09-19T23:10:12+00:00","dateModified":"2024-09-30T20:17:13+00:00","breadcrumb":{"@id":"https:\/\/endormoonstore.com\/en\/transformers-retro-g1-40th-anniversary-decepticon-communicator-soundwave-laserbeak-ravage\/#breadcrumb"},"inLanguage":"en-US","potentialAction":[{"@type":"ReadAction","target":["https:\/\/endormoonstore.com\/en\/transformers-retro-g1-40th-anniversary-decepticon-communicator-soundwave-laserbeak-ravage\/"]}]},{"@type":"ImageObject","inLanguage":"en-US","@id":"https:\/\/endormoonstore.com\/en\/transformers-retro-g1-40th-anniversary-decepticon-communicator-soundwave-laserbeak-ravage\/#primaryimage","url":"https:\/\/endormoonstore.com\/wp-content\/uploads\/2024\/09\/Transformers-Retro-G1-40th-Anniversary-Decepticon-Communicator-Soundwave-Laserbeak-Ravage-1.jpg","contentUrl":"https:\/\/endormoonstore.com\/wp-content\/uploads\/2024\/09\/Transformers-Retro-G1-40th-Anniversary-Decepticon-Communicator-Soundwave-Laserbeak-Ravage-1.jpg","width":1000,"height":1000},{"@type":"BreadcrumbList","@id":"https:\/\/endormoonstore.com\/en\/transformers-retro-g1-40th-anniversary-decepticon-communicator-soundwave-laserbeak-ravage\/#breadcrumb","itemListElement":[{"@type":"ListItem","position":1,"name":"Shop","item":"https:\/\/endormoonstore.com\/en\/shop\/"},{"@type":"ListItem","position":2,"name":"Transformers Retro G1 40th Anniversary Decepticon Communicator Soundwave, Laserbeak, &#038; Ravage"}]},{"@type":"WebSite","@id":"https:\/\/endormoonstore.com\/#website","url":"https:\/\/endormoonstore.com\/","name":"EndormoonStore","description":"","potentialAction":[{"@type":"SearchAction","target":{"@type":"EntryPoint","urlTemplate":"https:\/\/endormoonstore.com\/?s={search_term_string}"},"query-input":{"@type":"PropertyValueSpecification","valueRequired":true,"valueName":"search_term_string"}}],"inLanguage":"en-US"}]}},"taxonomy_info":{"product_cat":[{"value":1390,"label":"Figures"},{"value":13511,"label":"New Arrivals"}],"pa_brand":[{"value":2084,"label":"Hasbro"}],"pa_character":[{"value":14725,"label":"Soundwave, Laserbeak, &amp; Ravage"}],"pa_license":[{"value":1873,"label":"Transformers"}],"pa_product-type":[{"value":2387,"label":"Figure"}],"pa_theme":[{"value":14728,"label":"Transformers Retro G1"}]},"featured_image_src_large":["https:\/\/endormoonstore.com\/wp-content\/uploads\/2024\/09\/Transformers-Retro-G1-40th-Anniversary-Decepticon-Communicator-Soundwave-Laserbeak-Ravage-1.jpg",1000,1000,false],"author_info":[],"comment_info":"","_links":{"self":[{"href":"https:\/\/endormoonstore.com\/en\/wp-json\/wp\/v2\/product\/163216","targetHints":{"allow":["GET"]}}],"collection":[{"href":"https:\/\/endormoonstore.com\/en\/wp-json\/wp\/v2\/product"}],"about":[{"href":"https:\/\/endormoonstore.com\/en\/wp-json\/wp\/v2\/types\/product"}],"wp:featuredmedia":[{"embeddable":true,"href":"https:\/\/endormoonstore.com\/en\/wp-json\/wp\/v2\/media\/163206"}],"wp:attachment":[{"href":"https:\/\/endormoonstore.com\/en\/wp-json\/wp\/v2\/media?parent=163216"}],"wp:term":[{"taxonomy":"product_cat","embeddable":true,"href":"https:\/\/endormoonstore.com\/en\/wp-json\/wp\/v2\/product_cat?post=163216"},{"taxonomy":"product_tag","embeddable":true,"href":"https:\/\/endormoonstore.com\/en\/wp-json\/wp\/v2\/product_tag?post=163216"}],"curies":[{"name":"wp","href":"https:\/\/api.w.org\/{rel}","templated":true}]}}