{"id":163153,"date":"2024-09-20T00:50:29","date_gmt":"2024-09-19T22:50:29","guid":{"rendered":"https:\/\/endormoonstore.com\/count-orlok-silver-screen-edition-nosferatu-toony-terrors\/"},"modified":"2024-09-30T15:55:29","modified_gmt":"2024-09-30T13:55:29","slug":"count-orlok-silver-screen-edition-nosferatu-toony-terrors","status":"publish","type":"product","link":"https:\/\/endormoonstore.com\/en\/count-orlok-silver-screen-edition-nosferatu-toony-terrors\/","title":{"rendered":"Count Orlok Silver Screen Edition Nosferatu Toony Terrors"},"content":{"rendered":"<p><strong>Count Orlok Silver Screen Edition Nosferatu Toony Terrors<\/strong><\/p>\n<ul>\n<li>\u00a1Lleva la diversi\u00f3n de las Silver Age cartoons a tu colecci\u00f3n de terror con los adorables y espeluznantes personajes de Toony Terrors, la l\u00ednea de \u00edconos de terror estilizados de Neca! La serie Silver Screen Edition da vida a los personajes favoritos de los fan\u00e1ticos de los medios cl\u00e1sicos en blanco y negro.<\/li>\n<li>La figura es en blanco y negro, mide 15 cm y est\u00e1 basada en la apariencia de Nosferatu en la pel\u00edcula del mismo nombre &#8220;Nosferatu, eine Symphonie des Grauens&#8221; (&#8220;Nosferatu: Una sinfon\u00eda del horror&#8221; en Espa\u00f1a).<\/li>\n<li>La figura incluye una rata y viene en un bl\u00edster especial en blanco y negro.<\/li>\n<li>Viene en un empaque especial en blanco y negro con un fondo recortado y un logotipo plateado.<\/li>\n<\/ul>\n","protected":false},"excerpt":{"rendered":"<p><strong>Count Orlok Silver Screen Edition Nosferatu Toony Terrors<\/strong><\/p>\n<p>\u00a1Lleva la diversi\u00f3n de las Silver Age cartoons a tu colecci\u00f3n de terror con los adorables y espeluznantes personajes de Toony Terrors, la l\u00ednea de \u00edconos de terror estilizados de Neca! La serie Silver Screen Edition da vida a los personajes favoritos de los fan\u00e1ticos de los medios cl\u00e1sicos en blanco y negro.<\/p>\n","protected":false},"featured_media":163142,"template":"","meta":{"_acf_changed":false,"_kad_blocks_custom_css":"","_kad_blocks_head_custom_js":"","_kad_blocks_body_custom_js":"","_kad_blocks_footer_custom_js":""},"product_cat":[1390],"product_tag":[],"class_list":{"0":"post-163153","1":"product","2":"type-product","3":"status-publish","4":"has-post-thumbnail","6":"product_cat-figures","7":"pa_brand-neca-en","8":"pa_character-count-orlok-en","9":"pa_license-nosferatu-en","10":"pa_product-type-figure","11":"pa_theme-toony-terrors-en","13":"first","14":"outofstock","15":"taxable","16":"shipping-taxable","17":"purchasable","18":"product-type-simple"},"acf":[],"yoast_head":"<!-- This site is optimized with the Yoast SEO plugin v26.1.1 - https:\/\/yoast.com\/wordpress\/plugins\/seo\/ -->\n<title>Count Orlok Silver Screen Edition Nosferatu Toony Terrors - EndormoonStore<\/title>\n<meta name=\"robots\" content=\"index, follow, max-snippet:-1, max-image-preview:large, max-video-preview:-1\" \/>\n<link rel=\"canonical\" href=\"https:\/\/endormoonstore.com\/en\/count-orlok-silver-screen-edition-nosferatu-toony-terrors\/\" \/>\n<meta property=\"og:locale\" content=\"en_US\" \/>\n<meta property=\"og:type\" content=\"article\" \/>\n<meta property=\"og:title\" content=\"Count Orlok Silver Screen Edition Nosferatu Toony Terrors - EndormoonStore\" \/>\n<meta property=\"og:description\" content=\"Count Orlok Silver Screen Edition Nosferatu Toony Terrors  \u00a1Lleva la diversi\u00f3n de las Silver Age cartoons a tu colecci\u00f3n de terror con los adorables y espeluznantes personajes de Toony Terrors, la l\u00ednea de \u00edconos de terror estilizados de Neca! La serie Silver Screen Edition da vida a los personajes favoritos de los fan\u00e1ticos de los medios cl\u00e1sicos en blanco y negro.\" \/>\n<meta property=\"og:url\" content=\"https:\/\/endormoonstore.com\/en\/count-orlok-silver-screen-edition-nosferatu-toony-terrors\/\" \/>\n<meta property=\"og:site_name\" content=\"EndormoonStore\" \/>\n<meta property=\"article:modified_time\" content=\"2024-09-30T13:55:29+00:00\" \/>\n<meta property=\"og:image\" content=\"https:\/\/endormoonstore.com\/wp-content\/uploads\/2024\/09\/Count-Orlok-Silver-Screen-Edition-Nosferatu-Toony-Terrors-1.jpg\" \/>\n\t<meta property=\"og:image:width\" content=\"800\" \/>\n\t<meta property=\"og:image:height\" content=\"1000\" \/>\n\t<meta property=\"og:image:type\" content=\"image\/jpeg\" \/>\n<meta name=\"twitter:card\" content=\"summary_large_image\" \/>\n<meta name=\"twitter:label1\" content=\"Est. reading time\" \/>\n\t<meta name=\"twitter:data1\" content=\"1 minute\" \/>\n<script type=\"application\/ld+json\" class=\"yoast-schema-graph\">{\"@context\":\"https:\/\/schema.org\",\"@graph\":[{\"@type\":\"WebPage\",\"@id\":\"https:\/\/endormoonstore.com\/en\/count-orlok-silver-screen-edition-nosferatu-toony-terrors\/\",\"url\":\"https:\/\/endormoonstore.com\/en\/count-orlok-silver-screen-edition-nosferatu-toony-terrors\/\",\"name\":\"Count Orlok Silver Screen Edition Nosferatu Toony Terrors - EndormoonStore\",\"isPartOf\":{\"@id\":\"https:\/\/endormoonstore.com\/#website\"},\"primaryImageOfPage\":{\"@id\":\"https:\/\/endormoonstore.com\/en\/count-orlok-silver-screen-edition-nosferatu-toony-terrors\/#primaryimage\"},\"image\":{\"@id\":\"https:\/\/endormoonstore.com\/en\/count-orlok-silver-screen-edition-nosferatu-toony-terrors\/#primaryimage\"},\"thumbnailUrl\":\"https:\/\/endormoonstore.com\/wp-content\/uploads\/2024\/09\/Count-Orlok-Silver-Screen-Edition-Nosferatu-Toony-Terrors-1.jpg\",\"datePublished\":\"2024-09-19T22:50:29+00:00\",\"dateModified\":\"2024-09-30T13:55:29+00:00\",\"breadcrumb\":{\"@id\":\"https:\/\/endormoonstore.com\/en\/count-orlok-silver-screen-edition-nosferatu-toony-terrors\/#breadcrumb\"},\"inLanguage\":\"en-US\",\"potentialAction\":[{\"@type\":\"ReadAction\",\"target\":[\"https:\/\/endormoonstore.com\/en\/count-orlok-silver-screen-edition-nosferatu-toony-terrors\/\"]}]},{\"@type\":\"ImageObject\",\"inLanguage\":\"en-US\",\"@id\":\"https:\/\/endormoonstore.com\/en\/count-orlok-silver-screen-edition-nosferatu-toony-terrors\/#primaryimage\",\"url\":\"https:\/\/endormoonstore.com\/wp-content\/uploads\/2024\/09\/Count-Orlok-Silver-Screen-Edition-Nosferatu-Toony-Terrors-1.jpg\",\"contentUrl\":\"https:\/\/endormoonstore.com\/wp-content\/uploads\/2024\/09\/Count-Orlok-Silver-Screen-Edition-Nosferatu-Toony-Terrors-1.jpg\",\"width\":800,\"height\":1000},{\"@type\":\"BreadcrumbList\",\"@id\":\"https:\/\/endormoonstore.com\/en\/count-orlok-silver-screen-edition-nosferatu-toony-terrors\/#breadcrumb\",\"itemListElement\":[{\"@type\":\"ListItem\",\"position\":1,\"name\":\"Shop\",\"item\":\"https:\/\/endormoonstore.com\/en\/shop\/\"},{\"@type\":\"ListItem\",\"position\":2,\"name\":\"Count Orlok Silver Screen Edition Nosferatu Toony Terrors\"}]},{\"@type\":\"WebSite\",\"@id\":\"https:\/\/endormoonstore.com\/#website\",\"url\":\"https:\/\/endormoonstore.com\/\",\"name\":\"EndormoonStore\",\"description\":\"\",\"potentialAction\":[{\"@type\":\"SearchAction\",\"target\":{\"@type\":\"EntryPoint\",\"urlTemplate\":\"https:\/\/endormoonstore.com\/?s={search_term_string}\"},\"query-input\":{\"@type\":\"PropertyValueSpecification\",\"valueRequired\":true,\"valueName\":\"search_term_string\"}}],\"inLanguage\":\"en-US\"}]}<\/script>\n<!-- \/ Yoast SEO plugin. -->","yoast_head_json":{"title":"Count Orlok Silver Screen Edition Nosferatu Toony Terrors - EndormoonStore","robots":{"index":"index","follow":"follow","max-snippet":"max-snippet:-1","max-image-preview":"max-image-preview:large","max-video-preview":"max-video-preview:-1"},"canonical":"https:\/\/endormoonstore.com\/en\/count-orlok-silver-screen-edition-nosferatu-toony-terrors\/","og_locale":"en_US","og_type":"article","og_title":"Count Orlok Silver Screen Edition Nosferatu Toony Terrors - EndormoonStore","og_description":"Count Orlok Silver Screen Edition Nosferatu Toony Terrors  \u00a1Lleva la diversi\u00f3n de las Silver Age cartoons a tu colecci\u00f3n de terror con los adorables y espeluznantes personajes de Toony Terrors, la l\u00ednea de \u00edconos de terror estilizados de Neca! La serie Silver Screen Edition da vida a los personajes favoritos de los fan\u00e1ticos de los medios cl\u00e1sicos en blanco y negro.","og_url":"https:\/\/endormoonstore.com\/en\/count-orlok-silver-screen-edition-nosferatu-toony-terrors\/","og_site_name":"EndormoonStore","article_modified_time":"2024-09-30T13:55:29+00:00","og_image":[{"width":800,"height":1000,"url":"https:\/\/endormoonstore.com\/wp-content\/uploads\/2024\/09\/Count-Orlok-Silver-Screen-Edition-Nosferatu-Toony-Terrors-1.jpg","type":"image\/jpeg"}],"twitter_card":"summary_large_image","twitter_misc":{"Est. reading time":"1 minute"},"schema":{"@context":"https:\/\/schema.org","@graph":[{"@type":"WebPage","@id":"https:\/\/endormoonstore.com\/en\/count-orlok-silver-screen-edition-nosferatu-toony-terrors\/","url":"https:\/\/endormoonstore.com\/en\/count-orlok-silver-screen-edition-nosferatu-toony-terrors\/","name":"Count Orlok Silver Screen Edition Nosferatu Toony Terrors - EndormoonStore","isPartOf":{"@id":"https:\/\/endormoonstore.com\/#website"},"primaryImageOfPage":{"@id":"https:\/\/endormoonstore.com\/en\/count-orlok-silver-screen-edition-nosferatu-toony-terrors\/#primaryimage"},"image":{"@id":"https:\/\/endormoonstore.com\/en\/count-orlok-silver-screen-edition-nosferatu-toony-terrors\/#primaryimage"},"thumbnailUrl":"https:\/\/endormoonstore.com\/wp-content\/uploads\/2024\/09\/Count-Orlok-Silver-Screen-Edition-Nosferatu-Toony-Terrors-1.jpg","datePublished":"2024-09-19T22:50:29+00:00","dateModified":"2024-09-30T13:55:29+00:00","breadcrumb":{"@id":"https:\/\/endormoonstore.com\/en\/count-orlok-silver-screen-edition-nosferatu-toony-terrors\/#breadcrumb"},"inLanguage":"en-US","potentialAction":[{"@type":"ReadAction","target":["https:\/\/endormoonstore.com\/en\/count-orlok-silver-screen-edition-nosferatu-toony-terrors\/"]}]},{"@type":"ImageObject","inLanguage":"en-US","@id":"https:\/\/endormoonstore.com\/en\/count-orlok-silver-screen-edition-nosferatu-toony-terrors\/#primaryimage","url":"https:\/\/endormoonstore.com\/wp-content\/uploads\/2024\/09\/Count-Orlok-Silver-Screen-Edition-Nosferatu-Toony-Terrors-1.jpg","contentUrl":"https:\/\/endormoonstore.com\/wp-content\/uploads\/2024\/09\/Count-Orlok-Silver-Screen-Edition-Nosferatu-Toony-Terrors-1.jpg","width":800,"height":1000},{"@type":"BreadcrumbList","@id":"https:\/\/endormoonstore.com\/en\/count-orlok-silver-screen-edition-nosferatu-toony-terrors\/#breadcrumb","itemListElement":[{"@type":"ListItem","position":1,"name":"Shop","item":"https:\/\/endormoonstore.com\/en\/shop\/"},{"@type":"ListItem","position":2,"name":"Count Orlok Silver Screen Edition Nosferatu Toony Terrors"}]},{"@type":"WebSite","@id":"https:\/\/endormoonstore.com\/#website","url":"https:\/\/endormoonstore.com\/","name":"EndormoonStore","description":"","potentialAction":[{"@type":"SearchAction","target":{"@type":"EntryPoint","urlTemplate":"https:\/\/endormoonstore.com\/?s={search_term_string}"},"query-input":{"@type":"PropertyValueSpecification","valueRequired":true,"valueName":"search_term_string"}}],"inLanguage":"en-US"}]}},"taxonomy_info":{"product_cat":[{"value":1390,"label":"Figures"}],"pa_brand":[{"value":2090,"label":"Neca"}],"pa_character":[{"value":13768,"label":"Count Orlok"}],"pa_license":[{"value":13765,"label":"Nosferatu"}],"pa_product-type":[{"value":2387,"label":"Figure"}],"pa_theme":[{"value":7008,"label":"Toony Terrors"}]},"featured_image_src_large":["https:\/\/endormoonstore.com\/wp-content\/uploads\/2024\/09\/Count-Orlok-Silver-Screen-Edition-Nosferatu-Toony-Terrors-1.jpg",800,1000,false],"author_info":[],"comment_info":"","_links":{"self":[{"href":"https:\/\/endormoonstore.com\/en\/wp-json\/wp\/v2\/product\/163153","targetHints":{"allow":["GET"]}}],"collection":[{"href":"https:\/\/endormoonstore.com\/en\/wp-json\/wp\/v2\/product"}],"about":[{"href":"https:\/\/endormoonstore.com\/en\/wp-json\/wp\/v2\/types\/product"}],"wp:featuredmedia":[{"embeddable":true,"href":"https:\/\/endormoonstore.com\/en\/wp-json\/wp\/v2\/media\/163142"}],"wp:attachment":[{"href":"https:\/\/endormoonstore.com\/en\/wp-json\/wp\/v2\/media?parent=163153"}],"wp:term":[{"taxonomy":"product_cat","embeddable":true,"href":"https:\/\/endormoonstore.com\/en\/wp-json\/wp\/v2\/product_cat?post=163153"},{"taxonomy":"product_tag","embeddable":true,"href":"https:\/\/endormoonstore.com\/en\/wp-json\/wp\/v2\/product_tag?post=163153"}],"curies":[{"name":"wp","href":"https:\/\/api.w.org\/{rel}","templated":true}]}}