{"id":163138,"date":"2024-09-20T00:45:21","date_gmt":"2024-09-19T22:45:21","guid":{"rendered":"https:\/\/endormoonstore.com\/leatherface-deluxe-edition-50th-anniversary-the-texas-chainsaw-massacre-1974-living-dead-dolls\/"},"modified":"2025-08-25T23:43:35","modified_gmt":"2025-08-25T21:43:35","slug":"leatherface-deluxe-edition-50th-anniversary-the-texas-chainsaw-massacre-1974-living-dead-dolls","status":"publish","type":"product","link":"https:\/\/endormoonstore.com\/en\/leatherface-deluxe-edition-50th-anniversary-the-texas-chainsaw-massacre-1974-living-dead-dolls\/","title":{"rendered":"Leatherface Deluxe Edition 50Th Anniversary The Texas Chainsaw Massacre 1974 Living Dead Dolls"},"content":{"rendered":"<p class=\"p1\"><b>Leatherface Deluxe Edition 50Th Anniversary The Texas Chainsaw Massacre 1974 Living Dead Dolls Presents<\/b><\/p>\n<ul class=\"ul1\">\n<li class=\"li1\">El id\u00edlico d\u00eda de verano que se convirti\u00f3 en una pesadilla de miedo y sangre\u2026\u00a1El carnicero de pesadillas regresa, m\u00e1s sediento de sangre que nunca! \u00a1Leatherface se abre paso a machetazos en la programaci\u00f3n de LDD Presents!<\/li>\n<li class=\"li1\">Directamente sacado del cl\u00e1sico de terror de 1974 La matanza de Texas, Leatherface est\u00e1 listo para destrozar todo lo que se interponga en su camino blandiendo su infame motosierra. Con dos juegos de retratos de cabeza y m\u00e1scaras intercambiables, este asesino despiadado puede cambiar entre sus dos looks ic\u00f3nicos de la pel\u00edcula: un delantal de carnicero manchado de sangre combinado con su caracter\u00edstica m\u00e1scara asesina, y su atuendo de cena con un traje azul oscuro y la inquietante m\u00e1scara de Mujer Bonita.<\/li>\n<li class=\"li1\">The LDD presenta La matanza de Texas (1974): Leatherface &#8211; Edici\u00f3n Deluxe mide unoo 26,5 cm de alto y cuenta con 5 puntos de articulaci\u00f3n.<\/li>\n<li class=\"li1\">Viene empaquetado en una caja troquelada con ventana, perfecta para exhibir.<\/li>\n<\/ul>\n","protected":false},"excerpt":{"rendered":"<p class=\"p1\"><b>Leatherface Deluxe Edition 50Th Anniversary The Texas Chainsaw Massacre 1974 Living Dead Dolls Presents<\/b><\/p>\n<p class=\"p1\">El id\u00edlico d\u00eda de verano que se convirti\u00f3 en una pesadilla de miedo y sangre\u2026\u00a1El carnicero de pesadillas regresa, m\u00e1s sediento de sangre que nunca! \u00a1Leatherface se abre paso a machetazos en la programaci\u00f3n de LDD Presents!<\/p>\n","protected":false},"featured_media":163125,"template":"","meta":{"_acf_changed":false,"_kad_blocks_custom_css":"","_kad_blocks_head_custom_js":"","_kad_blocks_body_custom_js":"","_kad_blocks_footer_custom_js":""},"product_cat":[1384],"product_tag":[],"class_list":{"0":"post-163138","1":"product","2":"type-product","3":"status-publish","4":"has-post-thumbnail","6":"product_cat-pre-orders","7":"pa_brand-mezco-toyz-en","8":"pa_character-leatherface-en","9":"pa_license-the-texas-chainsaw-massacre-en","10":"pa_product-type-figure","11":"pa_theme-living-dead-dolls-en","13":"first","14":"outofstock","15":"taxable","16":"shipping-taxable","17":"purchasable","18":"product-type-simple"},"acf":[],"yoast_head":"<!-- This site is optimized with the Yoast SEO plugin v26.1.1 - https:\/\/yoast.com\/wordpress\/plugins\/seo\/ -->\n<title>Leatherface Deluxe Edition 50Th Anniversary The Texas Chainsaw Massacre 1974 Living Dead Dolls - EndormoonStore<\/title>\n<meta name=\"robots\" content=\"index, follow, max-snippet:-1, max-image-preview:large, max-video-preview:-1\" \/>\n<link rel=\"canonical\" href=\"https:\/\/endormoonstore.com\/en\/leatherface-deluxe-edition-50th-anniversary-the-texas-chainsaw-massacre-1974-living-dead-dolls\/\" \/>\n<meta property=\"og:locale\" content=\"en_US\" \/>\n<meta property=\"og:type\" content=\"article\" \/>\n<meta property=\"og:title\" content=\"Leatherface Deluxe Edition 50Th Anniversary The Texas Chainsaw Massacre 1974 Living Dead Dolls - EndormoonStore\" \/>\n<meta property=\"og:description\" content=\"Leatherface Deluxe Edition 50Th Anniversary The Texas Chainsaw Massacre 1974 Living Dead Dolls Presents El id\u00edlico d\u00eda de verano que se convirti\u00f3 en una pesadilla de miedo y sangre\u2026\u00a1El carnicero de pesadillas regresa, m\u00e1s sediento de sangre que nunca! \u00a1Leatherface se abre paso a machetazos en la programaci\u00f3n de LDD Presents!\" \/>\n<meta property=\"og:url\" content=\"https:\/\/endormoonstore.com\/en\/leatherface-deluxe-edition-50th-anniversary-the-texas-chainsaw-massacre-1974-living-dead-dolls\/\" \/>\n<meta property=\"og:site_name\" content=\"EndormoonStore\" \/>\n<meta property=\"article:modified_time\" content=\"2025-08-25T21:43:35+00:00\" \/>\n<meta property=\"og:image\" content=\"https:\/\/endormoonstore.com\/wp-content\/uploads\/2024\/09\/Leatherface-Deluxe-Edition-50Th-Anniversary-The-Texas-Chainsaw-Massacre-1974-Living-Dead-Dolls-Presents-1.jpg\" \/>\n\t<meta property=\"og:image:width\" content=\"1000\" \/>\n\t<meta property=\"og:image:height\" content=\"1000\" \/>\n\t<meta property=\"og:image:type\" content=\"image\/jpeg\" \/>\n<meta name=\"twitter:card\" content=\"summary_large_image\" \/>\n<meta name=\"twitter:label1\" content=\"Est. reading time\" \/>\n\t<meta name=\"twitter:data1\" content=\"1 minute\" \/>\n<script type=\"application\/ld+json\" class=\"yoast-schema-graph\">{\"@context\":\"https:\/\/schema.org\",\"@graph\":[{\"@type\":\"WebPage\",\"@id\":\"https:\/\/endormoonstore.com\/en\/leatherface-deluxe-edition-50th-anniversary-the-texas-chainsaw-massacre-1974-living-dead-dolls\/\",\"url\":\"https:\/\/endormoonstore.com\/en\/leatherface-deluxe-edition-50th-anniversary-the-texas-chainsaw-massacre-1974-living-dead-dolls\/\",\"name\":\"Leatherface Deluxe Edition 50Th Anniversary The Texas Chainsaw Massacre 1974 Living Dead Dolls - EndormoonStore\",\"isPartOf\":{\"@id\":\"https:\/\/endormoonstore.com\/#website\"},\"primaryImageOfPage\":{\"@id\":\"https:\/\/endormoonstore.com\/en\/leatherface-deluxe-edition-50th-anniversary-the-texas-chainsaw-massacre-1974-living-dead-dolls\/#primaryimage\"},\"image\":{\"@id\":\"https:\/\/endormoonstore.com\/en\/leatherface-deluxe-edition-50th-anniversary-the-texas-chainsaw-massacre-1974-living-dead-dolls\/#primaryimage\"},\"thumbnailUrl\":\"https:\/\/endormoonstore.com\/wp-content\/uploads\/2024\/09\/Leatherface-Deluxe-Edition-50Th-Anniversary-The-Texas-Chainsaw-Massacre-1974-Living-Dead-Dolls-Presents-1.jpg\",\"datePublished\":\"2024-09-19T22:45:21+00:00\",\"dateModified\":\"2025-08-25T21:43:35+00:00\",\"breadcrumb\":{\"@id\":\"https:\/\/endormoonstore.com\/en\/leatherface-deluxe-edition-50th-anniversary-the-texas-chainsaw-massacre-1974-living-dead-dolls\/#breadcrumb\"},\"inLanguage\":\"en-US\",\"potentialAction\":[{\"@type\":\"ReadAction\",\"target\":[\"https:\/\/endormoonstore.com\/en\/leatherface-deluxe-edition-50th-anniversary-the-texas-chainsaw-massacre-1974-living-dead-dolls\/\"]}]},{\"@type\":\"ImageObject\",\"inLanguage\":\"en-US\",\"@id\":\"https:\/\/endormoonstore.com\/en\/leatherface-deluxe-edition-50th-anniversary-the-texas-chainsaw-massacre-1974-living-dead-dolls\/#primaryimage\",\"url\":\"https:\/\/endormoonstore.com\/wp-content\/uploads\/2024\/09\/Leatherface-Deluxe-Edition-50Th-Anniversary-The-Texas-Chainsaw-Massacre-1974-Living-Dead-Dolls-Presents-1.jpg\",\"contentUrl\":\"https:\/\/endormoonstore.com\/wp-content\/uploads\/2024\/09\/Leatherface-Deluxe-Edition-50Th-Anniversary-The-Texas-Chainsaw-Massacre-1974-Living-Dead-Dolls-Presents-1.jpg\",\"width\":1000,\"height\":1000},{\"@type\":\"BreadcrumbList\",\"@id\":\"https:\/\/endormoonstore.com\/en\/leatherface-deluxe-edition-50th-anniversary-the-texas-chainsaw-massacre-1974-living-dead-dolls\/#breadcrumb\",\"itemListElement\":[{\"@type\":\"ListItem\",\"position\":1,\"name\":\"Shop\",\"item\":\"https:\/\/endormoonstore.com\/en\/shop\/\"},{\"@type\":\"ListItem\",\"position\":2,\"name\":\"Leatherface Deluxe Edition 50Th Anniversary The Texas Chainsaw Massacre 1974 Living Dead Dolls\"}]},{\"@type\":\"WebSite\",\"@id\":\"https:\/\/endormoonstore.com\/#website\",\"url\":\"https:\/\/endormoonstore.com\/\",\"name\":\"EndormoonStore\",\"description\":\"\",\"potentialAction\":[{\"@type\":\"SearchAction\",\"target\":{\"@type\":\"EntryPoint\",\"urlTemplate\":\"https:\/\/endormoonstore.com\/?s={search_term_string}\"},\"query-input\":{\"@type\":\"PropertyValueSpecification\",\"valueRequired\":true,\"valueName\":\"search_term_string\"}}],\"inLanguage\":\"en-US\"}]}<\/script>\n<!-- \/ Yoast SEO plugin. -->","yoast_head_json":{"title":"Leatherface Deluxe Edition 50Th Anniversary The Texas Chainsaw Massacre 1974 Living Dead Dolls - EndormoonStore","robots":{"index":"index","follow":"follow","max-snippet":"max-snippet:-1","max-image-preview":"max-image-preview:large","max-video-preview":"max-video-preview:-1"},"canonical":"https:\/\/endormoonstore.com\/en\/leatherface-deluxe-edition-50th-anniversary-the-texas-chainsaw-massacre-1974-living-dead-dolls\/","og_locale":"en_US","og_type":"article","og_title":"Leatherface Deluxe Edition 50Th Anniversary The Texas Chainsaw Massacre 1974 Living Dead Dolls - EndormoonStore","og_description":"Leatherface Deluxe Edition 50Th Anniversary The Texas Chainsaw Massacre 1974 Living Dead Dolls Presents El id\u00edlico d\u00eda de verano que se convirti\u00f3 en una pesadilla de miedo y sangre\u2026\u00a1El carnicero de pesadillas regresa, m\u00e1s sediento de sangre que nunca! \u00a1Leatherface se abre paso a machetazos en la programaci\u00f3n de LDD Presents!","og_url":"https:\/\/endormoonstore.com\/en\/leatherface-deluxe-edition-50th-anniversary-the-texas-chainsaw-massacre-1974-living-dead-dolls\/","og_site_name":"EndormoonStore","article_modified_time":"2025-08-25T21:43:35+00:00","og_image":[{"width":1000,"height":1000,"url":"https:\/\/endormoonstore.com\/wp-content\/uploads\/2024\/09\/Leatherface-Deluxe-Edition-50Th-Anniversary-The-Texas-Chainsaw-Massacre-1974-Living-Dead-Dolls-Presents-1.jpg","type":"image\/jpeg"}],"twitter_card":"summary_large_image","twitter_misc":{"Est. reading time":"1 minute"},"schema":{"@context":"https:\/\/schema.org","@graph":[{"@type":"WebPage","@id":"https:\/\/endormoonstore.com\/en\/leatherface-deluxe-edition-50th-anniversary-the-texas-chainsaw-massacre-1974-living-dead-dolls\/","url":"https:\/\/endormoonstore.com\/en\/leatherface-deluxe-edition-50th-anniversary-the-texas-chainsaw-massacre-1974-living-dead-dolls\/","name":"Leatherface Deluxe Edition 50Th Anniversary The Texas Chainsaw Massacre 1974 Living Dead Dolls - EndormoonStore","isPartOf":{"@id":"https:\/\/endormoonstore.com\/#website"},"primaryImageOfPage":{"@id":"https:\/\/endormoonstore.com\/en\/leatherface-deluxe-edition-50th-anniversary-the-texas-chainsaw-massacre-1974-living-dead-dolls\/#primaryimage"},"image":{"@id":"https:\/\/endormoonstore.com\/en\/leatherface-deluxe-edition-50th-anniversary-the-texas-chainsaw-massacre-1974-living-dead-dolls\/#primaryimage"},"thumbnailUrl":"https:\/\/endormoonstore.com\/wp-content\/uploads\/2024\/09\/Leatherface-Deluxe-Edition-50Th-Anniversary-The-Texas-Chainsaw-Massacre-1974-Living-Dead-Dolls-Presents-1.jpg","datePublished":"2024-09-19T22:45:21+00:00","dateModified":"2025-08-25T21:43:35+00:00","breadcrumb":{"@id":"https:\/\/endormoonstore.com\/en\/leatherface-deluxe-edition-50th-anniversary-the-texas-chainsaw-massacre-1974-living-dead-dolls\/#breadcrumb"},"inLanguage":"en-US","potentialAction":[{"@type":"ReadAction","target":["https:\/\/endormoonstore.com\/en\/leatherface-deluxe-edition-50th-anniversary-the-texas-chainsaw-massacre-1974-living-dead-dolls\/"]}]},{"@type":"ImageObject","inLanguage":"en-US","@id":"https:\/\/endormoonstore.com\/en\/leatherface-deluxe-edition-50th-anniversary-the-texas-chainsaw-massacre-1974-living-dead-dolls\/#primaryimage","url":"https:\/\/endormoonstore.com\/wp-content\/uploads\/2024\/09\/Leatherface-Deluxe-Edition-50Th-Anniversary-The-Texas-Chainsaw-Massacre-1974-Living-Dead-Dolls-Presents-1.jpg","contentUrl":"https:\/\/endormoonstore.com\/wp-content\/uploads\/2024\/09\/Leatherface-Deluxe-Edition-50Th-Anniversary-The-Texas-Chainsaw-Massacre-1974-Living-Dead-Dolls-Presents-1.jpg","width":1000,"height":1000},{"@type":"BreadcrumbList","@id":"https:\/\/endormoonstore.com\/en\/leatherface-deluxe-edition-50th-anniversary-the-texas-chainsaw-massacre-1974-living-dead-dolls\/#breadcrumb","itemListElement":[{"@type":"ListItem","position":1,"name":"Shop","item":"https:\/\/endormoonstore.com\/en\/shop\/"},{"@type":"ListItem","position":2,"name":"Leatherface Deluxe Edition 50Th Anniversary The Texas Chainsaw Massacre 1974 Living Dead Dolls"}]},{"@type":"WebSite","@id":"https:\/\/endormoonstore.com\/#website","url":"https:\/\/endormoonstore.com\/","name":"EndormoonStore","description":"","potentialAction":[{"@type":"SearchAction","target":{"@type":"EntryPoint","urlTemplate":"https:\/\/endormoonstore.com\/?s={search_term_string}"},"query-input":{"@type":"PropertyValueSpecification","valueRequired":true,"valueName":"search_term_string"}}],"inLanguage":"en-US"}]}},"taxonomy_info":{"product_cat":[{"value":1384,"label":"Pre-orders"}],"pa_brand":[{"value":1638,"label":"Mezco Toyz"}],"pa_character":[{"value":3374,"label":"Leatherface"}],"pa_license":[{"value":16011,"label":"The Texas Chainsaw Massacre"}],"pa_product-type":[{"value":2387,"label":"Figure"}],"pa_theme":[{"value":14277,"label":"Living Dead Dolls"}]},"featured_image_src_large":["https:\/\/endormoonstore.com\/wp-content\/uploads\/2024\/09\/Leatherface-Deluxe-Edition-50Th-Anniversary-The-Texas-Chainsaw-Massacre-1974-Living-Dead-Dolls-Presents-1.jpg",1000,1000,false],"author_info":[],"comment_info":"","_links":{"self":[{"href":"https:\/\/endormoonstore.com\/en\/wp-json\/wp\/v2\/product\/163138","targetHints":{"allow":["GET"]}}],"collection":[{"href":"https:\/\/endormoonstore.com\/en\/wp-json\/wp\/v2\/product"}],"about":[{"href":"https:\/\/endormoonstore.com\/en\/wp-json\/wp\/v2\/types\/product"}],"wp:featuredmedia":[{"embeddable":true,"href":"https:\/\/endormoonstore.com\/en\/wp-json\/wp\/v2\/media\/163125"}],"wp:attachment":[{"href":"https:\/\/endormoonstore.com\/en\/wp-json\/wp\/v2\/media?parent=163138"}],"wp:term":[{"taxonomy":"product_cat","embeddable":true,"href":"https:\/\/endormoonstore.com\/en\/wp-json\/wp\/v2\/product_cat?post=163138"},{"taxonomy":"product_tag","embeddable":true,"href":"https:\/\/endormoonstore.com\/en\/wp-json\/wp\/v2\/product_tag?post=163138"}],"curies":[{"name":"wp","href":"https:\/\/api.w.org\/{rel}","templated":true}]}}