{"id":163121,"date":"2024-09-20T00:40:56","date_gmt":"2024-09-19T22:40:56","guid":{"rendered":"https:\/\/endormoonstore.com\/batmobile-5-points-batman-1989\/"},"modified":"2024-09-29T22:25:39","modified_gmt":"2024-09-29T20:25:39","slug":"batmobile-5-points-batman-1989","status":"publish","type":"product","link":"https:\/\/endormoonstore.com\/en\/batmobile-5-points-batman-1989\/","title":{"rendered":"Batmobile 5 Points Batman (1989)"},"content":{"rendered":"<p class=\"p1\"><b>Batmobile 5 Points Batman (1989)<\/b><\/p>\n<ul class=\"ul1\">\n<li class=\"li1\">Mezco Toyz presenta, dentro de la colecci\u00f3n 5 points, el veh\u00edculo Batmobile. Est\u00e1 basado en su aspecto en la pel\u00edcula de Tim Burton de 1989 &#8220;Batman&#8221; y est\u00e1 pensado para figuras de 9,5 cm.<\/li>\n<li class=\"li1\">El Batm\u00f3vil est\u00e1 completamente cargado y listo para la acci\u00f3n. Armas abatibles en los costados, una cabina corrediza para Batman y un cohete lanzallamas que gira cuando el Batm\u00f3vil avanza a toda velocidad: todo lo que el Caballero de la Noche necesita para proteger Ciudad G\u00f3tica.<\/li>\n<li class=\"li1\">Batm\u00f3vil: el veh\u00edculo supercargado y repleto de artilugios de Batman y su principal medio de transporte mientras protege Ciudad G\u00f3tica.<\/li>\n<li class=\"li1\">Puedes exponerlo junto a la figura de Batman, del Joker y de uno de sus matones (se venden por separado).<\/li>\n<li class=\"li1\">El Batm\u00f3vil viene empaquetado en una caja cerrada con ventana.<\/li>\n<\/ul>\n","protected":false},"excerpt":{"rendered":"<p class=\"p1\"><strong>Batmobile 5 Points Batman (1989)<\/strong><\/p>\n<p class=\"p1\">Mezco Toyz presenta, dentro de la colecci\u00f3n 5 points, el veh\u00edculo Batmobile. Est\u00e1 basado en su aspecto en la pel\u00edcula de Tim Burton de 1989 &#8220;Batman&#8221; y est\u00e1 pensado para figuras de 9,5 cm.<\/p>\n","protected":false},"featured_media":163115,"template":"","meta":{"_acf_changed":false,"_kad_blocks_custom_css":"","_kad_blocks_head_custom_js":"","_kad_blocks_body_custom_js":"","_kad_blocks_footer_custom_js":""},"product_cat":[1384],"product_tag":[],"class_list":{"0":"post-163121","1":"product","2":"type-product","3":"status-publish","4":"has-post-thumbnail","6":"product_cat-pre-orders","7":"pa_brand-mezco-toyz-en","8":"pa_character-batmobile-en","9":"pa_episode-batman-1989-en","10":"pa_license-dc-universe-en","11":"pa_product-type-replica-en","12":"pa_theme-5-points-en","14":"first","15":"instock","16":"taxable","17":"shipping-taxable","18":"purchasable","19":"product-type-simple"},"acf":[],"yoast_head":"<!-- This site is optimized with the Yoast SEO plugin v26.1.1 - https:\/\/yoast.com\/wordpress\/plugins\/seo\/ -->\n<title>Batmobile 5 Points Batman (1989) - EndormoonStore<\/title>\n<meta name=\"robots\" content=\"index, follow, max-snippet:-1, max-image-preview:large, max-video-preview:-1\" \/>\n<link rel=\"canonical\" href=\"https:\/\/endormoonstore.com\/en\/batmobile-5-points-batman-1989\/\" \/>\n<meta property=\"og:locale\" content=\"en_US\" \/>\n<meta property=\"og:type\" content=\"article\" \/>\n<meta property=\"og:title\" content=\"Batmobile 5 Points Batman (1989) - EndormoonStore\" \/>\n<meta property=\"og:description\" content=\"Batmobile 5 Points Batman (1989) Mezco Toyz presenta, dentro de la colecci\u00f3n 5 points, el veh\u00edculo Batmobile. Est\u00e1 basado en su aspecto en la pel\u00edcula de Tim Burton de 1989 &quot;Batman&quot; y est\u00e1 pensado para figuras de 9,5 cm.\" \/>\n<meta property=\"og:url\" content=\"https:\/\/endormoonstore.com\/en\/batmobile-5-points-batman-1989\/\" \/>\n<meta property=\"og:site_name\" content=\"EndormoonStore\" \/>\n<meta property=\"article:modified_time\" content=\"2024-09-29T20:25:39+00:00\" \/>\n<meta property=\"og:image\" content=\"https:\/\/endormoonstore.com\/wp-content\/uploads\/2024\/09\/Batmobile-5-Points-Batman-1989-1.jpg\" \/>\n\t<meta property=\"og:image:width\" content=\"1000\" \/>\n\t<meta property=\"og:image:height\" content=\"1000\" \/>\n\t<meta property=\"og:image:type\" content=\"image\/jpeg\" \/>\n<meta name=\"twitter:card\" content=\"summary_large_image\" \/>\n<meta name=\"twitter:label1\" content=\"Est. reading time\" \/>\n\t<meta name=\"twitter:data1\" content=\"1 minute\" \/>\n<script type=\"application\/ld+json\" class=\"yoast-schema-graph\">{\"@context\":\"https:\/\/schema.org\",\"@graph\":[{\"@type\":\"WebPage\",\"@id\":\"https:\/\/endormoonstore.com\/en\/batmobile-5-points-batman-1989\/\",\"url\":\"https:\/\/endormoonstore.com\/en\/batmobile-5-points-batman-1989\/\",\"name\":\"Batmobile 5 Points Batman (1989) - EndormoonStore\",\"isPartOf\":{\"@id\":\"https:\/\/endormoonstore.com\/#website\"},\"primaryImageOfPage\":{\"@id\":\"https:\/\/endormoonstore.com\/en\/batmobile-5-points-batman-1989\/#primaryimage\"},\"image\":{\"@id\":\"https:\/\/endormoonstore.com\/en\/batmobile-5-points-batman-1989\/#primaryimage\"},\"thumbnailUrl\":\"https:\/\/endormoonstore.com\/wp-content\/uploads\/2024\/09\/Batmobile-5-Points-Batman-1989-1.jpg\",\"datePublished\":\"2024-09-19T22:40:56+00:00\",\"dateModified\":\"2024-09-29T20:25:39+00:00\",\"breadcrumb\":{\"@id\":\"https:\/\/endormoonstore.com\/en\/batmobile-5-points-batman-1989\/#breadcrumb\"},\"inLanguage\":\"en-US\",\"potentialAction\":[{\"@type\":\"ReadAction\",\"target\":[\"https:\/\/endormoonstore.com\/en\/batmobile-5-points-batman-1989\/\"]}]},{\"@type\":\"ImageObject\",\"inLanguage\":\"en-US\",\"@id\":\"https:\/\/endormoonstore.com\/en\/batmobile-5-points-batman-1989\/#primaryimage\",\"url\":\"https:\/\/endormoonstore.com\/wp-content\/uploads\/2024\/09\/Batmobile-5-Points-Batman-1989-1.jpg\",\"contentUrl\":\"https:\/\/endormoonstore.com\/wp-content\/uploads\/2024\/09\/Batmobile-5-Points-Batman-1989-1.jpg\",\"width\":1000,\"height\":1000},{\"@type\":\"BreadcrumbList\",\"@id\":\"https:\/\/endormoonstore.com\/en\/batmobile-5-points-batman-1989\/#breadcrumb\",\"itemListElement\":[{\"@type\":\"ListItem\",\"position\":1,\"name\":\"Shop\",\"item\":\"https:\/\/endormoonstore.com\/en\/shop\/\"},{\"@type\":\"ListItem\",\"position\":2,\"name\":\"Batmobile 5 Points Batman (1989)\"}]},{\"@type\":\"WebSite\",\"@id\":\"https:\/\/endormoonstore.com\/#website\",\"url\":\"https:\/\/endormoonstore.com\/\",\"name\":\"EndormoonStore\",\"description\":\"\",\"potentialAction\":[{\"@type\":\"SearchAction\",\"target\":{\"@type\":\"EntryPoint\",\"urlTemplate\":\"https:\/\/endormoonstore.com\/?s={search_term_string}\"},\"query-input\":{\"@type\":\"PropertyValueSpecification\",\"valueRequired\":true,\"valueName\":\"search_term_string\"}}],\"inLanguage\":\"en-US\"}]}<\/script>\n<!-- \/ Yoast SEO plugin. -->","yoast_head_json":{"title":"Batmobile 5 Points Batman (1989) - EndormoonStore","robots":{"index":"index","follow":"follow","max-snippet":"max-snippet:-1","max-image-preview":"max-image-preview:large","max-video-preview":"max-video-preview:-1"},"canonical":"https:\/\/endormoonstore.com\/en\/batmobile-5-points-batman-1989\/","og_locale":"en_US","og_type":"article","og_title":"Batmobile 5 Points Batman (1989) - EndormoonStore","og_description":"Batmobile 5 Points Batman (1989) Mezco Toyz presenta, dentro de la colecci\u00f3n 5 points, el veh\u00edculo Batmobile. Est\u00e1 basado en su aspecto en la pel\u00edcula de Tim Burton de 1989 \"Batman\" y est\u00e1 pensado para figuras de 9,5 cm.","og_url":"https:\/\/endormoonstore.com\/en\/batmobile-5-points-batman-1989\/","og_site_name":"EndormoonStore","article_modified_time":"2024-09-29T20:25:39+00:00","og_image":[{"width":1000,"height":1000,"url":"https:\/\/endormoonstore.com\/wp-content\/uploads\/2024\/09\/Batmobile-5-Points-Batman-1989-1.jpg","type":"image\/jpeg"}],"twitter_card":"summary_large_image","twitter_misc":{"Est. reading time":"1 minute"},"schema":{"@context":"https:\/\/schema.org","@graph":[{"@type":"WebPage","@id":"https:\/\/endormoonstore.com\/en\/batmobile-5-points-batman-1989\/","url":"https:\/\/endormoonstore.com\/en\/batmobile-5-points-batman-1989\/","name":"Batmobile 5 Points Batman (1989) - EndormoonStore","isPartOf":{"@id":"https:\/\/endormoonstore.com\/#website"},"primaryImageOfPage":{"@id":"https:\/\/endormoonstore.com\/en\/batmobile-5-points-batman-1989\/#primaryimage"},"image":{"@id":"https:\/\/endormoonstore.com\/en\/batmobile-5-points-batman-1989\/#primaryimage"},"thumbnailUrl":"https:\/\/endormoonstore.com\/wp-content\/uploads\/2024\/09\/Batmobile-5-Points-Batman-1989-1.jpg","datePublished":"2024-09-19T22:40:56+00:00","dateModified":"2024-09-29T20:25:39+00:00","breadcrumb":{"@id":"https:\/\/endormoonstore.com\/en\/batmobile-5-points-batman-1989\/#breadcrumb"},"inLanguage":"en-US","potentialAction":[{"@type":"ReadAction","target":["https:\/\/endormoonstore.com\/en\/batmobile-5-points-batman-1989\/"]}]},{"@type":"ImageObject","inLanguage":"en-US","@id":"https:\/\/endormoonstore.com\/en\/batmobile-5-points-batman-1989\/#primaryimage","url":"https:\/\/endormoonstore.com\/wp-content\/uploads\/2024\/09\/Batmobile-5-Points-Batman-1989-1.jpg","contentUrl":"https:\/\/endormoonstore.com\/wp-content\/uploads\/2024\/09\/Batmobile-5-Points-Batman-1989-1.jpg","width":1000,"height":1000},{"@type":"BreadcrumbList","@id":"https:\/\/endormoonstore.com\/en\/batmobile-5-points-batman-1989\/#breadcrumb","itemListElement":[{"@type":"ListItem","position":1,"name":"Shop","item":"https:\/\/endormoonstore.com\/en\/shop\/"},{"@type":"ListItem","position":2,"name":"Batmobile 5 Points Batman (1989)"}]},{"@type":"WebSite","@id":"https:\/\/endormoonstore.com\/#website","url":"https:\/\/endormoonstore.com\/","name":"EndormoonStore","description":"","potentialAction":[{"@type":"SearchAction","target":{"@type":"EntryPoint","urlTemplate":"https:\/\/endormoonstore.com\/?s={search_term_string}"},"query-input":{"@type":"PropertyValueSpecification","valueRequired":true,"valueName":"search_term_string"}}],"inLanguage":"en-US"}]}},"taxonomy_info":{"product_cat":[{"value":1384,"label":"Pre-orders"}],"pa_brand":[{"value":1638,"label":"Mezco Toyz"}],"pa_character":[{"value":14715,"label":"Batmobile"}],"pa_episode":[{"value":14713,"label":"Batman 1989"}],"pa_license":[{"value":3086,"label":"Dc Universe"}],"pa_product-type":[{"value":4076,"label":"Replica"}],"pa_theme":[{"value":3581,"label":"5 Points"}]},"featured_image_src_large":["https:\/\/endormoonstore.com\/wp-content\/uploads\/2024\/09\/Batmobile-5-Points-Batman-1989-1.jpg",1000,1000,false],"author_info":[],"comment_info":"","_links":{"self":[{"href":"https:\/\/endormoonstore.com\/en\/wp-json\/wp\/v2\/product\/163121","targetHints":{"allow":["GET"]}}],"collection":[{"href":"https:\/\/endormoonstore.com\/en\/wp-json\/wp\/v2\/product"}],"about":[{"href":"https:\/\/endormoonstore.com\/en\/wp-json\/wp\/v2\/types\/product"}],"wp:featuredmedia":[{"embeddable":true,"href":"https:\/\/endormoonstore.com\/en\/wp-json\/wp\/v2\/media\/163115"}],"wp:attachment":[{"href":"https:\/\/endormoonstore.com\/en\/wp-json\/wp\/v2\/media?parent=163121"}],"wp:term":[{"taxonomy":"product_cat","embeddable":true,"href":"https:\/\/endormoonstore.com\/en\/wp-json\/wp\/v2\/product_cat?post=163121"},{"taxonomy":"product_tag","embeddable":true,"href":"https:\/\/endormoonstore.com\/en\/wp-json\/wp\/v2\/product_tag?post=163121"}],"curies":[{"name":"wp","href":"https:\/\/api.w.org\/{rel}","templated":true}]}}