{"id":163035,"date":"2024-09-20T00:10:58","date_gmt":"2024-09-19T22:10:58","guid":{"rendered":"https:\/\/endormoonstore.com\/frodo-the-lord-of-the-rings-gallery-diorama\/"},"modified":"2024-09-28T21:24:04","modified_gmt":"2024-09-28T19:24:04","slug":"frodo-the-lord-of-the-rings-gallery-diorama","status":"publish","type":"product","link":"https:\/\/endormoonstore.com\/en\/frodo-the-lord-of-the-rings-gallery-diorama\/","title":{"rendered":"Frodo The Lord of the Rings Gallery Diorama"},"content":{"rendered":"<p><strong>Frodo The Lord of the Rings Gallery Diorama<\/strong><\/p>\n<ul>\n<li>No se puede entrar en Mordor sin m\u00e1s, pero Frodo el Hobbit lo hizo para destruir el Anillo \u00danico en los fuegos del Monte del Destino. Ahora, este diorama de galer\u00eda muestra a Frodo en su momento de triunfo, prepar\u00e1ndose para arrojar el anillo a las llamas.<\/li>\n<li>Esta estatua, que mide aproximadamente 20 cm de alto, est\u00e1 hecha de PVC de alta calidad y presenta esculturas detalladas y aplicaciones de pintura.<\/li>\n<li>Viene empaquetada en una caja con ventana a todo color. Dise\u00f1ada por Barry Bradfield, esculpida por Jorge Santos Souza<\/li>\n<\/ul>\n<p>&nbsp;<\/p>\n","protected":false},"excerpt":{"rendered":"<p><strong>Frodo The Lord of the Rings Gallery Diorama<\/strong><\/p>\n<p>No se puede entrar en Mordor sin m\u00e1s, pero Frodo el Hobbit lo hizo para destruir el Anillo \u00danico en los fuegos del Monte del Destino. Ahora, este diorama de galer\u00eda muestra a Frodo en su momento de triunfo, prepar\u00e1ndose para arrojar el anillo a las llamas.<\/p>\n","protected":false},"featured_media":163018,"template":"","meta":{"_acf_changed":false,"_kad_blocks_custom_css":"","_kad_blocks_head_custom_js":"","_kad_blocks_body_custom_js":"","_kad_blocks_footer_custom_js":""},"product_cat":[1384],"product_tag":[],"class_list":{"0":"post-163035","1":"product","2":"type-product","3":"status-publish","4":"has-post-thumbnail","6":"product_cat-pre-orders","7":"pa_brand-diamond-select-toys-en","8":"pa_character-frodo-en","9":"pa_license-the-lord-of-the-rings","10":"pa_product-type-diorama-en","11":"pa_theme-gallery-diorama-en","13":"first","14":"instock","15":"taxable","16":"shipping-taxable","17":"purchasable","18":"product-type-simple"},"acf":[],"yoast_head":"<!-- This site is optimized with the Yoast SEO plugin v26.1.1 - https:\/\/yoast.com\/wordpress\/plugins\/seo\/ -->\n<title>Frodo The Lord of the Rings Gallery Diorama - EndormoonStore<\/title>\n<meta name=\"robots\" content=\"index, follow, max-snippet:-1, max-image-preview:large, max-video-preview:-1\" \/>\n<link rel=\"canonical\" href=\"https:\/\/endormoonstore.com\/en\/frodo-the-lord-of-the-rings-gallery-diorama\/\" \/>\n<meta property=\"og:locale\" content=\"en_US\" \/>\n<meta property=\"og:type\" content=\"article\" \/>\n<meta property=\"og:title\" content=\"Frodo The Lord of the Rings Gallery Diorama - EndormoonStore\" \/>\n<meta property=\"og:description\" content=\"Frodo The Lord of the Rings Gallery Diorama  No se puede entrar en Mordor sin m\u00e1s, pero Frodo el Hobbit lo hizo para destruir el Anillo \u00danico en los fuegos del Monte del Destino. Ahora, este diorama de galer\u00eda muestra a Frodo en su momento de triunfo, prepar\u00e1ndose para arrojar el anillo a las llamas.\" \/>\n<meta property=\"og:url\" content=\"https:\/\/endormoonstore.com\/en\/frodo-the-lord-of-the-rings-gallery-diorama\/\" \/>\n<meta property=\"og:site_name\" content=\"EndormoonStore\" \/>\n<meta property=\"article:modified_time\" content=\"2024-09-28T19:24:04+00:00\" \/>\n<meta property=\"og:image\" content=\"https:\/\/endormoonstore.com\/wp-content\/uploads\/2024\/09\/Frodo-The-Lord-of-the-Rings-Gallery-Diorama-1.jpg\" \/>\n\t<meta property=\"og:image:width\" content=\"1000\" \/>\n\t<meta property=\"og:image:height\" content=\"1000\" \/>\n\t<meta property=\"og:image:type\" content=\"image\/jpeg\" \/>\n<meta name=\"twitter:card\" content=\"summary_large_image\" \/>\n<meta name=\"twitter:label1\" content=\"Est. reading time\" \/>\n\t<meta name=\"twitter:data1\" content=\"1 minute\" \/>\n<script type=\"application\/ld+json\" class=\"yoast-schema-graph\">{\"@context\":\"https:\/\/schema.org\",\"@graph\":[{\"@type\":\"WebPage\",\"@id\":\"https:\/\/endormoonstore.com\/en\/frodo-the-lord-of-the-rings-gallery-diorama\/\",\"url\":\"https:\/\/endormoonstore.com\/en\/frodo-the-lord-of-the-rings-gallery-diorama\/\",\"name\":\"Frodo The Lord of the Rings Gallery Diorama - EndormoonStore\",\"isPartOf\":{\"@id\":\"https:\/\/endormoonstore.com\/#website\"},\"primaryImageOfPage\":{\"@id\":\"https:\/\/endormoonstore.com\/en\/frodo-the-lord-of-the-rings-gallery-diorama\/#primaryimage\"},\"image\":{\"@id\":\"https:\/\/endormoonstore.com\/en\/frodo-the-lord-of-the-rings-gallery-diorama\/#primaryimage\"},\"thumbnailUrl\":\"https:\/\/endormoonstore.com\/wp-content\/uploads\/2024\/09\/Frodo-The-Lord-of-the-Rings-Gallery-Diorama-1.jpg\",\"datePublished\":\"2024-09-19T22:10:58+00:00\",\"dateModified\":\"2024-09-28T19:24:04+00:00\",\"breadcrumb\":{\"@id\":\"https:\/\/endormoonstore.com\/en\/frodo-the-lord-of-the-rings-gallery-diorama\/#breadcrumb\"},\"inLanguage\":\"en-US\",\"potentialAction\":[{\"@type\":\"ReadAction\",\"target\":[\"https:\/\/endormoonstore.com\/en\/frodo-the-lord-of-the-rings-gallery-diorama\/\"]}]},{\"@type\":\"ImageObject\",\"inLanguage\":\"en-US\",\"@id\":\"https:\/\/endormoonstore.com\/en\/frodo-the-lord-of-the-rings-gallery-diorama\/#primaryimage\",\"url\":\"https:\/\/endormoonstore.com\/wp-content\/uploads\/2024\/09\/Frodo-The-Lord-of-the-Rings-Gallery-Diorama-1.jpg\",\"contentUrl\":\"https:\/\/endormoonstore.com\/wp-content\/uploads\/2024\/09\/Frodo-The-Lord-of-the-Rings-Gallery-Diorama-1.jpg\",\"width\":1000,\"height\":1000},{\"@type\":\"BreadcrumbList\",\"@id\":\"https:\/\/endormoonstore.com\/en\/frodo-the-lord-of-the-rings-gallery-diorama\/#breadcrumb\",\"itemListElement\":[{\"@type\":\"ListItem\",\"position\":1,\"name\":\"Shop\",\"item\":\"https:\/\/endormoonstore.com\/en\/shop\/\"},{\"@type\":\"ListItem\",\"position\":2,\"name\":\"Frodo The Lord of the Rings Gallery Diorama\"}]},{\"@type\":\"WebSite\",\"@id\":\"https:\/\/endormoonstore.com\/#website\",\"url\":\"https:\/\/endormoonstore.com\/\",\"name\":\"EndormoonStore\",\"description\":\"\",\"potentialAction\":[{\"@type\":\"SearchAction\",\"target\":{\"@type\":\"EntryPoint\",\"urlTemplate\":\"https:\/\/endormoonstore.com\/?s={search_term_string}\"},\"query-input\":{\"@type\":\"PropertyValueSpecification\",\"valueRequired\":true,\"valueName\":\"search_term_string\"}}],\"inLanguage\":\"en-US\"}]}<\/script>\n<!-- \/ Yoast SEO plugin. -->","yoast_head_json":{"title":"Frodo The Lord of the Rings Gallery Diorama - EndormoonStore","robots":{"index":"index","follow":"follow","max-snippet":"max-snippet:-1","max-image-preview":"max-image-preview:large","max-video-preview":"max-video-preview:-1"},"canonical":"https:\/\/endormoonstore.com\/en\/frodo-the-lord-of-the-rings-gallery-diorama\/","og_locale":"en_US","og_type":"article","og_title":"Frodo The Lord of the Rings Gallery Diorama - EndormoonStore","og_description":"Frodo The Lord of the Rings Gallery Diorama  No se puede entrar en Mordor sin m\u00e1s, pero Frodo el Hobbit lo hizo para destruir el Anillo \u00danico en los fuegos del Monte del Destino. Ahora, este diorama de galer\u00eda muestra a Frodo en su momento de triunfo, prepar\u00e1ndose para arrojar el anillo a las llamas.","og_url":"https:\/\/endormoonstore.com\/en\/frodo-the-lord-of-the-rings-gallery-diorama\/","og_site_name":"EndormoonStore","article_modified_time":"2024-09-28T19:24:04+00:00","og_image":[{"width":1000,"height":1000,"url":"https:\/\/endormoonstore.com\/wp-content\/uploads\/2024\/09\/Frodo-The-Lord-of-the-Rings-Gallery-Diorama-1.jpg","type":"image\/jpeg"}],"twitter_card":"summary_large_image","twitter_misc":{"Est. reading time":"1 minute"},"schema":{"@context":"https:\/\/schema.org","@graph":[{"@type":"WebPage","@id":"https:\/\/endormoonstore.com\/en\/frodo-the-lord-of-the-rings-gallery-diorama\/","url":"https:\/\/endormoonstore.com\/en\/frodo-the-lord-of-the-rings-gallery-diorama\/","name":"Frodo The Lord of the Rings Gallery Diorama - EndormoonStore","isPartOf":{"@id":"https:\/\/endormoonstore.com\/#website"},"primaryImageOfPage":{"@id":"https:\/\/endormoonstore.com\/en\/frodo-the-lord-of-the-rings-gallery-diorama\/#primaryimage"},"image":{"@id":"https:\/\/endormoonstore.com\/en\/frodo-the-lord-of-the-rings-gallery-diorama\/#primaryimage"},"thumbnailUrl":"https:\/\/endormoonstore.com\/wp-content\/uploads\/2024\/09\/Frodo-The-Lord-of-the-Rings-Gallery-Diorama-1.jpg","datePublished":"2024-09-19T22:10:58+00:00","dateModified":"2024-09-28T19:24:04+00:00","breadcrumb":{"@id":"https:\/\/endormoonstore.com\/en\/frodo-the-lord-of-the-rings-gallery-diorama\/#breadcrumb"},"inLanguage":"en-US","potentialAction":[{"@type":"ReadAction","target":["https:\/\/endormoonstore.com\/en\/frodo-the-lord-of-the-rings-gallery-diorama\/"]}]},{"@type":"ImageObject","inLanguage":"en-US","@id":"https:\/\/endormoonstore.com\/en\/frodo-the-lord-of-the-rings-gallery-diorama\/#primaryimage","url":"https:\/\/endormoonstore.com\/wp-content\/uploads\/2024\/09\/Frodo-The-Lord-of-the-Rings-Gallery-Diorama-1.jpg","contentUrl":"https:\/\/endormoonstore.com\/wp-content\/uploads\/2024\/09\/Frodo-The-Lord-of-the-Rings-Gallery-Diorama-1.jpg","width":1000,"height":1000},{"@type":"BreadcrumbList","@id":"https:\/\/endormoonstore.com\/en\/frodo-the-lord-of-the-rings-gallery-diorama\/#breadcrumb","itemListElement":[{"@type":"ListItem","position":1,"name":"Shop","item":"https:\/\/endormoonstore.com\/en\/shop\/"},{"@type":"ListItem","position":2,"name":"Frodo The Lord of the Rings Gallery Diorama"}]},{"@type":"WebSite","@id":"https:\/\/endormoonstore.com\/#website","url":"https:\/\/endormoonstore.com\/","name":"EndormoonStore","description":"","potentialAction":[{"@type":"SearchAction","target":{"@type":"EntryPoint","urlTemplate":"https:\/\/endormoonstore.com\/?s={search_term_string}"},"query-input":{"@type":"PropertyValueSpecification","valueRequired":true,"valueName":"search_term_string"}}],"inLanguage":"en-US"}]}},"taxonomy_info":{"product_cat":[{"value":1384,"label":"Pre-orders"}],"pa_brand":[{"value":1632,"label":"Diamond Select Toys"}],"pa_character":[{"value":5857,"label":"Frodo"}],"pa_license":[{"value":1771,"label":"The Lord of The Rings"}],"pa_product-type":[{"value":6603,"label":"Diorama"}],"pa_theme":[{"value":3674,"label":"Gallery Diorama"}]},"featured_image_src_large":["https:\/\/endormoonstore.com\/wp-content\/uploads\/2024\/09\/Frodo-The-Lord-of-the-Rings-Gallery-Diorama-1.jpg",1000,1000,false],"author_info":[],"comment_info":"","_links":{"self":[{"href":"https:\/\/endormoonstore.com\/en\/wp-json\/wp\/v2\/product\/163035","targetHints":{"allow":["GET"]}}],"collection":[{"href":"https:\/\/endormoonstore.com\/en\/wp-json\/wp\/v2\/product"}],"about":[{"href":"https:\/\/endormoonstore.com\/en\/wp-json\/wp\/v2\/types\/product"}],"wp:featuredmedia":[{"embeddable":true,"href":"https:\/\/endormoonstore.com\/en\/wp-json\/wp\/v2\/media\/163018"}],"wp:attachment":[{"href":"https:\/\/endormoonstore.com\/en\/wp-json\/wp\/v2\/media?parent=163035"}],"wp:term":[{"taxonomy":"product_cat","embeddable":true,"href":"https:\/\/endormoonstore.com\/en\/wp-json\/wp\/v2\/product_cat?post=163035"},{"taxonomy":"product_tag","embeddable":true,"href":"https:\/\/endormoonstore.com\/en\/wp-json\/wp\/v2\/product_tag?post=163035"}],"curies":[{"name":"wp","href":"https:\/\/api.w.org\/{rel}","templated":true}]}}