{"id":163015,"date":"2024-09-20T00:05:14","date_gmt":"2024-09-19T22:05:14","guid":{"rendered":"https:\/\/endormoonstore.com\/star-wars-the-clone-wars-captain-rex-gallery-statue\/"},"modified":"2024-09-28T21:22:39","modified_gmt":"2024-09-28T19:22:39","slug":"star-wars-the-clone-wars-captain-rex-gallery-statue","status":"publish","type":"product","link":"https:\/\/endormoonstore.com\/en\/star-wars-the-clone-wars-captain-rex-gallery-statue\/","title":{"rendered":"Star Wars: The Clone Wars Captain Rex Gallery Statue"},"content":{"rendered":"<p><strong>Star Wars: The Clone Wars Captain Rex Gallery Statue<\/strong><\/p>\n<ul>\n<li>\u00a1El Capit\u00e1n Rex entra en acci\u00f3n en la nueva estatua de PVC de Star Wars Gallery! Despegando con los propulsores de su mochila propulsora a m\u00e1xima potencia, disparando un bl\u00e1ster con el otro bl\u00e1ster listo.<\/li>\n<li>Fabricada en PVC de alta calidad, presenta aplicaciones detalladas de escultura y pintura.<\/li>\n<li>Esta din\u00e1mica estatua del Capit\u00e1n Rex de unos 23 cm de alto est\u00e1 basada en su apariencia en The Clone Wars y presenta esculturas detalladas y aplicaciones de pintura.<\/li>\n<li>Viene empaquetado en una caja con ventana a todo color.<\/li>\n<\/ul>\n<p>&nbsp;<\/p>\n","protected":false},"excerpt":{"rendered":"<p><strong>Star Wars: The Clone Wars Captain Rex Gallery Statue<\/strong><\/p>\n<p>\u00a1El Capit\u00e1n Rex entra en acci\u00f3n en la nueva estatua de PVC de Star Wars Gallery! Despegando con los propulsores de su mochila propulsora a m\u00e1xima potencia, disparando un bl\u00e1ster con el otro bl\u00e1ster listo.<\/p>\n","protected":false},"featured_media":162986,"template":"","meta":{"_acf_changed":false,"_kad_blocks_custom_css":"","_kad_blocks_head_custom_js":"","_kad_blocks_body_custom_js":"","_kad_blocks_footer_custom_js":""},"product_cat":[1390],"product_tag":[],"class_list":{"0":"post-163015","1":"product","2":"type-product","3":"status-publish","4":"has-post-thumbnail","6":"product_cat-figures","7":"pa_brand-diamond-select-toys-en","8":"pa_character-captain-rex-en","9":"pa_episode-star-wars-the-clone-wars-en","10":"pa_license-star-wars-en","11":"pa_product-type-diorama-en","12":"pa_theme-gallery-diorama-en","14":"first","15":"outofstock","16":"taxable","17":"shipping-taxable","18":"purchasable","19":"product-type-simple"},"acf":[],"yoast_head":"<!-- This site is optimized with the Yoast SEO plugin v26.1.1 - https:\/\/yoast.com\/wordpress\/plugins\/seo\/ -->\n<title>Star Wars: The Clone Wars Captain Rex Gallery Statue - EndormoonStore<\/title>\n<meta name=\"robots\" content=\"index, follow, max-snippet:-1, max-image-preview:large, max-video-preview:-1\" \/>\n<link rel=\"canonical\" href=\"https:\/\/endormoonstore.com\/en\/star-wars-the-clone-wars-captain-rex-gallery-statue\/\" \/>\n<meta property=\"og:locale\" content=\"en_US\" \/>\n<meta property=\"og:type\" content=\"article\" \/>\n<meta property=\"og:title\" content=\"Star Wars: The Clone Wars Captain Rex Gallery Statue - EndormoonStore\" \/>\n<meta property=\"og:description\" content=\"Star Wars: The Clone Wars Captain Rex Gallery Statue  \u00a1El Capit\u00e1n Rex entra en acci\u00f3n en la nueva estatua de PVC de Star Wars Gallery! Despegando con los propulsores de su mochila propulsora a m\u00e1xima potencia, disparando un bl\u00e1ster con el otro bl\u00e1ster listo.\" \/>\n<meta property=\"og:url\" content=\"https:\/\/endormoonstore.com\/en\/star-wars-the-clone-wars-captain-rex-gallery-statue\/\" \/>\n<meta property=\"og:site_name\" content=\"EndormoonStore\" \/>\n<meta property=\"article:modified_time\" content=\"2024-09-28T19:22:39+00:00\" \/>\n<meta property=\"og:image\" content=\"https:\/\/endormoonstore.com\/wp-content\/uploads\/2024\/09\/Star-Wars-The-Clone-Wars-Captain-Rex-Gallery-Statue-1.jpg\" \/>\n\t<meta property=\"og:image:width\" content=\"1000\" \/>\n\t<meta property=\"og:image:height\" content=\"1000\" \/>\n\t<meta property=\"og:image:type\" content=\"image\/jpeg\" \/>\n<meta name=\"twitter:card\" content=\"summary_large_image\" \/>\n<meta name=\"twitter:label1\" content=\"Est. reading time\" \/>\n\t<meta name=\"twitter:data1\" content=\"1 minute\" \/>\n<script type=\"application\/ld+json\" class=\"yoast-schema-graph\">{\"@context\":\"https:\/\/schema.org\",\"@graph\":[{\"@type\":\"WebPage\",\"@id\":\"https:\/\/endormoonstore.com\/en\/star-wars-the-clone-wars-captain-rex-gallery-statue\/\",\"url\":\"https:\/\/endormoonstore.com\/en\/star-wars-the-clone-wars-captain-rex-gallery-statue\/\",\"name\":\"Star Wars: The Clone Wars Captain Rex Gallery Statue - EndormoonStore\",\"isPartOf\":{\"@id\":\"https:\/\/endormoonstore.com\/#website\"},\"primaryImageOfPage\":{\"@id\":\"https:\/\/endormoonstore.com\/en\/star-wars-the-clone-wars-captain-rex-gallery-statue\/#primaryimage\"},\"image\":{\"@id\":\"https:\/\/endormoonstore.com\/en\/star-wars-the-clone-wars-captain-rex-gallery-statue\/#primaryimage\"},\"thumbnailUrl\":\"https:\/\/endormoonstore.com\/wp-content\/uploads\/2024\/09\/Star-Wars-The-Clone-Wars-Captain-Rex-Gallery-Statue-1.jpg\",\"datePublished\":\"2024-09-19T22:05:14+00:00\",\"dateModified\":\"2024-09-28T19:22:39+00:00\",\"breadcrumb\":{\"@id\":\"https:\/\/endormoonstore.com\/en\/star-wars-the-clone-wars-captain-rex-gallery-statue\/#breadcrumb\"},\"inLanguage\":\"en-US\",\"potentialAction\":[{\"@type\":\"ReadAction\",\"target\":[\"https:\/\/endormoonstore.com\/en\/star-wars-the-clone-wars-captain-rex-gallery-statue\/\"]}]},{\"@type\":\"ImageObject\",\"inLanguage\":\"en-US\",\"@id\":\"https:\/\/endormoonstore.com\/en\/star-wars-the-clone-wars-captain-rex-gallery-statue\/#primaryimage\",\"url\":\"https:\/\/endormoonstore.com\/wp-content\/uploads\/2024\/09\/Star-Wars-The-Clone-Wars-Captain-Rex-Gallery-Statue-1.jpg\",\"contentUrl\":\"https:\/\/endormoonstore.com\/wp-content\/uploads\/2024\/09\/Star-Wars-The-Clone-Wars-Captain-Rex-Gallery-Statue-1.jpg\",\"width\":1000,\"height\":1000},{\"@type\":\"BreadcrumbList\",\"@id\":\"https:\/\/endormoonstore.com\/en\/star-wars-the-clone-wars-captain-rex-gallery-statue\/#breadcrumb\",\"itemListElement\":[{\"@type\":\"ListItem\",\"position\":1,\"name\":\"Shop\",\"item\":\"https:\/\/endormoonstore.com\/en\/shop\/\"},{\"@type\":\"ListItem\",\"position\":2,\"name\":\"Star Wars: The Clone Wars Captain Rex Gallery Statue\"}]},{\"@type\":\"WebSite\",\"@id\":\"https:\/\/endormoonstore.com\/#website\",\"url\":\"https:\/\/endormoonstore.com\/\",\"name\":\"EndormoonStore\",\"description\":\"\",\"potentialAction\":[{\"@type\":\"SearchAction\",\"target\":{\"@type\":\"EntryPoint\",\"urlTemplate\":\"https:\/\/endormoonstore.com\/?s={search_term_string}\"},\"query-input\":{\"@type\":\"PropertyValueSpecification\",\"valueRequired\":true,\"valueName\":\"search_term_string\"}}],\"inLanguage\":\"en-US\"}]}<\/script>\n<!-- \/ Yoast SEO plugin. -->","yoast_head_json":{"title":"Star Wars: The Clone Wars Captain Rex Gallery Statue - EndormoonStore","robots":{"index":"index","follow":"follow","max-snippet":"max-snippet:-1","max-image-preview":"max-image-preview:large","max-video-preview":"max-video-preview:-1"},"canonical":"https:\/\/endormoonstore.com\/en\/star-wars-the-clone-wars-captain-rex-gallery-statue\/","og_locale":"en_US","og_type":"article","og_title":"Star Wars: The Clone Wars Captain Rex Gallery Statue - EndormoonStore","og_description":"Star Wars: The Clone Wars Captain Rex Gallery Statue  \u00a1El Capit\u00e1n Rex entra en acci\u00f3n en la nueva estatua de PVC de Star Wars Gallery! Despegando con los propulsores de su mochila propulsora a m\u00e1xima potencia, disparando un bl\u00e1ster con el otro bl\u00e1ster listo.","og_url":"https:\/\/endormoonstore.com\/en\/star-wars-the-clone-wars-captain-rex-gallery-statue\/","og_site_name":"EndormoonStore","article_modified_time":"2024-09-28T19:22:39+00:00","og_image":[{"width":1000,"height":1000,"url":"https:\/\/endormoonstore.com\/wp-content\/uploads\/2024\/09\/Star-Wars-The-Clone-Wars-Captain-Rex-Gallery-Statue-1.jpg","type":"image\/jpeg"}],"twitter_card":"summary_large_image","twitter_misc":{"Est. reading time":"1 minute"},"schema":{"@context":"https:\/\/schema.org","@graph":[{"@type":"WebPage","@id":"https:\/\/endormoonstore.com\/en\/star-wars-the-clone-wars-captain-rex-gallery-statue\/","url":"https:\/\/endormoonstore.com\/en\/star-wars-the-clone-wars-captain-rex-gallery-statue\/","name":"Star Wars: The Clone Wars Captain Rex Gallery Statue - EndormoonStore","isPartOf":{"@id":"https:\/\/endormoonstore.com\/#website"},"primaryImageOfPage":{"@id":"https:\/\/endormoonstore.com\/en\/star-wars-the-clone-wars-captain-rex-gallery-statue\/#primaryimage"},"image":{"@id":"https:\/\/endormoonstore.com\/en\/star-wars-the-clone-wars-captain-rex-gallery-statue\/#primaryimage"},"thumbnailUrl":"https:\/\/endormoonstore.com\/wp-content\/uploads\/2024\/09\/Star-Wars-The-Clone-Wars-Captain-Rex-Gallery-Statue-1.jpg","datePublished":"2024-09-19T22:05:14+00:00","dateModified":"2024-09-28T19:22:39+00:00","breadcrumb":{"@id":"https:\/\/endormoonstore.com\/en\/star-wars-the-clone-wars-captain-rex-gallery-statue\/#breadcrumb"},"inLanguage":"en-US","potentialAction":[{"@type":"ReadAction","target":["https:\/\/endormoonstore.com\/en\/star-wars-the-clone-wars-captain-rex-gallery-statue\/"]}]},{"@type":"ImageObject","inLanguage":"en-US","@id":"https:\/\/endormoonstore.com\/en\/star-wars-the-clone-wars-captain-rex-gallery-statue\/#primaryimage","url":"https:\/\/endormoonstore.com\/wp-content\/uploads\/2024\/09\/Star-Wars-The-Clone-Wars-Captain-Rex-Gallery-Statue-1.jpg","contentUrl":"https:\/\/endormoonstore.com\/wp-content\/uploads\/2024\/09\/Star-Wars-The-Clone-Wars-Captain-Rex-Gallery-Statue-1.jpg","width":1000,"height":1000},{"@type":"BreadcrumbList","@id":"https:\/\/endormoonstore.com\/en\/star-wars-the-clone-wars-captain-rex-gallery-statue\/#breadcrumb","itemListElement":[{"@type":"ListItem","position":1,"name":"Shop","item":"https:\/\/endormoonstore.com\/en\/shop\/"},{"@type":"ListItem","position":2,"name":"Star Wars: The Clone Wars Captain Rex Gallery Statue"}]},{"@type":"WebSite","@id":"https:\/\/endormoonstore.com\/#website","url":"https:\/\/endormoonstore.com\/","name":"EndormoonStore","description":"","potentialAction":[{"@type":"SearchAction","target":{"@type":"EntryPoint","urlTemplate":"https:\/\/endormoonstore.com\/?s={search_term_string}"},"query-input":{"@type":"PropertyValueSpecification","valueRequired":true,"valueName":"search_term_string"}}],"inLanguage":"en-US"}]}},"taxonomy_info":{"product_cat":[{"value":1390,"label":"Figures"}],"pa_brand":[{"value":1632,"label":"Diamond Select Toys"}],"pa_character":[{"value":8579,"label":"Captain Rex"}],"pa_episode":[{"value":2333,"label":"Star Wars: The Clone Wars"}],"pa_license":[{"value":1644,"label":"Star Wars"}],"pa_product-type":[{"value":6603,"label":"Diorama"}],"pa_theme":[{"value":3674,"label":"Gallery Diorama"}]},"featured_image_src_large":["https:\/\/endormoonstore.com\/wp-content\/uploads\/2024\/09\/Star-Wars-The-Clone-Wars-Captain-Rex-Gallery-Statue-1.jpg",1000,1000,false],"author_info":[],"comment_info":"","_links":{"self":[{"href":"https:\/\/endormoonstore.com\/en\/wp-json\/wp\/v2\/product\/163015","targetHints":{"allow":["GET"]}}],"collection":[{"href":"https:\/\/endormoonstore.com\/en\/wp-json\/wp\/v2\/product"}],"about":[{"href":"https:\/\/endormoonstore.com\/en\/wp-json\/wp\/v2\/types\/product"}],"wp:featuredmedia":[{"embeddable":true,"href":"https:\/\/endormoonstore.com\/en\/wp-json\/wp\/v2\/media\/162986"}],"wp:attachment":[{"href":"https:\/\/endormoonstore.com\/en\/wp-json\/wp\/v2\/media?parent=163015"}],"wp:term":[{"taxonomy":"product_cat","embeddable":true,"href":"https:\/\/endormoonstore.com\/en\/wp-json\/wp\/v2\/product_cat?post=163015"},{"taxonomy":"product_tag","embeddable":true,"href":"https:\/\/endormoonstore.com\/en\/wp-json\/wp\/v2\/product_tag?post=163015"}],"curies":[{"name":"wp","href":"https:\/\/api.w.org\/{rel}","templated":true}]}}