{"id":162934,"date":"2024-09-01T03:55:02","date_gmt":"2024-09-01T01:55:02","guid":{"rendered":"https:\/\/endormoonstore.com\/ultimate-beetlejuice-tour-guide-the-bio-exorcist-beetlejuice-1988\/"},"modified":"2024-09-26T17:30:20","modified_gmt":"2024-09-26T15:30:20","slug":"ultimate-beetlejuice-tour-guide-the-bio-exorcist-beetlejuice-1988","status":"publish","type":"product","link":"https:\/\/endormoonstore.com\/en\/ultimate-beetlejuice-tour-guide-the-bio-exorcist-beetlejuice-1988\/","title":{"rendered":"Ultimate Beetlejuice Tour Guide The Bio-Exorcist Beetlejuice 1988"},"content":{"rendered":"<p class=\"p1\"><strong>Ultimate Beetlejuice Tour Guide The Bio-Exorcist Beetlejuice 1988<\/strong><\/p>\n<ul class=\"ul1\">\n<li class=\"li1\">\u00bfNecesitas asustar a los vivos para que se alejen de tu c\u00f3modo refugio? \u00a1Solo di &#8220;Betelgeuse&#8221; tres veces y convocar\u00e1s al principal bioexorcista del m\u00e1s all\u00e1!<\/li>\n<li class=\"li1\">\u00a1El fantasma con m\u00e1s de la cl\u00e1sica pel\u00edcula de Tim Burton de 1988 est\u00e1 de regreso como una figura de acci\u00f3n Ultimate Neca! Beetlejuice luce su ic\u00f3nico aspecto de &#8220;gu\u00eda tur\u00edstico&#8221; de su primera revelaci\u00f3n completa en la pel\u00edcula, present\u00e1ndose a los Maitland como el infame bioexorcista listo para librar a los molestos seres vivos de su hogar.<\/li>\n<li class=\"li1\">Esta figura a escala de unos 18 cm de alto altamente detallada est\u00e1 articulada para posar e incluye una cantidad de accesorios de otro mundo: tres placas frontales intercambiables extras, un sombrero, cuatro manos, una rata, un folleto de Betelgeuse un peri\u00f3dico y una linterna.<\/li>\n<li class=\"li1\">Viene en un empaque de caja con ventana de cinco paneles Ultimate, ideal para coleccionistas.<\/li>\n<\/ul>\n","protected":false},"excerpt":{"rendered":"<p class=\"p1\"><strong>Ultimate Beetlejuice Tour Guide The Bio-Exorcist Beetlejuice 1988<\/strong><\/p>\n<p class=\"p1\">\u00bfNecesitas asustar a los vivos para que se alejen de tu c\u00f3modo refugio? \u00a1Solo di &#8220;Betelgeuse&#8221; tres veces y convocar\u00e1s al principal bioexorcista del m\u00e1s all\u00e1!<\/p>\n","protected":false},"featured_media":162908,"template":"","meta":{"_acf_changed":false,"_kad_blocks_custom_css":"","_kad_blocks_head_custom_js":"","_kad_blocks_body_custom_js":"","_kad_blocks_footer_custom_js":""},"product_cat":[1384],"product_tag":[],"class_list":{"0":"post-162934","1":"product","2":"type-product","3":"status-publish","4":"has-post-thumbnail","6":"product_cat-pre-orders","7":"pa_brand-neca-en","8":"pa_character-beetlejuice-en","9":"pa_license-beetlejuice-en","10":"pa_product-type-figure","11":"pa_theme-scale-action-figure-en","13":"first","14":"instock","15":"taxable","16":"shipping-taxable","17":"purchasable","18":"product-type-simple"},"acf":[],"yoast_head":"<!-- This site is optimized with the Yoast SEO plugin v26.1.1 - https:\/\/yoast.com\/wordpress\/plugins\/seo\/ -->\n<title>Ultimate Beetlejuice Tour Guide The Bio-Exorcist Beetlejuice 1988 - EndormoonStore<\/title>\n<meta name=\"robots\" content=\"index, follow, max-snippet:-1, max-image-preview:large, max-video-preview:-1\" \/>\n<link rel=\"canonical\" href=\"https:\/\/endormoonstore.com\/en\/ultimate-beetlejuice-tour-guide-the-bio-exorcist-beetlejuice-1988\/\" \/>\n<meta property=\"og:locale\" content=\"en_US\" \/>\n<meta property=\"og:type\" content=\"article\" \/>\n<meta property=\"og:title\" content=\"Ultimate Beetlejuice Tour Guide The Bio-Exorcist Beetlejuice 1988 - EndormoonStore\" \/>\n<meta property=\"og:description\" content=\"Ultimate Beetlejuice Tour Guide The Bio-Exorcist Beetlejuice 1988 \u00bfNecesitas asustar a los vivos para que se alejen de tu c\u00f3modo refugio? \u00a1Solo di &quot;Betelgeuse&quot; tres veces y convocar\u00e1s al principal bioexorcista del m\u00e1s all\u00e1!\" \/>\n<meta property=\"og:url\" content=\"https:\/\/endormoonstore.com\/en\/ultimate-beetlejuice-tour-guide-the-bio-exorcist-beetlejuice-1988\/\" \/>\n<meta property=\"og:site_name\" content=\"EndormoonStore\" \/>\n<meta property=\"article:modified_time\" content=\"2024-09-26T15:30:20+00:00\" \/>\n<meta property=\"og:image\" content=\"https:\/\/endormoonstore.com\/wp-content\/uploads\/2024\/09\/Ultimate-Beetlejuice-Tour-Guide-The-Bio-Exorcist-Beetlejuice-1988-1.jpg\" \/>\n\t<meta property=\"og:image:width\" content=\"800\" \/>\n\t<meta property=\"og:image:height\" content=\"1000\" \/>\n\t<meta property=\"og:image:type\" content=\"image\/jpeg\" \/>\n<meta name=\"twitter:card\" content=\"summary_large_image\" \/>\n<meta name=\"twitter:label1\" content=\"Est. reading time\" \/>\n\t<meta name=\"twitter:data1\" content=\"1 minute\" \/>\n<script type=\"application\/ld+json\" class=\"yoast-schema-graph\">{\"@context\":\"https:\/\/schema.org\",\"@graph\":[{\"@type\":\"WebPage\",\"@id\":\"https:\/\/endormoonstore.com\/en\/ultimate-beetlejuice-tour-guide-the-bio-exorcist-beetlejuice-1988\/\",\"url\":\"https:\/\/endormoonstore.com\/en\/ultimate-beetlejuice-tour-guide-the-bio-exorcist-beetlejuice-1988\/\",\"name\":\"Ultimate Beetlejuice Tour Guide The Bio-Exorcist Beetlejuice 1988 - EndormoonStore\",\"isPartOf\":{\"@id\":\"https:\/\/endormoonstore.com\/#website\"},\"primaryImageOfPage\":{\"@id\":\"https:\/\/endormoonstore.com\/en\/ultimate-beetlejuice-tour-guide-the-bio-exorcist-beetlejuice-1988\/#primaryimage\"},\"image\":{\"@id\":\"https:\/\/endormoonstore.com\/en\/ultimate-beetlejuice-tour-guide-the-bio-exorcist-beetlejuice-1988\/#primaryimage\"},\"thumbnailUrl\":\"https:\/\/endormoonstore.com\/wp-content\/uploads\/2024\/09\/Ultimate-Beetlejuice-Tour-Guide-The-Bio-Exorcist-Beetlejuice-1988-1.jpg\",\"datePublished\":\"2024-09-01T01:55:02+00:00\",\"dateModified\":\"2024-09-26T15:30:20+00:00\",\"breadcrumb\":{\"@id\":\"https:\/\/endormoonstore.com\/en\/ultimate-beetlejuice-tour-guide-the-bio-exorcist-beetlejuice-1988\/#breadcrumb\"},\"inLanguage\":\"en-US\",\"potentialAction\":[{\"@type\":\"ReadAction\",\"target\":[\"https:\/\/endormoonstore.com\/en\/ultimate-beetlejuice-tour-guide-the-bio-exorcist-beetlejuice-1988\/\"]}]},{\"@type\":\"ImageObject\",\"inLanguage\":\"en-US\",\"@id\":\"https:\/\/endormoonstore.com\/en\/ultimate-beetlejuice-tour-guide-the-bio-exorcist-beetlejuice-1988\/#primaryimage\",\"url\":\"https:\/\/endormoonstore.com\/wp-content\/uploads\/2024\/09\/Ultimate-Beetlejuice-Tour-Guide-The-Bio-Exorcist-Beetlejuice-1988-1.jpg\",\"contentUrl\":\"https:\/\/endormoonstore.com\/wp-content\/uploads\/2024\/09\/Ultimate-Beetlejuice-Tour-Guide-The-Bio-Exorcist-Beetlejuice-1988-1.jpg\",\"width\":800,\"height\":1000},{\"@type\":\"BreadcrumbList\",\"@id\":\"https:\/\/endormoonstore.com\/en\/ultimate-beetlejuice-tour-guide-the-bio-exorcist-beetlejuice-1988\/#breadcrumb\",\"itemListElement\":[{\"@type\":\"ListItem\",\"position\":1,\"name\":\"Shop\",\"item\":\"https:\/\/endormoonstore.com\/en\/shop\/\"},{\"@type\":\"ListItem\",\"position\":2,\"name\":\"Ultimate Beetlejuice Tour Guide The Bio-Exorcist Beetlejuice 1988\"}]},{\"@type\":\"WebSite\",\"@id\":\"https:\/\/endormoonstore.com\/#website\",\"url\":\"https:\/\/endormoonstore.com\/\",\"name\":\"EndormoonStore\",\"description\":\"\",\"potentialAction\":[{\"@type\":\"SearchAction\",\"target\":{\"@type\":\"EntryPoint\",\"urlTemplate\":\"https:\/\/endormoonstore.com\/?s={search_term_string}\"},\"query-input\":{\"@type\":\"PropertyValueSpecification\",\"valueRequired\":true,\"valueName\":\"search_term_string\"}}],\"inLanguage\":\"en-US\"}]}<\/script>\n<!-- \/ Yoast SEO plugin. -->","yoast_head_json":{"title":"Ultimate Beetlejuice Tour Guide The Bio-Exorcist Beetlejuice 1988 - EndormoonStore","robots":{"index":"index","follow":"follow","max-snippet":"max-snippet:-1","max-image-preview":"max-image-preview:large","max-video-preview":"max-video-preview:-1"},"canonical":"https:\/\/endormoonstore.com\/en\/ultimate-beetlejuice-tour-guide-the-bio-exorcist-beetlejuice-1988\/","og_locale":"en_US","og_type":"article","og_title":"Ultimate Beetlejuice Tour Guide The Bio-Exorcist Beetlejuice 1988 - EndormoonStore","og_description":"Ultimate Beetlejuice Tour Guide The Bio-Exorcist Beetlejuice 1988 \u00bfNecesitas asustar a los vivos para que se alejen de tu c\u00f3modo refugio? \u00a1Solo di \"Betelgeuse\" tres veces y convocar\u00e1s al principal bioexorcista del m\u00e1s all\u00e1!","og_url":"https:\/\/endormoonstore.com\/en\/ultimate-beetlejuice-tour-guide-the-bio-exorcist-beetlejuice-1988\/","og_site_name":"EndormoonStore","article_modified_time":"2024-09-26T15:30:20+00:00","og_image":[{"width":800,"height":1000,"url":"https:\/\/endormoonstore.com\/wp-content\/uploads\/2024\/09\/Ultimate-Beetlejuice-Tour-Guide-The-Bio-Exorcist-Beetlejuice-1988-1.jpg","type":"image\/jpeg"}],"twitter_card":"summary_large_image","twitter_misc":{"Est. reading time":"1 minute"},"schema":{"@context":"https:\/\/schema.org","@graph":[{"@type":"WebPage","@id":"https:\/\/endormoonstore.com\/en\/ultimate-beetlejuice-tour-guide-the-bio-exorcist-beetlejuice-1988\/","url":"https:\/\/endormoonstore.com\/en\/ultimate-beetlejuice-tour-guide-the-bio-exorcist-beetlejuice-1988\/","name":"Ultimate Beetlejuice Tour Guide The Bio-Exorcist Beetlejuice 1988 - EndormoonStore","isPartOf":{"@id":"https:\/\/endormoonstore.com\/#website"},"primaryImageOfPage":{"@id":"https:\/\/endormoonstore.com\/en\/ultimate-beetlejuice-tour-guide-the-bio-exorcist-beetlejuice-1988\/#primaryimage"},"image":{"@id":"https:\/\/endormoonstore.com\/en\/ultimate-beetlejuice-tour-guide-the-bio-exorcist-beetlejuice-1988\/#primaryimage"},"thumbnailUrl":"https:\/\/endormoonstore.com\/wp-content\/uploads\/2024\/09\/Ultimate-Beetlejuice-Tour-Guide-The-Bio-Exorcist-Beetlejuice-1988-1.jpg","datePublished":"2024-09-01T01:55:02+00:00","dateModified":"2024-09-26T15:30:20+00:00","breadcrumb":{"@id":"https:\/\/endormoonstore.com\/en\/ultimate-beetlejuice-tour-guide-the-bio-exorcist-beetlejuice-1988\/#breadcrumb"},"inLanguage":"en-US","potentialAction":[{"@type":"ReadAction","target":["https:\/\/endormoonstore.com\/en\/ultimate-beetlejuice-tour-guide-the-bio-exorcist-beetlejuice-1988\/"]}]},{"@type":"ImageObject","inLanguage":"en-US","@id":"https:\/\/endormoonstore.com\/en\/ultimate-beetlejuice-tour-guide-the-bio-exorcist-beetlejuice-1988\/#primaryimage","url":"https:\/\/endormoonstore.com\/wp-content\/uploads\/2024\/09\/Ultimate-Beetlejuice-Tour-Guide-The-Bio-Exorcist-Beetlejuice-1988-1.jpg","contentUrl":"https:\/\/endormoonstore.com\/wp-content\/uploads\/2024\/09\/Ultimate-Beetlejuice-Tour-Guide-The-Bio-Exorcist-Beetlejuice-1988-1.jpg","width":800,"height":1000},{"@type":"BreadcrumbList","@id":"https:\/\/endormoonstore.com\/en\/ultimate-beetlejuice-tour-guide-the-bio-exorcist-beetlejuice-1988\/#breadcrumb","itemListElement":[{"@type":"ListItem","position":1,"name":"Shop","item":"https:\/\/endormoonstore.com\/en\/shop\/"},{"@type":"ListItem","position":2,"name":"Ultimate Beetlejuice Tour Guide The Bio-Exorcist Beetlejuice 1988"}]},{"@type":"WebSite","@id":"https:\/\/endormoonstore.com\/#website","url":"https:\/\/endormoonstore.com\/","name":"EndormoonStore","description":"","potentialAction":[{"@type":"SearchAction","target":{"@type":"EntryPoint","urlTemplate":"https:\/\/endormoonstore.com\/?s={search_term_string}"},"query-input":{"@type":"PropertyValueSpecification","valueRequired":true,"valueName":"search_term_string"}}],"inLanguage":"en-US"}]}},"taxonomy_info":{"product_cat":[{"value":1384,"label":"Pre-orders"}],"pa_brand":[{"value":2090,"label":"Neca"}],"pa_character":[{"value":4865,"label":"Beetlejuice"}],"pa_license":[{"value":4871,"label":"Beetlejuice"}],"pa_product-type":[{"value":2387,"label":"Figure"}],"pa_theme":[{"value":2864,"label":"Scale Action Figure"}]},"featured_image_src_large":["https:\/\/endormoonstore.com\/wp-content\/uploads\/2024\/09\/Ultimate-Beetlejuice-Tour-Guide-The-Bio-Exorcist-Beetlejuice-1988-1.jpg",800,1000,false],"author_info":[],"comment_info":"","_links":{"self":[{"href":"https:\/\/endormoonstore.com\/en\/wp-json\/wp\/v2\/product\/162934","targetHints":{"allow":["GET"]}}],"collection":[{"href":"https:\/\/endormoonstore.com\/en\/wp-json\/wp\/v2\/product"}],"about":[{"href":"https:\/\/endormoonstore.com\/en\/wp-json\/wp\/v2\/types\/product"}],"wp:featuredmedia":[{"embeddable":true,"href":"https:\/\/endormoonstore.com\/en\/wp-json\/wp\/v2\/media\/162908"}],"wp:attachment":[{"href":"https:\/\/endormoonstore.com\/en\/wp-json\/wp\/v2\/media?parent=162934"}],"wp:term":[{"taxonomy":"product_cat","embeddable":true,"href":"https:\/\/endormoonstore.com\/en\/wp-json\/wp\/v2\/product_cat?post=162934"},{"taxonomy":"product_tag","embeddable":true,"href":"https:\/\/endormoonstore.com\/en\/wp-json\/wp\/v2\/product_tag?post=162934"}],"curies":[{"name":"wp","href":"https:\/\/api.w.org\/{rel}","templated":true}]}}