{"id":162886,"date":"2025-09-29T02:30:07","date_gmt":"2025-09-29T00:30:07","guid":{"rendered":"https:\/\/endormoonstore.com\/ultimate-count-dracula-horror-of-dracula-1958\/"},"modified":"2025-12-19T23:32:47","modified_gmt":"2025-12-19T22:32:47","slug":"ultimate-count-dracula-horror-of-dracula-1958","status":"publish","type":"product","link":"https:\/\/endormoonstore.com\/en\/ultimate-count-dracula-horror-of-dracula-1958\/","title":{"rendered":"Ultimate Count Dracula Horror of Dracula 1958"},"content":{"rendered":"<p class=\"p1\"><strong>Ultimate Count Dracula Horror of Dracula 1958<\/strong><\/p>\n<ul class=\"ul1\">\n<li class=\"li1\">Neca presenta la primera de una serie de figuras de acci\u00f3n de la legendaria Hammer House of Horror. Hammer ha producido pel\u00edculas de terror emblem\u00e1ticas desde la d\u00e9cada de 1950, y una de las m\u00e1s famosas es Horror of Dracula.<\/li>\n<li class=\"li1\">La pel\u00edcula cautiv\u00f3 al p\u00fablico con su mezcla de colores vivos, carnalidad y violencia, y la interpretaci\u00f3n de Dr\u00e1cula por parte de Christopher Lee se considera un punto de referencia con el que se miden otras representaciones. Esta figura de acci\u00f3n Ultimate Dracula tiene una ealtura de unos 18 cm.<\/li>\n<li class=\"li1\">Incluye una capa de tela extra\u00edble,\u00a0 dos cabezas intercambiables, tres manos intercambiables, una pala, un candelabro apagado y un candelabro en llamas.<\/li>\n<li class=\"li1\">Embalaje en caja con ventana con solapa frontal que se abre, ideal para coleccionistas.<\/li>\n<\/ul>\n","protected":false},"excerpt":{"rendered":"<p class=\"p1\"><strong>Ultimate Count Dracula Horror of Dracula 1958<\/strong><\/p>\n<p class=\"p1\">Neca presenta la primera de una serie de figuras de acci\u00f3n de la legendaria Hammer House of Horror. Hammer ha producido pel\u00edculas de terror emblem\u00e1ticas desde la d\u00e9cada de 1950, y una de las m\u00e1s famosas es Horror of Dracula.<\/p>\n","protected":false},"featured_media":162858,"template":"","meta":{"_acf_changed":false,"_kad_blocks_custom_css":"","_kad_blocks_head_custom_js":"","_kad_blocks_body_custom_js":"","_kad_blocks_footer_custom_js":""},"product_cat":[13453,1390,13511],"product_tag":[],"class_list":{"0":"post-162886","1":"product","2":"type-product","3":"status-publish","4":"has-post-thumbnail","6":"product_cat-featured","7":"product_cat-figures","8":"product_cat-new-arrivals","9":"pa_brand-neca-en","10":"pa_character-dracula-en","11":"pa_episode-horror-of-dracula-1958-en","12":"pa_license-hammer-horror-en","13":"pa_product-type-figure","14":"pa_theme-hammer-house-of-horror-en","16":"first","17":"instock","18":"taxable","19":"shipping-taxable","20":"purchasable","21":"product-type-simple"},"acf":[],"yoast_head":"<!-- This site is optimized with the Yoast SEO plugin v26.1.1 - https:\/\/yoast.com\/wordpress\/plugins\/seo\/ -->\n<title>Ultimate Count Dracula Horror of Dracula 1958 - EndormoonStore<\/title>\n<meta name=\"robots\" content=\"index, follow, max-snippet:-1, max-image-preview:large, max-video-preview:-1\" \/>\n<link rel=\"canonical\" href=\"https:\/\/endormoonstore.com\/en\/ultimate-count-dracula-horror-of-dracula-1958\/\" \/>\n<meta property=\"og:locale\" content=\"en_US\" \/>\n<meta property=\"og:type\" content=\"article\" \/>\n<meta property=\"og:title\" content=\"Ultimate Count Dracula Horror of Dracula 1958 - EndormoonStore\" \/>\n<meta property=\"og:description\" content=\"Ultimate Count Dracula Horror of Dracula 1958 Neca presenta la primera de una serie de figuras de acci\u00f3n de la legendaria Hammer House of Horror. Hammer ha producido pel\u00edculas de terror emblem\u00e1ticas desde la d\u00e9cada de 1950, y una de las m\u00e1s famosas es Horror of Dracula.\" \/>\n<meta property=\"og:url\" content=\"https:\/\/endormoonstore.com\/en\/ultimate-count-dracula-horror-of-dracula-1958\/\" \/>\n<meta property=\"og:site_name\" content=\"EndormoonStore\" \/>\n<meta property=\"article:modified_time\" content=\"2025-12-19T22:32:47+00:00\" \/>\n<meta property=\"og:image\" content=\"https:\/\/endormoonstore.com\/wp-content\/uploads\/2024\/09\/Ultimate-Count-Dracula-Horror-of-Dracula-1958-1.jpg\" \/>\n\t<meta property=\"og:image:width\" content=\"681\" \/>\n\t<meta property=\"og:image:height\" content=\"1024\" \/>\n\t<meta property=\"og:image:type\" content=\"image\/jpeg\" \/>\n<meta name=\"twitter:card\" content=\"summary_large_image\" \/>\n<meta name=\"twitter:label1\" content=\"Est. reading time\" \/>\n\t<meta name=\"twitter:data1\" content=\"1 minute\" \/>\n<script type=\"application\/ld+json\" class=\"yoast-schema-graph\">{\"@context\":\"https:\/\/schema.org\",\"@graph\":[{\"@type\":\"WebPage\",\"@id\":\"https:\/\/endormoonstore.com\/en\/ultimate-count-dracula-horror-of-dracula-1958\/\",\"url\":\"https:\/\/endormoonstore.com\/en\/ultimate-count-dracula-horror-of-dracula-1958\/\",\"name\":\"Ultimate Count Dracula Horror of Dracula 1958 - EndormoonStore\",\"isPartOf\":{\"@id\":\"https:\/\/endormoonstore.com\/#website\"},\"primaryImageOfPage\":{\"@id\":\"https:\/\/endormoonstore.com\/en\/ultimate-count-dracula-horror-of-dracula-1958\/#primaryimage\"},\"image\":{\"@id\":\"https:\/\/endormoonstore.com\/en\/ultimate-count-dracula-horror-of-dracula-1958\/#primaryimage\"},\"thumbnailUrl\":\"https:\/\/endormoonstore.com\/wp-content\/uploads\/2024\/09\/Ultimate-Count-Dracula-Horror-of-Dracula-1958-1.jpg\",\"datePublished\":\"2025-09-29T00:30:07+00:00\",\"dateModified\":\"2025-12-19T22:32:47+00:00\",\"breadcrumb\":{\"@id\":\"https:\/\/endormoonstore.com\/en\/ultimate-count-dracula-horror-of-dracula-1958\/#breadcrumb\"},\"inLanguage\":\"en-US\",\"potentialAction\":[{\"@type\":\"ReadAction\",\"target\":[\"https:\/\/endormoonstore.com\/en\/ultimate-count-dracula-horror-of-dracula-1958\/\"]}]},{\"@type\":\"ImageObject\",\"inLanguage\":\"en-US\",\"@id\":\"https:\/\/endormoonstore.com\/en\/ultimate-count-dracula-horror-of-dracula-1958\/#primaryimage\",\"url\":\"https:\/\/endormoonstore.com\/wp-content\/uploads\/2024\/09\/Ultimate-Count-Dracula-Horror-of-Dracula-1958-1.jpg\",\"contentUrl\":\"https:\/\/endormoonstore.com\/wp-content\/uploads\/2024\/09\/Ultimate-Count-Dracula-Horror-of-Dracula-1958-1.jpg\",\"width\":681,\"height\":1024},{\"@type\":\"BreadcrumbList\",\"@id\":\"https:\/\/endormoonstore.com\/en\/ultimate-count-dracula-horror-of-dracula-1958\/#breadcrumb\",\"itemListElement\":[{\"@type\":\"ListItem\",\"position\":1,\"name\":\"Shop\",\"item\":\"https:\/\/endormoonstore.com\/en\/shop\/\"},{\"@type\":\"ListItem\",\"position\":2,\"name\":\"Ultimate Count Dracula Horror of Dracula 1958\"}]},{\"@type\":\"WebSite\",\"@id\":\"https:\/\/endormoonstore.com\/#website\",\"url\":\"https:\/\/endormoonstore.com\/\",\"name\":\"EndormoonStore\",\"description\":\"\",\"potentialAction\":[{\"@type\":\"SearchAction\",\"target\":{\"@type\":\"EntryPoint\",\"urlTemplate\":\"https:\/\/endormoonstore.com\/?s={search_term_string}\"},\"query-input\":{\"@type\":\"PropertyValueSpecification\",\"valueRequired\":true,\"valueName\":\"search_term_string\"}}],\"inLanguage\":\"en-US\"}]}<\/script>\n<!-- \/ Yoast SEO plugin. -->","yoast_head_json":{"title":"Ultimate Count Dracula Horror of Dracula 1958 - EndormoonStore","robots":{"index":"index","follow":"follow","max-snippet":"max-snippet:-1","max-image-preview":"max-image-preview:large","max-video-preview":"max-video-preview:-1"},"canonical":"https:\/\/endormoonstore.com\/en\/ultimate-count-dracula-horror-of-dracula-1958\/","og_locale":"en_US","og_type":"article","og_title":"Ultimate Count Dracula Horror of Dracula 1958 - EndormoonStore","og_description":"Ultimate Count Dracula Horror of Dracula 1958 Neca presenta la primera de una serie de figuras de acci\u00f3n de la legendaria Hammer House of Horror. Hammer ha producido pel\u00edculas de terror emblem\u00e1ticas desde la d\u00e9cada de 1950, y una de las m\u00e1s famosas es Horror of Dracula.","og_url":"https:\/\/endormoonstore.com\/en\/ultimate-count-dracula-horror-of-dracula-1958\/","og_site_name":"EndormoonStore","article_modified_time":"2025-12-19T22:32:47+00:00","og_image":[{"width":681,"height":1024,"url":"https:\/\/endormoonstore.com\/wp-content\/uploads\/2024\/09\/Ultimate-Count-Dracula-Horror-of-Dracula-1958-1.jpg","type":"image\/jpeg"}],"twitter_card":"summary_large_image","twitter_misc":{"Est. reading time":"1 minute"},"schema":{"@context":"https:\/\/schema.org","@graph":[{"@type":"WebPage","@id":"https:\/\/endormoonstore.com\/en\/ultimate-count-dracula-horror-of-dracula-1958\/","url":"https:\/\/endormoonstore.com\/en\/ultimate-count-dracula-horror-of-dracula-1958\/","name":"Ultimate Count Dracula Horror of Dracula 1958 - EndormoonStore","isPartOf":{"@id":"https:\/\/endormoonstore.com\/#website"},"primaryImageOfPage":{"@id":"https:\/\/endormoonstore.com\/en\/ultimate-count-dracula-horror-of-dracula-1958\/#primaryimage"},"image":{"@id":"https:\/\/endormoonstore.com\/en\/ultimate-count-dracula-horror-of-dracula-1958\/#primaryimage"},"thumbnailUrl":"https:\/\/endormoonstore.com\/wp-content\/uploads\/2024\/09\/Ultimate-Count-Dracula-Horror-of-Dracula-1958-1.jpg","datePublished":"2025-09-29T00:30:07+00:00","dateModified":"2025-12-19T22:32:47+00:00","breadcrumb":{"@id":"https:\/\/endormoonstore.com\/en\/ultimate-count-dracula-horror-of-dracula-1958\/#breadcrumb"},"inLanguage":"en-US","potentialAction":[{"@type":"ReadAction","target":["https:\/\/endormoonstore.com\/en\/ultimate-count-dracula-horror-of-dracula-1958\/"]}]},{"@type":"ImageObject","inLanguage":"en-US","@id":"https:\/\/endormoonstore.com\/en\/ultimate-count-dracula-horror-of-dracula-1958\/#primaryimage","url":"https:\/\/endormoonstore.com\/wp-content\/uploads\/2024\/09\/Ultimate-Count-Dracula-Horror-of-Dracula-1958-1.jpg","contentUrl":"https:\/\/endormoonstore.com\/wp-content\/uploads\/2024\/09\/Ultimate-Count-Dracula-Horror-of-Dracula-1958-1.jpg","width":681,"height":1024},{"@type":"BreadcrumbList","@id":"https:\/\/endormoonstore.com\/en\/ultimate-count-dracula-horror-of-dracula-1958\/#breadcrumb","itemListElement":[{"@type":"ListItem","position":1,"name":"Shop","item":"https:\/\/endormoonstore.com\/en\/shop\/"},{"@type":"ListItem","position":2,"name":"Ultimate Count Dracula Horror of Dracula 1958"}]},{"@type":"WebSite","@id":"https:\/\/endormoonstore.com\/#website","url":"https:\/\/endormoonstore.com\/","name":"EndormoonStore","description":"","potentialAction":[{"@type":"SearchAction","target":{"@type":"EntryPoint","urlTemplate":"https:\/\/endormoonstore.com\/?s={search_term_string}"},"query-input":{"@type":"PropertyValueSpecification","valueRequired":true,"valueName":"search_term_string"}}],"inLanguage":"en-US"}]}},"taxonomy_info":{"product_cat":[{"value":13453,"label":"Featured"},{"value":1390,"label":"Figures"},{"value":13511,"label":"New Arrivals"}],"pa_brand":[{"value":2090,"label":"Neca"}],"pa_character":[{"value":10141,"label":"Dracula"}],"pa_episode":[{"value":15960,"label":"Horror of Dracula (1958)"}],"pa_license":[{"value":15958,"label":"Hammer Horror"}],"pa_product-type":[{"value":2387,"label":"Figure"}],"pa_theme":[{"value":14703,"label":"Hammer House of Horror"}]},"featured_image_src_large":["https:\/\/endormoonstore.com\/wp-content\/uploads\/2024\/09\/Ultimate-Count-Dracula-Horror-of-Dracula-1958-1.jpg",681,1024,false],"author_info":[],"comment_info":"","_links":{"self":[{"href":"https:\/\/endormoonstore.com\/en\/wp-json\/wp\/v2\/product\/162886","targetHints":{"allow":["GET"]}}],"collection":[{"href":"https:\/\/endormoonstore.com\/en\/wp-json\/wp\/v2\/product"}],"about":[{"href":"https:\/\/endormoonstore.com\/en\/wp-json\/wp\/v2\/types\/product"}],"wp:featuredmedia":[{"embeddable":true,"href":"https:\/\/endormoonstore.com\/en\/wp-json\/wp\/v2\/media\/162858"}],"wp:attachment":[{"href":"https:\/\/endormoonstore.com\/en\/wp-json\/wp\/v2\/media?parent=162886"}],"wp:term":[{"taxonomy":"product_cat","embeddable":true,"href":"https:\/\/endormoonstore.com\/en\/wp-json\/wp\/v2\/product_cat?post=162886"},{"taxonomy":"product_tag","embeddable":true,"href":"https:\/\/endormoonstore.com\/en\/wp-json\/wp\/v2\/product_tag?post=162886"}],"curies":[{"name":"wp","href":"https:\/\/api.w.org\/{rel}","templated":true}]}}