{"id":162789,"date":"2024-11-05T02:10:01","date_gmt":"2024-09-01T01:25:01","guid":{"rendered":"https:\/\/endormoonstore.com\/star-wars-the-black-series-star-wars-the-last-command-4-pack\/"},"modified":"2024-09-25T08:39:46","modified_gmt":"2024-09-25T06:39:46","slug":"star-wars-the-black-series-star-wars-the-last-command-4-pack","status":"publish","type":"product","link":"https:\/\/endormoonstore.com\/en\/star-wars-the-black-series-star-wars-the-last-command-4-pack\/","title":{"rendered":"Star Wars The Black Series Star Wars: The Last Command 4-Pack"},"content":{"rendered":"<p class=\"p1\"><strong>Star Wars The Black Series Star Wars: The Last Command 4-Pack<\/strong><\/p>\n<ul>\n<li>Hasbro presenta, dentro de la colecci\u00f3n The Black Series, este pack de 4 figuras de acci\u00f3n de Star Wars detallado para parecerse a Luke Skywalker, Luuke, Joruus C&#8217;baoth y Mara Jade de los c\u00f3mics de Star Wars: The Last Command. Con caracter\u00edsticas y decoraci\u00f3n exquisitas. Miden 15 cm y est\u00e1n basadas en los personajes de los c\u00f3mics &#8220;Star Wars: The Last Command&#8221;.<\/li>\n<li>Luke Skywalker y Mara Jade deben enfrentarse al Maestro Jedi Joruus C&#8217;baoth en un \u00faltimo esfuerzo por salvar a la Rep\u00fablica de las abrumadoras fuerzas del Gran Almirante Thrawn.<\/li>\n<li>Incluyen cuatro sables de luz, dos manos con rayos para Joruus, y una cabeza y un bl\u00e1ster para Mara Jade. La capa de Luke Skywalker es extra\u00edble.<\/li>\n<li>Se presenta con un empaque de caja cerrada con todo lujo de detalles que presenta un arte de personajes de c\u00f3mic \u00fanico para cada personaje.<\/li>\n<\/ul>\n","protected":false},"excerpt":{"rendered":"<p class=\"p1\"><strong>Star Wars The Black Series Star Wars: The Last Command 4-Pack<\/strong><\/p>\n<p class=\"p1\">Hasbro presenta, dentro de la colecci\u00f3n The Black Series, este pack de 4 figuras de acci\u00f3n de Star Wars detallado para parecerse a Luke Skywalker, Luuke, Joruus C&#8217;baoth y Mara Jade de los c\u00f3mics de Star Wars: The Last Command. Con caracter\u00edsticas y decoraci\u00f3n exquisitas. Miden 15 cm y est\u00e1n basadas en los personajes de los c\u00f3mics &#8220;Star Wars: The Last Command&#8221;.<\/p>\n","protected":false},"featured_media":162758,"template":"","meta":{"_acf_changed":false,"_kad_blocks_custom_css":"","_kad_blocks_head_custom_js":"","_kad_blocks_body_custom_js":"","_kad_blocks_footer_custom_js":""},"product_cat":[1390,13511],"product_tag":[],"class_list":{"0":"post-162789","1":"product","2":"type-product","3":"status-publish","4":"has-post-thumbnail","6":"product_cat-figures","7":"product_cat-new-arrivals","8":"pa_brand-hasbro-en","9":"pa_character-luke-skywalker-en","10":"pa_character-joruus-cbaoth-en","11":"pa_character-luuke-skywalker-en","12":"pa_character-mara-jade-en","13":"pa_episode-star-wars-the-last-command-en","14":"pa_license-star-wars-en","15":"pa_product-type-figure","16":"pa_theme-the-black-series-en","18":"first","19":"instock","20":"taxable","21":"shipping-taxable","22":"purchasable","23":"product-type-simple"},"acf":[],"yoast_head":"<!-- This site is optimized with the Yoast SEO plugin v26.1.1 - https:\/\/yoast.com\/wordpress\/plugins\/seo\/ -->\n<title>Star Wars The Black Series Star Wars: The Last Command 4-Pack - EndormoonStore<\/title>\n<meta name=\"robots\" content=\"index, follow, max-snippet:-1, max-image-preview:large, max-video-preview:-1\" \/>\n<link rel=\"canonical\" href=\"https:\/\/endormoonstore.com\/en\/star-wars-the-black-series-star-wars-the-last-command-4-pack\/\" \/>\n<meta property=\"og:locale\" content=\"en_US\" \/>\n<meta property=\"og:type\" content=\"article\" \/>\n<meta property=\"og:title\" content=\"Star Wars The Black Series Star Wars: The Last Command 4-Pack - EndormoonStore\" \/>\n<meta property=\"og:description\" content=\"Star Wars The Black Series Star Wars: The Last Command 4-Pack Hasbro presenta, dentro de la colecci\u00f3n The Black Series, este pack de 4 figuras de acci\u00f3n de Star Wars detallado para parecerse a Luke Skywalker, Luuke, Joruus C&#039;baoth y Mara Jade de los c\u00f3mics de Star Wars: The Last Command. Con caracter\u00edsticas y decoraci\u00f3n exquisitas. Miden 15 cm y est\u00e1n basadas en los personajes de los c\u00f3mics &quot;Star Wars: The Last Command&quot;.\" \/>\n<meta property=\"og:url\" content=\"https:\/\/endormoonstore.com\/en\/star-wars-the-black-series-star-wars-the-last-command-4-pack\/\" \/>\n<meta property=\"og:site_name\" content=\"EndormoonStore\" \/>\n<meta property=\"article:modified_time\" content=\"2024-09-25T06:39:46+00:00\" \/>\n<meta property=\"og:image\" content=\"https:\/\/endormoonstore.com\/wp-content\/uploads\/2024\/09\/Star-Wars-The-Black-Series-Star-Wars-The-Last-Command-4-Pack-1.jpg\" \/>\n\t<meta property=\"og:image:width\" content=\"1000\" \/>\n\t<meta property=\"og:image:height\" content=\"1000\" \/>\n\t<meta property=\"og:image:type\" content=\"image\/jpeg\" \/>\n<meta name=\"twitter:card\" content=\"summary_large_image\" \/>\n<meta name=\"twitter:label1\" content=\"Est. reading time\" \/>\n\t<meta name=\"twitter:data1\" content=\"1 minute\" \/>\n<script type=\"application\/ld+json\" class=\"yoast-schema-graph\">{\"@context\":\"https:\/\/schema.org\",\"@graph\":[{\"@type\":\"WebPage\",\"@id\":\"https:\/\/endormoonstore.com\/en\/star-wars-the-black-series-star-wars-the-last-command-4-pack\/\",\"url\":\"https:\/\/endormoonstore.com\/en\/star-wars-the-black-series-star-wars-the-last-command-4-pack\/\",\"name\":\"Star Wars The Black Series Star Wars: The Last Command 4-Pack - EndormoonStore\",\"isPartOf\":{\"@id\":\"https:\/\/endormoonstore.com\/#website\"},\"primaryImageOfPage\":{\"@id\":\"https:\/\/endormoonstore.com\/en\/star-wars-the-black-series-star-wars-the-last-command-4-pack\/#primaryimage\"},\"image\":{\"@id\":\"https:\/\/endormoonstore.com\/en\/star-wars-the-black-series-star-wars-the-last-command-4-pack\/#primaryimage\"},\"thumbnailUrl\":\"https:\/\/endormoonstore.com\/wp-content\/uploads\/2024\/09\/Star-Wars-The-Black-Series-Star-Wars-The-Last-Command-4-Pack-1.jpg\",\"datePublished\":\"2024-09-01T01:25:01+00:00\",\"dateModified\":\"2024-09-25T06:39:46+00:00\",\"breadcrumb\":{\"@id\":\"https:\/\/endormoonstore.com\/en\/star-wars-the-black-series-star-wars-the-last-command-4-pack\/#breadcrumb\"},\"inLanguage\":\"en-US\",\"potentialAction\":[{\"@type\":\"ReadAction\",\"target\":[\"https:\/\/endormoonstore.com\/en\/star-wars-the-black-series-star-wars-the-last-command-4-pack\/\"]}]},{\"@type\":\"ImageObject\",\"inLanguage\":\"en-US\",\"@id\":\"https:\/\/endormoonstore.com\/en\/star-wars-the-black-series-star-wars-the-last-command-4-pack\/#primaryimage\",\"url\":\"https:\/\/endormoonstore.com\/wp-content\/uploads\/2024\/09\/Star-Wars-The-Black-Series-Star-Wars-The-Last-Command-4-Pack-1.jpg\",\"contentUrl\":\"https:\/\/endormoonstore.com\/wp-content\/uploads\/2024\/09\/Star-Wars-The-Black-Series-Star-Wars-The-Last-Command-4-Pack-1.jpg\",\"width\":1000,\"height\":1000},{\"@type\":\"BreadcrumbList\",\"@id\":\"https:\/\/endormoonstore.com\/en\/star-wars-the-black-series-star-wars-the-last-command-4-pack\/#breadcrumb\",\"itemListElement\":[{\"@type\":\"ListItem\",\"position\":1,\"name\":\"Shop\",\"item\":\"https:\/\/endormoonstore.com\/en\/shop\/\"},{\"@type\":\"ListItem\",\"position\":2,\"name\":\"Star Wars The Black Series Star Wars: The Last Command 4-Pack\"}]},{\"@type\":\"WebSite\",\"@id\":\"https:\/\/endormoonstore.com\/#website\",\"url\":\"https:\/\/endormoonstore.com\/\",\"name\":\"EndormoonStore\",\"description\":\"\",\"potentialAction\":[{\"@type\":\"SearchAction\",\"target\":{\"@type\":\"EntryPoint\",\"urlTemplate\":\"https:\/\/endormoonstore.com\/?s={search_term_string}\"},\"query-input\":{\"@type\":\"PropertyValueSpecification\",\"valueRequired\":true,\"valueName\":\"search_term_string\"}}],\"inLanguage\":\"en-US\"}]}<\/script>\n<!-- \/ Yoast SEO plugin. -->","yoast_head_json":{"title":"Star Wars The Black Series Star Wars: The Last Command 4-Pack - EndormoonStore","robots":{"index":"index","follow":"follow","max-snippet":"max-snippet:-1","max-image-preview":"max-image-preview:large","max-video-preview":"max-video-preview:-1"},"canonical":"https:\/\/endormoonstore.com\/en\/star-wars-the-black-series-star-wars-the-last-command-4-pack\/","og_locale":"en_US","og_type":"article","og_title":"Star Wars The Black Series Star Wars: The Last Command 4-Pack - EndormoonStore","og_description":"Star Wars The Black Series Star Wars: The Last Command 4-Pack Hasbro presenta, dentro de la colecci\u00f3n The Black Series, este pack de 4 figuras de acci\u00f3n de Star Wars detallado para parecerse a Luke Skywalker, Luuke, Joruus C'baoth y Mara Jade de los c\u00f3mics de Star Wars: The Last Command. Con caracter\u00edsticas y decoraci\u00f3n exquisitas. Miden 15 cm y est\u00e1n basadas en los personajes de los c\u00f3mics \"Star Wars: The Last Command\".","og_url":"https:\/\/endormoonstore.com\/en\/star-wars-the-black-series-star-wars-the-last-command-4-pack\/","og_site_name":"EndormoonStore","article_modified_time":"2024-09-25T06:39:46+00:00","og_image":[{"width":1000,"height":1000,"url":"https:\/\/endormoonstore.com\/wp-content\/uploads\/2024\/09\/Star-Wars-The-Black-Series-Star-Wars-The-Last-Command-4-Pack-1.jpg","type":"image\/jpeg"}],"twitter_card":"summary_large_image","twitter_misc":{"Est. reading time":"1 minute"},"schema":{"@context":"https:\/\/schema.org","@graph":[{"@type":"WebPage","@id":"https:\/\/endormoonstore.com\/en\/star-wars-the-black-series-star-wars-the-last-command-4-pack\/","url":"https:\/\/endormoonstore.com\/en\/star-wars-the-black-series-star-wars-the-last-command-4-pack\/","name":"Star Wars The Black Series Star Wars: The Last Command 4-Pack - EndormoonStore","isPartOf":{"@id":"https:\/\/endormoonstore.com\/#website"},"primaryImageOfPage":{"@id":"https:\/\/endormoonstore.com\/en\/star-wars-the-black-series-star-wars-the-last-command-4-pack\/#primaryimage"},"image":{"@id":"https:\/\/endormoonstore.com\/en\/star-wars-the-black-series-star-wars-the-last-command-4-pack\/#primaryimage"},"thumbnailUrl":"https:\/\/endormoonstore.com\/wp-content\/uploads\/2024\/09\/Star-Wars-The-Black-Series-Star-Wars-The-Last-Command-4-Pack-1.jpg","datePublished":"2024-09-01T01:25:01+00:00","dateModified":"2024-09-25T06:39:46+00:00","breadcrumb":{"@id":"https:\/\/endormoonstore.com\/en\/star-wars-the-black-series-star-wars-the-last-command-4-pack\/#breadcrumb"},"inLanguage":"en-US","potentialAction":[{"@type":"ReadAction","target":["https:\/\/endormoonstore.com\/en\/star-wars-the-black-series-star-wars-the-last-command-4-pack\/"]}]},{"@type":"ImageObject","inLanguage":"en-US","@id":"https:\/\/endormoonstore.com\/en\/star-wars-the-black-series-star-wars-the-last-command-4-pack\/#primaryimage","url":"https:\/\/endormoonstore.com\/wp-content\/uploads\/2024\/09\/Star-Wars-The-Black-Series-Star-Wars-The-Last-Command-4-Pack-1.jpg","contentUrl":"https:\/\/endormoonstore.com\/wp-content\/uploads\/2024\/09\/Star-Wars-The-Black-Series-Star-Wars-The-Last-Command-4-Pack-1.jpg","width":1000,"height":1000},{"@type":"BreadcrumbList","@id":"https:\/\/endormoonstore.com\/en\/star-wars-the-black-series-star-wars-the-last-command-4-pack\/#breadcrumb","itemListElement":[{"@type":"ListItem","position":1,"name":"Shop","item":"https:\/\/endormoonstore.com\/en\/shop\/"},{"@type":"ListItem","position":2,"name":"Star Wars The Black Series Star Wars: The Last Command 4-Pack"}]},{"@type":"WebSite","@id":"https:\/\/endormoonstore.com\/#website","url":"https:\/\/endormoonstore.com\/","name":"EndormoonStore","description":"","potentialAction":[{"@type":"SearchAction","target":{"@type":"EntryPoint","urlTemplate":"https:\/\/endormoonstore.com\/?s={search_term_string}"},"query-input":{"@type":"PropertyValueSpecification","valueRequired":true,"valueName":"search_term_string"}}],"inLanguage":"en-US"}]}},"taxonomy_info":{"product_cat":[{"value":1390,"label":"Figures"},{"value":13511,"label":"New Arrivals"}],"pa_brand":[{"value":2084,"label":"Hasbro"}],"pa_character":[{"value":2399,"label":"Luke Skywalker"},{"value":14695,"label":"Joruus C'baoth"},{"value":14697,"label":"Luuke Skywalker"},{"value":13644,"label":"Mara Jade"}],"pa_episode":[{"value":14693,"label":"Star Wars: The Last Command"}],"pa_license":[{"value":1644,"label":"Star Wars"}],"pa_product-type":[{"value":2387,"label":"Figure"}],"pa_theme":[{"value":2552,"label":"The Black Series"}]},"featured_image_src_large":["https:\/\/endormoonstore.com\/wp-content\/uploads\/2024\/09\/Star-Wars-The-Black-Series-Star-Wars-The-Last-Command-4-Pack-1.jpg",1000,1000,false],"author_info":[],"comment_info":"","_links":{"self":[{"href":"https:\/\/endormoonstore.com\/en\/wp-json\/wp\/v2\/product\/162789","targetHints":{"allow":["GET"]}}],"collection":[{"href":"https:\/\/endormoonstore.com\/en\/wp-json\/wp\/v2\/product"}],"about":[{"href":"https:\/\/endormoonstore.com\/en\/wp-json\/wp\/v2\/types\/product"}],"wp:featuredmedia":[{"embeddable":true,"href":"https:\/\/endormoonstore.com\/en\/wp-json\/wp\/v2\/media\/162758"}],"wp:attachment":[{"href":"https:\/\/endormoonstore.com\/en\/wp-json\/wp\/v2\/media?parent=162789"}],"wp:term":[{"taxonomy":"product_cat","embeddable":true,"href":"https:\/\/endormoonstore.com\/en\/wp-json\/wp\/v2\/product_cat?post=162789"},{"taxonomy":"product_tag","embeddable":true,"href":"https:\/\/endormoonstore.com\/en\/wp-json\/wp\/v2\/product_tag?post=162789"}],"curies":[{"name":"wp","href":"https:\/\/api.w.org\/{rel}","templated":true}]}}