{"id":162652,"date":"2024-09-01T02:50:22","date_gmt":"2024-09-01T00:50:22","guid":{"rendered":"https:\/\/endormoonstore.com\/star-wars-the-black-series-star-wars-shadows-of-the-empire-prince-xizor\/"},"modified":"2024-09-23T23:06:47","modified_gmt":"2024-09-23T21:06:47","slug":"star-wars-the-black-series-star-wars-shadows-of-the-empire-prince-xizor","status":"publish","type":"product","link":"https:\/\/endormoonstore.com\/en\/star-wars-the-black-series-star-wars-shadows-of-the-empire-prince-xizor\/","title":{"rendered":"Star Wars The Black Series  Star Wars: Shadows of the Empire Prince Xizor"},"content":{"rendered":"<p class=\"p1\"><strong>Star Wars The Black Series Star Wars: Shadows of the Empire Prince Xizor<\/strong><\/p>\n<ul class=\"ul1\">\n<li class=\"li1\">\n<div class=\"pull-left margenDatosSecundarios\">\n<div id=\"ctl00_MainContent_dvSinopsis\" class=\"pull-left w100\">\n<div class=\"pull-left w100 text-justify well well-lg text-primary\"><span id=\"ctl00_MainContent_txtSinpsis\">Hasbro presenta, dentro de la colecci\u00f3n The Black Series, la figura de Prince Xizor. Mide 15 cm. y est\u00e1 basada en su apariencia en el videojuego &#8220;Star Wars: Shadows of the Empire&#8221;.<\/span><\/div>\n<\/div>\n<\/div>\n<\/li>\n<li class=\"li1\">El Pr\u00edncipe Xizor usa sus operaciones de env\u00edo intergal\u00e1ctico para ejecutar favores para el Imperio y llevar a cabo su propia agenda.<\/li>\n<li class=\"li1\">Esta figura de acci\u00f3n cuenta con una cabeza, brazos y piernas articuladas para que los fan puedan crear poses din\u00e1micas para exhibir. \u00a0Incluye una Vara<\/li>\n<\/ul>\n","protected":false},"excerpt":{"rendered":"<p class=\"p1\"><strong>Star Wars The Black Series Star Wars: Shadows of the Empire Prince Xizor<\/strong><\/p>\n<p class=\"p1\">Hasbro presenta, dentro de la colecci\u00f3n The Black Series, la figura de Prince Xizor. Mide 15 cm. y est\u00e1 basada en su apariencia en el videojuego &#8220;Star Wars: Shadows of the Empire&#8221;.<\/p>\n","protected":false},"featured_media":162631,"template":"","meta":{"_acf_changed":false,"_kad_blocks_custom_css":"","_kad_blocks_head_custom_js":"","_kad_blocks_body_custom_js":"","_kad_blocks_footer_custom_js":""},"product_cat":[1390],"product_tag":[],"class_list":{"0":"post-162652","1":"product","2":"type-product","3":"status-publish","4":"has-post-thumbnail","6":"product_cat-figures","7":"pa_brand-hasbro-en","8":"pa_character-prince-xizor-en","9":"pa_episode-star-wars-shadows-of-the-empire-en","10":"pa_license-star-wars-en","11":"pa_product-type-figure","12":"pa_theme-the-black-series-en","14":"first","15":"outofstock","16":"taxable","17":"shipping-taxable","18":"purchasable","19":"product-type-simple"},"acf":[],"yoast_head":"<!-- This site is optimized with the Yoast SEO plugin v26.1.1 - https:\/\/yoast.com\/wordpress\/plugins\/seo\/ -->\n<title>Star Wars The Black Series Star Wars: Shadows of the Empire Prince Xizor - EndormoonStore<\/title>\n<meta name=\"robots\" content=\"index, follow, max-snippet:-1, max-image-preview:large, max-video-preview:-1\" \/>\n<link rel=\"canonical\" href=\"https:\/\/endormoonstore.com\/en\/star-wars-the-black-series-star-wars-shadows-of-the-empire-prince-xizor\/\" \/>\n<meta property=\"og:locale\" content=\"en_US\" \/>\n<meta property=\"og:type\" content=\"article\" \/>\n<meta property=\"og:title\" content=\"Star Wars The Black Series Star Wars: Shadows of the Empire Prince Xizor - EndormoonStore\" \/>\n<meta property=\"og:description\" content=\"Star Wars The Black Series Star Wars: Shadows of the Empire Prince Xizor Hasbro presenta, dentro de la colecci\u00f3n The Black Series, la figura de Prince Xizor. Mide 15 cm. y est\u00e1 basada en su apariencia en el videojuego &quot;Star Wars: Shadows of the Empire&quot;.\" \/>\n<meta property=\"og:url\" content=\"https:\/\/endormoonstore.com\/en\/star-wars-the-black-series-star-wars-shadows-of-the-empire-prince-xizor\/\" \/>\n<meta property=\"og:site_name\" content=\"EndormoonStore\" \/>\n<meta property=\"article:modified_time\" content=\"2024-09-23T21:06:47+00:00\" \/>\n<meta property=\"og:image\" content=\"https:\/\/endormoonstore.com\/wp-content\/uploads\/2024\/09\/Star-Wars-The-Black-Series-Star-Wars-Shadows-of-the-Empire-Prince-Xizor-1.jpg\" \/>\n\t<meta property=\"og:image:width\" content=\"1000\" \/>\n\t<meta property=\"og:image:height\" content=\"1000\" \/>\n\t<meta property=\"og:image:type\" content=\"image\/jpeg\" \/>\n<meta name=\"twitter:card\" content=\"summary_large_image\" \/>\n<meta name=\"twitter:label1\" content=\"Est. reading time\" \/>\n\t<meta name=\"twitter:data1\" content=\"1 minute\" \/>\n<script type=\"application\/ld+json\" class=\"yoast-schema-graph\">{\"@context\":\"https:\/\/schema.org\",\"@graph\":[{\"@type\":\"WebPage\",\"@id\":\"https:\/\/endormoonstore.com\/en\/star-wars-the-black-series-star-wars-shadows-of-the-empire-prince-xizor\/\",\"url\":\"https:\/\/endormoonstore.com\/en\/star-wars-the-black-series-star-wars-shadows-of-the-empire-prince-xizor\/\",\"name\":\"Star Wars The Black Series Star Wars: Shadows of the Empire Prince Xizor - EndormoonStore\",\"isPartOf\":{\"@id\":\"https:\/\/endormoonstore.com\/#website\"},\"primaryImageOfPage\":{\"@id\":\"https:\/\/endormoonstore.com\/en\/star-wars-the-black-series-star-wars-shadows-of-the-empire-prince-xizor\/#primaryimage\"},\"image\":{\"@id\":\"https:\/\/endormoonstore.com\/en\/star-wars-the-black-series-star-wars-shadows-of-the-empire-prince-xizor\/#primaryimage\"},\"thumbnailUrl\":\"https:\/\/endormoonstore.com\/wp-content\/uploads\/2024\/09\/Star-Wars-The-Black-Series-Star-Wars-Shadows-of-the-Empire-Prince-Xizor-1.jpg\",\"datePublished\":\"2024-09-01T00:50:22+00:00\",\"dateModified\":\"2024-09-23T21:06:47+00:00\",\"breadcrumb\":{\"@id\":\"https:\/\/endormoonstore.com\/en\/star-wars-the-black-series-star-wars-shadows-of-the-empire-prince-xizor\/#breadcrumb\"},\"inLanguage\":\"en-US\",\"potentialAction\":[{\"@type\":\"ReadAction\",\"target\":[\"https:\/\/endormoonstore.com\/en\/star-wars-the-black-series-star-wars-shadows-of-the-empire-prince-xizor\/\"]}]},{\"@type\":\"ImageObject\",\"inLanguage\":\"en-US\",\"@id\":\"https:\/\/endormoonstore.com\/en\/star-wars-the-black-series-star-wars-shadows-of-the-empire-prince-xizor\/#primaryimage\",\"url\":\"https:\/\/endormoonstore.com\/wp-content\/uploads\/2024\/09\/Star-Wars-The-Black-Series-Star-Wars-Shadows-of-the-Empire-Prince-Xizor-1.jpg\",\"contentUrl\":\"https:\/\/endormoonstore.com\/wp-content\/uploads\/2024\/09\/Star-Wars-The-Black-Series-Star-Wars-Shadows-of-the-Empire-Prince-Xizor-1.jpg\",\"width\":1000,\"height\":1000},{\"@type\":\"BreadcrumbList\",\"@id\":\"https:\/\/endormoonstore.com\/en\/star-wars-the-black-series-star-wars-shadows-of-the-empire-prince-xizor\/#breadcrumb\",\"itemListElement\":[{\"@type\":\"ListItem\",\"position\":1,\"name\":\"Shop\",\"item\":\"https:\/\/endormoonstore.com\/en\/shop\/\"},{\"@type\":\"ListItem\",\"position\":2,\"name\":\"Star Wars The Black Series Star Wars: Shadows of the Empire Prince Xizor\"}]},{\"@type\":\"WebSite\",\"@id\":\"https:\/\/endormoonstore.com\/#website\",\"url\":\"https:\/\/endormoonstore.com\/\",\"name\":\"EndormoonStore\",\"description\":\"\",\"potentialAction\":[{\"@type\":\"SearchAction\",\"target\":{\"@type\":\"EntryPoint\",\"urlTemplate\":\"https:\/\/endormoonstore.com\/?s={search_term_string}\"},\"query-input\":{\"@type\":\"PropertyValueSpecification\",\"valueRequired\":true,\"valueName\":\"search_term_string\"}}],\"inLanguage\":\"en-US\"}]}<\/script>\n<!-- \/ Yoast SEO plugin. -->","yoast_head_json":{"title":"Star Wars The Black Series Star Wars: Shadows of the Empire Prince Xizor - EndormoonStore","robots":{"index":"index","follow":"follow","max-snippet":"max-snippet:-1","max-image-preview":"max-image-preview:large","max-video-preview":"max-video-preview:-1"},"canonical":"https:\/\/endormoonstore.com\/en\/star-wars-the-black-series-star-wars-shadows-of-the-empire-prince-xizor\/","og_locale":"en_US","og_type":"article","og_title":"Star Wars The Black Series Star Wars: Shadows of the Empire Prince Xizor - EndormoonStore","og_description":"Star Wars The Black Series Star Wars: Shadows of the Empire Prince Xizor Hasbro presenta, dentro de la colecci\u00f3n The Black Series, la figura de Prince Xizor. Mide 15 cm. y est\u00e1 basada en su apariencia en el videojuego \"Star Wars: Shadows of the Empire\".","og_url":"https:\/\/endormoonstore.com\/en\/star-wars-the-black-series-star-wars-shadows-of-the-empire-prince-xizor\/","og_site_name":"EndormoonStore","article_modified_time":"2024-09-23T21:06:47+00:00","og_image":[{"width":1000,"height":1000,"url":"https:\/\/endormoonstore.com\/wp-content\/uploads\/2024\/09\/Star-Wars-The-Black-Series-Star-Wars-Shadows-of-the-Empire-Prince-Xizor-1.jpg","type":"image\/jpeg"}],"twitter_card":"summary_large_image","twitter_misc":{"Est. reading time":"1 minute"},"schema":{"@context":"https:\/\/schema.org","@graph":[{"@type":"WebPage","@id":"https:\/\/endormoonstore.com\/en\/star-wars-the-black-series-star-wars-shadows-of-the-empire-prince-xizor\/","url":"https:\/\/endormoonstore.com\/en\/star-wars-the-black-series-star-wars-shadows-of-the-empire-prince-xizor\/","name":"Star Wars The Black Series Star Wars: Shadows of the Empire Prince Xizor - EndormoonStore","isPartOf":{"@id":"https:\/\/endormoonstore.com\/#website"},"primaryImageOfPage":{"@id":"https:\/\/endormoonstore.com\/en\/star-wars-the-black-series-star-wars-shadows-of-the-empire-prince-xizor\/#primaryimage"},"image":{"@id":"https:\/\/endormoonstore.com\/en\/star-wars-the-black-series-star-wars-shadows-of-the-empire-prince-xizor\/#primaryimage"},"thumbnailUrl":"https:\/\/endormoonstore.com\/wp-content\/uploads\/2024\/09\/Star-Wars-The-Black-Series-Star-Wars-Shadows-of-the-Empire-Prince-Xizor-1.jpg","datePublished":"2024-09-01T00:50:22+00:00","dateModified":"2024-09-23T21:06:47+00:00","breadcrumb":{"@id":"https:\/\/endormoonstore.com\/en\/star-wars-the-black-series-star-wars-shadows-of-the-empire-prince-xizor\/#breadcrumb"},"inLanguage":"en-US","potentialAction":[{"@type":"ReadAction","target":["https:\/\/endormoonstore.com\/en\/star-wars-the-black-series-star-wars-shadows-of-the-empire-prince-xizor\/"]}]},{"@type":"ImageObject","inLanguage":"en-US","@id":"https:\/\/endormoonstore.com\/en\/star-wars-the-black-series-star-wars-shadows-of-the-empire-prince-xizor\/#primaryimage","url":"https:\/\/endormoonstore.com\/wp-content\/uploads\/2024\/09\/Star-Wars-The-Black-Series-Star-Wars-Shadows-of-the-Empire-Prince-Xizor-1.jpg","contentUrl":"https:\/\/endormoonstore.com\/wp-content\/uploads\/2024\/09\/Star-Wars-The-Black-Series-Star-Wars-Shadows-of-the-Empire-Prince-Xizor-1.jpg","width":1000,"height":1000},{"@type":"BreadcrumbList","@id":"https:\/\/endormoonstore.com\/en\/star-wars-the-black-series-star-wars-shadows-of-the-empire-prince-xizor\/#breadcrumb","itemListElement":[{"@type":"ListItem","position":1,"name":"Shop","item":"https:\/\/endormoonstore.com\/en\/shop\/"},{"@type":"ListItem","position":2,"name":"Star Wars The Black Series Star Wars: Shadows of the Empire Prince Xizor"}]},{"@type":"WebSite","@id":"https:\/\/endormoonstore.com\/#website","url":"https:\/\/endormoonstore.com\/","name":"EndormoonStore","description":"","potentialAction":[{"@type":"SearchAction","target":{"@type":"EntryPoint","urlTemplate":"https:\/\/endormoonstore.com\/?s={search_term_string}"},"query-input":{"@type":"PropertyValueSpecification","valueRequired":true,"valueName":"search_term_string"}}],"inLanguage":"en-US"}]}},"taxonomy_info":{"product_cat":[{"value":1390,"label":"Figures"}],"pa_brand":[{"value":2084,"label":"Hasbro"}],"pa_character":[{"value":14683,"label":"Prince Xizor"}],"pa_episode":[{"value":14681,"label":"Star Wars: Shadows of the Empire"}],"pa_license":[{"value":1644,"label":"Star Wars"}],"pa_product-type":[{"value":2387,"label":"Figure"}],"pa_theme":[{"value":2552,"label":"The Black Series"}]},"featured_image_src_large":["https:\/\/endormoonstore.com\/wp-content\/uploads\/2024\/09\/Star-Wars-The-Black-Series-Star-Wars-Shadows-of-the-Empire-Prince-Xizor-1.jpg",1000,1000,false],"author_info":[],"comment_info":"","_links":{"self":[{"href":"https:\/\/endormoonstore.com\/en\/wp-json\/wp\/v2\/product\/162652","targetHints":{"allow":["GET"]}}],"collection":[{"href":"https:\/\/endormoonstore.com\/en\/wp-json\/wp\/v2\/product"}],"about":[{"href":"https:\/\/endormoonstore.com\/en\/wp-json\/wp\/v2\/types\/product"}],"wp:featuredmedia":[{"embeddable":true,"href":"https:\/\/endormoonstore.com\/en\/wp-json\/wp\/v2\/media\/162631"}],"wp:attachment":[{"href":"https:\/\/endormoonstore.com\/en\/wp-json\/wp\/v2\/media?parent=162652"}],"wp:term":[{"taxonomy":"product_cat","embeddable":true,"href":"https:\/\/endormoonstore.com\/en\/wp-json\/wp\/v2\/product_cat?post=162652"},{"taxonomy":"product_tag","embeddable":true,"href":"https:\/\/endormoonstore.com\/en\/wp-json\/wp\/v2\/product_tag?post=162652"}],"curies":[{"name":"wp","href":"https:\/\/api.w.org\/{rel}","templated":true}]}}