{"id":162528,"date":"2024-09-01T02:20:43","date_gmt":"2024-09-01T00:20:43","guid":{"rendered":"https:\/\/endormoonstore.com\/transformers-collaborative-knight-rider-x-transformers-autobot-agent-knight\/"},"modified":"2024-09-21T14:28:29","modified_gmt":"2024-09-21T12:28:29","slug":"transformers-collaborative-knight-rider-x-transformers-autobot-agent-knight","status":"publish","type":"product","link":"https:\/\/endormoonstore.com\/en\/transformers-collaborative-knight-rider-x-transformers-autobot-agent-knight\/","title":{"rendered":"Transformers Collaborative Knight Rider x Transformers Autobot Agent Knight"},"content":{"rendered":"<p><strong>Transformers Collaborative Knight Rider x Transformers Autobot Agent Knight<\/strong><\/p>\n<ul>\n<li>Hasbro presenta, con la colaboraci\u00f3n de Knight Rider x Transformers, la figura de Autobot Agent Knight. Mide 16,5 cm y puedes transformarlo en 22 pasos de modo robot a modo Pontiac Trans Am (el ic\u00f3nico Kitt de la serie &#8220;El coche fant\u00e1stico&#8221;).<\/li>\n<li>Puedes imaginarte en aventuras de resoluci\u00f3n de cr\u00edmenes con esta figura interactiva inspirada en el coche Kitt de la serie de televisi\u00f3n Knight Rider.La figura de Transformer tiene cabeza, brazos y piernas articulados para poses de acci\u00f3n.<\/li>\n<li>Incluye dos bl\u00e1sters que se acoplan a ambos modos y un comunicador que se acopla al modo robot. Cuenta con seis sonidos, seis frases (en ingl\u00e9s) y luces con efecto de esc\u00e1ner.<\/li>\n<li>Requiere 3x pilas de bot\u00f3n A76\/LR44 (no incluidas)<\/li>\n<\/ul>\n","protected":false},"excerpt":{"rendered":"<p><strong>Transformers Collaborative Knight Rider x Transformers Autobot Agent Knight<\/strong><\/p>\n<p>Hasbro presenta, con la colaboraci\u00f3n de Knight Rider x Transformers, la figura de Autobot Agent Knight. Mide 16,5 cm y puedes transformarlo en 22 pasos de modo robot a modo Pontiac Trans Am (el ic\u00f3nico Kitt de la serie &#8220;El coche fant\u00e1stico&#8221;).<\/p>\n","protected":false},"featured_media":162521,"template":"","meta":{"_acf_changed":false,"_kad_blocks_custom_css":"","_kad_blocks_head_custom_js":"","_kad_blocks_body_custom_js":"","_kad_blocks_footer_custom_js":""},"product_cat":[1384],"product_tag":[],"class_list":{"0":"post-162528","1":"product","2":"type-product","3":"status-publish","4":"has-post-thumbnail","6":"product_cat-pre-orders","7":"pa_brand-hasbro-en","8":"pa_character-agent-knight-en","9":"pa_license-transformers-en","10":"pa_license-knight-rider-en","11":"pa_product-type-figure","12":"pa_theme-transformers-collaborative-en","14":"first","15":"instock","16":"taxable","17":"shipping-taxable","18":"purchasable","19":"product-type-simple"},"acf":[],"yoast_head":"<!-- This site is optimized with the Yoast SEO plugin v26.1.1 - https:\/\/yoast.com\/wordpress\/plugins\/seo\/ -->\n<title>Transformers Collaborative Knight Rider x Transformers Autobot Agent Knight - EndormoonStore<\/title>\n<meta name=\"robots\" content=\"index, follow, max-snippet:-1, max-image-preview:large, max-video-preview:-1\" \/>\n<link rel=\"canonical\" href=\"https:\/\/endormoonstore.com\/en\/transformers-collaborative-knight-rider-x-transformers-autobot-agent-knight\/\" \/>\n<meta property=\"og:locale\" content=\"en_US\" \/>\n<meta property=\"og:type\" content=\"article\" \/>\n<meta property=\"og:title\" content=\"Transformers Collaborative Knight Rider x Transformers Autobot Agent Knight - EndormoonStore\" \/>\n<meta property=\"og:description\" content=\"Transformers Collaborative Knight Rider x Transformers Autobot Agent Knight  Hasbro presenta, con la colaboraci\u00f3n de Knight Rider x Transformers, la figura de Autobot Agent Knight. Mide 16,5 cm y puedes transformarlo en 22 pasos de modo robot a modo Pontiac Trans Am (el ic\u00f3nico Kitt de la serie &quot;El coche fant\u00e1stico&quot;).\" \/>\n<meta property=\"og:url\" content=\"https:\/\/endormoonstore.com\/en\/transformers-collaborative-knight-rider-x-transformers-autobot-agent-knight\/\" \/>\n<meta property=\"og:site_name\" content=\"EndormoonStore\" \/>\n<meta property=\"article:modified_time\" content=\"2024-09-21T12:28:29+00:00\" \/>\n<meta property=\"og:image\" content=\"https:\/\/endormoonstore.com\/wp-content\/uploads\/2024\/09\/Transformers-Collaborative-Knight-Rider-x-Transformers-Autobot-Agent-Knight-2.jpg\" \/>\n\t<meta property=\"og:image:width\" content=\"1000\" \/>\n\t<meta property=\"og:image:height\" content=\"1000\" \/>\n\t<meta property=\"og:image:type\" content=\"image\/jpeg\" \/>\n<meta name=\"twitter:card\" content=\"summary_large_image\" \/>\n<meta name=\"twitter:label1\" content=\"Est. reading time\" \/>\n\t<meta name=\"twitter:data1\" content=\"1 minute\" \/>\n<script type=\"application\/ld+json\" class=\"yoast-schema-graph\">{\"@context\":\"https:\/\/schema.org\",\"@graph\":[{\"@type\":\"WebPage\",\"@id\":\"https:\/\/endormoonstore.com\/en\/transformers-collaborative-knight-rider-x-transformers-autobot-agent-knight\/\",\"url\":\"https:\/\/endormoonstore.com\/en\/transformers-collaborative-knight-rider-x-transformers-autobot-agent-knight\/\",\"name\":\"Transformers Collaborative Knight Rider x Transformers Autobot Agent Knight - EndormoonStore\",\"isPartOf\":{\"@id\":\"https:\/\/endormoonstore.com\/#website\"},\"primaryImageOfPage\":{\"@id\":\"https:\/\/endormoonstore.com\/en\/transformers-collaborative-knight-rider-x-transformers-autobot-agent-knight\/#primaryimage\"},\"image\":{\"@id\":\"https:\/\/endormoonstore.com\/en\/transformers-collaborative-knight-rider-x-transformers-autobot-agent-knight\/#primaryimage\"},\"thumbnailUrl\":\"https:\/\/endormoonstore.com\/wp-content\/uploads\/2024\/09\/Transformers-Collaborative-Knight-Rider-x-Transformers-Autobot-Agent-Knight-2.jpg\",\"datePublished\":\"2024-09-01T00:20:43+00:00\",\"dateModified\":\"2024-09-21T12:28:29+00:00\",\"breadcrumb\":{\"@id\":\"https:\/\/endormoonstore.com\/en\/transformers-collaborative-knight-rider-x-transformers-autobot-agent-knight\/#breadcrumb\"},\"inLanguage\":\"en-US\",\"potentialAction\":[{\"@type\":\"ReadAction\",\"target\":[\"https:\/\/endormoonstore.com\/en\/transformers-collaborative-knight-rider-x-transformers-autobot-agent-knight\/\"]}]},{\"@type\":\"ImageObject\",\"inLanguage\":\"en-US\",\"@id\":\"https:\/\/endormoonstore.com\/en\/transformers-collaborative-knight-rider-x-transformers-autobot-agent-knight\/#primaryimage\",\"url\":\"https:\/\/endormoonstore.com\/wp-content\/uploads\/2024\/09\/Transformers-Collaborative-Knight-Rider-x-Transformers-Autobot-Agent-Knight-2.jpg\",\"contentUrl\":\"https:\/\/endormoonstore.com\/wp-content\/uploads\/2024\/09\/Transformers-Collaborative-Knight-Rider-x-Transformers-Autobot-Agent-Knight-2.jpg\",\"width\":1000,\"height\":1000},{\"@type\":\"BreadcrumbList\",\"@id\":\"https:\/\/endormoonstore.com\/en\/transformers-collaborative-knight-rider-x-transformers-autobot-agent-knight\/#breadcrumb\",\"itemListElement\":[{\"@type\":\"ListItem\",\"position\":1,\"name\":\"Shop\",\"item\":\"https:\/\/endormoonstore.com\/en\/shop\/\"},{\"@type\":\"ListItem\",\"position\":2,\"name\":\"Transformers Collaborative Knight Rider x Transformers Autobot Agent Knight\"}]},{\"@type\":\"WebSite\",\"@id\":\"https:\/\/endormoonstore.com\/#website\",\"url\":\"https:\/\/endormoonstore.com\/\",\"name\":\"EndormoonStore\",\"description\":\"\",\"potentialAction\":[{\"@type\":\"SearchAction\",\"target\":{\"@type\":\"EntryPoint\",\"urlTemplate\":\"https:\/\/endormoonstore.com\/?s={search_term_string}\"},\"query-input\":{\"@type\":\"PropertyValueSpecification\",\"valueRequired\":true,\"valueName\":\"search_term_string\"}}],\"inLanguage\":\"en-US\"}]}<\/script>\n<!-- \/ Yoast SEO plugin. -->","yoast_head_json":{"title":"Transformers Collaborative Knight Rider x Transformers Autobot Agent Knight - EndormoonStore","robots":{"index":"index","follow":"follow","max-snippet":"max-snippet:-1","max-image-preview":"max-image-preview:large","max-video-preview":"max-video-preview:-1"},"canonical":"https:\/\/endormoonstore.com\/en\/transformers-collaborative-knight-rider-x-transformers-autobot-agent-knight\/","og_locale":"en_US","og_type":"article","og_title":"Transformers Collaborative Knight Rider x Transformers Autobot Agent Knight - EndormoonStore","og_description":"Transformers Collaborative Knight Rider x Transformers Autobot Agent Knight  Hasbro presenta, con la colaboraci\u00f3n de Knight Rider x Transformers, la figura de Autobot Agent Knight. Mide 16,5 cm y puedes transformarlo en 22 pasos de modo robot a modo Pontiac Trans Am (el ic\u00f3nico Kitt de la serie \"El coche fant\u00e1stico\").","og_url":"https:\/\/endormoonstore.com\/en\/transformers-collaborative-knight-rider-x-transformers-autobot-agent-knight\/","og_site_name":"EndormoonStore","article_modified_time":"2024-09-21T12:28:29+00:00","og_image":[{"width":1000,"height":1000,"url":"https:\/\/endormoonstore.com\/wp-content\/uploads\/2024\/09\/Transformers-Collaborative-Knight-Rider-x-Transformers-Autobot-Agent-Knight-2.jpg","type":"image\/jpeg"}],"twitter_card":"summary_large_image","twitter_misc":{"Est. reading time":"1 minute"},"schema":{"@context":"https:\/\/schema.org","@graph":[{"@type":"WebPage","@id":"https:\/\/endormoonstore.com\/en\/transformers-collaborative-knight-rider-x-transformers-autobot-agent-knight\/","url":"https:\/\/endormoonstore.com\/en\/transformers-collaborative-knight-rider-x-transformers-autobot-agent-knight\/","name":"Transformers Collaborative Knight Rider x Transformers Autobot Agent Knight - EndormoonStore","isPartOf":{"@id":"https:\/\/endormoonstore.com\/#website"},"primaryImageOfPage":{"@id":"https:\/\/endormoonstore.com\/en\/transformers-collaborative-knight-rider-x-transformers-autobot-agent-knight\/#primaryimage"},"image":{"@id":"https:\/\/endormoonstore.com\/en\/transformers-collaborative-knight-rider-x-transformers-autobot-agent-knight\/#primaryimage"},"thumbnailUrl":"https:\/\/endormoonstore.com\/wp-content\/uploads\/2024\/09\/Transformers-Collaborative-Knight-Rider-x-Transformers-Autobot-Agent-Knight-2.jpg","datePublished":"2024-09-01T00:20:43+00:00","dateModified":"2024-09-21T12:28:29+00:00","breadcrumb":{"@id":"https:\/\/endormoonstore.com\/en\/transformers-collaborative-knight-rider-x-transformers-autobot-agent-knight\/#breadcrumb"},"inLanguage":"en-US","potentialAction":[{"@type":"ReadAction","target":["https:\/\/endormoonstore.com\/en\/transformers-collaborative-knight-rider-x-transformers-autobot-agent-knight\/"]}]},{"@type":"ImageObject","inLanguage":"en-US","@id":"https:\/\/endormoonstore.com\/en\/transformers-collaborative-knight-rider-x-transformers-autobot-agent-knight\/#primaryimage","url":"https:\/\/endormoonstore.com\/wp-content\/uploads\/2024\/09\/Transformers-Collaborative-Knight-Rider-x-Transformers-Autobot-Agent-Knight-2.jpg","contentUrl":"https:\/\/endormoonstore.com\/wp-content\/uploads\/2024\/09\/Transformers-Collaborative-Knight-Rider-x-Transformers-Autobot-Agent-Knight-2.jpg","width":1000,"height":1000},{"@type":"BreadcrumbList","@id":"https:\/\/endormoonstore.com\/en\/transformers-collaborative-knight-rider-x-transformers-autobot-agent-knight\/#breadcrumb","itemListElement":[{"@type":"ListItem","position":1,"name":"Shop","item":"https:\/\/endormoonstore.com\/en\/shop\/"},{"@type":"ListItem","position":2,"name":"Transformers Collaborative Knight Rider x Transformers Autobot Agent Knight"}]},{"@type":"WebSite","@id":"https:\/\/endormoonstore.com\/#website","url":"https:\/\/endormoonstore.com\/","name":"EndormoonStore","description":"","potentialAction":[{"@type":"SearchAction","target":{"@type":"EntryPoint","urlTemplate":"https:\/\/endormoonstore.com\/?s={search_term_string}"},"query-input":{"@type":"PropertyValueSpecification","valueRequired":true,"valueName":"search_term_string"}}],"inLanguage":"en-US"}]}},"taxonomy_info":{"product_cat":[{"value":1384,"label":"Pre-orders"}],"pa_brand":[{"value":2084,"label":"Hasbro"}],"pa_character":[{"value":14669,"label":"Agent Knight"}],"pa_license":[{"value":1873,"label":"Transformers"},{"value":14671,"label":"Knight Rider"}],"pa_product-type":[{"value":2387,"label":"Figure"}],"pa_theme":[{"value":4370,"label":"Transformers Collaborative"}]},"featured_image_src_large":["https:\/\/endormoonstore.com\/wp-content\/uploads\/2024\/09\/Transformers-Collaborative-Knight-Rider-x-Transformers-Autobot-Agent-Knight-2.jpg",1000,1000,false],"author_info":[],"comment_info":"","_links":{"self":[{"href":"https:\/\/endormoonstore.com\/en\/wp-json\/wp\/v2\/product\/162528","targetHints":{"allow":["GET"]}}],"collection":[{"href":"https:\/\/endormoonstore.com\/en\/wp-json\/wp\/v2\/product"}],"about":[{"href":"https:\/\/endormoonstore.com\/en\/wp-json\/wp\/v2\/types\/product"}],"wp:featuredmedia":[{"embeddable":true,"href":"https:\/\/endormoonstore.com\/en\/wp-json\/wp\/v2\/media\/162521"}],"wp:attachment":[{"href":"https:\/\/endormoonstore.com\/en\/wp-json\/wp\/v2\/media?parent=162528"}],"wp:term":[{"taxonomy":"product_cat","embeddable":true,"href":"https:\/\/endormoonstore.com\/en\/wp-json\/wp\/v2\/product_cat?post=162528"},{"taxonomy":"product_tag","embeddable":true,"href":"https:\/\/endormoonstore.com\/en\/wp-json\/wp\/v2\/product_tag?post=162528"}],"curies":[{"name":"wp","href":"https:\/\/api.w.org\/{rel}","templated":true}]}}