{"id":162167,"date":"2024-09-01T01:20:34","date_gmt":"2024-08-31T23:20:34","guid":{"rendered":"https:\/\/endormoonstore.com\/terminator-2-judgment-day-t-800-battle-damaged-version-2-0-movie-masterpiece-1-6th-scale-collectible-figure\/"},"modified":"2024-09-19T20:16:15","modified_gmt":"2024-09-19T18:16:15","slug":"terminator-2-judgment-day-t-800-battle-damaged-version-2-0-movie-masterpiece-1-6th-scale-collectible-figure","status":"publish","type":"product","link":"https:\/\/endormoonstore.com\/en\/terminator-2-judgment-day-t-800-battle-damaged-version-2-0-movie-masterpiece-1-6th-scale-collectible-figure\/","title":{"rendered":"Terminator 2: Judgment Day T-800 Battle Damaged Version 2.0 Movie Masterpiece 1\/6th Scale Collectible Figure"},"content":{"rendered":"<p><strong>Terminator 2: Judgment Day T-800 Battle Damaged Version 2.0 Movie Masterpiece 1\/6th Scale Collectible Figure<\/strong><\/p>\n<div id=\"prod-summary\">\n<div class=\"product_details__in_box\">\n<ul>\n<li>Como un cl\u00e1sico de todos los tiempos y un fen\u00f3meno cultural entre los fan\u00e1ticos del cine, la franquicia\u00a0Terminator\u00a0contin\u00faa ofreciendo a los fan\u00e1ticos informaci\u00f3n sobre las percepciones del futuro y la IA a trav\u00e9s de escenas conmovedoras, lo que le da un impacto duradero en el g\u00e9nero de\u00a0ciencia ficci\u00f3n\u00a0.<\/li>\n<li>Hot Toys\u00a0se complacen en volver a visitar\u00a0Terminator 2: Judgment Day\u00a0y presentan a los fan\u00e1ticos la\u00a0<strong>figura coleccionable de sexta escala T-800 (Battle Damaged Version 2.0)<\/strong>\u00a0.<\/li>\n<li>La versi\u00f3n fielmente dise\u00f1ada y da\u00f1ada por la batalla de la figura de sexta escala T-800 presenta una escultura de cabeza recientemente desarrollada con un globo ocular giratorio separado, as\u00ed como una escultura de cabeza adicional muy da\u00f1ada que revela el endoesqueleto con un ojo derecho iluminado por LED; un traje meticulosamente confeccionado con chaquetas hechas en cuero genuino (una versi\u00f3n da\u00f1ada por la batalla y una adicional que est\u00e1 hecha jirones en la manga izquierda), un par de pantalones tambi\u00e9n en cuero genuino y una camiseta estampada gris; armas que incluyen una ametralladora, un rifle, una pistola, un lanzagranadas, un juego de balas y una varilla; y, por \u00faltimo, una base de figura de diorama con tem\u00e1tica de f\u00e1brica de acero especialmente dise\u00f1ada que viene con funci\u00f3n LED para replicar la ic\u00f3nica escena final de la batalla entre\u00a0T-800\u00a0y\u00a0T-100<a href=\"https:\/\/www.sideshow.com\/characters\/t-1000\" target=\"_blank\" rel=\"noopener\">0<\/a>\u00a0.<\/li>\n<li>Esta es tu oportunidad de darle una actualizaci\u00f3n a tu colecci\u00f3n de Terminator con este nuevo\u00a0<strong>T-800 (Battle Damaged Version 2.0)<\/strong>\u00a0.<\/li>\n<\/ul>\n<h4>Qu\u00e9 hay en la caja:<\/h4>\n<ul>\n<li>Imagen aut\u00e9ntica y detallada de Arnold Schwarzenegger como T-800 en\u00a0<em>Terminator 2: el juicio final<\/em><\/li>\n<li>Una nueva escultura de cabeza da\u00f1ada por la batalla con sistema de globo ocular giratorio independiente<\/li>\n<li>Un endoesqueleto de nuevo desarrollo que revela una escultura de cabeza da\u00f1ada por la batalla con un sistema de globo ocular giratorio separado y funci\u00f3n de iluminaci\u00f3n LED en el ojo derecho (funciona con bater\u00eda)<\/li>\n<li>Expresi\u00f3n facial y textura de la piel fieles a las de la pel\u00edcula.<\/li>\n<li>Aproximadamente 32 cm de alto<\/li>\n<li>Cuerpo de nuevo desarrollo con m\u00e1s de 30 puntos de articulaci\u00f3n.<\/li>\n<li>Un brazo superior izquierdo da\u00f1ado por la batalla, recientemente desarrollado, que se puede unir a la figura.<\/li>\n<li>Ocho piezas de manos intercambiables que incluyen:\n<ul>\n<li>Un par de manos relajadas<\/li>\n<li>Un par de manos que sostienen una pistola<\/li>\n<li>Un par de pu\u00f1os<\/li>\n<li>Un pulgar hacia arriba con la mano derecha<\/li>\n<li>Un gesto con la mano derecha<\/li>\n<\/ul>\n<\/li>\n<li>Cada escultura de cabeza est\u00e1 especialmente pintada a mano.<\/li>\n<\/ul>\n<h4>TRAJE:<\/h4>\n<ul>\n<li>Una nueva chaqueta de cuero genuino da\u00f1ada por la batalla, de color negro y confeccionada a medida<\/li>\n<li>Una nueva chaqueta de cuero genuino con da\u00f1os de batalla de color negro a medida, falta el antebrazo izquierdo<\/li>\n<li>Una camiseta gris estampada da\u00f1ada por la batalla<\/li>\n<li>Un par de pantalones de cuero genuino da\u00f1ados por la batalla<\/li>\n<li>Un cintur\u00f3n de cuero genuino de color marr\u00f3n<\/li>\n<li>Una bandolera<\/li>\n<li>Un par de zapatos de color negro.<\/li>\n<\/ul>\n<h4>Armas:<\/h4>\n<ul>\n<li>Una ametralladora<\/li>\n<li>Un rifle<\/li>\n<li>Una pistola<\/li>\n<li>Un lanzagranadas<\/li>\n<li>Una varilla larga<\/li>\n<li>Un juego de balas<\/li>\n<\/ul>\n<h4><strong>Accesorios:<\/strong><\/h4>\n<ul>\n<li>Base de figura de diorama con tem\u00e1tica de f\u00e1brica de acero iluminada con LED especialmente dise\u00f1ada con logotipo de la pel\u00edcula y placa de identificaci\u00f3n del personaje (luz amarilla, alimentaci\u00f3n por USB no incluido en la caja)<\/li>\n<\/ul>\n<\/div>\n<\/div>\n","protected":false},"excerpt":{"rendered":"<p><strong>Star Wars Episode V: The Empire Strikes Back Chewbacca with Disassembled C-3PO Movie Masterpiece 1\/6th Scale Collectible Figure<\/strong><\/p>\n<p>Chewbacca\u00a0, un legendario guerrero wookiee y\u00a0copiloto de\u00a0Han Solo\u00a0durante mucho tiempo, sigue sirviendo como fiel primer oficial para llevar a cabo misiones audaces detr\u00e1s de los controles del Halc\u00f3n Milenario. Conocido como Chewie por sus amigos m\u00e1s cercanos, fue parte de un grupo central de rebeldes que restauraron la libertad en la galaxia durante el reinado del Imperio Gal\u00e1ctico. Conocido por su mal car\u00e1cter y su precisi\u00f3n con la ballesta, Chewie tambi\u00e9n tiene un gran coraz\u00f3n y una lealtad inquebrantable hacia sus amigos.<\/p>\n<p class=\"p1\">\n","protected":false},"featured_media":162122,"template":"","meta":{"_acf_changed":false,"_kad_blocks_custom_css":"","_kad_blocks_head_custom_js":"","_kad_blocks_body_custom_js":"","_kad_blocks_footer_custom_js":""},"product_cat":[1390],"product_tag":[],"class_list":{"0":"post-162167","1":"product","2":"type-product","3":"status-publish","4":"has-post-thumbnail","6":"product_cat-figures","7":"pa_brand-hot-toys-en","8":"pa_character-t800-en","9":"pa_episode-terminator-2-en","10":"pa_license-terminator-en","11":"pa_product-type-figure","12":"pa_theme-sixth-scale-collectible-en","14":"first","15":"outofstock","16":"taxable","17":"shipping-taxable","18":"purchasable","19":"product-type-simple"},"acf":[],"yoast_head":"<!-- This site is optimized with the Yoast SEO plugin v26.1.1 - https:\/\/yoast.com\/wordpress\/plugins\/seo\/ -->\n<title>Terminator 2: Judgment Day T-800 Battle Damaged Version 2.0 Movie Masterpiece 1\/6th Scale Collectible Figure - EndormoonStore<\/title>\n<meta name=\"robots\" content=\"index, follow, max-snippet:-1, max-image-preview:large, max-video-preview:-1\" \/>\n<link rel=\"canonical\" href=\"https:\/\/endormoonstore.com\/en\/terminator-2-judgment-day-t-800-battle-damaged-version-2-0-movie-masterpiece-1-6th-scale-collectible-figure\/\" \/>\n<meta property=\"og:locale\" content=\"en_US\" \/>\n<meta property=\"og:type\" content=\"article\" \/>\n<meta property=\"og:title\" content=\"Terminator 2: Judgment Day T-800 Battle Damaged Version 2.0 Movie Masterpiece 1\/6th Scale Collectible Figure - EndormoonStore\" \/>\n<meta property=\"og:description\" content=\"Star Wars Episode V: The Empire Strikes Back Chewbacca with Disassembled C-3PO Movie Masterpiece 1\/6th Scale Collectible Figure  Chewbacca\u00a0, un legendario guerrero wookiee y\u00a0copiloto de\u00a0Han Solo\u00a0durante mucho tiempo, sigue sirviendo como fiel primer oficial para llevar a cabo misiones audaces detr\u00e1s de los controles del Halc\u00f3n Milenario. Conocido como Chewie por sus amigos m\u00e1s cercanos, fue parte de un grupo central de rebeldes que restauraron la libertad en la galaxia durante el reinado del Imperio Gal\u00e1ctico. Conocido por su mal car\u00e1cter y su precisi\u00f3n con la ballesta, Chewie tambi\u00e9n tiene un gran coraz\u00f3n y una lealtad inquebrantable hacia sus amigos.\" \/>\n<meta property=\"og:url\" content=\"https:\/\/endormoonstore.com\/en\/terminator-2-judgment-day-t-800-battle-damaged-version-2-0-movie-masterpiece-1-6th-scale-collectible-figure\/\" \/>\n<meta property=\"og:site_name\" content=\"EndormoonStore\" \/>\n<meta property=\"article:modified_time\" content=\"2024-09-19T18:16:15+00:00\" \/>\n<meta property=\"og:image\" content=\"https:\/\/endormoonstore.com\/wp-content\/uploads\/2024\/09\/Terminator-2-Judgment-Day-T-800-Battle-Damaged-Version-2.0-Movie-Masterpiece-1-6th-Scale-Collectible-Figure-1.jpg\" \/>\n\t<meta property=\"og:image:width\" content=\"667\" \/>\n\t<meta property=\"og:image:height\" content=\"1000\" \/>\n\t<meta property=\"og:image:type\" content=\"image\/jpeg\" \/>\n<meta name=\"twitter:card\" content=\"summary_large_image\" \/>\n<meta name=\"twitter:label1\" content=\"Est. reading time\" \/>\n\t<meta name=\"twitter:data1\" content=\"3 minutes\" \/>\n<script type=\"application\/ld+json\" class=\"yoast-schema-graph\">{\"@context\":\"https:\/\/schema.org\",\"@graph\":[{\"@type\":\"WebPage\",\"@id\":\"https:\/\/endormoonstore.com\/en\/terminator-2-judgment-day-t-800-battle-damaged-version-2-0-movie-masterpiece-1-6th-scale-collectible-figure\/\",\"url\":\"https:\/\/endormoonstore.com\/en\/terminator-2-judgment-day-t-800-battle-damaged-version-2-0-movie-masterpiece-1-6th-scale-collectible-figure\/\",\"name\":\"Terminator 2: Judgment Day T-800 Battle Damaged Version 2.0 Movie Masterpiece 1\/6th Scale Collectible Figure - EndormoonStore\",\"isPartOf\":{\"@id\":\"https:\/\/endormoonstore.com\/#website\"},\"primaryImageOfPage\":{\"@id\":\"https:\/\/endormoonstore.com\/en\/terminator-2-judgment-day-t-800-battle-damaged-version-2-0-movie-masterpiece-1-6th-scale-collectible-figure\/#primaryimage\"},\"image\":{\"@id\":\"https:\/\/endormoonstore.com\/en\/terminator-2-judgment-day-t-800-battle-damaged-version-2-0-movie-masterpiece-1-6th-scale-collectible-figure\/#primaryimage\"},\"thumbnailUrl\":\"https:\/\/endormoonstore.com\/wp-content\/uploads\/2024\/09\/Terminator-2-Judgment-Day-T-800-Battle-Damaged-Version-2.0-Movie-Masterpiece-1-6th-Scale-Collectible-Figure-1.jpg\",\"datePublished\":\"2024-08-31T23:20:34+00:00\",\"dateModified\":\"2024-09-19T18:16:15+00:00\",\"breadcrumb\":{\"@id\":\"https:\/\/endormoonstore.com\/en\/terminator-2-judgment-day-t-800-battle-damaged-version-2-0-movie-masterpiece-1-6th-scale-collectible-figure\/#breadcrumb\"},\"inLanguage\":\"en-US\",\"potentialAction\":[{\"@type\":\"ReadAction\",\"target\":[\"https:\/\/endormoonstore.com\/en\/terminator-2-judgment-day-t-800-battle-damaged-version-2-0-movie-masterpiece-1-6th-scale-collectible-figure\/\"]}]},{\"@type\":\"ImageObject\",\"inLanguage\":\"en-US\",\"@id\":\"https:\/\/endormoonstore.com\/en\/terminator-2-judgment-day-t-800-battle-damaged-version-2-0-movie-masterpiece-1-6th-scale-collectible-figure\/#primaryimage\",\"url\":\"https:\/\/endormoonstore.com\/wp-content\/uploads\/2024\/09\/Terminator-2-Judgment-Day-T-800-Battle-Damaged-Version-2.0-Movie-Masterpiece-1-6th-Scale-Collectible-Figure-1.jpg\",\"contentUrl\":\"https:\/\/endormoonstore.com\/wp-content\/uploads\/2024\/09\/Terminator-2-Judgment-Day-T-800-Battle-Damaged-Version-2.0-Movie-Masterpiece-1-6th-Scale-Collectible-Figure-1.jpg\",\"width\":667,\"height\":1000},{\"@type\":\"BreadcrumbList\",\"@id\":\"https:\/\/endormoonstore.com\/en\/terminator-2-judgment-day-t-800-battle-damaged-version-2-0-movie-masterpiece-1-6th-scale-collectible-figure\/#breadcrumb\",\"itemListElement\":[{\"@type\":\"ListItem\",\"position\":1,\"name\":\"Shop\",\"item\":\"https:\/\/endormoonstore.com\/en\/shop\/\"},{\"@type\":\"ListItem\",\"position\":2,\"name\":\"Terminator 2: Judgment Day T-800 Battle Damaged Version 2.0 Movie Masterpiece 1\/6th Scale Collectible Figure\"}]},{\"@type\":\"WebSite\",\"@id\":\"https:\/\/endormoonstore.com\/#website\",\"url\":\"https:\/\/endormoonstore.com\/\",\"name\":\"EndormoonStore\",\"description\":\"\",\"potentialAction\":[{\"@type\":\"SearchAction\",\"target\":{\"@type\":\"EntryPoint\",\"urlTemplate\":\"https:\/\/endormoonstore.com\/?s={search_term_string}\"},\"query-input\":{\"@type\":\"PropertyValueSpecification\",\"valueRequired\":true,\"valueName\":\"search_term_string\"}}],\"inLanguage\":\"en-US\"}]}<\/script>\n<!-- \/ Yoast SEO plugin. -->","yoast_head_json":{"title":"Terminator 2: Judgment Day T-800 Battle Damaged Version 2.0 Movie Masterpiece 1\/6th Scale Collectible Figure - EndormoonStore","robots":{"index":"index","follow":"follow","max-snippet":"max-snippet:-1","max-image-preview":"max-image-preview:large","max-video-preview":"max-video-preview:-1"},"canonical":"https:\/\/endormoonstore.com\/en\/terminator-2-judgment-day-t-800-battle-damaged-version-2-0-movie-masterpiece-1-6th-scale-collectible-figure\/","og_locale":"en_US","og_type":"article","og_title":"Terminator 2: Judgment Day T-800 Battle Damaged Version 2.0 Movie Masterpiece 1\/6th Scale Collectible Figure - EndormoonStore","og_description":"Star Wars Episode V: The Empire Strikes Back Chewbacca with Disassembled C-3PO Movie Masterpiece 1\/6th Scale Collectible Figure  Chewbacca\u00a0, un legendario guerrero wookiee y\u00a0copiloto de\u00a0Han Solo\u00a0durante mucho tiempo, sigue sirviendo como fiel primer oficial para llevar a cabo misiones audaces detr\u00e1s de los controles del Halc\u00f3n Milenario. Conocido como Chewie por sus amigos m\u00e1s cercanos, fue parte de un grupo central de rebeldes que restauraron la libertad en la galaxia durante el reinado del Imperio Gal\u00e1ctico. Conocido por su mal car\u00e1cter y su precisi\u00f3n con la ballesta, Chewie tambi\u00e9n tiene un gran coraz\u00f3n y una lealtad inquebrantable hacia sus amigos.","og_url":"https:\/\/endormoonstore.com\/en\/terminator-2-judgment-day-t-800-battle-damaged-version-2-0-movie-masterpiece-1-6th-scale-collectible-figure\/","og_site_name":"EndormoonStore","article_modified_time":"2024-09-19T18:16:15+00:00","og_image":[{"width":667,"height":1000,"url":"https:\/\/endormoonstore.com\/wp-content\/uploads\/2024\/09\/Terminator-2-Judgment-Day-T-800-Battle-Damaged-Version-2.0-Movie-Masterpiece-1-6th-Scale-Collectible-Figure-1.jpg","type":"image\/jpeg"}],"twitter_card":"summary_large_image","twitter_misc":{"Est. reading time":"3 minutes"},"schema":{"@context":"https:\/\/schema.org","@graph":[{"@type":"WebPage","@id":"https:\/\/endormoonstore.com\/en\/terminator-2-judgment-day-t-800-battle-damaged-version-2-0-movie-masterpiece-1-6th-scale-collectible-figure\/","url":"https:\/\/endormoonstore.com\/en\/terminator-2-judgment-day-t-800-battle-damaged-version-2-0-movie-masterpiece-1-6th-scale-collectible-figure\/","name":"Terminator 2: Judgment Day T-800 Battle Damaged Version 2.0 Movie Masterpiece 1\/6th Scale Collectible Figure - EndormoonStore","isPartOf":{"@id":"https:\/\/endormoonstore.com\/#website"},"primaryImageOfPage":{"@id":"https:\/\/endormoonstore.com\/en\/terminator-2-judgment-day-t-800-battle-damaged-version-2-0-movie-masterpiece-1-6th-scale-collectible-figure\/#primaryimage"},"image":{"@id":"https:\/\/endormoonstore.com\/en\/terminator-2-judgment-day-t-800-battle-damaged-version-2-0-movie-masterpiece-1-6th-scale-collectible-figure\/#primaryimage"},"thumbnailUrl":"https:\/\/endormoonstore.com\/wp-content\/uploads\/2024\/09\/Terminator-2-Judgment-Day-T-800-Battle-Damaged-Version-2.0-Movie-Masterpiece-1-6th-Scale-Collectible-Figure-1.jpg","datePublished":"2024-08-31T23:20:34+00:00","dateModified":"2024-09-19T18:16:15+00:00","breadcrumb":{"@id":"https:\/\/endormoonstore.com\/en\/terminator-2-judgment-day-t-800-battle-damaged-version-2-0-movie-masterpiece-1-6th-scale-collectible-figure\/#breadcrumb"},"inLanguage":"en-US","potentialAction":[{"@type":"ReadAction","target":["https:\/\/endormoonstore.com\/en\/terminator-2-judgment-day-t-800-battle-damaged-version-2-0-movie-masterpiece-1-6th-scale-collectible-figure\/"]}]},{"@type":"ImageObject","inLanguage":"en-US","@id":"https:\/\/endormoonstore.com\/en\/terminator-2-judgment-day-t-800-battle-damaged-version-2-0-movie-masterpiece-1-6th-scale-collectible-figure\/#primaryimage","url":"https:\/\/endormoonstore.com\/wp-content\/uploads\/2024\/09\/Terminator-2-Judgment-Day-T-800-Battle-Damaged-Version-2.0-Movie-Masterpiece-1-6th-Scale-Collectible-Figure-1.jpg","contentUrl":"https:\/\/endormoonstore.com\/wp-content\/uploads\/2024\/09\/Terminator-2-Judgment-Day-T-800-Battle-Damaged-Version-2.0-Movie-Masterpiece-1-6th-Scale-Collectible-Figure-1.jpg","width":667,"height":1000},{"@type":"BreadcrumbList","@id":"https:\/\/endormoonstore.com\/en\/terminator-2-judgment-day-t-800-battle-damaged-version-2-0-movie-masterpiece-1-6th-scale-collectible-figure\/#breadcrumb","itemListElement":[{"@type":"ListItem","position":1,"name":"Shop","item":"https:\/\/endormoonstore.com\/en\/shop\/"},{"@type":"ListItem","position":2,"name":"Terminator 2: Judgment Day T-800 Battle Damaged Version 2.0 Movie Masterpiece 1\/6th Scale Collectible Figure"}]},{"@type":"WebSite","@id":"https:\/\/endormoonstore.com\/#website","url":"https:\/\/endormoonstore.com\/","name":"EndormoonStore","description":"","potentialAction":[{"@type":"SearchAction","target":{"@type":"EntryPoint","urlTemplate":"https:\/\/endormoonstore.com\/?s={search_term_string}"},"query-input":{"@type":"PropertyValueSpecification","valueRequired":true,"valueName":"search_term_string"}}],"inLanguage":"en-US"}]}},"taxonomy_info":{"product_cat":[{"value":1390,"label":"Figures"}],"pa_brand":[{"value":1635,"label":"Hot Toys"}],"pa_character":[{"value":5201,"label":"T800"}],"pa_episode":[{"value":8327,"label":"Terminator 2"}],"pa_license":[{"value":2804,"label":"Terminator"}],"pa_product-type":[{"value":2387,"label":"Figure"}],"pa_theme":[{"value":4595,"label":"Sixth Scale Collectible"}]},"featured_image_src_large":["https:\/\/endormoonstore.com\/wp-content\/uploads\/2024\/09\/Terminator-2-Judgment-Day-T-800-Battle-Damaged-Version-2.0-Movie-Masterpiece-1-6th-Scale-Collectible-Figure-1.jpg",667,1000,false],"author_info":[],"comment_info":"","_links":{"self":[{"href":"https:\/\/endormoonstore.com\/en\/wp-json\/wp\/v2\/product\/162167","targetHints":{"allow":["GET"]}}],"collection":[{"href":"https:\/\/endormoonstore.com\/en\/wp-json\/wp\/v2\/product"}],"about":[{"href":"https:\/\/endormoonstore.com\/en\/wp-json\/wp\/v2\/types\/product"}],"wp:featuredmedia":[{"embeddable":true,"href":"https:\/\/endormoonstore.com\/en\/wp-json\/wp\/v2\/media\/162122"}],"wp:attachment":[{"href":"https:\/\/endormoonstore.com\/en\/wp-json\/wp\/v2\/media?parent=162167"}],"wp:term":[{"taxonomy":"product_cat","embeddable":true,"href":"https:\/\/endormoonstore.com\/en\/wp-json\/wp\/v2\/product_cat?post=162167"},{"taxonomy":"product_tag","embeddable":true,"href":"https:\/\/endormoonstore.com\/en\/wp-json\/wp\/v2\/product_tag?post=162167"}],"curies":[{"name":"wp","href":"https:\/\/api.w.org\/{rel}","templated":true}]}}