{"id":162118,"date":"2025-11-01T07:10:59","date_gmt":"2025-11-01T06:10:59","guid":{"rendered":"https:\/\/endormoonstore.com\/beetlejuice-deluxe-edition-one12-collective\/"},"modified":"2024-09-17T22:32:17","modified_gmt":"2024-09-17T20:32:17","slug":"beetlejuice-deluxe-edition-one12-collective","status":"publish","type":"product","link":"https:\/\/endormoonstore.com\/en\/beetlejuice-deluxe-edition-one12-collective\/","title":{"rendered":"Beetlejuice Deluxe Edition One:12 Collective"},"content":{"rendered":"<p><strong>Beetlejuice Deluxe Edition One:12 Collective<\/strong><\/p>\n<ul>\n<li>&#8220;Soy el fantasma con m\u00e1s, nena&#8221;. Di su nombre tres veces&#8230; \u00a1Beetlejuice ahora ha sido invocado y se une a la alineaci\u00f3n de One:12 Collective!<\/li>\n<li>Beetlejuice, de One:12 Collective, est\u00e1 vestido para matar con su caracter\u00edstico traje de rayas blancas y negras y sus botas para pisotear gusanos de arena. El desagradable embaucador presenta seis retratos de cabeza intercambiables con distintas expresiones faciales.<\/li>\n<li>\u00a1Es hora del espect\u00e1culo! Recrea la ic\u00f3nica escena de la pel\u00edcula con el sombrero de carrusel de Beetlejuice incluido, que cuenta con funciones de rotaci\u00f3n e iluminaci\u00f3n, as\u00ed como un par de brazos de martillo articulados.<\/li>\n<li>\u00a1Aqu\u00ed est\u00e1s trabajando con un profesional! El principal bioexorcista del m\u00e1s all\u00e1 viene con el Manual para los reci\u00e9n fallecidos, su confiable lima de u\u00f1as y su infame l\u00e1pida, que presenta tres esqueletos en la parte superior y la frase &#8220;aqu\u00ed yace BETELGEUSE&#8221; con una flecha iluminada.<\/li>\n<li>La edici\u00f3n Deluxe de Beetlejuice de One:12 Collective se presenta en una caja dise\u00f1ada para coleccionistas. NOTA: La caja\u00a0\u00a0<em>no<\/em>\u00a0es \u00a0a prueba de gusanos de arena.<\/li>\n<\/ul>\n<h4>Caracteristicas de <strong>Beetlejuice<\/strong>:<\/h4>\n<ul>\n<li>Uno:12 Cuerpo colectivo con m\u00e1s de 28 puntos de articulaci\u00f3n.<\/li>\n<li>Detalles aut\u00e9nticos pintados a mano.<\/li>\n<li>Aproximadamente 18 cm de alto<\/li>\n<li>Seis retratos de cabeza intercambiables\n<ul>\n<li>Cabeza sonriente<\/li>\n<li>Cabeza sonriente<\/li>\n<li>Cabeza enojada<\/li>\n<li>Cabeza indefensa<\/li>\n<li>Cabeza reducida<\/li>\n<li>Cabeza de sombrero de carrusel<\/li>\n<\/ul>\n<\/li>\n<li>Diez manos intercambiables\n<ul>\n<li>Un par de manos relajadas (I&amp;D)<\/li>\n<li>Un par de manos posando (de izquierda a derecha)<\/li>\n<li>Un par de pu\u00f1os (Izq. y Der.)<\/li>\n<li>Una mano en reposo (L)<\/li>\n<li>Un libro agarrado de la mano (L)<\/li>\n<li>Una lima de u\u00f1as sujetando la mano (R)<\/li>\n<li>Una mano que se\u00f1ala (R)<\/li>\n<\/ul>\n<\/li>\n<\/ul>\n<h4>Traje:<\/h4>\n<ul>\n<li>Chaqueta de traje<\/li>\n<li>Camisa de vestir<\/li>\n<li>Pantalones de traje<\/li>\n<li>Atar<\/li>\n<li>Botas<\/li>\n<\/ul>\n<h4>Accesorios y Armas:<\/h4>\n<ul>\n<li>Una l\u00e1pida con funci\u00f3n de iluminaci\u00f3n.<\/li>\n<li>Un par de brazos de martillo<\/li>\n<li>Un libro<\/li>\n<li>Una lima de u\u00f1as<\/li>\n<li>Una base de exhibici\u00f3n colectiva One:12 con logotipo<\/li>\n<li>Un poste de exhibici\u00f3n ajustable colectivo One:12<\/li>\n<\/ul>\n<p>&nbsp;<\/p>\n","protected":false},"excerpt":{"rendered":"<p><strong>Beetlejuice Deluxe Edition One:12 Collective<\/strong><\/p>\n<p>&#8220;Soy el fantasma con m\u00e1s, nena&#8221;. Di su nombre tres veces&#8230; \u00a1Beetlejuice ahora ha sido invocado y se une a la alineaci\u00f3n de One:12 Collective!<\/p>\n","protected":false},"featured_media":162088,"template":"","meta":{"_acf_changed":false,"_kad_blocks_custom_css":"","_kad_blocks_head_custom_js":"","_kad_blocks_body_custom_js":"","_kad_blocks_footer_custom_js":""},"product_cat":[13453,1390,13511],"product_tag":[],"class_list":{"0":"post-162118","1":"product","2":"type-product","3":"status-publish","4":"has-post-thumbnail","6":"product_cat-featured","7":"product_cat-figures","8":"product_cat-new-arrivals","9":"pa_brand-mezco-toyz-en","10":"pa_character-beetlejuice-en","11":"pa_license-beetlejuice-en","12":"pa_product-type-figure","13":"pa_theme-one12-collective-en","15":"first","16":"instock","17":"sale","18":"taxable","19":"shipping-taxable","20":"purchasable","21":"product-type-simple"},"acf":[],"yoast_head":"<!-- This site is optimized with the Yoast SEO plugin v26.1.1 - https:\/\/yoast.com\/wordpress\/plugins\/seo\/ -->\n<title>Beetlejuice Deluxe Edition One:12 Collective - EndormoonStore<\/title>\n<meta name=\"robots\" content=\"index, follow, max-snippet:-1, max-image-preview:large, max-video-preview:-1\" \/>\n<link rel=\"canonical\" href=\"https:\/\/endormoonstore.com\/en\/beetlejuice-deluxe-edition-one12-collective\/\" \/>\n<meta property=\"og:locale\" content=\"en_US\" \/>\n<meta property=\"og:type\" content=\"article\" \/>\n<meta property=\"og:title\" content=\"Beetlejuice Deluxe Edition One:12 Collective - EndormoonStore\" \/>\n<meta property=\"og:description\" content=\"Beetlejuice Deluxe Edition One:12 Collective  &quot;Soy el fantasma con m\u00e1s, nena&quot;. Di su nombre tres veces... \u00a1Beetlejuice ahora ha sido invocado y se une a la alineaci\u00f3n de One:12 Collective!\" \/>\n<meta property=\"og:url\" content=\"https:\/\/endormoonstore.com\/en\/beetlejuice-deluxe-edition-one12-collective\/\" \/>\n<meta property=\"og:site_name\" content=\"EndormoonStore\" \/>\n<meta property=\"og:image\" content=\"https:\/\/endormoonstore.com\/wp-content\/uploads\/2024\/09\/Beetlejuice-Deluxe-Edition-One12-Collective-1.jpg\" \/>\n\t<meta property=\"og:image:width\" content=\"1000\" \/>\n\t<meta property=\"og:image:height\" content=\"1000\" \/>\n\t<meta property=\"og:image:type\" content=\"image\/jpeg\" \/>\n<meta name=\"twitter:card\" content=\"summary_large_image\" \/>\n<meta name=\"twitter:label1\" content=\"Est. reading time\" \/>\n\t<meta name=\"twitter:data1\" content=\"2 minutes\" \/>\n<script type=\"application\/ld+json\" class=\"yoast-schema-graph\">{\"@context\":\"https:\/\/schema.org\",\"@graph\":[{\"@type\":\"WebPage\",\"@id\":\"https:\/\/endormoonstore.com\/en\/beetlejuice-deluxe-edition-one12-collective\/\",\"url\":\"https:\/\/endormoonstore.com\/en\/beetlejuice-deluxe-edition-one12-collective\/\",\"name\":\"Beetlejuice Deluxe Edition One:12 Collective - EndormoonStore\",\"isPartOf\":{\"@id\":\"https:\/\/endormoonstore.com\/#website\"},\"primaryImageOfPage\":{\"@id\":\"https:\/\/endormoonstore.com\/en\/beetlejuice-deluxe-edition-one12-collective\/#primaryimage\"},\"image\":{\"@id\":\"https:\/\/endormoonstore.com\/en\/beetlejuice-deluxe-edition-one12-collective\/#primaryimage\"},\"thumbnailUrl\":\"https:\/\/endormoonstore.com\/wp-content\/uploads\/2024\/09\/Beetlejuice-Deluxe-Edition-One12-Collective-1.jpg\",\"datePublished\":\"2025-11-01T06:10:59+00:00\",\"breadcrumb\":{\"@id\":\"https:\/\/endormoonstore.com\/en\/beetlejuice-deluxe-edition-one12-collective\/#breadcrumb\"},\"inLanguage\":\"en-US\",\"potentialAction\":[{\"@type\":\"ReadAction\",\"target\":[\"https:\/\/endormoonstore.com\/en\/beetlejuice-deluxe-edition-one12-collective\/\"]}]},{\"@type\":\"ImageObject\",\"inLanguage\":\"en-US\",\"@id\":\"https:\/\/endormoonstore.com\/en\/beetlejuice-deluxe-edition-one12-collective\/#primaryimage\",\"url\":\"https:\/\/endormoonstore.com\/wp-content\/uploads\/2024\/09\/Beetlejuice-Deluxe-Edition-One12-Collective-1.jpg\",\"contentUrl\":\"https:\/\/endormoonstore.com\/wp-content\/uploads\/2024\/09\/Beetlejuice-Deluxe-Edition-One12-Collective-1.jpg\",\"width\":1000,\"height\":1000},{\"@type\":\"BreadcrumbList\",\"@id\":\"https:\/\/endormoonstore.com\/en\/beetlejuice-deluxe-edition-one12-collective\/#breadcrumb\",\"itemListElement\":[{\"@type\":\"ListItem\",\"position\":1,\"name\":\"Shop\",\"item\":\"https:\/\/endormoonstore.com\/en\/shop\/\"},{\"@type\":\"ListItem\",\"position\":2,\"name\":\"Beetlejuice Deluxe Edition One:12 Collective\"}]},{\"@type\":\"WebSite\",\"@id\":\"https:\/\/endormoonstore.com\/#website\",\"url\":\"https:\/\/endormoonstore.com\/\",\"name\":\"EndormoonStore\",\"description\":\"\",\"potentialAction\":[{\"@type\":\"SearchAction\",\"target\":{\"@type\":\"EntryPoint\",\"urlTemplate\":\"https:\/\/endormoonstore.com\/?s={search_term_string}\"},\"query-input\":{\"@type\":\"PropertyValueSpecification\",\"valueRequired\":true,\"valueName\":\"search_term_string\"}}],\"inLanguage\":\"en-US\"}]}<\/script>\n<!-- \/ Yoast SEO plugin. -->","yoast_head_json":{"title":"Beetlejuice Deluxe Edition One:12 Collective - EndormoonStore","robots":{"index":"index","follow":"follow","max-snippet":"max-snippet:-1","max-image-preview":"max-image-preview:large","max-video-preview":"max-video-preview:-1"},"canonical":"https:\/\/endormoonstore.com\/en\/beetlejuice-deluxe-edition-one12-collective\/","og_locale":"en_US","og_type":"article","og_title":"Beetlejuice Deluxe Edition One:12 Collective - EndormoonStore","og_description":"Beetlejuice Deluxe Edition One:12 Collective  \"Soy el fantasma con m\u00e1s, nena\". Di su nombre tres veces... \u00a1Beetlejuice ahora ha sido invocado y se une a la alineaci\u00f3n de One:12 Collective!","og_url":"https:\/\/endormoonstore.com\/en\/beetlejuice-deluxe-edition-one12-collective\/","og_site_name":"EndormoonStore","og_image":[{"width":1000,"height":1000,"url":"https:\/\/endormoonstore.com\/wp-content\/uploads\/2024\/09\/Beetlejuice-Deluxe-Edition-One12-Collective-1.jpg","type":"image\/jpeg"}],"twitter_card":"summary_large_image","twitter_misc":{"Est. reading time":"2 minutes"},"schema":{"@context":"https:\/\/schema.org","@graph":[{"@type":"WebPage","@id":"https:\/\/endormoonstore.com\/en\/beetlejuice-deluxe-edition-one12-collective\/","url":"https:\/\/endormoonstore.com\/en\/beetlejuice-deluxe-edition-one12-collective\/","name":"Beetlejuice Deluxe Edition One:12 Collective - EndormoonStore","isPartOf":{"@id":"https:\/\/endormoonstore.com\/#website"},"primaryImageOfPage":{"@id":"https:\/\/endormoonstore.com\/en\/beetlejuice-deluxe-edition-one12-collective\/#primaryimage"},"image":{"@id":"https:\/\/endormoonstore.com\/en\/beetlejuice-deluxe-edition-one12-collective\/#primaryimage"},"thumbnailUrl":"https:\/\/endormoonstore.com\/wp-content\/uploads\/2024\/09\/Beetlejuice-Deluxe-Edition-One12-Collective-1.jpg","datePublished":"2025-11-01T06:10:59+00:00","breadcrumb":{"@id":"https:\/\/endormoonstore.com\/en\/beetlejuice-deluxe-edition-one12-collective\/#breadcrumb"},"inLanguage":"en-US","potentialAction":[{"@type":"ReadAction","target":["https:\/\/endormoonstore.com\/en\/beetlejuice-deluxe-edition-one12-collective\/"]}]},{"@type":"ImageObject","inLanguage":"en-US","@id":"https:\/\/endormoonstore.com\/en\/beetlejuice-deluxe-edition-one12-collective\/#primaryimage","url":"https:\/\/endormoonstore.com\/wp-content\/uploads\/2024\/09\/Beetlejuice-Deluxe-Edition-One12-Collective-1.jpg","contentUrl":"https:\/\/endormoonstore.com\/wp-content\/uploads\/2024\/09\/Beetlejuice-Deluxe-Edition-One12-Collective-1.jpg","width":1000,"height":1000},{"@type":"BreadcrumbList","@id":"https:\/\/endormoonstore.com\/en\/beetlejuice-deluxe-edition-one12-collective\/#breadcrumb","itemListElement":[{"@type":"ListItem","position":1,"name":"Shop","item":"https:\/\/endormoonstore.com\/en\/shop\/"},{"@type":"ListItem","position":2,"name":"Beetlejuice Deluxe Edition One:12 Collective"}]},{"@type":"WebSite","@id":"https:\/\/endormoonstore.com\/#website","url":"https:\/\/endormoonstore.com\/","name":"EndormoonStore","description":"","potentialAction":[{"@type":"SearchAction","target":{"@type":"EntryPoint","urlTemplate":"https:\/\/endormoonstore.com\/?s={search_term_string}"},"query-input":{"@type":"PropertyValueSpecification","valueRequired":true,"valueName":"search_term_string"}}],"inLanguage":"en-US"}]}},"taxonomy_info":{"product_cat":[{"value":13453,"label":"Featured"},{"value":1390,"label":"Figures"},{"value":13511,"label":"New Arrivals"}],"pa_brand":[{"value":1638,"label":"Mezco Toyz"}],"pa_character":[{"value":4865,"label":"Beetlejuice"}],"pa_license":[{"value":4871,"label":"Beetlejuice"}],"pa_product-type":[{"value":2387,"label":"Figure"}],"pa_theme":[{"value":1885,"label":"One:12 Collective"}]},"featured_image_src_large":["https:\/\/endormoonstore.com\/wp-content\/uploads\/2024\/09\/Beetlejuice-Deluxe-Edition-One12-Collective-1.jpg",1000,1000,false],"author_info":[],"comment_info":"","_links":{"self":[{"href":"https:\/\/endormoonstore.com\/en\/wp-json\/wp\/v2\/product\/162118","targetHints":{"allow":["GET"]}}],"collection":[{"href":"https:\/\/endormoonstore.com\/en\/wp-json\/wp\/v2\/product"}],"about":[{"href":"https:\/\/endormoonstore.com\/en\/wp-json\/wp\/v2\/types\/product"}],"wp:featuredmedia":[{"embeddable":true,"href":"https:\/\/endormoonstore.com\/en\/wp-json\/wp\/v2\/media\/162088"}],"wp:attachment":[{"href":"https:\/\/endormoonstore.com\/en\/wp-json\/wp\/v2\/media?parent=162118"}],"wp:term":[{"taxonomy":"product_cat","embeddable":true,"href":"https:\/\/endormoonstore.com\/en\/wp-json\/wp\/v2\/product_cat?post=162118"},{"taxonomy":"product_tag","embeddable":true,"href":"https:\/\/endormoonstore.com\/en\/wp-json\/wp\/v2\/product_tag?post=162118"}],"curies":[{"name":"wp","href":"https:\/\/api.w.org\/{rel}","templated":true}]}}