{"id":162042,"date":"2024-09-01T01:00:53","date_gmt":"2024-08-31T23:00:53","guid":{"rendered":"https:\/\/endormoonstore.com\/elkhorn-50th-anniversary-dungeons-dragons\/"},"modified":"2024-09-16T23:28:46","modified_gmt":"2024-09-16T21:28:46","slug":"elkhorn-50th-anniversary-dungeons-dragons","status":"publish","type":"product","link":"https:\/\/endormoonstore.com\/en\/elkhorn-50th-anniversary-dungeons-dragons\/","title":{"rendered":"Elkhorn 50th Anniversary Dungeons &#038; Dragons"},"content":{"rendered":"<p><strong>Elkhorn 50th Anniversary Dungeons &amp; Dragons<\/strong><\/p>\n<ul>\n<li>\u00a1Celebra el 50 aniversario de Dungeons &amp; Dragons con Neca y WizKids! Para esta ocasi\u00f3n especial, hemos reinventado el lanzamiento de la figura de acci\u00f3n cl\u00e1sica de Elkhorn para el mercado de coleccionistas modernos, con toques especiales para celebrar los 50 a\u00f1os de D&amp;D.<\/li>\n<li>Con una decoraci\u00f3n de pintura retro, el buen enano luchador Elkhorn est\u00e1 listo para la batalla contra sus malvados enemigos con su espada, escudo y daga, que encaja en la vaina de su cintur\u00f3n.<\/li>\n<li>Esta figura de acci\u00f3n de Elkhorn del 50 aniversario completamente articulada viene en un empaque de bl\u00edster que es un homenaje al lanzamiento original.<\/li>\n<\/ul>\n<p>&nbsp;<\/p>\n","protected":false},"excerpt":{"rendered":"<p><strong>Elkhorn 50th Anniversary Dungeons &amp; Dragons<\/strong><\/p>\n<p>\u00a1Celebra el 50 aniversario de Dungeons &amp; Dragons con Neca y WizKids! Para esta ocasi\u00f3n especial, hemos reinventado el lanzamiento de la figura de acci\u00f3n cl\u00e1sica de Elkhorn para el mercado de coleccionistas modernos, con toques especiales para celebrar los 50 a\u00f1os de D&amp;D.<\/p>\n","protected":false},"featured_media":162030,"template":"","meta":{"_acf_changed":false,"_kad_blocks_custom_css":"","_kad_blocks_head_custom_js":"","_kad_blocks_body_custom_js":"","_kad_blocks_footer_custom_js":""},"product_cat":[1384],"product_tag":[],"class_list":{"0":"post-162042","1":"product","2":"type-product","3":"status-publish","4":"has-post-thumbnail","6":"product_cat-pre-orders","7":"pa_brand-neca-en","8":"pa_character-elkhorn-en","9":"pa_license-dungeons-dragons-en","10":"pa_product-type-figure","11":"pa_theme-scale-action-figure-en","13":"first","14":"instock","15":"taxable","16":"shipping-taxable","17":"purchasable","18":"product-type-simple"},"acf":[],"yoast_head":"<!-- This site is optimized with the Yoast SEO plugin v26.1.1 - https:\/\/yoast.com\/wordpress\/plugins\/seo\/ -->\n<title>Elkhorn 50th Anniversary Dungeons &amp; Dragons - EndormoonStore<\/title>\n<meta name=\"robots\" content=\"index, follow, max-snippet:-1, max-image-preview:large, max-video-preview:-1\" \/>\n<link rel=\"canonical\" href=\"https:\/\/endormoonstore.com\/en\/elkhorn-50th-anniversary-dungeons-dragons\/\" \/>\n<meta property=\"og:locale\" content=\"en_US\" \/>\n<meta property=\"og:type\" content=\"article\" \/>\n<meta property=\"og:title\" content=\"Elkhorn 50th Anniversary Dungeons &amp; Dragons - EndormoonStore\" \/>\n<meta property=\"og:description\" content=\"Elkhorn 50th Anniversary Dungeons &amp; Dragons  \u00a1Celebra el 50 aniversario de Dungeons &amp; Dragons con Neca y WizKids! Para esta ocasi\u00f3n especial, hemos reinventado el lanzamiento de la figura de acci\u00f3n cl\u00e1sica de Elkhorn para el mercado de coleccionistas modernos, con toques especiales para celebrar los 50 a\u00f1os de D&amp;D.\" \/>\n<meta property=\"og:url\" content=\"https:\/\/endormoonstore.com\/en\/elkhorn-50th-anniversary-dungeons-dragons\/\" \/>\n<meta property=\"og:site_name\" content=\"EndormoonStore\" \/>\n<meta property=\"article:modified_time\" content=\"2024-09-16T21:28:46+00:00\" \/>\n<meta property=\"og:image\" content=\"https:\/\/endormoonstore.com\/wp-content\/uploads\/2024\/09\/Elkhorn-50th-Anniversary-Dungeons-Dragons-1.jpg\" \/>\n\t<meta property=\"og:image:width\" content=\"1000\" \/>\n\t<meta property=\"og:image:height\" content=\"1250\" \/>\n\t<meta property=\"og:image:type\" content=\"image\/jpeg\" \/>\n<meta name=\"twitter:card\" content=\"summary_large_image\" \/>\n<meta name=\"twitter:label1\" content=\"Est. reading time\" \/>\n\t<meta name=\"twitter:data1\" content=\"1 minute\" \/>\n<script type=\"application\/ld+json\" class=\"yoast-schema-graph\">{\"@context\":\"https:\/\/schema.org\",\"@graph\":[{\"@type\":\"WebPage\",\"@id\":\"https:\/\/endormoonstore.com\/en\/elkhorn-50th-anniversary-dungeons-dragons\/\",\"url\":\"https:\/\/endormoonstore.com\/en\/elkhorn-50th-anniversary-dungeons-dragons\/\",\"name\":\"Elkhorn 50th Anniversary Dungeons & Dragons - EndormoonStore\",\"isPartOf\":{\"@id\":\"https:\/\/endormoonstore.com\/#website\"},\"primaryImageOfPage\":{\"@id\":\"https:\/\/endormoonstore.com\/en\/elkhorn-50th-anniversary-dungeons-dragons\/#primaryimage\"},\"image\":{\"@id\":\"https:\/\/endormoonstore.com\/en\/elkhorn-50th-anniversary-dungeons-dragons\/#primaryimage\"},\"thumbnailUrl\":\"https:\/\/endormoonstore.com\/wp-content\/uploads\/2024\/09\/Elkhorn-50th-Anniversary-Dungeons-Dragons-1.jpg\",\"datePublished\":\"2024-08-31T23:00:53+00:00\",\"dateModified\":\"2024-09-16T21:28:46+00:00\",\"breadcrumb\":{\"@id\":\"https:\/\/endormoonstore.com\/en\/elkhorn-50th-anniversary-dungeons-dragons\/#breadcrumb\"},\"inLanguage\":\"en-US\",\"potentialAction\":[{\"@type\":\"ReadAction\",\"target\":[\"https:\/\/endormoonstore.com\/en\/elkhorn-50th-anniversary-dungeons-dragons\/\"]}]},{\"@type\":\"ImageObject\",\"inLanguage\":\"en-US\",\"@id\":\"https:\/\/endormoonstore.com\/en\/elkhorn-50th-anniversary-dungeons-dragons\/#primaryimage\",\"url\":\"https:\/\/endormoonstore.com\/wp-content\/uploads\/2024\/09\/Elkhorn-50th-Anniversary-Dungeons-Dragons-1.jpg\",\"contentUrl\":\"https:\/\/endormoonstore.com\/wp-content\/uploads\/2024\/09\/Elkhorn-50th-Anniversary-Dungeons-Dragons-1.jpg\",\"width\":1000,\"height\":1250},{\"@type\":\"BreadcrumbList\",\"@id\":\"https:\/\/endormoonstore.com\/en\/elkhorn-50th-anniversary-dungeons-dragons\/#breadcrumb\",\"itemListElement\":[{\"@type\":\"ListItem\",\"position\":1,\"name\":\"Shop\",\"item\":\"https:\/\/endormoonstore.com\/en\/shop\/\"},{\"@type\":\"ListItem\",\"position\":2,\"name\":\"Elkhorn 50th Anniversary Dungeons &#038; Dragons\"}]},{\"@type\":\"WebSite\",\"@id\":\"https:\/\/endormoonstore.com\/#website\",\"url\":\"https:\/\/endormoonstore.com\/\",\"name\":\"EndormoonStore\",\"description\":\"\",\"potentialAction\":[{\"@type\":\"SearchAction\",\"target\":{\"@type\":\"EntryPoint\",\"urlTemplate\":\"https:\/\/endormoonstore.com\/?s={search_term_string}\"},\"query-input\":{\"@type\":\"PropertyValueSpecification\",\"valueRequired\":true,\"valueName\":\"search_term_string\"}}],\"inLanguage\":\"en-US\"}]}<\/script>\n<!-- \/ Yoast SEO plugin. -->","yoast_head_json":{"title":"Elkhorn 50th Anniversary Dungeons & Dragons - EndormoonStore","robots":{"index":"index","follow":"follow","max-snippet":"max-snippet:-1","max-image-preview":"max-image-preview:large","max-video-preview":"max-video-preview:-1"},"canonical":"https:\/\/endormoonstore.com\/en\/elkhorn-50th-anniversary-dungeons-dragons\/","og_locale":"en_US","og_type":"article","og_title":"Elkhorn 50th Anniversary Dungeons & Dragons - EndormoonStore","og_description":"Elkhorn 50th Anniversary Dungeons &amp; Dragons  \u00a1Celebra el 50 aniversario de Dungeons &amp; Dragons con Neca y WizKids! Para esta ocasi\u00f3n especial, hemos reinventado el lanzamiento de la figura de acci\u00f3n cl\u00e1sica de Elkhorn para el mercado de coleccionistas modernos, con toques especiales para celebrar los 50 a\u00f1os de D&amp;D.","og_url":"https:\/\/endormoonstore.com\/en\/elkhorn-50th-anniversary-dungeons-dragons\/","og_site_name":"EndormoonStore","article_modified_time":"2024-09-16T21:28:46+00:00","og_image":[{"width":1000,"height":1250,"url":"https:\/\/endormoonstore.com\/wp-content\/uploads\/2024\/09\/Elkhorn-50th-Anniversary-Dungeons-Dragons-1.jpg","type":"image\/jpeg"}],"twitter_card":"summary_large_image","twitter_misc":{"Est. reading time":"1 minute"},"schema":{"@context":"https:\/\/schema.org","@graph":[{"@type":"WebPage","@id":"https:\/\/endormoonstore.com\/en\/elkhorn-50th-anniversary-dungeons-dragons\/","url":"https:\/\/endormoonstore.com\/en\/elkhorn-50th-anniversary-dungeons-dragons\/","name":"Elkhorn 50th Anniversary Dungeons & Dragons - EndormoonStore","isPartOf":{"@id":"https:\/\/endormoonstore.com\/#website"},"primaryImageOfPage":{"@id":"https:\/\/endormoonstore.com\/en\/elkhorn-50th-anniversary-dungeons-dragons\/#primaryimage"},"image":{"@id":"https:\/\/endormoonstore.com\/en\/elkhorn-50th-anniversary-dungeons-dragons\/#primaryimage"},"thumbnailUrl":"https:\/\/endormoonstore.com\/wp-content\/uploads\/2024\/09\/Elkhorn-50th-Anniversary-Dungeons-Dragons-1.jpg","datePublished":"2024-08-31T23:00:53+00:00","dateModified":"2024-09-16T21:28:46+00:00","breadcrumb":{"@id":"https:\/\/endormoonstore.com\/en\/elkhorn-50th-anniversary-dungeons-dragons\/#breadcrumb"},"inLanguage":"en-US","potentialAction":[{"@type":"ReadAction","target":["https:\/\/endormoonstore.com\/en\/elkhorn-50th-anniversary-dungeons-dragons\/"]}]},{"@type":"ImageObject","inLanguage":"en-US","@id":"https:\/\/endormoonstore.com\/en\/elkhorn-50th-anniversary-dungeons-dragons\/#primaryimage","url":"https:\/\/endormoonstore.com\/wp-content\/uploads\/2024\/09\/Elkhorn-50th-Anniversary-Dungeons-Dragons-1.jpg","contentUrl":"https:\/\/endormoonstore.com\/wp-content\/uploads\/2024\/09\/Elkhorn-50th-Anniversary-Dungeons-Dragons-1.jpg","width":1000,"height":1250},{"@type":"BreadcrumbList","@id":"https:\/\/endormoonstore.com\/en\/elkhorn-50th-anniversary-dungeons-dragons\/#breadcrumb","itemListElement":[{"@type":"ListItem","position":1,"name":"Shop","item":"https:\/\/endormoonstore.com\/en\/shop\/"},{"@type":"ListItem","position":2,"name":"Elkhorn 50th Anniversary Dungeons &#038; Dragons"}]},{"@type":"WebSite","@id":"https:\/\/endormoonstore.com\/#website","url":"https:\/\/endormoonstore.com\/","name":"EndormoonStore","description":"","potentialAction":[{"@type":"SearchAction","target":{"@type":"EntryPoint","urlTemplate":"https:\/\/endormoonstore.com\/?s={search_term_string}"},"query-input":{"@type":"PropertyValueSpecification","valueRequired":true,"valueName":"search_term_string"}}],"inLanguage":"en-US"}]}},"taxonomy_info":{"product_cat":[{"value":1384,"label":"Pre-orders"}],"pa_brand":[{"value":2090,"label":"Neca"}],"pa_character":[{"value":14651,"label":"Elkhorn"}],"pa_license":[{"value":9952,"label":"Dungeons &amp; Dragons"}],"pa_product-type":[{"value":2387,"label":"Figure"}],"pa_theme":[{"value":2864,"label":"Scale Action Figure"}]},"featured_image_src_large":["https:\/\/endormoonstore.com\/wp-content\/uploads\/2024\/09\/Elkhorn-50th-Anniversary-Dungeons-Dragons-1.jpg",1000,1250,false],"author_info":[],"comment_info":"","_links":{"self":[{"href":"https:\/\/endormoonstore.com\/en\/wp-json\/wp\/v2\/product\/162042","targetHints":{"allow":["GET"]}}],"collection":[{"href":"https:\/\/endormoonstore.com\/en\/wp-json\/wp\/v2\/product"}],"about":[{"href":"https:\/\/endormoonstore.com\/en\/wp-json\/wp\/v2\/types\/product"}],"wp:featuredmedia":[{"embeddable":true,"href":"https:\/\/endormoonstore.com\/en\/wp-json\/wp\/v2\/media\/162030"}],"wp:attachment":[{"href":"https:\/\/endormoonstore.com\/en\/wp-json\/wp\/v2\/media?parent=162042"}],"wp:term":[{"taxonomy":"product_cat","embeddable":true,"href":"https:\/\/endormoonstore.com\/en\/wp-json\/wp\/v2\/product_cat?post=162042"},{"taxonomy":"product_tag","embeddable":true,"href":"https:\/\/endormoonstore.com\/en\/wp-json\/wp\/v2\/product_tag?post=162042"}],"curies":[{"name":"wp","href":"https:\/\/api.w.org\/{rel}","templated":true}]}}