{"id":162027,"date":"2024-09-01T00:55:57","date_gmt":"2024-08-31T22:55:57","guid":{"rendered":"https:\/\/endormoonstore.com\/baby-beetlejuice-head-knocker-beetlejuice-beetlejuice\/"},"modified":"2024-09-30T16:22:30","modified_gmt":"2024-09-30T14:22:30","slug":"baby-beetlejuice-head-knocker-beetlejuice-beetlejuice","status":"publish","type":"product","link":"https:\/\/endormoonstore.com\/en\/baby-beetlejuice-head-knocker-beetlejuice-beetlejuice\/","title":{"rendered":"Baby Beetlejuice Head Knocker Beetlejuice Beetlejuice"},"content":{"rendered":"<p><strong>Baby Beetlejuice Head Knocker Beetlejuice Beetlejuice<\/strong><\/p>\n<ul>\n<li>\u00a1El juice est\u00e1 suelto! \u00a1Nacido de la mente del director Tim Burton, Beetlejuice Baby est\u00e1 aqu\u00ed! El personaje destacado de la pel\u00edcula Beetlejuice de 2024 Beetlejuice Beetlejuice ahora es un Neca Head Knocker.<\/li>\n<li>Esta aterradora figura para ni\u00f1os peque\u00f1os est\u00e1 en una pose sentada y cuenta con un mecanismo de resorte que permite el movimiento de la cabeza, lo que crea diversi\u00f3n interactiva cuando lo desees. Mide unos 16,5 cm de alto, Baby Beetlejuice est\u00e1 fundido en resina de calidad de coleccionista y pintado a mano individualmente para obtener detalles extra espeluznantes.<\/li>\n<li>Agr\u00e9guelo a su exhibici\u00f3n de terror y h\u00e1gale saber a todos cu\u00e1nto ama a Beetlejuice&#8230; Beetlejuice&#8230;<\/li>\n<\/ul>\n<p>&nbsp;<\/p>\n","protected":false},"excerpt":{"rendered":"<p><strong>Baby Beetlejuice Head Knocker Beetlejuice Beetlejuice<\/strong><\/p>\n<p>\u00a1El juice est\u00e1 suelto! \u00a1Nacido de la mente del director Tim Burton, Beetlejuice Baby est\u00e1 aqu\u00ed! El personaje destacado de la pel\u00edcula Beetlejuice de 2024 Beetlejuice Beetlejuice ahora es un Neca Head Knocker.<\/p>\n","protected":false},"featured_media":162020,"template":"","meta":{"_acf_changed":false,"_kad_blocks_custom_css":"","_kad_blocks_head_custom_js":"","_kad_blocks_body_custom_js":"","_kad_blocks_footer_custom_js":""},"product_cat":[1384],"product_tag":[],"class_list":{"0":"post-162027","1":"product","2":"type-product","3":"status-publish","4":"has-post-thumbnail","6":"product_cat-pre-orders","7":"pa_brand-neca-en","8":"pa_character-baby-beetlejuice-en","9":"pa_episode-beetlejuice-beetlejuice-en","10":"pa_license-beetlejuice-en","11":"pa_product-type-figure","12":"pa_theme-head-knocker-en","14":"first","15":"instock","16":"taxable","17":"shipping-taxable","18":"purchasable","19":"product-type-simple"},"acf":[],"yoast_head":"<!-- This site is optimized with the Yoast SEO plugin v26.1.1 - https:\/\/yoast.com\/wordpress\/plugins\/seo\/ -->\n<title>Baby Beetlejuice Head Knocker Beetlejuice Beetlejuice - EndormoonStore<\/title>\n<meta name=\"robots\" content=\"index, follow, max-snippet:-1, max-image-preview:large, max-video-preview:-1\" \/>\n<link rel=\"canonical\" href=\"https:\/\/endormoonstore.com\/baby-beetlejuice-head-knocker-beetlejuice-beetlejuice\/\" \/>\n<meta property=\"og:locale\" content=\"en_US\" \/>\n<meta property=\"og:type\" content=\"article\" \/>\n<meta property=\"og:title\" content=\"Baby Beetlejuice Head Knocker Beetlejuice Beetlejuice - EndormoonStore\" \/>\n<meta property=\"og:description\" content=\"Baby Beetlejuice Head Knocker Beetlejuice Beetlejuice  \u00a1El juice est\u00e1 suelto! \u00a1Nacido de la mente del director Tim Burton, Beetlejuice Baby est\u00e1 aqu\u00ed! El personaje destacado de la pel\u00edcula Beetlejuice de 2024 Beetlejuice Beetlejuice ahora es un Neca Head Knocker.\" \/>\n<meta property=\"og:url\" content=\"https:\/\/endormoonstore.com\/baby-beetlejuice-head-knocker-beetlejuice-beetlejuice\/\" \/>\n<meta property=\"og:site_name\" content=\"EndormoonStore\" \/>\n<meta property=\"article:modified_time\" content=\"2024-09-30T14:22:30+00:00\" \/>\n<meta property=\"og:image\" content=\"https:\/\/endormoonstore.com\/wp-content\/uploads\/2024\/09\/Baby-Beetlejuice-Beetlejuice-Beetlejuice-Head-Knocker-1.jpg\" \/>\n\t<meta property=\"og:image:width\" content=\"681\" \/>\n\t<meta property=\"og:image:height\" content=\"1024\" \/>\n\t<meta property=\"og:image:type\" content=\"image\/jpeg\" \/>\n<meta name=\"twitter:card\" content=\"summary_large_image\" \/>\n<meta name=\"twitter:label1\" content=\"Est. reading time\" \/>\n\t<meta name=\"twitter:data1\" content=\"1 minute\" \/>\n<script type=\"application\/ld+json\" class=\"yoast-schema-graph\">{\"@context\":\"https:\/\/schema.org\",\"@graph\":[{\"@type\":\"WebPage\",\"@id\":\"https:\/\/endormoonstore.com\/baby-beetlejuice-head-knocker-beetlejuice-beetlejuice\/\",\"url\":\"https:\/\/endormoonstore.com\/baby-beetlejuice-head-knocker-beetlejuice-beetlejuice\/\",\"name\":\"Baby Beetlejuice Head Knocker Beetlejuice Beetlejuice - EndormoonStore\",\"isPartOf\":{\"@id\":\"https:\/\/endormoonstore.com\/#website\"},\"primaryImageOfPage\":{\"@id\":\"https:\/\/endormoonstore.com\/baby-beetlejuice-head-knocker-beetlejuice-beetlejuice\/#primaryimage\"},\"image\":{\"@id\":\"https:\/\/endormoonstore.com\/baby-beetlejuice-head-knocker-beetlejuice-beetlejuice\/#primaryimage\"},\"thumbnailUrl\":\"https:\/\/endormoonstore.com\/wp-content\/uploads\/2024\/09\/Baby-Beetlejuice-Beetlejuice-Beetlejuice-Head-Knocker-1.jpg\",\"datePublished\":\"2024-08-31T22:55:57+00:00\",\"dateModified\":\"2024-09-30T14:22:30+00:00\",\"breadcrumb\":{\"@id\":\"https:\/\/endormoonstore.com\/baby-beetlejuice-head-knocker-beetlejuice-beetlejuice\/#breadcrumb\"},\"inLanguage\":\"en-US\",\"potentialAction\":[{\"@type\":\"ReadAction\",\"target\":[\"https:\/\/endormoonstore.com\/baby-beetlejuice-head-knocker-beetlejuice-beetlejuice\/\"]}]},{\"@type\":\"ImageObject\",\"inLanguage\":\"en-US\",\"@id\":\"https:\/\/endormoonstore.com\/baby-beetlejuice-head-knocker-beetlejuice-beetlejuice\/#primaryimage\",\"url\":\"https:\/\/endormoonstore.com\/wp-content\/uploads\/2024\/09\/Baby-Beetlejuice-Beetlejuice-Beetlejuice-Head-Knocker-1.jpg\",\"contentUrl\":\"https:\/\/endormoonstore.com\/wp-content\/uploads\/2024\/09\/Baby-Beetlejuice-Beetlejuice-Beetlejuice-Head-Knocker-1.jpg\",\"width\":681,\"height\":1024},{\"@type\":\"BreadcrumbList\",\"@id\":\"https:\/\/endormoonstore.com\/baby-beetlejuice-head-knocker-beetlejuice-beetlejuice\/#breadcrumb\",\"itemListElement\":[{\"@type\":\"ListItem\",\"position\":1,\"name\":\"Shop\",\"item\":\"https:\/\/endormoonstore.com\/en\/shop\/\"},{\"@type\":\"ListItem\",\"position\":2,\"name\":\"Baby Beetlejuice Head Knocker Beetlejuice Beetlejuice\"}]},{\"@type\":\"WebSite\",\"@id\":\"https:\/\/endormoonstore.com\/#website\",\"url\":\"https:\/\/endormoonstore.com\/\",\"name\":\"EndormoonStore\",\"description\":\"\",\"potentialAction\":[{\"@type\":\"SearchAction\",\"target\":{\"@type\":\"EntryPoint\",\"urlTemplate\":\"https:\/\/endormoonstore.com\/?s={search_term_string}\"},\"query-input\":{\"@type\":\"PropertyValueSpecification\",\"valueRequired\":true,\"valueName\":\"search_term_string\"}}],\"inLanguage\":\"en-US\"}]}<\/script>\n<!-- \/ Yoast SEO plugin. -->","yoast_head_json":{"title":"Baby Beetlejuice Head Knocker Beetlejuice Beetlejuice - EndormoonStore","robots":{"index":"index","follow":"follow","max-snippet":"max-snippet:-1","max-image-preview":"max-image-preview:large","max-video-preview":"max-video-preview:-1"},"canonical":"https:\/\/endormoonstore.com\/baby-beetlejuice-head-knocker-beetlejuice-beetlejuice\/","og_locale":"en_US","og_type":"article","og_title":"Baby Beetlejuice Head Knocker Beetlejuice Beetlejuice - EndormoonStore","og_description":"Baby Beetlejuice Head Knocker Beetlejuice Beetlejuice  \u00a1El juice est\u00e1 suelto! \u00a1Nacido de la mente del director Tim Burton, Beetlejuice Baby est\u00e1 aqu\u00ed! El personaje destacado de la pel\u00edcula Beetlejuice de 2024 Beetlejuice Beetlejuice ahora es un Neca Head Knocker.","og_url":"https:\/\/endormoonstore.com\/baby-beetlejuice-head-knocker-beetlejuice-beetlejuice\/","og_site_name":"EndormoonStore","article_modified_time":"2024-09-30T14:22:30+00:00","og_image":[{"width":681,"height":1024,"url":"https:\/\/endormoonstore.com\/wp-content\/uploads\/2024\/09\/Baby-Beetlejuice-Beetlejuice-Beetlejuice-Head-Knocker-1.jpg","type":"image\/jpeg"}],"twitter_card":"summary_large_image","twitter_misc":{"Est. reading time":"1 minute"},"schema":{"@context":"https:\/\/schema.org","@graph":[{"@type":"WebPage","@id":"https:\/\/endormoonstore.com\/baby-beetlejuice-head-knocker-beetlejuice-beetlejuice\/","url":"https:\/\/endormoonstore.com\/baby-beetlejuice-head-knocker-beetlejuice-beetlejuice\/","name":"Baby Beetlejuice Head Knocker Beetlejuice Beetlejuice - EndormoonStore","isPartOf":{"@id":"https:\/\/endormoonstore.com\/#website"},"primaryImageOfPage":{"@id":"https:\/\/endormoonstore.com\/baby-beetlejuice-head-knocker-beetlejuice-beetlejuice\/#primaryimage"},"image":{"@id":"https:\/\/endormoonstore.com\/baby-beetlejuice-head-knocker-beetlejuice-beetlejuice\/#primaryimage"},"thumbnailUrl":"https:\/\/endormoonstore.com\/wp-content\/uploads\/2024\/09\/Baby-Beetlejuice-Beetlejuice-Beetlejuice-Head-Knocker-1.jpg","datePublished":"2024-08-31T22:55:57+00:00","dateModified":"2024-09-30T14:22:30+00:00","breadcrumb":{"@id":"https:\/\/endormoonstore.com\/baby-beetlejuice-head-knocker-beetlejuice-beetlejuice\/#breadcrumb"},"inLanguage":"en-US","potentialAction":[{"@type":"ReadAction","target":["https:\/\/endormoonstore.com\/baby-beetlejuice-head-knocker-beetlejuice-beetlejuice\/"]}]},{"@type":"ImageObject","inLanguage":"en-US","@id":"https:\/\/endormoonstore.com\/baby-beetlejuice-head-knocker-beetlejuice-beetlejuice\/#primaryimage","url":"https:\/\/endormoonstore.com\/wp-content\/uploads\/2024\/09\/Baby-Beetlejuice-Beetlejuice-Beetlejuice-Head-Knocker-1.jpg","contentUrl":"https:\/\/endormoonstore.com\/wp-content\/uploads\/2024\/09\/Baby-Beetlejuice-Beetlejuice-Beetlejuice-Head-Knocker-1.jpg","width":681,"height":1024},{"@type":"BreadcrumbList","@id":"https:\/\/endormoonstore.com\/baby-beetlejuice-head-knocker-beetlejuice-beetlejuice\/#breadcrumb","itemListElement":[{"@type":"ListItem","position":1,"name":"Shop","item":"https:\/\/endormoonstore.com\/en\/shop\/"},{"@type":"ListItem","position":2,"name":"Baby Beetlejuice Head Knocker Beetlejuice Beetlejuice"}]},{"@type":"WebSite","@id":"https:\/\/endormoonstore.com\/#website","url":"https:\/\/endormoonstore.com\/","name":"EndormoonStore","description":"","potentialAction":[{"@type":"SearchAction","target":{"@type":"EntryPoint","urlTemplate":"https:\/\/endormoonstore.com\/?s={search_term_string}"},"query-input":{"@type":"PropertyValueSpecification","valueRequired":true,"valueName":"search_term_string"}}],"inLanguage":"en-US"}]}},"taxonomy_info":{"product_cat":[{"value":1384,"label":"Pre-orders"}],"pa_brand":[{"value":2090,"label":"Neca"}],"pa_character":[{"value":14721,"label":"Baby Beetlejuice"}],"pa_episode":[{"value":14639,"label":"Beetlejuice Beetlejuice"}],"pa_license":[{"value":4871,"label":"Beetlejuice"}],"pa_product-type":[{"value":2387,"label":"Figure"}],"pa_theme":[{"value":14545,"label":"Head Knocker"}]},"featured_image_src_large":["https:\/\/endormoonstore.com\/wp-content\/uploads\/2024\/09\/Baby-Beetlejuice-Beetlejuice-Beetlejuice-Head-Knocker-1.jpg",681,1024,false],"author_info":[],"comment_info":"","_links":{"self":[{"href":"https:\/\/endormoonstore.com\/en\/wp-json\/wp\/v2\/product\/162027","targetHints":{"allow":["GET"]}}],"collection":[{"href":"https:\/\/endormoonstore.com\/en\/wp-json\/wp\/v2\/product"}],"about":[{"href":"https:\/\/endormoonstore.com\/en\/wp-json\/wp\/v2\/types\/product"}],"wp:featuredmedia":[{"embeddable":true,"href":"https:\/\/endormoonstore.com\/en\/wp-json\/wp\/v2\/media\/162020"}],"wp:attachment":[{"href":"https:\/\/endormoonstore.com\/en\/wp-json\/wp\/v2\/media?parent=162027"}],"wp:term":[{"taxonomy":"product_cat","embeddable":true,"href":"https:\/\/endormoonstore.com\/en\/wp-json\/wp\/v2\/product_cat?post=162027"},{"taxonomy":"product_tag","embeddable":true,"href":"https:\/\/endormoonstore.com\/en\/wp-json\/wp\/v2\/product_tag?post=162027"}],"curies":[{"name":"wp","href":"https:\/\/api.w.org\/{rel}","templated":true}]}}