{"id":162017,"date":"2024-09-01T00:50:25","date_gmt":"2024-08-31T22:50:25","guid":{"rendered":"https:\/\/endormoonstore.com\/lydia-wedding-head-knocker-beetlejuice-beetlejuice\/"},"modified":"2024-09-16T21:09:02","modified_gmt":"2024-09-16T19:09:02","slug":"lydia-wedding-head-knocker-beetlejuice-beetlejuice","status":"publish","type":"product","link":"https:\/\/endormoonstore.com\/en\/lydia-wedding-head-knocker-beetlejuice-beetlejuice\/","title":{"rendered":"Lydia Wedding Head Knocker Beetlejuice Beetlejuice"},"content":{"rendered":"<p><strong>Lydia Wedding Head Knocker Beetlejuice Beetlejuice<\/strong><\/p>\n<ul>\n<li>\u00a1Celebra la pel\u00edcula Beetlejuice Beetlejuice de Tim Burton de 2024 con este Head Knocker de Lydia Deetz! Cuando la hija rebelde de Lydia, Astrid, abre accidentalmente el portal al m\u00e1s all\u00e1, \u00a1es solo cuesti\u00f3n de tiempo hasta que alguien diga el nombre de Beetlejuice tres veces!<\/li>\n<li>Lydia est\u00e1 vestida con su vestido de novia rojo, lo que la convierte en una pieza colorida y coleccionable para cualquier fan de Beetlejuice. Esta figura de resina pintada a mano mide m\u00e1s de 20 cm de alto y cuenta con un mecanismo de resorte que permite el movimiento de la cabeza, lo que crea diversi\u00f3n interactiva cuando lo desees.<\/li>\n<li>A\u00f1\u00e1dela a tu exhibici\u00f3n de terror y hazles saber a todos cu\u00e1nto amas a Beetlejuice&#8230; Beetlejuice&#8230;<\/li>\n<\/ul>\n<p>&nbsp;<\/p>\n","protected":false},"excerpt":{"rendered":"<p><strong>Lydia Wedding Head Knocker Beetlejuice Beetlejuice<\/strong><\/p>\n<p>\u00a1Celebra la pel\u00edcula Beetlejuice Beetlejuice de Tim Burton de 2024 con este Head Knocker de Lydia Deetz! Cuando la hija rebelde de Lydia, Astrid, abre accidentalmente el portal al m\u00e1s all\u00e1, \u00a1es solo cuesti\u00f3n de tiempo hasta que alguien diga el nombre de Beetlejuice tres veces!<\/p>\n","protected":false},"featured_media":162000,"template":"","meta":{"_acf_changed":false,"_kad_blocks_custom_css":"","_kad_blocks_head_custom_js":"","_kad_blocks_body_custom_js":"","_kad_blocks_footer_custom_js":""},"product_cat":[1390],"product_tag":[],"class_list":{"0":"post-162017","1":"product","2":"type-product","3":"status-publish","4":"has-post-thumbnail","6":"product_cat-figures","7":"pa_brand-neca-en","8":"pa_character-lydia-deetz-en","9":"pa_episode-beetlejuice-beetlejuice-en","10":"pa_license-beetlejuice-en","11":"pa_product-type-figure","12":"pa_theme-head-knocker-en","14":"first","15":"outofstock","16":"taxable","17":"shipping-taxable","18":"purchasable","19":"product-type-simple"},"acf":[],"yoast_head":"<!-- This site is optimized with the Yoast SEO plugin v26.1.1 - https:\/\/yoast.com\/wordpress\/plugins\/seo\/ -->\n<title>Lydia Wedding Head Knocker Beetlejuice Beetlejuice - EndormoonStore<\/title>\n<meta name=\"robots\" content=\"index, follow, max-snippet:-1, max-image-preview:large, max-video-preview:-1\" \/>\n<link rel=\"canonical\" href=\"https:\/\/endormoonstore.com\/en\/lydia-wedding-head-knocker-beetlejuice-beetlejuice\/\" \/>\n<meta property=\"og:locale\" content=\"en_US\" \/>\n<meta property=\"og:type\" content=\"article\" \/>\n<meta property=\"og:title\" content=\"Lydia Wedding Head Knocker Beetlejuice Beetlejuice - EndormoonStore\" \/>\n<meta property=\"og:description\" content=\"Lydia Wedding Head Knocker Beetlejuice Beetlejuice  \u00a1Celebra la pel\u00edcula Beetlejuice Beetlejuice de Tim Burton de 2024 con este Head Knocker de Lydia Deetz! Cuando la hija rebelde de Lydia, Astrid, abre accidentalmente el portal al m\u00e1s all\u00e1, \u00a1es solo cuesti\u00f3n de tiempo hasta que alguien diga el nombre de Beetlejuice tres veces!\" \/>\n<meta property=\"og:url\" content=\"https:\/\/endormoonstore.com\/en\/lydia-wedding-head-knocker-beetlejuice-beetlejuice\/\" \/>\n<meta property=\"og:site_name\" content=\"EndormoonStore\" \/>\n<meta property=\"article:modified_time\" content=\"2024-09-16T19:09:02+00:00\" \/>\n<meta property=\"og:image\" content=\"https:\/\/endormoonstore.com\/wp-content\/uploads\/2024\/09\/Lydia-Wedding-Beetlejuice-Beetlejuice-Head-Knocker-1.jpg\" \/>\n\t<meta property=\"og:image:width\" content=\"1000\" \/>\n\t<meta property=\"og:image:height\" content=\"1000\" \/>\n\t<meta property=\"og:image:type\" content=\"image\/jpeg\" \/>\n<meta name=\"twitter:card\" content=\"summary_large_image\" \/>\n<meta name=\"twitter:label1\" content=\"Est. reading time\" \/>\n\t<meta name=\"twitter:data1\" content=\"1 minute\" \/>\n<script type=\"application\/ld+json\" class=\"yoast-schema-graph\">{\"@context\":\"https:\/\/schema.org\",\"@graph\":[{\"@type\":\"WebPage\",\"@id\":\"https:\/\/endormoonstore.com\/en\/lydia-wedding-head-knocker-beetlejuice-beetlejuice\/\",\"url\":\"https:\/\/endormoonstore.com\/en\/lydia-wedding-head-knocker-beetlejuice-beetlejuice\/\",\"name\":\"Lydia Wedding Head Knocker Beetlejuice Beetlejuice - EndormoonStore\",\"isPartOf\":{\"@id\":\"https:\/\/endormoonstore.com\/#website\"},\"primaryImageOfPage\":{\"@id\":\"https:\/\/endormoonstore.com\/en\/lydia-wedding-head-knocker-beetlejuice-beetlejuice\/#primaryimage\"},\"image\":{\"@id\":\"https:\/\/endormoonstore.com\/en\/lydia-wedding-head-knocker-beetlejuice-beetlejuice\/#primaryimage\"},\"thumbnailUrl\":\"https:\/\/endormoonstore.com\/wp-content\/uploads\/2024\/09\/Lydia-Wedding-Beetlejuice-Beetlejuice-Head-Knocker-1.jpg\",\"datePublished\":\"2024-08-31T22:50:25+00:00\",\"dateModified\":\"2024-09-16T19:09:02+00:00\",\"breadcrumb\":{\"@id\":\"https:\/\/endormoonstore.com\/en\/lydia-wedding-head-knocker-beetlejuice-beetlejuice\/#breadcrumb\"},\"inLanguage\":\"en-US\",\"potentialAction\":[{\"@type\":\"ReadAction\",\"target\":[\"https:\/\/endormoonstore.com\/en\/lydia-wedding-head-knocker-beetlejuice-beetlejuice\/\"]}]},{\"@type\":\"ImageObject\",\"inLanguage\":\"en-US\",\"@id\":\"https:\/\/endormoonstore.com\/en\/lydia-wedding-head-knocker-beetlejuice-beetlejuice\/#primaryimage\",\"url\":\"https:\/\/endormoonstore.com\/wp-content\/uploads\/2024\/09\/Lydia-Wedding-Beetlejuice-Beetlejuice-Head-Knocker-1.jpg\",\"contentUrl\":\"https:\/\/endormoonstore.com\/wp-content\/uploads\/2024\/09\/Lydia-Wedding-Beetlejuice-Beetlejuice-Head-Knocker-1.jpg\",\"width\":1000,\"height\":1000},{\"@type\":\"BreadcrumbList\",\"@id\":\"https:\/\/endormoonstore.com\/en\/lydia-wedding-head-knocker-beetlejuice-beetlejuice\/#breadcrumb\",\"itemListElement\":[{\"@type\":\"ListItem\",\"position\":1,\"name\":\"Shop\",\"item\":\"https:\/\/endormoonstore.com\/en\/shop\/\"},{\"@type\":\"ListItem\",\"position\":2,\"name\":\"Lydia Wedding Head Knocker Beetlejuice Beetlejuice\"}]},{\"@type\":\"WebSite\",\"@id\":\"https:\/\/endormoonstore.com\/#website\",\"url\":\"https:\/\/endormoonstore.com\/\",\"name\":\"EndormoonStore\",\"description\":\"\",\"potentialAction\":[{\"@type\":\"SearchAction\",\"target\":{\"@type\":\"EntryPoint\",\"urlTemplate\":\"https:\/\/endormoonstore.com\/?s={search_term_string}\"},\"query-input\":{\"@type\":\"PropertyValueSpecification\",\"valueRequired\":true,\"valueName\":\"search_term_string\"}}],\"inLanguage\":\"en-US\"}]}<\/script>\n<!-- \/ Yoast SEO plugin. -->","yoast_head_json":{"title":"Lydia Wedding Head Knocker Beetlejuice Beetlejuice - EndormoonStore","robots":{"index":"index","follow":"follow","max-snippet":"max-snippet:-1","max-image-preview":"max-image-preview:large","max-video-preview":"max-video-preview:-1"},"canonical":"https:\/\/endormoonstore.com\/en\/lydia-wedding-head-knocker-beetlejuice-beetlejuice\/","og_locale":"en_US","og_type":"article","og_title":"Lydia Wedding Head Knocker Beetlejuice Beetlejuice - EndormoonStore","og_description":"Lydia Wedding Head Knocker Beetlejuice Beetlejuice  \u00a1Celebra la pel\u00edcula Beetlejuice Beetlejuice de Tim Burton de 2024 con este Head Knocker de Lydia Deetz! Cuando la hija rebelde de Lydia, Astrid, abre accidentalmente el portal al m\u00e1s all\u00e1, \u00a1es solo cuesti\u00f3n de tiempo hasta que alguien diga el nombre de Beetlejuice tres veces!","og_url":"https:\/\/endormoonstore.com\/en\/lydia-wedding-head-knocker-beetlejuice-beetlejuice\/","og_site_name":"EndormoonStore","article_modified_time":"2024-09-16T19:09:02+00:00","og_image":[{"width":1000,"height":1000,"url":"https:\/\/endormoonstore.com\/wp-content\/uploads\/2024\/09\/Lydia-Wedding-Beetlejuice-Beetlejuice-Head-Knocker-1.jpg","type":"image\/jpeg"}],"twitter_card":"summary_large_image","twitter_misc":{"Est. reading time":"1 minute"},"schema":{"@context":"https:\/\/schema.org","@graph":[{"@type":"WebPage","@id":"https:\/\/endormoonstore.com\/en\/lydia-wedding-head-knocker-beetlejuice-beetlejuice\/","url":"https:\/\/endormoonstore.com\/en\/lydia-wedding-head-knocker-beetlejuice-beetlejuice\/","name":"Lydia Wedding Head Knocker Beetlejuice Beetlejuice - EndormoonStore","isPartOf":{"@id":"https:\/\/endormoonstore.com\/#website"},"primaryImageOfPage":{"@id":"https:\/\/endormoonstore.com\/en\/lydia-wedding-head-knocker-beetlejuice-beetlejuice\/#primaryimage"},"image":{"@id":"https:\/\/endormoonstore.com\/en\/lydia-wedding-head-knocker-beetlejuice-beetlejuice\/#primaryimage"},"thumbnailUrl":"https:\/\/endormoonstore.com\/wp-content\/uploads\/2024\/09\/Lydia-Wedding-Beetlejuice-Beetlejuice-Head-Knocker-1.jpg","datePublished":"2024-08-31T22:50:25+00:00","dateModified":"2024-09-16T19:09:02+00:00","breadcrumb":{"@id":"https:\/\/endormoonstore.com\/en\/lydia-wedding-head-knocker-beetlejuice-beetlejuice\/#breadcrumb"},"inLanguage":"en-US","potentialAction":[{"@type":"ReadAction","target":["https:\/\/endormoonstore.com\/en\/lydia-wedding-head-knocker-beetlejuice-beetlejuice\/"]}]},{"@type":"ImageObject","inLanguage":"en-US","@id":"https:\/\/endormoonstore.com\/en\/lydia-wedding-head-knocker-beetlejuice-beetlejuice\/#primaryimage","url":"https:\/\/endormoonstore.com\/wp-content\/uploads\/2024\/09\/Lydia-Wedding-Beetlejuice-Beetlejuice-Head-Knocker-1.jpg","contentUrl":"https:\/\/endormoonstore.com\/wp-content\/uploads\/2024\/09\/Lydia-Wedding-Beetlejuice-Beetlejuice-Head-Knocker-1.jpg","width":1000,"height":1000},{"@type":"BreadcrumbList","@id":"https:\/\/endormoonstore.com\/en\/lydia-wedding-head-knocker-beetlejuice-beetlejuice\/#breadcrumb","itemListElement":[{"@type":"ListItem","position":1,"name":"Shop","item":"https:\/\/endormoonstore.com\/en\/shop\/"},{"@type":"ListItem","position":2,"name":"Lydia Wedding Head Knocker Beetlejuice Beetlejuice"}]},{"@type":"WebSite","@id":"https:\/\/endormoonstore.com\/#website","url":"https:\/\/endormoonstore.com\/","name":"EndormoonStore","description":"","potentialAction":[{"@type":"SearchAction","target":{"@type":"EntryPoint","urlTemplate":"https:\/\/endormoonstore.com\/?s={search_term_string}"},"query-input":{"@type":"PropertyValueSpecification","valueRequired":true,"valueName":"search_term_string"}}],"inLanguage":"en-US"}]}},"taxonomy_info":{"product_cat":[{"value":1390,"label":"Figures"}],"pa_brand":[{"value":2090,"label":"Neca"}],"pa_character":[{"value":14641,"label":"Lydia Deetz"}],"pa_episode":[{"value":14639,"label":"Beetlejuice Beetlejuice"}],"pa_license":[{"value":4871,"label":"Beetlejuice"}],"pa_product-type":[{"value":2387,"label":"Figure"}],"pa_theme":[{"value":14545,"label":"Head Knocker"}]},"featured_image_src_large":["https:\/\/endormoonstore.com\/wp-content\/uploads\/2024\/09\/Lydia-Wedding-Beetlejuice-Beetlejuice-Head-Knocker-1.jpg",1000,1000,false],"author_info":[],"comment_info":"","_links":{"self":[{"href":"https:\/\/endormoonstore.com\/en\/wp-json\/wp\/v2\/product\/162017","targetHints":{"allow":["GET"]}}],"collection":[{"href":"https:\/\/endormoonstore.com\/en\/wp-json\/wp\/v2\/product"}],"about":[{"href":"https:\/\/endormoonstore.com\/en\/wp-json\/wp\/v2\/types\/product"}],"wp:featuredmedia":[{"embeddable":true,"href":"https:\/\/endormoonstore.com\/en\/wp-json\/wp\/v2\/media\/162000"}],"wp:attachment":[{"href":"https:\/\/endormoonstore.com\/en\/wp-json\/wp\/v2\/media?parent=162017"}],"wp:term":[{"taxonomy":"product_cat","embeddable":true,"href":"https:\/\/endormoonstore.com\/en\/wp-json\/wp\/v2\/product_cat?post=162017"},{"taxonomy":"product_tag","embeddable":true,"href":"https:\/\/endormoonstore.com\/en\/wp-json\/wp\/v2\/product_tag?post=162017"}],"curies":[{"name":"wp","href":"https:\/\/api.w.org\/{rel}","templated":true}]}}