{"id":161997,"date":"2024-09-01T00:45:51","date_gmt":"2024-08-31T22:45:51","guid":{"rendered":"https:\/\/endormoonstore.com\/waiting-room-1-pack-3-figure-set-beetlejuice-beetlejuice\/"},"modified":"2024-09-16T20:46:34","modified_gmt":"2024-09-16T18:46:34","slug":"waiting-room-1-pack-3-figure-set-beetlejuice-beetlejuice","status":"publish","type":"product","link":"https:\/\/endormoonstore.com\/en\/waiting-room-1-pack-3-figure-set-beetlejuice-beetlejuice\/","title":{"rendered":"Waiting Room #1 Pack 3 Figure Set Beetlejuice Beetlejuice"},"content":{"rendered":"<p><strong>Waiting Room #1 Pack 3 Figure Set Beetlejuice Beetlejuice<\/strong><\/p>\n<ul>\n<li>Nunca conf\u00edes en los vivos. \u00a1El fantasma con m\u00e1s est\u00e1 de vuelta en la pel\u00edcula Beetlejuice Beetlejuice de Tim Burton de 2024! \u00a0Recrea la ic\u00f3nica sala de espera del m\u00e1s all\u00e1 con este juego de figuras de 3 piezas altamente detallado de Neca y un accesorio.<\/li>\n<li>Las figuras incluyen a los personajes sentados de Delia Deetz, Escape Artist, Mummified Santa y una bolsa de regalos de Santa como complemento. \u00a1Cada una mide aproximadamente 7,5 cm de alto, y est\u00e1 lista para llevar tu exhibici\u00f3n de Beetlejuice al siguiente nivel!<\/li>\n<li>Viene en un empaque de caja con ventana apto para coleccionistas.<\/li>\n<\/ul>\n<p>&nbsp;<\/p>\n","protected":false},"excerpt":{"rendered":"<p><strong>Waiting Room #1 Pack 3 Figure Set Beetlejuice Beetlejuice<\/strong><\/p>\n<p>Nunca conf\u00edes en los vivos. \u00a1El fantasma con m\u00e1s est\u00e1 de vuelta en la pel\u00edcula Beetlejuice Beetlejuice de Tim Burton de 2024! \u00a0Recrea la ic\u00f3nica sala de espera del m\u00e1s all\u00e1 con este juego de figuras de 3 piezas altamente detallado de Neca y un accesorio.<\/p>\n","protected":false},"featured_media":161983,"template":"","meta":{"_acf_changed":false,"_kad_blocks_custom_css":"","_kad_blocks_head_custom_js":"","_kad_blocks_body_custom_js":"","_kad_blocks_footer_custom_js":""},"product_cat":[1384],"product_tag":[],"class_list":{"0":"post-161997","1":"product","2":"type-product","3":"status-publish","4":"has-post-thumbnail","6":"product_cat-pre-orders","7":"pa_brand-neca-en","8":"pa_character-delia-deetz-escape-artist-and-mummified-santa","9":"pa_episode-beetlejuice-beetlejuice-en","10":"pa_license-beetlejuice-en","11":"pa_product-type-figure","12":"pa_theme-scale-action-figure-en","14":"first","15":"instock","16":"taxable","17":"shipping-taxable","18":"purchasable","19":"product-type-simple"},"acf":[],"yoast_head":"<!-- This site is optimized with the Yoast SEO plugin v26.1.1 - https:\/\/yoast.com\/wordpress\/plugins\/seo\/ -->\n<title>Waiting Room #1 Pack 3 Figure Set Beetlejuice Beetlejuice - EndormoonStore<\/title>\n<meta name=\"robots\" content=\"index, follow, max-snippet:-1, max-image-preview:large, max-video-preview:-1\" \/>\n<link rel=\"canonical\" href=\"https:\/\/endormoonstore.com\/en\/waiting-room-1-pack-3-figure-set-beetlejuice-beetlejuice\/\" \/>\n<meta property=\"og:locale\" content=\"en_US\" \/>\n<meta property=\"og:type\" content=\"article\" \/>\n<meta property=\"og:title\" content=\"Waiting Room #1 Pack 3 Figure Set Beetlejuice Beetlejuice - EndormoonStore\" \/>\n<meta property=\"og:description\" content=\"Waiting Room #1 Pack 3 Figure Set Beetlejuice Beetlejuice  Nunca conf\u00edes en los vivos. \u00a1El fantasma con m\u00e1s est\u00e1 de vuelta en la pel\u00edcula Beetlejuice Beetlejuice de Tim Burton de 2024! \u00a0Recrea la ic\u00f3nica sala de espera del m\u00e1s all\u00e1 con este juego de figuras de 3 piezas altamente detallado de Neca y un accesorio.\" \/>\n<meta property=\"og:url\" content=\"https:\/\/endormoonstore.com\/en\/waiting-room-1-pack-3-figure-set-beetlejuice-beetlejuice\/\" \/>\n<meta property=\"og:site_name\" content=\"EndormoonStore\" \/>\n<meta property=\"article:modified_time\" content=\"2024-09-16T18:46:34+00:00\" \/>\n<meta property=\"og:image\" content=\"https:\/\/endormoonstore.com\/wp-content\/uploads\/2024\/09\/Waiting-Room-1-Pack-3-Figure-Set-Beetlejuice-Beetlejuice-2.jpg\" \/>\n\t<meta property=\"og:image:width\" content=\"1000\" \/>\n\t<meta property=\"og:image:height\" content=\"1000\" \/>\n\t<meta property=\"og:image:type\" content=\"image\/jpeg\" \/>\n<meta name=\"twitter:card\" content=\"summary_large_image\" \/>\n<meta name=\"twitter:label1\" content=\"Est. reading time\" \/>\n\t<meta name=\"twitter:data1\" content=\"1 minute\" \/>\n<script type=\"application\/ld+json\" class=\"yoast-schema-graph\">{\"@context\":\"https:\/\/schema.org\",\"@graph\":[{\"@type\":\"WebPage\",\"@id\":\"https:\/\/endormoonstore.com\/en\/waiting-room-1-pack-3-figure-set-beetlejuice-beetlejuice\/\",\"url\":\"https:\/\/endormoonstore.com\/en\/waiting-room-1-pack-3-figure-set-beetlejuice-beetlejuice\/\",\"name\":\"Waiting Room #1 Pack 3 Figure Set Beetlejuice Beetlejuice - EndormoonStore\",\"isPartOf\":{\"@id\":\"https:\/\/endormoonstore.com\/#website\"},\"primaryImageOfPage\":{\"@id\":\"https:\/\/endormoonstore.com\/en\/waiting-room-1-pack-3-figure-set-beetlejuice-beetlejuice\/#primaryimage\"},\"image\":{\"@id\":\"https:\/\/endormoonstore.com\/en\/waiting-room-1-pack-3-figure-set-beetlejuice-beetlejuice\/#primaryimage\"},\"thumbnailUrl\":\"https:\/\/endormoonstore.com\/wp-content\/uploads\/2024\/09\/Waiting-Room-1-Pack-3-Figure-Set-Beetlejuice-Beetlejuice-2.jpg\",\"datePublished\":\"2024-08-31T22:45:51+00:00\",\"dateModified\":\"2024-09-16T18:46:34+00:00\",\"breadcrumb\":{\"@id\":\"https:\/\/endormoonstore.com\/en\/waiting-room-1-pack-3-figure-set-beetlejuice-beetlejuice\/#breadcrumb\"},\"inLanguage\":\"en-US\",\"potentialAction\":[{\"@type\":\"ReadAction\",\"target\":[\"https:\/\/endormoonstore.com\/en\/waiting-room-1-pack-3-figure-set-beetlejuice-beetlejuice\/\"]}]},{\"@type\":\"ImageObject\",\"inLanguage\":\"en-US\",\"@id\":\"https:\/\/endormoonstore.com\/en\/waiting-room-1-pack-3-figure-set-beetlejuice-beetlejuice\/#primaryimage\",\"url\":\"https:\/\/endormoonstore.com\/wp-content\/uploads\/2024\/09\/Waiting-Room-1-Pack-3-Figure-Set-Beetlejuice-Beetlejuice-2.jpg\",\"contentUrl\":\"https:\/\/endormoonstore.com\/wp-content\/uploads\/2024\/09\/Waiting-Room-1-Pack-3-Figure-Set-Beetlejuice-Beetlejuice-2.jpg\",\"width\":1000,\"height\":1000},{\"@type\":\"BreadcrumbList\",\"@id\":\"https:\/\/endormoonstore.com\/en\/waiting-room-1-pack-3-figure-set-beetlejuice-beetlejuice\/#breadcrumb\",\"itemListElement\":[{\"@type\":\"ListItem\",\"position\":1,\"name\":\"Shop\",\"item\":\"https:\/\/endormoonstore.com\/en\/shop\/\"},{\"@type\":\"ListItem\",\"position\":2,\"name\":\"Waiting Room #1 Pack 3 Figure Set Beetlejuice Beetlejuice\"}]},{\"@type\":\"WebSite\",\"@id\":\"https:\/\/endormoonstore.com\/#website\",\"url\":\"https:\/\/endormoonstore.com\/\",\"name\":\"EndormoonStore\",\"description\":\"\",\"potentialAction\":[{\"@type\":\"SearchAction\",\"target\":{\"@type\":\"EntryPoint\",\"urlTemplate\":\"https:\/\/endormoonstore.com\/?s={search_term_string}\"},\"query-input\":{\"@type\":\"PropertyValueSpecification\",\"valueRequired\":true,\"valueName\":\"search_term_string\"}}],\"inLanguage\":\"en-US\"}]}<\/script>\n<!-- \/ Yoast SEO plugin. -->","yoast_head_json":{"title":"Waiting Room #1 Pack 3 Figure Set Beetlejuice Beetlejuice - EndormoonStore","robots":{"index":"index","follow":"follow","max-snippet":"max-snippet:-1","max-image-preview":"max-image-preview:large","max-video-preview":"max-video-preview:-1"},"canonical":"https:\/\/endormoonstore.com\/en\/waiting-room-1-pack-3-figure-set-beetlejuice-beetlejuice\/","og_locale":"en_US","og_type":"article","og_title":"Waiting Room #1 Pack 3 Figure Set Beetlejuice Beetlejuice - EndormoonStore","og_description":"Waiting Room #1 Pack 3 Figure Set Beetlejuice Beetlejuice  Nunca conf\u00edes en los vivos. \u00a1El fantasma con m\u00e1s est\u00e1 de vuelta en la pel\u00edcula Beetlejuice Beetlejuice de Tim Burton de 2024! \u00a0Recrea la ic\u00f3nica sala de espera del m\u00e1s all\u00e1 con este juego de figuras de 3 piezas altamente detallado de Neca y un accesorio.","og_url":"https:\/\/endormoonstore.com\/en\/waiting-room-1-pack-3-figure-set-beetlejuice-beetlejuice\/","og_site_name":"EndormoonStore","article_modified_time":"2024-09-16T18:46:34+00:00","og_image":[{"width":1000,"height":1000,"url":"https:\/\/endormoonstore.com\/wp-content\/uploads\/2024\/09\/Waiting-Room-1-Pack-3-Figure-Set-Beetlejuice-Beetlejuice-2.jpg","type":"image\/jpeg"}],"twitter_card":"summary_large_image","twitter_misc":{"Est. reading time":"1 minute"},"schema":{"@context":"https:\/\/schema.org","@graph":[{"@type":"WebPage","@id":"https:\/\/endormoonstore.com\/en\/waiting-room-1-pack-3-figure-set-beetlejuice-beetlejuice\/","url":"https:\/\/endormoonstore.com\/en\/waiting-room-1-pack-3-figure-set-beetlejuice-beetlejuice\/","name":"Waiting Room #1 Pack 3 Figure Set Beetlejuice Beetlejuice - EndormoonStore","isPartOf":{"@id":"https:\/\/endormoonstore.com\/#website"},"primaryImageOfPage":{"@id":"https:\/\/endormoonstore.com\/en\/waiting-room-1-pack-3-figure-set-beetlejuice-beetlejuice\/#primaryimage"},"image":{"@id":"https:\/\/endormoonstore.com\/en\/waiting-room-1-pack-3-figure-set-beetlejuice-beetlejuice\/#primaryimage"},"thumbnailUrl":"https:\/\/endormoonstore.com\/wp-content\/uploads\/2024\/09\/Waiting-Room-1-Pack-3-Figure-Set-Beetlejuice-Beetlejuice-2.jpg","datePublished":"2024-08-31T22:45:51+00:00","dateModified":"2024-09-16T18:46:34+00:00","breadcrumb":{"@id":"https:\/\/endormoonstore.com\/en\/waiting-room-1-pack-3-figure-set-beetlejuice-beetlejuice\/#breadcrumb"},"inLanguage":"en-US","potentialAction":[{"@type":"ReadAction","target":["https:\/\/endormoonstore.com\/en\/waiting-room-1-pack-3-figure-set-beetlejuice-beetlejuice\/"]}]},{"@type":"ImageObject","inLanguage":"en-US","@id":"https:\/\/endormoonstore.com\/en\/waiting-room-1-pack-3-figure-set-beetlejuice-beetlejuice\/#primaryimage","url":"https:\/\/endormoonstore.com\/wp-content\/uploads\/2024\/09\/Waiting-Room-1-Pack-3-Figure-Set-Beetlejuice-Beetlejuice-2.jpg","contentUrl":"https:\/\/endormoonstore.com\/wp-content\/uploads\/2024\/09\/Waiting-Room-1-Pack-3-Figure-Set-Beetlejuice-Beetlejuice-2.jpg","width":1000,"height":1000},{"@type":"BreadcrumbList","@id":"https:\/\/endormoonstore.com\/en\/waiting-room-1-pack-3-figure-set-beetlejuice-beetlejuice\/#breadcrumb","itemListElement":[{"@type":"ListItem","position":1,"name":"Shop","item":"https:\/\/endormoonstore.com\/en\/shop\/"},{"@type":"ListItem","position":2,"name":"Waiting Room #1 Pack 3 Figure Set Beetlejuice Beetlejuice"}]},{"@type":"WebSite","@id":"https:\/\/endormoonstore.com\/#website","url":"https:\/\/endormoonstore.com\/","name":"EndormoonStore","description":"","potentialAction":[{"@type":"SearchAction","target":{"@type":"EntryPoint","urlTemplate":"https:\/\/endormoonstore.com\/?s={search_term_string}"},"query-input":{"@type":"PropertyValueSpecification","valueRequired":true,"valueName":"search_term_string"}}],"inLanguage":"en-US"}]}},"taxonomy_info":{"product_cat":[{"value":1384,"label":"Pre-orders"}],"pa_brand":[{"value":2090,"label":"Neca"}],"pa_character":[{"value":14649,"label":"Delia Deetz, Escape Artist, and Mummified Santa"}],"pa_episode":[{"value":14639,"label":"Beetlejuice Beetlejuice"}],"pa_license":[{"value":4871,"label":"Beetlejuice"}],"pa_product-type":[{"value":2387,"label":"Figure"}],"pa_theme":[{"value":2864,"label":"Scale Action Figure"}]},"featured_image_src_large":["https:\/\/endormoonstore.com\/wp-content\/uploads\/2024\/09\/Waiting-Room-1-Pack-3-Figure-Set-Beetlejuice-Beetlejuice-2.jpg",1000,1000,false],"author_info":[],"comment_info":"","_links":{"self":[{"href":"https:\/\/endormoonstore.com\/en\/wp-json\/wp\/v2\/product\/161997","targetHints":{"allow":["GET"]}}],"collection":[{"href":"https:\/\/endormoonstore.com\/en\/wp-json\/wp\/v2\/product"}],"about":[{"href":"https:\/\/endormoonstore.com\/en\/wp-json\/wp\/v2\/types\/product"}],"wp:featuredmedia":[{"embeddable":true,"href":"https:\/\/endormoonstore.com\/en\/wp-json\/wp\/v2\/media\/161983"}],"wp:attachment":[{"href":"https:\/\/endormoonstore.com\/en\/wp-json\/wp\/v2\/media?parent=161997"}],"wp:term":[{"taxonomy":"product_cat","embeddable":true,"href":"https:\/\/endormoonstore.com\/en\/wp-json\/wp\/v2\/product_cat?post=161997"},{"taxonomy":"product_tag","embeddable":true,"href":"https:\/\/endormoonstore.com\/en\/wp-json\/wp\/v2\/product_tag?post=161997"}],"curies":[{"name":"wp","href":"https:\/\/api.w.org\/{rel}","templated":true}]}}