{"id":161828,"date":"2024-09-01T00:05:09","date_gmt":"2024-08-31T22:05:09","guid":{"rendered":"https:\/\/endormoonstore.com\/ultimate-frankensteins-monster-black-white-bride-of-frankenstein-universal-monsters\/"},"modified":"2024-09-13T11:12:38","modified_gmt":"2024-09-13T09:12:38","slug":"ultimate-frankensteins-monster-black-white-bride-of-frankenstein-universal-monsters","status":"publish","type":"product","link":"https:\/\/endormoonstore.com\/en\/ultimate-frankensteins-monster-black-white-bride-of-frankenstein-universal-monsters\/","title":{"rendered":"Ultimate Frankenstein&#8217;s Monster Black &#038; White Bride of Frankenstein Universal Monsters"},"content":{"rendered":"<p class=\"p1\"><strong>Ultimate Frankenstein&#8217;s Monster Black &amp; White Bride of Frankenstein Universal Monsters<\/strong><\/p>\n<ul class=\"ul1\">\n<li class=\"li1\">\n<div class=\"p\">\u00a1El monstruo de Frankenstein vive! Recrea escenas ic\u00f3nicas de la secuela de 1935, La novia de Frankenstein, con esta figura de acci\u00f3n Ultimate de Neca.Esta figura, que parece sacada de la pantalla grande, presenta una decoraci\u00f3n en blanco y negro y esculturas que reflejan la segunda aparici\u00f3n de Boris Karloff como el Monstruo.<\/div>\n<\/li>\n<li class=\"li1\">\n<div class=\"p\">Los accesorios incluyen dos cabezas extras, tres manos intercambiables extra, una hogaza de pan, una taza y un taz\u00f3n de sopa.<\/div>\n<\/li>\n<li class=\"li1\">\n<div class=\"p\">Con m\u00e1s de 18 cm de alto y 28 puntos de articulaci\u00f3n, esta figura est\u00e1 lista para unirse a tu colecci\u00f3n de monstruos de Universal en blanco y negro.<\/div>\n<\/li>\n<li class=\"li1\">\n<div class=\"p\">Viene en un empaque con ventana f\u00e1cil de exhibir y con solapa frontal que se abre.<\/div>\n<\/li>\n<\/ul>\n","protected":false},"excerpt":{"rendered":"<p class=\"p1\"><strong>Ultimate Frankenstein&#8217;s Monster Black &amp; White Bride of Frankenstein Universal Monsters<\/strong><\/p>\n<p class=\"p1\">\u00a1El monstruo de Frankenstein vive! Recrea escenas ic\u00f3nicas de la secuela de 1935, La novia de Frankenstein, con esta figura de acci\u00f3n Ultimate de Neca.Esta figura, que parece sacada de la pantalla grande, presenta una decoraci\u00f3n en blanco y negro y esculturas que reflejan la segunda aparici\u00f3n de Boris Karloff como el Monstruo.<\/p>\n","protected":false},"featured_media":161809,"template":"","meta":{"_acf_changed":false,"_kad_blocks_custom_css":"","_kad_blocks_head_custom_js":"","_kad_blocks_body_custom_js":"","_kad_blocks_footer_custom_js":""},"product_cat":[1390],"product_tag":[],"class_list":{"0":"post-161828","1":"product","2":"type-product","3":"status-publish","4":"has-post-thumbnail","6":"product_cat-figures","7":"pa_brand-neca-en","8":"pa_character-frankenstein-en","9":"pa_license-bride-of-frankenstein","10":"pa_product-type-figure","11":"pa_theme-universal-monsters-en","13":"first","14":"instock","15":"taxable","16":"shipping-taxable","17":"purchasable","18":"product-type-simple"},"acf":[],"yoast_head":"<!-- This site is optimized with the Yoast SEO plugin v26.1.1 - https:\/\/yoast.com\/wordpress\/plugins\/seo\/ -->\n<title>Ultimate Frankenstein&#039;s Monster Black &amp; White Bride of Frankenstein Universal Monsters - EndormoonStore<\/title>\n<meta name=\"robots\" content=\"index, follow, max-snippet:-1, max-image-preview:large, max-video-preview:-1\" \/>\n<link rel=\"canonical\" href=\"https:\/\/endormoonstore.com\/en\/ultimate-frankensteins-monster-black-white-bride-of-frankenstein-universal-monsters\/\" \/>\n<meta property=\"og:locale\" content=\"en_US\" \/>\n<meta property=\"og:type\" content=\"article\" \/>\n<meta property=\"og:title\" content=\"Ultimate Frankenstein&#039;s Monster Black &amp; White Bride of Frankenstein Universal Monsters - EndormoonStore\" \/>\n<meta property=\"og:description\" content=\"Ultimate Frankenstein&#039;s Monster Black &amp; White Bride of Frankenstein Universal Monsters \u00a1El monstruo de Frankenstein vive! Recrea escenas ic\u00f3nicas de la secuela de 1935, La novia de Frankenstein, con esta figura de acci\u00f3n Ultimate de Neca.Esta figura, que parece sacada de la pantalla grande, presenta una decoraci\u00f3n en blanco y negro y esculturas que reflejan la segunda aparici\u00f3n de Boris Karloff como el Monstruo.\" \/>\n<meta property=\"og:url\" content=\"https:\/\/endormoonstore.com\/en\/ultimate-frankensteins-monster-black-white-bride-of-frankenstein-universal-monsters\/\" \/>\n<meta property=\"og:site_name\" content=\"EndormoonStore\" \/>\n<meta property=\"article:modified_time\" content=\"2024-09-13T09:12:38+00:00\" \/>\n<meta property=\"og:image\" content=\"https:\/\/endormoonstore.com\/wp-content\/uploads\/2024\/09\/Ultimate-Frankensteins-Monster-Black-White-Ver.-Bride-of-Frankenstein-Universal-Monsters-1.jpg\" \/>\n\t<meta property=\"og:image:width\" content=\"1080\" \/>\n\t<meta property=\"og:image:height\" content=\"1350\" \/>\n\t<meta property=\"og:image:type\" content=\"image\/jpeg\" \/>\n<meta name=\"twitter:card\" content=\"summary_large_image\" \/>\n<meta name=\"twitter:label1\" content=\"Est. reading time\" \/>\n\t<meta name=\"twitter:data1\" content=\"1 minute\" \/>\n<script type=\"application\/ld+json\" class=\"yoast-schema-graph\">{\"@context\":\"https:\/\/schema.org\",\"@graph\":[{\"@type\":\"WebPage\",\"@id\":\"https:\/\/endormoonstore.com\/en\/ultimate-frankensteins-monster-black-white-bride-of-frankenstein-universal-monsters\/\",\"url\":\"https:\/\/endormoonstore.com\/en\/ultimate-frankensteins-monster-black-white-bride-of-frankenstein-universal-monsters\/\",\"name\":\"Ultimate Frankenstein's Monster Black & White Bride of Frankenstein Universal Monsters - EndormoonStore\",\"isPartOf\":{\"@id\":\"https:\/\/endormoonstore.com\/#website\"},\"primaryImageOfPage\":{\"@id\":\"https:\/\/endormoonstore.com\/en\/ultimate-frankensteins-monster-black-white-bride-of-frankenstein-universal-monsters\/#primaryimage\"},\"image\":{\"@id\":\"https:\/\/endormoonstore.com\/en\/ultimate-frankensteins-monster-black-white-bride-of-frankenstein-universal-monsters\/#primaryimage\"},\"thumbnailUrl\":\"https:\/\/endormoonstore.com\/wp-content\/uploads\/2024\/09\/Ultimate-Frankensteins-Monster-Black-White-Ver.-Bride-of-Frankenstein-Universal-Monsters-1.jpg\",\"datePublished\":\"2024-08-31T22:05:09+00:00\",\"dateModified\":\"2024-09-13T09:12:38+00:00\",\"breadcrumb\":{\"@id\":\"https:\/\/endormoonstore.com\/en\/ultimate-frankensteins-monster-black-white-bride-of-frankenstein-universal-monsters\/#breadcrumb\"},\"inLanguage\":\"en-US\",\"potentialAction\":[{\"@type\":\"ReadAction\",\"target\":[\"https:\/\/endormoonstore.com\/en\/ultimate-frankensteins-monster-black-white-bride-of-frankenstein-universal-monsters\/\"]}]},{\"@type\":\"ImageObject\",\"inLanguage\":\"en-US\",\"@id\":\"https:\/\/endormoonstore.com\/en\/ultimate-frankensteins-monster-black-white-bride-of-frankenstein-universal-monsters\/#primaryimage\",\"url\":\"https:\/\/endormoonstore.com\/wp-content\/uploads\/2024\/09\/Ultimate-Frankensteins-Monster-Black-White-Ver.-Bride-of-Frankenstein-Universal-Monsters-1.jpg\",\"contentUrl\":\"https:\/\/endormoonstore.com\/wp-content\/uploads\/2024\/09\/Ultimate-Frankensteins-Monster-Black-White-Ver.-Bride-of-Frankenstein-Universal-Monsters-1.jpg\",\"width\":1080,\"height\":1350},{\"@type\":\"BreadcrumbList\",\"@id\":\"https:\/\/endormoonstore.com\/en\/ultimate-frankensteins-monster-black-white-bride-of-frankenstein-universal-monsters\/#breadcrumb\",\"itemListElement\":[{\"@type\":\"ListItem\",\"position\":1,\"name\":\"Shop\",\"item\":\"https:\/\/endormoonstore.com\/en\/shop\/\"},{\"@type\":\"ListItem\",\"position\":2,\"name\":\"Ultimate Frankenstein&#8217;s Monster Black &#038; White Bride of Frankenstein Universal Monsters\"}]},{\"@type\":\"WebSite\",\"@id\":\"https:\/\/endormoonstore.com\/#website\",\"url\":\"https:\/\/endormoonstore.com\/\",\"name\":\"EndormoonStore\",\"description\":\"\",\"potentialAction\":[{\"@type\":\"SearchAction\",\"target\":{\"@type\":\"EntryPoint\",\"urlTemplate\":\"https:\/\/endormoonstore.com\/?s={search_term_string}\"},\"query-input\":{\"@type\":\"PropertyValueSpecification\",\"valueRequired\":true,\"valueName\":\"search_term_string\"}}],\"inLanguage\":\"en-US\"}]}<\/script>\n<!-- \/ Yoast SEO plugin. -->","yoast_head_json":{"title":"Ultimate Frankenstein's Monster Black & White Bride of Frankenstein Universal Monsters - EndormoonStore","robots":{"index":"index","follow":"follow","max-snippet":"max-snippet:-1","max-image-preview":"max-image-preview:large","max-video-preview":"max-video-preview:-1"},"canonical":"https:\/\/endormoonstore.com\/en\/ultimate-frankensteins-monster-black-white-bride-of-frankenstein-universal-monsters\/","og_locale":"en_US","og_type":"article","og_title":"Ultimate Frankenstein's Monster Black & White Bride of Frankenstein Universal Monsters - EndormoonStore","og_description":"Ultimate Frankenstein's Monster Black &amp; White Bride of Frankenstein Universal Monsters \u00a1El monstruo de Frankenstein vive! Recrea escenas ic\u00f3nicas de la secuela de 1935, La novia de Frankenstein, con esta figura de acci\u00f3n Ultimate de Neca.Esta figura, que parece sacada de la pantalla grande, presenta una decoraci\u00f3n en blanco y negro y esculturas que reflejan la segunda aparici\u00f3n de Boris Karloff como el Monstruo.","og_url":"https:\/\/endormoonstore.com\/en\/ultimate-frankensteins-monster-black-white-bride-of-frankenstein-universal-monsters\/","og_site_name":"EndormoonStore","article_modified_time":"2024-09-13T09:12:38+00:00","og_image":[{"width":1080,"height":1350,"url":"https:\/\/endormoonstore.com\/wp-content\/uploads\/2024\/09\/Ultimate-Frankensteins-Monster-Black-White-Ver.-Bride-of-Frankenstein-Universal-Monsters-1.jpg","type":"image\/jpeg"}],"twitter_card":"summary_large_image","twitter_misc":{"Est. reading time":"1 minute"},"schema":{"@context":"https:\/\/schema.org","@graph":[{"@type":"WebPage","@id":"https:\/\/endormoonstore.com\/en\/ultimate-frankensteins-monster-black-white-bride-of-frankenstein-universal-monsters\/","url":"https:\/\/endormoonstore.com\/en\/ultimate-frankensteins-monster-black-white-bride-of-frankenstein-universal-monsters\/","name":"Ultimate Frankenstein's Monster Black & White Bride of Frankenstein Universal Monsters - EndormoonStore","isPartOf":{"@id":"https:\/\/endormoonstore.com\/#website"},"primaryImageOfPage":{"@id":"https:\/\/endormoonstore.com\/en\/ultimate-frankensteins-monster-black-white-bride-of-frankenstein-universal-monsters\/#primaryimage"},"image":{"@id":"https:\/\/endormoonstore.com\/en\/ultimate-frankensteins-monster-black-white-bride-of-frankenstein-universal-monsters\/#primaryimage"},"thumbnailUrl":"https:\/\/endormoonstore.com\/wp-content\/uploads\/2024\/09\/Ultimate-Frankensteins-Monster-Black-White-Ver.-Bride-of-Frankenstein-Universal-Monsters-1.jpg","datePublished":"2024-08-31T22:05:09+00:00","dateModified":"2024-09-13T09:12:38+00:00","breadcrumb":{"@id":"https:\/\/endormoonstore.com\/en\/ultimate-frankensteins-monster-black-white-bride-of-frankenstein-universal-monsters\/#breadcrumb"},"inLanguage":"en-US","potentialAction":[{"@type":"ReadAction","target":["https:\/\/endormoonstore.com\/en\/ultimate-frankensteins-monster-black-white-bride-of-frankenstein-universal-monsters\/"]}]},{"@type":"ImageObject","inLanguage":"en-US","@id":"https:\/\/endormoonstore.com\/en\/ultimate-frankensteins-monster-black-white-bride-of-frankenstein-universal-monsters\/#primaryimage","url":"https:\/\/endormoonstore.com\/wp-content\/uploads\/2024\/09\/Ultimate-Frankensteins-Monster-Black-White-Ver.-Bride-of-Frankenstein-Universal-Monsters-1.jpg","contentUrl":"https:\/\/endormoonstore.com\/wp-content\/uploads\/2024\/09\/Ultimate-Frankensteins-Monster-Black-White-Ver.-Bride-of-Frankenstein-Universal-Monsters-1.jpg","width":1080,"height":1350},{"@type":"BreadcrumbList","@id":"https:\/\/endormoonstore.com\/en\/ultimate-frankensteins-monster-black-white-bride-of-frankenstein-universal-monsters\/#breadcrumb","itemListElement":[{"@type":"ListItem","position":1,"name":"Shop","item":"https:\/\/endormoonstore.com\/en\/shop\/"},{"@type":"ListItem","position":2,"name":"Ultimate Frankenstein&#8217;s Monster Black &#038; White Bride of Frankenstein Universal Monsters"}]},{"@type":"WebSite","@id":"https:\/\/endormoonstore.com\/#website","url":"https:\/\/endormoonstore.com\/","name":"EndormoonStore","description":"","potentialAction":[{"@type":"SearchAction","target":{"@type":"EntryPoint","urlTemplate":"https:\/\/endormoonstore.com\/?s={search_term_string}"},"query-input":{"@type":"PropertyValueSpecification","valueRequired":true,"valueName":"search_term_string"}}],"inLanguage":"en-US"}]}},"taxonomy_info":{"product_cat":[{"value":1390,"label":"Figures"}],"pa_brand":[{"value":2090,"label":"Neca"}],"pa_character":[{"value":6675,"label":"Frankenstein"}],"pa_license":[{"value":13551,"label":"Bride of Frankenstein"}],"pa_product-type":[{"value":2387,"label":"Figure"}],"pa_theme":[{"value":11217,"label":"Universal Monsters"}]},"featured_image_src_large":["https:\/\/endormoonstore.com\/wp-content\/uploads\/2024\/09\/Ultimate-Frankensteins-Monster-Black-White-Ver.-Bride-of-Frankenstein-Universal-Monsters-1.jpg",1080,1350,false],"author_info":[],"comment_info":"","_links":{"self":[{"href":"https:\/\/endormoonstore.com\/en\/wp-json\/wp\/v2\/product\/161828","targetHints":{"allow":["GET"]}}],"collection":[{"href":"https:\/\/endormoonstore.com\/en\/wp-json\/wp\/v2\/product"}],"about":[{"href":"https:\/\/endormoonstore.com\/en\/wp-json\/wp\/v2\/types\/product"}],"wp:featuredmedia":[{"embeddable":true,"href":"https:\/\/endormoonstore.com\/en\/wp-json\/wp\/v2\/media\/161809"}],"wp:attachment":[{"href":"https:\/\/endormoonstore.com\/en\/wp-json\/wp\/v2\/media?parent=161828"}],"wp:term":[{"taxonomy":"product_cat","embeddable":true,"href":"https:\/\/endormoonstore.com\/en\/wp-json\/wp\/v2\/product_cat?post=161828"},{"taxonomy":"product_tag","embeddable":true,"href":"https:\/\/endormoonstore.com\/en\/wp-json\/wp\/v2\/product_tag?post=161828"}],"curies":[{"name":"wp","href":"https:\/\/api.w.org\/{rel}","templated":true}]}}