{"id":161741,"date":"2024-08-25T01:55:13","date_gmt":"2024-08-24T23:55:13","guid":{"rendered":"https:\/\/endormoonstore.com\/jimmy-rebel-moon-part-one-child-of-fire-s-h-figuarts\/"},"modified":"2024-09-10T20:55:08","modified_gmt":"2024-09-10T18:55:08","slug":"jimmy-rebel-moon-part-one-child-of-fire-s-h-figuarts","status":"publish","type":"product","link":"https:\/\/endormoonstore.com\/en\/jimmy-rebel-moon-part-one-child-of-fire-s-h-figuarts\/","title":{"rendered":"Jimmy Rebel Moon Part One Child of Fire S.H Figuarts"},"content":{"rendered":"<p class=\"p1\"><strong>Jimmy Rebel Moon Part One Child of Fire S.H Figuarts<\/strong><\/p>\n<ul class=\"ul1\">\n<li class=\"li1\">Tamashii Nations presenta, dentro de la colecci\u00f3n S.H. Figuarts, la figura de Jimmy. \u00a1Jimmy! Un robot consciente que alguna vez defendi\u00f3 a los reyes. Est\u00e1 basada en su aparici\u00f3n en la nueva pel\u00edcula de Netflix &#8220;Rebel Moon: Part One Child of the Fire&#8221; y mide 17 cm<\/li>\n<li class=\"li1\">Contiene una cabeza extra, dos pares de manos, un bast\u00f3n, una corona de cuernos, una corona de flores y 1x capa.<\/li>\n<li class=\"li1\">Puedes exponerla junto a las figuras de S.H. Figuarts Kora y Nemesis (se venden por separado).<\/li>\n<\/ul>\n","protected":false},"excerpt":{"rendered":"<p class=\"p1\"><strong>Jimmy Rebel Moon Part One Child of Fire S.H Figuarts<\/strong><\/p>\n<p class=\"p1\">Tamashii Nations presenta, dentro de la colecci\u00f3n S.H. Figuarts, la figura de Jimmy. \u00a1Jimmy! Un robot consciente que alguna vez defendi\u00f3 a los reyes. Est\u00e1 basada en su aparici\u00f3n en la nueva pel\u00edcula de Netflix &#8220;Rebel Moon: Part One Child of the Fire&#8221; y mide 17 cm<\/p>\n","protected":false},"featured_media":161728,"template":"","meta":{"_acf_changed":false,"_kad_blocks_custom_css":"","_kad_blocks_head_custom_js":"","_kad_blocks_body_custom_js":"","_kad_blocks_footer_custom_js":""},"product_cat":[1390,13511],"product_tag":[],"class_list":{"0":"post-161741","1":"product","2":"type-product","3":"status-publish","4":"has-post-thumbnail","6":"product_cat-figures","7":"product_cat-new-arrivals","8":"pa_brand-tamashii-nations-en","9":"pa_character-jimmy-en","10":"pa_episode-rebel-moon-part-one-child-of-the-fire-en","11":"pa_license-rebel-moon-en","12":"pa_product-type-figure","13":"pa_theme-s-h-figuarts-en","15":"first","16":"outofstock","17":"taxable","18":"shipping-taxable","19":"purchasable","20":"product-type-simple"},"acf":[],"yoast_head":"<!-- This site is optimized with the Yoast SEO plugin v26.1.1 - https:\/\/yoast.com\/wordpress\/plugins\/seo\/ -->\n<title>Jimmy Rebel Moon Part One Child of Fire S.H Figuarts - EndormoonStore<\/title>\n<meta name=\"robots\" content=\"index, follow, max-snippet:-1, max-image-preview:large, max-video-preview:-1\" \/>\n<link rel=\"canonical\" href=\"https:\/\/endormoonstore.com\/en\/jimmy-rebel-moon-part-one-child-of-fire-s-h-figuarts\/\" \/>\n<meta property=\"og:locale\" content=\"en_US\" \/>\n<meta property=\"og:type\" content=\"article\" \/>\n<meta property=\"og:title\" content=\"Jimmy Rebel Moon Part One Child of Fire S.H Figuarts - EndormoonStore\" \/>\n<meta property=\"og:description\" content=\"Jimmy Rebel Moon Part One Child of Fire S.H Figuarts Tamashii Nations presenta, dentro de la colecci\u00f3n S.H. Figuarts, la figura de Jimmy. \u00a1Jimmy! Un robot consciente que alguna vez defendi\u00f3 a los reyes. Est\u00e1 basada en su aparici\u00f3n en la nueva pel\u00edcula de Netflix &quot;Rebel Moon: Part One Child of the Fire&quot; y mide 17 cm\" \/>\n<meta property=\"og:url\" content=\"https:\/\/endormoonstore.com\/en\/jimmy-rebel-moon-part-one-child-of-fire-s-h-figuarts\/\" \/>\n<meta property=\"og:site_name\" content=\"EndormoonStore\" \/>\n<meta property=\"article:modified_time\" content=\"2024-09-10T18:55:08+00:00\" \/>\n<meta property=\"og:image\" content=\"https:\/\/endormoonstore.com\/wp-content\/uploads\/2024\/08\/Jimmy-Rebel-Moon-Part-One-Child-of-Fire-S.H.Figuarts-1.jpg\" \/>\n\t<meta property=\"og:image:width\" content=\"667\" \/>\n\t<meta property=\"og:image:height\" content=\"1000\" \/>\n\t<meta property=\"og:image:type\" content=\"image\/jpeg\" \/>\n<meta name=\"twitter:card\" content=\"summary_large_image\" \/>\n<meta name=\"twitter:label1\" content=\"Est. reading time\" \/>\n\t<meta name=\"twitter:data1\" content=\"1 minute\" \/>\n<script type=\"application\/ld+json\" class=\"yoast-schema-graph\">{\"@context\":\"https:\/\/schema.org\",\"@graph\":[{\"@type\":\"WebPage\",\"@id\":\"https:\/\/endormoonstore.com\/en\/jimmy-rebel-moon-part-one-child-of-fire-s-h-figuarts\/\",\"url\":\"https:\/\/endormoonstore.com\/en\/jimmy-rebel-moon-part-one-child-of-fire-s-h-figuarts\/\",\"name\":\"Jimmy Rebel Moon Part One Child of Fire S.H Figuarts - EndormoonStore\",\"isPartOf\":{\"@id\":\"https:\/\/endormoonstore.com\/#website\"},\"primaryImageOfPage\":{\"@id\":\"https:\/\/endormoonstore.com\/en\/jimmy-rebel-moon-part-one-child-of-fire-s-h-figuarts\/#primaryimage\"},\"image\":{\"@id\":\"https:\/\/endormoonstore.com\/en\/jimmy-rebel-moon-part-one-child-of-fire-s-h-figuarts\/#primaryimage\"},\"thumbnailUrl\":\"https:\/\/endormoonstore.com\/wp-content\/uploads\/2024\/08\/Jimmy-Rebel-Moon-Part-One-Child-of-Fire-S.H.Figuarts-1.jpg\",\"datePublished\":\"2024-08-24T23:55:13+00:00\",\"dateModified\":\"2024-09-10T18:55:08+00:00\",\"breadcrumb\":{\"@id\":\"https:\/\/endormoonstore.com\/en\/jimmy-rebel-moon-part-one-child-of-fire-s-h-figuarts\/#breadcrumb\"},\"inLanguage\":\"en-US\",\"potentialAction\":[{\"@type\":\"ReadAction\",\"target\":[\"https:\/\/endormoonstore.com\/en\/jimmy-rebel-moon-part-one-child-of-fire-s-h-figuarts\/\"]}]},{\"@type\":\"ImageObject\",\"inLanguage\":\"en-US\",\"@id\":\"https:\/\/endormoonstore.com\/en\/jimmy-rebel-moon-part-one-child-of-fire-s-h-figuarts\/#primaryimage\",\"url\":\"https:\/\/endormoonstore.com\/wp-content\/uploads\/2024\/08\/Jimmy-Rebel-Moon-Part-One-Child-of-Fire-S.H.Figuarts-1.jpg\",\"contentUrl\":\"https:\/\/endormoonstore.com\/wp-content\/uploads\/2024\/08\/Jimmy-Rebel-Moon-Part-One-Child-of-Fire-S.H.Figuarts-1.jpg\",\"width\":667,\"height\":1000},{\"@type\":\"BreadcrumbList\",\"@id\":\"https:\/\/endormoonstore.com\/en\/jimmy-rebel-moon-part-one-child-of-fire-s-h-figuarts\/#breadcrumb\",\"itemListElement\":[{\"@type\":\"ListItem\",\"position\":1,\"name\":\"Shop\",\"item\":\"https:\/\/endormoonstore.com\/en\/shop\/\"},{\"@type\":\"ListItem\",\"position\":2,\"name\":\"Jimmy Rebel Moon Part One Child of Fire S.H Figuarts\"}]},{\"@type\":\"WebSite\",\"@id\":\"https:\/\/endormoonstore.com\/#website\",\"url\":\"https:\/\/endormoonstore.com\/\",\"name\":\"EndormoonStore\",\"description\":\"\",\"potentialAction\":[{\"@type\":\"SearchAction\",\"target\":{\"@type\":\"EntryPoint\",\"urlTemplate\":\"https:\/\/endormoonstore.com\/?s={search_term_string}\"},\"query-input\":{\"@type\":\"PropertyValueSpecification\",\"valueRequired\":true,\"valueName\":\"search_term_string\"}}],\"inLanguage\":\"en-US\"}]}<\/script>\n<!-- \/ Yoast SEO plugin. -->","yoast_head_json":{"title":"Jimmy Rebel Moon Part One Child of Fire S.H Figuarts - EndormoonStore","robots":{"index":"index","follow":"follow","max-snippet":"max-snippet:-1","max-image-preview":"max-image-preview:large","max-video-preview":"max-video-preview:-1"},"canonical":"https:\/\/endormoonstore.com\/en\/jimmy-rebel-moon-part-one-child-of-fire-s-h-figuarts\/","og_locale":"en_US","og_type":"article","og_title":"Jimmy Rebel Moon Part One Child of Fire S.H Figuarts - EndormoonStore","og_description":"Jimmy Rebel Moon Part One Child of Fire S.H Figuarts Tamashii Nations presenta, dentro de la colecci\u00f3n S.H. Figuarts, la figura de Jimmy. \u00a1Jimmy! Un robot consciente que alguna vez defendi\u00f3 a los reyes. Est\u00e1 basada en su aparici\u00f3n en la nueva pel\u00edcula de Netflix \"Rebel Moon: Part One Child of the Fire\" y mide 17 cm","og_url":"https:\/\/endormoonstore.com\/en\/jimmy-rebel-moon-part-one-child-of-fire-s-h-figuarts\/","og_site_name":"EndormoonStore","article_modified_time":"2024-09-10T18:55:08+00:00","og_image":[{"width":667,"height":1000,"url":"https:\/\/endormoonstore.com\/wp-content\/uploads\/2024\/08\/Jimmy-Rebel-Moon-Part-One-Child-of-Fire-S.H.Figuarts-1.jpg","type":"image\/jpeg"}],"twitter_card":"summary_large_image","twitter_misc":{"Est. reading time":"1 minute"},"schema":{"@context":"https:\/\/schema.org","@graph":[{"@type":"WebPage","@id":"https:\/\/endormoonstore.com\/en\/jimmy-rebel-moon-part-one-child-of-fire-s-h-figuarts\/","url":"https:\/\/endormoonstore.com\/en\/jimmy-rebel-moon-part-one-child-of-fire-s-h-figuarts\/","name":"Jimmy Rebel Moon Part One Child of Fire S.H Figuarts - EndormoonStore","isPartOf":{"@id":"https:\/\/endormoonstore.com\/#website"},"primaryImageOfPage":{"@id":"https:\/\/endormoonstore.com\/en\/jimmy-rebel-moon-part-one-child-of-fire-s-h-figuarts\/#primaryimage"},"image":{"@id":"https:\/\/endormoonstore.com\/en\/jimmy-rebel-moon-part-one-child-of-fire-s-h-figuarts\/#primaryimage"},"thumbnailUrl":"https:\/\/endormoonstore.com\/wp-content\/uploads\/2024\/08\/Jimmy-Rebel-Moon-Part-One-Child-of-Fire-S.H.Figuarts-1.jpg","datePublished":"2024-08-24T23:55:13+00:00","dateModified":"2024-09-10T18:55:08+00:00","breadcrumb":{"@id":"https:\/\/endormoonstore.com\/en\/jimmy-rebel-moon-part-one-child-of-fire-s-h-figuarts\/#breadcrumb"},"inLanguage":"en-US","potentialAction":[{"@type":"ReadAction","target":["https:\/\/endormoonstore.com\/en\/jimmy-rebel-moon-part-one-child-of-fire-s-h-figuarts\/"]}]},{"@type":"ImageObject","inLanguage":"en-US","@id":"https:\/\/endormoonstore.com\/en\/jimmy-rebel-moon-part-one-child-of-fire-s-h-figuarts\/#primaryimage","url":"https:\/\/endormoonstore.com\/wp-content\/uploads\/2024\/08\/Jimmy-Rebel-Moon-Part-One-Child-of-Fire-S.H.Figuarts-1.jpg","contentUrl":"https:\/\/endormoonstore.com\/wp-content\/uploads\/2024\/08\/Jimmy-Rebel-Moon-Part-One-Child-of-Fire-S.H.Figuarts-1.jpg","width":667,"height":1000},{"@type":"BreadcrumbList","@id":"https:\/\/endormoonstore.com\/en\/jimmy-rebel-moon-part-one-child-of-fire-s-h-figuarts\/#breadcrumb","itemListElement":[{"@type":"ListItem","position":1,"name":"Shop","item":"https:\/\/endormoonstore.com\/en\/shop\/"},{"@type":"ListItem","position":2,"name":"Jimmy Rebel Moon Part One Child of Fire S.H Figuarts"}]},{"@type":"WebSite","@id":"https:\/\/endormoonstore.com\/#website","url":"https:\/\/endormoonstore.com\/","name":"EndormoonStore","description":"","potentialAction":[{"@type":"SearchAction","target":{"@type":"EntryPoint","urlTemplate":"https:\/\/endormoonstore.com\/?s={search_term_string}"},"query-input":{"@type":"PropertyValueSpecification","valueRequired":true,"valueName":"search_term_string"}}],"inLanguage":"en-US"}]}},"taxonomy_info":{"product_cat":[{"value":1390,"label":"Figures"},{"value":13511,"label":"New Arrivals"}],"pa_brand":[{"value":2096,"label":"Tamashii Nations"}],"pa_character":[{"value":14623,"label":"Jimmy"}],"pa_episode":[{"value":14629,"label":"Rebel Moon: Part One Child of the Fire"}],"pa_license":[{"value":14625,"label":"Rebel Moon"}],"pa_product-type":[{"value":2387,"label":"Figure"}],"pa_theme":[{"value":1813,"label":"S.H. Figuarts"}]},"featured_image_src_large":["https:\/\/endormoonstore.com\/wp-content\/uploads\/2024\/08\/Jimmy-Rebel-Moon-Part-One-Child-of-Fire-S.H.Figuarts-1.jpg",667,1000,false],"author_info":[],"comment_info":"","_links":{"self":[{"href":"https:\/\/endormoonstore.com\/en\/wp-json\/wp\/v2\/product\/161741","targetHints":{"allow":["GET"]}}],"collection":[{"href":"https:\/\/endormoonstore.com\/en\/wp-json\/wp\/v2\/product"}],"about":[{"href":"https:\/\/endormoonstore.com\/en\/wp-json\/wp\/v2\/types\/product"}],"wp:featuredmedia":[{"embeddable":true,"href":"https:\/\/endormoonstore.com\/en\/wp-json\/wp\/v2\/media\/161728"}],"wp:attachment":[{"href":"https:\/\/endormoonstore.com\/en\/wp-json\/wp\/v2\/media?parent=161741"}],"wp:term":[{"taxonomy":"product_cat","embeddable":true,"href":"https:\/\/endormoonstore.com\/en\/wp-json\/wp\/v2\/product_cat?post=161741"},{"taxonomy":"product_tag","embeddable":true,"href":"https:\/\/endormoonstore.com\/en\/wp-json\/wp\/v2\/product_tag?post=161741"}],"curies":[{"name":"wp","href":"https:\/\/api.w.org\/{rel}","templated":true}]}}