{"id":161638,"date":"2024-08-25T00:20:30","date_gmt":"2024-08-24T22:20:30","guid":{"rendered":"https:\/\/endormoonstore.com\/batpod-with-catwoman-dc-multiverse-the-dark-knight-rises\/"},"modified":"2024-09-05T12:44:49","modified_gmt":"2024-09-05T10:44:49","slug":"batpod-with-catwoman-dc-multiverse-the-dark-knight-rises","status":"publish","type":"product","link":"https:\/\/endormoonstore.com\/en\/batpod-with-catwoman-dc-multiverse-the-dark-knight-rises\/","title":{"rendered":"Batpod with Catwoman DC Multiverse The Dark Knight Rises"},"content":{"rendered":"<p class=\"p1\"><strong>Batpod with Catwoman DC Multiverse The Dark Knight Rises<\/strong><\/p>\n<ul>\n<li>Ocho a\u00f1os desde que Batman desapareci\u00f3 en la noche, pasando, en ese instante, de h\u00e9roe a fugitivo. Asumiendo la culpa por la muerte del fiscal Harvey Dent, el Caballero Oscuro sacrific\u00f3 todo por lo que \u00e9l y el Comisionado Gordon esperaban que fuera el bien mayor.<\/li>\n<li>Durante un tiempo, la mentira funcion\u00f3, ya que la actividad criminal en Ciudad G\u00f3tica fue aplastada bajo el peso de la Ley Dent contra el crimen.<\/li>\n<li>Pero todo cambiar\u00e1 con la llegada de un astuto ladr\u00f3n con una agenda misteriosa. Mucho m\u00e1s peligrosa, sin embargo, es la aparici\u00f3n de Bane, un terrorista enmascarado cuyos despiadados planes para Ciudad G\u00f3tica expulsan a Bruce de su exilio autoimpuesto.<\/li>\n<li>Pero incluso si se pone la capa y la capucha de nuevo, Batman puede no ser rival para Bane. Catwoman y Batpod est\u00e1n basados \u200b\u200ben sus apariciones en el gran \u00e9xito de taquilla The Dark Knight Rises<\/li>\n<li>Figura\u00a0 de unos 18 cm de alto y veh\u00edculo a escala de 7&#8243; incre\u00edblemente detallados basados \u200b\u200ben DC Multiverse.<\/li>\n<li>La figura est\u00e1 dise\u00f1ada con Ultra Articulaci\u00f3n con hasta 22 partes m\u00f3viles para una gama completa de poses y juegos.<\/li>\n<li>Incluye manos adicionales, base y tarjeta de arte coleccionable con arte del personaje en el frente y biograf\u00eda del personaje en la parte posterior.<\/li>\n<\/ul>\n<div class=\"pull-left margenDatosSecundarios\">\n<div id=\"ctl00_MainContent_dvSinopsis\" class=\"pull-left w100\"><\/div>\n<\/div>\n","protected":false},"excerpt":{"rendered":"<p class=\"p1\"><strong>Batpod with Catwoman DC Multiverse The Dark Knight Rises<\/strong><\/p>\n<p class=\"p1\">Ocho a\u00f1os desde que Batman desapareci\u00f3 en la noche, pasando, en ese instante, de h\u00e9roe a fugitivo. Asumiendo la culpa por la muerte del fiscal Harvey Dent, el Caballero Oscuro sacrific\u00f3 todo por lo que \u00e9l y el Comisionado Gordon esperaban que fuera el bien mayor.<\/p>\n","protected":false},"featured_media":161609,"template":"","meta":{"_acf_changed":false,"_kad_blocks_custom_css":"","_kad_blocks_head_custom_js":"","_kad_blocks_body_custom_js":"","_kad_blocks_footer_custom_js":""},"product_cat":[1390,13511],"product_tag":[],"class_list":{"0":"post-161638","1":"product","2":"type-product","3":"status-publish","4":"has-post-thumbnail","6":"product_cat-figures","7":"product_cat-new-arrivals","8":"pa_brand-mcfarlane-toys-en","9":"pa_character-catwoman-en","10":"pa_character-batpop-en","11":"pa_episode-batman-the-dark-knight-rises-en","12":"pa_license-dc-universe-en","13":"pa_product-type-figure","14":"pa_theme-dc-multiverse-en","16":"first","17":"instock","18":"taxable","19":"shipping-taxable","20":"purchasable","21":"product-type-simple"},"acf":[],"yoast_head":"<!-- This site is optimized with the Yoast SEO plugin v26.1.1 - https:\/\/yoast.com\/wordpress\/plugins\/seo\/ -->\n<title>Batpod with Catwoman DC Multiverse The Dark Knight Rises - EndormoonStore<\/title>\n<meta name=\"robots\" content=\"index, follow, max-snippet:-1, max-image-preview:large, max-video-preview:-1\" \/>\n<link rel=\"canonical\" href=\"https:\/\/endormoonstore.com\/batpod-with-catwoman-dc-multiverse-the-dark-knight-rises\/\" \/>\n<meta property=\"og:locale\" content=\"en_US\" \/>\n<meta property=\"og:type\" content=\"article\" \/>\n<meta property=\"og:title\" content=\"Batpod with Catwoman DC Multiverse The Dark Knight Rises - EndormoonStore\" \/>\n<meta property=\"og:description\" content=\"Batpod with Catwoman DC Multiverse The Dark Knight Rises Ocho a\u00f1os desde que Batman desapareci\u00f3 en la noche, pasando, en ese instante, de h\u00e9roe a fugitivo. Asumiendo la culpa por la muerte del fiscal Harvey Dent, el Caballero Oscuro sacrific\u00f3 todo por lo que \u00e9l y el Comisionado Gordon esperaban que fuera el bien mayor.\" \/>\n<meta property=\"og:url\" content=\"https:\/\/endormoonstore.com\/batpod-with-catwoman-dc-multiverse-the-dark-knight-rises\/\" \/>\n<meta property=\"og:site_name\" content=\"EndormoonStore\" \/>\n<meta property=\"article:modified_time\" content=\"2024-09-05T10:44:49+00:00\" \/>\n<meta property=\"og:image\" content=\"https:\/\/endormoonstore.com\/wp-content\/uploads\/2024\/08\/Batpod-with-Catwoman-DC-Multiverse-The-Dark-Knight-Rises-1.jpg\" \/>\n\t<meta property=\"og:image:width\" content=\"1000\" \/>\n\t<meta property=\"og:image:height\" content=\"1000\" \/>\n\t<meta property=\"og:image:type\" content=\"image\/jpeg\" \/>\n<meta name=\"twitter:card\" content=\"summary_large_image\" \/>\n<meta name=\"twitter:label1\" content=\"Est. reading time\" \/>\n\t<meta name=\"twitter:data1\" content=\"2 minutes\" \/>\n<script type=\"application\/ld+json\" class=\"yoast-schema-graph\">{\"@context\":\"https:\/\/schema.org\",\"@graph\":[{\"@type\":\"WebPage\",\"@id\":\"https:\/\/endormoonstore.com\/batpod-with-catwoman-dc-multiverse-the-dark-knight-rises\/\",\"url\":\"https:\/\/endormoonstore.com\/batpod-with-catwoman-dc-multiverse-the-dark-knight-rises\/\",\"name\":\"Batpod with Catwoman DC Multiverse The Dark Knight Rises - EndormoonStore\",\"isPartOf\":{\"@id\":\"https:\/\/endormoonstore.com\/#website\"},\"primaryImageOfPage\":{\"@id\":\"https:\/\/endormoonstore.com\/batpod-with-catwoman-dc-multiverse-the-dark-knight-rises\/#primaryimage\"},\"image\":{\"@id\":\"https:\/\/endormoonstore.com\/batpod-with-catwoman-dc-multiverse-the-dark-knight-rises\/#primaryimage\"},\"thumbnailUrl\":\"https:\/\/endormoonstore.com\/wp-content\/uploads\/2024\/08\/Batpod-with-Catwoman-DC-Multiverse-The-Dark-Knight-Rises-1.jpg\",\"datePublished\":\"2024-08-24T22:20:30+00:00\",\"dateModified\":\"2024-09-05T10:44:49+00:00\",\"breadcrumb\":{\"@id\":\"https:\/\/endormoonstore.com\/batpod-with-catwoman-dc-multiverse-the-dark-knight-rises\/#breadcrumb\"},\"inLanguage\":\"en-US\",\"potentialAction\":[{\"@type\":\"ReadAction\",\"target\":[\"https:\/\/endormoonstore.com\/batpod-with-catwoman-dc-multiverse-the-dark-knight-rises\/\"]}]},{\"@type\":\"ImageObject\",\"inLanguage\":\"en-US\",\"@id\":\"https:\/\/endormoonstore.com\/batpod-with-catwoman-dc-multiverse-the-dark-knight-rises\/#primaryimage\",\"url\":\"https:\/\/endormoonstore.com\/wp-content\/uploads\/2024\/08\/Batpod-with-Catwoman-DC-Multiverse-The-Dark-Knight-Rises-1.jpg\",\"contentUrl\":\"https:\/\/endormoonstore.com\/wp-content\/uploads\/2024\/08\/Batpod-with-Catwoman-DC-Multiverse-The-Dark-Knight-Rises-1.jpg\",\"width\":1000,\"height\":1000},{\"@type\":\"BreadcrumbList\",\"@id\":\"https:\/\/endormoonstore.com\/batpod-with-catwoman-dc-multiverse-the-dark-knight-rises\/#breadcrumb\",\"itemListElement\":[{\"@type\":\"ListItem\",\"position\":1,\"name\":\"Shop\",\"item\":\"https:\/\/endormoonstore.com\/en\/shop\/\"},{\"@type\":\"ListItem\",\"position\":2,\"name\":\"Batpod with Catwoman DC Multiverse The Dark Knight Rises\"}]},{\"@type\":\"WebSite\",\"@id\":\"https:\/\/endormoonstore.com\/#website\",\"url\":\"https:\/\/endormoonstore.com\/\",\"name\":\"EndormoonStore\",\"description\":\"\",\"potentialAction\":[{\"@type\":\"SearchAction\",\"target\":{\"@type\":\"EntryPoint\",\"urlTemplate\":\"https:\/\/endormoonstore.com\/?s={search_term_string}\"},\"query-input\":{\"@type\":\"PropertyValueSpecification\",\"valueRequired\":true,\"valueName\":\"search_term_string\"}}],\"inLanguage\":\"en-US\"}]}<\/script>\n<!-- \/ Yoast SEO plugin. -->","yoast_head_json":{"title":"Batpod with Catwoman DC Multiverse The Dark Knight Rises - EndormoonStore","robots":{"index":"index","follow":"follow","max-snippet":"max-snippet:-1","max-image-preview":"max-image-preview:large","max-video-preview":"max-video-preview:-1"},"canonical":"https:\/\/endormoonstore.com\/batpod-with-catwoman-dc-multiverse-the-dark-knight-rises\/","og_locale":"en_US","og_type":"article","og_title":"Batpod with Catwoman DC Multiverse The Dark Knight Rises - EndormoonStore","og_description":"Batpod with Catwoman DC Multiverse The Dark Knight Rises Ocho a\u00f1os desde que Batman desapareci\u00f3 en la noche, pasando, en ese instante, de h\u00e9roe a fugitivo. Asumiendo la culpa por la muerte del fiscal Harvey Dent, el Caballero Oscuro sacrific\u00f3 todo por lo que \u00e9l y el Comisionado Gordon esperaban que fuera el bien mayor.","og_url":"https:\/\/endormoonstore.com\/batpod-with-catwoman-dc-multiverse-the-dark-knight-rises\/","og_site_name":"EndormoonStore","article_modified_time":"2024-09-05T10:44:49+00:00","og_image":[{"width":1000,"height":1000,"url":"https:\/\/endormoonstore.com\/wp-content\/uploads\/2024\/08\/Batpod-with-Catwoman-DC-Multiverse-The-Dark-Knight-Rises-1.jpg","type":"image\/jpeg"}],"twitter_card":"summary_large_image","twitter_misc":{"Est. reading time":"2 minutes"},"schema":{"@context":"https:\/\/schema.org","@graph":[{"@type":"WebPage","@id":"https:\/\/endormoonstore.com\/batpod-with-catwoman-dc-multiverse-the-dark-knight-rises\/","url":"https:\/\/endormoonstore.com\/batpod-with-catwoman-dc-multiverse-the-dark-knight-rises\/","name":"Batpod with Catwoman DC Multiverse The Dark Knight Rises - EndormoonStore","isPartOf":{"@id":"https:\/\/endormoonstore.com\/#website"},"primaryImageOfPage":{"@id":"https:\/\/endormoonstore.com\/batpod-with-catwoman-dc-multiverse-the-dark-knight-rises\/#primaryimage"},"image":{"@id":"https:\/\/endormoonstore.com\/batpod-with-catwoman-dc-multiverse-the-dark-knight-rises\/#primaryimage"},"thumbnailUrl":"https:\/\/endormoonstore.com\/wp-content\/uploads\/2024\/08\/Batpod-with-Catwoman-DC-Multiverse-The-Dark-Knight-Rises-1.jpg","datePublished":"2024-08-24T22:20:30+00:00","dateModified":"2024-09-05T10:44:49+00:00","breadcrumb":{"@id":"https:\/\/endormoonstore.com\/batpod-with-catwoman-dc-multiverse-the-dark-knight-rises\/#breadcrumb"},"inLanguage":"en-US","potentialAction":[{"@type":"ReadAction","target":["https:\/\/endormoonstore.com\/batpod-with-catwoman-dc-multiverse-the-dark-knight-rises\/"]}]},{"@type":"ImageObject","inLanguage":"en-US","@id":"https:\/\/endormoonstore.com\/batpod-with-catwoman-dc-multiverse-the-dark-knight-rises\/#primaryimage","url":"https:\/\/endormoonstore.com\/wp-content\/uploads\/2024\/08\/Batpod-with-Catwoman-DC-Multiverse-The-Dark-Knight-Rises-1.jpg","contentUrl":"https:\/\/endormoonstore.com\/wp-content\/uploads\/2024\/08\/Batpod-with-Catwoman-DC-Multiverse-The-Dark-Knight-Rises-1.jpg","width":1000,"height":1000},{"@type":"BreadcrumbList","@id":"https:\/\/endormoonstore.com\/batpod-with-catwoman-dc-multiverse-the-dark-knight-rises\/#breadcrumb","itemListElement":[{"@type":"ListItem","position":1,"name":"Shop","item":"https:\/\/endormoonstore.com\/en\/shop\/"},{"@type":"ListItem","position":2,"name":"Batpod with Catwoman DC Multiverse The Dark Knight Rises"}]},{"@type":"WebSite","@id":"https:\/\/endormoonstore.com\/#website","url":"https:\/\/endormoonstore.com\/","name":"EndormoonStore","description":"","potentialAction":[{"@type":"SearchAction","target":{"@type":"EntryPoint","urlTemplate":"https:\/\/endormoonstore.com\/?s={search_term_string}"},"query-input":{"@type":"PropertyValueSpecification","valueRequired":true,"valueName":"search_term_string"}}],"inLanguage":"en-US"}]}},"taxonomy_info":{"product_cat":[{"value":1390,"label":"Figures"},{"value":13511,"label":"New Arrivals"}],"pa_brand":[{"value":13680,"label":"McFarlane Toys"}],"pa_character":[{"value":3722,"label":"Catwoman"},{"value":14609,"label":"Batpop"}],"pa_episode":[{"value":14611,"label":"Batman: The Dark Knight Rises"}],"pa_license":[{"value":3086,"label":"Dc Universe"}],"pa_product-type":[{"value":2387,"label":"Figure"}],"pa_theme":[{"value":13678,"label":"DC Multiverse"}]},"featured_image_src_large":["https:\/\/endormoonstore.com\/wp-content\/uploads\/2024\/08\/Batpod-with-Catwoman-DC-Multiverse-The-Dark-Knight-Rises-1.jpg",1000,1000,false],"author_info":[],"comment_info":"","_links":{"self":[{"href":"https:\/\/endormoonstore.com\/en\/wp-json\/wp\/v2\/product\/161638","targetHints":{"allow":["GET"]}}],"collection":[{"href":"https:\/\/endormoonstore.com\/en\/wp-json\/wp\/v2\/product"}],"about":[{"href":"https:\/\/endormoonstore.com\/en\/wp-json\/wp\/v2\/types\/product"}],"wp:featuredmedia":[{"embeddable":true,"href":"https:\/\/endormoonstore.com\/en\/wp-json\/wp\/v2\/media\/161609"}],"wp:attachment":[{"href":"https:\/\/endormoonstore.com\/en\/wp-json\/wp\/v2\/media?parent=161638"}],"wp:term":[{"taxonomy":"product_cat","embeddable":true,"href":"https:\/\/endormoonstore.com\/en\/wp-json\/wp\/v2\/product_cat?post=161638"},{"taxonomy":"product_tag","embeddable":true,"href":"https:\/\/endormoonstore.com\/en\/wp-json\/wp\/v2\/product_tag?post=161638"}],"curies":[{"name":"wp","href":"https:\/\/api.w.org\/{rel}","templated":true}]}}