{"id":161572,"date":"2024-08-22T00:20:24","date_gmt":"2024-08-21T22:20:24","guid":{"rendered":"https:\/\/endormoonstore.com\/ultimate-mutant-monster-pack-black-white-universal-monsters-x-teenage-mutant-ninja-turtles\/"},"modified":"2024-09-03T23:03:19","modified_gmt":"2024-09-03T21:03:19","slug":"ultimate-mutant-monster-pack-black-white-universal-monsters-x-teenage-mutant-ninja-turtles","status":"publish","type":"product","link":"https:\/\/endormoonstore.com\/en\/ultimate-mutant-monster-pack-black-white-universal-monsters-x-teenage-mutant-ninja-turtles\/","title":{"rendered":"Ultimate Mutant Monster Pack Black &#038; White Universal Monsters X Teenage Mutant Ninja Turtles"},"content":{"rendered":"<p class=\"p1\"><b>Ultimate Mutant Monster Pack Black &amp; White Universal Monsters X Teenage Mutant Ninja Turtles<\/b><\/p>\n<ul class=\"ul1\">\n<li class=\"li1\">Neca est\u00e1 emocionada y relajada de presentar el pr\u00f3ximo lanzamiento en nuestra l\u00ednea de figuras de acci\u00f3n Universal Monsters x Teenage Mutant Ninja Turtles. Rindiendo homenaje a las tortugas m\u00e1s famosas del mundo y los \u00edconos del terror de Universal, este \u00e9pico paquete de 4 reinventa a los H\u00e9roes en un Medio Caparaz\u00f3n como monstruos cl\u00e1sicos en una decoraci\u00f3n en blanco y negro escalofriante.<\/li>\n<li class=\"li1\">Las figuras de unos 18 cm de alto incluyen a Raphael como el Monstruo de Frankenstein, Michelangelo como La Momia, Donatello como El Hombre Invisible y Leonardo como la Criatura de la Laguna Negra.<\/li>\n<li class=\"li1\">Estas espeluznantes criaturas vienen completamente cargadas con todo tipo de accesorios, incluidas manos adicionales, cabezas alternativas y un mont\u00f3n de armas. Se incluyen un total de 22x manos y pies alternativos, 2x cabezas opcionales, armas, un microscopio y un sombrero.<\/li>\n<li class=\"li1\">Vienen en un empaque de caja con ventana apto para coleccionistas del legendario artista Daniel Horne.<\/li>\n<\/ul>\n","protected":false},"excerpt":{"rendered":"<p><strong>Ultimate Mutant Monster Pack Black &amp; White Universal Monsters X Teenage Mutant Ninja Turtles<\/strong><\/p>\n<p>Neca est\u00e1 emocionada y relajada de presentar el pr\u00f3ximo lanzamiento en nuestra l\u00ednea de figuras de acci\u00f3n Universal Monsters x Teenage Mutant Ninja Turtles. Rindiendo homenaje a las tortugas m\u00e1s famosas del mundo y los \u00edconos del terror de Universal, este \u00e9pico paquete de 4 reinventa a los H\u00e9roes en un Medio Caparaz\u00f3n como monstruos cl\u00e1sicos en una decoraci\u00f3n en blanco y negro escalofriante.<\/p>\n","protected":false},"featured_media":161542,"template":"","meta":{"_acf_changed":false,"_kad_blocks_custom_css":"","_kad_blocks_head_custom_js":"","_kad_blocks_body_custom_js":"","_kad_blocks_footer_custom_js":""},"product_cat":[1384],"product_tag":[],"class_list":{"0":"post-161572","1":"product","2":"type-product","3":"status-publish","4":"has-post-thumbnail","6":"product_cat-pre-orders","7":"pa_brand-neca-en","8":"pa_character-donatello-en","9":"pa_character-leonardo-en","10":"pa_character-michelangelo-en","11":"pa_character-raphael-en","12":"pa_license-teenage-mutant-ninja-turtles","13":"pa_product-type-figure","14":"pa_theme-universal-monsters-x-teenage-mutant-ninja-turtles-en","16":"first","17":"instock","18":"taxable","19":"shipping-taxable","20":"purchasable","21":"product-type-simple"},"acf":[],"yoast_head":"<!-- This site is optimized with the Yoast SEO plugin v26.1.1 - https:\/\/yoast.com\/wordpress\/plugins\/seo\/ -->\n<title>Ultimate Mutant Monster Pack Black &amp; White Universal Monsters X Teenage Mutant Ninja Turtles - EndormoonStore<\/title>\n<meta name=\"robots\" content=\"index, follow, max-snippet:-1, max-image-preview:large, max-video-preview:-1\" \/>\n<link rel=\"canonical\" href=\"https:\/\/endormoonstore.com\/en\/ultimate-mutant-monster-pack-black-white-universal-monsters-x-teenage-mutant-ninja-turtles\/\" \/>\n<meta property=\"og:locale\" content=\"en_US\" \/>\n<meta property=\"og:type\" content=\"article\" \/>\n<meta property=\"og:title\" content=\"Ultimate Mutant Monster Pack Black &amp; White Universal Monsters X Teenage Mutant Ninja Turtles - EndormoonStore\" \/>\n<meta property=\"og:description\" content=\"Ultimate Mutant Monster Pack Black &amp; White Universal Monsters X Teenage Mutant Ninja Turtles  Neca est\u00e1 emocionada y relajada de presentar el pr\u00f3ximo lanzamiento en nuestra l\u00ednea de figuras de acci\u00f3n Universal Monsters x Teenage Mutant Ninja Turtles. Rindiendo homenaje a las tortugas m\u00e1s famosas del mundo y los \u00edconos del terror de Universal, este \u00e9pico paquete de 4 reinventa a los H\u00e9roes en un Medio Caparaz\u00f3n como monstruos cl\u00e1sicos en una decoraci\u00f3n en blanco y negro escalofriante.\" \/>\n<meta property=\"og:url\" content=\"https:\/\/endormoonstore.com\/en\/ultimate-mutant-monster-pack-black-white-universal-monsters-x-teenage-mutant-ninja-turtles\/\" \/>\n<meta property=\"og:site_name\" content=\"EndormoonStore\" \/>\n<meta property=\"article:modified_time\" content=\"2024-09-03T21:03:19+00:00\" \/>\n<meta property=\"og:image\" content=\"https:\/\/endormoonstore.com\/wp-content\/uploads\/2024\/08\/Ultimate-Mutant-Monster-Pack-Black-White-Universal-Monsters-X-Teenage-Mutant-Ninja-Turtles-1.jpg\" \/>\n\t<meta property=\"og:image:width\" content=\"1000\" \/>\n\t<meta property=\"og:image:height\" content=\"562\" \/>\n\t<meta property=\"og:image:type\" content=\"image\/jpeg\" \/>\n<meta name=\"twitter:card\" content=\"summary_large_image\" \/>\n<meta name=\"twitter:label1\" content=\"Est. reading time\" \/>\n\t<meta name=\"twitter:data1\" content=\"1 minute\" \/>\n<script type=\"application\/ld+json\" class=\"yoast-schema-graph\">{\"@context\":\"https:\/\/schema.org\",\"@graph\":[{\"@type\":\"WebPage\",\"@id\":\"https:\/\/endormoonstore.com\/en\/ultimate-mutant-monster-pack-black-white-universal-monsters-x-teenage-mutant-ninja-turtles\/\",\"url\":\"https:\/\/endormoonstore.com\/en\/ultimate-mutant-monster-pack-black-white-universal-monsters-x-teenage-mutant-ninja-turtles\/\",\"name\":\"Ultimate Mutant Monster Pack Black & White Universal Monsters X Teenage Mutant Ninja Turtles - EndormoonStore\",\"isPartOf\":{\"@id\":\"https:\/\/endormoonstore.com\/#website\"},\"primaryImageOfPage\":{\"@id\":\"https:\/\/endormoonstore.com\/en\/ultimate-mutant-monster-pack-black-white-universal-monsters-x-teenage-mutant-ninja-turtles\/#primaryimage\"},\"image\":{\"@id\":\"https:\/\/endormoonstore.com\/en\/ultimate-mutant-monster-pack-black-white-universal-monsters-x-teenage-mutant-ninja-turtles\/#primaryimage\"},\"thumbnailUrl\":\"https:\/\/endormoonstore.com\/wp-content\/uploads\/2024\/08\/Ultimate-Mutant-Monster-Pack-Black-White-Universal-Monsters-X-Teenage-Mutant-Ninja-Turtles-1.jpg\",\"datePublished\":\"2024-08-21T22:20:24+00:00\",\"dateModified\":\"2024-09-03T21:03:19+00:00\",\"breadcrumb\":{\"@id\":\"https:\/\/endormoonstore.com\/en\/ultimate-mutant-monster-pack-black-white-universal-monsters-x-teenage-mutant-ninja-turtles\/#breadcrumb\"},\"inLanguage\":\"en-US\",\"potentialAction\":[{\"@type\":\"ReadAction\",\"target\":[\"https:\/\/endormoonstore.com\/en\/ultimate-mutant-monster-pack-black-white-universal-monsters-x-teenage-mutant-ninja-turtles\/\"]}]},{\"@type\":\"ImageObject\",\"inLanguage\":\"en-US\",\"@id\":\"https:\/\/endormoonstore.com\/en\/ultimate-mutant-monster-pack-black-white-universal-monsters-x-teenage-mutant-ninja-turtles\/#primaryimage\",\"url\":\"https:\/\/endormoonstore.com\/wp-content\/uploads\/2024\/08\/Ultimate-Mutant-Monster-Pack-Black-White-Universal-Monsters-X-Teenage-Mutant-Ninja-Turtles-1.jpg\",\"contentUrl\":\"https:\/\/endormoonstore.com\/wp-content\/uploads\/2024\/08\/Ultimate-Mutant-Monster-Pack-Black-White-Universal-Monsters-X-Teenage-Mutant-Ninja-Turtles-1.jpg\",\"width\":1000,\"height\":562},{\"@type\":\"BreadcrumbList\",\"@id\":\"https:\/\/endormoonstore.com\/en\/ultimate-mutant-monster-pack-black-white-universal-monsters-x-teenage-mutant-ninja-turtles\/#breadcrumb\",\"itemListElement\":[{\"@type\":\"ListItem\",\"position\":1,\"name\":\"Shop\",\"item\":\"https:\/\/endormoonstore.com\/en\/shop\/\"},{\"@type\":\"ListItem\",\"position\":2,\"name\":\"Ultimate Mutant Monster Pack Black &#038; White Universal Monsters X Teenage Mutant Ninja Turtles\"}]},{\"@type\":\"WebSite\",\"@id\":\"https:\/\/endormoonstore.com\/#website\",\"url\":\"https:\/\/endormoonstore.com\/\",\"name\":\"EndormoonStore\",\"description\":\"\",\"potentialAction\":[{\"@type\":\"SearchAction\",\"target\":{\"@type\":\"EntryPoint\",\"urlTemplate\":\"https:\/\/endormoonstore.com\/?s={search_term_string}\"},\"query-input\":{\"@type\":\"PropertyValueSpecification\",\"valueRequired\":true,\"valueName\":\"search_term_string\"}}],\"inLanguage\":\"en-US\"}]}<\/script>\n<!-- \/ Yoast SEO plugin. -->","yoast_head_json":{"title":"Ultimate Mutant Monster Pack Black & White Universal Monsters X Teenage Mutant Ninja Turtles - EndormoonStore","robots":{"index":"index","follow":"follow","max-snippet":"max-snippet:-1","max-image-preview":"max-image-preview:large","max-video-preview":"max-video-preview:-1"},"canonical":"https:\/\/endormoonstore.com\/en\/ultimate-mutant-monster-pack-black-white-universal-monsters-x-teenage-mutant-ninja-turtles\/","og_locale":"en_US","og_type":"article","og_title":"Ultimate Mutant Monster Pack Black & White Universal Monsters X Teenage Mutant Ninja Turtles - EndormoonStore","og_description":"Ultimate Mutant Monster Pack Black &amp; White Universal Monsters X Teenage Mutant Ninja Turtles  Neca est\u00e1 emocionada y relajada de presentar el pr\u00f3ximo lanzamiento en nuestra l\u00ednea de figuras de acci\u00f3n Universal Monsters x Teenage Mutant Ninja Turtles. Rindiendo homenaje a las tortugas m\u00e1s famosas del mundo y los \u00edconos del terror de Universal, este \u00e9pico paquete de 4 reinventa a los H\u00e9roes en un Medio Caparaz\u00f3n como monstruos cl\u00e1sicos en una decoraci\u00f3n en blanco y negro escalofriante.","og_url":"https:\/\/endormoonstore.com\/en\/ultimate-mutant-monster-pack-black-white-universal-monsters-x-teenage-mutant-ninja-turtles\/","og_site_name":"EndormoonStore","article_modified_time":"2024-09-03T21:03:19+00:00","og_image":[{"width":1000,"height":562,"url":"https:\/\/endormoonstore.com\/wp-content\/uploads\/2024\/08\/Ultimate-Mutant-Monster-Pack-Black-White-Universal-Monsters-X-Teenage-Mutant-Ninja-Turtles-1.jpg","type":"image\/jpeg"}],"twitter_card":"summary_large_image","twitter_misc":{"Est. reading time":"1 minute"},"schema":{"@context":"https:\/\/schema.org","@graph":[{"@type":"WebPage","@id":"https:\/\/endormoonstore.com\/en\/ultimate-mutant-monster-pack-black-white-universal-monsters-x-teenage-mutant-ninja-turtles\/","url":"https:\/\/endormoonstore.com\/en\/ultimate-mutant-monster-pack-black-white-universal-monsters-x-teenage-mutant-ninja-turtles\/","name":"Ultimate Mutant Monster Pack Black & White Universal Monsters X Teenage Mutant Ninja Turtles - EndormoonStore","isPartOf":{"@id":"https:\/\/endormoonstore.com\/#website"},"primaryImageOfPage":{"@id":"https:\/\/endormoonstore.com\/en\/ultimate-mutant-monster-pack-black-white-universal-monsters-x-teenage-mutant-ninja-turtles\/#primaryimage"},"image":{"@id":"https:\/\/endormoonstore.com\/en\/ultimate-mutant-monster-pack-black-white-universal-monsters-x-teenage-mutant-ninja-turtles\/#primaryimage"},"thumbnailUrl":"https:\/\/endormoonstore.com\/wp-content\/uploads\/2024\/08\/Ultimate-Mutant-Monster-Pack-Black-White-Universal-Monsters-X-Teenage-Mutant-Ninja-Turtles-1.jpg","datePublished":"2024-08-21T22:20:24+00:00","dateModified":"2024-09-03T21:03:19+00:00","breadcrumb":{"@id":"https:\/\/endormoonstore.com\/en\/ultimate-mutant-monster-pack-black-white-universal-monsters-x-teenage-mutant-ninja-turtles\/#breadcrumb"},"inLanguage":"en-US","potentialAction":[{"@type":"ReadAction","target":["https:\/\/endormoonstore.com\/en\/ultimate-mutant-monster-pack-black-white-universal-monsters-x-teenage-mutant-ninja-turtles\/"]}]},{"@type":"ImageObject","inLanguage":"en-US","@id":"https:\/\/endormoonstore.com\/en\/ultimate-mutant-monster-pack-black-white-universal-monsters-x-teenage-mutant-ninja-turtles\/#primaryimage","url":"https:\/\/endormoonstore.com\/wp-content\/uploads\/2024\/08\/Ultimate-Mutant-Monster-Pack-Black-White-Universal-Monsters-X-Teenage-Mutant-Ninja-Turtles-1.jpg","contentUrl":"https:\/\/endormoonstore.com\/wp-content\/uploads\/2024\/08\/Ultimate-Mutant-Monster-Pack-Black-White-Universal-Monsters-X-Teenage-Mutant-Ninja-Turtles-1.jpg","width":1000,"height":562},{"@type":"BreadcrumbList","@id":"https:\/\/endormoonstore.com\/en\/ultimate-mutant-monster-pack-black-white-universal-monsters-x-teenage-mutant-ninja-turtles\/#breadcrumb","itemListElement":[{"@type":"ListItem","position":1,"name":"Shop","item":"https:\/\/endormoonstore.com\/en\/shop\/"},{"@type":"ListItem","position":2,"name":"Ultimate Mutant Monster Pack Black &#038; White Universal Monsters X Teenage Mutant Ninja Turtles"}]},{"@type":"WebSite","@id":"https:\/\/endormoonstore.com\/#website","url":"https:\/\/endormoonstore.com\/","name":"EndormoonStore","description":"","potentialAction":[{"@type":"SearchAction","target":{"@type":"EntryPoint","urlTemplate":"https:\/\/endormoonstore.com\/?s={search_term_string}"},"query-input":{"@type":"PropertyValueSpecification","valueRequired":true,"valueName":"search_term_string"}}],"inLanguage":"en-US"}]}},"taxonomy_info":{"product_cat":[{"value":1384,"label":"Pre-orders"}],"pa_brand":[{"value":2090,"label":"Neca"}],"pa_character":[{"value":5249,"label":"Donatello"},{"value":5255,"label":"Leonardo"},{"value":5279,"label":"Michelangelo"},{"value":5267,"label":"Raphael"}],"pa_license":[{"value":2035,"label":"Teenage Mutant Ninja Turtles"}],"pa_product-type":[{"value":2387,"label":"Figure"}],"pa_theme":[{"value":11211,"label":"Universal Monsters x Teenage Mutant Ninja Turtles"}]},"featured_image_src_large":["https:\/\/endormoonstore.com\/wp-content\/uploads\/2024\/08\/Ultimate-Mutant-Monster-Pack-Black-White-Universal-Monsters-X-Teenage-Mutant-Ninja-Turtles-1.jpg",1000,562,false],"author_info":[],"comment_info":"","_links":{"self":[{"href":"https:\/\/endormoonstore.com\/en\/wp-json\/wp\/v2\/product\/161572","targetHints":{"allow":["GET"]}}],"collection":[{"href":"https:\/\/endormoonstore.com\/en\/wp-json\/wp\/v2\/product"}],"about":[{"href":"https:\/\/endormoonstore.com\/en\/wp-json\/wp\/v2\/types\/product"}],"wp:featuredmedia":[{"embeddable":true,"href":"https:\/\/endormoonstore.com\/en\/wp-json\/wp\/v2\/media\/161542"}],"wp:attachment":[{"href":"https:\/\/endormoonstore.com\/en\/wp-json\/wp\/v2\/media?parent=161572"}],"wp:term":[{"taxonomy":"product_cat","embeddable":true,"href":"https:\/\/endormoonstore.com\/en\/wp-json\/wp\/v2\/product_cat?post=161572"},{"taxonomy":"product_tag","embeddable":true,"href":"https:\/\/endormoonstore.com\/en\/wp-json\/wp\/v2\/product_tag?post=161572"}],"curies":[{"name":"wp","href":"https:\/\/api.w.org\/{rel}","templated":true}]}}