{"id":161504,"date":"2024-08-22T00:10:34","date_gmt":"2024-08-21T22:10:34","guid":{"rendered":"https:\/\/endormoonstore.com\/shredders-throne-diorama-teenage-mutant-ninja-turtles-ii-the-secret-of-the-ooze\/"},"modified":"2024-09-02T23:16:32","modified_gmt":"2024-09-02T21:16:32","slug":"shredders-throne-diorama-teenage-mutant-ninja-turtles-ii-the-secret-of-the-ooze","status":"publish","type":"product","link":"https:\/\/endormoonstore.com\/en\/shredders-throne-diorama-teenage-mutant-ninja-turtles-ii-the-secret-of-the-ooze\/","title":{"rendered":"Shredder\u2019s Throne Diorama Teenage Mutant Ninja Turtles II The Secret of the Ooze"},"content":{"rendered":"<p class=\"p1\"><strong>Shredder\u2019s Throne Diorama Teenage Mutant Ninja Turtles II The Secret of the Ooze<\/strong><\/p>\n<ul class=\"ul1\">\n<li class=\"li1\">\u00a1Esos h\u00e9roes con caparaz\u00f3n est\u00e1n de vuelta en una nueva aventura cinematogr\u00e1fica! Encuentra el &#8220;The Secret of the Ooze&#8221; mientras el temible cuarteto va en busca del recipiente resplandeciente que ha ca\u00eddo en manos del malvado Shredder y sus aliados mutantes.<\/li>\n<li class=\"li1\">Neca se enorgullece de presentar la pieza central de la colecci\u00f3n de cualquier fan de TMNT: \u00a1el trono de Shredder! Este trono de chatarra \u00e9pico no apareci\u00f3 en la versi\u00f3n final de la pel\u00edcula de 1991, pero apareci\u00f3 en una \u00fanica tarjeta de colecci\u00f3n. Tiene unas medidas aproximadas de 25 x 23 x 23 cm.<\/li>\n<li class=\"li1\">Compatible con la mayor\u00eda de las figuras de acci\u00f3n de la pel\u00edcula TMNT de Neca (se venden por separado), el trono de Shredder presenta detalles aut\u00e9nticos de la pel\u00edcula y bidones de aceite extra\u00edbles para una exhibici\u00f3n personalizable.<\/li>\n<li class=\"li1\">El trono fue dise\u00f1ado por Freddie Williams II e incluye su obra de arte en la caja.<\/li>\n<li>Nota: Todas las figuras mostradas en las fotos se venden por separado<\/li>\n<\/ul>\n","protected":false},"excerpt":{"rendered":"<p class=\"p1\"><strong>Shredder\u2019s Throne Diorama Teenage Mutant Ninja Turtles II The Secret of the Ooze<\/strong><\/p>\n<p class=\"p1\">\u00a1Esos h\u00e9roes con caparaz\u00f3n est\u00e1n de vuelta en una nueva aventura cinematogr\u00e1fica! Encuentra el &#8220;The Secret of the Ooze&#8221; mientras el temible cuarteto va en busca del recipiente resplandeciente que ha ca\u00eddo en manos del malvado Shredder y sus aliados mutantes.<\/p>\n","protected":false},"featured_media":161466,"template":"","meta":{"_acf_changed":false,"_kad_blocks_custom_css":"","_kad_blocks_head_custom_js":"","_kad_blocks_body_custom_js":"","_kad_blocks_footer_custom_js":""},"product_cat":[13453,1390,13511],"product_tag":[],"class_list":{"0":"post-161504","1":"product","2":"type-product","3":"status-publish","4":"has-post-thumbnail","6":"product_cat-featured","7":"product_cat-figures","8":"product_cat-new-arrivals","9":"pa_brand-neca-en","10":"pa_character-sheredder-en","11":"pa_license-teenage-mutant-ninja-turtles","12":"pa_product-type-diorama-en","13":"pa_theme-scale-action-figure-en","15":"first","16":"instock","17":"taxable","18":"shipping-taxable","19":"purchasable","20":"product-type-simple"},"acf":[],"yoast_head":"<!-- This site is optimized with the Yoast SEO plugin v26.1.1 - https:\/\/yoast.com\/wordpress\/plugins\/seo\/ -->\n<title>Shredder\u2019s Throne Diorama Teenage Mutant Ninja Turtles II The Secret of the Ooze - EndormoonStore<\/title>\n<meta name=\"robots\" content=\"index, follow, max-snippet:-1, max-image-preview:large, max-video-preview:-1\" \/>\n<link rel=\"canonical\" href=\"https:\/\/endormoonstore.com\/en\/shredders-throne-diorama-teenage-mutant-ninja-turtles-ii-the-secret-of-the-ooze\/\" \/>\n<meta property=\"og:locale\" content=\"en_US\" \/>\n<meta property=\"og:type\" content=\"article\" \/>\n<meta property=\"og:title\" content=\"Shredder\u2019s Throne Diorama Teenage Mutant Ninja Turtles II The Secret of the Ooze - EndormoonStore\" \/>\n<meta property=\"og:description\" content=\"Shredder\u2019s Throne Diorama Teenage Mutant Ninja Turtles II The Secret of the Ooze \u00a1Esos h\u00e9roes con caparaz\u00f3n est\u00e1n de vuelta en una nueva aventura cinematogr\u00e1fica! Encuentra el &quot;The Secret of the Ooze&quot; mientras el temible cuarteto va en busca del recipiente resplandeciente que ha ca\u00eddo en manos del malvado Shredder y sus aliados mutantes.\" \/>\n<meta property=\"og:url\" content=\"https:\/\/endormoonstore.com\/en\/shredders-throne-diorama-teenage-mutant-ninja-turtles-ii-the-secret-of-the-ooze\/\" \/>\n<meta property=\"og:site_name\" content=\"EndormoonStore\" \/>\n<meta property=\"article:modified_time\" content=\"2024-09-02T21:16:32+00:00\" \/>\n<meta property=\"og:image\" content=\"https:\/\/endormoonstore.com\/wp-content\/uploads\/2024\/08\/Shredders-Throne-DIorama-Teenage-Mutant-Ninja-Turtles-II-The-Secret-of-the-Ooze-1.jpg\" \/>\n\t<meta property=\"og:image:width\" content=\"770\" \/>\n\t<meta property=\"og:image:height\" content=\"1000\" \/>\n\t<meta property=\"og:image:type\" content=\"image\/jpeg\" \/>\n<meta name=\"twitter:card\" content=\"summary_large_image\" \/>\n<meta name=\"twitter:label1\" content=\"Est. reading time\" \/>\n\t<meta name=\"twitter:data1\" content=\"2 minutes\" \/>\n<script type=\"application\/ld+json\" class=\"yoast-schema-graph\">{\"@context\":\"https:\/\/schema.org\",\"@graph\":[{\"@type\":\"WebPage\",\"@id\":\"https:\/\/endormoonstore.com\/en\/shredders-throne-diorama-teenage-mutant-ninja-turtles-ii-the-secret-of-the-ooze\/\",\"url\":\"https:\/\/endormoonstore.com\/en\/shredders-throne-diorama-teenage-mutant-ninja-turtles-ii-the-secret-of-the-ooze\/\",\"name\":\"Shredder\u2019s Throne Diorama Teenage Mutant Ninja Turtles II The Secret of the Ooze - EndormoonStore\",\"isPartOf\":{\"@id\":\"https:\/\/endormoonstore.com\/#website\"},\"primaryImageOfPage\":{\"@id\":\"https:\/\/endormoonstore.com\/en\/shredders-throne-diorama-teenage-mutant-ninja-turtles-ii-the-secret-of-the-ooze\/#primaryimage\"},\"image\":{\"@id\":\"https:\/\/endormoonstore.com\/en\/shredders-throne-diorama-teenage-mutant-ninja-turtles-ii-the-secret-of-the-ooze\/#primaryimage\"},\"thumbnailUrl\":\"https:\/\/endormoonstore.com\/wp-content\/uploads\/2024\/08\/Shredders-Throne-DIorama-Teenage-Mutant-Ninja-Turtles-II-The-Secret-of-the-Ooze-1.jpg\",\"datePublished\":\"2024-08-21T22:10:34+00:00\",\"dateModified\":\"2024-09-02T21:16:32+00:00\",\"breadcrumb\":{\"@id\":\"https:\/\/endormoonstore.com\/en\/shredders-throne-diorama-teenage-mutant-ninja-turtles-ii-the-secret-of-the-ooze\/#breadcrumb\"},\"inLanguage\":\"en-US\",\"potentialAction\":[{\"@type\":\"ReadAction\",\"target\":[\"https:\/\/endormoonstore.com\/en\/shredders-throne-diorama-teenage-mutant-ninja-turtles-ii-the-secret-of-the-ooze\/\"]}]},{\"@type\":\"ImageObject\",\"inLanguage\":\"en-US\",\"@id\":\"https:\/\/endormoonstore.com\/en\/shredders-throne-diorama-teenage-mutant-ninja-turtles-ii-the-secret-of-the-ooze\/#primaryimage\",\"url\":\"https:\/\/endormoonstore.com\/wp-content\/uploads\/2024\/08\/Shredders-Throne-DIorama-Teenage-Mutant-Ninja-Turtles-II-The-Secret-of-the-Ooze-1.jpg\",\"contentUrl\":\"https:\/\/endormoonstore.com\/wp-content\/uploads\/2024\/08\/Shredders-Throne-DIorama-Teenage-Mutant-Ninja-Turtles-II-The-Secret-of-the-Ooze-1.jpg\",\"width\":770,\"height\":1000},{\"@type\":\"BreadcrumbList\",\"@id\":\"https:\/\/endormoonstore.com\/en\/shredders-throne-diorama-teenage-mutant-ninja-turtles-ii-the-secret-of-the-ooze\/#breadcrumb\",\"itemListElement\":[{\"@type\":\"ListItem\",\"position\":1,\"name\":\"Shop\",\"item\":\"https:\/\/endormoonstore.com\/en\/shop\/\"},{\"@type\":\"ListItem\",\"position\":2,\"name\":\"Shredder\u2019s Throne Diorama Teenage Mutant Ninja Turtles II The Secret of the Ooze\"}]},{\"@type\":\"WebSite\",\"@id\":\"https:\/\/endormoonstore.com\/#website\",\"url\":\"https:\/\/endormoonstore.com\/\",\"name\":\"EndormoonStore\",\"description\":\"\",\"potentialAction\":[{\"@type\":\"SearchAction\",\"target\":{\"@type\":\"EntryPoint\",\"urlTemplate\":\"https:\/\/endormoonstore.com\/?s={search_term_string}\"},\"query-input\":{\"@type\":\"PropertyValueSpecification\",\"valueRequired\":true,\"valueName\":\"search_term_string\"}}],\"inLanguage\":\"en-US\"}]}<\/script>\n<!-- \/ Yoast SEO plugin. -->","yoast_head_json":{"title":"Shredder\u2019s Throne Diorama Teenage Mutant Ninja Turtles II The Secret of the Ooze - EndormoonStore","robots":{"index":"index","follow":"follow","max-snippet":"max-snippet:-1","max-image-preview":"max-image-preview:large","max-video-preview":"max-video-preview:-1"},"canonical":"https:\/\/endormoonstore.com\/en\/shredders-throne-diorama-teenage-mutant-ninja-turtles-ii-the-secret-of-the-ooze\/","og_locale":"en_US","og_type":"article","og_title":"Shredder\u2019s Throne Diorama Teenage Mutant Ninja Turtles II The Secret of the Ooze - EndormoonStore","og_description":"Shredder\u2019s Throne Diorama Teenage Mutant Ninja Turtles II The Secret of the Ooze \u00a1Esos h\u00e9roes con caparaz\u00f3n est\u00e1n de vuelta en una nueva aventura cinematogr\u00e1fica! Encuentra el \"The Secret of the Ooze\" mientras el temible cuarteto va en busca del recipiente resplandeciente que ha ca\u00eddo en manos del malvado Shredder y sus aliados mutantes.","og_url":"https:\/\/endormoonstore.com\/en\/shredders-throne-diorama-teenage-mutant-ninja-turtles-ii-the-secret-of-the-ooze\/","og_site_name":"EndormoonStore","article_modified_time":"2024-09-02T21:16:32+00:00","og_image":[{"width":770,"height":1000,"url":"https:\/\/endormoonstore.com\/wp-content\/uploads\/2024\/08\/Shredders-Throne-DIorama-Teenage-Mutant-Ninja-Turtles-II-The-Secret-of-the-Ooze-1.jpg","type":"image\/jpeg"}],"twitter_card":"summary_large_image","twitter_misc":{"Est. reading time":"2 minutes"},"schema":{"@context":"https:\/\/schema.org","@graph":[{"@type":"WebPage","@id":"https:\/\/endormoonstore.com\/en\/shredders-throne-diorama-teenage-mutant-ninja-turtles-ii-the-secret-of-the-ooze\/","url":"https:\/\/endormoonstore.com\/en\/shredders-throne-diorama-teenage-mutant-ninja-turtles-ii-the-secret-of-the-ooze\/","name":"Shredder\u2019s Throne Diorama Teenage Mutant Ninja Turtles II The Secret of the Ooze - EndormoonStore","isPartOf":{"@id":"https:\/\/endormoonstore.com\/#website"},"primaryImageOfPage":{"@id":"https:\/\/endormoonstore.com\/en\/shredders-throne-diorama-teenage-mutant-ninja-turtles-ii-the-secret-of-the-ooze\/#primaryimage"},"image":{"@id":"https:\/\/endormoonstore.com\/en\/shredders-throne-diorama-teenage-mutant-ninja-turtles-ii-the-secret-of-the-ooze\/#primaryimage"},"thumbnailUrl":"https:\/\/endormoonstore.com\/wp-content\/uploads\/2024\/08\/Shredders-Throne-DIorama-Teenage-Mutant-Ninja-Turtles-II-The-Secret-of-the-Ooze-1.jpg","datePublished":"2024-08-21T22:10:34+00:00","dateModified":"2024-09-02T21:16:32+00:00","breadcrumb":{"@id":"https:\/\/endormoonstore.com\/en\/shredders-throne-diorama-teenage-mutant-ninja-turtles-ii-the-secret-of-the-ooze\/#breadcrumb"},"inLanguage":"en-US","potentialAction":[{"@type":"ReadAction","target":["https:\/\/endormoonstore.com\/en\/shredders-throne-diorama-teenage-mutant-ninja-turtles-ii-the-secret-of-the-ooze\/"]}]},{"@type":"ImageObject","inLanguage":"en-US","@id":"https:\/\/endormoonstore.com\/en\/shredders-throne-diorama-teenage-mutant-ninja-turtles-ii-the-secret-of-the-ooze\/#primaryimage","url":"https:\/\/endormoonstore.com\/wp-content\/uploads\/2024\/08\/Shredders-Throne-DIorama-Teenage-Mutant-Ninja-Turtles-II-The-Secret-of-the-Ooze-1.jpg","contentUrl":"https:\/\/endormoonstore.com\/wp-content\/uploads\/2024\/08\/Shredders-Throne-DIorama-Teenage-Mutant-Ninja-Turtles-II-The-Secret-of-the-Ooze-1.jpg","width":770,"height":1000},{"@type":"BreadcrumbList","@id":"https:\/\/endormoonstore.com\/en\/shredders-throne-diorama-teenage-mutant-ninja-turtles-ii-the-secret-of-the-ooze\/#breadcrumb","itemListElement":[{"@type":"ListItem","position":1,"name":"Shop","item":"https:\/\/endormoonstore.com\/en\/shop\/"},{"@type":"ListItem","position":2,"name":"Shredder\u2019s Throne Diorama Teenage Mutant Ninja Turtles II The Secret of the Ooze"}]},{"@type":"WebSite","@id":"https:\/\/endormoonstore.com\/#website","url":"https:\/\/endormoonstore.com\/","name":"EndormoonStore","description":"","potentialAction":[{"@type":"SearchAction","target":{"@type":"EntryPoint","urlTemplate":"https:\/\/endormoonstore.com\/?s={search_term_string}"},"query-input":{"@type":"PropertyValueSpecification","valueRequired":true,"valueName":"search_term_string"}}],"inLanguage":"en-US"}]}},"taxonomy_info":{"product_cat":[{"value":13453,"label":"Featured"},{"value":1390,"label":"Figures"},{"value":13511,"label":"New Arrivals"}],"pa_brand":[{"value":2090,"label":"Neca"}],"pa_character":[{"value":3392,"label":"Sheredder"}],"pa_license":[{"value":2035,"label":"Teenage Mutant Ninja Turtles"}],"pa_product-type":[{"value":6603,"label":"Diorama"}],"pa_theme":[{"value":2864,"label":"Scale Action Figure"}]},"featured_image_src_large":["https:\/\/endormoonstore.com\/wp-content\/uploads\/2024\/08\/Shredders-Throne-DIorama-Teenage-Mutant-Ninja-Turtles-II-The-Secret-of-the-Ooze-1.jpg",770,1000,false],"author_info":[],"comment_info":"","_links":{"self":[{"href":"https:\/\/endormoonstore.com\/en\/wp-json\/wp\/v2\/product\/161504","targetHints":{"allow":["GET"]}}],"collection":[{"href":"https:\/\/endormoonstore.com\/en\/wp-json\/wp\/v2\/product"}],"about":[{"href":"https:\/\/endormoonstore.com\/en\/wp-json\/wp\/v2\/types\/product"}],"wp:featuredmedia":[{"embeddable":true,"href":"https:\/\/endormoonstore.com\/en\/wp-json\/wp\/v2\/media\/161466"}],"wp:attachment":[{"href":"https:\/\/endormoonstore.com\/en\/wp-json\/wp\/v2\/media?parent=161504"}],"wp:term":[{"taxonomy":"product_cat","embeddable":true,"href":"https:\/\/endormoonstore.com\/en\/wp-json\/wp\/v2\/product_cat?post=161504"},{"taxonomy":"product_tag","embeddable":true,"href":"https:\/\/endormoonstore.com\/en\/wp-json\/wp\/v2\/product_tag?post=161504"}],"curies":[{"name":"wp","href":"https:\/\/api.w.org\/{rel}","templated":true}]}}