{"id":161463,"date":"2024-08-22T00:05:24","date_gmt":"2024-08-21T22:05:24","guid":{"rendered":"https:\/\/endormoonstore.com\/alien-romulus-ultimate-accessory-set\/"},"modified":"2024-09-02T20:41:50","modified_gmt":"2024-09-02T18:41:50","slug":"alien-romulus-ultimate-accessory-set","status":"publish","type":"product","link":"https:\/\/endormoonstore.com\/en\/alien-romulus-ultimate-accessory-set\/","title":{"rendered":"Alien: Romulus Ultimate Accessory Set"},"content":{"rendered":"<p><strong>Alien: Romulus Ultimate Accessory Set<\/strong><\/p>\n<ul>\n<li>El thriller de ciencia ficci\u00f3n y terror de 2024 &#8220;Alien: Romulus&#8221; lleva la exitosa franquicia &#8220;Alien&#8221; de regreso a sus ra\u00edces. Mientras buscan en las profundidades de una estaci\u00f3n espacial abandonada, un grupo de j\u00f3venes colonizadores espaciales se encuentra cara a cara con la forma de vida m\u00e1s aterradora del universo.<\/li>\n<li>Agrega a tu colecci\u00f3n &#8220;Alien&#8221; y crea escenas incre\u00edbles de la pel\u00edcula con este paquete de accesorios de Neca<\/li>\n<li>El set viene con un accesorio de rifle de pulso F44AA modelo que puede usarse por la mayor\u00eda de las figuras de 18 cm de alto, un asteroide con Xenomorph XX121 fosilizado, y un facehugger y dos chestbursters con colas de alambre para posar.<\/li>\n<li>Este incre\u00edble set tambi\u00e9n incluye un estuche de marco criog\u00e9nico con facehugger y piezas de pl\u00e1stico da\u00f1adas intercambiables, y un facehugger que puede colocarse alrededor de las cabezas de la mayor\u00eda de las figuras de acci\u00f3n de 18 cm de altos de Neca (no incluidas).<\/li>\n<li>Todos estos art\u00edculos est\u00e1n empaquetados en una caja con ventana estilo coleccionista.<\/li>\n<li>Nota: Otras figuras mostradas en las fotos no incluidas en el set<\/li>\n<\/ul>\n<p>&nbsp;<\/p>\n","protected":false},"excerpt":{"rendered":"<p><strong>Alien: Romulus Ultimate Accessory Set<\/strong><\/p>\n<p>El thriller de ciencia ficci\u00f3n y terror de 2024 &#8220;Alien: Romulus&#8221; lleva la exitosa franquicia &#8220;Alien&#8221; de regreso a sus ra\u00edces. Mientras buscan en las profundidades de una estaci\u00f3n espacial abandonada, un grupo de j\u00f3venes colonizadores espaciales se encuentra cara a cara con la forma de vida m\u00e1s aterradora del universo.<\/p>\n","protected":false},"featured_media":161429,"template":"","meta":{"_acf_changed":false,"_kad_blocks_custom_css":"","_kad_blocks_head_custom_js":"","_kad_blocks_body_custom_js":"","_kad_blocks_footer_custom_js":""},"product_cat":[1390],"product_tag":[],"class_list":{"0":"post-161463","1":"product","2":"type-product","3":"status-publish","4":"has-post-thumbnail","6":"product_cat-figures","7":"pa_brand-neca-en","8":"pa_episode-alien-romulus-en","9":"pa_license-alien-en","10":"pa_product-type-figure","11":"pa_theme-scale-action-figure-en","13":"first","14":"outofstock","15":"taxable","16":"shipping-taxable","17":"purchasable","18":"product-type-simple"},"acf":[],"yoast_head":"<!-- This site is optimized with the Yoast SEO plugin v26.1.1 - https:\/\/yoast.com\/wordpress\/plugins\/seo\/ -->\n<title>Alien: Romulus Ultimate Accessory Set - EndormoonStore<\/title>\n<meta name=\"robots\" content=\"index, follow, max-snippet:-1, max-image-preview:large, max-video-preview:-1\" \/>\n<link rel=\"canonical\" href=\"https:\/\/endormoonstore.com\/en\/alien-romulus-ultimate-accessory-set\/\" \/>\n<meta property=\"og:locale\" content=\"en_US\" \/>\n<meta property=\"og:type\" content=\"article\" \/>\n<meta property=\"og:title\" content=\"Alien: Romulus Ultimate Accessory Set - EndormoonStore\" \/>\n<meta property=\"og:description\" content=\"Alien: Romulus Ultimate Accessory Set  El thriller de ciencia ficci\u00f3n y terror de 2024 &quot;Alien: Romulus&quot; lleva la exitosa franquicia &quot;Alien&quot; de regreso a sus ra\u00edces. Mientras buscan en las profundidades de una estaci\u00f3n espacial abandonada, un grupo de j\u00f3venes colonizadores espaciales se encuentra cara a cara con la forma de vida m\u00e1s aterradora del universo.\" \/>\n<meta property=\"og:url\" content=\"https:\/\/endormoonstore.com\/en\/alien-romulus-ultimate-accessory-set\/\" \/>\n<meta property=\"og:site_name\" content=\"EndormoonStore\" \/>\n<meta property=\"article:modified_time\" content=\"2024-09-02T18:41:50+00:00\" \/>\n<meta property=\"og:image\" content=\"https:\/\/endormoonstore.com\/wp-content\/uploads\/2024\/08\/Alien-Romulus-Ultimate-Accessory-Set-1.jpg\" \/>\n\t<meta property=\"og:image:width\" content=\"1200\" \/>\n\t<meta property=\"og:image:height\" content=\"1500\" \/>\n\t<meta property=\"og:image:type\" content=\"image\/jpeg\" \/>\n<meta name=\"twitter:card\" content=\"summary_large_image\" \/>\n<meta name=\"twitter:label1\" content=\"Est. reading time\" \/>\n\t<meta name=\"twitter:data1\" content=\"2 minutes\" \/>\n<script type=\"application\/ld+json\" class=\"yoast-schema-graph\">{\"@context\":\"https:\/\/schema.org\",\"@graph\":[{\"@type\":\"WebPage\",\"@id\":\"https:\/\/endormoonstore.com\/en\/alien-romulus-ultimate-accessory-set\/\",\"url\":\"https:\/\/endormoonstore.com\/en\/alien-romulus-ultimate-accessory-set\/\",\"name\":\"Alien: Romulus Ultimate Accessory Set - EndormoonStore\",\"isPartOf\":{\"@id\":\"https:\/\/endormoonstore.com\/#website\"},\"primaryImageOfPage\":{\"@id\":\"https:\/\/endormoonstore.com\/en\/alien-romulus-ultimate-accessory-set\/#primaryimage\"},\"image\":{\"@id\":\"https:\/\/endormoonstore.com\/en\/alien-romulus-ultimate-accessory-set\/#primaryimage\"},\"thumbnailUrl\":\"https:\/\/endormoonstore.com\/wp-content\/uploads\/2024\/08\/Alien-Romulus-Ultimate-Accessory-Set-1.jpg\",\"datePublished\":\"2024-08-21T22:05:24+00:00\",\"dateModified\":\"2024-09-02T18:41:50+00:00\",\"breadcrumb\":{\"@id\":\"https:\/\/endormoonstore.com\/en\/alien-romulus-ultimate-accessory-set\/#breadcrumb\"},\"inLanguage\":\"en-US\",\"potentialAction\":[{\"@type\":\"ReadAction\",\"target\":[\"https:\/\/endormoonstore.com\/en\/alien-romulus-ultimate-accessory-set\/\"]}]},{\"@type\":\"ImageObject\",\"inLanguage\":\"en-US\",\"@id\":\"https:\/\/endormoonstore.com\/en\/alien-romulus-ultimate-accessory-set\/#primaryimage\",\"url\":\"https:\/\/endormoonstore.com\/wp-content\/uploads\/2024\/08\/Alien-Romulus-Ultimate-Accessory-Set-1.jpg\",\"contentUrl\":\"https:\/\/endormoonstore.com\/wp-content\/uploads\/2024\/08\/Alien-Romulus-Ultimate-Accessory-Set-1.jpg\",\"width\":1200,\"height\":1500},{\"@type\":\"BreadcrumbList\",\"@id\":\"https:\/\/endormoonstore.com\/en\/alien-romulus-ultimate-accessory-set\/#breadcrumb\",\"itemListElement\":[{\"@type\":\"ListItem\",\"position\":1,\"name\":\"Shop\",\"item\":\"https:\/\/endormoonstore.com\/en\/shop\/\"},{\"@type\":\"ListItem\",\"position\":2,\"name\":\"Alien: Romulus Ultimate Accessory Set\"}]},{\"@type\":\"WebSite\",\"@id\":\"https:\/\/endormoonstore.com\/#website\",\"url\":\"https:\/\/endormoonstore.com\/\",\"name\":\"EndormoonStore\",\"description\":\"\",\"potentialAction\":[{\"@type\":\"SearchAction\",\"target\":{\"@type\":\"EntryPoint\",\"urlTemplate\":\"https:\/\/endormoonstore.com\/?s={search_term_string}\"},\"query-input\":{\"@type\":\"PropertyValueSpecification\",\"valueRequired\":true,\"valueName\":\"search_term_string\"}}],\"inLanguage\":\"en-US\"}]}<\/script>\n<!-- \/ Yoast SEO plugin. -->","yoast_head_json":{"title":"Alien: Romulus Ultimate Accessory Set - EndormoonStore","robots":{"index":"index","follow":"follow","max-snippet":"max-snippet:-1","max-image-preview":"max-image-preview:large","max-video-preview":"max-video-preview:-1"},"canonical":"https:\/\/endormoonstore.com\/en\/alien-romulus-ultimate-accessory-set\/","og_locale":"en_US","og_type":"article","og_title":"Alien: Romulus Ultimate Accessory Set - EndormoonStore","og_description":"Alien: Romulus Ultimate Accessory Set  El thriller de ciencia ficci\u00f3n y terror de 2024 \"Alien: Romulus\" lleva la exitosa franquicia \"Alien\" de regreso a sus ra\u00edces. Mientras buscan en las profundidades de una estaci\u00f3n espacial abandonada, un grupo de j\u00f3venes colonizadores espaciales se encuentra cara a cara con la forma de vida m\u00e1s aterradora del universo.","og_url":"https:\/\/endormoonstore.com\/en\/alien-romulus-ultimate-accessory-set\/","og_site_name":"EndormoonStore","article_modified_time":"2024-09-02T18:41:50+00:00","og_image":[{"width":1200,"height":1500,"url":"https:\/\/endormoonstore.com\/wp-content\/uploads\/2024\/08\/Alien-Romulus-Ultimate-Accessory-Set-1.jpg","type":"image\/jpeg"}],"twitter_card":"summary_large_image","twitter_misc":{"Est. reading time":"2 minutes"},"schema":{"@context":"https:\/\/schema.org","@graph":[{"@type":"WebPage","@id":"https:\/\/endormoonstore.com\/en\/alien-romulus-ultimate-accessory-set\/","url":"https:\/\/endormoonstore.com\/en\/alien-romulus-ultimate-accessory-set\/","name":"Alien: Romulus Ultimate Accessory Set - EndormoonStore","isPartOf":{"@id":"https:\/\/endormoonstore.com\/#website"},"primaryImageOfPage":{"@id":"https:\/\/endormoonstore.com\/en\/alien-romulus-ultimate-accessory-set\/#primaryimage"},"image":{"@id":"https:\/\/endormoonstore.com\/en\/alien-romulus-ultimate-accessory-set\/#primaryimage"},"thumbnailUrl":"https:\/\/endormoonstore.com\/wp-content\/uploads\/2024\/08\/Alien-Romulus-Ultimate-Accessory-Set-1.jpg","datePublished":"2024-08-21T22:05:24+00:00","dateModified":"2024-09-02T18:41:50+00:00","breadcrumb":{"@id":"https:\/\/endormoonstore.com\/en\/alien-romulus-ultimate-accessory-set\/#breadcrumb"},"inLanguage":"en-US","potentialAction":[{"@type":"ReadAction","target":["https:\/\/endormoonstore.com\/en\/alien-romulus-ultimate-accessory-set\/"]}]},{"@type":"ImageObject","inLanguage":"en-US","@id":"https:\/\/endormoonstore.com\/en\/alien-romulus-ultimate-accessory-set\/#primaryimage","url":"https:\/\/endormoonstore.com\/wp-content\/uploads\/2024\/08\/Alien-Romulus-Ultimate-Accessory-Set-1.jpg","contentUrl":"https:\/\/endormoonstore.com\/wp-content\/uploads\/2024\/08\/Alien-Romulus-Ultimate-Accessory-Set-1.jpg","width":1200,"height":1500},{"@type":"BreadcrumbList","@id":"https:\/\/endormoonstore.com\/en\/alien-romulus-ultimate-accessory-set\/#breadcrumb","itemListElement":[{"@type":"ListItem","position":1,"name":"Shop","item":"https:\/\/endormoonstore.com\/en\/shop\/"},{"@type":"ListItem","position":2,"name":"Alien: Romulus Ultimate Accessory Set"}]},{"@type":"WebSite","@id":"https:\/\/endormoonstore.com\/#website","url":"https:\/\/endormoonstore.com\/","name":"EndormoonStore","description":"","potentialAction":[{"@type":"SearchAction","target":{"@type":"EntryPoint","urlTemplate":"https:\/\/endormoonstore.com\/?s={search_term_string}"},"query-input":{"@type":"PropertyValueSpecification","valueRequired":true,"valueName":"search_term_string"}}],"inLanguage":"en-US"}]}},"taxonomy_info":{"product_cat":[{"value":1390,"label":"Figures"}],"pa_brand":[{"value":2090,"label":"Neca"}],"pa_episode":[{"value":14597,"label":"Alien: Romulus"}],"pa_license":[{"value":2276,"label":"Alien"}],"pa_product-type":[{"value":2387,"label":"Figure"}],"pa_theme":[{"value":2864,"label":"Scale Action Figure"}]},"featured_image_src_large":["https:\/\/endormoonstore.com\/wp-content\/uploads\/2024\/08\/Alien-Romulus-Ultimate-Accessory-Set-1.jpg",1200,1500,false],"author_info":[],"comment_info":"","_links":{"self":[{"href":"https:\/\/endormoonstore.com\/en\/wp-json\/wp\/v2\/product\/161463","targetHints":{"allow":["GET"]}}],"collection":[{"href":"https:\/\/endormoonstore.com\/en\/wp-json\/wp\/v2\/product"}],"about":[{"href":"https:\/\/endormoonstore.com\/en\/wp-json\/wp\/v2\/types\/product"}],"wp:featuredmedia":[{"embeddable":true,"href":"https:\/\/endormoonstore.com\/en\/wp-json\/wp\/v2\/media\/161429"}],"wp:attachment":[{"href":"https:\/\/endormoonstore.com\/en\/wp-json\/wp\/v2\/media?parent=161463"}],"wp:term":[{"taxonomy":"product_cat","embeddable":true,"href":"https:\/\/endormoonstore.com\/en\/wp-json\/wp\/v2\/product_cat?post=161463"},{"taxonomy":"product_tag","embeddable":true,"href":"https:\/\/endormoonstore.com\/en\/wp-json\/wp\/v2\/product_tag?post=161463"}],"curies":[{"name":"wp","href":"https:\/\/api.w.org\/{rel}","templated":true}]}}