{"id":161426,"date":"2025-09-29T07:30:36","date_gmt":"2025-09-29T05:30:36","guid":{"rendered":"https:\/\/endormoonstore.com\/ultimate-scorched-xenomorph-alien-romulus\/"},"modified":"2024-09-02T19:57:59","modified_gmt":"2024-09-02T17:57:59","slug":"ultimate-scorched-xenomorph-alien-romulus","status":"publish","type":"product","link":"https:\/\/endormoonstore.com\/en\/ultimate-scorched-xenomorph-alien-romulus\/","title":{"rendered":"Ultimate Scorched Xenomorph Alien: Romulus"},"content":{"rendered":"<p><strong>Ultimate Scorched Xenomorph Alien: Romulus<\/strong><\/p>\n<ul>\n<li>El thriller de ciencia ficci\u00f3n y terror de 2024 &#8220;Alien: Romulus&#8221; lleva la exitosa franquicia &#8220;Alien&#8221; de regreso a sus ra\u00edces: mientras hurgan en las profundidades de una estaci\u00f3n espacial abandonada, un grupo de j\u00f3venes colonizadores espaciales se encuentran cara a cara con la forma de vida m\u00e1s aterradora del universo.<\/li>\n<li>La versi\u00f3n de figura de acci\u00f3n Ultimate de Neca del Scorched Xenomorph mide m\u00e1s de unos 18 cm de alto con 23 puntos de articulaci\u00f3n y presenta una mand\u00edbula que se abre con una boca interna extensible y una cola con alambre.<\/li>\n<li>La figura precisa de la pantalla viene con partes de c\u00fapula intercambiables para una apariencia de guerrero xenomorfo dron, \u00a1perfecto para construir un ej\u00e9rcito! Otros accesorios incluyen manos intercambiables, facehugger y chestbursters con colas de alambre, y un soporte de exhibici\u00f3n para poses din\u00e1micas.<\/li>\n<li>Viene en un empaque de caja con ventana<\/li>\n<\/ul>\n<p>&nbsp;<\/p>\n","protected":false},"excerpt":{"rendered":"<p><strong>Ultimate Scorched Xenomorph Alien: Romulus<\/strong><\/p>\n<p>El thriller de ciencia ficci\u00f3n y terror de 2024 &#8220;Alien: Romulus&#8221; lleva la exitosa franquicia &#8220;Alien&#8221; de regreso a sus ra\u00edces: mientras hurgan en las profundidades de una estaci\u00f3n espacial abandonada, un grupo de j\u00f3venes colonizadores espaciales se encuentran cara a cara con la forma de vida m\u00e1s aterradora del universo.<\/p>\n","protected":false},"featured_media":161393,"template":"","meta":{"_acf_changed":false,"_kad_blocks_custom_css":"","_kad_blocks_head_custom_js":"","_kad_blocks_body_custom_js":"","_kad_blocks_footer_custom_js":""},"product_cat":[13453,1390,13511],"product_tag":[],"class_list":{"0":"post-161426","1":"product","2":"type-product","3":"status-publish","4":"has-post-thumbnail","6":"product_cat-featured","7":"product_cat-figures","8":"product_cat-new-arrivals","9":"pa_brand-neca-en","10":"pa_character-scorched-xenomorph-en","11":"pa_episode-alien-romulus-en","12":"pa_license-alien-en","13":"pa_product-type-figure","14":"pa_theme-scale-action-figure-en","16":"first","17":"outofstock","18":"taxable","19":"shipping-taxable","20":"purchasable","21":"product-type-simple"},"acf":[],"yoast_head":"<!-- This site is optimized with the Yoast SEO plugin v26.1.1 - https:\/\/yoast.com\/wordpress\/plugins\/seo\/ -->\n<title>Ultimate Scorched Xenomorph Alien: Romulus - EndormoonStore<\/title>\n<meta name=\"robots\" content=\"index, follow, max-snippet:-1, max-image-preview:large, max-video-preview:-1\" \/>\n<link rel=\"canonical\" href=\"https:\/\/endormoonstore.com\/en\/ultimate-scorched-xenomorph-alien-romulus\/\" \/>\n<meta property=\"og:locale\" content=\"en_US\" \/>\n<meta property=\"og:type\" content=\"article\" \/>\n<meta property=\"og:title\" content=\"Ultimate Scorched Xenomorph Alien: Romulus - EndormoonStore\" \/>\n<meta property=\"og:description\" content=\"Ultimate Scorched Xenomorph Alien: Romulus  El thriller de ciencia ficci\u00f3n y terror de 2024 &quot;Alien: Romulus&quot; lleva la exitosa franquicia &quot;Alien&quot; de regreso a sus ra\u00edces: mientras hurgan en las profundidades de una estaci\u00f3n espacial abandonada, un grupo de j\u00f3venes colonizadores espaciales se encuentran cara a cara con la forma de vida m\u00e1s aterradora del universo.\" \/>\n<meta property=\"og:url\" content=\"https:\/\/endormoonstore.com\/en\/ultimate-scorched-xenomorph-alien-romulus\/\" \/>\n<meta property=\"og:site_name\" content=\"EndormoonStore\" \/>\n<meta property=\"og:image\" content=\"https:\/\/endormoonstore.com\/wp-content\/uploads\/2024\/08\/Ultimate-Scorched-Xenomorph-Alien-Romulus-1.jpg\" \/>\n\t<meta property=\"og:image:width\" content=\"666\" \/>\n\t<meta property=\"og:image:height\" content=\"1000\" \/>\n\t<meta property=\"og:image:type\" content=\"image\/jpeg\" \/>\n<meta name=\"twitter:card\" content=\"summary_large_image\" \/>\n<meta name=\"twitter:label1\" content=\"Est. reading time\" \/>\n\t<meta name=\"twitter:data1\" content=\"1 minute\" \/>\n<script type=\"application\/ld+json\" class=\"yoast-schema-graph\">{\"@context\":\"https:\/\/schema.org\",\"@graph\":[{\"@type\":\"WebPage\",\"@id\":\"https:\/\/endormoonstore.com\/en\/ultimate-scorched-xenomorph-alien-romulus\/\",\"url\":\"https:\/\/endormoonstore.com\/en\/ultimate-scorched-xenomorph-alien-romulus\/\",\"name\":\"Ultimate Scorched Xenomorph Alien: Romulus - EndormoonStore\",\"isPartOf\":{\"@id\":\"https:\/\/endormoonstore.com\/#website\"},\"primaryImageOfPage\":{\"@id\":\"https:\/\/endormoonstore.com\/en\/ultimate-scorched-xenomorph-alien-romulus\/#primaryimage\"},\"image\":{\"@id\":\"https:\/\/endormoonstore.com\/en\/ultimate-scorched-xenomorph-alien-romulus\/#primaryimage\"},\"thumbnailUrl\":\"https:\/\/endormoonstore.com\/wp-content\/uploads\/2024\/08\/Ultimate-Scorched-Xenomorph-Alien-Romulus-1.jpg\",\"datePublished\":\"2025-09-29T05:30:36+00:00\",\"breadcrumb\":{\"@id\":\"https:\/\/endormoonstore.com\/en\/ultimate-scorched-xenomorph-alien-romulus\/#breadcrumb\"},\"inLanguage\":\"en-US\",\"potentialAction\":[{\"@type\":\"ReadAction\",\"target\":[\"https:\/\/endormoonstore.com\/en\/ultimate-scorched-xenomorph-alien-romulus\/\"]}]},{\"@type\":\"ImageObject\",\"inLanguage\":\"en-US\",\"@id\":\"https:\/\/endormoonstore.com\/en\/ultimate-scorched-xenomorph-alien-romulus\/#primaryimage\",\"url\":\"https:\/\/endormoonstore.com\/wp-content\/uploads\/2024\/08\/Ultimate-Scorched-Xenomorph-Alien-Romulus-1.jpg\",\"contentUrl\":\"https:\/\/endormoonstore.com\/wp-content\/uploads\/2024\/08\/Ultimate-Scorched-Xenomorph-Alien-Romulus-1.jpg\",\"width\":666,\"height\":1000},{\"@type\":\"BreadcrumbList\",\"@id\":\"https:\/\/endormoonstore.com\/en\/ultimate-scorched-xenomorph-alien-romulus\/#breadcrumb\",\"itemListElement\":[{\"@type\":\"ListItem\",\"position\":1,\"name\":\"Shop\",\"item\":\"https:\/\/endormoonstore.com\/en\/shop\/\"},{\"@type\":\"ListItem\",\"position\":2,\"name\":\"Ultimate Scorched Xenomorph Alien: Romulus\"}]},{\"@type\":\"WebSite\",\"@id\":\"https:\/\/endormoonstore.com\/#website\",\"url\":\"https:\/\/endormoonstore.com\/\",\"name\":\"EndormoonStore\",\"description\":\"\",\"potentialAction\":[{\"@type\":\"SearchAction\",\"target\":{\"@type\":\"EntryPoint\",\"urlTemplate\":\"https:\/\/endormoonstore.com\/?s={search_term_string}\"},\"query-input\":{\"@type\":\"PropertyValueSpecification\",\"valueRequired\":true,\"valueName\":\"search_term_string\"}}],\"inLanguage\":\"en-US\"}]}<\/script>\n<!-- \/ Yoast SEO plugin. -->","yoast_head_json":{"title":"Ultimate Scorched Xenomorph Alien: Romulus - EndormoonStore","robots":{"index":"index","follow":"follow","max-snippet":"max-snippet:-1","max-image-preview":"max-image-preview:large","max-video-preview":"max-video-preview:-1"},"canonical":"https:\/\/endormoonstore.com\/en\/ultimate-scorched-xenomorph-alien-romulus\/","og_locale":"en_US","og_type":"article","og_title":"Ultimate Scorched Xenomorph Alien: Romulus - EndormoonStore","og_description":"Ultimate Scorched Xenomorph Alien: Romulus  El thriller de ciencia ficci\u00f3n y terror de 2024 \"Alien: Romulus\" lleva la exitosa franquicia \"Alien\" de regreso a sus ra\u00edces: mientras hurgan en las profundidades de una estaci\u00f3n espacial abandonada, un grupo de j\u00f3venes colonizadores espaciales se encuentran cara a cara con la forma de vida m\u00e1s aterradora del universo.","og_url":"https:\/\/endormoonstore.com\/en\/ultimate-scorched-xenomorph-alien-romulus\/","og_site_name":"EndormoonStore","og_image":[{"width":666,"height":1000,"url":"https:\/\/endormoonstore.com\/wp-content\/uploads\/2024\/08\/Ultimate-Scorched-Xenomorph-Alien-Romulus-1.jpg","type":"image\/jpeg"}],"twitter_card":"summary_large_image","twitter_misc":{"Est. reading time":"1 minute"},"schema":{"@context":"https:\/\/schema.org","@graph":[{"@type":"WebPage","@id":"https:\/\/endormoonstore.com\/en\/ultimate-scorched-xenomorph-alien-romulus\/","url":"https:\/\/endormoonstore.com\/en\/ultimate-scorched-xenomorph-alien-romulus\/","name":"Ultimate Scorched Xenomorph Alien: Romulus - EndormoonStore","isPartOf":{"@id":"https:\/\/endormoonstore.com\/#website"},"primaryImageOfPage":{"@id":"https:\/\/endormoonstore.com\/en\/ultimate-scorched-xenomorph-alien-romulus\/#primaryimage"},"image":{"@id":"https:\/\/endormoonstore.com\/en\/ultimate-scorched-xenomorph-alien-romulus\/#primaryimage"},"thumbnailUrl":"https:\/\/endormoonstore.com\/wp-content\/uploads\/2024\/08\/Ultimate-Scorched-Xenomorph-Alien-Romulus-1.jpg","datePublished":"2025-09-29T05:30:36+00:00","breadcrumb":{"@id":"https:\/\/endormoonstore.com\/en\/ultimate-scorched-xenomorph-alien-romulus\/#breadcrumb"},"inLanguage":"en-US","potentialAction":[{"@type":"ReadAction","target":["https:\/\/endormoonstore.com\/en\/ultimate-scorched-xenomorph-alien-romulus\/"]}]},{"@type":"ImageObject","inLanguage":"en-US","@id":"https:\/\/endormoonstore.com\/en\/ultimate-scorched-xenomorph-alien-romulus\/#primaryimage","url":"https:\/\/endormoonstore.com\/wp-content\/uploads\/2024\/08\/Ultimate-Scorched-Xenomorph-Alien-Romulus-1.jpg","contentUrl":"https:\/\/endormoonstore.com\/wp-content\/uploads\/2024\/08\/Ultimate-Scorched-Xenomorph-Alien-Romulus-1.jpg","width":666,"height":1000},{"@type":"BreadcrumbList","@id":"https:\/\/endormoonstore.com\/en\/ultimate-scorched-xenomorph-alien-romulus\/#breadcrumb","itemListElement":[{"@type":"ListItem","position":1,"name":"Shop","item":"https:\/\/endormoonstore.com\/en\/shop\/"},{"@type":"ListItem","position":2,"name":"Ultimate Scorched Xenomorph Alien: Romulus"}]},{"@type":"WebSite","@id":"https:\/\/endormoonstore.com\/#website","url":"https:\/\/endormoonstore.com\/","name":"EndormoonStore","description":"","potentialAction":[{"@type":"SearchAction","target":{"@type":"EntryPoint","urlTemplate":"https:\/\/endormoonstore.com\/?s={search_term_string}"},"query-input":{"@type":"PropertyValueSpecification","valueRequired":true,"valueName":"search_term_string"}}],"inLanguage":"en-US"}]}},"taxonomy_info":{"product_cat":[{"value":13453,"label":"Featured"},{"value":1390,"label":"Figures"},{"value":13511,"label":"New Arrivals"}],"pa_brand":[{"value":2090,"label":"Neca"}],"pa_character":[{"value":14599,"label":"Scorched Xenomorph"}],"pa_episode":[{"value":14597,"label":"Alien: Romulus"}],"pa_license":[{"value":2276,"label":"Alien"}],"pa_product-type":[{"value":2387,"label":"Figure"}],"pa_theme":[{"value":2864,"label":"Scale Action Figure"}]},"featured_image_src_large":["https:\/\/endormoonstore.com\/wp-content\/uploads\/2024\/08\/Ultimate-Scorched-Xenomorph-Alien-Romulus-1.jpg",666,1000,false],"author_info":[],"comment_info":"","_links":{"self":[{"href":"https:\/\/endormoonstore.com\/en\/wp-json\/wp\/v2\/product\/161426","targetHints":{"allow":["GET"]}}],"collection":[{"href":"https:\/\/endormoonstore.com\/en\/wp-json\/wp\/v2\/product"}],"about":[{"href":"https:\/\/endormoonstore.com\/en\/wp-json\/wp\/v2\/types\/product"}],"wp:featuredmedia":[{"embeddable":true,"href":"https:\/\/endormoonstore.com\/en\/wp-json\/wp\/v2\/media\/161393"}],"wp:attachment":[{"href":"https:\/\/endormoonstore.com\/en\/wp-json\/wp\/v2\/media?parent=161426"}],"wp:term":[{"taxonomy":"product_cat","embeddable":true,"href":"https:\/\/endormoonstore.com\/en\/wp-json\/wp\/v2\/product_cat?post=161426"},{"taxonomy":"product_tag","embeddable":true,"href":"https:\/\/endormoonstore.com\/en\/wp-json\/wp\/v2\/product_tag?post=161426"}],"curies":[{"name":"wp","href":"https:\/\/api.w.org\/{rel}","templated":true}]}}