{"id":161265,"date":"2024-08-20T00:15:54","date_gmt":"2024-08-19T22:15:54","guid":{"rendered":"https:\/\/endormoonstore.com\/deadpool-deadpool-wolverine-movie-masterpiece-1-6th-scale-collectible-figure\/"},"modified":"2024-08-28T23:22:18","modified_gmt":"2024-08-28T21:22:18","slug":"deadpool-deadpool-wolverine-movie-masterpiece-1-6th-scale-collectible-figure","status":"publish","type":"product","link":"https:\/\/endormoonstore.com\/en\/deadpool-deadpool-wolverine-movie-masterpiece-1-6th-scale-collectible-figure\/","title":{"rendered":"Deadpool Deadpool &#038; Wolverine Movie Masterpiece 1\/6th Scale Collectible Figure"},"content":{"rendered":"<p><strong>Deadpool Deadpool &amp; Wolverine Movie Masterpiece 1\/6th Scale Collectible Figure<\/strong><\/p>\n<div id=\"prod-summary\">\n<div class=\"product_details__in_box\">\n<ul>\n<li>Despu\u00e9s de colgar el traje\u00a0de Deadpool\u00a0tras una crisis de mediana edad, Wade Wilson se ve obligado a empu\u00f1ar las katanas una vez m\u00e1s, no solo para salvar su universo y a los seres queridos que lo habitan, sino para finalmente encontrar un prop\u00f3sito superior.<\/li>\n<li>\u00a1El mercenario bocazas est\u00e1 a punto de invadir tu colecci\u00f3n! Para celebrar la tan esperada pel\u00edcula\u00a0<em>Deadpool y Wolverine<\/em> , Hot Toys est\u00e1 encantada de presentar la nueva <strong>figura coleccionable de Deadpool a escala 1\/6<\/strong>\u00a0. \u00a1Prep\u00e1rate para darle vida a este antih\u00e9roe chistoso en tus estanter\u00edas!<\/li>\n<li>La figura de acci\u00f3n coleccionable con precisi\u00f3n cinematogr\u00e1fica est\u00e1 especialmente dise\u00f1ada en funci\u00f3n de la apariencia de Deadpool de la pel\u00edcula. Cuenta con una cabeza enmascarada con una variedad de piezas oculares intercambiables, lo que permite a los fan\u00e1ticos recrear las expresiones siempre cambiantes de Deadpool, desde traviesa hasta asesina. El traje rojo y negro caracter\u00edstico de la figura est\u00e1 reci\u00e9n confeccionado con una precisi\u00f3n exquisita que mejora el rango de articulaciones, mientras que se incluye una selecci\u00f3n de armas caracter\u00edsticas de Deadpool: un par de katanas relucientes con vaina, una daga mortal, pistolas y manos intercambiables que permiten posar la figura en una variedad de gestos din\u00e1micos. \u00a1Esta figura tambi\u00e9n presenta a Dogpool en escala de un sexto! Adivina qu\u00e9, pronto se revelar\u00e1 m\u00e1s de Deadpool, \u00a1as\u00ed que estad atentos para la sorpresa!<\/li>\n<li>Pero la atenci\u00f3n al detalle no termina ah\u00ed; junto con esta figura vienen otras variantes extravagantes de Deadpool como Babypool, Headpool y Dogpool en sexta escala. \u00a1Y, por supuesto, una correa para transportar al beb\u00e9!<\/li>\n<li>\u00a1Reserva esta nueva\u00a0figura de acci\u00f3n de Deadpool\u00a0junto\u00a0a Wolverine\u00a0para crear un diorama absolutamente \u00e9pico!<\/li>\n<li>Nota: Otras figuras mostradas en las fotos se venden por separado<\/li>\n<\/ul>\n<h4>Qu\u00e9 hay en la caja:<\/h4>\n<ul>\n<li>Imagen aut\u00e9ntica y detallada de Deadpool en la pel\u00edcula Deadpool &amp; Wolverine<\/li>\n<li>Una cabeza enmascarada recientemente desarrollada con cinco pares de piezas oculares intercambiables que pueden crear numerosas combinaciones de expresiones de Deadpool.<\/li>\n<li>Aproximadamente 31 cm de alto<\/li>\n<li>Cuerpo de nuevo desarrollo con m\u00e1s de 30 puntos de articulaci\u00f3n.<\/li>\n<li>Doce piezas de manos enguantadas intercambiables que incluyen:\n<ul>\n<li>Un par para sujetar la pistola con las manos<\/li>\n<li>Un par de dagas\/katanas unidas entre s\u00ed<\/li>\n<li>Un par de manos abiertas<\/li>\n<li>Un par de manos que se\u00f1alan con el dedo<\/li>\n<li>Un par de manos con gesto de coraz\u00f3n<\/li>\n<li>Un pulgar hacia arriba con la mano derecha<\/li>\n<li>Un signo de OK con la mano izquierda<\/li>\n<\/ul>\n<\/li>\n<\/ul>\n<h4>Armas:<\/h4>\n<ul>\n<li>Una daga<\/li>\n<li>Dos katanas<\/li>\n<li>Dos pistolas<\/li>\n<\/ul>\n<h4>Traje:<\/h4>\n<ul>\n<li>Un traje de Deadpool nuevo, de color rojo y negro.<\/li>\n<li>Un cintur\u00f3n utilitario de color marr\u00f3n con bolsillos y hebilla de color rojo met\u00e1lico<\/li>\n<li>Un par de fundas para pistola de muslo<\/li>\n<li>Una funda de daga en la espinilla<\/li>\n<li>Un par de botas de color rojo metalizado y negro.<\/li>\n<\/ul>\n<h4><strong>Accesorios:<\/strong><\/h4>\n<ul>\n<li>Una Babypool (cabeza giratoria, brazos y piernas articulados) con dos (2) pares de oculares intercambiables y dos biberones extra\u00edbles<\/li>\n<li>Una correa para portabeb\u00e9s<\/li>\n<li>Un cabezal con mand\u00edbula m\u00f3vil y dos (2) estilos de ventilador intercambiables (fijo y en movimiento)<\/li>\n<li>Un Dogpool con gafas (cabeza m\u00f3vil, patas delanteras articuladas)<\/li>\n<li>Una funda de katana<\/li>\n<li>Un soporte para figuras especialmente dise\u00f1ado con el logotipo de la pel\u00edcula y una placa con el nombre del personaje.<\/li>\n<\/ul>\n<\/div>\n<\/div>\n","protected":false},"excerpt":{"rendered":"<p><strong>Deadpool &amp; Wolverine Wolverine Movie Masterpiece 1\/6th Scale Collectible Figure<\/strong><\/p>\n<p>\u00a1Prep\u00e1rate para el evento cruzado m\u00e1s emocionante y lleno de acci\u00f3n del a\u00f1o con Wolverine y Deadpool! Dos de los personajes m\u00e1s queridos pero contrastantes de Marvel regresan a la pantalla grande y prometen brindar acci\u00f3n trepidante.<\/p>\n<p class=\"p1\">\n","protected":false},"featured_media":161213,"template":"","meta":{"_acf_changed":false,"_kad_blocks_custom_css":"","_kad_blocks_head_custom_js":"","_kad_blocks_body_custom_js":"","_kad_blocks_footer_custom_js":""},"product_cat":[13453,1384],"product_tag":[],"class_list":{"0":"post-161265","1":"product","2":"type-product","3":"status-publish","4":"has-post-thumbnail","6":"product_cat-featured","7":"product_cat-pre-orders","8":"pa_brand-hot-toys-en","9":"pa_character-deadpool-en","10":"pa_episode-deadpool-wolverine-en","11":"pa_license-marvel-en","12":"pa_product-type-figure","13":"pa_theme-sixth-scale-collectible-en","15":"first","16":"instock","17":"taxable","18":"shipping-taxable","19":"purchasable","20":"product-type-simple"},"acf":[],"yoast_head":"<!-- This site is optimized with the Yoast SEO plugin v26.1.1 - https:\/\/yoast.com\/wordpress\/plugins\/seo\/ -->\n<title>Deadpool Deadpool &amp; Wolverine Movie Masterpiece 1\/6th Scale Collectible Figure - EndormoonStore<\/title>\n<meta name=\"robots\" content=\"index, follow, max-snippet:-1, max-image-preview:large, max-video-preview:-1\" \/>\n<link rel=\"canonical\" href=\"https:\/\/endormoonstore.com\/en\/deadpool-deadpool-wolverine-movie-masterpiece-1-6th-scale-collectible-figure\/\" \/>\n<meta property=\"og:locale\" content=\"en_US\" \/>\n<meta property=\"og:type\" content=\"article\" \/>\n<meta property=\"og:title\" content=\"Deadpool Deadpool &amp; Wolverine Movie Masterpiece 1\/6th Scale Collectible Figure - EndormoonStore\" \/>\n<meta property=\"og:description\" content=\"Deadpool &amp; Wolverine Wolverine Movie Masterpiece 1\/6th Scale Collectible Figure  \u00a1Prep\u00e1rate para el evento cruzado m\u00e1s emocionante y lleno de acci\u00f3n del a\u00f1o con Wolverine y Deadpool! Dos de los personajes m\u00e1s queridos pero contrastantes de Marvel regresan a la pantalla grande y prometen brindar acci\u00f3n trepidante.\" \/>\n<meta property=\"og:url\" content=\"https:\/\/endormoonstore.com\/en\/deadpool-deadpool-wolverine-movie-masterpiece-1-6th-scale-collectible-figure\/\" \/>\n<meta property=\"og:site_name\" content=\"EndormoonStore\" \/>\n<meta property=\"article:modified_time\" content=\"2024-08-28T21:22:18+00:00\" \/>\n<meta property=\"og:image\" content=\"https:\/\/endormoonstore.com\/wp-content\/uploads\/2024\/08\/Deadpool-Deadpool-Wolverine-Movie-Masterpiece-1-6th-Scale-Collectible-Figure-1.jpg\" \/>\n\t<meta property=\"og:image:width\" content=\"791\" \/>\n\t<meta property=\"og:image:height\" content=\"1000\" \/>\n\t<meta property=\"og:image:type\" content=\"image\/jpeg\" \/>\n<meta name=\"twitter:card\" content=\"summary_large_image\" \/>\n<meta name=\"twitter:label1\" content=\"Est. reading time\" \/>\n\t<meta name=\"twitter:data1\" content=\"3 minutes\" \/>\n<script type=\"application\/ld+json\" class=\"yoast-schema-graph\">{\"@context\":\"https:\/\/schema.org\",\"@graph\":[{\"@type\":\"WebPage\",\"@id\":\"https:\/\/endormoonstore.com\/en\/deadpool-deadpool-wolverine-movie-masterpiece-1-6th-scale-collectible-figure\/\",\"url\":\"https:\/\/endormoonstore.com\/en\/deadpool-deadpool-wolverine-movie-masterpiece-1-6th-scale-collectible-figure\/\",\"name\":\"Deadpool Deadpool & Wolverine Movie Masterpiece 1\/6th Scale Collectible Figure - EndormoonStore\",\"isPartOf\":{\"@id\":\"https:\/\/endormoonstore.com\/#website\"},\"primaryImageOfPage\":{\"@id\":\"https:\/\/endormoonstore.com\/en\/deadpool-deadpool-wolverine-movie-masterpiece-1-6th-scale-collectible-figure\/#primaryimage\"},\"image\":{\"@id\":\"https:\/\/endormoonstore.com\/en\/deadpool-deadpool-wolverine-movie-masterpiece-1-6th-scale-collectible-figure\/#primaryimage\"},\"thumbnailUrl\":\"https:\/\/endormoonstore.com\/wp-content\/uploads\/2024\/08\/Deadpool-Deadpool-Wolverine-Movie-Masterpiece-1-6th-Scale-Collectible-Figure-1.jpg\",\"datePublished\":\"2024-08-19T22:15:54+00:00\",\"dateModified\":\"2024-08-28T21:22:18+00:00\",\"breadcrumb\":{\"@id\":\"https:\/\/endormoonstore.com\/en\/deadpool-deadpool-wolverine-movie-masterpiece-1-6th-scale-collectible-figure\/#breadcrumb\"},\"inLanguage\":\"en-US\",\"potentialAction\":[{\"@type\":\"ReadAction\",\"target\":[\"https:\/\/endormoonstore.com\/en\/deadpool-deadpool-wolverine-movie-masterpiece-1-6th-scale-collectible-figure\/\"]}]},{\"@type\":\"ImageObject\",\"inLanguage\":\"en-US\",\"@id\":\"https:\/\/endormoonstore.com\/en\/deadpool-deadpool-wolverine-movie-masterpiece-1-6th-scale-collectible-figure\/#primaryimage\",\"url\":\"https:\/\/endormoonstore.com\/wp-content\/uploads\/2024\/08\/Deadpool-Deadpool-Wolverine-Movie-Masterpiece-1-6th-Scale-Collectible-Figure-1.jpg\",\"contentUrl\":\"https:\/\/endormoonstore.com\/wp-content\/uploads\/2024\/08\/Deadpool-Deadpool-Wolverine-Movie-Masterpiece-1-6th-Scale-Collectible-Figure-1.jpg\",\"width\":791,\"height\":1000},{\"@type\":\"BreadcrumbList\",\"@id\":\"https:\/\/endormoonstore.com\/en\/deadpool-deadpool-wolverine-movie-masterpiece-1-6th-scale-collectible-figure\/#breadcrumb\",\"itemListElement\":[{\"@type\":\"ListItem\",\"position\":1,\"name\":\"Shop\",\"item\":\"https:\/\/endormoonstore.com\/en\/shop\/\"},{\"@type\":\"ListItem\",\"position\":2,\"name\":\"Deadpool Deadpool &#038; Wolverine Movie Masterpiece 1\/6th Scale Collectible Figure\"}]},{\"@type\":\"WebSite\",\"@id\":\"https:\/\/endormoonstore.com\/#website\",\"url\":\"https:\/\/endormoonstore.com\/\",\"name\":\"EndormoonStore\",\"description\":\"\",\"potentialAction\":[{\"@type\":\"SearchAction\",\"target\":{\"@type\":\"EntryPoint\",\"urlTemplate\":\"https:\/\/endormoonstore.com\/?s={search_term_string}\"},\"query-input\":{\"@type\":\"PropertyValueSpecification\",\"valueRequired\":true,\"valueName\":\"search_term_string\"}}],\"inLanguage\":\"en-US\"}]}<\/script>\n<!-- \/ Yoast SEO plugin. -->","yoast_head_json":{"title":"Deadpool Deadpool & Wolverine Movie Masterpiece 1\/6th Scale Collectible Figure - EndormoonStore","robots":{"index":"index","follow":"follow","max-snippet":"max-snippet:-1","max-image-preview":"max-image-preview:large","max-video-preview":"max-video-preview:-1"},"canonical":"https:\/\/endormoonstore.com\/en\/deadpool-deadpool-wolverine-movie-masterpiece-1-6th-scale-collectible-figure\/","og_locale":"en_US","og_type":"article","og_title":"Deadpool Deadpool & Wolverine Movie Masterpiece 1\/6th Scale Collectible Figure - EndormoonStore","og_description":"Deadpool &amp; Wolverine Wolverine Movie Masterpiece 1\/6th Scale Collectible Figure  \u00a1Prep\u00e1rate para el evento cruzado m\u00e1s emocionante y lleno de acci\u00f3n del a\u00f1o con Wolverine y Deadpool! Dos de los personajes m\u00e1s queridos pero contrastantes de Marvel regresan a la pantalla grande y prometen brindar acci\u00f3n trepidante.","og_url":"https:\/\/endormoonstore.com\/en\/deadpool-deadpool-wolverine-movie-masterpiece-1-6th-scale-collectible-figure\/","og_site_name":"EndormoonStore","article_modified_time":"2024-08-28T21:22:18+00:00","og_image":[{"width":791,"height":1000,"url":"https:\/\/endormoonstore.com\/wp-content\/uploads\/2024\/08\/Deadpool-Deadpool-Wolverine-Movie-Masterpiece-1-6th-Scale-Collectible-Figure-1.jpg","type":"image\/jpeg"}],"twitter_card":"summary_large_image","twitter_misc":{"Est. reading time":"3 minutes"},"schema":{"@context":"https:\/\/schema.org","@graph":[{"@type":"WebPage","@id":"https:\/\/endormoonstore.com\/en\/deadpool-deadpool-wolverine-movie-masterpiece-1-6th-scale-collectible-figure\/","url":"https:\/\/endormoonstore.com\/en\/deadpool-deadpool-wolverine-movie-masterpiece-1-6th-scale-collectible-figure\/","name":"Deadpool Deadpool & Wolverine Movie Masterpiece 1\/6th Scale Collectible Figure - EndormoonStore","isPartOf":{"@id":"https:\/\/endormoonstore.com\/#website"},"primaryImageOfPage":{"@id":"https:\/\/endormoonstore.com\/en\/deadpool-deadpool-wolverine-movie-masterpiece-1-6th-scale-collectible-figure\/#primaryimage"},"image":{"@id":"https:\/\/endormoonstore.com\/en\/deadpool-deadpool-wolverine-movie-masterpiece-1-6th-scale-collectible-figure\/#primaryimage"},"thumbnailUrl":"https:\/\/endormoonstore.com\/wp-content\/uploads\/2024\/08\/Deadpool-Deadpool-Wolverine-Movie-Masterpiece-1-6th-Scale-Collectible-Figure-1.jpg","datePublished":"2024-08-19T22:15:54+00:00","dateModified":"2024-08-28T21:22:18+00:00","breadcrumb":{"@id":"https:\/\/endormoonstore.com\/en\/deadpool-deadpool-wolverine-movie-masterpiece-1-6th-scale-collectible-figure\/#breadcrumb"},"inLanguage":"en-US","potentialAction":[{"@type":"ReadAction","target":["https:\/\/endormoonstore.com\/en\/deadpool-deadpool-wolverine-movie-masterpiece-1-6th-scale-collectible-figure\/"]}]},{"@type":"ImageObject","inLanguage":"en-US","@id":"https:\/\/endormoonstore.com\/en\/deadpool-deadpool-wolverine-movie-masterpiece-1-6th-scale-collectible-figure\/#primaryimage","url":"https:\/\/endormoonstore.com\/wp-content\/uploads\/2024\/08\/Deadpool-Deadpool-Wolverine-Movie-Masterpiece-1-6th-Scale-Collectible-Figure-1.jpg","contentUrl":"https:\/\/endormoonstore.com\/wp-content\/uploads\/2024\/08\/Deadpool-Deadpool-Wolverine-Movie-Masterpiece-1-6th-Scale-Collectible-Figure-1.jpg","width":791,"height":1000},{"@type":"BreadcrumbList","@id":"https:\/\/endormoonstore.com\/en\/deadpool-deadpool-wolverine-movie-masterpiece-1-6th-scale-collectible-figure\/#breadcrumb","itemListElement":[{"@type":"ListItem","position":1,"name":"Shop","item":"https:\/\/endormoonstore.com\/en\/shop\/"},{"@type":"ListItem","position":2,"name":"Deadpool Deadpool &#038; Wolverine Movie Masterpiece 1\/6th Scale Collectible Figure"}]},{"@type":"WebSite","@id":"https:\/\/endormoonstore.com\/#website","url":"https:\/\/endormoonstore.com\/","name":"EndormoonStore","description":"","potentialAction":[{"@type":"SearchAction","target":{"@type":"EntryPoint","urlTemplate":"https:\/\/endormoonstore.com\/?s={search_term_string}"},"query-input":{"@type":"PropertyValueSpecification","valueRequired":true,"valueName":"search_term_string"}}],"inLanguage":"en-US"}]}},"taxonomy_info":{"product_cat":[{"value":13453,"label":"Featured"},{"value":1384,"label":"Pre-orders"}],"pa_brand":[{"value":1635,"label":"Hot Toys"}],"pa_character":[{"value":6071,"label":"Deadpool"}],"pa_episode":[{"value":14455,"label":"Deadpool &amp; Wolverine"}],"pa_license":[{"value":1642,"label":"Marvel"}],"pa_product-type":[{"value":2387,"label":"Figure"}],"pa_theme":[{"value":4595,"label":"Sixth Scale Collectible"}]},"featured_image_src_large":["https:\/\/endormoonstore.com\/wp-content\/uploads\/2024\/08\/Deadpool-Deadpool-Wolverine-Movie-Masterpiece-1-6th-Scale-Collectible-Figure-1.jpg",791,1000,false],"author_info":[],"comment_info":"","_links":{"self":[{"href":"https:\/\/endormoonstore.com\/en\/wp-json\/wp\/v2\/product\/161265","targetHints":{"allow":["GET"]}}],"collection":[{"href":"https:\/\/endormoonstore.com\/en\/wp-json\/wp\/v2\/product"}],"about":[{"href":"https:\/\/endormoonstore.com\/en\/wp-json\/wp\/v2\/types\/product"}],"wp:featuredmedia":[{"embeddable":true,"href":"https:\/\/endormoonstore.com\/en\/wp-json\/wp\/v2\/media\/161213"}],"wp:attachment":[{"href":"https:\/\/endormoonstore.com\/en\/wp-json\/wp\/v2\/media?parent=161265"}],"wp:term":[{"taxonomy":"product_cat","embeddable":true,"href":"https:\/\/endormoonstore.com\/en\/wp-json\/wp\/v2\/product_cat?post=161265"},{"taxonomy":"product_tag","embeddable":true,"href":"https:\/\/endormoonstore.com\/en\/wp-json\/wp\/v2\/product_tag?post=161265"}],"curies":[{"name":"wp","href":"https:\/\/api.w.org\/{rel}","templated":true}]}}