{"id":161209,"date":"2024-08-20T00:10:09","date_gmt":"2024-08-19T22:10:09","guid":{"rendered":"https:\/\/endormoonstore.com\/wolverine-tva-jacket-version-deadpool-wolverine-movie-masterpiece-1-6th-scale-collectible-figure\/"},"modified":"2024-08-28T13:38:15","modified_gmt":"2024-08-28T11:38:15","slug":"wolverine-tva-jacket-version-deadpool-wolverine-movie-masterpiece-1-6th-scale-collectible-figure","status":"publish","type":"product","link":"https:\/\/endormoonstore.com\/en\/wolverine-tva-jacket-version-deadpool-wolverine-movie-masterpiece-1-6th-scale-collectible-figure\/","title":{"rendered":"Wolverine (TVA Jacket Version) Deadpool &#038; Wolverine Movie Masterpiece 1\/6th Scale Collectible Figure"},"content":{"rendered":"<p><strong>Wolverine (TVA Jacket Version) Deadpool &amp; Wolverine Movie Masterpiece 1\/6th Scale Collectible Figure<\/strong><\/p>\n<div id=\"prod-summary\">\n<div class=\"product_details__in_box\">\n<ul>\n<li>Deadpool &amp; Wolverine\u00a0marca el regreso de Huge Jackman a su personaje m\u00e1s celebrado despu\u00e9s de Logan de 2017, que previamente retir\u00f3 su exitosa versi\u00f3n de\u00a0\u00a0Wolverine\u00a0.<\/li>\n<li>Despu\u00e9s de la presentaci\u00f3n de la\u00a0figura de sexta escala de Deadpool\u00a0de la colecci\u00f3n\u00a0Deadpool &amp; Wolverin<em>e<\/em> ,\u00a0Hot Toys \u00a0est\u00e1 encantada de presentar la <strong>figura coleccionable de sexta escala de Wolverine (versi\u00f3n de chaqueta TVA)<\/strong>\u00a0que replica su apariencia alternativa.<\/li>\n<li>La figura de acci\u00f3n\u00a0coleccionable de Marvel altamente detallada\u00a0est\u00e1 dise\u00f1ada en base a la apariencia de Hugh Jackman como Wolverine. Cuenta con una escultura de cabeza da\u00f1ada por la batalla con globos oculares giratorios separados, un dise\u00f1o de cuerpo realista con torso y brazos hechos de material de silicona, esqueleto de metal interno con rango de articulaci\u00f3n mejorado, dise\u00f1o de cuello y codos sin costuras que crean una apariencia suave, da\u00f1o de batalla bellamente aplicado y efectos desgastados, una chaqueta con el logotipo de TVA finamente confeccionada, armas y accesorios que incluyen katana, casco de Wolverine desgastado por la batalla, m\u00faltiples manos intercambiables para sus poses din\u00e1micas y una base de figura con accesorio de diorama con tem\u00e1tica de TVA.<\/li>\n<li>\u00a1Est\u00e9 atento porque pronto se revelar\u00e1n m\u00e1s accesorios para Wolverine!<\/li>\n<\/ul>\n<h4>Qu\u00e9 hay en la caja:<\/h4>\n<ul>\n<li>Imagen aut\u00e9ntica y detallada de Wolverine en Deadpool &amp; Wolverine<\/li>\n<li>Una escultura de cabeza de Wolverine (da\u00f1ada en batalla) con globos oculares giratorios separados<\/li>\n<li>Expresi\u00f3n facial fiel a la pantalla, barba detallada y texturas de piel.<\/li>\n<li>Efectos desgastados y envejecidos bellamente aplicados<\/li>\n<li>Aproximadamente 31 cm de alto<\/li>\n<li>Cuerpo musculoso con m\u00e1s de 30 puntos de articulaci\u00f3n.<\/li>\n<li>Parte superior del cuerpo y brazos fabricados en material de silicona con esqueleto interior de metal.<\/li>\n<li>Dise\u00f1o de articulaciones de cuello y codo sin costuras.<\/li>\n<li>Diez piezas de manos intercambiables que incluyen:\n<ul>\n<li>Un par de pu\u00f1os con garras<\/li>\n<li>Un par de manos relajantes con texturas<\/li>\n<li>Un par de manos abiertas<\/li>\n<li>Un par de katanas tomadas de la mano<\/li>\n<li>Un par de accesorios que se sujetan de la mano<\/li>\n<\/ul>\n<\/li>\n<li>Cada escultura de cabeza est\u00e1 especialmente pintada a mano.<\/li>\n<\/ul>\n<h4>Traje:<\/h4>\n<ul>\n<li>Una chaqueta azul marino<\/li>\n<li>Un pantal\u00f3n Wolverine de color amarillo, azul marino y negro con efectos de desgaste.<\/li>\n<li>Un par de botas de color azul marino y negro.<\/li>\n<\/ul>\n<h4>Armas:<\/h4>\n<ul>\n<li>Una katana<\/li>\n<\/ul>\n<h4><strong>Accesorios:<\/strong><\/h4>\n<ul>\n<li>Un casco de Wolverine da\u00f1ado por batalla<\/li>\n<li>Un juego de accesorios para dioramas de TVA Tehemed<\/li>\n<li>Un soporte para figuras especialmente dise\u00f1ado con el logotipo de la pel\u00edcula y una placa con el nombre del personaje.<\/li>\n<\/ul>\n<h2 class=\"details-headline\"><\/h2>\n<\/div>\n<\/div>\n","protected":false},"excerpt":{"rendered":"<p><strong>Deadpool &amp; Wolverine Wolverine Movie Masterpiece 1\/6th Scale Collectible Figure<\/strong><\/p>\n<p>\u00a1Prep\u00e1rate para el evento cruzado m\u00e1s emocionante y lleno de acci\u00f3n del a\u00f1o con Wolverine y Deadpool! Dos de los personajes m\u00e1s queridos pero contrastantes de Marvel regresan a la pantalla grande y prometen brindar acci\u00f3n trepidante.<\/p>\n<p class=\"p1\">\n","protected":false},"featured_media":161168,"template":"","meta":{"_acf_changed":false,"_kad_blocks_custom_css":"","_kad_blocks_head_custom_js":"","_kad_blocks_body_custom_js":"","_kad_blocks_footer_custom_js":""},"product_cat":[1390],"product_tag":[],"class_list":{"0":"post-161209","1":"product","2":"type-product","3":"status-publish","4":"has-post-thumbnail","6":"product_cat-figures","7":"pa_brand-hot-toys-en","8":"pa_character-wolverine","9":"pa_episode-deadpool-wolverine-en","10":"pa_license-marvel-en","11":"pa_product-type-figure","12":"pa_theme-sixth-scale-collectible-en","14":"first","15":"outofstock","16":"taxable","17":"shipping-taxable","18":"purchasable","19":"product-type-simple"},"acf":[],"yoast_head":"<!-- This site is optimized with the Yoast SEO plugin v26.1.1 - https:\/\/yoast.com\/wordpress\/plugins\/seo\/ -->\n<title>Wolverine (TVA Jacket Version) Deadpool &amp; Wolverine Movie Masterpiece 1\/6th Scale Collectible Figure - EndormoonStore<\/title>\n<meta name=\"robots\" content=\"index, follow, max-snippet:-1, max-image-preview:large, max-video-preview:-1\" \/>\n<link rel=\"canonical\" href=\"https:\/\/endormoonstore.com\/en\/wolverine-tva-jacket-version-deadpool-wolverine-movie-masterpiece-1-6th-scale-collectible-figure\/\" \/>\n<meta property=\"og:locale\" content=\"en_US\" \/>\n<meta property=\"og:type\" content=\"article\" \/>\n<meta property=\"og:title\" content=\"Wolverine (TVA Jacket Version) Deadpool &amp; Wolverine Movie Masterpiece 1\/6th Scale Collectible Figure - EndormoonStore\" \/>\n<meta property=\"og:description\" content=\"Deadpool &amp; Wolverine Wolverine Movie Masterpiece 1\/6th Scale Collectible Figure  \u00a1Prep\u00e1rate para el evento cruzado m\u00e1s emocionante y lleno de acci\u00f3n del a\u00f1o con Wolverine y Deadpool! Dos de los personajes m\u00e1s queridos pero contrastantes de Marvel regresan a la pantalla grande y prometen brindar acci\u00f3n trepidante.\" \/>\n<meta property=\"og:url\" content=\"https:\/\/endormoonstore.com\/en\/wolverine-tva-jacket-version-deadpool-wolverine-movie-masterpiece-1-6th-scale-collectible-figure\/\" \/>\n<meta property=\"og:site_name\" content=\"EndormoonStore\" \/>\n<meta property=\"article:modified_time\" content=\"2024-08-28T11:38:15+00:00\" \/>\n<meta property=\"og:image\" content=\"https:\/\/endormoonstore.com\/wp-content\/uploads\/2024\/08\/Wolverine-TVA-Jacket-Version-Deadpool-Wolverine-Movie-Masterpiece-1-6th-Scale-Collectible-Figure-1.jpg\" \/>\n\t<meta property=\"og:image:width\" content=\"692\" \/>\n\t<meta property=\"og:image:height\" content=\"1000\" \/>\n\t<meta property=\"og:image:type\" content=\"image\/jpeg\" \/>\n<meta name=\"twitter:card\" content=\"summary_large_image\" \/>\n<meta name=\"twitter:label1\" content=\"Est. reading time\" \/>\n\t<meta name=\"twitter:data1\" content=\"3 minutes\" \/>\n<script type=\"application\/ld+json\" class=\"yoast-schema-graph\">{\"@context\":\"https:\/\/schema.org\",\"@graph\":[{\"@type\":\"WebPage\",\"@id\":\"https:\/\/endormoonstore.com\/en\/wolverine-tva-jacket-version-deadpool-wolverine-movie-masterpiece-1-6th-scale-collectible-figure\/\",\"url\":\"https:\/\/endormoonstore.com\/en\/wolverine-tva-jacket-version-deadpool-wolverine-movie-masterpiece-1-6th-scale-collectible-figure\/\",\"name\":\"Wolverine (TVA Jacket Version) Deadpool & Wolverine Movie Masterpiece 1\/6th Scale Collectible Figure - EndormoonStore\",\"isPartOf\":{\"@id\":\"https:\/\/endormoonstore.com\/#website\"},\"primaryImageOfPage\":{\"@id\":\"https:\/\/endormoonstore.com\/en\/wolverine-tva-jacket-version-deadpool-wolverine-movie-masterpiece-1-6th-scale-collectible-figure\/#primaryimage\"},\"image\":{\"@id\":\"https:\/\/endormoonstore.com\/en\/wolverine-tva-jacket-version-deadpool-wolverine-movie-masterpiece-1-6th-scale-collectible-figure\/#primaryimage\"},\"thumbnailUrl\":\"https:\/\/endormoonstore.com\/wp-content\/uploads\/2024\/08\/Wolverine-TVA-Jacket-Version-Deadpool-Wolverine-Movie-Masterpiece-1-6th-Scale-Collectible-Figure-1.jpg\",\"datePublished\":\"2024-08-19T22:10:09+00:00\",\"dateModified\":\"2024-08-28T11:38:15+00:00\",\"breadcrumb\":{\"@id\":\"https:\/\/endormoonstore.com\/en\/wolverine-tva-jacket-version-deadpool-wolverine-movie-masterpiece-1-6th-scale-collectible-figure\/#breadcrumb\"},\"inLanguage\":\"en-US\",\"potentialAction\":[{\"@type\":\"ReadAction\",\"target\":[\"https:\/\/endormoonstore.com\/en\/wolverine-tva-jacket-version-deadpool-wolverine-movie-masterpiece-1-6th-scale-collectible-figure\/\"]}]},{\"@type\":\"ImageObject\",\"inLanguage\":\"en-US\",\"@id\":\"https:\/\/endormoonstore.com\/en\/wolverine-tva-jacket-version-deadpool-wolverine-movie-masterpiece-1-6th-scale-collectible-figure\/#primaryimage\",\"url\":\"https:\/\/endormoonstore.com\/wp-content\/uploads\/2024\/08\/Wolverine-TVA-Jacket-Version-Deadpool-Wolverine-Movie-Masterpiece-1-6th-Scale-Collectible-Figure-1.jpg\",\"contentUrl\":\"https:\/\/endormoonstore.com\/wp-content\/uploads\/2024\/08\/Wolverine-TVA-Jacket-Version-Deadpool-Wolverine-Movie-Masterpiece-1-6th-Scale-Collectible-Figure-1.jpg\",\"width\":692,\"height\":1000},{\"@type\":\"BreadcrumbList\",\"@id\":\"https:\/\/endormoonstore.com\/en\/wolverine-tva-jacket-version-deadpool-wolverine-movie-masterpiece-1-6th-scale-collectible-figure\/#breadcrumb\",\"itemListElement\":[{\"@type\":\"ListItem\",\"position\":1,\"name\":\"Shop\",\"item\":\"https:\/\/endormoonstore.com\/en\/shop\/\"},{\"@type\":\"ListItem\",\"position\":2,\"name\":\"Wolverine (TVA Jacket Version) Deadpool &#038; Wolverine Movie Masterpiece 1\/6th Scale Collectible Figure\"}]},{\"@type\":\"WebSite\",\"@id\":\"https:\/\/endormoonstore.com\/#website\",\"url\":\"https:\/\/endormoonstore.com\/\",\"name\":\"EndormoonStore\",\"description\":\"\",\"potentialAction\":[{\"@type\":\"SearchAction\",\"target\":{\"@type\":\"EntryPoint\",\"urlTemplate\":\"https:\/\/endormoonstore.com\/?s={search_term_string}\"},\"query-input\":{\"@type\":\"PropertyValueSpecification\",\"valueRequired\":true,\"valueName\":\"search_term_string\"}}],\"inLanguage\":\"en-US\"}]}<\/script>\n<!-- \/ Yoast SEO plugin. -->","yoast_head_json":{"title":"Wolverine (TVA Jacket Version) Deadpool & Wolverine Movie Masterpiece 1\/6th Scale Collectible Figure - EndormoonStore","robots":{"index":"index","follow":"follow","max-snippet":"max-snippet:-1","max-image-preview":"max-image-preview:large","max-video-preview":"max-video-preview:-1"},"canonical":"https:\/\/endormoonstore.com\/en\/wolverine-tva-jacket-version-deadpool-wolverine-movie-masterpiece-1-6th-scale-collectible-figure\/","og_locale":"en_US","og_type":"article","og_title":"Wolverine (TVA Jacket Version) Deadpool & Wolverine Movie Masterpiece 1\/6th Scale Collectible Figure - EndormoonStore","og_description":"Deadpool &amp; Wolverine Wolverine Movie Masterpiece 1\/6th Scale Collectible Figure  \u00a1Prep\u00e1rate para el evento cruzado m\u00e1s emocionante y lleno de acci\u00f3n del a\u00f1o con Wolverine y Deadpool! Dos de los personajes m\u00e1s queridos pero contrastantes de Marvel regresan a la pantalla grande y prometen brindar acci\u00f3n trepidante.","og_url":"https:\/\/endormoonstore.com\/en\/wolverine-tva-jacket-version-deadpool-wolverine-movie-masterpiece-1-6th-scale-collectible-figure\/","og_site_name":"EndormoonStore","article_modified_time":"2024-08-28T11:38:15+00:00","og_image":[{"width":692,"height":1000,"url":"https:\/\/endormoonstore.com\/wp-content\/uploads\/2024\/08\/Wolverine-TVA-Jacket-Version-Deadpool-Wolverine-Movie-Masterpiece-1-6th-Scale-Collectible-Figure-1.jpg","type":"image\/jpeg"}],"twitter_card":"summary_large_image","twitter_misc":{"Est. reading time":"3 minutes"},"schema":{"@context":"https:\/\/schema.org","@graph":[{"@type":"WebPage","@id":"https:\/\/endormoonstore.com\/en\/wolverine-tva-jacket-version-deadpool-wolverine-movie-masterpiece-1-6th-scale-collectible-figure\/","url":"https:\/\/endormoonstore.com\/en\/wolverine-tva-jacket-version-deadpool-wolverine-movie-masterpiece-1-6th-scale-collectible-figure\/","name":"Wolverine (TVA Jacket Version) Deadpool & Wolverine Movie Masterpiece 1\/6th Scale Collectible Figure - EndormoonStore","isPartOf":{"@id":"https:\/\/endormoonstore.com\/#website"},"primaryImageOfPage":{"@id":"https:\/\/endormoonstore.com\/en\/wolverine-tva-jacket-version-deadpool-wolverine-movie-masterpiece-1-6th-scale-collectible-figure\/#primaryimage"},"image":{"@id":"https:\/\/endormoonstore.com\/en\/wolverine-tva-jacket-version-deadpool-wolverine-movie-masterpiece-1-6th-scale-collectible-figure\/#primaryimage"},"thumbnailUrl":"https:\/\/endormoonstore.com\/wp-content\/uploads\/2024\/08\/Wolverine-TVA-Jacket-Version-Deadpool-Wolverine-Movie-Masterpiece-1-6th-Scale-Collectible-Figure-1.jpg","datePublished":"2024-08-19T22:10:09+00:00","dateModified":"2024-08-28T11:38:15+00:00","breadcrumb":{"@id":"https:\/\/endormoonstore.com\/en\/wolverine-tva-jacket-version-deadpool-wolverine-movie-masterpiece-1-6th-scale-collectible-figure\/#breadcrumb"},"inLanguage":"en-US","potentialAction":[{"@type":"ReadAction","target":["https:\/\/endormoonstore.com\/en\/wolverine-tva-jacket-version-deadpool-wolverine-movie-masterpiece-1-6th-scale-collectible-figure\/"]}]},{"@type":"ImageObject","inLanguage":"en-US","@id":"https:\/\/endormoonstore.com\/en\/wolverine-tva-jacket-version-deadpool-wolverine-movie-masterpiece-1-6th-scale-collectible-figure\/#primaryimage","url":"https:\/\/endormoonstore.com\/wp-content\/uploads\/2024\/08\/Wolverine-TVA-Jacket-Version-Deadpool-Wolverine-Movie-Masterpiece-1-6th-Scale-Collectible-Figure-1.jpg","contentUrl":"https:\/\/endormoonstore.com\/wp-content\/uploads\/2024\/08\/Wolverine-TVA-Jacket-Version-Deadpool-Wolverine-Movie-Masterpiece-1-6th-Scale-Collectible-Figure-1.jpg","width":692,"height":1000},{"@type":"BreadcrumbList","@id":"https:\/\/endormoonstore.com\/en\/wolverine-tva-jacket-version-deadpool-wolverine-movie-masterpiece-1-6th-scale-collectible-figure\/#breadcrumb","itemListElement":[{"@type":"ListItem","position":1,"name":"Shop","item":"https:\/\/endormoonstore.com\/en\/shop\/"},{"@type":"ListItem","position":2,"name":"Wolverine (TVA Jacket Version) Deadpool &#038; Wolverine Movie Masterpiece 1\/6th Scale Collectible Figure"}]},{"@type":"WebSite","@id":"https:\/\/endormoonstore.com\/#website","url":"https:\/\/endormoonstore.com\/","name":"EndormoonStore","description":"","potentialAction":[{"@type":"SearchAction","target":{"@type":"EntryPoint","urlTemplate":"https:\/\/endormoonstore.com\/?s={search_term_string}"},"query-input":{"@type":"PropertyValueSpecification","valueRequired":true,"valueName":"search_term_string"}}],"inLanguage":"en-US"}]}},"taxonomy_info":{"product_cat":[{"value":1390,"label":"Figures"}],"pa_brand":[{"value":1635,"label":"Hot Toys"}],"pa_character":[{"value":2423,"label":"Wolverine"}],"pa_episode":[{"value":14455,"label":"Deadpool &amp; Wolverine"}],"pa_license":[{"value":1642,"label":"Marvel"}],"pa_product-type":[{"value":2387,"label":"Figure"}],"pa_theme":[{"value":4595,"label":"Sixth Scale Collectible"}]},"featured_image_src_large":["https:\/\/endormoonstore.com\/wp-content\/uploads\/2024\/08\/Wolverine-TVA-Jacket-Version-Deadpool-Wolverine-Movie-Masterpiece-1-6th-Scale-Collectible-Figure-1.jpg",692,1000,false],"author_info":[],"comment_info":"","_links":{"self":[{"href":"https:\/\/endormoonstore.com\/en\/wp-json\/wp\/v2\/product\/161209","targetHints":{"allow":["GET"]}}],"collection":[{"href":"https:\/\/endormoonstore.com\/en\/wp-json\/wp\/v2\/product"}],"about":[{"href":"https:\/\/endormoonstore.com\/en\/wp-json\/wp\/v2\/types\/product"}],"wp:featuredmedia":[{"embeddable":true,"href":"https:\/\/endormoonstore.com\/en\/wp-json\/wp\/v2\/media\/161168"}],"wp:attachment":[{"href":"https:\/\/endormoonstore.com\/en\/wp-json\/wp\/v2\/media?parent=161209"}],"wp:term":[{"taxonomy":"product_cat","embeddable":true,"href":"https:\/\/endormoonstore.com\/en\/wp-json\/wp\/v2\/product_cat?post=161209"},{"taxonomy":"product_tag","embeddable":true,"href":"https:\/\/endormoonstore.com\/en\/wp-json\/wp\/v2\/product_tag?post=161209"}],"curies":[{"name":"wp","href":"https:\/\/api.w.org\/{rel}","templated":true}]}}