{"id":161164,"date":"2025-11-01T07:20:26","date_gmt":"2025-11-01T06:20:26","guid":{"rendered":"https:\/\/endormoonstore.com\/nightwing-dc-comics-one12-collective\/"},"modified":"2024-08-27T23:27:40","modified_gmt":"2024-08-27T21:27:40","slug":"nightwing-dc-comics-one12-collective","status":"publish","type":"product","link":"https:\/\/endormoonstore.com\/en\/nightwing-dc-comics-one12-collective\/","title":{"rendered":"Nightwing DC Comics One:12 Collective"},"content":{"rendered":"<p><strong>Nightwing DC Comics One:12 Collective<\/strong><\/p>\n<ul>\n<li>Mezco Toyz presenta, dentro de la colecci\u00f3n One:12 Collective, la figura de Nightwing.Dejando atr\u00e1s su papel como el Robin original, Dick Grayson se lanza en paraca\u00eddas hacia la formaci\u00f3n de One:12 Collective \u00a1ahora como Nightwing!<\/li>\n<li>Inspirado en su ic\u00f3nica apariencia en los c\u00f3mics, Nightwing de One:12 Collective se pone un traje blindado, completo con un cintur\u00f3n de herramientas extra\u00edble, una bolsa y una funda con correa para la pierna para guardar armas. El justiciero presenta cuatro retratos de cabeza intercambiables con diferentes expresiones faciales, incluido un retrato de Dick Grayson sin m\u00e1scara, y dieciocho manos intercambiables, algunas equipadas con dispositivos como pu\u00f1os de bronce, bombas de humo y dardos.<\/li>\n<li>La destreza acrob\u00e1tica de Nightwing se exhibe plenamente a trav\u00e9s de sus armas exclusivas: dos palos de Escrima que pueden formar un bast\u00f3n cuando se unen con el conector de Escrima, combinados con m\u00faltiples efectos el\u00e9ctricos y giratorios, as\u00ed como Wing-Dings y ganchos de agarre.<\/li>\n<li>Dick Grayson comenz\u00f3 su carrera en la lucha contra el crimen como compa\u00f1ero de Batman, el Robin original. Acr\u00f3bata y luchador experto, finalmente se labr\u00f3 su propio camino como el formidable Nightwing.<\/li>\n<li>Nota: Otras figuras mostradas en las fotos se venden por separado.<\/li>\n<\/ul>\n<p>&nbsp;<\/p>\n<h4>Caracteristicas de <strong>Nightwing<\/strong>:<\/h4>\n<ul>\n<li>One:12 Cuerpo colectivo con m\u00e1s de 30 puntos de articulaci\u00f3n<\/li>\n<li>Detalles aut\u00e9nticos pintados a mano.<\/li>\n<li>Aproximadamente 17 cm de alto<\/li>\n<li>Cuatro retratos de cabeza intercambiables<\/li>\n<li>Dieciocho piezas de manos intercambiables\n<ul>\n<li>Un par de pu\u00f1os (Izq. y Der.)<\/li>\n<li>Un par de nudillos de bronce (de izquierda a derecha)<\/li>\n<li>Un par de palos giratorios tomados de la mano (I y D)<\/li>\n<li>Un par de palos tomados de la mano (de izquierda a derecha)<\/li>\n<li>Un par de Wing-Ding tomados de la mano (de izquierda a derecha)<\/li>\n<li>Un par de tres dardos tomados de la mano (de izquierda a derecha)<\/li>\n<li>Una mano posando (L)<\/li>\n<li>Una bomba de humo lanzada por debajo del brazo (L)<\/li>\n<li>Una mano que sostiene un solo dardo (L)<\/li>\n<li>Una bomba de humo sosteniendo la mano (L)<\/li>\n<li>Una bomba de humo lanzada por encima de la cabeza (R)<\/li>\n<li>Una mano agarrando (R)<\/li>\n<\/ul>\n<\/li>\n<\/ul>\n<h4>Traje:<\/h4>\n<ul>\n<li>Armadura de pecho<\/li>\n<li>Hombreras<\/li>\n<li>Armadura de espalda<\/li>\n<li>Guanteletes (de izquierda a derecha)<\/li>\n<li>Cintur\u00f3n utilitario<\/li>\n<li>Bolsa (se fija al cintur\u00f3n)<\/li>\n<li>Funda para correa de pierna (se fija al cintur\u00f3n)<\/li>\n<li>Rodilleras<\/li>\n<li>Botas de combate<\/li>\n<\/ul>\n<h4>Accesorios y Armas:<\/h4>\n<ul>\n<li>Tres Wing-Dings<\/li>\n<li>Dos palos de escrima (que caben en la armadura de la espalda)<\/li>\n<li>Un conector Escrima<\/li>\n<li>Un gancho de agarre con cuerda (se fija a los palos de Escrima)<\/li>\n<li>Un gancho de agarre con alambre (se adhiere a los palos de Escrima)<\/li>\n<li>Cuatro efectos el\u00e9ctricos (se adhieren a los palos de escrima)<\/li>\n<li>Dos efectos giratorios (se adhieren a los palos de Escrima)<\/li>\n<li>Dos dardos FX (se conectan al guante R)<\/li>\n<li>Una base de exhibici\u00f3n colectiva One:12 con logotipo<\/li>\n<li>Un poste de exhibici\u00f3n ajustable colectivo One:12<\/li>\n<\/ul>\n","protected":false},"excerpt":{"rendered":"<p><strong>Nightwing DC Comics One:12 Collective<\/strong><\/p>\n<p>Mezco Toyz presenta, dentro de la colecci\u00f3n One:12 Collective, la figura de Nightwing.Dejando atr\u00e1s su papel como el Robin original, Dick Grayson se lanza en paraca\u00eddas hacia la formaci\u00f3n de One:12 Collective \u00a1ahora como Nightwing!<\/p>\n","protected":false},"featured_media":161146,"template":"","meta":{"_acf_changed":false,"_kad_blocks_custom_css":"","_kad_blocks_head_custom_js":"","_kad_blocks_body_custom_js":"","_kad_blocks_footer_custom_js":""},"product_cat":[13453,1390,13511],"product_tag":[],"class_list":{"0":"post-161164","1":"product","2":"type-product","3":"status-publish","4":"has-post-thumbnail","6":"product_cat-featured","7":"product_cat-figures","8":"product_cat-new-arrivals","9":"pa_brand-mezco-toyz-en","10":"pa_character-nightwing-en","11":"pa_license-dc-universe-en","12":"pa_product-type-figure","13":"pa_theme-one12-collective-en","15":"first","16":"instock","17":"taxable","18":"shipping-taxable","19":"purchasable","20":"product-type-simple"},"acf":[],"yoast_head":"<!-- This site is optimized with the Yoast SEO plugin v26.1.1 - https:\/\/yoast.com\/wordpress\/plugins\/seo\/ -->\n<title>Nightwing DC Comics One:12 Collective - EndormoonStore<\/title>\n<meta name=\"robots\" content=\"index, follow, max-snippet:-1, max-image-preview:large, max-video-preview:-1\" \/>\n<link rel=\"canonical\" href=\"https:\/\/endormoonstore.com\/en\/nightwing-dc-comics-one12-collective\/\" \/>\n<meta property=\"og:locale\" content=\"en_US\" \/>\n<meta property=\"og:type\" content=\"article\" \/>\n<meta property=\"og:title\" content=\"Nightwing DC Comics One:12 Collective - EndormoonStore\" \/>\n<meta property=\"og:description\" content=\"Nightwing DC Comics One:12 Collective  Mezco Toyz presenta, dentro de la colecci\u00f3n One:12 Collective, la figura de Nightwing.Dejando atr\u00e1s su papel como el Robin original, Dick Grayson se lanza en paraca\u00eddas hacia la formaci\u00f3n de One:12 Collective \u00a1ahora como Nightwing!\" \/>\n<meta property=\"og:url\" content=\"https:\/\/endormoonstore.com\/en\/nightwing-dc-comics-one12-collective\/\" \/>\n<meta property=\"og:site_name\" content=\"EndormoonStore\" \/>\n<meta property=\"og:image\" content=\"https:\/\/endormoonstore.com\/wp-content\/uploads\/2024\/08\/Nightwing-DC-Comics-One12-Collective-1.jpg\" \/>\n\t<meta property=\"og:image:width\" content=\"1000\" \/>\n\t<meta property=\"og:image:height\" content=\"1000\" \/>\n\t<meta property=\"og:image:type\" content=\"image\/jpeg\" \/>\n<meta name=\"twitter:card\" content=\"summary_large_image\" \/>\n<meta name=\"twitter:label1\" content=\"Est. reading time\" \/>\n\t<meta name=\"twitter:data1\" content=\"3 minutes\" \/>\n<script type=\"application\/ld+json\" class=\"yoast-schema-graph\">{\"@context\":\"https:\/\/schema.org\",\"@graph\":[{\"@type\":\"WebPage\",\"@id\":\"https:\/\/endormoonstore.com\/en\/nightwing-dc-comics-one12-collective\/\",\"url\":\"https:\/\/endormoonstore.com\/en\/nightwing-dc-comics-one12-collective\/\",\"name\":\"Nightwing DC Comics One:12 Collective - EndormoonStore\",\"isPartOf\":{\"@id\":\"https:\/\/endormoonstore.com\/#website\"},\"primaryImageOfPage\":{\"@id\":\"https:\/\/endormoonstore.com\/en\/nightwing-dc-comics-one12-collective\/#primaryimage\"},\"image\":{\"@id\":\"https:\/\/endormoonstore.com\/en\/nightwing-dc-comics-one12-collective\/#primaryimage\"},\"thumbnailUrl\":\"https:\/\/endormoonstore.com\/wp-content\/uploads\/2024\/08\/Nightwing-DC-Comics-One12-Collective-1.jpg\",\"datePublished\":\"2025-11-01T06:20:26+00:00\",\"breadcrumb\":{\"@id\":\"https:\/\/endormoonstore.com\/en\/nightwing-dc-comics-one12-collective\/#breadcrumb\"},\"inLanguage\":\"en-US\",\"potentialAction\":[{\"@type\":\"ReadAction\",\"target\":[\"https:\/\/endormoonstore.com\/en\/nightwing-dc-comics-one12-collective\/\"]}]},{\"@type\":\"ImageObject\",\"inLanguage\":\"en-US\",\"@id\":\"https:\/\/endormoonstore.com\/en\/nightwing-dc-comics-one12-collective\/#primaryimage\",\"url\":\"https:\/\/endormoonstore.com\/wp-content\/uploads\/2024\/08\/Nightwing-DC-Comics-One12-Collective-1.jpg\",\"contentUrl\":\"https:\/\/endormoonstore.com\/wp-content\/uploads\/2024\/08\/Nightwing-DC-Comics-One12-Collective-1.jpg\",\"width\":1000,\"height\":1000},{\"@type\":\"BreadcrumbList\",\"@id\":\"https:\/\/endormoonstore.com\/en\/nightwing-dc-comics-one12-collective\/#breadcrumb\",\"itemListElement\":[{\"@type\":\"ListItem\",\"position\":1,\"name\":\"Shop\",\"item\":\"https:\/\/endormoonstore.com\/en\/shop\/\"},{\"@type\":\"ListItem\",\"position\":2,\"name\":\"Nightwing DC Comics One:12 Collective\"}]},{\"@type\":\"WebSite\",\"@id\":\"https:\/\/endormoonstore.com\/#website\",\"url\":\"https:\/\/endormoonstore.com\/\",\"name\":\"EndormoonStore\",\"description\":\"\",\"potentialAction\":[{\"@type\":\"SearchAction\",\"target\":{\"@type\":\"EntryPoint\",\"urlTemplate\":\"https:\/\/endormoonstore.com\/?s={search_term_string}\"},\"query-input\":{\"@type\":\"PropertyValueSpecification\",\"valueRequired\":true,\"valueName\":\"search_term_string\"}}],\"inLanguage\":\"en-US\"}]}<\/script>\n<!-- \/ Yoast SEO plugin. -->","yoast_head_json":{"title":"Nightwing DC Comics One:12 Collective - EndormoonStore","robots":{"index":"index","follow":"follow","max-snippet":"max-snippet:-1","max-image-preview":"max-image-preview:large","max-video-preview":"max-video-preview:-1"},"canonical":"https:\/\/endormoonstore.com\/en\/nightwing-dc-comics-one12-collective\/","og_locale":"en_US","og_type":"article","og_title":"Nightwing DC Comics One:12 Collective - EndormoonStore","og_description":"Nightwing DC Comics One:12 Collective  Mezco Toyz presenta, dentro de la colecci\u00f3n One:12 Collective, la figura de Nightwing.Dejando atr\u00e1s su papel como el Robin original, Dick Grayson se lanza en paraca\u00eddas hacia la formaci\u00f3n de One:12 Collective \u00a1ahora como Nightwing!","og_url":"https:\/\/endormoonstore.com\/en\/nightwing-dc-comics-one12-collective\/","og_site_name":"EndormoonStore","og_image":[{"width":1000,"height":1000,"url":"https:\/\/endormoonstore.com\/wp-content\/uploads\/2024\/08\/Nightwing-DC-Comics-One12-Collective-1.jpg","type":"image\/jpeg"}],"twitter_card":"summary_large_image","twitter_misc":{"Est. reading time":"3 minutes"},"schema":{"@context":"https:\/\/schema.org","@graph":[{"@type":"WebPage","@id":"https:\/\/endormoonstore.com\/en\/nightwing-dc-comics-one12-collective\/","url":"https:\/\/endormoonstore.com\/en\/nightwing-dc-comics-one12-collective\/","name":"Nightwing DC Comics One:12 Collective - EndormoonStore","isPartOf":{"@id":"https:\/\/endormoonstore.com\/#website"},"primaryImageOfPage":{"@id":"https:\/\/endormoonstore.com\/en\/nightwing-dc-comics-one12-collective\/#primaryimage"},"image":{"@id":"https:\/\/endormoonstore.com\/en\/nightwing-dc-comics-one12-collective\/#primaryimage"},"thumbnailUrl":"https:\/\/endormoonstore.com\/wp-content\/uploads\/2024\/08\/Nightwing-DC-Comics-One12-Collective-1.jpg","datePublished":"2025-11-01T06:20:26+00:00","breadcrumb":{"@id":"https:\/\/endormoonstore.com\/en\/nightwing-dc-comics-one12-collective\/#breadcrumb"},"inLanguage":"en-US","potentialAction":[{"@type":"ReadAction","target":["https:\/\/endormoonstore.com\/en\/nightwing-dc-comics-one12-collective\/"]}]},{"@type":"ImageObject","inLanguage":"en-US","@id":"https:\/\/endormoonstore.com\/en\/nightwing-dc-comics-one12-collective\/#primaryimage","url":"https:\/\/endormoonstore.com\/wp-content\/uploads\/2024\/08\/Nightwing-DC-Comics-One12-Collective-1.jpg","contentUrl":"https:\/\/endormoonstore.com\/wp-content\/uploads\/2024\/08\/Nightwing-DC-Comics-One12-Collective-1.jpg","width":1000,"height":1000},{"@type":"BreadcrumbList","@id":"https:\/\/endormoonstore.com\/en\/nightwing-dc-comics-one12-collective\/#breadcrumb","itemListElement":[{"@type":"ListItem","position":1,"name":"Shop","item":"https:\/\/endormoonstore.com\/en\/shop\/"},{"@type":"ListItem","position":2,"name":"Nightwing DC Comics One:12 Collective"}]},{"@type":"WebSite","@id":"https:\/\/endormoonstore.com\/#website","url":"https:\/\/endormoonstore.com\/","name":"EndormoonStore","description":"","potentialAction":[{"@type":"SearchAction","target":{"@type":"EntryPoint","urlTemplate":"https:\/\/endormoonstore.com\/?s={search_term_string}"},"query-input":{"@type":"PropertyValueSpecification","valueRequired":true,"valueName":"search_term_string"}}],"inLanguage":"en-US"}]}},"taxonomy_info":{"product_cat":[{"value":13453,"label":"Featured"},{"value":1390,"label":"Figures"},{"value":13511,"label":"New Arrivals"}],"pa_brand":[{"value":1638,"label":"Mezco Toyz"}],"pa_character":[{"value":14595,"label":"Nightwing"}],"pa_license":[{"value":3086,"label":"Dc Universe"}],"pa_product-type":[{"value":2387,"label":"Figure"}],"pa_theme":[{"value":1885,"label":"One:12 Collective"}]},"featured_image_src_large":["https:\/\/endormoonstore.com\/wp-content\/uploads\/2024\/08\/Nightwing-DC-Comics-One12-Collective-1.jpg",1000,1000,false],"author_info":[],"comment_info":"","_links":{"self":[{"href":"https:\/\/endormoonstore.com\/en\/wp-json\/wp\/v2\/product\/161164","targetHints":{"allow":["GET"]}}],"collection":[{"href":"https:\/\/endormoonstore.com\/en\/wp-json\/wp\/v2\/product"}],"about":[{"href":"https:\/\/endormoonstore.com\/en\/wp-json\/wp\/v2\/types\/product"}],"wp:featuredmedia":[{"embeddable":true,"href":"https:\/\/endormoonstore.com\/en\/wp-json\/wp\/v2\/media\/161146"}],"wp:attachment":[{"href":"https:\/\/endormoonstore.com\/en\/wp-json\/wp\/v2\/media?parent=161164"}],"wp:term":[{"taxonomy":"product_cat","embeddable":true,"href":"https:\/\/endormoonstore.com\/en\/wp-json\/wp\/v2\/product_cat?post=161164"},{"taxonomy":"product_tag","embeddable":true,"href":"https:\/\/endormoonstore.com\/en\/wp-json\/wp\/v2\/product_tag?post=161164"}],"curies":[{"name":"wp","href":"https:\/\/api.w.org\/{rel}","templated":true}]}}