{"id":161056,"date":"2025-07-04T01:15:13","date_gmt":"2025-07-03T23:15:13","guid":{"rendered":"https:\/\/endormoonstore.com\/talking-pizza-face-chucky-childs-play-3-mezco-designer-series-mega-scale\/"},"modified":"2025-08-01T14:59:08","modified_gmt":"2025-08-01T12:59:08","slug":"talking-pizza-face-chucky-childs-play-3-mezco-designer-series-mega-scale","status":"publish","type":"product","link":"https:\/\/endormoonstore.com\/en\/talking-pizza-face-chucky-childs-play-3-mezco-designer-series-mega-scale\/","title":{"rendered":"Talking Pizza Face Chucky Child&#8217;s Play 3 Mezco Designer Series Mega Scale"},"content":{"rendered":"<p><strong>Talking Pizza Face Chucky Child&#8217;s Play 3 Mezco Designer Series Mega Scale<\/strong><\/p>\n<ul>\n<li><span class=\"s1\">\u00a1Chucky ha revivido! Debido a un percance en la f\u00e1brica de Play Pals, Chucky ha recibido una nueva oportunidad de vida y de apoderarse de un alma desprevenida.<\/span><\/li>\n<li><span class=\"s1\">La figura Talking Pizza Face Chucky de Mezco Designer Series presenta una escultura de cabeza completamente nueva, que representa el rostro mutilado de Chucky despu\u00e9s de un encuentro con la guada\u00f1a de la Parca en la &#8220;Guarida del Diablo&#8221;y est\u00e1 basada en el personaje de la pel\u00edcula &#8220;Child&#8217;s Play 3&#8221; (en Espa\u00f1a &#8220;Mu\u00f1eco diab\u00f3lico 3&#8221;)<\/span><\/li>\n<li><span class=\"s1\">Tal como lo hizo en las pel\u00edculas, Chucky tiene mucho que decir, desde su caracter\u00edstico &#8220;Hola, soy Chucky y soy tu amigo hasta el final&#8221;, hasta un total de 7 frases mucho m\u00e1s siniestras.<\/span><\/li>\n<li><span class=\"s1\">Chucky, que luce su caracter\u00edstico mono y camisa a rayas con el lema &#8220;Good Guys&#8221;, presenta 11 puntos de articulaci\u00f3n, su caracter\u00edstico cabello naranja y ojos de vidrio realistas. Viene con una pistola que se adapta perfectamente a su mano derecha.<\/span><\/li>\n<li>Empaquetado en una caja con ventana troquelada, resistente y apta para coleccionistas, inspirada en el empaque que se ve en las pel\u00edculas, el mu\u00f1eco Chucky Good Guys de unos 38 cm de altura seguramente se convertir\u00e1 en un punto focal de cualquier colecci\u00f3n de Chucky.<\/li>\n<\/ul>\n<h4 data-sourcepos=\"6:1-6:60\"><strong>Sobre Mezco Toyz y MDS Mega Scale<\/strong><\/h4>\n<ul>\n<li data-sourcepos=\"8:1-8:273\"><strong><a href=\"https:\/\/endormoonstore.com\/marca\/mezco-toyz\/\">Mezco Toyz<\/a><\/strong> es un fabricante l\u00edder de coleccionables. Sus figuras inspiran la cultura pop, el cine y los c\u00f3mics. Entre sus l\u00edneas, la serie MDS (Mezco Designer Series) Mega Scale destaca especialmente. De hecho, ofrece personajes ic\u00f3nicos en gran tama\u00f1o.<\/li>\n<li data-sourcepos=\"10:1-10:397\">Por ejemplo, las figuras Mega Scale miden aproximadamente 15 pulgadas (38 cm). Adem\u00e1s, presentan un dise\u00f1o estilizado y retro. As\u00ed mismo, este estilo recuerda los juguetes cl\u00e1sicos de los a\u00f1os 70 y 80. Con frecuencia, incluyen caracter\u00edsticas interactivas. Es decir, hablan frases aut\u00e9nticas o activan efectos de sonido. Incluso, algunas incorporan iluminaci\u00f3n.<\/li>\n<li data-sourcepos=\"12:1-12:370\">A menudo, encontrar\u00e1 personajes de terror muy populares. Chucky, Michael Myers y Pennywise forman parte de esta serie. Igualmente, disponemos de superh\u00e9roes y otros favoritos. Mezco dise\u00f1a cada pieza con gran atenci\u00f3n. Por consiguiente, captura la esencia del personaje en un formato m\u00e1s grande. Tambi\u00e9n, a\u00f1ade un toque divertido.<\/li>\n<li data-sourcepos=\"14:1-14:394\">M\u00e1s all\u00e1 de esto, Mezco Toyz ofrece otras l\u00edneas notables. La aclamada <strong><a href=\"https:\/\/endormoonstore.com\/tematica\/one12-collective\/\">One:12 Collective<\/a><\/strong> presenta figuras a escala 1\/12. Estas, cuentan con hiperarticulaci\u00f3n y trajes de tela. Por otro lado, 5 Points apela a la nostalgia. Incluye figuras retro con cinco puntos de articulaci\u00f3n. Finalmente, la l\u00ednea Static-6 se enfoca en estatuas detalladas a escala 1\/6.<\/li>\n<li data-sourcepos=\"16:1-16:341\">La calidad y la innovaci\u00f3n son, sin duda, pilares de Mezco Toyz. Como resultado, esto garantiza la lealtad de coleccionistas globales. <a href=\"https:\/\/endormoonstore.com\/tematica\/mds-mega-scale\/\"><strong>MDS Mega Scale<\/strong><\/a> proporciona una forma divertida. En resumen, permite celebrar personajes favoritos con gran impacto. As\u00ed, aporta una est\u00e9tica \u00fanica al mundo coleccionable.<\/li>\n<\/ul>\n","protected":false},"excerpt":{"rendered":"<p><strong>Talking Pizza Face Chucky Child&#8217;s Play 3 Mezco Designer Series Mega Scale<\/strong><\/p>\n<p><span class=\"s1\">\u00a1Chucky ha revivido! Debido a un percance en la f\u00e1brica de Play Pals, Chucky ha recibido una nueva oportunidad de vida y de apoderarse de un alma desprevenida.<\/span><\/p>\n","protected":false},"featured_media":161040,"template":"","meta":{"_acf_changed":false,"_kad_blocks_custom_css":"","_kad_blocks_head_custom_js":"","_kad_blocks_body_custom_js":"","_kad_blocks_footer_custom_js":""},"product_cat":[1390,13511],"product_tag":[],"class_list":{"0":"post-161056","1":"product","2":"type-product","3":"status-publish","4":"has-post-thumbnail","6":"product_cat-figures","7":"product_cat-new-arrivals","8":"pa_brand-mezco-toyz-en","9":"pa_character-chucky-en","10":"pa_license-chucky-en","11":"pa_product-type-figure","12":"pa_theme-mds-mega-scale-en","14":"first","15":"outofstock","16":"taxable","17":"shipping-taxable","18":"purchasable","19":"product-type-simple"},"acf":[],"yoast_head":"<!-- This site is optimized with the Yoast SEO plugin v26.1.1 - https:\/\/yoast.com\/wordpress\/plugins\/seo\/ -->\n<title>Talking Pizza Face Chucky Child&#039;s Play 3 Mezco Designer Series Mega Scale - EndormoonStore<\/title>\n<meta name=\"description\" content=\"Talking Pizza Face Chucky\" \/>\n<meta name=\"robots\" content=\"index, follow, max-snippet:-1, max-image-preview:large, max-video-preview:-1\" \/>\n<link rel=\"canonical\" href=\"https:\/\/endormoonstore.com\/en\/talking-pizza-face-chucky-childs-play-3-mezco-designer-series-mega-scale\/\" \/>\n<meta property=\"og:locale\" content=\"en_US\" \/>\n<meta property=\"og:type\" content=\"article\" \/>\n<meta property=\"og:title\" content=\"Talking Pizza Face Chucky Child&#039;s Play 3 Mezco Designer Series Mega Scale - EndormoonStore\" \/>\n<meta property=\"og:description\" content=\"Talking Pizza Face Chucky\" \/>\n<meta property=\"og:url\" content=\"https:\/\/endormoonstore.com\/en\/talking-pizza-face-chucky-childs-play-3-mezco-designer-series-mega-scale\/\" \/>\n<meta property=\"og:site_name\" content=\"EndormoonStore\" \/>\n<meta property=\"article:modified_time\" content=\"2025-08-01T12:59:08+00:00\" \/>\n<meta property=\"og:image\" content=\"https:\/\/endormoonstore.com\/wp-content\/uploads\/2024\/08\/Talking-Pizza-Face-Chucky-Childs-Play-3-Mezco-Designer-Series-Mega-Scale-1.jpeg\" \/>\n\t<meta property=\"og:image:width\" content=\"800\" \/>\n\t<meta property=\"og:image:height\" content=\"800\" \/>\n\t<meta property=\"og:image:type\" content=\"image\/jpeg\" \/>\n<meta name=\"twitter:card\" content=\"summary_large_image\" \/>\n<meta name=\"twitter:label1\" content=\"Est. reading time\" \/>\n\t<meta name=\"twitter:data1\" content=\"3 minutes\" \/>\n<script type=\"application\/ld+json\" class=\"yoast-schema-graph\">{\"@context\":\"https:\/\/schema.org\",\"@graph\":[{\"@type\":\"WebPage\",\"@id\":\"https:\/\/endormoonstore.com\/en\/talking-pizza-face-chucky-childs-play-3-mezco-designer-series-mega-scale\/\",\"url\":\"https:\/\/endormoonstore.com\/en\/talking-pizza-face-chucky-childs-play-3-mezco-designer-series-mega-scale\/\",\"name\":\"Talking Pizza Face Chucky Child's Play 3 Mezco Designer Series Mega Scale - EndormoonStore\",\"isPartOf\":{\"@id\":\"https:\/\/endormoonstore.com\/#website\"},\"primaryImageOfPage\":{\"@id\":\"https:\/\/endormoonstore.com\/en\/talking-pizza-face-chucky-childs-play-3-mezco-designer-series-mega-scale\/#primaryimage\"},\"image\":{\"@id\":\"https:\/\/endormoonstore.com\/en\/talking-pizza-face-chucky-childs-play-3-mezco-designer-series-mega-scale\/#primaryimage\"},\"thumbnailUrl\":\"https:\/\/endormoonstore.com\/wp-content\/uploads\/2024\/08\/Talking-Pizza-Face-Chucky-Childs-Play-3-Mezco-Designer-Series-Mega-Scale-1.jpeg\",\"datePublished\":\"2025-07-03T23:15:13+00:00\",\"dateModified\":\"2025-08-01T12:59:08+00:00\",\"description\":\"Talking Pizza Face Chucky\",\"breadcrumb\":{\"@id\":\"https:\/\/endormoonstore.com\/en\/talking-pizza-face-chucky-childs-play-3-mezco-designer-series-mega-scale\/#breadcrumb\"},\"inLanguage\":\"en-US\",\"potentialAction\":[{\"@type\":\"ReadAction\",\"target\":[\"https:\/\/endormoonstore.com\/en\/talking-pizza-face-chucky-childs-play-3-mezco-designer-series-mega-scale\/\"]}]},{\"@type\":\"ImageObject\",\"inLanguage\":\"en-US\",\"@id\":\"https:\/\/endormoonstore.com\/en\/talking-pizza-face-chucky-childs-play-3-mezco-designer-series-mega-scale\/#primaryimage\",\"url\":\"https:\/\/endormoonstore.com\/wp-content\/uploads\/2024\/08\/Talking-Pizza-Face-Chucky-Childs-Play-3-Mezco-Designer-Series-Mega-Scale-1.jpeg\",\"contentUrl\":\"https:\/\/endormoonstore.com\/wp-content\/uploads\/2024\/08\/Talking-Pizza-Face-Chucky-Childs-Play-3-Mezco-Designer-Series-Mega-Scale-1.jpeg\",\"width\":800,\"height\":800},{\"@type\":\"BreadcrumbList\",\"@id\":\"https:\/\/endormoonstore.com\/en\/talking-pizza-face-chucky-childs-play-3-mezco-designer-series-mega-scale\/#breadcrumb\",\"itemListElement\":[{\"@type\":\"ListItem\",\"position\":1,\"name\":\"Shop\",\"item\":\"https:\/\/endormoonstore.com\/en\/shop\/\"},{\"@type\":\"ListItem\",\"position\":2,\"name\":\"Talking Pizza Face Chucky Child&#8217;s Play 3 Mezco Designer Series Mega Scale\"}]},{\"@type\":\"WebSite\",\"@id\":\"https:\/\/endormoonstore.com\/#website\",\"url\":\"https:\/\/endormoonstore.com\/\",\"name\":\"EndormoonStore\",\"description\":\"\",\"potentialAction\":[{\"@type\":\"SearchAction\",\"target\":{\"@type\":\"EntryPoint\",\"urlTemplate\":\"https:\/\/endormoonstore.com\/?s={search_term_string}\"},\"query-input\":{\"@type\":\"PropertyValueSpecification\",\"valueRequired\":true,\"valueName\":\"search_term_string\"}}],\"inLanguage\":\"en-US\"}]}<\/script>\n<!-- \/ Yoast SEO plugin. -->","yoast_head_json":{"title":"Talking Pizza Face Chucky Child's Play 3 Mezco Designer Series Mega Scale - EndormoonStore","description":"Talking Pizza Face Chucky","robots":{"index":"index","follow":"follow","max-snippet":"max-snippet:-1","max-image-preview":"max-image-preview:large","max-video-preview":"max-video-preview:-1"},"canonical":"https:\/\/endormoonstore.com\/en\/talking-pizza-face-chucky-childs-play-3-mezco-designer-series-mega-scale\/","og_locale":"en_US","og_type":"article","og_title":"Talking Pizza Face Chucky Child's Play 3 Mezco Designer Series Mega Scale - EndormoonStore","og_description":"Talking Pizza Face Chucky","og_url":"https:\/\/endormoonstore.com\/en\/talking-pizza-face-chucky-childs-play-3-mezco-designer-series-mega-scale\/","og_site_name":"EndormoonStore","article_modified_time":"2025-08-01T12:59:08+00:00","og_image":[{"width":800,"height":800,"url":"https:\/\/endormoonstore.com\/wp-content\/uploads\/2024\/08\/Talking-Pizza-Face-Chucky-Childs-Play-3-Mezco-Designer-Series-Mega-Scale-1.jpeg","type":"image\/jpeg"}],"twitter_card":"summary_large_image","twitter_misc":{"Est. reading time":"3 minutes"},"schema":{"@context":"https:\/\/schema.org","@graph":[{"@type":"WebPage","@id":"https:\/\/endormoonstore.com\/en\/talking-pizza-face-chucky-childs-play-3-mezco-designer-series-mega-scale\/","url":"https:\/\/endormoonstore.com\/en\/talking-pizza-face-chucky-childs-play-3-mezco-designer-series-mega-scale\/","name":"Talking Pizza Face Chucky Child's Play 3 Mezco Designer Series Mega Scale - EndormoonStore","isPartOf":{"@id":"https:\/\/endormoonstore.com\/#website"},"primaryImageOfPage":{"@id":"https:\/\/endormoonstore.com\/en\/talking-pizza-face-chucky-childs-play-3-mezco-designer-series-mega-scale\/#primaryimage"},"image":{"@id":"https:\/\/endormoonstore.com\/en\/talking-pizza-face-chucky-childs-play-3-mezco-designer-series-mega-scale\/#primaryimage"},"thumbnailUrl":"https:\/\/endormoonstore.com\/wp-content\/uploads\/2024\/08\/Talking-Pizza-Face-Chucky-Childs-Play-3-Mezco-Designer-Series-Mega-Scale-1.jpeg","datePublished":"2025-07-03T23:15:13+00:00","dateModified":"2025-08-01T12:59:08+00:00","description":"Talking Pizza Face Chucky","breadcrumb":{"@id":"https:\/\/endormoonstore.com\/en\/talking-pizza-face-chucky-childs-play-3-mezco-designer-series-mega-scale\/#breadcrumb"},"inLanguage":"en-US","potentialAction":[{"@type":"ReadAction","target":["https:\/\/endormoonstore.com\/en\/talking-pizza-face-chucky-childs-play-3-mezco-designer-series-mega-scale\/"]}]},{"@type":"ImageObject","inLanguage":"en-US","@id":"https:\/\/endormoonstore.com\/en\/talking-pizza-face-chucky-childs-play-3-mezco-designer-series-mega-scale\/#primaryimage","url":"https:\/\/endormoonstore.com\/wp-content\/uploads\/2024\/08\/Talking-Pizza-Face-Chucky-Childs-Play-3-Mezco-Designer-Series-Mega-Scale-1.jpeg","contentUrl":"https:\/\/endormoonstore.com\/wp-content\/uploads\/2024\/08\/Talking-Pizza-Face-Chucky-Childs-Play-3-Mezco-Designer-Series-Mega-Scale-1.jpeg","width":800,"height":800},{"@type":"BreadcrumbList","@id":"https:\/\/endormoonstore.com\/en\/talking-pizza-face-chucky-childs-play-3-mezco-designer-series-mega-scale\/#breadcrumb","itemListElement":[{"@type":"ListItem","position":1,"name":"Shop","item":"https:\/\/endormoonstore.com\/en\/shop\/"},{"@type":"ListItem","position":2,"name":"Talking Pizza Face Chucky Child&#8217;s Play 3 Mezco Designer Series Mega Scale"}]},{"@type":"WebSite","@id":"https:\/\/endormoonstore.com\/#website","url":"https:\/\/endormoonstore.com\/","name":"EndormoonStore","description":"","potentialAction":[{"@type":"SearchAction","target":{"@type":"EntryPoint","urlTemplate":"https:\/\/endormoonstore.com\/?s={search_term_string}"},"query-input":{"@type":"PropertyValueSpecification","valueRequired":true,"valueName":"search_term_string"}}],"inLanguage":"en-US"}]}},"taxonomy_info":{"product_cat":[{"value":1390,"label":"Figures"},{"value":13511,"label":"New Arrivals"}],"pa_brand":[{"value":1638,"label":"Mezco Toyz"}],"pa_character":[{"value":9529,"label":"Chucky"}],"pa_license":[{"value":6711,"label":"Chucky"}],"pa_product-type":[{"value":2387,"label":"Figure"}],"pa_theme":[{"value":4877,"label":"MDS Mega Scale"}]},"featured_image_src_large":["https:\/\/endormoonstore.com\/wp-content\/uploads\/2024\/08\/Talking-Pizza-Face-Chucky-Childs-Play-3-Mezco-Designer-Series-Mega-Scale-1.jpeg",800,800,false],"author_info":[],"comment_info":"","_links":{"self":[{"href":"https:\/\/endormoonstore.com\/en\/wp-json\/wp\/v2\/product\/161056","targetHints":{"allow":["GET"]}}],"collection":[{"href":"https:\/\/endormoonstore.com\/en\/wp-json\/wp\/v2\/product"}],"about":[{"href":"https:\/\/endormoonstore.com\/en\/wp-json\/wp\/v2\/types\/product"}],"wp:featuredmedia":[{"embeddable":true,"href":"https:\/\/endormoonstore.com\/en\/wp-json\/wp\/v2\/media\/161040"}],"wp:attachment":[{"href":"https:\/\/endormoonstore.com\/en\/wp-json\/wp\/v2\/media?parent=161056"}],"wp:term":[{"taxonomy":"product_cat","embeddable":true,"href":"https:\/\/endormoonstore.com\/en\/wp-json\/wp\/v2\/product_cat?post=161056"},{"taxonomy":"product_tag","embeddable":true,"href":"https:\/\/endormoonstore.com\/en\/wp-json\/wp\/v2\/product_tag?post=161056"}],"curies":[{"name":"wp","href":"https:\/\/api.w.org\/{rel}","templated":true}]}}