{"id":160840,"date":"2024-07-22T03:05:37","date_gmt":"2024-07-22T01:05:37","guid":{"rendered":"https:\/\/endormoonstore.com\/star-wars-the-black-series-star-wars-the-acolyte-bazil-jedi-order-tracker\/"},"modified":"2024-08-19T22:55:32","modified_gmt":"2024-08-19T20:55:32","slug":"star-wars-the-black-series-star-wars-the-acolyte-bazil-jedi-order-tracker","status":"publish","type":"product","link":"https:\/\/endormoonstore.com\/en\/star-wars-the-black-series-star-wars-the-acolyte-bazil-jedi-order-tracker\/","title":{"rendered":"Star Wars The Black Series Star Wars: The Acolyte Bazil (Jedi Order Tracker)"},"content":{"rendered":"<p class=\"p1\"><strong>Star Wars The Black Series Star Wars: The Acolyte Bazil (Jedi Order Tracker)<\/strong><\/p>\n<ul class=\"ul1\">\n<li>Hasbro presenta, dentro de la colecci\u00f3n The Black Series, la figura de Bazil (Jedi Order Tracker). Est\u00e1 basada en su aparici\u00f3n en la serie &#8220;Star Wars: The Acolyte&#8221; y mide 10 cm.<\/li>\n<li class=\"li1\">Un rastreador Tynnan y aliado de la Orden Jedi, Bazil tiene una nariz hipersensible que puede detectar a su presa a distancia y es tenaz en su caza.<\/li>\n<li>Esta figura de acci\u00f3n cuenta con cabeza, brazos y piernas totalmente articulables, adem\u00e1s de articulaci\u00f3n de gafas hacia arriba y hacia abajo y viene con un accesorio de cabeza de droide.<\/li>\n<\/ul>\n","protected":false},"excerpt":{"rendered":"<p class=\"p1\"><strong>Star Wars The Black Series Star Wars: The Acolyte Bazil (Jedi Order Tracker)<\/strong><\/p>\n<p class=\"p1\">Hasbro presenta, dentro de la colecci\u00f3n The Black Series, la figura de Bazil (Jedi Order Tracker). Est\u00e1 basada en su aparici\u00f3n en la serie &#8220;Star Wars: The Acolyte&#8221; y mide 10 cm.<\/p>\n","protected":false},"featured_media":160826,"template":"","meta":{"_acf_changed":false,"_kad_blocks_custom_css":"","_kad_blocks_head_custom_js":"","_kad_blocks_body_custom_js":"","_kad_blocks_footer_custom_js":""},"product_cat":[1384],"product_tag":[],"class_list":{"0":"post-160840","1":"product","2":"type-product","3":"status-publish","4":"has-post-thumbnail","6":"product_cat-pre-orders","7":"pa_brand-hasbro-en","8":"pa_character-bazil-jedi-order-tracker-en","9":"pa_episode-star-warsthe-acolyte-en","10":"pa_license-star-wars-en","11":"pa_product-type-figure","12":"pa_theme-the-black-series-en","14":"first","15":"instock","16":"taxable","17":"shipping-taxable","18":"purchasable","19":"product-type-simple"},"acf":[],"yoast_head":"<!-- This site is optimized with the Yoast SEO plugin v26.1.1 - https:\/\/yoast.com\/wordpress\/plugins\/seo\/ -->\n<title>Star Wars The Black Series Star Wars: The Acolyte Bazil (Jedi Order Tracker) - EndormoonStore<\/title>\n<meta name=\"robots\" content=\"index, follow, max-snippet:-1, max-image-preview:large, max-video-preview:-1\" \/>\n<link rel=\"canonical\" href=\"https:\/\/endormoonstore.com\/en\/star-wars-the-black-series-star-wars-the-acolyte-bazil-jedi-order-tracker\/\" \/>\n<meta property=\"og:locale\" content=\"en_US\" \/>\n<meta property=\"og:type\" content=\"article\" \/>\n<meta property=\"og:title\" content=\"Star Wars The Black Series Star Wars: The Acolyte Bazil (Jedi Order Tracker) - EndormoonStore\" \/>\n<meta property=\"og:description\" content=\"Star Wars The Black Series Star Wars: The Acolyte Bazil (Jedi Order Tracker) Hasbro presenta, dentro de la colecci\u00f3n The Black Series, la figura de Bazil (Jedi Order Tracker). Est\u00e1 basada en su aparici\u00f3n en la serie &quot;Star Wars: The Acolyte&quot; y mide 10 cm.\" \/>\n<meta property=\"og:url\" content=\"https:\/\/endormoonstore.com\/en\/star-wars-the-black-series-star-wars-the-acolyte-bazil-jedi-order-tracker\/\" \/>\n<meta property=\"og:site_name\" content=\"EndormoonStore\" \/>\n<meta property=\"article:modified_time\" content=\"2024-08-19T20:55:32+00:00\" \/>\n<meta property=\"og:image\" content=\"https:\/\/endormoonstore.com\/wp-content\/uploads\/2024\/08\/Star-Wars-The-Black-Series-Star-Wars-The-Acolyte-Bazil-Jedi-Order-Tracker-1.jpg\" \/>\n\t<meta property=\"og:image:width\" content=\"1000\" \/>\n\t<meta property=\"og:image:height\" content=\"1000\" \/>\n\t<meta property=\"og:image:type\" content=\"image\/jpeg\" \/>\n<meta name=\"twitter:card\" content=\"summary_large_image\" \/>\n<meta name=\"twitter:label1\" content=\"Est. reading time\" \/>\n\t<meta name=\"twitter:data1\" content=\"1 minute\" \/>\n<script type=\"application\/ld+json\" class=\"yoast-schema-graph\">{\"@context\":\"https:\/\/schema.org\",\"@graph\":[{\"@type\":\"WebPage\",\"@id\":\"https:\/\/endormoonstore.com\/en\/star-wars-the-black-series-star-wars-the-acolyte-bazil-jedi-order-tracker\/\",\"url\":\"https:\/\/endormoonstore.com\/en\/star-wars-the-black-series-star-wars-the-acolyte-bazil-jedi-order-tracker\/\",\"name\":\"Star Wars The Black Series Star Wars: The Acolyte Bazil (Jedi Order Tracker) - EndormoonStore\",\"isPartOf\":{\"@id\":\"https:\/\/endormoonstore.com\/#website\"},\"primaryImageOfPage\":{\"@id\":\"https:\/\/endormoonstore.com\/en\/star-wars-the-black-series-star-wars-the-acolyte-bazil-jedi-order-tracker\/#primaryimage\"},\"image\":{\"@id\":\"https:\/\/endormoonstore.com\/en\/star-wars-the-black-series-star-wars-the-acolyte-bazil-jedi-order-tracker\/#primaryimage\"},\"thumbnailUrl\":\"https:\/\/endormoonstore.com\/wp-content\/uploads\/2024\/08\/Star-Wars-The-Black-Series-Star-Wars-The-Acolyte-Bazil-Jedi-Order-Tracker-1.jpg\",\"datePublished\":\"2024-07-22T01:05:37+00:00\",\"dateModified\":\"2024-08-19T20:55:32+00:00\",\"breadcrumb\":{\"@id\":\"https:\/\/endormoonstore.com\/en\/star-wars-the-black-series-star-wars-the-acolyte-bazil-jedi-order-tracker\/#breadcrumb\"},\"inLanguage\":\"en-US\",\"potentialAction\":[{\"@type\":\"ReadAction\",\"target\":[\"https:\/\/endormoonstore.com\/en\/star-wars-the-black-series-star-wars-the-acolyte-bazil-jedi-order-tracker\/\"]}]},{\"@type\":\"ImageObject\",\"inLanguage\":\"en-US\",\"@id\":\"https:\/\/endormoonstore.com\/en\/star-wars-the-black-series-star-wars-the-acolyte-bazil-jedi-order-tracker\/#primaryimage\",\"url\":\"https:\/\/endormoonstore.com\/wp-content\/uploads\/2024\/08\/Star-Wars-The-Black-Series-Star-Wars-The-Acolyte-Bazil-Jedi-Order-Tracker-1.jpg\",\"contentUrl\":\"https:\/\/endormoonstore.com\/wp-content\/uploads\/2024\/08\/Star-Wars-The-Black-Series-Star-Wars-The-Acolyte-Bazil-Jedi-Order-Tracker-1.jpg\",\"width\":1000,\"height\":1000},{\"@type\":\"BreadcrumbList\",\"@id\":\"https:\/\/endormoonstore.com\/en\/star-wars-the-black-series-star-wars-the-acolyte-bazil-jedi-order-tracker\/#breadcrumb\",\"itemListElement\":[{\"@type\":\"ListItem\",\"position\":1,\"name\":\"Shop\",\"item\":\"https:\/\/endormoonstore.com\/en\/shop\/\"},{\"@type\":\"ListItem\",\"position\":2,\"name\":\"Star Wars The Black Series Star Wars: The Acolyte Bazil (Jedi Order Tracker)\"}]},{\"@type\":\"WebSite\",\"@id\":\"https:\/\/endormoonstore.com\/#website\",\"url\":\"https:\/\/endormoonstore.com\/\",\"name\":\"EndormoonStore\",\"description\":\"\",\"potentialAction\":[{\"@type\":\"SearchAction\",\"target\":{\"@type\":\"EntryPoint\",\"urlTemplate\":\"https:\/\/endormoonstore.com\/?s={search_term_string}\"},\"query-input\":{\"@type\":\"PropertyValueSpecification\",\"valueRequired\":true,\"valueName\":\"search_term_string\"}}],\"inLanguage\":\"en-US\"}]}<\/script>\n<!-- \/ Yoast SEO plugin. -->","yoast_head_json":{"title":"Star Wars The Black Series Star Wars: The Acolyte Bazil (Jedi Order Tracker) - EndormoonStore","robots":{"index":"index","follow":"follow","max-snippet":"max-snippet:-1","max-image-preview":"max-image-preview:large","max-video-preview":"max-video-preview:-1"},"canonical":"https:\/\/endormoonstore.com\/en\/star-wars-the-black-series-star-wars-the-acolyte-bazil-jedi-order-tracker\/","og_locale":"en_US","og_type":"article","og_title":"Star Wars The Black Series Star Wars: The Acolyte Bazil (Jedi Order Tracker) - EndormoonStore","og_description":"Star Wars The Black Series Star Wars: The Acolyte Bazil (Jedi Order Tracker) Hasbro presenta, dentro de la colecci\u00f3n The Black Series, la figura de Bazil (Jedi Order Tracker). Est\u00e1 basada en su aparici\u00f3n en la serie \"Star Wars: The Acolyte\" y mide 10 cm.","og_url":"https:\/\/endormoonstore.com\/en\/star-wars-the-black-series-star-wars-the-acolyte-bazil-jedi-order-tracker\/","og_site_name":"EndormoonStore","article_modified_time":"2024-08-19T20:55:32+00:00","og_image":[{"width":1000,"height":1000,"url":"https:\/\/endormoonstore.com\/wp-content\/uploads\/2024\/08\/Star-Wars-The-Black-Series-Star-Wars-The-Acolyte-Bazil-Jedi-Order-Tracker-1.jpg","type":"image\/jpeg"}],"twitter_card":"summary_large_image","twitter_misc":{"Est. reading time":"1 minute"},"schema":{"@context":"https:\/\/schema.org","@graph":[{"@type":"WebPage","@id":"https:\/\/endormoonstore.com\/en\/star-wars-the-black-series-star-wars-the-acolyte-bazil-jedi-order-tracker\/","url":"https:\/\/endormoonstore.com\/en\/star-wars-the-black-series-star-wars-the-acolyte-bazil-jedi-order-tracker\/","name":"Star Wars The Black Series Star Wars: The Acolyte Bazil (Jedi Order Tracker) - EndormoonStore","isPartOf":{"@id":"https:\/\/endormoonstore.com\/#website"},"primaryImageOfPage":{"@id":"https:\/\/endormoonstore.com\/en\/star-wars-the-black-series-star-wars-the-acolyte-bazil-jedi-order-tracker\/#primaryimage"},"image":{"@id":"https:\/\/endormoonstore.com\/en\/star-wars-the-black-series-star-wars-the-acolyte-bazil-jedi-order-tracker\/#primaryimage"},"thumbnailUrl":"https:\/\/endormoonstore.com\/wp-content\/uploads\/2024\/08\/Star-Wars-The-Black-Series-Star-Wars-The-Acolyte-Bazil-Jedi-Order-Tracker-1.jpg","datePublished":"2024-07-22T01:05:37+00:00","dateModified":"2024-08-19T20:55:32+00:00","breadcrumb":{"@id":"https:\/\/endormoonstore.com\/en\/star-wars-the-black-series-star-wars-the-acolyte-bazil-jedi-order-tracker\/#breadcrumb"},"inLanguage":"en-US","potentialAction":[{"@type":"ReadAction","target":["https:\/\/endormoonstore.com\/en\/star-wars-the-black-series-star-wars-the-acolyte-bazil-jedi-order-tracker\/"]}]},{"@type":"ImageObject","inLanguage":"en-US","@id":"https:\/\/endormoonstore.com\/en\/star-wars-the-black-series-star-wars-the-acolyte-bazil-jedi-order-tracker\/#primaryimage","url":"https:\/\/endormoonstore.com\/wp-content\/uploads\/2024\/08\/Star-Wars-The-Black-Series-Star-Wars-The-Acolyte-Bazil-Jedi-Order-Tracker-1.jpg","contentUrl":"https:\/\/endormoonstore.com\/wp-content\/uploads\/2024\/08\/Star-Wars-The-Black-Series-Star-Wars-The-Acolyte-Bazil-Jedi-Order-Tracker-1.jpg","width":1000,"height":1000},{"@type":"BreadcrumbList","@id":"https:\/\/endormoonstore.com\/en\/star-wars-the-black-series-star-wars-the-acolyte-bazil-jedi-order-tracker\/#breadcrumb","itemListElement":[{"@type":"ListItem","position":1,"name":"Shop","item":"https:\/\/endormoonstore.com\/en\/shop\/"},{"@type":"ListItem","position":2,"name":"Star Wars The Black Series Star Wars: The Acolyte Bazil (Jedi Order Tracker)"}]},{"@type":"WebSite","@id":"https:\/\/endormoonstore.com\/#website","url":"https:\/\/endormoonstore.com\/","name":"EndormoonStore","description":"","potentialAction":[{"@type":"SearchAction","target":{"@type":"EntryPoint","urlTemplate":"https:\/\/endormoonstore.com\/?s={search_term_string}"},"query-input":{"@type":"PropertyValueSpecification","valueRequired":true,"valueName":"search_term_string"}}],"inLanguage":"en-US"}]}},"taxonomy_info":{"product_cat":[{"value":1384,"label":"Pre-orders"}],"pa_brand":[{"value":2084,"label":"Hasbro"}],"pa_character":[{"value":14587,"label":"Bazil (Jedi Order Tracker)"}],"pa_episode":[{"value":14479,"label":"Star Wars:The Acolyte"}],"pa_license":[{"value":1644,"label":"Star Wars"}],"pa_product-type":[{"value":2387,"label":"Figure"}],"pa_theme":[{"value":2552,"label":"The Black Series"}]},"featured_image_src_large":["https:\/\/endormoonstore.com\/wp-content\/uploads\/2024\/08\/Star-Wars-The-Black-Series-Star-Wars-The-Acolyte-Bazil-Jedi-Order-Tracker-1.jpg",1000,1000,false],"author_info":[],"comment_info":"","_links":{"self":[{"href":"https:\/\/endormoonstore.com\/en\/wp-json\/wp\/v2\/product\/160840","targetHints":{"allow":["GET"]}}],"collection":[{"href":"https:\/\/endormoonstore.com\/en\/wp-json\/wp\/v2\/product"}],"about":[{"href":"https:\/\/endormoonstore.com\/en\/wp-json\/wp\/v2\/types\/product"}],"wp:featuredmedia":[{"embeddable":true,"href":"https:\/\/endormoonstore.com\/en\/wp-json\/wp\/v2\/media\/160826"}],"wp:attachment":[{"href":"https:\/\/endormoonstore.com\/en\/wp-json\/wp\/v2\/media?parent=160840"}],"wp:term":[{"taxonomy":"product_cat","embeddable":true,"href":"https:\/\/endormoonstore.com\/en\/wp-json\/wp\/v2\/product_cat?post=160840"},{"taxonomy":"product_tag","embeddable":true,"href":"https:\/\/endormoonstore.com\/en\/wp-json\/wp\/v2\/product_tag?post=160840"}],"curies":[{"name":"wp","href":"https:\/\/api.w.org\/{rel}","templated":true}]}}